{"id":1009,"date":"2025-02-10T22:31:03","date_gmt":"2025-02-11T06:31:03","guid":{"rendered":"https:\/\/azh5n13ivf.onrocket.site\/?page_id=1009"},"modified":"2025-02-13T18:07:43","modified_gmt":"2025-02-14T02:07:43","slug":"brucken","status":"publish","type":"page","link":"https:\/\/treelofts.com\/de\/brucken\/","title":{"rendered":"Br\u00fccken"},"content":{"rendered":"<div class=\"banner has-hover\" id=\"banner-1538104290\">\n          <div class=\"banner-inner fill\">\n        <div class=\"banner-bg fill\" >\n            <img decoding=\"async\" width=\"1080\" height=\"1080\" src=\"https:\/\/treelofts.com\/wp-content\/uploads\/2025\/02\/Bridges-4.jpg\" class=\"bg attachment-original size-original\" alt=\"\" title=\"\">                        <div class=\"overlay\"><\/div>            \n                    <\/div>\n\t\t\n        <div class=\"banner-layers container\">\n            <div class=\"fill banner-link\"><\/div>            \n\n   <div id=\"text-box-1951302854\" class=\"text-box banner-layer x50 md-x50 lg-x50 y50 md-y50 lg-y50 res-text\">\n                                <div class=\"text-box-content text dark\">\n              \n              <div class=\"text-inner text-center\">\n                  \n\n<h3>Verbinden, erkunden und das Abenteuer steigern!<\/h3>\n<h1><strong>Br\u00fccken<\/strong><\/h1>\n<p>Ein Baumhaus ist zwar schon ein fantastischer Zufluchtsort, aber wie w\u00e4re es, wenn Sie Ihren eigenen Baumkronen-Abenteuerparcours entwerfen, mehrere Plattformen miteinander verbinden und hoch \u00fcber dem Boden spazieren gehen k\u00f6nnten? Mit einer Baumhausbr\u00fccke verwandelt sich Ihr Refugium im Garten von einem coolen zu einem gro\u00dfartigen Ort! Eine Br\u00fccke verwandelt Ihr Baumhaus in einen echten Spielplatz in der Luft, egal ob Sie zwei Baumh\u00e4user miteinander verbinden, eine Aussichtsplattform erweitern oder einfach nur einen aufregenden und waghalsigen Steg hinzuf\u00fcgen.<\/p>\n\n              <\/div>\n           <\/div>\n                            \n<style>\n#text-box-1951302854 {\n  width: 89%;\n}\n#text-box-1951302854 .text-box-content {\n  font-size: 100%;\n}\n<\/style>\n    <\/div>\n \n\n        <\/div>\n      <\/div>\n\n            \n<style>\n#banner-1538104290 {\n  padding-top: 658px;\n}\n#banner-1538104290 .overlay {\n  background-color: rgba(0,0,0,.5);\n}\n#banner-1538104290 .banner-bg img {\n  object-position: 47% 55%;\n}\n@media (min-width:550px) {\n  #banner-1538104290 {\n    padding-top: 800px;\n  }\n}\n<\/style>\n  <\/div>\n\n\n\n\t<section class=\"section\" id=\"section_804494778\">\n\t\t<div class=\"section-bg fill\" >\n\t\t\t\t\t\t\t\t\t\n\t\t\t\n\n\t\t<\/div>\n\n\t\t\n\n\t\t<div class=\"section-content relative\">\n\t\t\t\n\n<div class=\"row row-collapse align-middle\" style=\"max-width:1300px\" id=\"row-425917079\">\n\n\n\t<div id=\"col-2111291630\" class=\"col small-12 large-12\"  >\n\t\t\t\t<div class=\"col-inner\" style=\"background-color:rgb(246, 246, 246);\" >\n\t\t\t\n\t\t\t\n\n<div class=\"row row-collapse align-middle\" style=\"max-width:1300px\" id=\"row-2127577440\">\n\n\n\t<div id=\"col-633916656\" class=\"col medium-12 small-12 large-6\"  >\n\t\t\t\t<div class=\"col-inner\"  >\n\t\t\t\n\t\t\t\n\n\n  <div class=\"banner has-hover\" id=\"banner-378022734\">\n          <div class=\"banner-inner fill\">\n        <div class=\"banner-bg fill\" >\n            <img decoding=\"async\" width=\"800\" height=\"800\" src=\"https:\/\/treelofts.com\/wp-content\/uploads\/2025\/02\/Bridges-5-800x800.jpg\" class=\"bg attachment-large size-large\" alt=\"\" title=\"\">                                    \n                    <\/div>\n\t\t\n        <div class=\"banner-layers container\">\n            <div class=\"fill banner-link\"><\/div>            \n\n   <div id=\"text-box-2024589636\" class=\"text-box banner-layer x50 md-x50 lg-x50 y50 md-y50 lg-y50 res-text\">\n                                <div class=\"text-box-content text dark\">\n              \n              <div class=\"text-inner text-center\">\n                  \n\n\n              <\/div>\n           <\/div>\n                            \n<style>\n#text-box-2024589636 {\n  width: 60%;\n}\n#text-box-2024589636 .text-box-content {\n  font-size: 100%;\n}\n@media (min-width:550px) {\n  #text-box-2024589636 {\n    width: 60%;\n  }\n}\n<\/style>\n    <\/div>\n \n\n        <\/div>\n      <\/div>\n\n            \n<style>\n#banner-378022734 {\n  padding-top: 300px;\n  background-color: rgb(255,255,255);\n}\n#banner-378022734 .banner-bg img {\n  object-position: 49% 59%;\n}\n@media (min-width:550px) {\n  #banner-378022734 {\n    padding-top: 400px;\n  }\n}\n@media (min-width:850px) {\n  #banner-378022734 {\n    padding-top: 898px;\n  }\n}\n<\/style>\n  <\/div>\n\n\n\n\t\t<\/div>\n\t\t\t\t\t<\/div>\n\n\t\n\n\t<div id=\"col-2067823053\" class=\"col medium-12 small-12 large-6\"  >\n\t\t\t\t<div class=\"col-inner\" style=\"background-color:rgb(246, 246, 246);\" >\n\t\t\t\n\t\t\t\n\n\t<div id=\"text-264967361\" class=\"text\">\n\t\t\n\n<h2 data-start=\"810\" data-end=\"855\"><strong data-start=\"814\" data-end=\"853\">Warum eine Br\u00fccke f\u00fcr Ihr Baumhaus?<\/strong><\/h2>\n\t\t\n<style>\n#text-264967361 {\n  font-size: 1.5rem;\n}\n<\/style>\n\t<\/div>\n\t\n<p>Erweitern Sie die Reichweite Ihres Baumhauses - Warum schaffen Sie nicht ein Netzwerk von Plattformen, die durch Br\u00fccken verbunden sind, anstatt nur ein Baumhaus? Es ist, als w\u00fcrde man in seiner eigenen Baumkronengemeinschaft leben!<\/p>\n<ul>\n<li data-start=\"1196\" data-end=\"1373\"><strong data-start=\"1198\" data-end=\"1231\">Erweitern Sie die Reichweite Ihres Treehouses<\/strong> - Warum nicht statt eines einzigen Baumhauses ein Netz von Plattformen errichten, die durch Br\u00fccken miteinander verbunden sind? Das ist wie ein eigenes Dorf in der Baumkrone!<\/li>\n<li data-start=\"1374\" data-end=\"1544\"><strong data-start=\"1376\" data-end=\"1411\">Machen Sie jede Reise zu einem Abenteuer<\/strong> - Ob es sich um eine wackelige H\u00e4ngebr\u00fccke oder einen stabilen Holzsteg handelt, das \u00dcberqueren einer Br\u00fccke ist ein aufregendes Erlebnis.<\/li>\n<li data-start=\"1545\" data-end=\"1695\"><strong data-start=\"1547\" data-end=\"1571\">Verst\u00e4rken Sie den Wow-Faktor<\/strong> - Eine gut platzierte Br\u00fccke verwandelt Ihr Baumhaus in ein Meisterwerk im Garten - wie aus einem Abenteuerfilm!<\/li>\n<li data-start=\"1696\" data-end=\"1847\"><strong data-start=\"1698\" data-end=\"1727\">Gro\u00dfartig f\u00fcr Kinder und Erwachsene<\/strong> - Kinder werden den Erkundungsfaktor lieben, und Erwachsene werden die hochgelegene Aussicht und das einzigartige Erlebnis zu sch\u00e4tzen wissen.<\/li>\n<\/ul>\n<p>Stellen Sie sich vor, Sie schlendern von einem Baumhaus zum n\u00e4chsten, sp\u00fcren das sanfte Schwingen der Br\u00fccke unter sich und genie\u00dfen die herrliche Baumkronenlandschaft. Klingt wunderbar, oder? Lassen Sie uns dies verwirklichen.<\/p>\n<a href=\"https:\/\/treelofts.com\/de\/kontaktieren-sie-uns\/\" class=\"button white is-outline\"  style=\"border-radius:10px;padding:10px 25px 10px 25px;\">\n\t\t<span>Beginnen Sie Ihre Baumhausreise noch heute<\/span>\n\t<\/a>\n\n\n\n\t\t<\/div>\n\t\t\t\t\n<style>\n#col-2067823053 > .col-inner {\n  padding: 40px 30px 30px 30px;\n}\n@media (min-width:550px) {\n  #col-2067823053 > .col-inner {\n    padding: 50px 75px 50px 75px;\n  }\n}\n@media (min-width:850px) {\n  #col-2067823053 > .col-inner {\n    padding: 50px 75px 50px 75px;\n  }\n}\n<\/style>\n\t<\/div>\n\n\t\n\n<\/div>\n\n\t\t<\/div>\n\t\t\t\t\t<\/div>\n\n\t\n\n<\/div>\n<div class=\"row\"  id=\"row-26892740\">\n\n\n\t<div id=\"col-1285588019\" class=\"col small-12 large-12\"  >\n\t\t\t\t<div class=\"col-inner\"  >\n\t\t\t\n\t\t\t\n\n\t<div id=\"gap-1801439323\" class=\"gap-element clearfix\" style=\"display:block; height:auto;\">\n\t\t\n<style>\n#gap-1801439323 {\n  padding-top: 50px;\n}\n<\/style>\n\t<\/div>\n\t\n\n\t<div id=\"text-1468458340\" class=\"text\">\n\t\t\n\n<h2 data-start=\"2055\" data-end=\"2114\"><strong data-start=\"2059\" data-end=\"2112\">Arten von Baumhausbr\u00fccken - Finden Sie die perfekte L\u00f6sung<\/strong><\/h2>\n\t\t\n<style>\n#text-1468458340 {\n  font-size: 1.5rem;\n}\n<\/style>\n\t<\/div>\n\t\n<p>Baumhausbr\u00fccke ist nicht gleich Baumhausbr\u00fccke. Die beste Br\u00fccke f\u00fcr Sie h\u00e4ngt vom Aussehen, dem Gef\u00fchl und dem Grad des Abenteuers ab, den Sie in Ihr Baumhaus einbauen m\u00f6chten. Die Art der Br\u00fccke, f\u00fcr die Sie sich entscheiden, wird bestimmen, wie Ihr Baumhaus mit der Umgebung interagiert und wie sich die Besucher f\u00fchlen, wenn sie zwischen den Plattformen hin- und hergehen, egal ob Sie eine rustikale Holzverbindung, eine aufregende Dschungel\u00fcberquerung oder einen sauberen, modernen Weg anstreben.<\/p>\n<h3><strong>Klassische Holzbohlenbr\u00fccke - eine zeitlose und robuste Wahl<\/strong><\/h3>\n<p>Eine einfache Br\u00fccke aus Holzbohlen ist ideal f\u00fcr alle, die den konventionellen Reiz eines Baumhauses sch\u00e4tzen. Diese Br\u00fccken garantieren, dass Erwachsene und Kinder sicher reisen k\u00f6nnen, indem sie einen zuverl\u00e4ssigen, starken, rustikalen Weg zwischen zwei Plattformen bieten. Aus witterungsbest\u00e4ndigem Holz gefertigt, bieten diese Br\u00fccken eine glatte, nat\u00fcrlich inspirierte Form, die sehr gut in die Umgebung passt. Sie bieten sowohl Haltbarkeit als auch eine warme Atmosph\u00e4re und eignen sich besonders f\u00fcr Baumh\u00e4user im klassischen H\u00fcttenstil. F\u00fcr diejenigen, die eine Do-it-yourself-Alternative suchen, ist eine Holzbr\u00fccke auch eine der am einfachsten zu bauenden.<\/p>\n<h3><strong>H\u00e4ngeseilbr\u00fccke - Das ultimative Abenteuererlebnis<\/strong><\/h3>\n<p>Eine H\u00e4ngeseilbr\u00fccke verleiht jedem Baumhaus noch mehr Nervenkitzel und Abenteuerlust f\u00fcr diese Menschen. Diese Br\u00fccken, die an solche erinnern, die man bei Ausfl\u00fcgen in den tiefen Wald sieht, schwingen leicht unter den F\u00fc\u00dfen und sorgen f\u00fcr eine aufregende Reise. Jeder Schritt scheint ein Abenteuer zu sein, denn die Mischung aus robusten Seilz\u00e4unen und Hartholzplanken bietet einen Kompromiss aus Stabilit\u00e4t und Bewegung. F\u00fcr Baumh\u00e4user, die von Entdeckern inspiriert sind, bietet eine H\u00e4ngebr\u00fccke eine Herausforderung und ein Gef\u00fchl der Erkundung. L\u00e4ngere Spannweiten zwischen den Plattformen sind f\u00fcr sie besonders attraktiv, da die dem H\u00e4ngesystem innewohnende Flexibilit\u00e4t und die einfache Installation mehr Anpassungsm\u00f6glichkeiten zulassen. Dies ist der richtige Link f\u00fcr Sie, wenn Sie sich ein Baumhaus w\u00fcnschen, das einem echten Expeditionsst\u00fctzpunkt \u00e4hnelt.<\/p>\n<h3><strong>Seilnetzbr\u00fccke - Ein Spielplatz im Himmel<\/strong><\/h3>\n<p>Eine Seilnetzbr\u00fccke ist eine gro\u00dfartige Erg\u00e4nzung f\u00fcr alle, die ihrem Baumhaus einen interaktiven und skurrilen Touch verleihen wollen. Vor allem Kinder lieben diese Art von Br\u00fccke, die komplett aus dickem, gewebtem Seil besteht, da sie ein flexibles, h\u00fcpfendes und unterhaltsames \u00dcberquerungserlebnis bietet. Im Gegensatz zu herk\u00f6mmlichen Holzbr\u00fccken, die einen festen Halt bieten, ist eine Seilnetzbr\u00fccke eine gro\u00dfartige Erg\u00e4nzung f\u00fcr jeden aktiven Spielbereich; sie f\u00f6rdert das Klettern, Schwingen und den Gleichgewichtssinn. J\u00fcngere Kinder, die gerne klettern und erkunden, finden diese Art von Br\u00fccke ideal, da sie ihre Geschicklichkeit auf dem Weg zwischen den Plattformen des Baumhauses testen k\u00f6nnen. Au\u00dferdem ist sie eine optisch spektakul\u00e4re und leichte Wahl, die Ihrem Baumhaus einen interessanten Dschungel-Fitness-Eindruck verleiht.<\/p>\n<h3><strong>Gl\u00e4serne Laufstegbr\u00fccke - modern, elegant und aufregend<\/strong><\/h3>\n<p>Eine gl\u00e4serne Fu\u00dfg\u00e4ngerbr\u00fccke bietet ein unvergleichliches Gef\u00fchl der Verwunderung f\u00fcr diejenigen, die ein unvergessliches und dramatisches Erlebnis schaffen wollen. Diese Br\u00fccken aus hochfesten, bruchsicheren Glaspaneelen lassen Sie direkt durch die Oberfl\u00e4che gehen und vermitteln den Eindruck, in der Luft zu schweben. F\u00fcr Baumh\u00e4user, die in gr\u00f6\u00dferer H\u00f6he gebaut werden, wo die G\u00e4ste atemberaubende Ausblicke auf den Waldboden unter ihnen genie\u00dfen k\u00f6nnen, ist diese Wahl ideal. Die Transparenz der Br\u00fccke verleiht ihr ein elegantes, futuristisches Aussehen, das einen sch\u00f6nen Kontrast zu der rauen, nat\u00fcrlichen Umgebung der B\u00e4ume bildet. Obwohl diese Art von Br\u00fccke vielleicht nichts f\u00fcr \u00c4ngstliche ist, ist sie ideal f\u00fcr diejenigen, die ihr Baumhaus mit mehr Spannung erleben wollen. Wenn Sie ein Baumhaus bauen, das Sie beeindrucken soll, ist eine Glasbr\u00fccke ein unschlagbarer Ansatz, um sowohl den Stil als auch die Aufregung zu erh\u00f6hen.<\/p>\n<h3><strong>Mixed-Style Bridge - das Beste aus beiden Welten<\/strong><\/h3>\n<p>Wenn Sie sich nicht nur f\u00fcr einen Stil entscheiden k\u00f6nnen, warum mischen Sie nicht mehrere Komponenten, um eine einzigartige Baumhausbr\u00fccke zu bauen? Bei einer einzigen \u00dcberquerung kann eine gemischte Br\u00fccke Hartholzbohlen, Seilgel\u00e4nder und Netzteile kombinieren, um in einem Durchgang Abenteuer und Stabilit\u00e4t zu bieten. Gr\u00f6\u00dfere Baumhauskonfigurationen, die mehrere Plattformen miteinander verbinden, profitieren von dieser Art von Br\u00fccke, die an verschiedenen Orten unterschiedliche Eindr\u00fccke vermittelt. F\u00fcr ein stabiles Fundament beginnen Sie mit einem massiven Holzteil; dann, f\u00fcr etwas mehr Abenteuer, gehen Sie zu einer Seilbr\u00fccke \u00fcber; schlie\u00dflich schlie\u00dfen Sie mit einer h\u00e4ngenden Netz\u00fcberquerung f\u00fcr noch mehr Vergn\u00fcgen ab. F\u00fcr Familien, die ein flexibles und dynamisches Umfeld im Freien schaffen wollen, ist diese Methode ideal, da Sie Ihr Baumhaus so individuell gestalten k\u00f6nnen, dass es f\u00fcr verschiedene Altersgruppen und Geschm\u00e4cker geeignet ist.<\/p>\n<p>\u00a0<\/p>\n<p><strong>Bei der Wahl der richtigen Br\u00fccke f\u00fcr Ihr Baumhaus geht es nicht nur um die Funktion, sondern auch darum, ein Erlebnis zu schaffen. Jeder Stil bietet einen anderen Ansatz, um mit Ihrer Umgebung in Kontakt zu treten - von einer klassischen Holzbr\u00fccke f\u00fcr einen starken, rustikalen Reiz \u00fcber eine schwankende H\u00e4ngebr\u00fccke f\u00fcr eine abenteuerliche Herausforderung bis hin zu einer modernen Glasbr\u00fccke f\u00fcr eine atemberaubende Aussicht. Mit der richtigen Wahl kann Ihre Baumhausbr\u00fccke zum Mittelpunkt von Aufregung, Sch\u00f6nheit und Nutzen werden und so jede \u00dcberquerung in ein erinnerungsw\u00fcrdiges Ereignis verwandeln.<\/strong><\/p>\n\n\t\t<\/div>\n\t\t\t\t\n<style>\n#col-1285588019 > .col-inner {\n  padding: 30px 0px 0px 0px;\n}\n<\/style>\n\t<\/div>\n\n\t\n\n<\/div>\n\n\t\t<\/div>\n\n\t\t\n<style>\n#section_804494778 {\n  padding-top: 60px;\n  padding-bottom: 60px;\n}\n<\/style>\n\t<\/section>\n\t\n\n  <div class=\"banner has-hover\" id=\"banner-1162631821\">\n          <div class=\"banner-inner fill\">\n        <div class=\"banner-bg fill\" >\n            <img decoding=\"async\" width=\"1080\" height=\"1080\" src=\"https:\/\/treelofts.com\/wp-content\/uploads\/2025\/02\/Bridges-3.jpg\" class=\"bg attachment-original size-original\" alt=\"\" title=\"\">                        <div class=\"overlay\"><\/div>            \n                    <\/div>\n\t\t\n        <div class=\"banner-layers container\">\n            <div class=\"fill banner-link\"><\/div>            \n\n   <div id=\"text-box-1825941916\" class=\"text-box banner-layer x50 md-x50 lg-x50 y50 md-y50 lg-y50 res-text\">\n                                <div class=\"text-box-content text dark\">\n              \n              <div class=\"text-inner text-center\">\n                  \n\n<p>Lassen Sie uns Ihre Vision zum Leben erwecken<\/p>\n<h2><strong>Herstellung von Traum-Baumh\u00e4usern seit 2013<\/strong><\/h2>\n<a href=\"https:\/\/treelofts.com\/de\/kontaktieren-sie-uns\/\" class=\"button white is-outline\"  >\n\t\t<span>Beginnen Sie Ihre Baumhausreise noch heute<\/span>\n\t<\/a>\n\n\n\n              <\/div>\n           <\/div>\n                            \n<style>\n#text-box-1825941916 {\n  width: 60%;\n}\n#text-box-1825941916 .text-box-content {\n  font-size: 100%;\n}\n<\/style>\n    <\/div>\n \n\n        <\/div>\n      <\/div>\n\n            \n<style>\n#banner-1162631821 {\n  padding-top: 353px;\n}\n#banner-1162631821 .overlay {\n  background-color: rgba(0, 0, 0, 0.17);\n}\n#banner-1162631821 .banner-bg img {\n  object-position: 54% 48%;\n}\n<\/style>\n  <\/div>\n\n\n<div class=\"row\"  id=\"row-130537077\">\n\n\n\t<div id=\"col-1579194612\" class=\"col small-12 large-12\"  >\n\t\t\t\t<div class=\"col-inner\"  >\n\t\t\t\n\t\t\t\n\n\t<div id=\"text-556447541\" class=\"text\">\n\t\t\n\n<h2 data-start=\"4499\" data-end=\"4558\"><strong data-start=\"4503\" data-end=\"4556\">Wie kann eine sichere und dauerhafte Baumhausbr\u00fccke gew\u00e4hrleistet werden?<\/strong><\/h2>\n\t\t\n<style>\n#text-556447541 {\n  font-size: 1.5rem;\n}\n<\/style>\n\t<\/div>\n\t\n<p>Auch wenn die Sicherheit immer an erster Stelle stehen sollte, ist eine Baumhausbr\u00fccke ein unglaublicher Anblick. Diese wichtigen Elemente sollten Ihnen bei der Gestaltung Ihrer Br\u00fccke helfen:<\/p>\n<h3><strong>1. Verwenden Sie robuste, witterungsbest\u00e4ndige Materialien<\/strong><\/h3>\n<p>Da Ihre Br\u00fccke im Freien stehen wird, ben\u00f6tigen Sie Materialien, die den wechselnden Temperaturen standhalten k\u00f6nnen. W\u00e4hlen Sie robuste, hochwertige Materialien - Holz, Seile oder Stahlseile -, die nicht so leicht verblassen.<\/p>\n<h3><strong>2. Sichern Sie die Befestigungspunkte<\/strong><\/h3>\n<p>Genauso wichtig wie die Br\u00fccke selbst ist die Art und Weise, wie sie am Baumhaus befestigt wird. Eine starke Befestigung garantiert, dass sich Ihre Br\u00fccke im Laufe der Zeit nicht bewegt oder lockert. Um die Br\u00fccke richtig zu befestigen, sollten Sie immer verst\u00e4rkte Schrauben und baumfreundliche Befestigungsmittel verwenden.<\/p>\n<h3><strong>3. Gewichtskapazit\u00e4t ber\u00fccksichtigen<\/strong><\/h3>\n<p>Bedenken Sie die gleichzeitige Nutzung der Br\u00fccke durch viele Personen. Eine gut gemachte Br\u00fccke muss in der Lage sein, Erwachsene und Kinder problemlos und ohne Belastung zu tragen.<\/p>\n<h3><strong>4. Raum f\u00fcr Baumwachstum lassen<\/strong><\/h3>\n<p>Ihre Br\u00fccke muss sich ver\u00e4ndern; B\u00e4ume wachsen und wandern. Erm\u00f6glichen Sie die nat\u00fcrliche Bewegung der B\u00e4ume ohne strukturelle Belastung, indem Sie flexible Verbindungen und schwimmende Streben verwenden.<\/p>\n<h3><strong>5. Sicherheitsmerkmale einbeziehen<\/strong><\/h3>\n<p>Ber\u00fccksichtigen Sie je nach Br\u00fcckentyp folgende Punkte:<\/p>\n<ul>\n<li>Zus\u00e4tzliche Unterst\u00fctzung durch Handl\u00e4ufe oder Seilgel\u00e4nder.<\/li>\n<li>Rutschfeste Oberfl\u00e4chen helfen, Missgeschicke in feuchter Umgebung zu vermeiden.<\/li>\n<li>Ein sicherer Verankerungsmechanismus, der zu viel Bewegung oder Schwingen verhindert.<\/li>\n<\/ul>\n\t<div id=\"gap-1167896474\" class=\"gap-element clearfix\" style=\"display:block; height:auto;\">\n\t\t\n<style>\n#gap-1167896474 {\n  padding-top: 30px;\n}\n<\/style>\n\t<\/div>\n\t\n\n\t<div id=\"text-3856414718\" class=\"text\">\n\t\t\n\n\n\t\t\n<style>\n#text-3856414718 {\n  font-size: 1.5rem;\n}\n<\/style>\n\t<\/div>\n\t\n<p>Eine Baumhausbr\u00fccke ist ein Erlebnis und nicht nur ein zus\u00e4tzliches Merkmal. Sie verleiht Ihrem Baumhaus eine mystische, abenteuerliche und interaktive Qualit\u00e4t. Eine Br\u00fccke ist der ideale Ansatz, um Ihr Baumhaus auf die n\u00e4chste Stufe zu heben, egal ob Sie eine Aussichtsplattform hinzuf\u00fcgen, mehrere Plattformen miteinander verbinden oder einfach die Reise interessanter gestalten wollen.<\/p>\n<p>Unsere Spezialit\u00e4t bei Treelofts ist es, Sie bei der Auswahl des idealen Baumhaus-Br\u00fcckendesigns f\u00fcr Ihren Standort zu beraten. Wir k\u00f6nnen zwar keine Installation anbieten, aber unsere professionelle Beratung und unsere Empfehlungen helfen Ihnen bei der Auswahl der richtigen Materialien, des Stils und der Konstruktion, um Ihre Baumkronen-Fantasie zu verwirklichen.<\/p>\n<p><strong>Schauen Sie sich jetzt unsere Ideen f\u00fcr Baumhausbr\u00fccken an und beginnen Sie Ihre Reise zum besten Urlaub in der Baumkrone!<\/strong><\/p>\n\n\t\t<\/div>\n\t\t\t\t\n<style>\n#col-1579194612 > .col-inner {\n  padding: 50px 0px 50px 0px;\n}\n<\/style>\n\t<\/div>\n\n\t\n\n<\/div>\n<div class=\"woocommerce columns-4\"><\/div>\n\n<div class=\"row\"  id=\"row-1532956689\">\n\n\n\n<\/div>","protected":false},"excerpt":{"rendered":"","protected":false},"author":5,"featured_media":0,"parent":0,"menu_order":0,"comment_status":"closed","ping_status":"closed","template":"","meta":{"footnotes":""},"class_list":["post-1009","page","type-page","status-publish","hentry"],"_links":{"self":[{"href":"https:\/\/treelofts.com\/de\/wp-json\/wp\/v2\/pages\/1009","targetHints":{"allow":["GET"]}}],"collection":[{"href":"https:\/\/treelofts.com\/de\/wp-json\/wp\/v2\/pages"}],"about":[{"href":"https:\/\/treelofts.com\/de\/wp-json\/wp\/v2\/types\/page"}],"author":[{"embeddable":true,"href":"https:\/\/treelofts.com\/de\/wp-json\/wp\/v2\/users\/5"}],"replies":[{"embeddable":true,"href":"https:\/\/treelofts.com\/de\/wp-json\/wp\/v2\/comments?post=1009"}],"version-history":[{"count":0,"href":"https:\/\/treelofts.com\/de\/wp-json\/wp\/v2\/pages\/1009\/revisions"}],"wp:attachment":[{"href":"https:\/\/treelofts.com\/de\/wp-json\/wp\/v2\/media?parent=1009"}],"curies":[{"name":"wp","href":"https:\/\/api.w.org\/{rel}","templated":true}]}}