{"id":1020,"date":"2025-02-10T23:14:25","date_gmt":"2025-02-11T07:14:25","guid":{"rendered":"https:\/\/azh5n13ivf.onrocket.site\/?page_id=1020"},"modified":"2025-02-13T00:04:01","modified_gmt":"2025-02-13T08:04:01","slug":"seilschaukeln","status":"publish","type":"page","link":"https:\/\/treelofts.com\/de\/seilschaukeln\/","title":{"rendered":"Seilschaukeln"},"content":{"rendered":"<div class=\"banner has-hover\" id=\"banner-1841572599\">\n          <div class=\"banner-inner fill\">\n        <div class=\"banner-bg fill\" >\n            <img decoding=\"async\" width=\"1024\" height=\"741\" src=\"https:\/\/treelofts.com\/wp-content\/uploads\/2025\/02\/Tree-House-21.jpg\" class=\"bg attachment-original size-original\" alt=\"\" title=\"\">                        <div class=\"overlay\"><\/div>            \n                    <\/div>\n\t\t\n        <div class=\"banner-layers container\">\n            <div class=\"fill banner-link\"><\/div>            \n\n   <div id=\"text-box-1950484480\" class=\"text-box banner-layer x50 md-x50 lg-x50 y50 md-y50 lg-y50 res-text\">\n                                <div class=\"text-box-content text dark\">\n              \n              <div class=\"text-inner text-center\">\n                  \n\n<h3>Bringen Sie einen Hauch von Abenteuer in Ihr Baumhaus!<\/h3>\n<h1><strong>Seilschaukeln<\/strong><\/h1>\n<p>Hoch hinaus auf einer Seilschaukel, ein Symbol f\u00fcr Abenteuer, Freiheit und pure kindliche Freude, hat einen gewissen Zauber. Der Einbau einer Seilschaukel in Ihr Baumhaus bereitet Jugendlichen und Erwachsenen gleicherma\u00dfen gro\u00dfe Freude, ganz gleich, ob Sie eine einfache Schaukel zur friedlichen Entspannung oder ein hochfliegendes Abenteuer bevorzugen, bei dem Sie Ihren Mut unter Beweis stellen.<\/p>\n\n              <\/div>\n           <\/div>\n                            \n<style>\n#text-box-1950484480 {\n  width: 85%;\n}\n#text-box-1950484480 .text-box-content {\n  font-size: 100%;\n}\n<\/style>\n    <\/div>\n \n\n        <\/div>\n      <\/div>\n\n            \n<style>\n#banner-1841572599 {\n  padding-top: 665px;\n}\n#banner-1841572599 .overlay {\n  background-color: rgba(0,0,0,.5);\n}\n#banner-1841572599 .banner-bg img {\n  object-position: 54% 61%;\n}\n@media (min-width:550px) {\n  #banner-1841572599 {\n    padding-top: 800px;\n  }\n}\n<\/style>\n  <\/div>\n\n\n\n\t<section class=\"section\" id=\"section_75591802\">\n\t\t<div class=\"section-bg fill\" >\n\t\t\t\t\t\t\t\t\t\n\t\t\t\n\n\t\t<\/div>\n\n\t\t\n\n\t\t<div class=\"section-content relative\">\n\t\t\t\n\n<div class=\"row row-collapse align-middle\" style=\"max-width:1300px\" id=\"row-2124032019\">\n\n\n\t<div id=\"col-789081615\" class=\"col small-12 large-12\"  >\n\t\t\t\t<div class=\"col-inner\" style=\"background-color:rgb(246, 246, 246);\" >\n\t\t\t\n\t\t\t\n\n<div class=\"row row-collapse align-middle\" style=\"max-width:1300px\" id=\"row-1226427540\">\n\n\n\t<div id=\"col-1538717785\" class=\"col medium-12 small-12 large-6\"  >\n\t\t\t\t<div class=\"col-inner\"  >\n\t\t\t\n\t\t\t\n\n\n  <div class=\"banner has-hover\" id=\"banner-1117333014\">\n          <div class=\"banner-inner fill\">\n        <div class=\"banner-bg fill\" >\n            <img decoding=\"async\" width=\"1024\" height=\"683\" src=\"https:\/\/treelofts.com\/wp-content\/uploads\/2025\/02\/Tree-House-39.jpg\" class=\"bg attachment-original size-original\" alt=\"\" title=\"\">                                    \n                    <\/div>\n\t\t\n        <div class=\"banner-layers container\">\n            <div class=\"fill banner-link\"><\/div>            \n\n   <div id=\"text-box-1750947049\" class=\"text-box banner-layer x50 md-x50 lg-x50 y50 md-y50 lg-y50 res-text\">\n                                <div class=\"text-box-content text dark\">\n              \n              <div class=\"text-inner text-center\">\n                  \n\n\n              <\/div>\n           <\/div>\n                            \n<style>\n#text-box-1750947049 {\n  width: 60%;\n}\n#text-box-1750947049 .text-box-content {\n  font-size: 100%;\n}\n@media (min-width:550px) {\n  #text-box-1750947049 {\n    width: 60%;\n  }\n}\n<\/style>\n    <\/div>\n \n\n        <\/div>\n      <\/div>\n\n            \n<style>\n#banner-1117333014 {\n  padding-top: 300px;\n  background-color: rgb(255,255,255);\n}\n#banner-1117333014 .banner-bg img {\n  object-position: 52% 53%;\n}\n@media (min-width:550px) {\n  #banner-1117333014 {\n    padding-top: 400px;\n  }\n}\n@media (min-width:850px) {\n  #banner-1117333014 {\n    padding-top: 807px;\n  }\n}\n<\/style>\n  <\/div>\n\n\n\n\t\t<\/div>\n\t\t\t\t\t<\/div>\n\n\t\n\n\t<div id=\"col-1097722311\" class=\"col medium-12 small-12 large-6\"  >\n\t\t\t\t<div class=\"col-inner\" style=\"background-color:rgb(246, 246, 246);\" >\n\t\t\t\n\t\t\t\n\n\t<div id=\"text-3828299143\" class=\"text\">\n\t\t\n\n<h2 data-start=\"871\" data-end=\"920\"><strong data-start=\"875\" data-end=\"918\">Warum eine Seilschaukel f\u00fcr Ihr Baumhaus?<\/strong><\/h2>\n\t\t\n<style>\n#text-3828299143 {\n  font-size: 1.5rem;\n}\n<\/style>\n\t<\/div>\n\t\n<p>Die Einfachheit einer Seilschaukel ist eine ihrer besten Eigenschaften; alles, was Sie brauchen, ist ein starkes Seil, ein solider Ast und ein gutes Gef\u00fchl f\u00fcr Abenteuer. Doch lassen Sie sich von der Einfachheit nicht t\u00e4uschen! Ein durchschnittliches Baumhaus wird mit einer gut platzierten Schaukel zu einem Outdoor-Abenteuerbereich. Hier sind noch ein paar Gr\u00fcnde, warum Sie eine Seilschaukel haben sollten:<\/p>\n<ul>\n<li data-start=\"1561\" data-end=\"1657\"><strong data-start=\"1563\" data-end=\"1594\">Der ultimative Outdoor-Thrill<\/strong> - Keine Treppe erforderlich! Gleiten Sie stilvoll von Ihrem Baumhaus herunter.<\/li>\n<li data-start=\"1658\" data-end=\"1820\"><strong data-start=\"1660\" data-end=\"1690\">Un\u00fcbertroffener Spa\u00df f\u00fcr alle Altersgruppen<\/strong> - Egal, ob Sie als Kind die Freude am Schaukeln entdecken oder als Erwachsener Kindheitserinnerungen aufleben lassen, eine Seilschaukel wird nie langweilig.<\/li>\n<li data-start=\"1821\" data-end=\"1926\"><strong data-start=\"1823\" data-end=\"1861\">Einfach zu installieren, mit viel Spannung<\/strong> - Kein komplizierter Aufbau erforderlich - einfach anbringen, schwingen und genie\u00dfen!<\/li>\n<li data-start=\"1927\" data-end=\"2015\"><strong data-start=\"1929\" data-end=\"1956\">Ermutigt zum Spielen im Freien<\/strong> - H\u00e4lt Kinder aktiv, besch\u00e4ftigt und unterh\u00e4lt sie stundenlang.<\/li>\n<li data-start=\"2016\" data-end=\"2113\"><strong data-start=\"2018\" data-end=\"2043\">Ein unverzichtbares Baumhaus<\/strong> - Es ist einfach <strong data-start=\"2054\" data-end=\"2069\">f\u00fchlt sich richtig an<\/strong> eine Schaukel an einem Baumhaus h\u00e4ngen zu haben!<\/li>\n<\/ul>\n<a href=\"https:\/\/treelofts.com\/de\/kontaktieren-sie-uns\/\" class=\"button white is-outline\"  style=\"border-radius:10px;padding:10px 25px 10px 25px;\">\n\t\t<span>Beginnen Sie Ihre Baumhausreise noch heute<\/span>\n\t<\/a>\n\n\n\n\t\t<\/div>\n\t\t\t\t\n<style>\n#col-1097722311 > .col-inner {\n  padding: 40px 30px 30px 30px;\n}\n@media (min-width:550px) {\n  #col-1097722311 > .col-inner {\n    padding: 50px 75px 50px 75px;\n  }\n}\n@media (min-width:850px) {\n  #col-1097722311 > .col-inner {\n    padding: 50px 75px 50px 75px;\n  }\n}\n<\/style>\n\t<\/div>\n\n\t\n\n<\/div>\n\n\t\t<\/div>\n\t\t\t\t\t<\/div>\n\n\t\n\n<\/div>\n\n\t\t<\/div>\n\n\t\t\n<style>\n#section_75591802 {\n  padding-top: 60px;\n  padding-bottom: 60px;\n}\n<\/style>\n\t<\/section>\n\t\n<div class=\"row\"  id=\"row-236327616\">\n\n\n\t<div id=\"col-1370064588\" class=\"col small-12 large-12\"  >\n\t\t\t\t<div class=\"col-inner\"  >\n\t\t\t\n\t\t\t\n\n\t<div id=\"text-1652763696\" class=\"text\">\n\t\t\n\n<h2 data-start=\"2120\" data-end=\"2178\"><strong data-start=\"2124\" data-end=\"2176\">Die Wahl der richtigen Seilschaukel f\u00fcr Ihr Baumhaus<\/strong><\/h2>\n\t\t\n<style>\n#text-1652763696 {\n  font-size: 1.5rem;\n}\n<\/style>\n\t<\/div>\n\t\n<p>Die Wahl der richtigen Seilschaukel f\u00fcr Ihr Baumhaus<br \/>Nicht jede Seilschaukel ist genau wie die anderen! Ihr Gel\u00e4nde, die H\u00f6he des Baumhauses und der Grad des Nervenkitzels bestimmen das Design, das Sie w\u00fcnschen. Jede Art von Schaukel bietet ein anderes Erlebnis und einen anderen Stil; w\u00e4hlen Sie daher diejenige, die am besten zu Ihrem Baumhausausflug passt.<\/p>\n<h3><strong>Classic Single Rope Swing - Der zeitlose Favorit<\/strong><\/h3>\n<p>Eine einfache, aber aufregende Wahl ist die klassische Einseilschaukel. In jedem M\u00e4rchenbuch aus der Kindheit findet man ein solches Seil mit einem Sitz aus Holz oder Gummi, der einen in die H\u00f6he katapultiert. Ob ein kleiner Sprung vom Baumhaus oder ein l\u00e4ngerer, waghalsiger Absprung, diese Art von Schaukel ist f\u00fcr jedes Alter geeignet und funktioniert in vielen H\u00f6hen. Sie bietet pures, ungeschminktes Vergn\u00fcgen, erfordert wenig Material und ist einfach zu installieren.<\/p>\n<h3><strong>Tire Swing - ein gem\u00fctliches, soziales Erlebnis<\/strong><\/h3>\n<p>Eine Reifenschaukel ist die beste Wahl, wenn Sie eine Schaukel w\u00fcnschen, auf der mehrere Personen Platz haben! Diese Schaukeln sind ideal f\u00fcr lange, gem\u00fctliche Abende unter den B\u00e4umen und bieten eine gem\u00fctliche, geschlossene Umgebung zum Sitzen. F\u00fcr j\u00fcngere Kinder, die vielleicht etwas mehr Sicherheit brauchen, ist eine Reifenschaukel auch stabiler als eine einzelne Seilschaukel. Au\u00dferdem ist es eine fantastische M\u00f6glichkeit, einen alten Reifen in etwas Interessantes und N\u00fctzliches zu verwandeln!<\/p>\n<h3><strong>Doppelseilschaukel - f\u00fcr extra Balance und Komfort<\/strong><\/h3>\n<p>Eine Zwei-Seil-Schaukel ist eine gro\u00dfartige Option, wenn Sie das Gef\u00fchl einer Schaukel genie\u00dfen, aber etwas mehr Stabilit\u00e4t w\u00fcnschen. Sie verf\u00fcgt \u00fcber zwei Seile, die einen flachen Sitz st\u00fctzen, anstatt eines Seils, wodurch das seitliche Verdrehen minimiert wird. F\u00fcr Kinder, die gerade das Schaukeln lernen, oder f\u00fcr diejenigen, die eine sanftere, kontrolliertere Fahrt w\u00fcnschen, ist dies eine fantastische Wahl.<\/p>\n<h3><strong>Kletterseilschaukel - f\u00fcr die kleinen Draufg\u00e4nger<\/strong><\/h3>\n<p>Eine Kletterseilschaukel verbindet den Nervenkitzel des Kletterns mit dem Vergn\u00fcgen des Schaukelns f\u00fcr Menschen, die Herausforderungen lieben. Mit Knoten, Griffen oder kleinen Plattformen, an denen man sich festhalten kann, machen diese Schaukeln den Ausflug zu einem Kraft- und Geschicklichkeitstraining zum Mitmachen. Kinder, die gerne klettern, h\u00e4ngen und ihre eigenen Talente herausfordern, finden in einer Kletterseilschaukel die ideale Erg\u00e4nzung zu einem f\u00fcr Abenteuer gebauten Baumhaus.<\/p>\n<h3><strong>Extralange Seilschaukel - f\u00fcr den ultimativen Flug<\/strong><\/h3>\n<p>Eine extralange Seilschaukel ist die beste L\u00f6sung, wenn Sie eine aufregende Flucht aus dem Baumhaus w\u00fcnschen. Bei dieser Art von Schaukel haben Sie die maximale Flugzeit, bevor Sie sanft auf den Boden zur\u00fcckkehren. Der Startpunkt liegt h\u00f6her und der Bogen ist l\u00e4nger und theatralischer. F\u00fcr alle, die gerne in die L\u00fcfte schweben, ist dies die ideale Wahl. Achten Sie nur darauf, dass Sie eine weiche Landezone haben, um sicher zu sein, und dass Sie genug Platz haben, um frei zu schwingen.<\/p>\n\n\t\t<\/div>\n\t\t\t\t\t<\/div>\n\n\t\n\n<\/div>\n\n  <div class=\"banner has-hover\" id=\"banner-456329370\">\n          <div class=\"banner-inner fill\">\n        <div class=\"banner-bg fill\" >\n            <img decoding=\"async\" width=\"1020\" height=\"680\" src=\"https:\/\/treelofts.com\/wp-content\/uploads\/2025\/02\/Tree-House-49.jpg\" class=\"bg attachment-large size-large\" alt=\"\" title=\"\">                        <div class=\"overlay\"><\/div>            \n                    <\/div>\n\t\t\n        <div class=\"banner-layers container\">\n            <div class=\"fill banner-link\"><\/div>            \n\n   <div id=\"text-box-240560663\" class=\"text-box banner-layer x50 md-x50 lg-x50 y50 md-y50 lg-y50 res-text\">\n                                <div class=\"text-box-content text dark\">\n              \n              <div class=\"text-inner text-center\">\n                  \n\n<p>Lassen Sie uns Ihre Vision zum Leben erwecken<\/p>\n<h2><strong>Herstellung von Traum-Baumh\u00e4usern seit 2013<\/strong><\/h2>\n<a href=\"https:\/\/treelofts.com\/de\/kontaktieren-sie-uns\/\" class=\"button white is-outline\"  >\n\t\t<span>Beginnen Sie Ihre Baumhausreise noch heute<\/span>\n\t<\/a>\n\n\n\n              <\/div>\n           <\/div>\n                            \n<style>\n#text-box-240560663 {\n  width: 60%;\n}\n#text-box-240560663 .text-box-content {\n  font-size: 100%;\n}\n<\/style>\n    <\/div>\n \n\n        <\/div>\n      <\/div>\n\n            \n<style>\n#banner-456329370 {\n  padding-top: 350px;\n}\n#banner-456329370 .overlay {\n  background-color: rgba(0, 0, 0, 0.17);\n}\n#banner-456329370 .banner-bg img {\n  object-position: 61% 49%;\n}\n<\/style>\n  <\/div>\n\n\n<div class=\"woocommerce columns-4\"><\/div>\n\n<div class=\"row\"  id=\"row-1268900524\">\n\n\n\t<div id=\"col-196298964\" class=\"col small-12 large-12\"  >\n\t\t\t\t<div class=\"col-inner text-left\"  >\n\t\t\t\n\t\t\t\n\n\t<div id=\"text-4238273980\" class=\"text\">\n\t\t\n\n<h2 data-start=\"4954\" data-end=\"5001\"><strong data-start=\"4958\" data-end=\"4999\">So installieren Sie Ihre Seilschaukel auf sichere Weise<\/strong><\/h2>\n\t\t\n<style>\n#text-4238273980 {\n  font-size: 1.5rem;\n}\n<\/style>\n\t<\/div>\n\t\n<p>Obwohl es bei einer Seilschaukel vor allem um Spa\u00df geht, hat die Sicherheit oberste Priorit\u00e4t. Die Wahl des richtigen Materials und der richtigen Anordnung tr\u00e4gt dazu bei, dass eine schlecht platzierte Schaukel ein sicheres und lustiges Erlebnis bietet. Hier sind einige Dinge, \u00fcber die Sie nachdenken sollten:<\/p>\n<h3><strong>W\u00e4hlen Sie einen robusten, kr\u00e4ftigen Baum.<\/strong><\/h3>\n<p>Die \u00c4ste oder Balken, die die Schaukel tragen, sollten robust und gesund sein und ein hohes Gewicht aushalten k\u00f6nnen. Schwache, absterbende oder gebrochene \u00c4ste sollten nicht verwendet werden, da sie unter der Belastung zerbrechen k\u00f6nnten.<\/p>\n<h3><strong>W\u00e4hlen Sie hochwertige Seile und Beschl\u00e4ge.<\/strong><\/h3>\n<p>Ihr Seil muss robust, widerstandsf\u00e4hig und wetterfest sein. Hervorragend geeignet sind Nylon-, Polyester- oder Marineseile. Wenn Sie das Seil an einem Ast befestigen, sollten Sie einen Sicherheitsgurt anbringen, um den Baum vor Verletzungen zu sch\u00fctzen.<\/p>\n<h3><strong>Achten Sie darauf, dass der Landeplatz weich ist.<\/strong><\/h3>\n<p>Egal, ob eine Seilschaukel Spa\u00df macht oder nicht, irgendwann wird jemand herunterfallen. \u00dcberpr\u00fcfen Sie den Boden unter der Schaukel auf Kieselsteine und andere Gefahren; \u00fcberlegen Sie, ob Sie die Landung mit einem Sandkasten, Mulch oder Gras auflockern k\u00f6nnen.<\/p>\n<h3><strong>Vor Gebrauch testen<\/strong><\/h3>\n<p>Testen Sie den Aufbau vollst\u00e4ndig, bevor Sie jemanden schwingen lassen. Beginnen Sie mit kleinen Schw\u00fcngen, \u00fcben Sie dann Druck auf das Seil aus, pr\u00fcfen Sie, ob Knoten und Befestigungen sicher sind, und starten Sie dann mit voller Kraft.<\/p>\n\t<div id=\"gap-848178049\" class=\"gap-element clearfix\" style=\"display:block; height:auto;\">\n\t\t\n<style>\n#gap-848178049 {\n  padding-top: 30px;\n}\n<\/style>\n\t<\/div>\n\t\n\n\t<div id=\"text-1124550067\" class=\"text\">\n\t\t\n\n<h2 data-start=\"6266\" data-end=\"6318\"><strong data-start=\"6270\" data-end=\"6316\">Verwandeln Sie Ihr Baumhaus in ein Abenteuerzentrum!<\/strong><\/h2>\n\t\t\n<style>\n#text-1124550067 {\n  font-size: 1.5rem;\n}\n<\/style>\n\t<\/div>\n\t\n\t<div id=\"text-3366225873\" class=\"text\">\n\t\t\n\n<p>Eine Seilschaukel l\u00e4dt zur Erkundung ein und dient nicht nur als Hilfsmittel. Sie verwandelt Ihr Baumhaus in den besten Spielplatz im Garten, indem sie f\u00fcr Bewegung, Nervenkitzel und ein Gef\u00fchl der Unabh\u00e4ngigkeit sorgt. Jede Schaukel, f\u00fcr die Sie sich entscheiden - von einer einfachen Holzschaukel \u00fcber ein gef\u00e4hrliches Kletterseil bis hin zu einem extralangen Thrill-Ride - bringt neuen Spa\u00df in Ihren Au\u00dfenbereich.<\/p>\n<p>Damit Ihr Baumhaus nicht nur spannend, sondern auch sicher ist, bieten wir von Treelofts professionelle Beratung bei der Auswahl und Einrichtung der idealen Seilschaukel. Obwohl wir keine Installationsdienste anbieten k\u00f6nnen, helfen wir Ihnen bei der Entscheidungsfindung, damit Sie das beste Baumkronenerlebnis schaffen k\u00f6nnen.<\/p>\n<p><strong>Warum dann? Untersuchen Sie jetzt Ihre M\u00f6glichkeiten, um Ihrem Baumhaus die Erfahrung zu geben, die es verdient!<\/strong><\/p>\n\t\t\n<style>\n#text-3366225873 {\n  text-align: left;\n}\n<\/style>\n\t<\/div>\n\t\n<div class=\"row\"  id=\"row-722728166\">\n\n\n\t<div id=\"col-244971403\" class=\"col small-12 large-12\"  >\n\t\t\t\t<div class=\"col-inner text-center\"  >\n\t\t\t\n\t\t\t\n\n<a href=\"https:\/\/treelofts.com\/de\/kontaktieren-sie-uns\/\" class=\"button primary\"  >\n\t\t<span>Beginnen Sie Ihre Baumhausreise noch heute<\/span>\n\t<\/a>\n\n\n\n\t\t<\/div>\n\t\t\t\t\t<\/div>\n\n\t\n\n<\/div>\n\n\t\t<\/div>\n\t\t\t\t\n<style>\n#col-196298964 > .col-inner {\n  padding: 50px 0px 50px 0px;\n}\n<\/style>\n\t<\/div>\n\n\t\n\n<\/div>\n<div class=\"row\"  id=\"row-1523339991\">\n\n\n\n<\/div>","protected":false},"excerpt":{"rendered":"","protected":false},"author":5,"featured_media":0,"parent":0,"menu_order":0,"comment_status":"closed","ping_status":"closed","template":"","meta":{"footnotes":""},"class_list":["post-1020","page","type-page","status-publish","hentry"],"_links":{"self":[{"href":"https:\/\/treelofts.com\/de\/wp-json\/wp\/v2\/pages\/1020","targetHints":{"allow":["GET"]}}],"collection":[{"href":"https:\/\/treelofts.com\/de\/wp-json\/wp\/v2\/pages"}],"about":[{"href":"https:\/\/treelofts.com\/de\/wp-json\/wp\/v2\/types\/page"}],"author":[{"embeddable":true,"href":"https:\/\/treelofts.com\/de\/wp-json\/wp\/v2\/users\/5"}],"replies":[{"embeddable":true,"href":"https:\/\/treelofts.com\/de\/wp-json\/wp\/v2\/comments?post=1020"}],"version-history":[{"count":0,"href":"https:\/\/treelofts.com\/de\/wp-json\/wp\/v2\/pages\/1020\/revisions"}],"wp:attachment":[{"href":"https:\/\/treelofts.com\/de\/wp-json\/wp\/v2\/media?parent=1020"}],"curies":[{"name":"wp","href":"https:\/\/api.w.org\/{rel}","templated":true}]}}