{"id":1031,"date":"2025-02-10T23:40:11","date_gmt":"2025-02-11T07:40:11","guid":{"rendered":"https:\/\/azh5n13ivf.onrocket.site\/?page_id=1031"},"modified":"2025-02-13T00:05:43","modified_gmt":"2025-02-13T08:05:43","slug":"krahennest","status":"publish","type":"page","link":"https:\/\/treelofts.com\/de\/krahennest\/","title":{"rendered":"Kr\u00e4hennest"},"content":{"rendered":"<div class=\"banner has-hover\" id=\"banner-625469485\">\n          <div class=\"banner-inner fill\">\n        <div class=\"banner-bg fill\" >\n            <img decoding=\"async\" width=\"1020\" height=\"680\" src=\"https:\/\/treelofts.com\/wp-content\/uploads\/2025\/02\/Tree-House-79.jpg\" class=\"bg attachment-large size-large\" alt=\"\" title=\"\">                        <div class=\"overlay\"><\/div>            \n                    <\/div>\n\t\t\n        <div class=\"banner-layers container\">\n            <div class=\"fill banner-link\"><\/div>            \n\n   <div id=\"text-box-1229255440\" class=\"text-box banner-layer x50 md-x50 lg-x50 y50 md-y50 lg-y50 res-text\">\n                                <div class=\"text-box-content text dark\">\n              \n              <div class=\"text-inner text-center\">\n                  \n\n<h3>Erh\u00f6hen Sie Ihr Baumhaus-Erlebnis!<\/h3>\n<h1><strong>Kr\u00e4hennest<\/strong><\/h1>\n<p>Wenn Sie schon immer davon getr\u00e4umt haben, weit \u00fcber den Baumwipfeln zu stehen und die Landschaft mit einem ungehinderten Blick auf die Welt um Sie herum zu betrachten, dann ist es an der Zeit, Ihr Baumhaus um ein Kr\u00e4hennest zu erweitern! Diese hohe Sitzgelegenheit ist nicht einfach nur ein zus\u00e4tzliches Merkmal, sondern ein Erlebnis. Egal, ob Sie Ihren inneren Piraten ausleben, sich wie ein Waldforscher f\u00fchlen oder einfach nur einen ruhigen Zufluchtsort \u00fcber den B\u00e4umen genie\u00dfen wollen, ein Kr\u00e4hennest verwandelt Ihr Baumhaus in etwas absolut Bemerkenswertes.<\/p>\n\n              <\/div>\n           <\/div>\n                            \n<style>\n#text-box-1229255440 {\n  width: 81%;\n}\n#text-box-1229255440 .text-box-content {\n  font-size: 100%;\n}\n<\/style>\n    <\/div>\n \n\n        <\/div>\n      <\/div>\n\n            \n<style>\n#banner-625469485 {\n  padding-top: 665px;\n}\n#banner-625469485 .overlay {\n  background-color: rgba(0,0,0,.5);\n}\n#banner-625469485 .banner-bg img {\n  object-position: 25% 48%;\n}\n@media (min-width:550px) {\n  #banner-625469485 {\n    padding-top: 800px;\n  }\n}\n<\/style>\n  <\/div>\n\n\n\n\t<section class=\"section\" id=\"section_1694171592\">\n\t\t<div class=\"section-bg fill\" >\n\t\t\t\t\t\t\t\t\t\n\t\t\t\n\n\t\t<\/div>\n\n\t\t\n\n\t\t<div class=\"section-content relative\">\n\t\t\t\n\n<div class=\"row row-collapse align-middle\" style=\"max-width:1300px\" id=\"row-1550733637\">\n\n\n\t<div id=\"col-1315086388\" class=\"col small-12 large-12\"  >\n\t\t\t\t<div class=\"col-inner\" style=\"background-color:rgb(246, 246, 246);\" >\n\t\t\t\n\t\t\t\n\n<div class=\"row row-collapse align-middle\" style=\"max-width:1300px\" id=\"row-483178325\">\n\n\n\t<div id=\"col-1209307340\" class=\"col medium-12 small-12 large-6\"  >\n\t\t\t\t<div class=\"col-inner\"  >\n\t\t\t\n\t\t\t\n\n\n  <div class=\"banner has-hover\" id=\"banner-1583714309\">\n          <div class=\"banner-inner fill\">\n        <div class=\"banner-bg fill\" >\n            <img decoding=\"async\" width=\"768\" height=\"1024\" src=\"https:\/\/treelofts.com\/wp-content\/uploads\/2025\/02\/Tree-House-61.jpg\" class=\"bg attachment-original size-original\" alt=\"\" title=\"\">                                    \n                    <\/div>\n\t\t\n        <div class=\"banner-layers container\">\n            <div class=\"fill banner-link\"><\/div>            \n\n   <div id=\"text-box-755970876\" class=\"text-box banner-layer x50 md-x50 lg-x50 y50 md-y50 lg-y50 res-text\">\n                                <div class=\"text-box-content text dark\">\n              \n              <div class=\"text-inner text-center\">\n                  \n\n\n              <\/div>\n           <\/div>\n                            \n<style>\n#text-box-755970876 {\n  width: 60%;\n}\n#text-box-755970876 .text-box-content {\n  font-size: 100%;\n}\n@media (min-width:550px) {\n  #text-box-755970876 {\n    width: 60%;\n  }\n}\n<\/style>\n    <\/div>\n \n\n        <\/div>\n      <\/div>\n\n            \n<style>\n#banner-1583714309 {\n  padding-top: 300px;\n  background-color: rgb(255,255,255);\n}\n#banner-1583714309 .banner-bg img {\n  object-position: 57% 13%;\n}\n@media (min-width:550px) {\n  #banner-1583714309 {\n    padding-top: 400px;\n  }\n}\n@media (min-width:850px) {\n  #banner-1583714309 {\n    padding-top: 1117px;\n  }\n}\n<\/style>\n  <\/div>\n\n\n\n\t\t<\/div>\n\t\t\t\t\t<\/div>\n\n\t\n\n\t<div id=\"col-1113870205\" class=\"col medium-12 small-12 large-6\"  >\n\t\t\t\t<div class=\"col-inner\" style=\"background-color:rgb(246, 246, 246);\" >\n\t\t\t\n\t\t\t\n\n\t<div id=\"text-73087597\" class=\"text\">\n\t\t\n\n<h2 data-start=\"895\" data-end=\"945\"><strong data-start=\"899\" data-end=\"943\">Warum sollte man ein Kr\u00e4hennest in sein Baumhaus einbauen?<\/strong><\/h2>\n\t\t\n<style>\n#text-73087597 {\n  font-size: 1.5rem;\n}\n<\/style>\n\t<\/div>\n\t\n<p>Ein Kr\u00e4hennest er\u00f6ffnet Abenteuer, Entdeckungen und Frieden und nicht nur eine hoch gelegene Plattform. Je h\u00f6her man kommt, desto besser ist die Aussicht, desto aufregender ist es und desto st\u00e4rker ist das Gef\u00fchl der Freiheit. Im Folgenden wird erkl\u00e4rt, warum ein Kr\u00e4hennest der beste Baumhausumbau ist:<\/p>\n<p><strong>1. Der perfekte Aussichtspunkt<\/strong><br \/>Crow's Nest bietet eine unvergleichliche Aussicht, ganz gleich, ob Sie auf der Suche nach herannahenden Piratenschiffen sind, den Sonnenuntergang beobachten oder einfach nur die Pracht der Natur genie\u00dfen wollen. Sehen Sie weiter, f\u00fchlen Sie sich freier, und sehen Sie die Welt aus einem anderen Blickwinkel.<\/p>\n<p><strong>2. Doppeltes Abenteuer, doppelter Spa\u00df<\/strong><br \/>Crow's Nest bietet Ihrem Baumhaus mehr als nur eine Aussichtsplattform. Stellen Sie sich vor, Sie schleichen sich in einen geheimen Ausguck, klettern eine Strickleiter hinauf oder sehen die Welt von unten durch ein Fernrohr. Sowohl f\u00fcr Erwachsene als auch f\u00fcr Kinder ist es ein sofortiges Abenteuer-Upgrade!<\/p>\n<p><strong>3. Ihr privater R\u00fcckzugsort im Sky-High<\/strong><br \/>Manchmal braucht man einfach einen ruhigen Ort abseits der Au\u00dfenwelt. Der ideale Ort, um zu entspannen, ein Buch zu lesen oder den Wolken beim Vorbeiziehen an Crow's Nest zuzusehen. Perfekt zum Tr\u00e4umen, Meditieren oder einfach nur zum Ausruhen - es ist Ihr ganz pers\u00f6nlicher R\u00fcckzugsort \u00fcber den W\u00e4ldern.<\/p>\n<p><strong>4. Bietet H\u00f6he, Flair und einen Wow-Faktor.<\/strong><br \/>M\u00f6chten Sie, dass Ihr Baumhaus unverwechselbar ist? Treelofts verbessert (sowohl w\u00f6rtlich als auch im \u00fcbertragenen Sinne) das Design und erh\u00f6ht damit seine Dynamik und Beeindruckung. Es schafft Schichten und Tiefe und verwandelt Ihr Baumhaus von einer einfachen Konstruktion in ein mehrst\u00f6ckiges Meisterwerk.<\/p>\n<a href=\"https:\/\/treelofts.com\/de\/kontaktieren-sie-uns\/\" class=\"button white is-outline\"  style=\"border-radius:10px;padding:10px 25px 10px 25px;\">\n\t\t<span>Beginnen Sie Ihre Baumhausreise noch heute<\/span>\n\t<\/a>\n\n\n\n\t\t<\/div>\n\t\t\t\t\n<style>\n#col-1113870205 > .col-inner {\n  padding: 40px 30px 30px 30px;\n}\n@media (min-width:550px) {\n  #col-1113870205 > .col-inner {\n    padding: 50px 75px 50px 75px;\n  }\n}\n@media (min-width:850px) {\n  #col-1113870205 > .col-inner {\n    padding: 50px 75px 50px 75px;\n  }\n}\n<\/style>\n\t<\/div>\n\n\t\n\n<\/div>\n\n\t\t<\/div>\n\t\t\t\t\t<\/div>\n\n\t\n\n<\/div>\n\n\t\t<\/div>\n\n\t\t\n<style>\n#section_1694171592 {\n  padding-top: 60px;\n  padding-bottom: 60px;\n}\n<\/style>\n\t<\/section>\n\t\n<div class=\"row row-collapse row-full-width\"  id=\"row-376323175\">\n\n\n\t<div id=\"col-1293815953\" class=\"col medium-6 small-12 large-6\"  >\n\t\t\t\t<div class=\"col-inner\"  >\n\t\t\t\n\t\t\t\n\n\n  <div class=\"banner has-hover\" id=\"banner-462048285\">\n          <div class=\"banner-inner fill\">\n        <div class=\"banner-bg fill\" >\n            <img decoding=\"async\" width=\"969\" height=\"800\" src=\"https:\/\/treelofts.com\/wp-content\/uploads\/2025\/02\/Tree-House-63-969x800.jpg\" class=\"bg attachment-large size-large\" alt=\"\" title=\"\">                                    \n                    <\/div>\n\t\t\n        <div class=\"banner-layers container\">\n            <div class=\"fill banner-link\"><\/div>            \n\n   <div id=\"text-box-1137642079\" class=\"text-box banner-layer x50 md-x50 lg-x50 y50 md-y50 lg-y50 res-text\">\n                                <div class=\"text-box-content text dark\">\n              \n              <div class=\"text-inner text-center\">\n                  \n\n\n              <\/div>\n           <\/div>\n                            \n<style>\n#text-box-1137642079 {\n  width: 60%;\n}\n#text-box-1137642079 .text-box-content {\n  font-size: 100%;\n}\n<\/style>\n    <\/div>\n \n\n        <\/div>\n      <\/div>\n\n            \n<style>\n#banner-462048285 {\n  padding-top: 300px;\n  background-color: rgba(255, 255, 255, 0);\n}\n#banner-462048285 .banner-bg img {\n  object-position: 55% 50%;\n}\n@media (min-width:550px) {\n  #banner-462048285 {\n    padding-top: 350px;\n  }\n}\n@media (min-width:850px) {\n  #banner-462048285 {\n    padding-top: 968px;\n  }\n}\n<\/style>\n  <\/div>\n\n\n\n\t\t<\/div>\n\t\t\t\t\t<\/div>\n\n\t\n\n\t<div id=\"col-582104921\" class=\"col medium-6 small-12 large-6\"  >\n\t\t\t\t<div class=\"col-inner\"  >\n\t\t\t\n\t\t\t\n\n\n\t<section class=\"section\" id=\"section_291219820\">\n\t\t<div class=\"section-bg fill\" >\n\t\t\t\t\t\t\t\t\t\n\t\t\t\n\n\t\t<\/div>\n\n\t\t\n\n\t\t<div class=\"section-content relative\">\n\t\t\t\n\n<div class=\"row align-center\"  id=\"row-1238074906\">\n\n\n\t<div id=\"col-1521716927\" class=\"col medium-10 small-12 large-9\"  >\n\t\t\t\t<div class=\"col-inner text-center\"  >\n\t\t\t\n\t\t\t\n\n\t<div id=\"gap-1388772536\" class=\"gap-element clearfix\" style=\"display:block; height:auto;\">\n\t\t\n<style>\n#gap-1388772536 {\n  padding-top: 40px;\n}\n<\/style>\n\t<\/div>\n\t\n\n\t<div id=\"text-2945492154\" class=\"text\">\n\t\t\n\n<h3 style=\"text-align: left;\" data-start=\"2526\" data-end=\"2573\"><strong data-start=\"2530\" data-end=\"2571\">Die Wahl des richtigen Kr\u00e4hennest-Designs<\/strong><\/h3>\n\t\t\n<style>\n#text-2945492154 {\n  font-size: 1.5rem;\n}\n<\/style>\n\t<\/div>\n\t\n<p style=\"text-align: left;\">Nicht jedes Kr\u00e4hennest ist genau wie andere! Ihr Baumhausdesign, der verf\u00fcgbare Platz und Ihr pers\u00f6nlicher Geschmack helfen Ihnen bei der Auswahl einer Aussicht, die Ihren Vorstellungen entspricht. Hier sind einige angesagte Ansichten, die zum Nachdenken anregen:<\/p>\n<p style=\"text-align: left;\"><strong>1. Der klassische Piratenausguck<\/strong><br \/>Inspiriert von den hohen Sitzstangen der Segelschiffe, ist dieses Kr\u00e4hennest eine kleine runde Plattform mit einem sch\u00fctzenden Gel\u00e4nder, ideal um entgegenkommende \"feindliche Schiffe\" zu entdecken oder einfach nur die Aussicht zu genie\u00dfen. F\u00fcr j\u00fcngere Abenteurer, die gerne phantasievoll spielen, bietet es einen sicheren, aber faszinierenden Ort, um ihr Reich zu beobachten.<\/p>\n<p style=\"text-align: left;\"><strong>2. Die versteckte Leseecke<\/strong><br \/>Wenn Sie einen ruhigen R\u00fcckzugsort suchen, warum schaffen Sie sich nicht einen gem\u00fctlichen Leseplatz weit \u00fcber den B\u00e4umen? In diesem Kr\u00e4hennest gibt es bequeme Sitzgelegenheiten, Schatten und gerade genug Platz, um sich mit einem Buch einzukuscheln. F\u00fcr diejenigen, die es vorziehen, \u00fcber der Welt zu sein und etwas Zeit allein zu verbringen, ist dies ein ruhiger R\u00fcckzugsort.<\/p>\n<p style=\"text-align: left;\"><strong>3. Das Open-View Sky Deck<\/strong><br \/>Wenn Sie einen ungehinderten Panoramablick genie\u00dfen m\u00f6chten, sollten Sie eine gro\u00dfe Freiluftplattform in Betracht ziehen. Sie eignet sich perfekt f\u00fcr die n\u00e4chtliche Astronomie oder die morgendliche Beobachtung des Sonnenaufgangs und bietet einen 360-Grad-Blick auf das umliegende Terrain. Ein starkes Gel\u00e4nder sorgt f\u00fcr Sicherheit, l\u00e4sst aber dennoch ein v\u00f6llig offenes und luftiges Gef\u00fchl zu.<\/p>\n<p style=\"text-align: left;\"><strong>4. Der Adventure Access Tower<\/strong><br \/>M\u00f6chten Sie den Besuch des Kr\u00e4hennestes in das Vergn\u00fcgen einbeziehen? Denken Sie dar\u00fcber nach, ein Kletternetz, eine Strickleiter oder vielleicht eine kleine Seilrutsche einzubauen, die Ihren Hochsitz verbindet! Diese Art von Kr\u00e4hennest verwandelt den Ausflug in ein allumfassendes Spiel, eine Herausforderung und ein Abenteuer.<\/p>\n<a href=\"https:\/\/treelofts.com\/de\/kontaktieren-sie-uns\/\" class=\"button secondary\"  style=\"border-radius:99px;padding:5px 20px 5px 20px;\">\n\t\t<span>Kontakt US<\/span>\n\t<\/a>\n\n\n\n\t\t<\/div>\n\t\t\t\t\t<\/div>\n\n\t\n\n<\/div>\n\n\t\t<\/div>\n\n\t\t\n<style>\n#section_291219820 {\n  padding-top: 0px;\n  padding-bottom: 0px;\n  min-height: 300px;\n}\n@media (min-width:550px) {\n  #section_291219820 {\n    min-height: 350px;\n  }\n}\n@media (min-width:850px) {\n  #section_291219820 {\n    min-height: 425px;\n  }\n}\n<\/style>\n\t<\/section>\n\t\n\n\t\t<\/div>\n\t\t\t\t\t<\/div>\n\n\t\n\n<\/div>\n<div class=\"row row-collapse row-full-width\"  id=\"row-856272538\">\n\n\n\t<div id=\"col-571594730\" class=\"col medium-6 small-12 large-6\"  >\n\t\t\t\t<div class=\"col-inner\"  >\n\t\t\t\n\t\t\t\n\n\n\t<section class=\"section\" id=\"section_1762500082\">\n\t\t<div class=\"section-bg fill\" >\n\t\t\t\t\t\t\t\t\t\n\t\t\t\n\n\t\t<\/div>\n\n\t\t\n\n\t\t<div class=\"section-content relative\">\n\t\t\t\n\n<div class=\"row align-center\"  id=\"row-667974756\">\n\n\n\t<div id=\"col-1280244643\" class=\"col medium-11 small-12 large-9\"  >\n\t\t\t\t<div class=\"col-inner text-center\"  >\n\t\t\t\n\t\t\t\n\n\t<div id=\"gap-727019091\" class=\"gap-element clearfix\" style=\"display:block; height:auto;\">\n\t\t\n<style>\n#gap-727019091 {\n  padding-top: 40px;\n}\n<\/style>\n\t<\/div>\n\t\n\n\t<div id=\"text-1994536980\" class=\"text\">\n\t\t\n\n<h3 data-start=\"4263\" data-end=\"4307\"><strong data-start=\"4267\" data-end=\"4305\">Wie man Sicherheit und Stabilit\u00e4t gew\u00e4hrleistet<\/strong><\/h3>\n\t\t\n<style>\n#text-1994536980 {\n  font-size: 1.5rem;\n  text-align: left;\n}\n<\/style>\n\t<\/div>\n\t\n<p style=\"text-align: left;\">Da das Kr\u00e4hennest zu den h\u00f6chsten Punkten Ihres Baumhauses geh\u00f6rt, stehen Haltbarkeit und Sicherheit an erster Stelle. Ein gut gemachtes Kr\u00e4hennest bietet ein aufregendes Erlebnis, ohne die Sicherheit zu beeintr\u00e4chtigen. Die folgenden Hinweise sollen Ihnen helfen, den \u00dcberblick zu behalten:<\/p>\n<p style=\"text-align: left;\"><strong>1. Verwenden Sie robuste Materialien<\/strong><br \/>Die Wahl hochwertiger, witterungsbest\u00e4ndiger Materialien ist von entscheidender Bedeutung, da man mit einer hohen Sitzstange Wind, Regen und Bewegung st\u00e4rker ausgesetzt ist. Um eine lange Lebensdauer zu gew\u00e4hrleisten, sollten Sie sich f\u00fcr Metallverst\u00e4rkungen oder robustes, behandeltes Holz entscheiden.<\/p>\n<p style=\"text-align: left;\"><strong>2. Sichere Anbringung am Baumhaus<\/strong><br \/>Um ein Wackeln oder eine Instabilit\u00e4t zu verhindern, muss das Kr\u00e4hennest fest mit der Hauptkonstruktion des Baumhauses verbunden sein. Um die Plattform zu verst\u00e4rken, sollten Sie dar\u00fcber nachdenken, mehr Rahmen, Verstrebungen oder St\u00fctzbalken einzubauen.<\/p>\n<p style=\"text-align: left;\"><strong>3. Montieren Sie ein Schutzgel\u00e4nder<\/strong><br \/>Da das Kr\u00e4hennest hoch gelegen ist, ist ein stabiles Gel\u00e4nder absolut notwendig. So ist gew\u00e4hrleistet, dass jeder sicher ist, egal ob Sie einen intensiven Piratenkampf spielen oder sich hin\u00fcberlehnen, um die Landschaft zu genie\u00dfen.<\/p>\n<p style=\"text-align: left;\"><strong>4. W\u00e4hlen Sie die richtige Zugriffsmethode<\/strong><br \/>Die Ann\u00e4herung an das Kr\u00e4hennest sollte ebenso angenehm wie sicher sein. Denken Sie \u00fcber mehrere M\u00f6glichkeiten nach, wie z. B.:<\/p>\n<ul data-start=\"5511\" data-end=\"5836\">\n<li style=\"text-align: left;\" data-start=\"5511\" data-end=\"5586\"><strong data-start=\"5513\" data-end=\"5524\">Leitern<\/strong> - Einfach und klassisch, eine Holzleiter bietet einen leichten Aufstieg.<\/li>\n<li style=\"text-align: left;\" data-start=\"5587\" data-end=\"5668\"><strong data-start=\"5589\" data-end=\"5605\">Seilzugleitern<\/strong> - Verleiht ein abenteuerliches Gef\u00fchl und h\u00e4lt die Dinge leicht.<\/li>\n<li style=\"text-align: left;\" data-start=\"5669\" data-end=\"5748\"><strong data-start=\"5671\" data-end=\"5688\">Spiralf\u00f6rmige Treppe<\/strong> - Gro\u00dfartig f\u00fcr einen leichteren, sichereren Zugang, der trotzdem Spa\u00df macht.<\/li>\n<li style=\"text-align: left;\" data-start=\"5749\" data-end=\"5836\"><strong data-start=\"5751\" data-end=\"5768\">Kletternetze<\/strong> - Ideal f\u00fcr alle, die sich auf dem Weg nach oben selbst herausfordern wollen!<\/li>\n<\/ul>\n<a href=\"https:\/\/treelofts.com\/de\/kontaktieren-sie-uns\/\" class=\"button secondary\"  style=\"border-radius:99px;padding:5px 20px 5px 20px;\">\n\t\t<span>Kontakt US<\/span>\n\t<\/a>\n\n\n\n\t\t<\/div>\n\t\t\t\t\t<\/div>\n\n\t\n\n<\/div>\n\n\t\t<\/div>\n\n\t\t\n<style>\n#section_1762500082 {\n  padding-top: 0px;\n  padding-bottom: 0px;\n  min-height: 300px;\n}\n@media (min-width:550px) {\n  #section_1762500082 {\n    min-height: 350px;\n  }\n}\n@media (min-width:850px) {\n  #section_1762500082 {\n    min-height: 425px;\n  }\n}\n<\/style>\n\t<\/section>\n\t\n\n\t\t<\/div>\n\t\t\t\t\t<\/div>\n\n\t\n\n\t<div id=\"col-1611218420\" class=\"col medium-6 small-12 large-6 small-col-first\"  >\n\t\t\t\t<div class=\"col-inner\"  >\n\t\t\t\n\t\t\t\n\n\n  <div class=\"banner has-hover\" id=\"banner-1374245614\">\n          <div class=\"banner-inner fill\">\n        <div class=\"banner-bg fill\" >\n            <img decoding=\"async\" width=\"1020\" height=\"665\" src=\"https:\/\/treelofts.com\/wp-content\/uploads\/2025\/02\/Tree-House-113.jpg\" class=\"bg attachment-large size-large\" alt=\"\" title=\"\">                                    \n                    <\/div>\n\t\t\n        <div class=\"banner-layers container\">\n            <div class=\"fill banner-link\"><\/div>            \n\n   <div id=\"text-box-375397820\" class=\"text-box banner-layer x50 md-x50 lg-x50 y50 md-y50 lg-y50 res-text\">\n                                <div class=\"text-box-content text dark\">\n              \n              <div class=\"text-inner text-center\">\n                  \n\n\n              <\/div>\n           <\/div>\n                            \n<style>\n#text-box-375397820 {\n  width: 60%;\n}\n#text-box-375397820 .text-box-content {\n  font-size: 100%;\n}\n<\/style>\n    <\/div>\n \n\n        <\/div>\n      <\/div>\n\n            \n<style>\n#banner-1374245614 {\n  padding-top: 300px;\n  background-color: rgba(255, 255, 255, 0);\n}\n#banner-1374245614 .banner-bg img {\n  object-position: 81% 22%;\n}\n@media (min-width:550px) {\n  #banner-1374245614 {\n    padding-top: 350px;\n  }\n}\n@media (min-width:850px) {\n  #banner-1374245614 {\n    padding-top: 994px;\n  }\n}\n<\/style>\n  <\/div>\n\n\n\n\t\t<\/div>\n\t\t\t\t\t<\/div>\n\n\t\n\n<\/div>\n<div class=\"row\"  id=\"row-2138347127\">\n\n\n\t<div id=\"col-635402040\" class=\"col small-12 large-12\"  >\n\t\t\t\t<div class=\"col-inner\"  >\n\t\t\t\n\t\t\t\n\n\t<div id=\"text-3547661418\" class=\"text\">\n\t\t\n\n<h2 data-start=\"5843\" data-end=\"5899\"><strong data-start=\"5847\" data-end=\"5897\">Verwandeln Sie Ihr Baumhaus in ein himmelhohes Abenteuer!<\/strong><\/h2>\n\t\t\n<style>\n#text-3547661418 {\n  font-size: 1.5rem;\n}\n<\/style>\n\t<\/div>\n\t\n<p>Ein Kr\u00e4hennest ist ein Erlebnis und nicht nur ein Merkmal eines Baumhauses. Es verleiht Ihrem Baumhaus mehr Lebendigkeit, Genuss und eine unvergessliche Perspektive sowie Tiefe und Abenteuer. Ein Kr\u00e4hennest ist die ideale Methode, um Ihr Baumhaus zu neuen H\u00f6hen zu bringen, ganz gleich, ob Sie einen ruhigen R\u00fcckzugsort, eine aufregende Aussichtsplattform oder einen actiongeladenen Aussichtspunkt w\u00fcnschen.<\/p>\n<p>Unser Fachgebiet bei Treelofts ist es, Ihnen zu helfen, das beste Baumkronen-Erlebnis zu schaffen. Wir bieten zwar keine Installation an, aber wir beraten Sie professionell bei der Auswahl des geeigneten Kr\u00e4hennest-Stils, der Materialien und der Sicherheitsvorkehrungen.<\/p>\n<p><strong>Warum sollte Ihr Baumhaus dann auf einer Ebene bleiben? Verbessern Sie jetzt Ihre Reise und kreieren Sie ein legend\u00e4res Traum-Baumhaus!<\/strong><\/p>\n\n\t\t<\/div>\n\t\t\t\t\n<style>\n#col-635402040 > .col-inner {\n  padding: 50px 0px 50px 0px;\n}\n<\/style>\n\t<\/div>\n\n\t\n\n<\/div>\n\n  <div class=\"banner has-hover\" id=\"banner-1039200527\">\n          <div class=\"banner-inner fill\">\n        <div class=\"banner-bg fill\" >\n            <img decoding=\"async\" width=\"1020\" height=\"765\" src=\"https:\/\/treelofts.com\/wp-content\/uploads\/2025\/02\/Tree-House-59.jpg\" class=\"bg attachment-large size-large\" alt=\"\" title=\"\">                        <div class=\"overlay\"><\/div>            \n                    <\/div>\n\t\t\n        <div class=\"banner-layers container\">\n            <div class=\"fill banner-link\"><\/div>            \n\n   <div id=\"text-box-311854098\" class=\"text-box banner-layer x50 md-x50 lg-x50 y50 md-y50 lg-y50 res-text\">\n                                <div class=\"text-box-content text dark\">\n              \n              <div class=\"text-inner text-center\">\n                  \n\n<p>Lassen Sie uns Ihre Vision zum Leben erwecken<\/p>\n<h2><strong>Herstellung von Traum-Baumh\u00e4usern seit 2013<\/strong><\/h2>\n<a href=\"https:\/\/treelofts.com\/de\/kontaktieren-sie-uns\/\" class=\"button white is-outline\"  >\n\t\t<span>Beginnen Sie Ihre Baumhausreise noch heute<\/span>\n\t<\/a>\n\n\n\n              <\/div>\n           <\/div>\n                            \n<style>\n#text-box-311854098 {\n  width: 60%;\n}\n#text-box-311854098 .text-box-content {\n  font-size: 100%;\n}\n<\/style>\n    <\/div>\n \n\n        <\/div>\n      <\/div>\n\n            \n<style>\n#banner-1039200527 {\n  padding-top: 350px;\n}\n#banner-1039200527 .overlay {\n  background-color: rgba(0, 0, 0, 0.17);\n}\n#banner-1039200527 .banner-bg img {\n  object-position: 39% 63%;\n}\n<\/style>\n  <\/div>\n\n\n<div class=\"woocommerce columns-4\"><\/div>\n\n<div class=\"row\"  id=\"row-1308767436\">\n\n\n\n<\/div>","protected":false},"excerpt":{"rendered":"","protected":false},"author":5,"featured_media":0,"parent":0,"menu_order":0,"comment_status":"closed","ping_status":"closed","template":"","meta":{"footnotes":""},"class_list":["post-1031","page","type-page","status-publish","hentry"],"_links":{"self":[{"href":"https:\/\/treelofts.com\/de\/wp-json\/wp\/v2\/pages\/1031","targetHints":{"allow":["GET"]}}],"collection":[{"href":"https:\/\/treelofts.com\/de\/wp-json\/wp\/v2\/pages"}],"about":[{"href":"https:\/\/treelofts.com\/de\/wp-json\/wp\/v2\/types\/page"}],"author":[{"embeddable":true,"href":"https:\/\/treelofts.com\/de\/wp-json\/wp\/v2\/users\/5"}],"replies":[{"embeddable":true,"href":"https:\/\/treelofts.com\/de\/wp-json\/wp\/v2\/comments?post=1031"}],"version-history":[{"count":0,"href":"https:\/\/treelofts.com\/de\/wp-json\/wp\/v2\/pages\/1031\/revisions"}],"wp:attachment":[{"href":"https:\/\/treelofts.com\/de\/wp-json\/wp\/v2\/media?parent=1031"}],"curies":[{"name":"wp","href":"https:\/\/api.w.org\/{rel}","templated":true}]}}