{"id":1046,"date":"2025-02-11T00:24:24","date_gmt":"2025-02-11T08:24:24","guid":{"rendered":"https:\/\/azh5n13ivf.onrocket.site\/?page_id=1046"},"modified":"2025-02-13T17:36:53","modified_gmt":"2025-02-14T01:36:53","slug":"baumhauser-im-jurtenstil","status":"publish","type":"page","link":"https:\/\/treelofts.com\/de\/baumhauser-im-jurtenstil\/","title":{"rendered":"Baumh\u00e4user im Jurtenstil"},"content":{"rendered":"<div class=\"banner has-hover\" id=\"banner-323759378\">\n          <div class=\"banner-inner fill\">\n        <div class=\"banner-bg fill\" >\n            <img decoding=\"async\" width=\"819\" height=\"1024\" src=\"https:\/\/treelofts.com\/wp-content\/uploads\/2025\/02\/Tree-House-19.jpg\" class=\"bg attachment-original size-original\" alt=\"\" title=\"\">                        <div class=\"overlay\"><\/div>            \n                    <\/div>\n\t\t\n        <div class=\"banner-layers container\">\n            <div class=\"fill banner-link\"><\/div>            \n\n   <div id=\"text-box-852974862\" class=\"text-box banner-layer x50 md-x50 lg-x50 y50 md-y50 lg-y50 res-text\">\n                                <div class=\"text-box-content text dark\">\n              \n              <div class=\"text-inner text-center\">\n                  \n\n<h3>Erleben Sie gem\u00fctlichen, runden und rustikalen Luxus<\/h3>\n<h1><strong>Baumh\u00e4user im Jurtenstil<\/strong><\/h1>\n<p>Lorem ipsum dolor sit amet, consectetuer adipiscing elit, sed diam nonummy nibh euismod tincidunt ut laoreet dolore magna aliquam erat volutpat.<\/p>\n\n              <\/div>\n           <\/div>\n                            \n<style>\n#text-box-852974862 {\n  width: 60%;\n}\n#text-box-852974862 .text-box-content {\n  font-size: 100%;\n}\n<\/style>\n    <\/div>\n \n\n        <\/div>\n      <\/div>\n\n            \n<style>\n#banner-323759378 {\n  padding-top: 698px;\n}\n#banner-323759378 .overlay {\n  background-color: rgba(0,0,0,.5);\n}\n#banner-323759378 .banner-bg img {\n  object-position: 56% 37%;\n}\n@media (min-width:550px) {\n  #banner-323759378 {\n    padding-top: 800px;\n  }\n}\n<\/style>\n  <\/div>\n\n\n\n\t<section class=\"section\" id=\"section_1569451571\">\n\t\t<div class=\"section-bg fill\" >\n\t\t\t\t\t\t\t\t\t\n\t\t\t\n\n\t\t<\/div>\n\n\t\t\n\n\t\t<div class=\"section-content relative\">\n\t\t\t\n\n<div class=\"row row-collapse align-middle\" style=\"max-width:1300px\" id=\"row-795653400\">\n\n\n\t<div id=\"col-1689752716\" class=\"col small-12 large-12\"  >\n\t\t\t\t<div class=\"col-inner\" style=\"background-color:rgb(246, 246, 246);\" >\n\t\t\t\n\t\t\t\n\n<div class=\"row row-collapse align-middle\" style=\"max-width:1300px\" id=\"row-1081421060\">\n\n\n\t<div id=\"col-1059167579\" class=\"col medium-12 small-12 large-6\"  >\n\t\t\t\t<div class=\"col-inner\"  >\n\t\t\t\n\t\t\t\n\n\n  <div class=\"banner has-hover\" id=\"banner-1830476460\">\n          <div class=\"banner-inner fill\">\n        <div class=\"banner-bg fill\" >\n            <img decoding=\"async\" width=\"1020\" height=\"680\" src=\"https:\/\/treelofts.com\/wp-content\/uploads\/2025\/02\/How-to-Build-a-Modern-Tree-House-Step-by-Step-Compliance-with-2024-Building-Codes-3.jpg\" class=\"bg attachment-large size-large\" alt=\"\" title=\"\">                                    \n                    <\/div>\n\t\t\n        <div class=\"banner-layers container\">\n            <div class=\"fill banner-link\"><\/div>            \n\n   <div id=\"text-box-571894051\" class=\"text-box banner-layer x50 md-x50 lg-x50 y50 md-y50 lg-y50 res-text\">\n                                <div class=\"text-box-content text dark\">\n              \n              <div class=\"text-inner text-center\">\n                  \n\n\n              <\/div>\n           <\/div>\n                            \n<style>\n#text-box-571894051 {\n  width: 60%;\n}\n#text-box-571894051 .text-box-content {\n  font-size: 100%;\n}\n@media (min-width:550px) {\n  #text-box-571894051 {\n    width: 60%;\n  }\n}\n<\/style>\n    <\/div>\n \n\n        <\/div>\n      <\/div>\n\n            \n<style>\n#banner-1830476460 {\n  padding-top: 300px;\n  background-color: rgb(255,255,255);\n}\n@media (min-width:550px) {\n  #banner-1830476460 {\n    padding-top: 400px;\n  }\n}\n@media (min-width:850px) {\n  #banner-1830476460 {\n    padding-top: 500px;\n  }\n}\n<\/style>\n  <\/div>\n\n\n\n\t\t<\/div>\n\t\t\t\t\t<\/div>\n\n\t\n\n\t<div id=\"col-400771721\" class=\"col medium-12 small-12 large-6\"  >\n\t\t\t\t<div class=\"col-inner\" style=\"background-color:rgb(246, 246, 246);\" >\n\t\t\t\n\t\t\t\n\n\t<div id=\"text-4202953504\" class=\"text\">\n\t\t\n\n<h2 data-start=\"1162\" data-end=\"1206\"><strong data-start=\"1166\" data-end=\"1204\">Warum ein Baumhaus im Jurtenstil?<\/strong><\/h2>\n\t\t\n<style>\n#text-4202953504 {\n  font-size: 1.5rem;\n}\n<\/style>\n\t<\/div>\n\t\n<p>Baumh\u00e4user im Jurtenstil sind nicht nur \u00e4sthetisch ansprechend, sondern auch sehr n\u00fctzlich. Mit ihrer cleveren Raumnutzung, der verbesserten Bel\u00fcftung und der ungew\u00f6hnlichen Verbindung mit der Natur - die mit herk\u00f6mmlichen rechteckigen Konstruktionen kaum zu erreichen ist - optimieren sie Hier sind die Gr\u00fcnde, warum ein Baumhaus im Jurtenstil ideal f\u00fcr Sie sein k\u00f6nnte:<\/p>\n\n\t\t<\/div>\n\t\t\t\t\n<style>\n#col-400771721 > .col-inner {\n  padding: 40px 30px 30px 30px;\n}\n@media (min-width:550px) {\n  #col-400771721 > .col-inner {\n    padding: 50px 75px 50px 75px;\n  }\n}\n@media (min-width:850px) {\n  #col-400771721 > .col-inner {\n    padding: 0px 75px 0px 75px;\n  }\n}\n<\/style>\n\t<\/div>\n\n\t\n\n<\/div>\n\n\t\t<\/div>\n\t\t\t\t\t<\/div>\n\n\t\n\n<\/div>\n\t<div id=\"gap-525083479\" class=\"gap-element clearfix\" style=\"display:block; height:auto;\">\n\t\t\n<style>\n#gap-525083479 {\n  padding-top: 60px;\n}\n<\/style>\n\t<\/div>\n\t\n\n<div class=\"row\"  id=\"row-1876536034\">\n\n\n\t<div id=\"col-479737616\" class=\"col small-12 large-12\"  >\n\t\t\t\t<div class=\"col-inner\"  >\n\t\t\t\n\t\t\t\n\n<h3><strong>1. Einzigartiges und ger\u00e4umiges Design<\/strong><\/h3>\n<p>Im Gegensatz zu konventionellen Baumh\u00e4usern mit gleicher Grundfl\u00e4che wirkt ein Baumhaus im Jurtenstil gr\u00f6\u00dfer und einladender, weil die runde Anordnung Offenheit und Bewegung f\u00f6rdert. Der Raum wirkt harmonisch, frei flie\u00dfend und nat\u00fcrlich - perfekt f\u00fcr Freizeit, Kreativit\u00e4t und eine Verbindung zur Natur ohne harte Kanten und trennende W\u00e4nde.<\/p>\n<h3><strong>2. Eine perfekte Mischung aus Komfort und Natur<\/strong><\/h3>\n<p>Baumh\u00e4user im Jurtenstil bieten ein komfortables Lebensumfeld und sind dennoch in die Natur eingebettet, im Gegensatz zu herk\u00f6mmlichen Baumh\u00e4usern, die streng oder klein wirken k\u00f6nnen. Gro\u00dfe Fenster, Oberlichter und umlaufende Terrassen erm\u00f6glichen es Ihnen, erstaunliche Ausblicke zu genie\u00dfen und gleichzeitig eine angenehme Innentemperatur zu bewahren.<\/p>\n<h3><strong>3. Umweltfreundlich und energieeffizient<\/strong><\/h3>\n<p>Die kugelf\u00f6rmige Form eines Baumhauses im Jurtenstil hilft auf nat\u00fcrliche Weise, die Temperatur zu regulieren und so den Bedarf an Heizung oder K\u00fchlung zu senken. Die durch die Architektur beg\u00fcnstigte bessere Bel\u00fcftung tr\u00e4gt dazu bei, dass der Raum im Sommer k\u00fchler und im Winter w\u00e4rmer bleibt. Durch die Verwendung nachhaltiger Materialien wie recyceltem Holz und \u00d6ko-Isolierung verwandeln sich diese Baumh\u00e4user in einen nat\u00fcrlichen Lebensraum, der mit und nicht gegen die Umwelt arbeitet.<\/p>\n<h3><strong>4. Vielseitig und multifunktional<\/strong><\/h3>\n<p>Jeder kann ein Baumhaus im Jurtenstil nach seinen eigenen Vorstellungen gestalten. Ob als G\u00e4stehaus, K\u00fcnstleratelier oder sogar als schicke Airbnb-Vermietung - das flexible Design erm\u00f6glicht eine Reihe einzigartiger Grundrisse. Die Aufteilung des Raums in mehrere funktionale Zonen - wie Wohnzimmer, Schlafzimmer und Arbeitsbereich - innerhalb einer exquisiten, einheitlichen Konstruktion wird durch die runde Form ebenfalls vereinfacht.<\/p>\n\n\t\t<\/div>\n\t\t\t\t\t<\/div>\n\n\t\n\n<\/div>\n\n\t\t<\/div>\n\n\t\t\n<style>\n#section_1569451571 {\n  padding-top: 60px;\n  padding-bottom: 60px;\n}\n<\/style>\n\t<\/section>\n\t\n<div class=\"row row-collapse row-full-width\"  id=\"row-573163771\">\n\n\n\t<div id=\"col-876300362\" class=\"col medium-6 small-12 large-6\"  >\n\t\t\t\t<div class=\"col-inner\"  >\n\t\t\t\n\t\t\t\n\n\n  <div class=\"banner has-hover\" id=\"banner-129073461\">\n          <div class=\"banner-inner fill\">\n        <div class=\"banner-bg fill\" >\n            <img decoding=\"async\" width=\"1080\" height=\"1080\" src=\"https:\/\/treelofts.com\/wp-content\/uploads\/2025\/02\/Yurt-Style-Treehouses-2.jpg\" class=\"bg attachment-original size-original\" alt=\"\" title=\"\">                                    \n                    <\/div>\n\t\t\n        <div class=\"banner-layers container\">\n            <div class=\"fill banner-link\"><\/div>            \n\n   <div id=\"text-box-182333939\" class=\"text-box banner-layer x50 md-x50 lg-x50 y50 md-y50 lg-y50 res-text\">\n                                <div class=\"text-box-content text dark\">\n              \n              <div class=\"text-inner text-center\">\n                  \n\n\n              <\/div>\n           <\/div>\n                            \n<style>\n#text-box-182333939 {\n  width: 60%;\n}\n#text-box-182333939 .text-box-content {\n  font-size: 100%;\n}\n<\/style>\n    <\/div>\n \n\n        <\/div>\n      <\/div>\n\n            \n<style>\n#banner-129073461 {\n  padding-top: 300px;\n  background-color: rgba(255, 255, 255, 0);\n}\n#banner-129073461 .banner-bg img {\n  object-position: 52% 41%;\n}\n@media (min-width:550px) {\n  #banner-129073461 {\n    padding-top: 350px;\n  }\n}\n@media (min-width:850px) {\n  #banner-129073461 {\n    padding-top: 1174px;\n  }\n}\n<\/style>\n  <\/div>\n\n\n\n\t\t<\/div>\n\t\t\t\t\t<\/div>\n\n\t\n\n\t<div id=\"col-1469583245\" class=\"col medium-6 small-12 large-6\"  >\n\t\t\t\t<div class=\"col-inner\"  >\n\t\t\t\n\t\t\t\n\n\n\t<section class=\"section\" id=\"section_1906692403\">\n\t\t<div class=\"section-bg fill\" >\n\t\t\t\t\t\t\t\t\t\n\t\t\t\n\n\t\t<\/div>\n\n\t\t\n\n\t\t<div class=\"section-content relative\">\n\t\t\t\n\n<div class=\"row align-center\"  id=\"row-1272354784\">\n\n\n\t<div id=\"col-706965160\" class=\"col medium-10 small-12 large-9\"  >\n\t\t\t\t<div class=\"col-inner text-center\"  >\n\t\t\t\n\t\t\t\n\n\t<div id=\"gap-612146521\" class=\"gap-element clearfix\" style=\"display:block; height:auto;\">\n\t\t\n<style>\n#gap-612146521 {\n  padding-top: 40px;\n}\n<\/style>\n\t<\/div>\n\t\n\n\t<div id=\"text-587037606\" class=\"text\">\n\t\t\n\n<h2 style=\"text-align: left;\" data-start=\"3263\" data-end=\"3314\"><strong data-start=\"3267\" data-end=\"3312\">Gestaltungselemente f\u00fcr ein Baumhaus im Jurtenstil<\/strong><\/h2>\n\t\t\n<style>\n#text-587037606 {\n  font-size: 1.5rem;\n}\n<\/style>\n\t<\/div>\n\t\n<p style=\"text-align: left;\">Baumh\u00e4user im Jurtenstil kombinieren moderne Elemente mit der nat\u00fcrlichen Sch\u00f6nheit einer klassischen Jurte und verbinden Geschichte mit Kreativit\u00e4t. Hier sind einige wichtige Gestaltungsaspekte, \u00fcber die man nachdenken sollte:<\/p>\n<p style=\"text-align: left;\"><strong>1. Runder Holzrahmen f\u00fcr St\u00e4rke und Sch\u00f6nheit<\/strong><br \/>Ein Markenzeichen der Jurte ist ihr kreisf\u00f6rmiger Holzrahmen, der St\u00e4rke und Flexibilit\u00e4t bietet. Diese Form sieht nicht nur sch\u00f6n aus, sondern h\u00e4lt auch Wind und Regen besser stand als quadratische Konstruktionen.<\/p>\n<p style=\"text-align: left;\"><strong>2. Oberlicht oder Kuppel f\u00fcr nat\u00fcrliches Licht<\/strong><br \/>Das Dachfenster in der Mitte eines Baumhauses im Jurtenstil ist eines der faszinierendsten Elemente, da es das Innere tags\u00fcber mit nat\u00fcrlichem Licht durchflutet und nachts einen fantastischen Blick auf die Sterne bietet. Diese Funktion steigert nicht nur die visuelle Attraktivit\u00e4t, sondern f\u00f6rdert auch die Bel\u00fcftung und den Luftstrom und verleiht dem Raum ein leichtes und luftiges Gef\u00fchl.<\/p>\n<p style=\"text-align: left;\"><strong>3. Gro\u00dfe Fenster f\u00fcr ein Panoramaerlebnis<\/strong><br \/>Ein gut gebautes Jurten-Baumhaus sollte Sie ganz in die Natur versetzen. Gro\u00dfe, umlaufende Fenster oder Glast\u00fcren vermitteln den Eindruck, mitten in den Baumkronen zu wohnen, da sie einen ungehinderten Blick auf den umliegenden Wald erm\u00f6glichen.<\/p>\n<p style=\"text-align: left;\"><strong>4. Ein offenes Konzept f\u00fcr eine gem\u00fctliche Atmosph\u00e4re<\/strong><br \/>Da es in einem Baumhaus im Jurtenstil keine harten Ecken gibt, ist das Wohnumfeld flexibler und einladender. Ein offener Raum kann eine winzige K\u00fcchenzeile, eine gem\u00fctliche Sitzecke, eine Schlafecke und sogar einen Kamin haben - alles l\u00e4sst sich leicht verbinden, um die Weite zu betonen.<\/p>\n<p style=\"text-align: left;\"><strong>5. Erh\u00f6htes Deck f\u00fcr den Genuss im Freien<\/strong><br \/>Ohne eine wundersch\u00f6ne Terrasse, die das Jurten-Baumhaus umgibt, ist es nicht ganz. Eine erh\u00f6hte Terrasse erweitert Ihren Wohnbereich und bietet den idealen R\u00fcckzugsort im Freien, ob Sie nun Ihren Morgenkaffee genie\u00dfen, den Sonnenuntergang betrachten oder einfach nur die saubere Waldluft einatmen.<\/p>\n<a href=\"https:\/\/treelofts.com\/de\/kontaktieren-sie-uns\/\" class=\"button secondary\"  style=\"border-radius:99px;padding:5px 20px 5px 20px;\">\n\t\t<span>Kontakt US<\/span>\n\t<\/a>\n\n\n\n\t\t<\/div>\n\t\t\t\t\t<\/div>\n\n\t\n\n<\/div>\n\n\t\t<\/div>\n\n\t\t\n<style>\n#section_1906692403 {\n  padding-top: 0px;\n  padding-bottom: 0px;\n  min-height: 300px;\n}\n@media (min-width:550px) {\n  #section_1906692403 {\n    min-height: 350px;\n  }\n}\n@media (min-width:850px) {\n  #section_1906692403 {\n    min-height: 425px;\n  }\n}\n<\/style>\n\t<\/section>\n\t\n\n\t\t<\/div>\n\t\t\t\t\t<\/div>\n\n\t\n\n<\/div>\n<div class=\"row row-collapse row-full-width\"  id=\"row-1531254884\">\n\n\n\t<div id=\"col-708298068\" class=\"col medium-6 small-12 large-6\"  >\n\t\t\t\t<div class=\"col-inner\"  >\n\t\t\t\n\t\t\t\n\n\n\t<section class=\"section\" id=\"section_439514703\">\n\t\t<div class=\"section-bg fill\" >\n\t\t\t\t\t\t\t\t\t\n\t\t\t\n\n\t\t<\/div>\n\n\t\t\n\n\t\t<div class=\"section-content relative\">\n\t\t\t\n\n<div class=\"row align-center\"  id=\"row-929971321\">\n\n\n\t<div id=\"col-2008812994\" class=\"col medium-11 small-12 large-9\"  >\n\t\t\t\t<div class=\"col-inner text-center\"  >\n\t\t\t\n\t\t\t\n\n\t<div id=\"gap-64243798\" class=\"gap-element clearfix\" style=\"display:block; height:auto;\">\n\t\t\n<style>\n#gap-64243798 {\n  padding-top: 40px;\n}\n<\/style>\n\t<\/div>\n\t\n\n\t<div id=\"text-2041525459\" class=\"text\">\n\t\t\n\n<h2 style=\"text-align: left;\" data-start=\"5283\" data-end=\"5328\"><strong data-start=\"5287\" data-end=\"5326\">Wie man ein Baumhaus im Stil einer Jurte baut\uff1f<\/strong><\/h2>\n\t\t\n<style>\n#text-2041525459 {\n  font-size: 1.5rem;\n}\n<\/style>\n\t<\/div>\n\t\n<p style=\"text-align: left;\">F\u00fcr ein Baumhaus im Jurtenstil ist zwar eine sorgf\u00e4ltige Planung erforderlich, aber das Ergebnis ist die Arbeit allemal wert! Hier erfahren Sie, worauf Sie achten sollten, um Ihre Vision zu verwirklichen:<\/p>\n<p style=\"text-align: left;\"><strong>1. Die Auswahl der richtigen B\u00e4ume f\u00fcr die Unterst\u00fctzung<\/strong><br \/>Baumh\u00e4user im Jurtenstil ben\u00f6tigen einen stabilen Untergrund, daher ist die Auswahl der richtigen B\u00e4ume f\u00fcr die Verankerung absolut wichtig. Um die runde Konstruktion zu st\u00fctzen, ben\u00f6tigen Sie reife, robuste B\u00e4ume, die einen guten Abstand haben.<\/p>\n<p style=\"text-align: left;\"><strong>2. Sicherstellung der Witterungsbest\u00e4ndigkeit<\/strong><br \/>Die charakteristische kuppelartige Form eines Baumhauses im Jurtenstil macht einen angemessenen Wetterschutz besonders wichtig. Hochwertige Dachmaterialien, wasserfestes Holz und isolierte W\u00e4nde sch\u00fctzen das Baumhaus besser vor Regen, Wind und Temperaturschwankungen.<\/p>\n<p style=\"text-align: left;\"><strong>3. Auswahl eines Eingangsbereichs, der das Design erg\u00e4nzt<\/strong><br \/>Ein Baumhaus im Jurtenstil verlangt nach einem nahtloseren und nat\u00fcrlicheren Eingang als herk\u00f6mmliche Baumh\u00e4user mit einer Stufe, die zu einer kastenf\u00f6rmigen Konstruktion hinauff\u00fchrt. Um das runde Aussehen zu betonen, k\u00f6nnen Sie eine H\u00e4ngeseilbr\u00fccke, eine geschwungene Treppe oder sogar eine Wendeltreppe einbauen.<\/p>\n<p style=\"text-align: left;\"><strong>4. Einbindung umweltfreundlicher Elemente<\/strong><br \/>Verwenden Sie nat\u00fcrliche und umweltfreundliche Produkte, wo immer Sie k\u00f6nnen, um die Ideen des nachhaltigen Lebens zu verwirklichen. Umweltfreundliches Bauen kann von Bambusb\u00f6den, wiederverwendeten Holzverkleidungen und energieeffizienter D\u00e4mmung profitieren.<\/p>\n<p style=\"text-align: left;\"><strong>5. Eine gem\u00fctliche und funktionale Einrichtung schaffen<\/strong><br \/>\u00dcberlegen Sie, wie Sie den Innenraum nutzen wollen. Soll es ein familienfreundlicher R\u00fcckzugsort, ein kreatives Refugium oder ein romantischer R\u00fcckzugsort sein? Eine warme Beleuchtung, vielseitige Aufbewahrungsm\u00f6glichkeiten und Einbaum\u00f6bel tragen dazu bei, den Raum zu maximieren und dennoch eine komfortable und einladende Umgebung zu schaffen.<\/p>\n<a href=\"https:\/\/treelofts.com\/de\/kontaktieren-sie-uns\/\" class=\"button secondary\"  style=\"border-radius:99px;padding:5px 20px 5px 20px;\">\n\t\t<span>Kontakt US<\/span>\n\t<\/a>\n\n\n\n\t\t<\/div>\n\t\t\t\t\t<\/div>\n\n\t\n\n<\/div>\n\n\t\t<\/div>\n\n\t\t\n<style>\n#section_439514703 {\n  padding-top: 0px;\n  padding-bottom: 0px;\n  min-height: 300px;\n}\n@media (min-width:550px) {\n  #section_439514703 {\n    min-height: 350px;\n  }\n}\n@media (min-width:850px) {\n  #section_439514703 {\n    min-height: 425px;\n  }\n}\n<\/style>\n\t<\/section>\n\t\n\n\t\t<\/div>\n\t\t\t\t\t<\/div>\n\n\t\n\n\t<div id=\"col-1215404524\" class=\"col medium-6 small-12 large-6 small-col-first\"  >\n\t\t\t\t<div class=\"col-inner\"  >\n\t\t\t\n\t\t\t\n\n\n  <div class=\"banner has-hover\" id=\"banner-1269355488\">\n          <div class=\"banner-inner fill\">\n        <div class=\"banner-bg fill\" >\n            <img decoding=\"async\" width=\"819\" height=\"1024\" src=\"https:\/\/treelofts.com\/wp-content\/uploads\/2025\/02\/Tree-House-19.jpg\" class=\"bg attachment-original size-original\" alt=\"\" title=\"\">                                    \n                    <\/div>\n\t\t\n        <div class=\"banner-layers container\">\n            <div class=\"fill banner-link\"><\/div>            \n\n   <div id=\"text-box-1141369628\" class=\"text-box banner-layer x50 md-x50 lg-x50 y50 md-y50 lg-y50 res-text\">\n                                <div class=\"text-box-content text dark\">\n              \n              <div class=\"text-inner text-center\">\n                  \n\n\n              <\/div>\n           <\/div>\n                            \n<style>\n#text-box-1141369628 {\n  width: 60%;\n}\n#text-box-1141369628 .text-box-content {\n  font-size: 100%;\n}\n<\/style>\n    <\/div>\n \n\n        <\/div>\n      <\/div>\n\n            \n<style>\n#banner-1269355488 {\n  padding-top: 300px;\n  background-color: rgba(255, 255, 255, 0);\n}\n#banner-1269355488 .banner-bg img {\n  object-position: 81% 41%;\n}\n@media (min-width:550px) {\n  #banner-1269355488 {\n    padding-top: 350px;\n  }\n}\n@media (min-width:850px) {\n  #banner-1269355488 {\n    padding-top: 1194px;\n  }\n}\n<\/style>\n  <\/div>\n\n\n\n\t\t<\/div>\n\t\t\t\t\t<\/div>\n\n\t\n\n<\/div>\n<div class=\"row\"  id=\"row-445368208\">\n\n\n\t<div id=\"col-1570071162\" class=\"col small-12 large-12\"  >\n\t\t\t\t<div class=\"col-inner\"  >\n\t\t\t\n\t\t\t\n\n\t<div id=\"text-927295626\" class=\"text\">\n\t\t\n\n<h2><strong data-start=\"7100\" data-end=\"7143\">Ihr Traum-Baumhaus im Jurtenstil erwartet Sie!<\/strong><\/h2>\n\t\t\n<style>\n#text-927295626 {\n  font-size: 1.5rem;\n}\n<\/style>\n\t<\/div>\n\t\n<p>Ein Baumhaus im Jurtenstil bietet eher eine Erfahrung als einen Aufenthaltsort. Es geht darum, die Einfachheit zu sch\u00e4tzen, sich wieder mit der Natur zu verbinden und das Leben zu entschleunigen. Diese besondere Form des Baumhauses ist das ideale Mittel zur Verwirklichung Ihrer Fantasie von einem rustikalen Refugium tief im Wald, einem pr\u00e4chtigen Aufenthalt in der Baumkrone oder einer kreativen Flucht inmitten der Umwelt.<\/p>\n<p>Bei Treelofts bieten wir Ihnen professionelle Beratung und Ideen, damit Sie das ideale Baumhaus im Jurtenstil entwerfen und bauen k\u00f6nnen. Wir helfen Ihnen bei der Planung und garantieren, dass Ihr Baumhaus wundersch\u00f6n, n\u00fctzlich und langlebig ist, auch wenn wir keine Montageleistungen anbieten.<\/p>\n<p><strong>Warum also abwarten? Beginnen Sie jetzt mit der Planung Ihres Traum-Baumhauses im Jurtenstil, um Ihren Au\u00dfenbereich zu verzaubern!<\/strong><\/p>\n\n\t\t<\/div>\n\t\t\t\t\n<style>\n#col-1570071162 > .col-inner {\n  padding: 50px 0px 50px 0px;\n}\n<\/style>\n\t<\/div>\n\n\t\n\n<\/div>\n\n  <div class=\"banner has-hover\" id=\"banner-35042456\">\n          <div class=\"banner-inner fill\">\n        <div class=\"banner-bg fill\" >\n            <img decoding=\"async\" width=\"1020\" height=\"680\" src=\"https:\/\/treelofts.com\/wp-content\/uploads\/2025\/02\/How-to-Build-a-Modern-Tree-House-Step-by-Step-Compliance-with-2024-Building-Codes-3.jpg\" class=\"bg attachment-large size-large\" alt=\"\" title=\"\">                        <div class=\"overlay\"><\/div>            \n                    <\/div>\n\t\t\n        <div class=\"banner-layers container\">\n            <div class=\"fill banner-link\"><\/div>            \n\n   <div id=\"text-box-1706489010\" class=\"text-box banner-layer x50 md-x50 lg-x50 y50 md-y50 lg-y50 res-text\">\n                                <div class=\"text-box-content text dark\">\n              \n              <div class=\"text-inner text-center\">\n                  \n\n<p>Lassen Sie uns Ihre Vision zum Leben erwecken<\/p>\n<h2><strong>Herstellung von Traum-Baumh\u00e4usern seit 2013<\/strong><\/h2>\n<a href=\"https:\/\/treelofts.com\/de\/kontaktieren-sie-uns\/\" class=\"button white is-outline\"  >\n\t\t<span>Beginnen Sie Ihre Baumhausreise noch heute<\/span>\n\t<\/a>\n\n\n\n              <\/div>\n           <\/div>\n                            \n<style>\n#text-box-1706489010 {\n  width: 60%;\n}\n#text-box-1706489010 .text-box-content {\n  font-size: 100%;\n}\n<\/style>\n    <\/div>\n \n\n        <\/div>\n      <\/div>\n\n            \n<style>\n#banner-35042456 {\n  padding-top: 350px;\n}\n#banner-35042456 .overlay {\n  background-color: rgba(0, 0, 0, 0.17);\n}\n#banner-35042456 .banner-bg img {\n  object-position: 52% 70%;\n}\n<\/style>\n  <\/div>\n\n\n<div class=\"woocommerce columns-4\"><\/div>\n\n<div class=\"row\"  id=\"row-445315708\">\n\n\n\n<\/div>","protected":false},"excerpt":{"rendered":"","protected":false},"author":5,"featured_media":0,"parent":0,"menu_order":0,"comment_status":"closed","ping_status":"closed","template":"","meta":{"footnotes":""},"class_list":["post-1046","page","type-page","status-publish","hentry"],"_links":{"self":[{"href":"https:\/\/treelofts.com\/de\/wp-json\/wp\/v2\/pages\/1046","targetHints":{"allow":["GET"]}}],"collection":[{"href":"https:\/\/treelofts.com\/de\/wp-json\/wp\/v2\/pages"}],"about":[{"href":"https:\/\/treelofts.com\/de\/wp-json\/wp\/v2\/types\/page"}],"author":[{"embeddable":true,"href":"https:\/\/treelofts.com\/de\/wp-json\/wp\/v2\/users\/5"}],"replies":[{"embeddable":true,"href":"https:\/\/treelofts.com\/de\/wp-json\/wp\/v2\/comments?post=1046"}],"version-history":[{"count":0,"href":"https:\/\/treelofts.com\/de\/wp-json\/wp\/v2\/pages\/1046\/revisions"}],"wp:attachment":[{"href":"https:\/\/treelofts.com\/de\/wp-json\/wp\/v2\/media?parent=1046"}],"curies":[{"name":"wp","href":"https:\/\/api.w.org\/{rel}","templated":true}]}}