{"id":1053,"date":"2025-02-11T00:50:16","date_gmt":"2025-02-11T08:50:16","guid":{"rendered":"https:\/\/azh5n13ivf.onrocket.site\/?page_id=1053"},"modified":"2025-02-13T17:56:11","modified_gmt":"2025-02-14T01:56:11","slug":"baumkletterer","status":"publish","type":"page","link":"https:\/\/treelofts.com\/de\/baumkletterer\/","title":{"rendered":"Baumkletterer"},"content":{"rendered":"<div class=\"banner has-hover\" id=\"banner-65459103\">\n          <div class=\"banner-inner fill\">\n        <div class=\"banner-bg fill\" >\n            <img decoding=\"async\" width=\"1080\" height=\"1080\" src=\"https:\/\/treelofts.com\/wp-content\/uploads\/2025\/02\/Tree-Climber-6.jpg\" class=\"bg attachment-original size-original\" alt=\"\" title=\"\">                        <div class=\"overlay\"><\/div>            \n                    <\/div>\n\t\t\n        <div class=\"banner-layers container\">\n            <div class=\"fill banner-link\"><\/div>            \n\n   <div id=\"text-box-1359720122\" class=\"text-box banner-layer x50 md-x50 lg-x50 y50 md-y50 lg-y50 res-text\">\n                                <div class=\"text-box-content text dark\">\n              \n              <div class=\"text-inner text-center\">\n                  \n\n<h3>Erleben Sie Ihr Baumhaus-Abenteuer in neuen Dimensionen!<\/h3>\n<h1><strong>Baumkletterer<\/strong><\/h1>\n<p>Ein Baumhaus ist nat\u00fcrlich ein gro\u00dfartiger Ort zum Spielen, Entspannen und um seiner Fantasie freien Lauf zu lassen, aber wie w\u00e4re es, wenn das Klettern dort zum Abenteuer z\u00e4hlen w\u00fcrde? Stellen Sie sich vor, Sie klettern an einem Kletterseil hinauf, schl\u00e4ngeln sich an einem Kletternetz hoch oder \u00fcberwinden eine am Baum befestigte Felswand, anstatt eine herk\u00f6mmliche Leiter oder Treppe zu benutzen. Ein Baumkletterer verleiht Ihrem Baumhaus ein ganz neues Ma\u00df an Abenteuer, Herausforderung und Aufregung und verwandelt es in ein echtes Refugium f\u00fcr echte Abenteurer.<\/p>\n\n              <\/div>\n           <\/div>\n                            \n<style>\n#text-box-1359720122 {\n  width: 84%;\n}\n#text-box-1359720122 .text-box-content {\n  font-size: 100%;\n}\n<\/style>\n    <\/div>\n \n\n        <\/div>\n      <\/div>\n\n            \n<style>\n#banner-65459103 {\n  padding-top: 668px;\n}\n#banner-65459103 .overlay {\n  background-color: rgba(0,0,0,.5);\n}\n#banner-65459103 .banner-bg img {\n  object-position: 46% 60%;\n}\n@media (min-width:550px) {\n  #banner-65459103 {\n    padding-top: 800px;\n  }\n}\n<\/style>\n  <\/div>\n\n\n\n\t<section class=\"section\" id=\"section_1692785190\">\n\t\t<div class=\"section-bg fill\" >\n\t\t\t\t\t\t\t\t\t\n\t\t\t\n\n\t\t<\/div>\n\n\t\t\n\n\t\t<div class=\"section-content relative\">\n\t\t\t\n\n<div class=\"row row-collapse align-middle\" style=\"max-width:1300px\" id=\"row-1529397371\">\n\n\n\t<div id=\"col-1405767282\" class=\"col small-12 large-12\"  >\n\t\t\t\t<div class=\"col-inner\" style=\"background-color:rgb(246, 246, 246);\" >\n\t\t\t\n\t\t\t\n\n<div class=\"row row-collapse align-middle\" style=\"max-width:1300px\" id=\"row-980476228\">\n\n\n\t<div id=\"col-929132752\" class=\"col medium-12 small-12 large-6\"  >\n\t\t\t\t<div class=\"col-inner\"  >\n\t\t\t\n\t\t\t\n\n\n  <div class=\"banner has-hover\" id=\"banner-2036559391\">\n          <div class=\"banner-inner fill\">\n        <div class=\"banner-bg fill\" >\n            <img decoding=\"async\" width=\"1080\" height=\"1080\" src=\"https:\/\/treelofts.com\/wp-content\/uploads\/2025\/02\/Tree-Climber-2.jpg\" class=\"bg attachment-original size-original\" alt=\"\" title=\"\">                                    \n                    <\/div>\n\t\t\n        <div class=\"banner-layers container\">\n            <div class=\"fill banner-link\"><\/div>            \n\n   <div id=\"text-box-304670496\" class=\"text-box banner-layer x50 md-x50 lg-x50 y50 md-y50 lg-y50 res-text\">\n                                <div class=\"text-box-content text dark\">\n              \n              <div class=\"text-inner text-center\">\n                  \n\n\n              <\/div>\n           <\/div>\n                            \n<style>\n#text-box-304670496 {\n  width: 60%;\n}\n#text-box-304670496 .text-box-content {\n  font-size: 100%;\n}\n@media (min-width:550px) {\n  #text-box-304670496 {\n    width: 60%;\n  }\n}\n<\/style>\n    <\/div>\n \n\n        <\/div>\n      <\/div>\n\n            \n<style>\n#banner-2036559391 {\n  padding-top: 300px;\n  background-color: rgb(255,255,255);\n}\n#banner-2036559391 .banner-bg img {\n  object-position: 47% 41%;\n}\n@media (min-width:550px) {\n  #banner-2036559391 {\n    padding-top: 400px;\n  }\n}\n@media (min-width:850px) {\n  #banner-2036559391 {\n    padding-top: 500px;\n  }\n}\n<\/style>\n  <\/div>\n\n\n\n\t\t<\/div>\n\t\t\t\t\t<\/div>\n\n\t\n\n\t<div id=\"col-1936458166\" class=\"col medium-12 small-12 large-6\"  >\n\t\t\t\t<div class=\"col-inner\" style=\"background-color:rgb(246, 246, 246);\" >\n\t\t\t\n\t\t\t\n\n\t<div id=\"text-443040829\" class=\"text\">\n\t\t\n\n<h2 style=\"text-align: left;\" data-start=\"901\" data-end=\"952\"><strong data-start=\"905\" data-end=\"950\">Warum einen Baumkletterer f\u00fcr Ihr Baumhaus?<\/strong><\/h2>\n\t\t\n<style>\n#text-443040829 {\n  font-size: 1.5rem;\n}\n<\/style>\n\t<\/div>\n\t\n<p>Bei einem Baumhaus geht es um die Reise und nicht nur um das Ziel! Und was w\u00fcrde das Erlebnis noch verbessern, als wenn der Aufstieg selbst eine interessante Reise w\u00e4re? Jeder Besuch in Ihrem Baumhaus wird zur Expedition, denn ein Baumkletterer macht aus einer einfachen Aufgabe eine spannende Herausforderung.<\/p>\n<a href=\"https:\/\/treelofts.com\/de\/kontaktieren-sie-uns\/\" class=\"button white is-outline\"  style=\"border-radius:10px;padding:10px 25px 10px 25px;\">\n\t\t<span>Beginnen Sie Ihre Baumhausreise noch heute<\/span>\n\t<\/a>\n\n\n\n\t\t<\/div>\n\t\t\t\t\n<style>\n#col-1936458166 > .col-inner {\n  padding: 40px 30px 30px 30px;\n}\n@media (min-width:550px) {\n  #col-1936458166 > .col-inner {\n    padding: 50px 75px 50px 75px;\n  }\n}\n@media (min-width:850px) {\n  #col-1936458166 > .col-inner {\n    padding: 0px 75px 0px 75px;\n  }\n}\n<\/style>\n\t<\/div>\n\n\t\n\n<\/div>\n\n\t\t<\/div>\n\t\t\t\t\t<\/div>\n\n\t\n\n<\/div>\n\t<div id=\"gap-880278233\" class=\"gap-element clearfix\" style=\"display:block; height:auto;\">\n\t\t\n<style>\n#gap-880278233 {\n  padding-top: 60px;\n}\n<\/style>\n\t<\/div>\n\t\n\n<div class=\"row\"  id=\"row-1559657250\">\n\n\n\t<div id=\"col-81843422\" class=\"col small-12 large-12\"  >\n\t\t\t\t<div class=\"col-inner\"  >\n\t\t\t\n\t\t\t\n\n<h3 style=\"text-align: left;\"><strong>1. Bringen Sie den Nervenkitzel des Abenteuers in Ihren Hinterhof<\/strong><\/h3>\n<p style=\"text-align: left;\">Vergessen Sie h\u00e4ssliche Leitern; der Einstieg in Ihr Baumhaus sollte ein Abenteuer sein. Der Aufstieg auf einen Baumkletterer ist genauso aufregend wie das Verweilen im Baumhaus selbst. Jede Kletterpartie - von einem schwierigen Holzpflock \u00fcber eine schwingende Strickleiter bis hin zu einer schwierigen Kletterwand - gibt Kraft, Vertrauen und Freude.<\/p>\n<h3 style=\"text-align: left;\"><strong>2. Ermutigt zum aktiven Spielen<\/strong><\/h3>\n<p style=\"text-align: left;\">In einer Welt, in der Bildschirme die Unterhaltung bestimmen, motiviert ein Baumkletterer Kinder (und Erwachsene!) dazu, nach drau\u00dfen zu gehen, zu laufen und Spa\u00df zu haben. Das Klettern testet das Gleichgewicht, die Koordination und die Kraft und verwandelt so das Spielen im Freien in ein energiegeladenes, interessantes Training, ohne dass es sich wie Sport anf\u00fchlt.<\/p>\n<h3 style=\"text-align: left;\"><strong>3. F\u00fcgt eine zus\u00e4tzliche Schicht von Spa\u00df und Kreativit\u00e4t hinzu<\/strong><\/h3>\n<p style=\"text-align: left;\">Ein Baumhaus mit Klettereinstieg wirkt wie ein Kr\u00e4hennest f\u00fcr Piraten, ein Geheimversteck oder das Basislager eines Entdeckers. Ganz gleich, ob Kinder sich f\u00fcr ein Abenteuer trainieren, vor Dschungelmonstern fliehen oder eine Felsenfestung erobern - ein Baumkletterer befl\u00fcgelt die Fantasie und gibt jedem Aufstieg einen Sinn und Kontext.<\/p>\n<h3 style=\"text-align: left;\"><strong>4. Alternative zu herk\u00f6mmlichen Zugangspunkten<\/strong><\/h3>\n<p style=\"text-align: left;\">Nicht jeder m\u00f6chte eine einfache Holzleiter oder -treppe, die zu seinem Baumhaus hinauff\u00fchrt. Ein Baumkletterer f\u00fchlt sich wie ein echter Teil der Umgebung an, da er einen unverwechselbaren und modischen Ersatz darstellt, der perfekt in die nat\u00fcrliche Umgebung passt.<\/p>\n<h3 style=\"text-align: left;\"><strong>5. Geeignet f\u00fcr alle Qualifikationsniveaus<\/strong><\/h3>\n<p style=\"text-align: left;\">Baumkletterer gibt es in verschiedenen Formen, so dass vom kleinen Anf\u00e4nger bis zum mutigen Abenteurer jeder eine geeignete Technik findet. Jedes Baumhaus verf\u00fcgt \u00fcber ein geeignetes Kletternetz f\u00fcr j\u00fcngere Kinder oder eine schwierigere Kletterwand f\u00fcr Abenteuerlustige, je nachdem, was Sie bevorzugen.<\/p>\n\n\t\t<\/div>\n\t\t\t\t\t<\/div>\n\n\t\n\n<\/div>\n\n\t\t<\/div>\n\n\t\t\n<style>\n#section_1692785190 {\n  padding-top: 60px;\n  padding-bottom: 60px;\n}\n<\/style>\n\t<\/section>\n\t\n<div class=\"row row-collapse row-full-width\"  id=\"row-550272952\">\n\n\n\t<div id=\"col-599375773\" class=\"col medium-6 small-12 large-6\"  >\n\t\t\t\t<div class=\"col-inner\"  >\n\t\t\t\n\t\t\t\n\n\n  <div class=\"banner has-hover\" id=\"banner-1551581634\">\n          <div class=\"banner-inner fill\">\n        <div class=\"banner-bg fill\" >\n            <img decoding=\"async\" width=\"800\" height=\"800\" src=\"https:\/\/treelofts.com\/wp-content\/uploads\/2025\/02\/Tree-Climber-5-800x800.jpg\" class=\"bg attachment-large size-large\" alt=\"\" title=\"\">                                    \n                    <\/div>\n\t\t\n        <div class=\"banner-layers container\">\n            <div class=\"fill banner-link\"><\/div>            \n\n   <div id=\"text-box-629578399\" class=\"text-box banner-layer x50 md-x50 lg-x50 y50 md-y50 lg-y50 res-text\">\n                                <div class=\"text-box-content text dark\">\n              \n              <div class=\"text-inner text-center\">\n                  \n\n\n              <\/div>\n           <\/div>\n                            \n<style>\n#text-box-629578399 {\n  width: 60%;\n}\n#text-box-629578399 .text-box-content {\n  font-size: 100%;\n}\n<\/style>\n    <\/div>\n \n\n        <\/div>\n      <\/div>\n\n            \n<style>\n#banner-1551581634 {\n  padding-top: 300px;\n  background-color: rgba(255, 255, 255, 0);\n}\n#banner-1551581634 .banner-bg img {\n  object-position: 45% 57%;\n}\n@media (min-width:550px) {\n  #banner-1551581634 {\n    padding-top: 350px;\n  }\n}\n@media (min-width:850px) {\n  #banner-1551581634 {\n    padding-top: 615px;\n  }\n}\n<\/style>\n  <\/div>\n\n\n\n  <div class=\"banner has-hover\" id=\"banner-1939702961\">\n          <div class=\"banner-inner fill\">\n        <div class=\"banner-bg fill\" >\n            <img decoding=\"async\" width=\"800\" height=\"800\" src=\"https:\/\/treelofts.com\/wp-content\/uploads\/2025\/02\/Tree-Climber-3-800x800.jpg\" class=\"bg attachment-large size-large\" alt=\"\" title=\"\">                                    \n                    <\/div>\n\t\t\n        <div class=\"banner-layers container\">\n            <div class=\"fill banner-link\"><\/div>            \n\n   <div id=\"text-box-2131661813\" class=\"text-box banner-layer x50 md-x50 lg-x50 y50 md-y50 lg-y50 res-text\">\n                                <div class=\"text-box-content text dark\">\n              \n              <div class=\"text-inner text-center\">\n                  \n\n\n              <\/div>\n           <\/div>\n                            \n<style>\n#text-box-2131661813 {\n  width: 60%;\n}\n#text-box-2131661813 .text-box-content {\n  font-size: 100%;\n}\n<\/style>\n    <\/div>\n \n\n        <\/div>\n      <\/div>\n\n            \n<style>\n#banner-1939702961 {\n  padding-top: 300px;\n  background-color: rgba(255, 255, 255, 0);\n}\n#banner-1939702961 .banner-bg img {\n  object-position: 49% 72%;\n}\n@media (min-width:550px) {\n  #banner-1939702961 {\n    padding-top: 350px;\n  }\n}\n@media (min-width:850px) {\n  #banner-1939702961 {\n    padding-top: 667px;\n  }\n}\n<\/style>\n  <\/div>\n\n\n\n\t\t<\/div>\n\t\t\t\t\t<\/div>\n\n\t\n\n\t<div id=\"col-1773464660\" class=\"col medium-6 small-12 large-6\"  >\n\t\t\t\t<div class=\"col-inner\"  >\n\t\t\t\n\t\t\t\n\n\n\t<section class=\"section\" id=\"section_2068614885\">\n\t\t<div class=\"section-bg fill\" >\n\t\t\t\t\t\t\t\t\t\n\t\t\t\n\n\t\t<\/div>\n\n\t\t\n\n\t\t<div class=\"section-content relative\">\n\t\t\t\n\n<div class=\"row align-center\"  id=\"row-2105409522\">\n\n\n\t<div id=\"col-300955344\" class=\"col medium-10 small-12 large-9\"  >\n\t\t\t\t<div class=\"col-inner text-center\"  >\n\t\t\t\n\t\t\t\n\n\t<div id=\"text-3290991704\" class=\"text\">\n\t\t\n\n<h2 style=\"text-align: left;\" data-start=\"3127\" data-end=\"3174\"><strong data-start=\"3131\" data-end=\"3172\">Arten von Baumkletterern zur Auswahl<\/strong><\/h2>\n\t\t\n<style>\n#text-3290991704 {\n  font-size: 1.5rem;\n}\n<\/style>\n\t<\/div>\n\t\n<p style=\"text-align: left;\">Die Wahl des richtigen Kletterger\u00e4ts h\u00e4ngt davon ab, wer es benutzen wird, wie hoch Ihr Baumhaus ist und wie viel Abenteuer Sie bieten m\u00f6chten. Baumkletterer gibt es in verschiedenen Formen, Stilen und Schwierigkeitsgraden.<\/p>\n<p style=\"text-align: left;\"><strong>1. Kletterseil - Die klassische Wahl<\/strong><br \/>Ein einfaches, aber n\u00fctzliches Kletterseil verleiht jedem Baumhaus ein altmodisches Abenteuergef\u00fchl. Sowohl Kinder als auch Erwachsene finden ein Kletterseil eine gro\u00dfartige Herausforderung, da es dick und stark ist und Kraft und Koordination des Oberk\u00f6rpers erfordert. Einige Modelle verf\u00fcgen \u00fcber griffunterst\u00fctzte oder geknotete Seile, die den Einstieg ins Klettern erleichtern.<\/p>\n<p style=\"text-align: left;\"><strong>2. Cargo Net - Die ultimative Herausforderung f\u00fcr Entdecker<\/strong><br \/>Mit einem Cargo-Netz-Kletterger\u00fcst erh\u00e4lt Ihr Baumhaus einen robusten Dschungel-Look. F\u00fcr Kletterer aller Altersgruppen bietet ein Cargo-Netz aus robustem Gurtband oder dickem Seil mehr Halt f\u00fcr die F\u00fc\u00dfe und leichteren Halt als ein einfaches Seil. Es ist anpassungsf\u00e4hig, unterhaltsam und bietet eine aufregende \"Abenteuerpark\"-Atmosph\u00e4re!<\/p>\n<p style=\"text-align: left;\"><strong>3. Kletterwand - Verwandeln Sie Ihr Baumhaus in eine Mini-Kletterhalle<\/strong><br \/>Eine Baumhaus-Felswand ist ideal f\u00fcr Personen, die einen schwierigeren und geschickteren Aufstieg anstreben. Die Kletterer k\u00f6nnen sich an Griffen und Tritten wie in einer echten Kletterhalle hocharbeiten. Gr\u00f6\u00dfere, einfachere Griffe f\u00fcr j\u00fcngere Kletterer oder kleinere, anspruchsvollere Griffe f\u00fcr \u00e4ltere Kinder und Erwachsene erm\u00f6glichen es Ihnen, die Herausforderung zu ver\u00e4ndern.<\/p>\n<p style=\"text-align: left;\"><strong>4. Holzzapfenleiter - Rustikale, nat\u00fcrliche Atmosph\u00e4re<\/strong><br \/>Wer sich ein rustikales und nat\u00fcrliches Design w\u00fcnscht, f\u00fcr den ist eine Holzpflockleiter die ideale L\u00f6sung. Diese Leitern bestehen aus Holzpfl\u00f6cken, die direkt am Baumstamm befestigt werden. So entsteht ein stabiler, unauff\u00e4lliger Kletterweg, der die nat\u00fcrliche Umgebung des Baumhauses unterstreicht.<\/p>\n<p style=\"text-align: left;\"><strong>5. Kombinationskletterer - Das Beste aus allen Welten<\/strong><br \/>Ich wei\u00df nicht, was ich tun soll. Warum nicht gemischt? Es gibt Baumhausbesitzer, die verschiedene Arten von Kletterern mischen: ein Lastennetz auf der einen Seite, ein Seil auf der anderen, und eine Felswand f\u00fcr Abwechslung. So k\u00f6nnen die Kletterer je nach Lust und Laune und je nach Erfahrungsgrad den Schwierigkeitsgrad w\u00e4hlen.<\/p>\n<a href=\"https:\/\/treelofts.com\/de\/kontaktieren-sie-uns\/\" class=\"button secondary\"  style=\"border-radius:99px;padding:5px 20px 5px 20px;\">\n\t\t<span>Kontakt<\/span>\n\t<\/a>\n\n\n\n\t\t<\/div>\n\t\t\t\t\t<\/div>\n\n\t\n\n<\/div>\n\n\t\t<\/div>\n\n\t\t\n<style>\n#section_2068614885 {\n  padding-top: 0px;\n  padding-bottom: 0px;\n  min-height: 300px;\n}\n@media (min-width:550px) {\n  #section_2068614885 {\n    min-height: 350px;\n  }\n}\n@media (min-width:850px) {\n  #section_2068614885 {\n    min-height: 425px;\n  }\n}\n<\/style>\n\t<\/section>\n\t\n\n\t\t<\/div>\n\t\t\t\t\t<\/div>\n\n\t\n\n<\/div>\n<div class=\"row row-collapse row-full-width\"  id=\"row-596510670\">\n\n\n\t<div id=\"col-1784446169\" class=\"col medium-6 small-12 large-6\"  >\n\t\t\t\t<div class=\"col-inner\"  >\n\t\t\t\n\t\t\t\n\n\n\t<section class=\"section\" id=\"section_332623147\">\n\t\t<div class=\"section-bg fill\" >\n\t\t\t\t\t\t\t\t\t\n\t\t\t\n\n\t\t<\/div>\n\n\t\t\n\n\t\t<div class=\"section-content relative\">\n\t\t\t\n\n<div class=\"row align-center\"  id=\"row-388624732\">\n\n\n\t<div id=\"col-1891128740\" class=\"col medium-11 small-12 large-9\"  >\n\t\t\t\t<div class=\"col-inner text-center\"  >\n\t\t\t\n\t\t\t\n\n\t<div id=\"gap-1780099737\" class=\"gap-element clearfix\" style=\"display:block; height:auto;\">\n\t\t\n<style>\n#gap-1780099737 {\n  padding-top: 40px;\n}\n<\/style>\n\t<\/div>\n\t\n\n\t<div id=\"text-3774743471\" class=\"text\">\n\t\t\n\n<h2 style=\"text-align: left;\" data-start=\"5303\" data-end=\"5347\"><strong data-start=\"5307\" data-end=\"5345\">Wie man Sicherheit und Stabilit\u00e4t gew\u00e4hrleistet<\/strong><\/h2>\n\t\t\n<style>\n#text-3774743471 {\n  font-size: 1.5rem;\n}\n<\/style>\n\t<\/div>\n\t\n<p style=\"text-align: left;\">Sicherheit steht immer an erster Stelle, auch wenn das Klettern in B\u00e4umen viel Spa\u00df macht. Um Missgeschicke zu vermeiden, sollte ein gut installiertes Kletterger\u00fcst stabil, robust und richtig positioniert sein. Hier erf\u00e4hrst du, wie du daf\u00fcr sorgst, dass dein Baumkletterer sowohl spannend als auch sicher ist:<\/p>\n<p style=\"text-align: left;\"><strong>1. W\u00e4hlen Sie robuste, witterungsbest\u00e4ndige Materialien<\/strong><br \/>Ihr Kletterger\u00fcst wird Sonne, Wind und Regen ausgesetzt sein. Verwenden Sie daher robuste, hochwertige Stoffe, die mit der Zeit nicht ausbleichen. Hervorragend geeignet f\u00fcr Langlebigkeit sind verzinkte Stahlteile, behandeltes Holz und Nylonseile.<\/p>\n<p style=\"text-align: left;\"><strong>2. Sichern Sie den Kletterer an einem starken Ankerpunkt<\/strong><br \/>Ein Kletterer ist nur so sicher wie sein Befestigungspunkt. Vergewissern Sie sich, dass der Anker robust genug ist, um mehrere Kletterer zu tragen, ohne sich zu bewegen oder zu lockern, egal ob Sie ihn am Baumhaus oder direkt an einem robusten Baum befestigen.<\/p>\n<p style=\"text-align: left;\"><strong>3. Pr\u00fcfen Sie die Tragf\u00e4higkeit<\/strong><br \/>Da die verschiedenen Kletterger\u00e4te unterschiedliche Gewichtsbeschr\u00e4nkungen haben, sollten Sie sich f\u00fcr ein Ger\u00e4t entscheiden, das alle m\u00f6glichen Benutzer sicher tr\u00e4gt. W\u00e4hlen Sie eine Konstruktion mit hoher Tragf\u00e4higkeit, die mehr Gewicht tragen kann, wenn sowohl Kinder als auch Erwachsene das Kletterger\u00fcst benutzen.<\/p>\n<p style=\"text-align: left;\"><strong>4. Eine weiche Landezone einrichten<\/strong><br \/>St\u00fcrze k\u00f6nnen unabh\u00e4ngig von der Erfahrung des Kletterers auftreten. S\u00e4ubern Sie den Boden unter dem Kletterer von Steinen, Wurzeln oder harten Oberfl\u00e4chen. Denken Sie dann daran, einen weichen Bodenbelag - wie Mulch, Sand, Gummimatten oder Gras - hinzuzuf\u00fcgen, um unbeabsichtigte St\u00fcrze abzufedern.<\/p>\n<a href=\"https:\/\/treelofts.com\/de\/kontaktieren-sie-uns\/\" class=\"button secondary\"  style=\"border-radius:99px;padding:5px 20px 5px 20px;\">\n\t\t<span>Kontakt<\/span>\n\t<\/a>\n\n\n\n\t\t<\/div>\n\t\t\t\t\t<\/div>\n\n\t\n\n<\/div>\n\n\t\t<\/div>\n\n\t\t\n<style>\n#section_332623147 {\n  padding-top: 0px;\n  padding-bottom: 0px;\n  min-height: 300px;\n}\n@media (min-width:550px) {\n  #section_332623147 {\n    min-height: 350px;\n  }\n}\n@media (min-width:850px) {\n  #section_332623147 {\n    min-height: 425px;\n  }\n}\n<\/style>\n\t<\/section>\n\t\n\n\t\t<\/div>\n\t\t\t\t\t<\/div>\n\n\t\n\n\t<div id=\"col-1191880504\" class=\"col medium-6 small-12 large-6 small-col-first\"  >\n\t\t\t\t<div class=\"col-inner\"  >\n\t\t\t\n\t\t\t\n\n\n  <div class=\"banner has-hover\" id=\"banner-130192445\">\n          <div class=\"banner-inner fill\">\n        <div class=\"banner-bg fill\" >\n            <img decoding=\"async\" width=\"1080\" height=\"1080\" src=\"https:\/\/treelofts.com\/wp-content\/uploads\/2025\/02\/Tree-Climber-7.jpg\" class=\"bg attachment-original size-original\" alt=\"\" title=\"\">                                    \n                    <\/div>\n\t\t\n        <div class=\"banner-layers container\">\n            <div class=\"fill banner-link\"><\/div>            \n\n   <div id=\"text-box-328166824\" class=\"text-box banner-layer x50 md-x50 lg-x50 y50 md-y50 lg-y50 res-text\">\n                                <div class=\"text-box-content text dark\">\n              \n              <div class=\"text-inner text-center\">\n                  \n\n\n              <\/div>\n           <\/div>\n                            \n<style>\n#text-box-328166824 {\n  width: 60%;\n}\n#text-box-328166824 .text-box-content {\n  font-size: 100%;\n}\n<\/style>\n    <\/div>\n \n\n        <\/div>\n      <\/div>\n\n            \n<style>\n#banner-130192445 {\n  padding-top: 300px;\n  background-color: rgba(255, 255, 255, 0);\n}\n@media (min-width:550px) {\n  #banner-130192445 {\n    padding-top: 350px;\n  }\n}\n@media (min-width:850px) {\n  #banner-130192445 {\n    padding-top: 967px;\n  }\n}\n<\/style>\n  <\/div>\n\n\n\n\t\t<\/div>\n\t\t\t\t\t<\/div>\n\n\t\n\n<\/div>\n<div class=\"row\"  id=\"row-2134004358\">\n\n\n\t<div id=\"col-884080713\" class=\"col small-12 large-12\"  >\n\t\t\t\t<div class=\"col-inner\"  >\n\t\t\t\n\t\t\t\n\n<p>Ein Baumkletterer ist ein Erlebnis, nicht nur ein Zugangspunkt. Jeder Besuch im Baumhaus bringt Abenteuer, Spannung und Herausforderungen mit sich und verwandelt es von einem Ort zum Abh\u00e4ngen in einen Ort der Erkundung und des Spa\u00dfes. Ein Baumkletterer in Ihrem Baumhaus steigert das gesamte Erlebnis, unabh\u00e4ngig davon, ob Sie ein robustes Seil, eine waghalsige Felswand oder ein einfaches Lastennetz bevorzugen.<\/p>\n<p>Bei Treelofts erhalten Sie fachkundige Unterst\u00fctzung bei der Auswahl des idealen Kletterger\u00e4ts f\u00fcr Ihre Einrichtung, um zu gew\u00e4hrleisten, dass es sicher, unterhaltsam und langlebig ist. Wir sind hier, um Ihnen zu helfen, kluge Entscheidungen zu treffen, damit Sie das beste Abenteuer in der Baumkrone planen k\u00f6nnen, auch wenn wir keine Installationsdienste anbieten.<\/p>\n<p><strong>Warum also sollte man eine herk\u00f6mmliche Leiter akzeptieren? Modernisieren Sie jetzt Ihr Baumhaus und machen Sie jeden Aufstieg zu einer au\u00dfergew\u00f6hnlichen Reise!<\/strong><\/p>\n\n\t\t<\/div>\n\t\t\t\t\n<style>\n#col-884080713 > .col-inner {\n  padding: 50px 0px 50px 0px;\n}\n<\/style>\n\t<\/div>\n\n\t\n\n<\/div>\n\n  <div class=\"banner has-hover\" id=\"banner-534887947\">\n          <div class=\"banner-inner fill\">\n        <div class=\"banner-bg fill\" >\n            <img decoding=\"async\" width=\"1080\" height=\"1080\" src=\"https:\/\/treelofts.com\/wp-content\/uploads\/2025\/02\/Tree-Climber-1.jpg\" class=\"bg attachment-original size-original\" alt=\"\" title=\"\">                        <div class=\"overlay\"><\/div>            \n                    <\/div>\n\t\t\n        <div class=\"banner-layers container\">\n            <div class=\"fill banner-link\"><\/div>            \n\n   <div id=\"text-box-130063670\" class=\"text-box banner-layer x50 md-x50 lg-x50 y50 md-y50 lg-y50 res-text\">\n                                <div class=\"text-box-content text dark\">\n              \n              <div class=\"text-inner text-center\">\n                  \n\n<p>Lassen Sie uns Ihre Vision zum Leben erwecken<\/p>\n<h2><strong>Herstellung von Traum-Baumh\u00e4usern seit 2013<\/strong><\/h2>\n<a href=\"https:\/\/treelofts.com\/de\/kontaktieren-sie-uns\/\" class=\"button white is-outline\"  >\n\t\t<span>Beginnen Sie Ihre Baumhausreise noch heute<\/span>\n\t<\/a>\n\n\n\n              <\/div>\n           <\/div>\n                            \n<style>\n#text-box-130063670 {\n  width: 60%;\n}\n#text-box-130063670 .text-box-content {\n  font-size: 100%;\n}\n<\/style>\n    <\/div>\n \n\n        <\/div>\n      <\/div>\n\n            \n<style>\n#banner-534887947 {\n  padding-top: 350px;\n}\n#banner-534887947 .overlay {\n  background-color: rgba(0, 0, 0, 0.17);\n}\n#banner-534887947 .banner-bg img {\n  object-position: 9% 52%;\n}\n<\/style>\n  <\/div>\n\n\n<div class=\"woocommerce columns-4\"><\/div>\n\n<div class=\"row\"  id=\"row-1148645739\">\n\n\n\n<\/div>","protected":false},"excerpt":{"rendered":"","protected":false},"author":5,"featured_media":0,"parent":0,"menu_order":0,"comment_status":"closed","ping_status":"closed","template":"","meta":{"footnotes":""},"class_list":["post-1053","page","type-page","status-publish","hentry"],"_links":{"self":[{"href":"https:\/\/treelofts.com\/de\/wp-json\/wp\/v2\/pages\/1053","targetHints":{"allow":["GET"]}}],"collection":[{"href":"https:\/\/treelofts.com\/de\/wp-json\/wp\/v2\/pages"}],"about":[{"href":"https:\/\/treelofts.com\/de\/wp-json\/wp\/v2\/types\/page"}],"author":[{"embeddable":true,"href":"https:\/\/treelofts.com\/de\/wp-json\/wp\/v2\/users\/5"}],"replies":[{"embeddable":true,"href":"https:\/\/treelofts.com\/de\/wp-json\/wp\/v2\/comments?post=1053"}],"version-history":[{"count":0,"href":"https:\/\/treelofts.com\/de\/wp-json\/wp\/v2\/pages\/1053\/revisions"}],"wp:attachment":[{"href":"https:\/\/treelofts.com\/de\/wp-json\/wp\/v2\/media?parent=1053"}],"curies":[{"name":"wp","href":"https:\/\/api.w.org\/{rel}","templated":true}]}}