{"id":1064,"date":"2025-02-11T01:04:55","date_gmt":"2025-02-11T09:04:55","guid":{"rendered":"https:\/\/azh5n13ivf.onrocket.site\/?page_id=1064"},"modified":"2025-02-13T17:52:41","modified_gmt":"2025-02-14T01:52:41","slug":"seilbahnen","status":"publish","type":"page","link":"https:\/\/treelofts.com\/de\/seilbahnen\/","title":{"rendered":"Seilrutschen"},"content":{"rendered":"<div class=\"banner has-hover\" id=\"banner-820247082\">\n          <div class=\"banner-inner fill\">\n        <div class=\"banner-bg fill\" >\n            <img decoding=\"async\" width=\"1080\" height=\"1080\" src=\"https:\/\/treelofts.com\/wp-content\/uploads\/2025\/02\/Zip-Lines-2.jpg\" class=\"bg attachment-original size-original\" alt=\"\" title=\"\">                        <div class=\"overlay\"><\/div>            \n                    <\/div>\n\t\t\n        <div class=\"banner-layers container\">\n            <div class=\"fill banner-link\"><\/div>            \n\n   <div id=\"text-box-250780943\" class=\"text-box banner-layer x50 md-x50 lg-x50 y50 md-y50 lg-y50 res-text\">\n                                <div class=\"text-box-content text dark\">\n              \n              <div class=\"text-inner text-center\">\n                  \n\n<h3>Der ultimative Nervenkitzel f\u00fcr Ihr Baumhaus!<\/h3>\n<h1 class=\"image-with-text__heading h1\"><strong>Seilrutschen<\/strong><\/h1>\n<p>Stell dir vor, du stehst am Rande deines Baumhauses und h\u00e4ltst dich am Griff einer Seilrutsche fest, w\u00e4hrend dein Herz vor Aufregung rast. Du atmest tief ein, st\u00f6\u00dft dich ab und schon fliegst du \u00fcber die B\u00e4ume, der Wind rauscht an deinem Gesicht vorbei, der Boden rast unter dir vorbei. Es ist schnell, aufregend und ein unvergleichlicher Trip!<\/p>\n<p>Wenn Sie Ihr Baumhaus mit einer Seilrutsche ausstatten, verwandelt sich Ihr Garten in einen voll funktionsf\u00e4higen Abenteuerpark, anstatt nur einen anderen Abstiegsweg zu bieten. Dies ist eine Verbesserung, die durchgehende Spannung f\u00fcr alle Altersgruppen bietet, ob eine kurze Fahrt f\u00fcr Kinder oder eine lange Hochgeschwindigkeits-Seilrutsche f\u00fcr die Nervenkitzel-Suchenden in der Familie.<\/p>\n\n              <\/div>\n           <\/div>\n                            \n<style>\n#text-box-250780943 {\n  width: 86%;\n}\n#text-box-250780943 .text-box-content {\n  font-size: 100%;\n}\n<\/style>\n    <\/div>\n \n\n        <\/div>\n      <\/div>\n\n            \n<style>\n#banner-820247082 {\n  padding-top: 800px;\n}\n#banner-820247082 .overlay {\n  background-color: rgba(0,0,0,.5);\n}\n#banner-820247082 .banner-bg img {\n  object-position: 56% 66%;\n}\n<\/style>\n  <\/div>\n\n\n\t<div id=\"gap-682698540\" class=\"gap-element clearfix\" style=\"display:block; height:auto;\">\n\t\t\n<style>\n#gap-682698540 {\n  padding-top: 60px;\n}\n<\/style>\n\t<\/div>\n\t\n\n\n\t<section class=\"section\" id=\"section_370076060\">\n\t\t<div class=\"section-bg fill\" >\n\t\t\t\t\t\t\t\t\t\n\t\t\t\n\n\t\t<\/div>\n\n\t\t\n\n\t\t<div class=\"section-content relative\">\n\t\t\t\n\n<div class=\"row row-collapse align-middle\" style=\"max-width:1300px\" id=\"row-1001867554\">\n\n\n\t<div id=\"col-73527158\" class=\"col small-12 large-12\"  >\n\t\t\t\t<div class=\"col-inner\" style=\"background-color:rgb(246, 246, 246);\" >\n\t\t\t\n\t\t\t\n\n<div class=\"row row-collapse align-middle\" style=\"max-width:1300px\" id=\"row-1669790070\">\n\n\n\t<div id=\"col-640651858\" class=\"col medium-12 small-12 large-6\"  >\n\t\t\t\t<div class=\"col-inner\"  >\n\t\t\t\n\t\t\t\n\n\n  <div class=\"banner has-hover\" id=\"banner-1371857874\">\n          <div class=\"banner-inner fill\">\n        <div class=\"banner-bg fill\" >\n            <img decoding=\"async\" width=\"753\" height=\"800\" src=\"https:\/\/treelofts.com\/wp-content\/uploads\/2025\/02\/Zip-Lines-1-753x800.jpg\" class=\"bg attachment-large size-large\" alt=\"\" title=\"\">                                    \n                    <\/div>\n\t\t\n        <div class=\"banner-layers container\">\n            <div class=\"fill banner-link\"><\/div>            \n\n   <div id=\"text-box-848432732\" class=\"text-box banner-layer x50 md-x50 lg-x50 y50 md-y50 lg-y50 res-text\">\n                                <div class=\"text-box-content text dark\">\n              \n              <div class=\"text-inner text-center\">\n                  \n\n\n              <\/div>\n           <\/div>\n                            \n<style>\n#text-box-848432732 {\n  width: 60%;\n}\n#text-box-848432732 .text-box-content {\n  font-size: 100%;\n}\n@media (min-width:550px) {\n  #text-box-848432732 {\n    width: 60%;\n  }\n}\n<\/style>\n    <\/div>\n \n\n        <\/div>\n      <\/div>\n\n            \n<style>\n#banner-1371857874 {\n  padding-top: 300px;\n  background-color: rgb(255,255,255);\n}\n#banner-1371857874 .banner-bg img {\n  object-position: 82% 0%;\n}\n@media (min-width:550px) {\n  #banner-1371857874 {\n    padding-top: 400px;\n  }\n}\n@media (min-width:850px) {\n  #banner-1371857874 {\n    padding-top: 500px;\n  }\n}\n<\/style>\n  <\/div>\n\n\n\n\t\t<\/div>\n\t\t\t\t\t<\/div>\n\n\t\n\n\t<div id=\"col-342438279\" class=\"col medium-12 small-12 large-6\"  >\n\t\t\t\t<div class=\"col-inner\" style=\"background-color:rgb(246, 246, 246);\" >\n\t\t\t\n\t\t\t\n\n\t<div id=\"text-3749499293\" class=\"text\">\n\t\t\n\n<h2><strong data-start=\"1112\" data-end=\"1153\">Warum eine Seilbahn f\u00fcr Ihr Baumhaus?<\/strong><\/h2>\n\t\t\n<style>\n#text-3749499293 {\n  font-size: 1.5rem;\n}\n<\/style>\n\t<\/div>\n\t\n<p>Eine Seilrutsche verwandelt Ihr Baumhaus und bietet nicht nur einen hohen Unterhaltungswert. Eine Seilrutsche bietet einen rasanten und aufregenden Weg nach unten, einen Abenteuerparcours im Garten oder eine fantastische Fahrt durch den Wald. Hier ist der Grund, warum jedes Baumhaus eine braucht:<\/p>\n<a href=\"https:\/\/treelofts.com\/de\/kontaktieren-sie-uns\/\" class=\"button white is-outline\"  style=\"border-radius:10px;padding:10px 25px 10px 25px;\">\n\t\t<span>Beginnen Sie Ihre Baumhausreise noch heute<\/span>\n\t<\/a>\n\n\n\n\t\t<\/div>\n\t\t\t\t\n<style>\n#col-342438279 > .col-inner {\n  padding: 40px 30px 30px 30px;\n}\n@media (min-width:550px) {\n  #col-342438279 > .col-inner {\n    padding: 50px 75px 50px 75px;\n  }\n}\n@media (min-width:850px) {\n  #col-342438279 > .col-inner {\n    padding: 0px 75px 0px 75px;\n  }\n}\n<\/style>\n\t<\/div>\n\n\t\n\n<\/div>\n\n\t\t<\/div>\n\t\t\t\t\t<\/div>\n\n\t\n\n<\/div>\n\t<div id=\"gap-145424612\" class=\"gap-element clearfix\" style=\"display:block; height:auto;\">\n\t\t\n<style>\n#gap-145424612 {\n  padding-top: 60px;\n}\n<\/style>\n\t<\/div>\n\t\n\n<div class=\"row\"  id=\"row-869175917\">\n\n\n\t<div id=\"col-204505108\" class=\"col small-12 large-12\"  >\n\t\t\t\t<div class=\"col-inner\"  >\n\t\t\t\n\t\t\t\n\n<h3><strong>1. Erleben Sie den ultimativen Nervenkitzel<\/strong><\/h3>\n<p>Praktisch ist es, von einem Baumhaus herunterzuklettern; der Abstieg mit der Seilrutsche ist unglaublich! Jedes Mal, wenn man von der Plattform absteigt, sorgt eine Seilrutsche f\u00fcr ein Hochgef\u00fchl, als w\u00fcrde man \u00fcber den Dschungel fliegen. Die Kinder schreien vor Freude und die Erwachsenen f\u00fchlen sich bei dieser Art von Aufregung wieder wie Kinder!<\/p>\n<h3><strong>2. Eine lustige und einzigartige Alternative zu Leitern und Treppen<\/strong><\/h3>\n<p>Warum sollte man den konventionellen Weg nach unten nehmen, wenn man sich selbst in einen atemberaubenden Gleitflug st\u00fcrzen kann? Jede Fahrt mit einer Seilrutsche - eine schnelle, aufregende und partizipative Art, das Baumhaus zu verlassen - f\u00fchlt sich eher wie ein Abenteuer an als eine Aufgabe.<\/p>\n<h3><strong>3. Gro\u00dfartig f\u00fcr alle Altersgruppen<\/strong><\/h3>\n<p>Erwachsene lieben Seilrutschen; sie sind nicht nur f\u00fcr Kinder! Es gibt eine Bahn f\u00fcr jedes Alter und jedes Niveau, egal ob Sie eine lange, schnelle Seilbahn f\u00fcr Nervenkitzel suchende Menschen oder eine kurze, leichte Bahn f\u00fcr junge Abenteurer einrichten.<\/p>\n<h3><strong>4. Ermutigt zu Spiel und Abenteuer im Freien<\/strong><\/h3>\n<p>In einer Welt, in der Ger\u00e4te die Unterhaltung beherrschen, bringt eine Seilbahn Kinder - und Erwachsene - nach drau\u00dfen und in Bewegung. Sie ist ein gro\u00dfartiger Ansatz, um die Fitness zu f\u00f6rdern, die sich hinter dem Vergn\u00fcgen verbirgt, da sie das k\u00f6rperliche Spiel, das Entdecken im Freien und die Abenteuerlust unterst\u00fctzt!<\/p>\n<h3><strong>5. Einfach einzurichten, endloser Spa\u00df<\/strong><\/h3>\n<p>Obwohl der Bau einer Seilrutsche schwierig erscheint, ist sie mit der richtigen Konfiguration und den richtigen Sicherheitsvorkehrungen eine recht einfache Erg\u00e4nzung f\u00fcr Ihr Baumhaus, die jahrelang Spa\u00df macht.<\/p>\n\n\t\t<\/div>\n\t\t\t\t\t<\/div>\n\n\t\n\n<\/div>\n\n\t\t<\/div>\n\n\t\t\n<style>\n#section_370076060 {\n  padding-top: 60px;\n  padding-bottom: 60px;\n}\n<\/style>\n\t<\/section>\n\t\n\n\t<section class=\"section\" id=\"section_873484627\">\n\t\t<div class=\"section-bg fill\" >\n\t\t\t\t\t\t\t\t\t\n\t\t\t\n\n\t\t<\/div>\n\n\t\t\n\n\t\t<div class=\"section-content relative\">\n\t\t\t\n\n<div class=\"row row-large align-middle align-center\" style=\"max-width:1400px\" id=\"row-727822364\">\n\n\n\t<div id=\"col-1584088625\" class=\"col medium-9 small-12 large-6\"  >\n\t\t\t\t<div class=\"col-inner\"  >\n\t\t\t\n\t\t\t\n\n\n  <div class=\"banner has-hover\" id=\"banner-1449437079\">\n          <div class=\"banner-inner fill\">\n        <div class=\"banner-bg fill\" >\n            <img decoding=\"async\" width=\"510\" height=\"649\" src=\"https:\/\/treelofts.com\/wp-content\/uploads\/2025\/02\/Zip-Lines-3.jpg\" class=\"bg attachment-original size-original\" alt=\"\" title=\"\">                                    \n                    <\/div>\n\t\t\n        <div class=\"banner-layers container\">\n            <div class=\"fill banner-link\"><\/div>            \n\n   <div id=\"text-box-1033695927\" class=\"text-box banner-layer x50 md-x50 lg-x50 y50 md-y50 lg-y50 res-text\">\n                                <div class=\"text-box-content text dark\">\n              \n              <div class=\"text-inner text-center\">\n                  \n\n\n              <\/div>\n           <\/div>\n                            \n<style>\n#text-box-1033695927 {\n  width: 60%;\n}\n#text-box-1033695927 .text-box-content {\n  font-size: 100%;\n}\n@media (min-width:550px) {\n  #text-box-1033695927 {\n    width: 60%;\n  }\n}\n<\/style>\n    <\/div>\n \n\n        <\/div>\n      <\/div>\n\n            \n<style>\n#banner-1449437079 {\n  padding-top: 300px;\n}\n#banner-1449437079 .banner-bg img {\n  object-position: 55% 0%;\n}\n@media (min-width:850px) {\n  #banner-1449437079 {\n    padding-top: 102.98%;\n  }\n}\n<\/style>\n  <\/div>\n\n\n\n\t\t<\/div>\n\t\t\t\t\t<\/div>\n\n\t\n\n\t<div id=\"col-543381018\" class=\"col medium-9 small-12 large-6\"  >\n\t\t\t\t<div class=\"col-inner text-left\"  >\n\t\t\t\n\t\t\t\n\n\t<div id=\"text-4105585045\" class=\"text\">\n\t\t\n\n<h2 style=\"text-align: left;\"><strong data-start=\"2694\" data-end=\"2744\">Die Wahl der richtigen Seilbahn f\u00fcr Ihr Baumhaus<\/strong><\/h2>\n\t\t\n<style>\n#text-4105585045 {\n  font-size: 1.5rem;\n}\n<\/style>\n\t<\/div>\n\t\n<p style=\"text-align: left;\">Nicht alle Seilbahnen sind gleich! Je nach H\u00f6he des Baumhauses, verf\u00fcgbarem Platz und gew\u00fcnschtem Adrenalinspiegel k\u00f6nnen Sie aus zahlreichen Modellen w\u00e4hlen, um das perfekte Erlebnis zu schaffen.<\/p>\n<p style=\"text-align: left;\"><strong>1. Kurzstrecken-Seilrutschen - perfekt f\u00fcr Kinder<\/strong><br \/>Wenn Sie kleine Kinder an das Seilrutschen heranf\u00fchren wollen, ist eine Kurzstrecken-Seilrutsche (20-50 Fu\u00df lang) eine wunderbare Alternative. Sie bietet eine sichere, geregelte und aufregende Fahrt und garantiert, dass die Kinder die Aufregung des Fliegens erleben k\u00f6nnen, ohne zu viel H\u00f6he oder Geschwindigkeit. Diese Seilrutschen verf\u00fcgen h\u00e4ufig \u00fcber bequeme Sitze oder Sicherheitsgurte f\u00fcr mehr Sicherheit.<\/p>\n<p style=\"text-align: left;\"><strong>2. Langstrecken-Seilrutschen - f\u00fcr die ultimative Fahrt<\/strong><br \/>F\u00fcr diejenigen, die ein noch aufregenderes Erlebnis suchen, erm\u00f6glicht eine Langstrecken-Seilrutsche (50-200+ Fu\u00df), dass Sie f\u00fcr eine l\u00e4ngere Reise durch die Luft schweben.<\/p>\n<p style=\"text-align: left;\"><strong>3. Sitz- oder Gurt-Seilrutschen - Extra Komfort und Sicherheit<\/strong><br \/>Einige Seilrutschen haben einen eingebauten Sitz oder ein Gurtzeug, was die Fahrt bequemer und sicherer macht, auch wenn manche nur einen Lenker zum Festhalten haben. F\u00fcr j\u00fcngere Fahrer oder diejenigen, die lieber entspannt gleiten als sich festhalten wollen, sind diese Angebote perfekt!<\/p>\n<p style=\"text-align: left;\"><strong>4. Professionelle Seilbahnen - f\u00fcr extreme Abenteuer<\/strong><br \/>Professionelle Seilrutschen mit Stahlseilen, modernen Umlenkrollen und Bremsmechanismen f\u00fcr eine sanftere, schnellere und aufregendere Fahrt bieten denjenigen, die ein echtes Abenteuerpark-Erlebnis suchen. Diese bieten den besten Adrenalinschub, erfordern aber eine kompliziertere Einrichtung.<\/p>\n<a href=\"https:\/\/treelofts.com\/de\/kontaktieren-sie-uns\/\" target=\"_blank\" class=\"button secondary is-link box-shadow-1-hover\" rel=\"noopener\"  >\n\t\t<span>Kontakt<\/span>\n\t<i class=\"icon-angle-right\" aria-hidden=\"true\" ><\/i><\/a>\n\n\n\n\t\t<\/div>\n\t\t\t\t\n<style>\n#col-543381018 > .col-inner {\n  padding: 0px 0px 0px 0px;\n}\n@media (min-width:850px) {\n  #col-543381018 > .col-inner {\n    padding: 0px 50px 0px 50px;\n  }\n}\n<\/style>\n\t<\/div>\n\n\t\n\n<\/div>\n<div class=\"row row-large align-middle align-center\" style=\"max-width:1400px\" id=\"row-605997798\">\n\n\n\t<div id=\"col-1181588130\" class=\"col medium-9 small-12 large-6\"  >\n\t\t\t\t<div class=\"col-inner text-left\"  >\n\t\t\t\n\t\t\t\n\n\t<div id=\"text-1353622718\" class=\"text\">\n\t\t\n\n<h2 style=\"text-align: left;\" data-start=\"4388\" data-end=\"4431\"><strong data-start=\"4391\" data-end=\"4429\">Wie man Sicherheit und Stabilit\u00e4t gew\u00e4hrleistet\uff1f<\/strong><\/h2>\n\t\t\n<style>\n#text-1353622718 {\n  font-size: 1.5rem;\n}\n<\/style>\n\t<\/div>\n\t\n<p style=\"text-align: left;\" data-start=\"0\" data-end=\"176\"><strong>Auch wenn die Sicherheit immer an erster Stelle stehen sollte, sind Seilrutschen aufregend. Ein sicheres und gutes Erlebnis h\u00e4ngt von der richtigen Installation, der routinem\u00e4\u00dfigen Wartung und der Wahl der Ausr\u00fcstung ab.<\/strong><\/p>\n<h3 style=\"text-align: left;\" data-start=\"178\" data-end=\"218\"><strong data-start=\"182\" data-end=\"216\">1. W\u00e4hlen Sie starke Verankerungspunkte<\/strong><\/h3>\n<p style=\"text-align: left;\" data-start=\"219\" data-end=\"514\">Ihre Seilbahn muss entweder an einem soliden St\u00fctzsystem oder an robusten, gesunden B\u00e4umen befestigt werden. Die B\u00e4ume sollten stark und ausgewachsen sein und keine Anzeichen von Schw\u00e4chung oder F\u00e4ulnis aufweisen. Wenn Sie Pfosten oder Balken verwenden, m\u00fcssen diese tief im Boden verankert sein, um Stabilit\u00e4t zu gew\u00e4hrleisten.<\/p>\n<h3 style=\"text-align: left;\" data-start=\"516\" data-end=\"555\"><strong data-start=\"520\" data-end=\"553\">2. Hochwertige Ausr\u00fcstung verwenden<\/strong><\/h3>\n<p style=\"text-align: left;\" data-start=\"556\" data-end=\"630\">Niemals auf Sicherheit verzichten! W\u00e4hlen Sie <strong data-start=\"589\" data-end=\"614\">Premium-Seilrutschen-Kits<\/strong> die umfassen:<\/p>\n<ul style=\"text-align: left;\" data-start=\"631\" data-end=\"909\">\n<li data-start=\"631\" data-end=\"702\"><strong data-start=\"633\" data-end=\"663\">Langlebig und rostbest\u00e4ndig<\/strong> Kabel aus rostfreiem Stahl oder verzinkt<\/li>\n<li data-start=\"703\" data-end=\"772\"><strong data-start=\"705\" data-end=\"750\">Spannschl\u00f6sser, Bolzen und Schwerlastklammern<\/strong> zur sicheren Befestigung<\/li>\n<li data-start=\"773\" data-end=\"837\"><strong data-start=\"775\" data-end=\"795\">Leistungsstarke Umlenkrollen<\/strong> entwickelt f\u00fcr kontrollierte, nahtlose Fahrten<\/li>\n<li data-start=\"838\" data-end=\"909\"><strong data-start=\"840\" data-end=\"866\">Optionale Bremssysteme<\/strong> f\u00fcr zus\u00e4tzliche Kontrolle am Ende der Fahrt<\/li>\n<\/ul>\n<h3 style=\"text-align: left;\" data-start=\"911\" data-end=\"950\"><strong data-start=\"915\" data-end=\"948\">3. Gew\u00e4hrleistung einer sicheren Landezone<\/strong><\/h3>\n<p style=\"text-align: left;\" data-start=\"951\" data-end=\"1074\">Das Ende der Seilbahn sollte eine <strong data-start=\"987\" data-end=\"1015\">freier, sicherer Landeplatz<\/strong> frei von harten Oberfl\u00e4chen, B\u00e4umen oder Steinen. Erw\u00e4gen Sie das Hinzuf\u00fcgen:<\/p>\n<ul style=\"text-align: left;\" data-start=\"1075\" data-end=\"1274\">\n<li data-start=\"1075\" data-end=\"1129\"><strong data-start=\"1077\" data-end=\"1108\">Gummimatten, Sand oder Mulch<\/strong> f\u00fcr eine weiche Landung<\/li>\n<li data-start=\"1130\" data-end=\"1188\"><strong data-start=\"1132\" data-end=\"1164\">Ein Bahnsteig oder eine Verlangsamungszone<\/strong> um pl\u00f6tzliche Stopps zu vermeiden<\/li>\n<li data-start=\"1189\" data-end=\"1274\"><strong data-start=\"1191\" data-end=\"1214\">Ein Bremsmechanismus<\/strong> (z. B. Bungee- oder Federbremse) f\u00fcr geregelte Landungen<\/li>\n<\/ul>\n<h3 style=\"text-align: left;\" data-start=\"1276\" data-end=\"1315\"><strong data-start=\"1280\" data-end=\"1313\">4. Regelm\u00e4\u00dfige Wartungskontrollen<\/strong><\/h3>\n<p style=\"text-align: left;\" data-start=\"1316\" data-end=\"1413\">Regelm\u00e4\u00dfige Inspektionen tragen dazu bei, dass die Seilbahnen <strong data-start=\"1370\" data-end=\"1399\">sicher und voll funktionsf\u00e4hig<\/strong>. Pr\u00fcfen Sie auf:<\/p>\n<ul style=\"text-align: left;\" data-start=\"1414\" data-end=\"1582\">\n<li data-start=\"1414\" data-end=\"1447\">Lose Bolzen oder Verbindungen<\/li>\n<li data-start=\"1448\" data-end=\"1485\">Ausgefranste Kabel oder verschlissene Riemenscheiben<\/li>\n<li data-start=\"1486\" data-end=\"1539\">Bewegung von B\u00e4umen oder Instabilit\u00e4t von Ankerpunkten<\/li>\n<li data-start=\"1540\" data-end=\"1582\">Alle Hindernisse auf der Seilbahnstrecke<\/li>\n<\/ul>\n<h3 style=\"text-align: left;\" data-start=\"1584\" data-end=\"1628\"><strong data-start=\"1588\" data-end=\"1626\">5. Klare Regeln f\u00fcr sicheres Fahren aufstellen<\/strong><\/h3>\n<p style=\"text-align: left;\" data-start=\"1629\" data-end=\"1698\">einrichten <strong data-start=\"1639\" data-end=\"1669\">ausdr\u00fcckliche Sicherheitsrichtlinien<\/strong> um Unf\u00e4lle zu vermeiden:<\/p>\n<ul data-start=\"1699\" data-end=\"1911\">\n<li style=\"text-align: left;\" data-start=\"1699\" data-end=\"1757\">Sitzen Sie immer richtig oder benutzen Sie einen Gurt zur Stabilisierung<\/li>\n<li style=\"text-align: left;\" data-start=\"1758\" data-end=\"1805\">Halten Sie H\u00e4nde und F\u00fc\u00dfe vom Kabel fern<\/li>\n<li style=\"text-align: left;\" data-start=\"1806\" data-end=\"1859\">Vor dem Start auf die Entwarnung warten<\/li>\n<li style=\"text-align: left;\" data-start=\"1860\" data-end=\"1911\">\u00dcberschreiten Sie niemals die Gewichtskapazit\u00e4t der Seilbahn<\/li>\n<\/ul>\n<a href=\"https:\/\/treelofts.com\/de\/kontaktieren-sie-uns\/\" target=\"_blank\" class=\"button secondary is-link box-shadow-1-hover\" rel=\"noopener\"  >\n\t\t<span>Kontakt<\/span>\n\t<i class=\"icon-angle-right\" aria-hidden=\"true\" ><\/i><\/a>\n\n\n\n\t\t<\/div>\n\t\t\t\t\n<style>\n#col-1181588130 > .col-inner {\n  padding: 0px 0px 0px 0px;\n}\n@media (min-width:850px) {\n  #col-1181588130 > .col-inner {\n    padding: 0px 50px 0px 50px;\n  }\n}\n<\/style>\n\t<\/div>\n\n\t\n\n\t<div id=\"col-1245259964\" class=\"col medium-9 small-12 large-6 medium-col-first\"  >\n\t\t\t\t<div class=\"col-inner\"  >\n\t\t\t\n\t\t\t\n\n\n  <div class=\"banner has-hover\" id=\"banner-1866403935\">\n          <div class=\"banner-inner fill\">\n        <div class=\"banner-bg fill\" >\n            <img decoding=\"async\" width=\"508\" height=\"648\" src=\"https:\/\/treelofts.com\/wp-content\/uploads\/2025\/02\/Zip-Lines-2-1.jpg\" class=\"bg attachment-original size-original\" alt=\"\" title=\"\">                                    \n                    <\/div>\n\t\t\n        <div class=\"banner-layers container\">\n            <div class=\"fill banner-link\"><\/div>            \n\n   <div id=\"text-box-601942109\" class=\"text-box banner-layer x50 md-x50 lg-x50 y50 md-y50 lg-y50 res-text\">\n                                <div class=\"text-box-content text dark\">\n              \n              <div class=\"text-inner text-center\">\n                  \n\n\n              <\/div>\n           <\/div>\n                            \n<style>\n#text-box-601942109 {\n  width: 60%;\n}\n#text-box-601942109 .text-box-content {\n  font-size: 100%;\n}\n@media (min-width:550px) {\n  #text-box-601942109 {\n    width: 60%;\n  }\n}\n<\/style>\n    <\/div>\n \n\n        <\/div>\n      <\/div>\n\n            \n<style>\n#banner-1866403935 {\n  padding-top: 300px;\n}\n#banner-1866403935 .banner-bg img {\n  object-position: 48% 68%;\n}\n@media (min-width:850px) {\n  #banner-1866403935 {\n    padding-top: 126.23%;\n  }\n}\n<\/style>\n  <\/div>\n\n\n\n\t\t<\/div>\n\t\t\t\t\t<\/div>\n\n\t\n\n<\/div>\n\n\t\t<\/div>\n\n\t\t\n<style>\n#section_873484627 {\n  padding-top: 0px;\n  padding-bottom: 0px;\n}\n<\/style>\n\t<\/section>\n\t\n<div class=\"row\"  id=\"row-824439222\">\n\n\n\t<div id=\"col-230874164\" class=\"col small-12 large-12\"  >\n\t\t\t\t<div class=\"col-inner\"  >\n\t\t\t\n\t\t\t\n\n<p>Eine Seilrutsche bietet ein Erlebnis und nicht nur eine Funktion Ihres Baumhauses. Eine Seilrutsche verwandelt jeden Ausflug ins Baumhaus in ein unvergessliches Abenteuer, egal ob Sie lieber schnell und lustig gleiten oder eine aufregende Hochgeschwindigkeitsfahrt bevorzugen. Es ist der ideale Ansatz, um Ihrem Au\u00dfenbereich Freude, Vitalit\u00e4t und Aufregung zu verleihen.<\/p>\n<p>Wir von Treelofts k\u00f6nnen Ihnen helfen, ein sicheres und aufregendes Erlebnis zu gestalten, indem wir Ihnen professionelle Empfehlungen f\u00fcr die Auswahl der idealen Seilrutsche geben. Wir bieten zwar keinen Installationsservice an, aber wir helfen Ihnen bei der Auswahl des richtigen Werkzeugs, damit Sie Ihr Seilrutschen-Abenteuer im Garten in Angriff nehmen k\u00f6nnen.<\/p>\n<p><strong>Warum sollte man dann akzeptieren, eine Leiter hinunterzusteigen? Erweitern Sie Ihr Baumhaus-Erlebnis buchst\u00e4blich auf die n\u00e4chste Stufe und lassen Sie das Abenteuer beginnen!<\/strong><\/p>\n\n\t\t<\/div>\n\t\t\t\t\n<style>\n#col-230874164 > .col-inner {\n  padding: 20px 0px 20px 0px;\n}\n<\/style>\n\t<\/div>\n\n\t\n\n<\/div>\n\n  <div class=\"banner has-hover\" id=\"banner-344131669\">\n          <div class=\"banner-inner fill\">\n        <div class=\"banner-bg fill\" >\n            <img decoding=\"async\" width=\"1080\" height=\"1080\" src=\"https:\/\/treelofts.com\/wp-content\/uploads\/2025\/02\/Tree-Climber-7.jpg\" class=\"bg attachment-original size-original\" alt=\"\" title=\"\">                        <div class=\"overlay\"><\/div>            \n                    <\/div>\n\t\t\n        <div class=\"banner-layers container\">\n            <div class=\"fill banner-link\"><\/div>            \n\n   <div id=\"text-box-561543311\" class=\"text-box banner-layer x50 md-x50 lg-x50 y50 md-y50 lg-y50 res-text\">\n                                <div class=\"text-box-content text dark\">\n              \n              <div class=\"text-inner text-center\">\n                  \n\n<p>Lassen Sie uns Ihre Vision zum Leben erwecken<\/p>\n<h2><strong>Herstellung von Traum-Baumh\u00e4usern seit 2013<\/strong><\/h2>\n<a href=\"https:\/\/treelofts.com\/de\/kontaktieren-sie-uns\/\" class=\"button white is-outline\"  >\n\t\t<span>Beginnen Sie Ihre Baumhausreise noch heute<\/span>\n\t<\/a>\n\n\n\n              <\/div>\n           <\/div>\n                            \n<style>\n#text-box-561543311 {\n  width: 60%;\n}\n#text-box-561543311 .text-box-content {\n  font-size: 100%;\n}\n<\/style>\n    <\/div>\n \n\n        <\/div>\n      <\/div>\n\n            \n<style>\n#banner-344131669 {\n  padding-top: 350px;\n}\n#banner-344131669 .overlay {\n  background-color: rgba(0, 0, 0, 0.17);\n}\n#banner-344131669 .banner-bg img {\n  object-position: 48% 28%;\n}\n<\/style>\n  <\/div>\n\n\n<div class=\"woocommerce columns-4\"><\/div>\n\n<div class=\"row\"  id=\"row-1600837450\">\n\n\n\n<\/div>","protected":false},"excerpt":{"rendered":"","protected":false},"author":5,"featured_media":0,"parent":0,"menu_order":0,"comment_status":"closed","ping_status":"closed","template":"","meta":{"footnotes":""},"class_list":["post-1064","page","type-page","status-publish","hentry"],"_links":{"self":[{"href":"https:\/\/treelofts.com\/de\/wp-json\/wp\/v2\/pages\/1064","targetHints":{"allow":["GET"]}}],"collection":[{"href":"https:\/\/treelofts.com\/de\/wp-json\/wp\/v2\/pages"}],"about":[{"href":"https:\/\/treelofts.com\/de\/wp-json\/wp\/v2\/types\/page"}],"author":[{"embeddable":true,"href":"https:\/\/treelofts.com\/de\/wp-json\/wp\/v2\/users\/5"}],"replies":[{"embeddable":true,"href":"https:\/\/treelofts.com\/de\/wp-json\/wp\/v2\/comments?post=1064"}],"version-history":[{"count":0,"href":"https:\/\/treelofts.com\/de\/wp-json\/wp\/v2\/pages\/1064\/revisions"}],"wp:attachment":[{"href":"https:\/\/treelofts.com\/de\/wp-json\/wp\/v2\/media?parent=1064"}],"curies":[{"name":"wp","href":"https:\/\/api.w.org\/{rel}","templated":true}]}}