{"id":1131,"date":"2025-02-11T20:22:20","date_gmt":"2025-02-12T04:22:20","guid":{"rendered":"https:\/\/azh5n13ivf.onrocket.site\/?page_id=1131"},"modified":"2025-02-13T19:29:52","modified_gmt":"2025-02-14T03:29:52","slug":"baumhaus-portfolio","status":"publish","type":"page","link":"https:\/\/treelofts.com\/de\/baumhaus-portfolio\/","title":{"rendered":"Portfolio ansehen"},"content":{"rendered":"<section class=\"section dark has-parallax\" id=\"section_335826880\">\n\t\t<div class=\"section-bg fill\" data-parallax-container=\".section\" data-parallax-background data-parallax=\"-7\">\n\t\t\t<img decoding=\"async\" width=\"1024\" height=\"683\" src=\"https:\/\/treelofts.com\/wp-content\/uploads\/2025\/02\/Enchanted-Treehouses-3.jpg\" class=\"bg attachment- size-\" alt=\"\" title=\"\">\t\t\t\t\t\t<div class=\"section-bg-overlay absolute fill\"><\/div>\n\t\t\t\n\n\t\t<\/div>\n\n\t\t\n\n\t\t<div class=\"section-content relative\">\n\t\t\t\n\n\t<div id=\"gap-867101479\" class=\"gap-element clearfix\" style=\"display:block; height:auto;\">\n\t\t\n<style>\n#gap-867101479 {\n  padding-top: 30px;\n}\n<\/style>\n\t<\/div>\n\t\n\n<div class=\"row align-center\"  id=\"row-1064831397\">\n\n\n\t<div id=\"col-1438205257\" class=\"col medium-10 small-12 large-11\"  >\n\t\t\t\t<div class=\"col-inner text-center\"  >\n\t\t\t\n\t\t\t\n\n<h3>Entdecken Sie unsere inspirierendsten Baumhausprojekte<\/h3>\n\t<div id=\"text-3748234418\" class=\"text\">\n\t\t\n\n<h1><strong>Treehouse Portfolio<\/strong><\/h1>\n\t\t\n<style>\n#text-3748234418 {\n  font-size: 2rem;\n}\n<\/style>\n\t<\/div>\n\t\n<p>Baumh\u00e4user sind bezaubernde Zufluchtsorte, ruhige Oasen und gewagte Verstecke, nicht nur h\u00f6lzerne Plattformen im Wald. Die M\u00f6glichkeiten f\u00fcr ein Baumhaus sind unbegrenzt - tr\u00e4umen Sie von einer gehobenen Mietwohnung in der Baumkrone, einem Clubhaus f\u00fcr die Kinder oder einem interessanten kommerziellen Baumhausprojekt? Von einfachen, zweckm\u00e4\u00dfigen Entw\u00fcrfen bis hin zu komplexen, mehrst\u00f6ckigen Meisterwerken bietet unsere Galerie ein breites Spektrum an Baumhausformen.<\/p>\n<a href=\"https:\/\/treelofts.com\/de\/kontaktieren-sie-uns\/\" class=\"button primary\"  style=\"border-radius:22px;padding:5px 25px 5px 25px;\">\n\t\t<span>Beginnen Sie Ihre Baumhausreise noch heute<\/span>\n\t<\/a>\n\n\n\n\t\t<\/div>\n\t\t\t\t\t<\/div>\n\n\t\n\n<\/div>\n\n\t\t<\/div>\n\n\t\t\n<style>\n#section_335826880 {\n  padding-top: 30px;\n  padding-bottom: 30px;\n  min-height: 500px;\n}\n#section_335826880 .section-bg-overlay {\n  background-color: rgba(0,0,0,.5);\n}\n#section_335826880 .section-bg img {\n  object-position: 47% 100%;\n}\n@media (min-width:550px) {\n  #section_335826880 {\n    min-height: 600px;\n  }\n  #section_335826880 .section-bg-overlay {\n    background-color: rgba(0, 0, 0, 0.09);\n  }\n}\n@media (min-width:850px) {\n  #section_335826880 .section-bg-overlay {\n    background-color: rgba(0,0,0,.5);\n  }\n}\n<\/style>\n\t<\/section>\n\t\n\n\t<section class=\"section\" id=\"section_2018240487\">\n\t\t<div class=\"section-bg fill\" >\n\t\t\t\t\t\t\t\t\t\n\t\t\t\n\n\t\t<\/div>\n\n\t\t\n\n\t\t<div class=\"section-content relative\">\n\t\t\t\n\n\t<div id=\"gap-910759784\" class=\"gap-element clearfix\" style=\"display:block; height:auto;\">\n\t\t\n<style>\n#gap-910759784 {\n  padding-top: 30px;\n}\n<\/style>\n\t<\/div>\n\t\n\n<div class=\"row align-center\"  id=\"row-683672389\">\n\n\n\t<div id=\"col-615716690\" class=\"col medium-10 small-12 large-9\"  >\n\t\t\t\t<div class=\"col-inner text-center\"  >\n\t\t\t\n\t\t\t\n\n<p>Jedes Baumhaus sollte unserer Meinung nach den individuellen Stil und das Ziel des Besitzers widerspiegeln. Manche sind f\u00fcr das Vergn\u00fcgen gedacht, andere f\u00fcr die Freizeit und wieder andere f\u00fcr ein kommerzielles Vollzeitunternehmen. Die hier vorgestellten Projekte werden Sie inspirieren und Ihre Baumhaus-Ideen verwirklichen, egal was Sie sehen.<\/p>\n\n\t\t<\/div>\n\t\t\t\t\t<\/div>\n\n\t\n\n<\/div>\n\n\t\t<\/div>\n\n\t\t\n<style>\n#section_2018240487 {\n  padding-top: 20px;\n  padding-bottom: 20px;\n}\n@media (min-width:550px) {\n  #section_2018240487 {\n    padding-top: 20px;\n    padding-bottom: 20px;\n  }\n}\n<\/style>\n\t<\/section>\n\t\n\n\t<section class=\"section\" id=\"section_720117745\">\n\t\t<div class=\"section-bg fill\" >\n\t\t\t\t\t\t\t\t\t\n\t\t\t\n\n\t\t<\/div>\n\n\t\t\n\n\t\t<div class=\"section-content relative\">\n\t\t\t\n\n<div class=\"row row-large\" style=\"max-width:1400px\" id=\"row-2051763826\">\n\n\n\t<div id=\"col-338033917\" class=\"col medium-6 small-12 large-6\"  >\n\t\t\t\t<div class=\"col-inner\"  >\n\t\t\t\n\t\t\t\n\n\t<div class=\"box has-hover   has-hover box-text-bottom\" >\n\n\t\t<div class=\"box-image\" >\n\t\t\t<a href=\"https:\/\/treelofts.com\/de\/the-clubhouse-treehouses\/\" >\t\t\t<div class=\"image-zoom image-cover\" style=\"padding-top:56.25%;\">\n\t\t\t\t<img decoding=\"async\" width=\"683\" height=\"1024\" src=\"https:\/\/treelofts.com\/wp-content\/uploads\/2025\/02\/How-to-Build-a-Modern-Tree-House-Step-by-Step-Compliance-with-2024-Building-Codes-2.jpg\" class=\"attachment- size-\" alt=\"\" srcset=\"https:\/\/treelofts.com\/wp-content\/uploads\/2025\/02\/How-to-Build-a-Modern-Tree-House-Step-by-Step-Compliance-with-2024-Building-Codes-2.jpg 683w, https:\/\/treelofts.com\/wp-content\/uploads\/2025\/02\/How-to-Build-a-Modern-Tree-House-Step-by-Step-Compliance-with-2024-Building-Codes-2-267x400.jpg 267w, https:\/\/treelofts.com\/wp-content\/uploads\/2025\/02\/How-to-Build-a-Modern-Tree-House-Step-by-Step-Compliance-with-2024-Building-Codes-2-534x800.jpg 534w\" sizes=\"(max-width: 683px) 100vw, 683px\" title=\"\">\t\t\t\t\t\t\t\t\t\t\t<\/div>\n\t\t\t<\/a>\t\t<\/div>\n\n\t\t<div class=\"box-text text-center\" >\n\t\t\t<div class=\"box-text-inner\">\n\t\t\t\t\n\n<h6>Klassisch und zeitlos<\/h6>\n<h3><strong><span style=\"font-size: 150%;\">Das Clubhaus Baumh\u00e4user<\/span><\/strong><\/h3>\n\t<div id=\"gap-533218534\" class=\"gap-element clearfix\" style=\"display:block; height:auto;\">\n\t\t\n<style>\n#gap-533218534 {\n  padding-top: 10px;\n}\n<\/style>\n\t<\/div>\n\t\n\n<p style=\"text-align: left;\">Ein klassisches Klubbaumhaus hat eine besondere nostalgische und einzigartige Qualit\u00e4t. Gebaut f\u00fcr Spa\u00df, Abenteuer und lebenslange Erfahrungen, sind diese Baumh\u00e4user ideal f\u00fcr jeden Garten.<\/p>\n<p style=\"text-align: left;\">Ger\u00e4umige Plattformen, phantasievolle Eing\u00e4nge und skurrile Funktionen wie Strickleitern, Rutschen und Aussichtst\u00fcrme sind in Clubhaus-Baumh\u00e4usern reichlich vorhanden. Diese Baumh\u00e4user bieten eine stabile, ausgewogene Konstruktion und bringen die Begeisterung f\u00fcr die Erkundung in der Kindheit zur\u00fcck, egal ob sie ein Ort f\u00fcr Kinder zum Verweilen oder ein gem\u00fctlicher R\u00fcckzugsort f\u00fcr die Familie sind.<\/p>\n<a href=\"https:\/\/treelofts.com\/de\/the-clubhouse-treehouses\/\" target=\"_blank\" class=\"button primary is-underline box-shadow-1-hover\" rel=\"noopener\"  >\n\t\t<span>mehr sehen<\/span>\n\t<\/a>\n\n\n\n\t\t\t<\/div>\n\t\t<\/div>\n\t<\/div>\n\t\n\t<div class=\"box has-hover   has-hover box-text-bottom\" >\n\n\t\t<div class=\"box-image\" >\n\t\t\t<a href=\"https:\/\/treelofts.com\/de\/vermietung-und-ruckzug-baumhauser\/\" >\t\t\t<div class=\"image-zoom image-cover\" style=\"padding-top:56.25%;\">\n\t\t\t\t<img decoding=\"async\" width=\"1242\" height=\"1656\" src=\"https:\/\/treelofts.com\/wp-content\/uploads\/2025\/02\/Tree-House-1.jpeg\" class=\"attachment- size-\" alt=\"\" srcset=\"https:\/\/treelofts.com\/wp-content\/uploads\/2025\/02\/Tree-House-1.jpeg 1242w, https:\/\/treelofts.com\/wp-content\/uploads\/2025\/02\/Tree-House-1-300x400.jpeg 300w, https:\/\/treelofts.com\/wp-content\/uploads\/2025\/02\/Tree-House-1-600x800.jpeg 600w, https:\/\/treelofts.com\/wp-content\/uploads\/2025\/02\/Tree-House-1-768x1024.jpeg 768w, https:\/\/treelofts.com\/wp-content\/uploads\/2025\/02\/Tree-House-1-1152x1536.jpeg 1152w, https:\/\/treelofts.com\/wp-content\/uploads\/2025\/02\/Tree-House-1-1000x1333.jpeg 1000w\" sizes=\"(max-width: 1242px) 100vw, 1242px\" title=\"\">\t\t\t\t\t\t\t\t\t\t\t<\/div>\n\t\t\t<\/a>\t\t<\/div>\n\n\t\t<div class=\"box-text text-center\" >\n\t\t\t<div class=\"box-text-inner\">\n\t\t\t\t\n\n<h6>Komfort trifft auf Natur<\/h6>\n<h3><strong><span style=\"font-size: 150%;\">Baumh\u00e4user im R\u00fcckzugsstil<\/span><\/strong><\/h3>\n\t<div id=\"gap-471803502\" class=\"gap-element clearfix\" style=\"display:block; height:auto;\">\n\t\t\n<style>\n#gap-471803502 {\n  padding-top: 10px;\n}\n<\/style>\n\t<\/div>\n\t\n\n<p style=\"text-align: left;\">Stellen Sie sich vor, Sie wachen mit einem herrlichen Blick auf die Baumkronen auf, die V\u00f6gel zwitschern in der Ferne und das Sonnenlicht f\u00e4llt durch das Laub. Die Baumh\u00e4user verbinden modernen Komfort mit rustikalen Abenteuern und sollen den G\u00e4sten einen fantastischen Ausflug in die Natur erm\u00f6glichen.<\/p>\n<p style=\"text-align: left;\">Diese Baumh\u00e4user verf\u00fcgen \u00fcber erstklassige Elemente wie Panoramafenster, komfortable Innenr\u00e4ume und gro\u00dfe, gem\u00fctliche Terrassen. Viele von ihnen bieten Luxus wie H\u00e4ngematten, Feuerstellen und sogar private Wannen im Freien. Ob als Glamping-Resort oder umweltfreundlicher R\u00fcckzugsort, diese Baumh\u00e4user ziehen Besucher an, die etwas anderes und intensives suchen.<\/p>\n<a href=\"https:\/\/treelofts.com\/de\/vermietung-und-ruckzug-baumhauser\/\" target=\"_blank\" class=\"button primary is-underline box-shadow-1-hover\" rel=\"noopener\"  >\n\t\t<span>mehr sehen<\/span>\n\t<\/a>\n\n\n\n\t\t\t<\/div>\n\t\t<\/div>\n\t<\/div>\n\t\n\t<div class=\"box has-hover   has-hover box-text-bottom\" >\n\n\t\t<div class=\"box-image\" >\n\t\t\t<a href=\"https:\/\/treelofts.com\/de\/kommerzielle-baumhauser\/\" >\t\t\t<div class=\"image-zoom image-cover\" style=\"padding-top:56.25%;\">\n\t\t\t\t<img decoding=\"async\" width=\"1024\" height=\"683\" src=\"https:\/\/treelofts.com\/wp-content\/uploads\/2025\/02\/Tree-House-119.jpg\" class=\"attachment- size-\" alt=\"\" srcset=\"https:\/\/treelofts.com\/wp-content\/uploads\/2025\/02\/Tree-House-119.jpg 1024w, https:\/\/treelofts.com\/wp-content\/uploads\/2025\/02\/Tree-House-119-600x400.jpg 600w, https:\/\/treelofts.com\/wp-content\/uploads\/2025\/02\/Tree-House-119-768x512.jpg 768w, https:\/\/treelofts.com\/wp-content\/uploads\/2025\/02\/Tree-House-119-1000x667.jpg 1000w\" sizes=\"(max-width: 1024px) 100vw, 1024px\" title=\"\">\t\t\t\t\t\t\t\t\t\t\t<\/div>\n\t\t\t<\/a>\t\t<\/div>\n\n\t\t<div class=\"box-text text-center\" >\n\t\t\t<div class=\"box-text-inner\">\n\t\t\t\t\n\n<h6>Das Gesch\u00e4ft in die Baumkronen bringen<\/h6>\n<h3><strong><span style=\"font-size: 150%;\">Kommerzielle Baumhaus-Projekte<\/span><\/strong><\/h3>\n\t<div id=\"gap-2088425742\" class=\"gap-element clearfix\" style=\"display:block; height:auto;\">\n\t\t\n<style>\n#gap-2088425742 {\n  padding-top: 10px;\n}\n<\/style>\n\t<\/div>\n\t\n\n<p style=\"text-align: left;\">Baumh\u00e4user sind nicht nur f\u00fcr den pers\u00f6nlichen Gebrauch gedacht, sondern auch f\u00fcr die kommerzielle Nutzung. Unsere kommerziellen Baumhausprojekte sind f\u00fcr Resorts, Abenteuerparks, Restaurants und Veranstaltungsorte gedacht und bieten den G\u00e4sten ein beeindruckendes Naturerlebnis.<\/p>\n<p style=\"text-align: left;\">Langlebigkeit, Zug\u00e4nglichkeit und Besucherkomfort stehen bei der Gestaltung dieser gro\u00dfen Baumh\u00e4user an erster Stelle. Von einer Lodge mit mehreren Zimmern \u00fcber einen Essbereich im Wald bis hin zu einer erstklassigen Hotelsuite in der Baumkrone - diese Baumh\u00e4user vereinen technische Brillanz mit erstaunlichem Design.<\/p>\n<p style=\"text-align: left;\">Viele kommerzielle Baumh\u00e4user eignen sich perfekt f\u00fcr Unternehmen, die einen einzigartigen R\u00fcckzugsort in der Natur schaffen wollen, und bieten auch Stege, schwingende Br\u00fccken und Aufenthaltsr\u00e4ume im Freien.<\/p>\n<a href=\"https:\/\/treelofts.com\/de\/kommerzielle-baumhauser\/\" target=\"_blank\" class=\"button primary is-underline box-shadow-1-hover\" rel=\"noopener\"  >\n\t\t<span>mehr sehen<\/span>\n\t<\/a>\n\n\n\n\t\t\t<\/div>\n\t\t<\/div>\n\t<\/div>\n\t\n\n\t\t<\/div>\n\t\t\t\t\t<\/div>\n\n\t\n\n\t<div id=\"col-1442850039\" class=\"col medium-6 small-12 large-6\"  >\n\t\t\t\t<div class=\"col-inner\"  >\n\t\t\t\n\t\t\t\n\n\t<div class=\"box has-hover   has-hover box-text-bottom\" >\n\n\t\t<div class=\"box-image\" >\n\t\t\t<a href=\"https:\/\/treelofts.com\/de\/basic-backyard-treehouses\/\" >\t\t\t<div class=\"image-zoom image-cover\" style=\"padding-top:56.25%;\">\n\t\t\t\t<img decoding=\"async\" width=\"1024\" height=\"683\" src=\"https:\/\/treelofts.com\/wp-content\/uploads\/2025\/02\/How-to-Build-a-Modern-Tree-House-Step-by-Step-Compliance-with-2024-Building-Codes-1.jpg\" class=\"attachment- size-\" alt=\"\" srcset=\"https:\/\/treelofts.com\/wp-content\/uploads\/2025\/02\/How-to-Build-a-Modern-Tree-House-Step-by-Step-Compliance-with-2024-Building-Codes-1.jpg 1024w, https:\/\/treelofts.com\/wp-content\/uploads\/2025\/02\/How-to-Build-a-Modern-Tree-House-Step-by-Step-Compliance-with-2024-Building-Codes-1-600x400.jpg 600w, https:\/\/treelofts.com\/wp-content\/uploads\/2025\/02\/How-to-Build-a-Modern-Tree-House-Step-by-Step-Compliance-with-2024-Building-Codes-1-768x512.jpg 768w, https:\/\/treelofts.com\/wp-content\/uploads\/2025\/02\/How-to-Build-a-Modern-Tree-House-Step-by-Step-Compliance-with-2024-Building-Codes-1-1000x667.jpg 1000w\" sizes=\"(max-width: 1024px) 100vw, 1024px\" title=\"\">\t\t\t\t\t\t\t\t\t\t\t<\/div>\n\t\t\t<\/a>\t\t<\/div>\n\n\t\t<div class=\"box-text text-center\" >\n\t\t\t<div class=\"box-text-inner\">\n\t\t\t\t\n\n<h6>Einfach und doch magisch<\/h6>\n<h3><strong><span style=\"font-size: 150%;\">Custom Basic Baumh\u00e4user<\/span><\/strong><\/h3>\n\t<div id=\"gap-419706641\" class=\"gap-element clearfix\" style=\"display:block; height:auto;\">\n\t\t\n<style>\n#gap-419706641 {\n  padding-top: 10px;\n}\n<\/style>\n\t<\/div>\n\t\n\n<p style=\"text-align: left;\">Nicht jedes Baumhaus muss aufwendig sein, um bemerkenswert zu sein. Ma\u00dfgefertigte einfache Baumh\u00e4user zeichnen sich durch Schlichtheit, Robustheit und klassischen Charme aus. Sie sind ideal f\u00fcr Familien, die sich ein gem\u00fctliches Pl\u00e4tzchen im Wald w\u00fcnschen, aber auch f\u00fcr Heimwerker, die auf der Suche nach einem spa\u00dfigen und kosteng\u00fcnstigen Unterfangen sind.<\/p>\n<p style=\"text-align: left;\">Diese Baumh\u00e4user, die oft auf einer einzigen Plattform aus robusten, nat\u00fcrlichen und der Umgebung angepassten Materialien errichtet wurden, sind entweder hoch in den B\u00e4umen oder knapp \u00fcber dem Boden und zeigen, dass man auch mit den einfachsten Konstruktionen sehr gl\u00fccklich sein kann.<\/p>\n<a href=\"https:\/\/treelofts.com\/de\/basic-backyard-treehouses\/\" target=\"_blank\" class=\"button primary is-underline box-shadow-1-hover\" rel=\"noopener\"  >\n\t\t<span>mehr sehen<\/span>\n\t<\/a>\n\n\n\n\t\t\t<\/div>\n\t\t<\/div>\n\t<\/div>\n\t\n\t<div class=\"box has-hover   has-hover box-text-bottom\" >\n\n\t\t<div class=\"box-image\" >\n\t\t\t<a href=\"https:\/\/treelofts.com\/de\/advanced-residential-custom-treehouses\/\" >\t\t\t<div class=\"image-zoom image-cover\" style=\"padding-top:56.25%;\">\n\t\t\t\t<img decoding=\"async\" width=\"474\" height=\"474\" src=\"https:\/\/treelofts.com\/wp-content\/uploads\/2025\/02\/Treehouse-Designs.jpg\" class=\"attachment- size-\" alt=\"\" srcset=\"https:\/\/treelofts.com\/wp-content\/uploads\/2025\/02\/Treehouse-Designs.jpg 474w, https:\/\/treelofts.com\/wp-content\/uploads\/2025\/02\/Treehouse-Designs-400x400.jpg 400w, https:\/\/treelofts.com\/wp-content\/uploads\/2025\/02\/Treehouse-Designs-280x280.jpg 280w, https:\/\/treelofts.com\/wp-content\/uploads\/2025\/02\/Treehouse-Designs-100x100.jpg 100w\" sizes=\"(max-width: 474px) 100vw, 474px\" title=\"\">\t\t\t\t\t\t\t\t\t\t\t<\/div>\n\t\t\t<\/a>\t\t<\/div>\n\n\t\t<div class=\"box-text text-center\" >\n\t\t\t<div class=\"box-text-inner\">\n\t\t\t\t\n\n<h6>Entworfen, um zu beeindrucken<\/h6>\n<h3><strong><span style=\"font-size: 150%;\">Erweiterte kundenspezifische Baumh\u00e4user<\/span><\/strong><\/h3>\n\t<div id=\"gap-1551336814\" class=\"gap-element clearfix\" style=\"display:block; height:auto;\">\n\t\t\n<style>\n#gap-1551336814 {\n  padding-top: 10px;\n}\n<\/style>\n\t<\/div>\n\t\n\n<p style=\"text-align: left;\">Fortschrittliche, ma\u00dfgeschneiderte Baumh\u00e4user bringen das Leben in der Baumkrone auf eine ganz neue Ebene f\u00fcr Menschen, die gro\u00dfe Ideen und k\u00fchnen Einfallsreichtum lieben. Diese Geb\u00e4ude sind aufgrund ihrer kunstvollen architektonischen Elemente, komplexen Treppen und mehrst\u00f6ckigen Plattformen, die jedes einzelne auszeichnen, einzigartig.<\/p>\n<p>\u00a0<\/p>\n<p style=\"text-align: left;\">Diese Baumh\u00e4user, die von einem achteckigen Wohnbereich \u00fcber ein geheimes Loft zur Sternenbeobachtung bis hin zu einer schwimmenden Br\u00fccke, die zwei B\u00e4ume miteinander verbindet, reichen, werden mit geschicktem Design und exquisiter Handwerkskunst geschaffen. Jedes Projekt geht bis an die Grenzen des Machbaren, um erstaunliche, n\u00fctzliche Kunstwerke weit \u00fcber der Erde zu schaffen.<\/p>\n<a href=\"https:\/\/treelofts.com\/de\/advanced-residential-custom-treehouses\/\" target=\"_blank\" class=\"button primary is-underline box-shadow-1-hover\" rel=\"noopener\"  >\n\t\t<span>mehr sehen<\/span>\n\t<\/a>\n\n\n\n\t\t\t<\/div>\n\t\t<\/div>\n\t<\/div>\n\t\n\t<div class=\"box has-hover   has-hover box-text-bottom\" >\n\n\t\t<div class=\"box-image\" >\n\t\t\t<a href=\"https:\/\/treelofts.com\/de\/spiellandschaft-baumhauser\/\" >\t\t\t<div class=\"image-zoom image-cover\" style=\"padding-top:56.25%;\">\n\t\t\t\t<img decoding=\"async\" width=\"1024\" height=\"586\" src=\"https:\/\/treelofts.com\/wp-content\/uploads\/2025\/02\/Tree-House-1.jpg\" class=\"attachment- size-\" alt=\"\" srcset=\"https:\/\/treelofts.com\/wp-content\/uploads\/2025\/02\/Tree-House-1.jpg 1024w, https:\/\/treelofts.com\/wp-content\/uploads\/2025\/02\/Tree-House-1-699x400.jpg 699w, https:\/\/treelofts.com\/wp-content\/uploads\/2025\/02\/Tree-House-1-768x440.jpg 768w, https:\/\/treelofts.com\/wp-content\/uploads\/2025\/02\/Tree-House-1-1000x572.jpg 1000w\" sizes=\"(max-width: 1024px) 100vw, 1024px\" title=\"\">\t\t\t\t\t\t\t\t\t\t\t<\/div>\n\t\t\t<\/a>\t\t<\/div>\n\n\t\t<div class=\"box-text text-center\" >\n\t\t\t<div class=\"box-text-inner\">\n\t\t\t\t\n\n<h6>Abenteuer f\u00fcr Junge und Junggebliebene<\/h6>\n<h3><strong><span style=\"font-size: 150%;\">Spiellandschaft Baumh\u00e4user<\/span><\/strong><\/h3>\n\t<div id=\"gap-586757783\" class=\"gap-element clearfix\" style=\"display:block; height:auto;\">\n\t\t\n<style>\n#gap-586757783 {\n  padding-top: 10px;\n}\n<\/style>\n\t<\/div>\n\t\n\n<p style=\"text-align: left;\">Playscape-Baumh\u00e4user sind ideal f\u00fcr alle, die der Meinung sind, dass es bei Baumh\u00e4usern um Spa\u00df, Spannung und Entdeckung gehen sollte. Sie wurden speziell f\u00fcr Kinder (und mutige Erwachsene) entwickelt und verwandeln den Garten in eine actiongeladene Abenteuerzone.<\/p>\n<p style=\"text-align: left;\">Zur F\u00f6rderung des aktiven Spiels und der Kreativit\u00e4t im Freien sind die Baumh\u00e4user von Playscape h\u00e4ufig mit Seilbr\u00fccken, Kletterw\u00e4nden, Rutschen, Seilbahnen und Geheimg\u00e4ngen ausgestattet. Sicherheit steht an erster Stelle. Starke Leitern, verst\u00e4rkte Plattformen und sichere Gel\u00e4nder sorgen f\u00fcr viele Stunden sorgenfreien Spielspa\u00df.<\/p>\n<p style=\"text-align: left;\">Ein Playscape-Baumhaus ist eine Investition in Gl\u00fcck, Fantasie und Abenteuer, ob als Traumspielhaus f\u00fcr Ihre Kinder oder als einzigartiger Aktivit\u00e4tsraum im Freien.<\/p>\n<a href=\"https:\/\/treelofts.com\/de\/spiellandschaft-baumhauser\/\" target=\"_blank\" class=\"button primary is-underline box-shadow-1-hover\" rel=\"noopener\"  >\n\t\t<span>mehr sehen<\/span>\n\t<\/a>\n\n\n\n\t\t\t<\/div>\n\t\t<\/div>\n\t<\/div>\n\t\n\n\t\t<\/div>\n\t\t\t\t\t<\/div>\n\n\t\n\n\n<style>\n#row-2051763826 > .col > .col-inner {\n  padding: 0px 0px 0px 0px;\n}\n<\/style>\n<\/div>\n\n\t\t<\/div>\n\n\t\t\n<style>\n#section_720117745 {\n  padding-top: 30px;\n  padding-bottom: 30px;\n}\n<\/style>\n\t<\/section>\n\t\n\n\t<section class=\"section dark has-parallax\" id=\"section_939878966\">\n\t\t<div class=\"section-bg fill\" data-parallax-container=\".section\" data-parallax-background data-parallax=\"-9\">\n\t\t\t<img decoding=\"async\" width=\"1024\" height=\"683\" src=\"https:\/\/treelofts.com\/wp-content\/uploads\/2025\/02\/Tree-House-109.jpg\" class=\"bg attachment- size-\" alt=\"\" title=\"\">\t\t\t\t\t\t<div class=\"section-bg-overlay absolute fill\"><\/div>\n\t\t\t\n\n\t\t<\/div>\n\n\t\t\n\n\t\t<div class=\"section-content relative\">\n\t\t\t\n\n\t<div id=\"gap-1106810880\" class=\"gap-element clearfix\" style=\"display:block; height:auto;\">\n\t\t\n<style>\n#gap-1106810880 {\n  padding-top: 30px;\n}\n<\/style>\n\t<\/div>\n\t\n\n<div class=\"row align-center\"  id=\"row-890509599\">\n\n\n\t<div id=\"col-108039698\" class=\"col medium-9 small-12 large-9\"  >\n\t\t\t\t<div class=\"col-inner text-center\"  >\n\t\t\t\n\t\t\t\n\n<p>Lassen Sie uns Ihre Vision zum Leben erwecken<\/p>\n\t<div id=\"text-2084375952\" class=\"text\">\n\t\t\n\n<h2><strong>Herstellung von Traum-Baumh\u00e4usern seit 2013<\/strong><\/h2>\n<p class=\"lead\">\u00a0<\/p>\n\t\t\n<style>\n#text-2084375952 {\n  font-size: 1.5rem;\n}\n<\/style>\n\t<\/div>\n\t\n<a href=\"https:\/\/treelofts.com\/de\/kontaktieren-sie-uns\/\" class=\"button primary\"  style=\"border-radius:22px;\">\n\t\t<span>Beginnen Sie Ihre Baumhausreise noch heute<\/span>\n\t<\/a>\n\n\n\n\t\t<\/div>\n\t\t\t\t\t<\/div>\n\n\t\n\n<\/div>\n\n\t\t<\/div>\n\n\t\t\n<style>\n#section_939878966 {\n  padding-top: 30px;\n  padding-bottom: 30px;\n  min-height: 300px;\n  background-color: rgb(0, 0, 0);\n}\n#section_939878966 .section-bg-overlay {\n  background-color: rgba(0, 0, 0, 0.01);\n}\n#section_939878966 .section-bg img {\n  object-position: 59% 0%;\n}\n@media (min-width:550px) {\n  #section_939878966 {\n    min-height: 400px;\n  }\n}\n<\/style>\n\t<\/section>\n\t\n<div class=\"woocommerce columns-4\"><\/div>\n\n<div class=\"row\"  id=\"row-1741490827\">\n\n\n\n<\/div>","protected":false},"excerpt":{"rendered":"","protected":false},"author":5,"featured_media":0,"parent":0,"menu_order":0,"comment_status":"closed","ping_status":"closed","template":"","meta":{"footnotes":""},"class_list":["post-1131","page","type-page","status-publish","hentry"],"_links":{"self":[{"href":"https:\/\/treelofts.com\/de\/wp-json\/wp\/v2\/pages\/1131","targetHints":{"allow":["GET"]}}],"collection":[{"href":"https:\/\/treelofts.com\/de\/wp-json\/wp\/v2\/pages"}],"about":[{"href":"https:\/\/treelofts.com\/de\/wp-json\/wp\/v2\/types\/page"}],"author":[{"embeddable":true,"href":"https:\/\/treelofts.com\/de\/wp-json\/wp\/v2\/users\/5"}],"replies":[{"embeddable":true,"href":"https:\/\/treelofts.com\/de\/wp-json\/wp\/v2\/comments?post=1131"}],"version-history":[{"count":0,"href":"https:\/\/treelofts.com\/de\/wp-json\/wp\/v2\/pages\/1131\/revisions"}],"wp:attachment":[{"href":"https:\/\/treelofts.com\/de\/wp-json\/wp\/v2\/media?parent=1131"}],"curies":[{"name":"wp","href":"https:\/\/api.w.org\/{rel}","templated":true}]}}