{"id":1165,"date":"2025-02-11T23:11:14","date_gmt":"2025-02-12T07:11:14","guid":{"rendered":"https:\/\/azh5n13ivf.onrocket.site\/?page_id=1165"},"modified":"2025-02-13T00:00:49","modified_gmt":"2025-02-13T08:00:49","slug":"optionen","status":"publish","type":"page","link":"https:\/\/treelofts.com\/de\/optionen\/","title":{"rendered":"Optionen"},"content":{"rendered":"<div class=\"banner has-hover\" id=\"banner-1381910243\">\n          <div class=\"banner-inner fill\">\n        <div class=\"banner-bg fill\" >\n            <img decoding=\"async\" width=\"1245\" height=\"1659\" src=\"https:\/\/treelofts.com\/wp-content\/uploads\/2025\/02\/Tree-House-2-1.webp\" class=\"bg attachment-original size-original\" alt=\"Warum luxuri\u00f6se Baumhaus-Resorts der neue Reisetrend sind\" title=\"\">                        <div class=\"overlay\"><\/div>            \n                    <\/div>\n\t\t\n        <div class=\"banner-layers container\">\n            <div class=\"fill banner-link\"><\/div>            \n\n   <div id=\"text-box-438882968\" class=\"text-box banner-layer x50 md-x50 lg-x50 y50 md-y50 lg-y50 res-text\">\n                                <div class=\"text-box-content text dark\">\n              \n              <div class=\"text-inner text-center\">\n                  \n\n<h3>Gestalten Sie Ihr Traum-Baumhaus<\/h3>\n<h1><strong>Zubeh\u00f6r und Optionen<\/strong><\/h1>\n<p>Ein Baumhaus ist eine Flucht, ein Abenteuer, ein Versteck oder sogar ein luxuri\u00f6ses Resort, nicht nur eine Konstruktion im Wald. Mit dem richtigen Zubeh\u00f6r wird Ihr einfaches Garten-Baumhaus zu einem beeindruckenden Bauwerk, egal ob es sich um eine pr\u00e4chtige Baumkrone handelt oder nicht. Stellen Sie sich vor, Sie k\u00f6nnten Kletterw\u00e4nde, bequeme H\u00e4ngematten, H\u00e4ngebr\u00fccken und sogar geheime Fallt\u00fcren einbauen - jeder Aspekt verwandelt Ihr Baumhaus in eine ganz besondere Umgebung. Bei so vielen M\u00f6glichkeiten k\u00f6nnen Sie ein Versteck in der Baumkrone schaffen, das Ihrer Kreativit\u00e4t, Ihren Bed\u00fcrfnissen und Ihrem Sinn f\u00fcr Spa\u00df entspricht.<\/p>\n<a href=\"https:\/\/treelofts.com\/de\/kontaktieren-sie-uns\/\" class=\"button primary is-underline\"  >\n\t\t<span>Beginnen Sie Ihre Baumhausreise noch heute<\/span>\n\t<\/a>\n\n\n\n              <\/div>\n           <\/div>\n                            \n<style>\n#text-box-438882968 {\n  width: 84%;\n}\n#text-box-438882968 .text-box-content {\n  font-size: 100%;\n}\n<\/style>\n    <\/div>\n \n\n        <\/div>\n      <\/div>\n\n            \n<style>\n#banner-1381910243 {\n  padding-top: 688px;\n}\n#banner-1381910243 .overlay {\n  background-color: rgba(0,0,0,.5);\n}\n#banner-1381910243 .banner-bg img {\n  object-position: 48% 58%;\n}\n@media (min-width:550px) {\n  #banner-1381910243 {\n    padding-top: 800px;\n  }\n}\n<\/style>\n  <\/div>\n\n\n\n\t<section class=\"section\" id=\"section_1785398325\">\n\t\t<div class=\"section-bg fill\" >\n\t\t\t\t\t\t\t\t\t\n\t\t\t\n\n\t\t<\/div>\n\n\t\t\n\n\t\t<div class=\"section-content relative\">\n\t\t\t\n\n\t<div id=\"gap-791803046\" class=\"gap-element clearfix\" style=\"display:block; height:auto;\">\n\t\t\n<style>\n#gap-791803046 {\n  padding-top: 30px;\n}\n<\/style>\n\t<\/div>\n\t\n\n<div class=\"row align-center\"  id=\"row-2024661502\">\n\n\n\t<div id=\"col-1432456125\" class=\"col medium-10 small-12 large-11\"  >\n\t\t\t\t<div class=\"col-inner text-center\"  >\n\t\t\t\n\t\t\t\n\n<h6>Spiel und Nervenkitzel in den Baumwipfeln<\/h6>\n<h2><strong><span style=\"font-size: 150%;\">Machen Sie es zu einem Abenteuer<\/span><\/strong><\/h2>\n<p>F\u00fcr alle, die meinen, dass ein Baumhaus nicht nur sch\u00f6n, sondern auch aufregend sein muss, sind abenteuerliche Erweiterungen unerl\u00e4sslich. Seilbr\u00fccken sorgen f\u00fcr Bewegung und Aufregung und verst\u00e4rken so das Abenteuer, das Ihr Baumhaus bietet, wenn Sie zwischen den Plattformen laufen. Mit Kletterw\u00e4nden und Netzen k\u00f6nnen Kinder und Erwachsene ihre Geschicklichkeit testen, was f\u00fcr ein neues Ma\u00df an Vergn\u00fcgen und Herausforderung sorgt. Installieren Sie eine Rutsche oder eine Feuerwehrstange, um Ihr Baumhaus auf einzigartige Weise verlassen zu k\u00f6nnen. Nichts verk\u00f6rpert so sehr das Abenteuer wie ein stilvoller Abstieg aus den Baumkronen.<\/p>\n<p>Seilrutschen erm\u00f6glichen es, mit einem Adrenalinsto\u00df zwischen B\u00e4umen hindurch oder auf die Erde hinunter zu gleiten, was den Reiz von Baumh\u00e4usern noch erh\u00f6ht. Ob es sich um eine herk\u00f6mmliche Holzschaukel, eine riesige Seilschaukel oder eine spielerische Reifenschaukel handelt, die an einem starken Ast aufgeh\u00e4ngt ist, Schaukeln sind auch ziemlich erstaunlich. Wenn Sie Bewegung in Ihr Baumhaus einbauen, wird es lebendiger und verbindet Freizeit und Vergn\u00fcgen in einem.<\/p>\n<a href=\"https:\/\/treelofts.com\/de\/kontaktieren-sie-uns\/\" target=\"_blank\" class=\"button primary is-underline box-shadow-1-hover\" rel=\"noopener\"  >\n\t\t<span>kontaktieren Sie uns<\/span>\n\t<\/a>\n\n\n\n\t\t<\/div>\n\t\t\t\t\t<\/div>\n\n\t\n\n<\/div>\n\n\t\t<\/div>\n\n\t\t\n<style>\n#section_1785398325 {\n  padding-top: 30px;\n  padding-bottom: 30px;\n}\n<\/style>\n\t<\/section>\n\t\n\n\t<section class=\"section\" id=\"section_163403276\">\n\t\t<div class=\"section-bg fill\" >\n\t\t\t\t\t\t\t\t\t\n\t\t\t\n\n\t\t<\/div>\n\n\t\t\n\n\t\t<div class=\"section-content relative\">\n\t\t\t\n\n<div class=\"row row-large align-middle align-center\" style=\"max-width:1400px\" id=\"row-1678847901\">\n\n\n\t<div id=\"col-1851036512\" class=\"col medium-9 small-12 large-6\"  >\n\t\t\t\t<div class=\"col-inner\"  >\n\t\t\t\n\t\t\t\n\n\n  <div class=\"banner has-hover\" id=\"banner-41233481\">\n          <div class=\"banner-inner fill\">\n        <div class=\"banner-bg fill\" >\n            <img decoding=\"async\" width=\"899\" height=\"1199\" src=\"https:\/\/treelofts.com\/wp-content\/uploads\/2025\/02\/tree-house-1-1.jpeg\" class=\"bg attachment-original size-original\" alt=\"\" title=\"\">                                    \n                    <\/div>\n\t\t\n        <div class=\"banner-layers container\">\n            <div class=\"fill banner-link\"><\/div>            \n\n   <div id=\"text-box-700136329\" class=\"text-box banner-layer x50 md-x50 lg-x50 y50 md-y50 lg-y50 res-text\">\n                                <div class=\"text-box-content text dark\">\n              \n              <div class=\"text-inner text-center\">\n                  \n\n\n              <\/div>\n           <\/div>\n                            \n<style>\n#text-box-700136329 {\n  width: 60%;\n}\n#text-box-700136329 .text-box-content {\n  font-size: 100%;\n}\n@media (min-width:550px) {\n  #text-box-700136329 {\n    width: 60%;\n  }\n}\n<\/style>\n    <\/div>\n \n\n        <\/div>\n      <\/div>\n\n            \n<style>\n#banner-41233481 {\n  padding-top: 300px;\n}\n#banner-41233481 .banner-bg img {\n  object-position: 49% 27%;\n}\n@media (min-width:850px) {\n  #banner-41233481 {\n    padding-top: 70%;\n  }\n}\n<\/style>\n  <\/div>\n\n\n\n\t\t<\/div>\n\t\t\t\t\t<\/div>\n\n\t\n\n\t<div id=\"col-1965321843\" class=\"col medium-9 small-12 large-6\"  >\n\t\t\t\t<div class=\"col-inner text-left\"  >\n\t\t\t\n\t\t\t\n\n<h6>Komfort &amp; Lebensqualit\u00e4t<\/h6>\n<h3><strong><span style=\"font-size: 160%;\">Verwandeln Sie es in einen gem\u00fctlichen R\u00fcckzugsort<\/span><\/strong><\/h3>\n<p>Ein Baumhaus sollte ein Ort sein, an dem man sich entspannen, ausruhen und die Umgebung wirklich genie\u00dfen kann. Obwohl sie einen fantastischen Blick auf die Baumkronen oder den n\u00e4chtlichen Sternenhimmel bieten, sorgen Fenster und Oberlichter f\u00fcr nat\u00fcrliches Licht und frische Luft. Terrassen und Balkone eignen sich perfekt f\u00fcr den Morgenkaffee oder die abendliche Entspannung, denn sie erm\u00f6glichen es, nach drau\u00dfen zu gehen und den Anblick und die Ger\u00e4usche der Natur zu genie\u00dfen. Mit einer H\u00e4ngematte oder einem H\u00e4ngesessel entsteht im Handumdrehen ein ruhiger, sich wiegender R\u00fcckzugsort, an dem Sie sich entspannen, ein Nickerchen machen oder einfach nur den Moment genie\u00dfen k\u00f6nnen.<\/p>\n<p>Isolierung und Wetterschutz tragen dazu bei, dass Sie Ihr Baumhaus das ganze Jahr \u00fcber nutzen k\u00f6nnen, da es im Winter warm und im Sommer k\u00fchl bleibt. Die richtige Isolierung und die architektonischen Merkmale sorgen daf\u00fcr, dass Ihr Baumhaus zu jeder Jahreszeit angenehm ist, sei es als idealer Zufluchtsort f\u00fcr kalte Abende oder als luftige Freiluftumgebung f\u00fcr die w\u00e4rmeren Monate.<\/p>\n<a href=\"https:\/\/treelofts.com\/de\/kontaktieren-sie-uns\/\" target=\"_blank\" class=\"button secondary is-link box-shadow-1-hover\" rel=\"noopener\"  >\n\t\t<span>kontaktieren Sie uns<\/span>\n\t<i class=\"icon-angle-right\" aria-hidden=\"true\" ><\/i><\/a>\n\n\n\n\t\t<\/div>\n\t\t\t\t\n<style>\n#col-1965321843 > .col-inner {\n  padding: 0px 0px 0px 0px;\n}\n@media (min-width:850px) {\n  #col-1965321843 > .col-inner {\n    padding: 0px 50px 0px 50px;\n  }\n}\n<\/style>\n\t<\/div>\n\n\t\n\n<\/div>\n<div class=\"row row-large align-middle align-center\" style=\"max-width:1400px\" id=\"row-589705244\">\n\n\n\t<div id=\"col-2072822127\" class=\"col medium-9 small-12 large-6\"  >\n\t\t\t\t<div class=\"col-inner text-left\"  >\n\t\t\t\n\t\t\t\n\n<h6>Intelligente Erg\u00e4nzungen f\u00fcr Einfachheit und Bequemlichkeit<\/h6>\n<h3><strong><span style=\"font-size: 150%;\">Funktionalit\u00e4ten erweitern<\/span><\/strong><\/h3>\n<p>Baumh\u00e4user sollten n\u00fctzlich sein, auch wenn sie fantasievoll und skurril sein k\u00f6nnen. Ein gut durchdachtes Design beinhaltet sinnvolle Funktionen, die das Leben vereinfachen. Statt mit vollen H\u00e4nden zu klettern, k\u00f6nnen Sie mit Flaschenzugsystemen und Seilk\u00f6rben Waren, Lebensmittel oder sogar B\u00fccher nach oben und unten bef\u00f6rdern. Praktisch und unterhaltsam: Stellen Sie sich vor, Sie k\u00f6nnten ein Picknickessen zusammenstellen oder einen Korb mit Spielzeug f\u00fcr die Kinder hinunterlassen.<\/p>\n<p>Nach Sonnenuntergang sorgen solarbetriebene und batteriebetriebene Lampen daf\u00fcr, dass Ihr Baumhaus bis in die Abendstunden hinein gut beleuchtet ist und somit besser genutzt werden kann. Ein gut beleuchteter Bereich macht den Unterschied aus, ob Sie in der Baumkrone \u00fcbernachten oder einfach nur die Ruhe des Abends genie\u00dfen wollen. Entscheidend ist auch ein sicherer und zeitgem\u00e4\u00dfer Zugang zu Ihrem Baumhaus. Stabile Leitern und Treppen bieten einen sicheren Zugang; die Auswahl reicht von traditionellen Holztreppen bis hin zu Wendeltreppen oder Strickleitern f\u00fcr eine gewagtere Stimmung. Im Inneren sorgen clevere Aufbewahrungsm\u00f6glichkeiten und eingebaute St\u00fchle f\u00fcr Ordnung, ohne dass Sie zu viel Platz einb\u00fc\u00dfen m\u00fcssen.<\/p>\n<a href=\"https:\/\/treelofts.com\/de\/kontaktieren-sie-uns\/\" target=\"_blank\" class=\"button secondary is-link box-shadow-1-hover\" rel=\"noopener\"  >\n\t\t<span>kontaktieren Sie uns<\/span>\n\t<i class=\"icon-angle-right\" aria-hidden=\"true\" ><\/i><\/a>\n\n\n\n\t\t<\/div>\n\t\t\t\t\n<style>\n#col-2072822127 > .col-inner {\n  padding: 0px 0px 0px 0px;\n}\n@media (min-width:850px) {\n  #col-2072822127 > .col-inner {\n    padding: 0px 50px 0px 50px;\n  }\n}\n<\/style>\n\t<\/div>\n\n\t\n\n\t<div id=\"col-1989942589\" class=\"col medium-9 small-12 large-6 medium-col-first\"  >\n\t\t\t\t<div class=\"col-inner\"  >\n\t\t\t\n\t\t\t\n\n\n  <div class=\"banner has-hover\" id=\"banner-650401514\">\n          <div class=\"banner-inner fill\">\n        <div class=\"banner-bg fill\" >\n            <img decoding=\"async\" width=\"1024\" height=\"1366\" src=\"https:\/\/treelofts.com\/wp-content\/uploads\/2025\/02\/Scandinavian-style-tree-house-3.webp\" class=\"bg attachment-original size-original\" alt=\"\" title=\"\">                                    \n                    <\/div>\n\t\t\n        <div class=\"banner-layers container\">\n            <div class=\"fill banner-link\"><\/div>            \n\n   <div id=\"text-box-1638006114\" class=\"text-box banner-layer x50 md-x50 lg-x50 y50 md-y50 lg-y50 res-text\">\n                                <div class=\"text-box-content text dark\">\n              \n              <div class=\"text-inner text-center\">\n                  \n\n\n              <\/div>\n           <\/div>\n                            \n<style>\n#text-box-1638006114 {\n  width: 60%;\n}\n#text-box-1638006114 .text-box-content {\n  font-size: 100%;\n}\n@media (min-width:550px) {\n  #text-box-1638006114 {\n    width: 60%;\n  }\n}\n<\/style>\n    <\/div>\n \n\n        <\/div>\n      <\/div>\n\n            \n<style>\n#banner-650401514 {\n  padding-top: 300px;\n}\n#banner-650401514 .banner-bg img {\n  object-position: 48% 68%;\n}\n@media (min-width:850px) {\n  #banner-650401514 {\n    padding-top: 83.28%;\n  }\n}\n<\/style>\n  <\/div>\n\n\n\n\t\t<\/div>\n\t\t\t\t\t<\/div>\n\n\t\n\n<\/div>\n\n\t\t<\/div>\n\n\t\t\n<style>\n#section_163403276 {\n  padding-top: 0px;\n  padding-bottom: 0px;\n}\n<\/style>\n\t<\/section>\n\t\n\n\t<section class=\"section\" id=\"section_1419312138\">\n\t\t<div class=\"section-bg fill\" >\n\t\t\t\t\t\t\t\t\t\n\t\t\t\n\n\t\t<\/div>\n\n\t\t\n\n\t\t<div class=\"section-content relative\">\n\t\t\t\n\n<div class=\"row row-large align-middle align-center\" style=\"max-width:1400px\" id=\"row-1815050825\">\n\n\n\t<div id=\"col-1567506590\" class=\"col medium-9 small-12 large-6\"  >\n\t\t\t\t<div class=\"col-inner\"  >\n\t\t\t\n\t\t\t\n\n\n  <div class=\"banner has-hover\" id=\"banner-424536286\">\n          <div class=\"banner-inner fill\">\n        <div class=\"banner-bg fill\" >\n            <img decoding=\"async\" width=\"1284\" height=\"1696\" src=\"https:\/\/treelofts.com\/wp-content\/uploads\/2025\/02\/Tree-House-Plans-6.webp\" class=\"bg attachment-original size-original\" alt=\"\" title=\"\">                                    \n                    <\/div>\n\t\t\n        <div class=\"banner-layers container\">\n            <div class=\"fill banner-link\"><\/div>            \n\n   <div id=\"text-box-1958619691\" class=\"text-box banner-layer x50 md-x50 lg-x50 y50 md-y50 lg-y50 res-text\">\n                                <div class=\"text-box-content text dark\">\n              \n              <div class=\"text-inner text-center\">\n                  \n\n\n              <\/div>\n           <\/div>\n                            \n<style>\n#text-box-1958619691 {\n  width: 60%;\n}\n#text-box-1958619691 .text-box-content {\n  font-size: 100%;\n}\n@media (min-width:550px) {\n  #text-box-1958619691 {\n    width: 60%;\n  }\n}\n<\/style>\n    <\/div>\n \n\n        <\/div>\n      <\/div>\n\n            \n<style>\n#banner-424536286 {\n  padding-top: 300px;\n}\n#banner-424536286 .banner-bg img {\n  object-position: 51% 0%;\n}\n@media (min-width:850px) {\n  #banner-424536286 {\n    padding-top: 68.7%;\n  }\n}\n<\/style>\n  <\/div>\n\n\n\n\t\t<\/div>\n\t\t\t\t\t<\/div>\n\n\t\n\n\t<div id=\"col-704564449\" class=\"col medium-9 small-12 large-6\"  >\n\t\t\t\t<div class=\"col-inner text-left\"  >\n\t\t\t\n\t\t\t\n\n<h6>Auf die kleinen Details kommt es an<\/h6>\n<h3><strong><span style=\"font-size: 150%;\">Pers\u00f6nliche und einzigartige Akzente setzen<\/span><\/strong><\/h3>\n<p>Ein Baumhaus sollte sich vor allem nach Ihnen anf\u00fchlen, und innovative Akzente und individuelle Elemente werden Ihnen dabei helfen, dies zu erreichen. W\u00e4hrend Zierleisten und Holzschnitzereien f\u00fcr einen rustikalen oder skurrilen Look sorgen k\u00f6nnen, erzeugt das Hinzuf\u00fcgen von Baumhaust\u00fcren und Fensterl\u00e4den eine sch\u00f6ne H\u00fcttenatmosph\u00e4re. Ihr Baumhaus wird Sie mit geheimen Fallt\u00fcren, geheimen F\u00e4chern und gem\u00fctlichen Dachb\u00f6den \u00fcberraschen und so seinen Aufregungsfaktor erh\u00f6hen.<\/p>\n<p>Thematische Dekorationen geben dem Raum weitere kreative Impulse. Die M\u00f6glichkeiten sind zahllos: ein Piratenschiff-Baumhaus mit Mast und Holzgel\u00e4nder, ein m\u00e4rchenhafter Weiler mit funkelnden Lichtern und efeubewachsenen W\u00e4nden oder ein Dschungelrefugium mit Bambusdetails und Ranken. Individuelle Beschriftungen mit Namen, Zitaten oder Familienwappen verleihen dem Raum den letzten Schliff, der ihn von anderen unterscheidet.<\/p>\n<a href=\"https:\/\/treelofts.com\/de\/kontaktieren-sie-uns\/\" target=\"_blank\" class=\"button secondary is-link box-shadow-1-hover\" rel=\"noopener\"  >\n\t\t<span>kontaktieren Sie uns<\/span>\n\t<i class=\"icon-angle-right\" aria-hidden=\"true\" ><\/i><\/a>\n\n\n\n\t\t<\/div>\n\t\t\t\t\n<style>\n#col-704564449 > .col-inner {\n  padding: 0px 0px 0px 0px;\n}\n@media (min-width:850px) {\n  #col-704564449 > .col-inner {\n    padding: 0px 50px 0px 50px;\n  }\n}\n<\/style>\n\t<\/div>\n\n\t\n\n<\/div>\n\n\t\t<\/div>\n\n\t\t\n<style>\n#section_1419312138 {\n  padding-top: 0px;\n  padding-bottom: 0px;\n}\n<\/style>\n\t<\/section>\n\t\n\n\t<section class=\"section\" id=\"section_1114193418\">\n\t\t<div class=\"section-bg fill\" >\n\t\t\t\t\t\t\t\t\t\n\t\t\t\n\n\t\t<\/div>\n\n\t\t\n\n\t\t<div class=\"section-content relative\">\n\t\t\t\n\n\t<div id=\"gap-950471040\" class=\"gap-element clearfix\" style=\"display:block; height:auto;\">\n\t\t\n<style>\n#gap-950471040 {\n  padding-top: 30px;\n}\n<\/style>\n\t<\/div>\n\t\n\n<div class=\"row align-center\"  id=\"row-789172062\">\n\n\n\t<div id=\"col-271543580\" class=\"col medium-10 small-12 large-11\"  >\n\t\t\t\t<div class=\"col-inner text-center\"  >\n\t\t\t\n\t\t\t\n\n\t<div id=\"text-4087618082\" class=\"text\">\n\t\t\n\n<h2 data-start=\"4591\" data-end=\"4624\"><strong data-start=\"4594\" data-end=\"4622\">Ihr Baumhaus, Ihre Art<\/strong><\/h2>\n\t\t\n<style>\n#text-4087618082 {\n  font-size: 1.63rem;\n}\n<\/style>\n\t<\/div>\n\t\n<p>Zwei Baumh\u00e4user sollten nicht genau gleich sein. Mit dem richtigen Zubeh\u00f6r und den richtigen Design-Entscheidungen k\u00f6nnen Sie Ihre Idee verwirklichen, ganz gleich, ob es sich um einen zweckm\u00e4\u00dfigen R\u00fcckzugsort im Freien, einen ruhigen R\u00fcckzugsort oder einen actiongeladenen Abenteuerort handelt. Ein Baumhaus ist mehr als nur ein Geb\u00e4ude, es ist ein Erlebnis, ein Urlaub und ein kreativer Ausdruck dessen, was Ihnen Freude macht. Beginnen Sie mit der Planung, erforschen Sie die M\u00f6glichkeiten und schaffen Sie ein Baumhaus, das so einzigartig ist wie Ihre Fantasie.<\/p>\n<a href=\"https:\/\/treelofts.com\/de\/kontaktieren-sie-uns\/\" target=\"_blank\" class=\"button primary is-underline box-shadow-1-hover\" rel=\"noopener\"  >\n\t\t<span>kontaktieren Sie uns<\/span>\n\t<\/a>\n\n\n\n\t\t<\/div>\n\t\t\t\t\t<\/div>\n\n\t\n\n<\/div>\n\n\t\t<\/div>\n\n\t\t\n<style>\n#section_1114193418 {\n  padding-top: 30px;\n  padding-bottom: 30px;\n}\n<\/style>\n\t<\/section>\n\t\n\n  <div class=\"banner has-hover\" id=\"banner-509979895\">\n          <div class=\"banner-inner fill\">\n        <div class=\"banner-bg fill\" >\n            <img decoding=\"async\" width=\"1020\" height=\"681\" src=\"https:\/\/treelofts.com\/wp-content\/uploads\/2025\/02\/Build-the-perfect-treehouse-with-just-15K-budget-friendly-Treehouse-Kit-with-our-customer-examples-2.jpg\" class=\"bg attachment-large size-large\" alt=\"\" title=\"\">                        <div class=\"overlay\"><\/div>            \n                    <\/div>\n\t\t\n        <div class=\"banner-layers container\">\n            <div class=\"fill banner-link\"><\/div>            \n\n   <div id=\"text-box-2096290340\" class=\"text-box banner-layer x50 md-x50 lg-x50 y50 md-y50 lg-y50 res-text\">\n                                <div class=\"text-box-content text dark\">\n              \n              <div class=\"text-inner text-center\">\n                  \n\n<p>Lassen Sie uns Ihre Vision zum Leben erwecken<\/p>\n<h2><strong>Herstellung von Traum-Baumh\u00e4usern seit 2013<\/strong><\/h2>\n<a href=\"https:\/\/treelofts.com\/de\/kontaktieren-sie-uns\/\" class=\"button white is-outline\"  >\n\t\t<span>Beginnen Sie Ihre Baumhausreise noch heute<\/span>\n\t<\/a>\n\n\n\n              <\/div>\n           <\/div>\n                            \n<style>\n#text-box-2096290340 {\n  width: 60%;\n}\n#text-box-2096290340 .text-box-content {\n  font-size: 100%;\n}\n<\/style>\n    <\/div>\n \n\n        <\/div>\n      <\/div>\n\n            \n<style>\n#banner-509979895 {\n  padding-top: 350px;\n}\n#banner-509979895 .overlay {\n  background-color: rgba(0, 0, 0, 0.17);\n}\n#banner-509979895 .banner-bg img {\n  object-position: 51% 17%;\n}\n<\/style>\n  <\/div>\n\n\n<div class=\"woocommerce columns-4\"><\/div>\n\n<div class=\"row\"  id=\"row-60251455\">\n\n\n\n<\/div>","protected":false},"excerpt":{"rendered":"","protected":false},"author":5,"featured_media":0,"parent":0,"menu_order":0,"comment_status":"closed","ping_status":"closed","template":"","meta":{"footnotes":""},"class_list":["post-1165","page","type-page","status-publish","hentry"],"_links":{"self":[{"href":"https:\/\/treelofts.com\/de\/wp-json\/wp\/v2\/pages\/1165","targetHints":{"allow":["GET"]}}],"collection":[{"href":"https:\/\/treelofts.com\/de\/wp-json\/wp\/v2\/pages"}],"about":[{"href":"https:\/\/treelofts.com\/de\/wp-json\/wp\/v2\/types\/page"}],"author":[{"embeddable":true,"href":"https:\/\/treelofts.com\/de\/wp-json\/wp\/v2\/users\/5"}],"replies":[{"embeddable":true,"href":"https:\/\/treelofts.com\/de\/wp-json\/wp\/v2\/comments?post=1165"}],"version-history":[{"count":0,"href":"https:\/\/treelofts.com\/de\/wp-json\/wp\/v2\/pages\/1165\/revisions"}],"wp:attachment":[{"href":"https:\/\/treelofts.com\/de\/wp-json\/wp\/v2\/media?parent=1165"}],"curies":[{"name":"wp","href":"https:\/\/api.w.org\/{rel}","templated":true}]}}