{"id":1244,"date":"2025-02-12T17:54:22","date_gmt":"2025-02-13T01:54:22","guid":{"rendered":"https:\/\/azh5n13ivf.onrocket.site\/?page_id=1244"},"modified":"2025-02-13T19:35:01","modified_gmt":"2025-02-14T03:35:01","slug":"vermietung-und-ruckzug-baumhauser","status":"publish","type":"page","link":"https:\/\/treelofts.com\/de\/vermietung-und-ruckzug-baumhauser\/","title":{"rendered":"R\u00fcckzug Baumh\u00e4user"},"content":{"rendered":"<section class=\"section\" id=\"section_276504608\">\n\t\t<div class=\"section-bg fill\" >\n\t\t\t\t\t\t\t\t\t\n\t\t\t\n\n\t\t<\/div>\n\n\t\t\n\n\t\t<div class=\"section-content relative\">\n\t\t\t\n\n\t<div id=\"gap-126645915\" class=\"gap-element clearfix\" style=\"display:block; height:auto;\">\n\t\t\n<style>\n#gap-126645915 {\n  padding-top: 30px;\n}\n<\/style>\n\t<\/div>\n\t\n\n<div class=\"row align-center\"  id=\"row-359945014\">\n\n\n\t<div id=\"col-2133922358\" class=\"col medium-10 small-12 large-10\"  >\n\t\t\t\t<div class=\"col-inner text-center\"  >\n\t\t\t\n\t\t\t\n\n<h3>Atemberaubende Fluchten f\u00fcr einen perfekten Kurzurlaub<\/h3>\n<h1><strong><span style=\"font-size: 150%;\">R\u00fcckzug Baumh\u00e4user<\/span><\/strong><\/h1>\n<p>M\u00f6chten Sie dem Alltag entfliehen? Ein R\u00fcckzug in die Natur und Entspannung in einer ruhigen, hochgelegenen Gegend gelingt am besten von einem Baumhaus aus. Stellen Sie sich vor, Sie wachen mit Vogelgezwitscher auf, genie\u00dfen Ihren Morgenkaffee inmitten der Baumkronen und ziehen sich dann in eine komfortable H\u00fctte mit Panoramablick zur\u00fcck. Diese Baumh\u00e4user bieten die beste Art der Freizeitgestaltung, ob f\u00fcr einen Wochenendausflug oder einen l\u00e4ngeren Aufenthalt.<\/p>\n<p>Diese versteckten Baumh\u00e4user aus dem ganzen Land vereinen Komfort, Ruhe und fantastische Aussichten. Diese untersch\u00e4tzten Sch\u00e4tze werden Sie inspirieren - und wer wei\u00df? Vielleicht finden Sie ja den idealen Ort f\u00fcr Ihre n\u00e4chste Reise mit viel Natur.<\/p>\n<a href=\"https:\/\/treelofts.com\/de\/kontaktieren-sie-uns\/\" target=\"_blank\" class=\"button primary is-underline box-shadow-1-hover\" rel=\"noopener\"  >\n\t\t<span>Beginnen Sie Ihre Baumhausreise noch heute<\/span>\n\t<\/a>\n\n\n\n\t\t<\/div>\n\t\t\t\t\t<\/div>\n\n\t\n\n<\/div>\n\n\t\t<\/div>\n\n\t\t\n<style>\n#section_276504608 {\n  padding-top: 30px;\n  padding-bottom: 30px;\n}\n<\/style>\n\t<\/section>\n\t\n\n\t<section class=\"section\" id=\"section_543327851\">\n\t\t<div class=\"section-bg fill\" >\n\t\t\t\t\t\t\t\t\t\n\t\t\t\n\n\t\t<\/div>\n\n\t\t\n\n\t\t<div class=\"section-content relative\">\n\t\t\t\n\n<div class=\"row row-large\" style=\"max-width:1400px\" id=\"row-782274619\">\n\n\n\t<div id=\"col-1207011179\" class=\"col medium-4 small-12 large-4\"  >\n\t\t\t\t<div class=\"col-inner\"  >\n\t\t\t\n\t\t\t\n\n\t<div class=\"box has-hover   has-hover box-text-bottom\" >\n\n\t\t<div class=\"box-image\" >\n\t\t\t<a href=\"#\" >\t\t\t<div class=\"image-zoom image-cover\" style=\"padding-top:100%;\">\n\t\t\t\t<img decoding=\"async\" width=\"903\" height=\"1204\" src=\"https:\/\/treelofts.com\/wp-content\/uploads\/2025\/02\/10005-1.webp\" class=\"attachment- size-\" alt=\"\" srcset=\"https:\/\/treelofts.com\/wp-content\/uploads\/2025\/02\/10005-1.webp 903w, https:\/\/treelofts.com\/wp-content\/uploads\/2025\/02\/10005-1-300x400.webp 300w, https:\/\/treelofts.com\/wp-content\/uploads\/2025\/02\/10005-1-600x800.webp 600w, https:\/\/treelofts.com\/wp-content\/uploads\/2025\/02\/10005-1-768x1024.webp 768w\" sizes=\"(max-width: 903px) 100vw, 903px\" title=\"\">\t\t\t\t\t\t\t\t\t\t\t<\/div>\n\t\t\t<\/a>\t\t<\/div>\n\n\t\t<div class=\"box-text text-center\" >\n\t\t\t<div class=\"box-text-inner\">\n\t\t\t\t\n\n<h6>Die Treehouse Lodge<\/h6>\n<h3><strong><span style=\"font-size: 150%;\">1.Malibu, CA<\/span><\/strong><\/h3>\n\t<div id=\"gap-1527213092\" class=\"gap-element clearfix\" style=\"display:block; height:auto;\">\n\t\t\n<style>\n#gap-1527213092 {\n  padding-top: 10px;\n}\n<\/style>\n\t<\/div>\n\t\n\n<p><strong>Typ des Baumhauses:<\/strong> 1 Baum Baumhaus<\/p>\n<p><strong>Jahr gebaut:\u00a0<\/strong>2023<\/p>\n<a href=\"https:\/\/treelofts.com\/de\/kontaktieren-sie-uns\/\" target=\"_blank\" class=\"button primary is-underline box-shadow-1-hover\" rel=\"noopener\"  >\n\t\t<span>mehr lesen<\/span>\n\t<\/a>\n\n\n\n\t\t\t<\/div>\n\t\t<\/div>\n\t<\/div>\n\t\n\n\t\t<\/div>\n\t\t\t\t\t<\/div>\n\n\t\n\n\t<div id=\"col-430518602\" class=\"col medium-4 small-12 large-4\"  >\n\t\t\t\t<div class=\"col-inner\"  >\n\t\t\t\n\t\t\t\n\n\t<div class=\"box has-hover   has-hover box-text-bottom\" >\n\n\t\t<div class=\"box-image\" >\n\t\t\t<a href=\"#\" >\t\t\t<div class=\"image-zoom image-cover\" style=\"padding-top:100%;\">\n\t\t\t\t<img decoding=\"async\" width=\"921\" height=\"1228\" src=\"https:\/\/treelofts.com\/wp-content\/uploads\/2025\/02\/Dream-Treehouses-4.webp\" class=\"attachment- size-\" alt=\"\" srcset=\"https:\/\/treelofts.com\/wp-content\/uploads\/2025\/02\/Dream-Treehouses-4.webp 921w, https:\/\/treelofts.com\/wp-content\/uploads\/2025\/02\/Dream-Treehouses-4-300x400.webp 300w, https:\/\/treelofts.com\/wp-content\/uploads\/2025\/02\/Dream-Treehouses-4-600x800.webp 600w, https:\/\/treelofts.com\/wp-content\/uploads\/2025\/02\/Dream-Treehouses-4-768x1024.webp 768w\" sizes=\"(max-width: 921px) 100vw, 921px\" title=\"\">\t\t\t\t\t\t\t\t\t\t\t<\/div>\n\t\t\t<\/a>\t\t<\/div>\n\n\t\t<div class=\"box-text text-center\" >\n\t\t\t<div class=\"box-text-inner\">\n\t\t\t\t\n\n<h6>Das Vordach Escape<\/h6>\n<h3><strong><span style=\"font-size: 150%;\">2. Gatlinburg, TN<\/span><\/strong><\/h3>\n\t<div id=\"gap-1724245041\" class=\"gap-element clearfix\" style=\"display:block; height:auto;\">\n\t\t\n<style>\n#gap-1724245041 {\n  padding-top: 10px;\n}\n<\/style>\n\t<\/div>\n\t\n\n<p><strong>Typ des Baumhauses:<\/strong> 1 Baum Baumhaus<\/p>\n<p><strong>Jahr gebaut:\u00a0<\/strong>2020<\/p>\n<a href=\"https:\/\/treelofts.com\/de\/kontaktieren-sie-uns\/\" target=\"_blank\" class=\"button primary is-underline box-shadow-1-hover\" rel=\"noopener\"  >\n\t\t<span>mehr lesen<\/span>\n\t<\/a>\n\n\n\n\t\t\t<\/div>\n\t\t<\/div>\n\t<\/div>\n\t\n\n\t\t<\/div>\n\t\t\t\t\t<\/div>\n\n\t\n\n\t<div id=\"col-1597439569\" class=\"col medium-4 small-12 large-4\"  >\n\t\t\t\t<div class=\"col-inner\"  >\n\t\t\t\n\t\t\t\n\n\t<div class=\"box has-hover   has-hover box-text-bottom\" >\n\n\t\t<div class=\"box-image\" >\n\t\t\t<a href=\"#\" >\t\t\t<div class=\"image-zoom image-cover\" style=\"padding-top:100%;\">\n\t\t\t\t<img decoding=\"async\" width=\"913\" height=\"1217\" src=\"https:\/\/treelofts.com\/wp-content\/uploads\/2025\/02\/Dream-Treehouse-3.webp\" class=\"attachment- size-\" alt=\"\" srcset=\"https:\/\/treelofts.com\/wp-content\/uploads\/2025\/02\/Dream-Treehouse-3.webp 913w, https:\/\/treelofts.com\/wp-content\/uploads\/2025\/02\/Dream-Treehouse-3-300x400.webp 300w, https:\/\/treelofts.com\/wp-content\/uploads\/2025\/02\/Dream-Treehouse-3-600x800.webp 600w, https:\/\/treelofts.com\/wp-content\/uploads\/2025\/02\/Dream-Treehouse-3-768x1024.webp 768w\" sizes=\"(max-width: 913px) 100vw, 913px\" title=\"\">\t\t\t\t\t\t\t\t\t\t\t<\/div>\n\t\t\t<\/a>\t\t<\/div>\n\n\t\t<div class=\"box-text text-center\" >\n\t\t\t<div class=\"box-text-inner\">\n\t\t\t\t\n\n<h6>Das Woodland Sanctuary<\/h6>\n<h3><strong><span style=\"font-size: 150%;\">3. asheville, NC<\/span><\/strong><\/h3>\n\t<div id=\"gap-1676974579\" class=\"gap-element clearfix\" style=\"display:block; height:auto;\">\n\t\t\n<style>\n#gap-1676974579 {\n  padding-top: 10px;\n}\n<\/style>\n\t<\/div>\n\t\n\n<p><strong>Typ des Baumhauses:<\/strong> 1 Baum Baumhaus<\/p>\n<p><strong>Jahr gebaut:\u00a0<\/strong>2024<\/p>\n<a href=\"https:\/\/treelofts.com\/de\/kontaktieren-sie-uns\/\" target=\"_blank\" class=\"button primary is-underline box-shadow-1-hover\" rel=\"noopener\"  >\n\t\t<span>mehr lesen<\/span>\n\t<\/a>\n\n\n\n\t\t\t<\/div>\n\t\t<\/div>\n\t<\/div>\n\t\n\n\t\t<\/div>\n\t\t\t\t\t<\/div>\n\n\t\n\n\n<style>\n#row-782274619 > .col > .col-inner {\n  padding: 0px 0px 0px 0px;\n}\n<\/style>\n<\/div>\n\n\t\t<\/div>\n\n\t\t\n<style>\n#section_543327851 {\n  padding-top: 30px;\n  padding-bottom: 30px;\n}\n<\/style>\n\t<\/section>\n\t\n\n\t<section class=\"section\" id=\"section_907879991\">\n\t\t<div class=\"section-bg fill\" >\n\t\t\t\t\t\t\t\t\t\n\t\t\t\n\n\t\t<\/div>\n\n\t\t\n\n\t\t<div class=\"section-content relative\">\n\t\t\t\n\n<div class=\"row row-large\" style=\"max-width:1400px\" id=\"row-1225181967\">\n\n\n\t<div id=\"col-377227187\" class=\"col medium-4 small-12 large-4\"  >\n\t\t\t\t<div class=\"col-inner\"  >\n\t\t\t\n\t\t\t\n\n\t<div class=\"box has-hover   has-hover box-text-bottom\" >\n\n\t\t<div class=\"box-image\" >\n\t\t\t<a href=\"#\" >\t\t\t<div class=\"image-zoom image-cover\" style=\"padding-top:100%;\">\n\t\t\t\t<img decoding=\"async\" width=\"768\" height=\"1024\" src=\"https:\/\/treelofts.com\/wp-content\/uploads\/2025\/02\/Scandinavian-style-tree-house-1.webp\" class=\"attachment- size-\" alt=\"\" srcset=\"https:\/\/treelofts.com\/wp-content\/uploads\/2025\/02\/Scandinavian-style-tree-house-1.webp 768w, https:\/\/treelofts.com\/wp-content\/uploads\/2025\/02\/Scandinavian-style-tree-house-1-300x400.webp 300w, https:\/\/treelofts.com\/wp-content\/uploads\/2025\/02\/Scandinavian-style-tree-house-1-600x800.webp 600w\" sizes=\"(max-width: 768px) 100vw, 768px\" title=\"\">\t\t\t\t\t\t\t\t\t\t\t<\/div>\n\t\t\t<\/a>\t\t<\/div>\n\n\t\t<div class=\"box-text text-center\" >\n\t\t\t<div class=\"box-text-inner\">\n\t\t\t\t\n\n<h6>Das Baumhaus am Flussufer<\/h6>\n<h3><strong><span style=\"font-size: 150%;\">4.Bend, OR<\/span><\/strong><\/h3>\n\t<div id=\"gap-294636873\" class=\"gap-element clearfix\" style=\"display:block; height:auto;\">\n\t\t\n<style>\n#gap-294636873 {\n  padding-top: 10px;\n}\n<\/style>\n\t<\/div>\n\t\n\n<p><strong>Typ des Baumhauses:<\/strong> 1 Baum Baumhaus<\/p>\n<p><strong>Jahr gebaut:\u00a0<\/strong>2022<\/p>\n<a href=\"https:\/\/treelofts.com\/de\/kontaktieren-sie-uns\/\" target=\"_blank\" class=\"button primary is-underline box-shadow-1-hover\" rel=\"noopener\"  >\n\t\t<span>mehr lesen<\/span>\n\t<\/a>\n\n\n\n\t\t\t<\/div>\n\t\t<\/div>\n\t<\/div>\n\t\n\n\t\t<\/div>\n\t\t\t\t\t<\/div>\n\n\t\n\n\t<div id=\"col-1034168057\" class=\"col medium-4 small-12 large-4\"  >\n\t\t\t\t<div class=\"col-inner\"  >\n\t\t\t\n\t\t\t\n\n\t<div class=\"box has-hover   has-hover box-text-bottom\" >\n\n\t\t<div class=\"box-image\" >\n\t\t\t<a href=\"#\" >\t\t\t<div class=\"image-zoom image-cover\" style=\"padding-top:100%;\">\n\t\t\t\t<img decoding=\"async\" width=\"928\" height=\"1232\" src=\"https:\/\/treelofts.com\/wp-content\/uploads\/2025\/02\/Why-Enchanted-Treehouses-Are-the-Hottest-Backyard-Trend-of-2024-5.webp\" class=\"attachment- size-\" alt=\"\" srcset=\"https:\/\/treelofts.com\/wp-content\/uploads\/2025\/02\/Why-Enchanted-Treehouses-Are-the-Hottest-Backyard-Trend-of-2024-5.webp 928w, https:\/\/treelofts.com\/wp-content\/uploads\/2025\/02\/Why-Enchanted-Treehouses-Are-the-Hottest-Backyard-Trend-of-2024-5-301x400.webp 301w, https:\/\/treelofts.com\/wp-content\/uploads\/2025\/02\/Why-Enchanted-Treehouses-Are-the-Hottest-Backyard-Trend-of-2024-5-603x800.webp 603w, https:\/\/treelofts.com\/wp-content\/uploads\/2025\/02\/Why-Enchanted-Treehouses-Are-the-Hottest-Backyard-Trend-of-2024-5-768x1020.webp 768w\" sizes=\"(max-width: 928px) 100vw, 928px\" title=\"\">\t\t\t\t\t\t\t\t\t\t\t<\/div>\n\t\t\t<\/a>\t\t<\/div>\n\n\t\t<div class=\"box-text text-center\" >\n\t\t\t<div class=\"box-text-inner\">\n\t\t\t\t\n\n<h6>Das Baumhaus im verzauberten Wald<\/h6>\n<h3><strong><span style=\"font-size: 150%;\">5. Portland, ME<\/span><\/strong><\/h3>\n\t<div id=\"gap-2019217747\" class=\"gap-element clearfix\" style=\"display:block; height:auto;\">\n\t\t\n<style>\n#gap-2019217747 {\n  padding-top: 10px;\n}\n<\/style>\n\t<\/div>\n\t\n\n<p><strong>Typ des Baumhauses:<\/strong>\u00a02-Baum-Baumhaus<\/p>\n<p><strong>Jahr gebaut:\u00a0<\/strong>2023<\/p>\n<a href=\"https:\/\/treelofts.com\/de\/kontaktieren-sie-uns\/\" target=\"_blank\" class=\"button primary is-underline box-shadow-1-hover\" rel=\"noopener\"  >\n\t\t<span>mehr lesen<\/span>\n\t<\/a>\n\n\n\n\t\t\t<\/div>\n\t\t<\/div>\n\t<\/div>\n\t\n\n\t\t<\/div>\n\t\t\t\t\t<\/div>\n\n\t\n\n\t<div id=\"col-1703465434\" class=\"col medium-4 small-12 large-4\"  >\n\t\t\t\t<div class=\"col-inner\"  >\n\t\t\t\n\t\t\t\n\n\t<div class=\"box has-hover   has-hover box-text-bottom\" >\n\n\t\t<div class=\"box-image\" >\n\t\t\t<a href=\"#\" >\t\t\t<div class=\"image-zoom image-cover\" style=\"padding-top:100%;\">\n\t\t\t\t<img decoding=\"async\" width=\"913\" height=\"1217\" src=\"https:\/\/treelofts.com\/wp-content\/uploads\/2025\/02\/Tree-House-1-1.webp\" class=\"attachment- size-\" alt=\"5 kostspielige Fehler, die Sie bei der Auswahl von Baumhauspl\u00e4nen vermeiden sollten\" srcset=\"https:\/\/treelofts.com\/wp-content\/uploads\/2025\/02\/Tree-House-1-1.webp 913w, https:\/\/treelofts.com\/wp-content\/uploads\/2025\/02\/Tree-House-1-1-300x400.webp 300w, https:\/\/treelofts.com\/wp-content\/uploads\/2025\/02\/Tree-House-1-1-600x800.webp 600w, https:\/\/treelofts.com\/wp-content\/uploads\/2025\/02\/Tree-House-1-1-768x1024.webp 768w\" sizes=\"(max-width: 913px) 100vw, 913px\" title=\"\">\t\t\t\t\t\t\t\t\t\t\t<\/div>\n\t\t\t<\/a>\t\t<\/div>\n\n\t\t<div class=\"box-text text-center\" >\n\t\t\t<div class=\"box-text-inner\">\n\t\t\t\t\n\n<h6>Der R\u00fcckzugsort mit Bergblick<\/h6>\n<h3><strong><span style=\"font-size: 150%;\">6. Durango, CO<\/span><\/strong><\/h3>\n\t<div id=\"gap-663336643\" class=\"gap-element clearfix\" style=\"display:block; height:auto;\">\n\t\t\n<style>\n#gap-663336643 {\n  padding-top: 10px;\n}\n<\/style>\n\t<\/div>\n\t\n\n<p><strong>Typ des Baumhauses:<\/strong> 1 Baum Baumhaus<\/p>\n<p><strong>Jahr gebaut:\u00a0<\/strong>2020<\/p>\n<a href=\"https:\/\/treelofts.com\/de\/kontaktieren-sie-uns\/\" target=\"_blank\" class=\"button primary is-underline box-shadow-1-hover\" rel=\"noopener\"  >\n\t\t<span>mehr lesen<\/span>\n\t<\/a>\n\n\n\n\t\t\t<\/div>\n\t\t<\/div>\n\t<\/div>\n\t\n\n\t\t<\/div>\n\t\t\t\t\t<\/div>\n\n\t\n\n\n<style>\n#row-1225181967 > .col > .col-inner {\n  padding: 0px 0px 0px 0px;\n}\n<\/style>\n<\/div>\n\n\t\t<\/div>\n\n\t\t\n<style>\n#section_907879991 {\n  padding-top: 30px;\n  padding-bottom: 30px;\n}\n<\/style>\n\t<\/section>\n\t\n\n\t<section class=\"section\" id=\"section_534726576\">\n\t\t<div class=\"section-bg fill\" >\n\t\t\t\t\t\t\t\t\t\n\t\t\t\n\n\t\t<\/div>\n\n\t\t\n\n\t\t<div class=\"section-content relative\">\n\t\t\t\n\n<div class=\"row row-collapse align-center\"  id=\"row-1999959247\">\n\n\n\t<div id=\"col-1761925390\" class=\"col medium-8 small-10 large-7\"  >\n\t\t\t\t<div class=\"col-inner text-center\"  >\n\t\t\t\n\t\t\t\n\n<h2 data-start=\"5578\" data-end=\"5625\"><strong data-start=\"5582\" data-end=\"5623\">Sind Sie bereit, Ihren Baumhaus-Urlaub zu planen?<\/strong><\/h2>\n<p>Diese Baumh\u00e4user bieten f\u00fcr jeden etwas, ganz gleich, ob Sie auf der Suche nach einem familienfreundlichen Urlaubsort, einem ruhigen Single-Ausflug oder einem romantischen Wochenendtrip sind. Jedes Baumhaus bietet eine andere M\u00f6glichkeit, abzuschalten, sich zu entspannen und die Umgebung zu genie\u00dfen - von der Aussicht auf die Berge bis hin zur K\u00fcstenlandschaft. Sind Sie bereit, sich auf den Weg zu machen und Ihren eigenen R\u00fcckzugsort zu planen? Schauen Sie sich diese Orte an oder beginnen Sie gleich mit der Planung Ihres eigenen Baumhausurlaubs!<\/p>\n<a href=\"https:\/\/treelofts.com\/de\/kontaktieren-sie-uns\/\" class=\"button primary\"  >\n\t\t<span>Beginnen Sie Ihre Baumhausreise noch heute<\/span>\n\t<\/a>\n\n\n\n\t\t<\/div>\n\t\t\t\t\t<\/div>\n\n\t\n\n<\/div>\n\n\t\t<\/div>\n\n\t\t\n<style>\n#section_534726576 {\n  padding-top: 0px;\n  padding-bottom: 0px;\n}\n@media (min-width:550px) {\n  #section_534726576 {\n    padding-top: 30px;\n    padding-bottom: 30px;\n  }\n}\n<\/style>\n\t<\/section>","protected":false},"excerpt":{"rendered":"","protected":false},"author":5,"featured_media":0,"parent":0,"menu_order":0,"comment_status":"closed","ping_status":"closed","template":"","meta":{"footnotes":""},"class_list":["post-1244","page","type-page","status-publish","hentry"],"_links":{"self":[{"href":"https:\/\/treelofts.com\/de\/wp-json\/wp\/v2\/pages\/1244","targetHints":{"allow":["GET"]}}],"collection":[{"href":"https:\/\/treelofts.com\/de\/wp-json\/wp\/v2\/pages"}],"about":[{"href":"https:\/\/treelofts.com\/de\/wp-json\/wp\/v2\/types\/page"}],"author":[{"embeddable":true,"href":"https:\/\/treelofts.com\/de\/wp-json\/wp\/v2\/users\/5"}],"replies":[{"embeddable":true,"href":"https:\/\/treelofts.com\/de\/wp-json\/wp\/v2\/comments?post=1244"}],"version-history":[{"count":0,"href":"https:\/\/treelofts.com\/de\/wp-json\/wp\/v2\/pages\/1244\/revisions"}],"wp:attachment":[{"href":"https:\/\/treelofts.com\/de\/wp-json\/wp\/v2\/media?parent=1244"}],"curies":[{"name":"wp","href":"https:\/\/api.w.org\/{rel}","templated":true}]}}