{"id":1287,"date":"2025-02-12T18:45:02","date_gmt":"2025-02-13T02:45:02","guid":{"rendered":"https:\/\/azh5n13ivf.onrocket.site\/?page_id=1287"},"modified":"2025-02-13T19:33:17","modified_gmt":"2025-02-14T03:33:17","slug":"kommerzielle-baumhauser","status":"publish","type":"page","link":"https:\/\/treelofts.com\/de\/kommerzielle-baumhauser\/","title":{"rendered":"Kommerzielle Treehouses"},"content":{"rendered":"<section class=\"section\" id=\"section_363851193\">\n\t\t<div class=\"section-bg fill\" >\n\t\t\t\t\t\t\t\t\t\n\t\t\t\n\n\t\t<\/div>\n\n\t\t\n\n\t\t<div class=\"section-content relative\">\n\t\t\t\n\n\t<div id=\"gap-442461434\" class=\"gap-element clearfix\" style=\"display:block; height:auto;\">\n\t\t\n<style>\n#gap-442461434 {\n  padding-top: 30px;\n}\n<\/style>\n\t<\/div>\n\t\n\n<div class=\"row align-center\"  id=\"row-1487263841\">\n\n\n\t<div id=\"col-58269919\" class=\"col medium-10 small-12 large-10\"  >\n\t\t\t\t<div class=\"col-inner text-center\"  >\n\t\t\t\n\t\t\t\n\n<h3>Atemberaubende Bauten, die das Gesch\u00e4ft auf ein neues Niveau heben<\/h3>\n<h2><strong><span style=\"font-size: 150%;\">Kommerzielle Treehouses<\/span><\/strong><\/h2>\n<p>Baumh\u00e4user verwandeln kommerzielle Umgebungen und sind nicht mehr nur ein Zufluchtsort f\u00fcr Kinder oder ein R\u00fcckzugsort im Garten. Von luxuri\u00f6sen \u00d6ko-Resorts bis hin zu Baumkronen-Restaurants und Abenteuerparks - \u00fcberall nutzen Unternehmen das au\u00dfergew\u00f6hnliche Design, um Kunden anzulocken und bemerkenswerte Erlebnisse zu schaffen. Kommerzielle Baumh\u00e4user bieten eine besondere Mischung aus Umgebung, Abenteuer und Kreativit\u00e4t, egal ob es sich um ein Airbnb in der Baumkrone, eine Hochzeitslocation oder ein kleines Caf\u00e9 handelt.<\/p>\n<p>Baumh\u00e4user sind nicht mehr nur eine Fantasie aus der Kindheit. Heutzutage sind sie eine gewagte unternehmerische Ma\u00dfnahme, die ein intensives Erlebnis bietet und gleichzeitig Innovation und Umweltschutz f\u00f6rdert. <\/p>\n<a href=\"https:\/\/treelofts.com\/de\/kontaktieren-sie-uns\/\" target=\"_blank\" class=\"button primary is-underline box-shadow-1-hover\" rel=\"noopener\"  >\n\t\t<span>Beginnen Sie Ihre Baumhausreise noch heute<\/span>\n\t<\/a>\n\n\n\n\t\t<\/div>\n\t\t\t\t\t<\/div>\n\n\t\n\n<\/div>\n\n\t\t<\/div>\n\n\t\t\n<style>\n#section_363851193 {\n  padding-top: 30px;\n  padding-bottom: 30px;\n}\n<\/style>\n\t<\/section>\n\t\n\n\t<section class=\"section\" id=\"section_1467176477\">\n\t\t<div class=\"section-bg fill\" >\n\t\t\t\t\t\t\t\t\t\n\t\t\t\n\n\t\t<\/div>\n\n\t\t\n\n\t\t<div class=\"section-content relative\">\n\t\t\t\n\n<div class=\"row row-large\" style=\"max-width:1400px\" id=\"row-639063093\">\n\n\n\t<div id=\"col-304966275\" class=\"col medium-4 small-12 large-4\"  >\n\t\t\t\t<div class=\"col-inner\"  >\n\t\t\t\n\t\t\t\n\n\t<div class=\"box has-hover   has-hover box-text-bottom\" >\n\n\t\t<div class=\"box-image\" >\n\t\t\t<a href=\"#\" >\t\t\t<div class=\"image-zoom image-cover\" style=\"padding-top:100%;\">\n\t\t\t\t<img decoding=\"async\" width=\"1024\" height=\"683\" src=\"https:\/\/treelofts.com\/wp-content\/uploads\/2025\/02\/Tree-House-119.jpg\" class=\"attachment- size-\" alt=\"\" srcset=\"https:\/\/treelofts.com\/wp-content\/uploads\/2025\/02\/Tree-House-119.jpg 1024w, https:\/\/treelofts.com\/wp-content\/uploads\/2025\/02\/Tree-House-119-600x400.jpg 600w, https:\/\/treelofts.com\/wp-content\/uploads\/2025\/02\/Tree-House-119-768x512.jpg 768w, https:\/\/treelofts.com\/wp-content\/uploads\/2025\/02\/Tree-House-119-1000x667.jpg 1000w\" sizes=\"(max-width: 1024px) 100vw, 1024px\" title=\"\">\t\t\t\t\t\t\t\t\t\t\t<\/div>\n\t\t\t<\/a>\t\t<\/div>\n\n\t\t<div class=\"box-text text-center\" >\n\t\t\t<div class=\"box-text-inner\">\n\t\t\t\t\n\n<h6>Das Vineyard Baumkrone Resort<\/h6>\n<h3><strong><span style=\"font-size: 150%;\">1.das Napa-Tal, CA<\/span><\/strong><\/h3>\n\t<div id=\"gap-307264414\" class=\"gap-element clearfix\" style=\"display:block; height:auto;\">\n\t\t\n<style>\n#gap-307264414 {\n  padding-top: 10px;\n}\n<\/style>\n\t<\/div>\n\t\n\n<p><strong>Typ des Baumhauses:<\/strong> 3-Baum-Baumhaus<\/p>\n<p><strong>Jahr gebaut:\u00a0<\/strong>2022<\/p>\n<a href=\"https:\/\/treelofts.com\/de\/kontaktieren-sie-uns\/\" target=\"_blank\" class=\"button primary is-underline box-shadow-1-hover\" rel=\"noopener\"  >\n\t\t<span>mehr lesen<\/span>\n\t<\/a>\n\n\n\n\t\t\t<\/div>\n\t\t<\/div>\n\t<\/div>\n\t\n\n\t\t<\/div>\n\t\t\t\t\t<\/div>\n\n\t\n\n\t<div id=\"col-1811784447\" class=\"col medium-4 small-12 large-4\"  >\n\t\t\t\t<div class=\"col-inner\"  >\n\t\t\t\n\t\t\t\n\n\t<div class=\"box has-hover   has-hover box-text-bottom\" >\n\n\t\t<div class=\"box-image\" >\n\t\t\t<a href=\"#\" >\t\t\t<div class=\"image-zoom image-cover\" style=\"padding-top:100%;\">\n\t\t\t\t<img decoding=\"async\" width=\"1015\" height=\"1024\" src=\"https:\/\/treelofts.com\/wp-content\/uploads\/2025\/02\/Tree-House-17.jpg\" class=\"attachment- size-\" alt=\"\" srcset=\"https:\/\/treelofts.com\/wp-content\/uploads\/2025\/02\/Tree-House-17.jpg 1015w, https:\/\/treelofts.com\/wp-content\/uploads\/2025\/02\/Tree-House-17-396x400.jpg 396w, https:\/\/treelofts.com\/wp-content\/uploads\/2025\/02\/Tree-House-17-793x800.jpg 793w, https:\/\/treelofts.com\/wp-content\/uploads\/2025\/02\/Tree-House-17-768x775.jpg 768w, https:\/\/treelofts.com\/wp-content\/uploads\/2025\/02\/Tree-House-17-1000x1009.jpg 1000w, https:\/\/treelofts.com\/wp-content\/uploads\/2025\/02\/Tree-House-17-100x100.jpg 100w\" sizes=\"(max-width: 1015px) 100vw, 1015px\" title=\"\">\t\t\t\t\t\t\t\t\t\t\t<\/div>\n\t\t\t<\/a>\t\t<\/div>\n\n\t\t<div class=\"box-text text-center\" >\n\t\t\t<div class=\"box-text-inner\">\n\t\t\t\t\n\n<h6>Das Urban Garden Baumhaus<\/h6>\n<h3><strong><span style=\"font-size: 150%;\">2. Chicago, IL<\/span><\/strong><\/h3>\n\t<div id=\"gap-1094909037\" class=\"gap-element clearfix\" style=\"display:block; height:auto;\">\n\t\t\n<style>\n#gap-1094909037 {\n  padding-top: 10px;\n}\n<\/style>\n\t<\/div>\n\t\n\n<p><strong>Typ des Baumhauses:<\/strong>\u00a02-Baum-Baumhaus<\/p>\n<p><strong>Jahr gebaut:\u00a0<\/strong>2021<\/p>\n<a href=\"https:\/\/treelofts.com\/de\/kontaktieren-sie-uns\/\" target=\"_blank\" class=\"button primary is-underline box-shadow-1-hover\" rel=\"noopener\"  >\n\t\t<span>mehr lesen<\/span>\n\t<\/a>\n\n\n\n\t\t\t<\/div>\n\t\t<\/div>\n\t<\/div>\n\t\n\n\t\t<\/div>\n\t\t\t\t\t<\/div>\n\n\t\n\n\t<div id=\"col-1713580149\" class=\"col medium-4 small-12 large-4\"  >\n\t\t\t\t<div class=\"col-inner\"  >\n\t\t\t\n\t\t\t\n\n\t<div class=\"box has-hover   has-hover box-text-bottom\" >\n\n\t\t<div class=\"box-image\" >\n\t\t\t<a href=\"#\" >\t\t\t<div class=\"image-zoom image-cover\" style=\"padding-top:100%;\">\n\t\t\t\t<img decoding=\"async\" width=\"1242\" height=\"1656\" src=\"https:\/\/treelofts.com\/wp-content\/uploads\/2025\/02\/Tree-House-1.jpeg\" class=\"attachment- size-\" alt=\"\" srcset=\"https:\/\/treelofts.com\/wp-content\/uploads\/2025\/02\/Tree-House-1.jpeg 1242w, https:\/\/treelofts.com\/wp-content\/uploads\/2025\/02\/Tree-House-1-300x400.jpeg 300w, https:\/\/treelofts.com\/wp-content\/uploads\/2025\/02\/Tree-House-1-600x800.jpeg 600w, https:\/\/treelofts.com\/wp-content\/uploads\/2025\/02\/Tree-House-1-768x1024.jpeg 768w, https:\/\/treelofts.com\/wp-content\/uploads\/2025\/02\/Tree-House-1-1152x1536.jpeg 1152w, https:\/\/treelofts.com\/wp-content\/uploads\/2025\/02\/Tree-House-1-1000x1333.jpeg 1000w\" sizes=\"(max-width: 1242px) 100vw, 1242px\" title=\"\">\t\t\t\t\t\t\t\t\t\t\t<\/div>\n\t\t\t<\/a>\t\t<\/div>\n\n\t\t<div class=\"box-text text-center\" >\n\t\t\t<div class=\"box-text-inner\">\n\t\t\t\t\n\n<h6>Der Smoky Mountain Aussichtspunkt<\/h6>\n<h3><strong><span style=\"font-size: 150%;\">3. Gatlinburg, TN<\/span><\/strong><\/h3>\n\t<div id=\"gap-1219015062\" class=\"gap-element clearfix\" style=\"display:block; height:auto;\">\n\t\t\n<style>\n#gap-1219015062 {\n  padding-top: 10px;\n}\n<\/style>\n\t<\/div>\n\t\n\n<p><strong>Typ des Baumhauses:<\/strong>\u00a02-Baum-Baumhaus<\/p>\n<p><strong>Jahr gebaut:\u00a0<\/strong>2023<\/p>\n<a href=\"https:\/\/treelofts.com\/de\/kontaktieren-sie-uns\/\" target=\"_blank\" class=\"button primary is-underline box-shadow-1-hover\" rel=\"noopener\"  >\n\t\t<span>mehr lesen<\/span>\n\t<\/a>\n\n\n\n\t\t\t<\/div>\n\t\t<\/div>\n\t<\/div>\n\t\n\n\t\t<\/div>\n\t\t\t\t\t<\/div>\n\n\t\n\n\n<style>\n#row-639063093 > .col > .col-inner {\n  padding: 0px 0px 0px 0px;\n}\n<\/style>\n<\/div>\n\n\t\t<\/div>\n\n\t\t\n<style>\n#section_1467176477 {\n  padding-top: 30px;\n  padding-bottom: 30px;\n}\n<\/style>\n\t<\/section>\n\t\n\n\t<section class=\"section\" id=\"section_1617057174\">\n\t\t<div class=\"section-bg fill\" >\n\t\t\t\t\t\t\t\t\t\n\t\t\t\n\n\t\t<\/div>\n\n\t\t\n\n\t\t<div class=\"section-content relative\">\n\t\t\t\n\n<div class=\"row row-large\" style=\"max-width:1400px\" id=\"row-1831830991\">\n\n\n\t<div id=\"col-1993148226\" class=\"col medium-4 small-12 large-4\"  >\n\t\t\t\t<div class=\"col-inner\"  >\n\t\t\t\n\t\t\t\n\n\t<div class=\"box has-hover   has-hover box-text-bottom\" >\n\n\t\t<div class=\"box-image\" >\n\t\t\t<a href=\"#\" >\t\t\t<div class=\"image-zoom image-cover\" style=\"padding-top:100%;\">\n\t\t\t\t<img decoding=\"async\" width=\"1024\" height=\"683\" src=\"https:\/\/treelofts.com\/wp-content\/uploads\/2025\/02\/Tree-House-73.jpg\" class=\"attachment- size-\" alt=\"Top 7 Baumhaus \u00dcberdachung Optionen: W\u00e4hlen Sie die perfekte Abdeckung\" srcset=\"https:\/\/treelofts.com\/wp-content\/uploads\/2025\/02\/Tree-House-73.jpg 1024w, https:\/\/treelofts.com\/wp-content\/uploads\/2025\/02\/Tree-House-73-600x400.jpg 600w, https:\/\/treelofts.com\/wp-content\/uploads\/2025\/02\/Tree-House-73-768x512.jpg 768w, https:\/\/treelofts.com\/wp-content\/uploads\/2025\/02\/Tree-House-73-1000x667.jpg 1000w\" sizes=\"(max-width: 1024px) 100vw, 1024px\" title=\"\">\t\t\t\t\t\t\t\t\t\t\t<\/div>\n\t\t\t<\/a>\t\t<\/div>\n\n\t\t<div class=\"box-text text-center\" >\n\t\t\t<div class=\"box-text-inner\">\n\t\t\t\t\n\n<h6>Die Dschungel Canopy Lodge<\/h6>\n<h3><strong><span style=\"font-size: 150%;\">4. Kerala, Indien<\/span><\/strong><\/h3>\n\t<div id=\"gap-744694060\" class=\"gap-element clearfix\" style=\"display:block; height:auto;\">\n\t\t\n<style>\n#gap-744694060 {\n  padding-top: 10px;\n}\n<\/style>\n\t<\/div>\n\t\n\n<p><strong>Typ des Baumhauses:<\/strong>\u00a02-Baum-Baumhaus<\/p>\n<p><strong>Jahr gebaut:\u00a0<\/strong>2024<\/p>\n<a href=\"https:\/\/treelofts.com\/de\/kontaktieren-sie-uns\/\" target=\"_blank\" class=\"button primary is-underline box-shadow-1-hover\" rel=\"noopener\"  >\n\t\t<span>mehr lesen<\/span>\n\t<\/a>\n\n\n\n\t\t\t<\/div>\n\t\t<\/div>\n\t<\/div>\n\t\n\n\t\t<\/div>\n\t\t\t\t\t<\/div>\n\n\t\n\n\t<div id=\"col-1539554945\" class=\"col medium-4 small-12 large-4\"  >\n\t\t\t\t<div class=\"col-inner\"  >\n\t\t\t\n\t\t\t\n\n\t<div class=\"box has-hover   has-hover box-text-bottom\" >\n\n\t\t<div class=\"box-image\" >\n\t\t\t<a href=\"#\" >\t\t\t<div class=\"image-zoom image-cover\" style=\"padding-top:100%;\">\n\t\t\t\t<img decoding=\"async\" width=\"1024\" height=\"683\" src=\"https:\/\/treelofts.com\/wp-content\/uploads\/2025\/02\/No-Tree-Treehouse.jpg\" class=\"attachment- size-\" alt=\"\" srcset=\"https:\/\/treelofts.com\/wp-content\/uploads\/2025\/02\/No-Tree-Treehouse.jpg 1024w, https:\/\/treelofts.com\/wp-content\/uploads\/2025\/02\/No-Tree-Treehouse-600x400.jpg 600w, https:\/\/treelofts.com\/wp-content\/uploads\/2025\/02\/No-Tree-Treehouse-768x512.jpg 768w, https:\/\/treelofts.com\/wp-content\/uploads\/2025\/02\/No-Tree-Treehouse-1000x667.jpg 1000w\" sizes=\"(max-width: 1024px) 100vw, 1024px\" title=\"\">\t\t\t\t\t\t\t\t\t\t\t<\/div>\n\t\t\t<\/a>\t\t<\/div>\n\n\t\t<div class=\"box-text text-center\" >\n\t\t\t<div class=\"box-text-inner\">\n\t\t\t\t\n\n<h6>Das Lakeside Playhouse<\/h6>\n<h3><strong><span style=\"font-size: 150%;\">5.Wisconsin<\/span><\/strong><\/h3>\n\t<div id=\"gap-1253691897\" class=\"gap-element clearfix\" style=\"display:block; height:auto;\">\n\t\t\n<style>\n#gap-1253691897 {\n  padding-top: 10px;\n}\n<\/style>\n\t<\/div>\n\t\n\n<p><strong>Typ des Baumhauses:<\/strong> 1 Baum Baumhaus<\/p>\n<p><strong>Jahr gebaut:\u00a0<\/strong>2020<\/p>\n<a href=\"https:\/\/treelofts.com\/de\/kontaktieren-sie-uns\/\" target=\"_blank\" class=\"button primary is-underline box-shadow-1-hover\" rel=\"noopener\"  >\n\t\t<span>mehr lesen<\/span>\n\t<\/a>\n\n\n\n\t\t\t<\/div>\n\t\t<\/div>\n\t<\/div>\n\t\n\n\t\t<\/div>\n\t\t\t\t\t<\/div>\n\n\t\n\n\t<div id=\"col-1084612446\" class=\"col medium-4 small-12 large-4\"  >\n\t\t\t\t<div class=\"col-inner\"  >\n\t\t\t\n\t\t\t\n\n\t<div class=\"box has-hover   has-hover box-text-bottom\" >\n\n\t\t<div class=\"box-image\" >\n\t\t\t<a href=\"#\" >\t\t\t<div class=\"image-zoom image-cover\" style=\"padding-top:100%;\">\n\t\t\t\t<img decoding=\"async\" width=\"1024\" height=\"683\" src=\"https:\/\/treelofts.com\/wp-content\/uploads\/2025\/02\/How-to-Build-a-Modern-Tree-House-Step-by-Step-Compliance-with-2024-Building-Codes-3.jpg\" class=\"attachment- size-\" alt=\"\" srcset=\"https:\/\/treelofts.com\/wp-content\/uploads\/2025\/02\/How-to-Build-a-Modern-Tree-House-Step-by-Step-Compliance-with-2024-Building-Codes-3.jpg 1024w, https:\/\/treelofts.com\/wp-content\/uploads\/2025\/02\/How-to-Build-a-Modern-Tree-House-Step-by-Step-Compliance-with-2024-Building-Codes-3-600x400.jpg 600w, https:\/\/treelofts.com\/wp-content\/uploads\/2025\/02\/How-to-Build-a-Modern-Tree-House-Step-by-Step-Compliance-with-2024-Building-Codes-3-768x512.jpg 768w, https:\/\/treelofts.com\/wp-content\/uploads\/2025\/02\/How-to-Build-a-Modern-Tree-House-Step-by-Step-Compliance-with-2024-Building-Codes-3-1000x667.jpg 1000w\" sizes=\"(max-width: 1024px) 100vw, 1024px\" title=\"\">\t\t\t\t\t\t\t\t\t\t\t<\/div>\n\t\t\t<\/a>\t\t<\/div>\n\n\t\t<div class=\"box-text text-center\" >\n\t\t\t<div class=\"box-text-inner\">\n\t\t\t\t\n\n<h6>Das Forest Retreat Baumhaus<\/h6>\n<h3><strong><span style=\"font-size: 150%;\">6. Minnesota, USA<\/span><\/strong><\/h3>\n\t<div id=\"gap-971595726\" class=\"gap-element clearfix\" style=\"display:block; height:auto;\">\n\t\t\n<style>\n#gap-971595726 {\n  padding-top: 10px;\n}\n<\/style>\n\t<\/div>\n\t\n\n<p><strong>Typ des Baumhauses:<\/strong> 1 Baum Baumhaus<\/p>\n<p><strong>Jahr gebaut:\u00a0<\/strong>2022<\/p>\n<a href=\"https:\/\/treelofts.com\/de\/kontaktieren-sie-uns\/\" target=\"_blank\" class=\"button primary is-underline box-shadow-1-hover\" rel=\"noopener\"  >\n\t\t<span>mehr lesen<\/span>\n\t<\/a>\n\n\n\n\t\t\t<\/div>\n\t\t<\/div>\n\t<\/div>\n\t\n\n\t\t<\/div>\n\t\t\t\t\t<\/div>\n\n\t\n\n\n<style>\n#row-1831830991 > .col > .col-inner {\n  padding: 0px 0px 0px 0px;\n}\n<\/style>\n<\/div>\n\n\t\t<\/div>\n\n\t\t\n<style>\n#section_1617057174 {\n  padding-top: 30px;\n  padding-bottom: 30px;\n}\n<\/style>\n\t<\/section>\n\t\n\n\t<section class=\"section\" id=\"section_1835666038\">\n\t\t<div class=\"section-bg fill\" >\n\t\t\t\t\t\t\t\t\t\n\t\t\t\n\n\t\t<\/div>\n\n\t\t\n\n\t\t<div class=\"section-content relative\">\n\t\t\t\n\n<div class=\"row row-collapse align-center\"  id=\"row-685401823\">\n\n\n\t<div id=\"col-2034568662\" class=\"col medium-8 small-10 large-8\"  >\n\t\t\t\t<div class=\"col-inner text-center\"  >\n\t\t\t\n\t\t\t\n\n<h2 data-start=\"5890\" data-end=\"5934\"><strong data-start=\"5893\" data-end=\"5932\">Warum Ihr Unternehmen ein Treehouse braucht<\/strong><\/h2>\n<p>Baumh\u00e4user sind nicht nur eine lustige Erg\u00e4nzung, sondern k\u00f6nnen f\u00fcr Unternehmen, die etwas Einzigartiges, Nachhaltiges und Unvergessliches bieten wollen, eine entscheidende Investition sein. <br \/>Von Luxusresorts bis hin zu kleinen Unternehmen kann ein gut gestaltetes Baumhaus Sie von der Masse abheben und Ihrer Marke eine aufregende neue Identit\u00e4t verleihen. Wenn Sie erw\u00e4gen, Ihr Unternehmen um ein kommerzielles Baumhaus zu erweitern, steht Ihnen unser Expertenteam gerne zur Verf\u00fcgung!<\/p>\n<a href=\"https:\/\/treelofts.com\/de\/kontaktieren-sie-uns\/\" class=\"button primary\"  >\n\t\t<span>Beginnen Sie Ihre Baumhausreise noch heute<\/span>\n\t<\/a>\n\n\n\n\t\t<\/div>\n\t\t\t\t\t<\/div>\n\n\t\n\n<\/div>\n\n\t\t<\/div>\n\n\t\t\n<style>\n#section_1835666038 {\n  padding-top: 0px;\n  padding-bottom: 0px;\n}\n@media (min-width:550px) {\n  #section_1835666038 {\n    padding-top: 30px;\n    padding-bottom: 30px;\n  }\n}\n<\/style>\n\t<\/section>","protected":false},"excerpt":{"rendered":"","protected":false},"author":5,"featured_media":0,"parent":0,"menu_order":0,"comment_status":"closed","ping_status":"closed","template":"","meta":{"footnotes":""},"class_list":["post-1287","page","type-page","status-publish","hentry"],"_links":{"self":[{"href":"https:\/\/treelofts.com\/de\/wp-json\/wp\/v2\/pages\/1287","targetHints":{"allow":["GET"]}}],"collection":[{"href":"https:\/\/treelofts.com\/de\/wp-json\/wp\/v2\/pages"}],"about":[{"href":"https:\/\/treelofts.com\/de\/wp-json\/wp\/v2\/types\/page"}],"author":[{"embeddable":true,"href":"https:\/\/treelofts.com\/de\/wp-json\/wp\/v2\/users\/5"}],"replies":[{"embeddable":true,"href":"https:\/\/treelofts.com\/de\/wp-json\/wp\/v2\/comments?post=1287"}],"version-history":[{"count":0,"href":"https:\/\/treelofts.com\/de\/wp-json\/wp\/v2\/pages\/1287\/revisions"}],"wp:attachment":[{"href":"https:\/\/treelofts.com\/de\/wp-json\/wp\/v2\/media?parent=1287"}],"curies":[{"name":"wp","href":"https:\/\/api.w.org\/{rel}","templated":true}]}}