{"id":1302,"date":"2025-02-12T19:11:17","date_gmt":"2025-02-13T03:11:17","guid":{"rendered":"https:\/\/azh5n13ivf.onrocket.site\/?page_id=1302"},"modified":"2025-02-13T19:32:22","modified_gmt":"2025-02-14T03:32:22","slug":"spiellandschaft-baumhauser","status":"publish","type":"page","link":"https:\/\/treelofts.com\/de\/spiellandschaft-baumhauser\/","title":{"rendered":"Spiellandschaft Baumh\u00e4user"},"content":{"rendered":"<section class=\"section\" id=\"section_1221567718\">\n\t\t<div class=\"section-bg fill\" >\n\t\t\t\t\t\t\t\t\t\n\t\t\t\n\n\t\t<\/div>\n\n\t\t\n\n\t\t<div class=\"section-content relative\">\n\t\t\t\n\n\t<div id=\"gap-677433112\" class=\"gap-element clearfix\" style=\"display:block; height:auto;\">\n\t\t\n<style>\n#gap-677433112 {\n  padding-top: 30px;\n}\n<\/style>\n\t<\/div>\n\t\n\n<div class=\"row align-center\"  id=\"row-2102725682\">\n\n\n\t<div id=\"col-2067172650\" class=\"col medium-10 small-12 large-9\"  >\n\t\t\t\t<div class=\"col-inner text-center\"  >\n\t\t\t\n\t\t\t\n\n<h3>Erstaunliche Bauten, die Hinterh\u00f6fe in Abenteuerzonen verwandeln<\/h3>\n\t<div id=\"text-710745266\" class=\"text\">\n\t\t\n\n<h1 class=\"rich-text__heading h0\"><strong>Spiellandschaft Baumh\u00e4user<\/strong><\/h1>\n\t\t\n<style>\n#text-710745266 {\n  font-size: 1.5rem;\n}\n<\/style>\n\t<\/div>\n\t\n<p>Jedes Kind tr\u00e4umt von einer Baumhaus-Spiellandschaft - einem fantastischen Ort, an dem es seiner Fantasie freien Lauf lassen, in neue H\u00f6hen klettern und unz\u00e4hlige Erinnerungen schaffen kann. Moderne Baumhaus-Spiellandschaften sind jedoch Abenteuerzentren mit Rutschen, Seilbahnen, Kletterw\u00e4nden und interaktiven Elementen, die Kinder stundenlang besch\u00e4ftigen - sie sind mehr als nur Holzplattformen in B\u00e4umen.<\/p>\n<p>Ganz gleich, ob Ihre Nachbarschaft sich einen Spielplatz in den B\u00e4umen w\u00fcnscht oder Sie als Eltern Ihren Garten umgestalten wollen. Lassen Sie sich von Baumhaus-Spielpl\u00e4tzen inspirieren, die Kindern (und Erwachsenen) Spa\u00df machen!<\/p>\n<a href=\"https:\/\/treelofts.com\/de\/kontaktieren-sie-uns\/\" target=\"_blank\" class=\"button primary is-underline box-shadow-1-hover\" rel=\"noopener\"  >\n\t\t<span>Beginnen Sie Ihre Baumhausreise noch heute<\/span>\n\t<\/a>\n\n\n\n\t\t<\/div>\n\t\t\t\t\t<\/div>\n\n\t\n\n<\/div>\n\n\t\t<\/div>\n\n\t\t\n<style>\n#section_1221567718 {\n  padding-top: 30px;\n  padding-bottom: 30px;\n}\n<\/style>\n\t<\/section>\n\t\n\n\t<section class=\"section\" id=\"section_1009242311\">\n\t\t<div class=\"section-bg fill\" >\n\t\t\t\t\t\t\t\t\t\n\t\t\t\n\n\t\t<\/div>\n\n\t\t\n\n\t\t<div class=\"section-content relative\">\n\t\t\t\n\n<div class=\"row row-large\" style=\"max-width:1400px\" id=\"row-2048432047\">\n\n\n\t<div id=\"col-1028091187\" class=\"col medium-4 small-12 large-4\"  >\n\t\t\t\t<div class=\"col-inner\"  >\n\t\t\t\n\t\t\t\n\n\t<div class=\"box has-hover   has-hover box-text-bottom\" >\n\n\t\t<div class=\"box-image\" >\n\t\t\t<a href=\"#\" >\t\t\t<div class=\"image-zoom image-cover\" style=\"padding-top:100%;\">\n\t\t\t\t<img decoding=\"async\" width=\"1024\" height=\"586\" src=\"https:\/\/treelofts.com\/wp-content\/uploads\/2025\/02\/Tree-House-1.jpg\" class=\"attachment- size-\" alt=\"\" srcset=\"https:\/\/treelofts.com\/wp-content\/uploads\/2025\/02\/Tree-House-1.jpg 1024w, https:\/\/treelofts.com\/wp-content\/uploads\/2025\/02\/Tree-House-1-699x400.jpg 699w, https:\/\/treelofts.com\/wp-content\/uploads\/2025\/02\/Tree-House-1-768x440.jpg 768w, https:\/\/treelofts.com\/wp-content\/uploads\/2025\/02\/Tree-House-1-1000x572.jpg 1000w\" sizes=\"(max-width: 1024px) 100vw, 1024px\" title=\"\">\t\t\t\t\t\t\t\t\t\t\t<\/div>\n\t\t\t<\/a>\t\t<\/div>\n\n\t\t<div class=\"box-text text-center\" >\n\t\t\t<div class=\"box-text-inner\">\n\t\t\t\t\n\n<h6>Das Hinterhof-Abenteuer-Spielhaus<\/h6>\n<h3><strong><span style=\"font-size: 150%;\">1. vorst\u00e4dtisches Ohio<\/span><\/strong><\/h3>\n\t<div id=\"gap-1171826168\" class=\"gap-element clearfix\" style=\"display:block; height:auto;\">\n\t\t\n<style>\n#gap-1171826168 {\n  padding-top: 10px;\n}\n<\/style>\n\t<\/div>\n\t\n\n<p><strong>Typ des Baumhauses:<\/strong> Benutzerdefinierte Baumhaus bauen<\/p>\n<p><strong>Jahr gebaut:\u00a0<\/strong>2024<\/p>\n<a href=\"https:\/\/treelofts.com\/de\/kontaktieren-sie-uns\/\" target=\"_blank\" class=\"button primary is-underline box-shadow-1-hover\" rel=\"noopener\"  >\n\t\t<span>mehr lesen<\/span>\n\t<\/a>\n\n\n\n\t\t\t<\/div>\n\t\t<\/div>\n\t<\/div>\n\t\n\n\t\t<\/div>\n\t\t\t\t\t<\/div>\n\n\t\n\n\t<div id=\"col-1955063770\" class=\"col medium-4 small-12 large-4\"  >\n\t\t\t\t<div class=\"col-inner\"  >\n\t\t\t\n\t\t\t\n\n\t<div class=\"box has-hover   has-hover box-text-bottom\" >\n\n\t\t<div class=\"box-image\" >\n\t\t\t<a href=\"#\" >\t\t\t<div class=\"image-zoom image-cover\" style=\"padding-top:100%;\">\n\t\t\t\t<img decoding=\"async\" width=\"1024\" height=\"683\" src=\"https:\/\/treelofts.com\/wp-content\/uploads\/2025\/02\/Tree-House-5.jpg\" class=\"attachment- size-\" alt=\"\" srcset=\"https:\/\/treelofts.com\/wp-content\/uploads\/2025\/02\/Tree-House-5.jpg 1024w, https:\/\/treelofts.com\/wp-content\/uploads\/2025\/02\/Tree-House-5-600x400.jpg 600w, https:\/\/treelofts.com\/wp-content\/uploads\/2025\/02\/Tree-House-5-768x512.jpg 768w, https:\/\/treelofts.com\/wp-content\/uploads\/2025\/02\/Tree-House-5-1000x667.jpg 1000w\" sizes=\"(max-width: 1024px) 100vw, 1024px\" title=\"\">\t\t\t\t\t\t\t\t\t\t\t<\/div>\n\t\t\t<\/a>\t\t<\/div>\n\n\t\t<div class=\"box-text text-center\" >\n\t\t\t<div class=\"box-text-inner\">\n\t\t\t\t\n\n<h6>Das ultimative Hinterhofabenteuer Baumhaus<\/h6>\n<h3><strong><span style=\"font-size: 150%;\">2. Austin, TX<\/span><\/strong><\/h3>\n\t<div id=\"gap-260658296\" class=\"gap-element clearfix\" style=\"display:block; height:auto;\">\n\t\t\n<style>\n#gap-260658296 {\n  padding-top: 10px;\n}\n<\/style>\n\t<\/div>\n\t\n\n<p><strong>Typ des Baumhauses:<\/strong> Benutzerdefinierte Baumhaus bauen<\/p>\n<p><strong>Jahr gebaut:\u00a0<\/strong>2021<\/p>\n<a href=\"https:\/\/treelofts.com\/de\/kontaktieren-sie-uns\/\" target=\"_blank\" class=\"button primary is-underline box-shadow-1-hover\" rel=\"noopener\"  >\n\t\t<span>mehr lesen<\/span>\n\t<\/a>\n\n\n\n\t\t\t<\/div>\n\t\t<\/div>\n\t<\/div>\n\t\n\n\t\t<\/div>\n\t\t\t\t\t<\/div>\n\n\t\n\n\t<div id=\"col-1430302310\" class=\"col medium-4 small-12 large-4\"  >\n\t\t\t\t<div class=\"col-inner\"  >\n\t\t\t\n\t\t\t\n\n\t<div class=\"box has-hover   has-hover box-text-bottom\" >\n\n\t\t<div class=\"box-image\" >\n\t\t\t<a href=\"#\" >\t\t\t<div class=\"image-zoom image-cover\" style=\"padding-top:100%;\">\n\t\t\t\t<img decoding=\"async\" width=\"1024\" height=\"683\" src=\"https:\/\/treelofts.com\/wp-content\/uploads\/2025\/02\/No-Tree-Treehouse-3.jpg\" class=\"attachment- size-\" alt=\"\" srcset=\"https:\/\/treelofts.com\/wp-content\/uploads\/2025\/02\/No-Tree-Treehouse-3.jpg 1024w, https:\/\/treelofts.com\/wp-content\/uploads\/2025\/02\/No-Tree-Treehouse-3-600x400.jpg 600w, https:\/\/treelofts.com\/wp-content\/uploads\/2025\/02\/No-Tree-Treehouse-3-768x512.jpg 768w, https:\/\/treelofts.com\/wp-content\/uploads\/2025\/02\/No-Tree-Treehouse-3-1000x667.jpg 1000w\" sizes=\"(max-width: 1024px) 100vw, 1024px\" title=\"\">\t\t\t\t\t\t\t\t\t\t\t<\/div>\n\t\t\t<\/a>\t\t<\/div>\n\n\t\t<div class=\"box-text text-center\" >\n\t\t\t<div class=\"box-text-inner\">\n\t\t\t\t\n\n<h6>Das Woodland Hideaway Spielhaus<\/h6>\n<h3><strong><span style=\"font-size: 150%;\">3. asheville, NC<\/span><\/strong><\/h3>\n\t<div id=\"gap-547382765\" class=\"gap-element clearfix\" style=\"display:block; height:auto;\">\n\t\t\n<style>\n#gap-547382765 {\n  padding-top: 10px;\n}\n<\/style>\n\t<\/div>\n\t\n\n<p><strong>Typ des Baumhauses:<\/strong> Benutzerdefinierte Baumhaus bauen<\/p>\n<p><strong>Jahr gebaut:\u00a0<\/strong>2020<\/p>\n<a href=\"https:\/\/treelofts.com\/de\/kontaktieren-sie-uns\/\" target=\"_blank\" class=\"button primary is-underline box-shadow-1-hover\" rel=\"noopener\"  >\n\t\t<span>mehr lesen<\/span>\n\t<\/a>\n\n\n\n\t\t\t<\/div>\n\t\t<\/div>\n\t<\/div>\n\t\n\n\t\t<\/div>\n\t\t\t\t\t<\/div>\n\n\t\n\n\n<style>\n#row-2048432047 > .col > .col-inner {\n  padding: 0px 0px 0px 0px;\n}\n<\/style>\n<\/div>\n\n\t\t<\/div>\n\n\t\t\n<style>\n#section_1009242311 {\n  padding-top: 30px;\n  padding-bottom: 30px;\n}\n<\/style>\n\t<\/section>\n\t\n\n\t<section class=\"section\" id=\"section_773803081\">\n\t\t<div class=\"section-bg fill\" >\n\t\t\t\t\t\t\t\t\t\n\t\t\t\n\n\t\t<\/div>\n\n\t\t\n\n\t\t<div class=\"section-content relative\">\n\t\t\t\n\n<div class=\"row row-large\" style=\"max-width:1400px\" id=\"row-189138730\">\n\n\n\t<div id=\"col-51326929\" class=\"col medium-4 small-12 large-4\"  >\n\t\t\t\t<div class=\"col-inner\"  >\n\t\t\t\n\t\t\t\n\n\t<div class=\"box has-hover   has-hover box-text-bottom\" >\n\n\t\t<div class=\"box-image\" >\n\t\t\t<a href=\"#\" >\t\t\t<div class=\"image-zoom image-cover\" style=\"padding-top:100%;\">\n\t\t\t\t<img decoding=\"async\" width=\"1024\" height=\"741\" src=\"https:\/\/treelofts.com\/wp-content\/uploads\/2025\/02\/10-Safety-First-Childrens-Tree-House-Designs-for-Backyard-Adventures-2.jpg\" class=\"attachment- size-\" alt=\"\" srcset=\"https:\/\/treelofts.com\/wp-content\/uploads\/2025\/02\/10-Safety-First-Childrens-Tree-House-Designs-for-Backyard-Adventures-2.jpg 1024w, https:\/\/treelofts.com\/wp-content\/uploads\/2025\/02\/10-Safety-First-Childrens-Tree-House-Designs-for-Backyard-Adventures-2-553x400.jpg 553w, https:\/\/treelofts.com\/wp-content\/uploads\/2025\/02\/10-Safety-First-Childrens-Tree-House-Designs-for-Backyard-Adventures-2-768x556.jpg 768w, https:\/\/treelofts.com\/wp-content\/uploads\/2025\/02\/10-Safety-First-Childrens-Tree-House-Designs-for-Backyard-Adventures-2-1000x724.jpg 1000w\" sizes=\"(max-width: 1024px) 100vw, 1024px\" title=\"\">\t\t\t\t\t\t\t\t\t\t\t<\/div>\n\t\t\t<\/a>\t\t<\/div>\n\n\t\t<div class=\"box-text text-center\" >\n\t\t\t<div class=\"box-text-inner\">\n\t\t\t\t\n\n<h6>Das Sunny Backyard Jungle Gym<\/h6>\n<h3><strong><span style=\"font-size: 150%;\">4. San Diego, CA<\/span><\/strong><\/h3>\n\t<div id=\"gap-1323855635\" class=\"gap-element clearfix\" style=\"display:block; height:auto;\">\n\t\t\n<style>\n#gap-1323855635 {\n  padding-top: 10px;\n}\n<\/style>\n\t<\/div>\n\t\n\n<p><strong>Typ des Baumhauses:<\/strong> Benutzerdefinierte Baumhaus bauen<\/p>\n<p><strong>Jahr gebaut:\u00a0<\/strong>2021<\/p>\n<a href=\"https:\/\/treelofts.com\/de\/kontaktieren-sie-uns\/\" target=\"_blank\" class=\"button primary is-underline box-shadow-1-hover\" rel=\"noopener\"  >\n\t\t<span>mehr lesen<\/span>\n\t<\/a>\n\n\n\n\t\t\t<\/div>\n\t\t<\/div>\n\t<\/div>\n\t\n\n\t\t<\/div>\n\t\t\t\t\t<\/div>\n\n\t\n\n\t<div id=\"col-2072592012\" class=\"col medium-4 small-12 large-4\"  >\n\t\t\t\t<div class=\"col-inner\"  >\n\t\t\t\n\t\t\t\n\n\t<div class=\"box has-hover   has-hover box-text-bottom\" >\n\n\t\t<div class=\"box-image\" >\n\t\t\t<a href=\"#\" >\t\t\t<div class=\"image-zoom image-cover\" style=\"padding-top:100%;\">\n\t\t\t\t<img decoding=\"async\" width=\"683\" height=\"1024\" src=\"https:\/\/treelofts.com\/wp-content\/uploads\/2025\/02\/Tree-House-65.jpg\" class=\"attachment- size-\" alt=\"\" srcset=\"https:\/\/treelofts.com\/wp-content\/uploads\/2025\/02\/Tree-House-65.jpg 683w, https:\/\/treelofts.com\/wp-content\/uploads\/2025\/02\/Tree-House-65-267x400.jpg 267w, https:\/\/treelofts.com\/wp-content\/uploads\/2025\/02\/Tree-House-65-534x800.jpg 534w\" sizes=\"(max-width: 683px) 100vw, 683px\" title=\"\">\t\t\t\t\t\t\t\t\t\t\t<\/div>\n\t\t\t<\/a>\t\t<\/div>\n\n\t\t<div class=\"box-text text-center\" >\n\t\t\t<div class=\"box-text-inner\">\n\t\t\t\t\n\n<h6>Die Herbstpark-Spiellandschaft<\/h6>\n<h3><strong><span style=\"font-size: 150%;\">5. Boston, MA<\/span><\/strong><\/h3>\n\t<div id=\"gap-192852646\" class=\"gap-element clearfix\" style=\"display:block; height:auto;\">\n\t\t\n<style>\n#gap-192852646 {\n  padding-top: 10px;\n}\n<\/style>\n\t<\/div>\n\t\n\n<p><strong>Typ des Baumhauses:<\/strong> Benutzerdefinierte Baumhaus bauen<\/p>\n<p><strong>Jahr gebaut:\u00a0<\/strong>2023<\/p>\n<a href=\"https:\/\/treelofts.com\/de\/kontaktieren-sie-uns\/\" target=\"_blank\" class=\"button primary is-underline box-shadow-1-hover\" rel=\"noopener\"  >\n\t\t<span>mehr lesen<\/span>\n\t<\/a>\n\n\n\n\t\t\t<\/div>\n\t\t<\/div>\n\t<\/div>\n\t\n\n\t\t<\/div>\n\t\t\t\t\t<\/div>\n\n\t\n\n\t<div id=\"col-1220431120\" class=\"col medium-4 small-12 large-4\"  >\n\t\t\t\t<div class=\"col-inner\"  >\n\t\t\t\n\t\t\t\n\n\t<div class=\"box has-hover   has-hover box-text-bottom\" >\n\n\t\t<div class=\"box-image\" >\n\t\t\t<a href=\"#\" >\t\t\t<div class=\"image-zoom image-cover\" style=\"padding-top:100%;\">\n\t\t\t\t<img decoding=\"async\" width=\"1024\" height=\"731\" src=\"https:\/\/treelofts.com\/wp-content\/uploads\/2025\/02\/Why-the-Garvan-Woodland-Gardens-Childrens-Garden-Treehouse-is-a-Model-for-Educational-Play-Spaces.jpg\" class=\"attachment- size-\" alt=\"\" srcset=\"https:\/\/treelofts.com\/wp-content\/uploads\/2025\/02\/Why-the-Garvan-Woodland-Gardens-Childrens-Garden-Treehouse-is-a-Model-for-Educational-Play-Spaces.jpg 1024w, https:\/\/treelofts.com\/wp-content\/uploads\/2025\/02\/Why-the-Garvan-Woodland-Gardens-Childrens-Garden-Treehouse-is-a-Model-for-Educational-Play-Spaces-560x400.jpg 560w, https:\/\/treelofts.com\/wp-content\/uploads\/2025\/02\/Why-the-Garvan-Woodland-Gardens-Childrens-Garden-Treehouse-is-a-Model-for-Educational-Play-Spaces-768x548.jpg 768w, https:\/\/treelofts.com\/wp-content\/uploads\/2025\/02\/Why-the-Garvan-Woodland-Gardens-Childrens-Garden-Treehouse-is-a-Model-for-Educational-Play-Spaces-1000x714.jpg 1000w\" sizes=\"(max-width: 1024px) 100vw, 1024px\" title=\"\">\t\t\t\t\t\t\t\t\t\t\t<\/div>\n\t\t\t<\/a>\t\t<\/div>\n\n\t\t<div class=\"box-text text-center\" >\n\t\t\t<div class=\"box-text-inner\">\n\t\t\t\t\n\n<h6>Das Abenteuerspielzeug zur Goldenen Stunde<\/h6>\n<h3><strong><span style=\"font-size: 150%;\">6. texanische Vororte<\/span><\/strong><\/h3>\n\t<div id=\"gap-538538518\" class=\"gap-element clearfix\" style=\"display:block; height:auto;\">\n\t\t\n<style>\n#gap-538538518 {\n  padding-top: 10px;\n}\n<\/style>\n\t<\/div>\n\t\n\n<p><strong>Typ des Baumhauses:<\/strong> Benutzerdefinierte Baumhaus bauen<\/p>\n<p><strong>Jahr gebaut:\u00a0<\/strong>2022<\/p>\n<a href=\"https:\/\/treelofts.com\/de\/kontaktieren-sie-uns\/\" target=\"_blank\" class=\"button primary is-underline box-shadow-1-hover\" rel=\"noopener\"  >\n\t\t<span>mehr lesen<\/span>\n\t<\/a>\n\n\n\n\t\t\t<\/div>\n\t\t<\/div>\n\t<\/div>\n\t\n\n\t\t<\/div>\n\t\t\t\t\t<\/div>\n\n\t\n\n\n<style>\n#row-189138730 > .col > .col-inner {\n  padding: 0px 0px 0px 0px;\n}\n<\/style>\n<\/div>\n\n\t\t<\/div>\n\n\t\t\n<style>\n#section_773803081 {\n  padding-top: 30px;\n  padding-bottom: 30px;\n}\n<\/style>\n\t<\/section>\n\t\n\n\t<section class=\"section\" id=\"section_1579738978\">\n\t\t<div class=\"section-bg fill\" >\n\t\t\t\t\t\t\t\t\t\n\t\t\t\n\n\t\t<\/div>\n\n\t\t\n\n\t\t<div class=\"section-content relative\">\n\t\t\t\n\n<div class=\"row row-collapse align-center\"  id=\"row-1001375831\">\n\n\n\t<div id=\"col-1717817428\" class=\"col medium-8 small-10 large-8\"  >\n\t\t\t\t<div class=\"col-inner text-center\"  >\n\t\t\t\n\t\t\t\n\n<h2 data-start=\"5172\" data-end=\"5230\"><strong data-start=\"5176\" data-end=\"5228\">Sind Sie bereit, das ultimative Playscape-Baumhaus zu bauen?<\/strong><\/h2>\n<p>Ganz gleich, ob Sie sich ein Raketenschiff, ein Kletterger\u00fcst oder ein Piratenschiff w\u00fcnschen, ein ma\u00dfgefertigtes Baumhaus kann jeden Au\u00dfenbereich in eine Abenteuerzone verwandeln.<\/p>\n<p>Von kleinen Hinterh\u00f6fen bis hin zu gro\u00dfen Gemeindeparks bieten die Baumh\u00e4user von Playscape den Kindern eine sichere, faszinierende und fantasievolle Umgebung zum Spielen, Lernen und Gedeihen. Unsere fachkundigen Mitarbeiter helfen Ihnen gerne bei der Planung eines einzigartigen Baumhauses f\u00fcr Ihre Familie oder Gemeinde!<\/p>\n<a href=\"https:\/\/treelofts.com\/de\/kontaktieren-sie-uns\/\" class=\"button primary\"  >\n\t\t<span>Beginnen Sie Ihre Baumhausreise noch heute<\/span>\n\t<\/a>\n\n\n\n\t\t<\/div>\n\t\t\t\t\t<\/div>\n\n\t\n\n<\/div>\n\n\t\t<\/div>\n\n\t\t\n<style>\n#section_1579738978 {\n  padding-top: 0px;\n  padding-bottom: 0px;\n}\n@media (min-width:550px) {\n  #section_1579738978 {\n    padding-top: 30px;\n    padding-bottom: 30px;\n  }\n}\n<\/style>\n\t<\/section>","protected":false},"excerpt":{"rendered":"","protected":false},"author":5,"featured_media":0,"parent":0,"menu_order":0,"comment_status":"closed","ping_status":"closed","template":"","meta":{"footnotes":""},"class_list":["post-1302","page","type-page","status-publish","hentry"],"_links":{"self":[{"href":"https:\/\/treelofts.com\/de\/wp-json\/wp\/v2\/pages\/1302","targetHints":{"allow":["GET"]}}],"collection":[{"href":"https:\/\/treelofts.com\/de\/wp-json\/wp\/v2\/pages"}],"about":[{"href":"https:\/\/treelofts.com\/de\/wp-json\/wp\/v2\/types\/page"}],"author":[{"embeddable":true,"href":"https:\/\/treelofts.com\/de\/wp-json\/wp\/v2\/users\/5"}],"replies":[{"embeddable":true,"href":"https:\/\/treelofts.com\/de\/wp-json\/wp\/v2\/comments?post=1302"}],"version-history":[{"count":0,"href":"https:\/\/treelofts.com\/de\/wp-json\/wp\/v2\/pages\/1302\/revisions"}],"wp:attachment":[{"href":"https:\/\/treelofts.com\/de\/wp-json\/wp\/v2\/media?parent=1302"}],"curies":[{"name":"wp","href":"https:\/\/api.w.org\/{rel}","templated":true}]}}