{"id":1399,"date":"2025-02-13T17:58:15","date_gmt":"2025-02-14T01:58:15","guid":{"rendered":"https:\/\/azh5n13ivf.onrocket.site\/?page_id=1399"},"modified":"2025-02-13T18:30:30","modified_gmt":"2025-02-14T02:30:30","slug":"neue-wasserrutschen","status":"publish","type":"page","link":"https:\/\/treelofts.com\/de\/neue-wasserrutschen\/","title":{"rendered":"NEW Wasserrutschen"},"content":{"rendered":"<div class=\"banner has-hover\" id=\"banner-1848658997\">\n          <div class=\"banner-inner fill\">\n        <div class=\"banner-bg fill\" >\n            <img decoding=\"async\" width=\"1080\" height=\"1080\" src=\"https:\/\/treelofts.com\/wp-content\/uploads\/2025\/02\/NEW-Waterslides-3.jpg\" class=\"bg attachment-original size-original\" alt=\"\" title=\"\">                        <div class=\"overlay\"><\/div>            \n                    <\/div>\n\t\t\n        <div class=\"banner-layers container\">\n            <div class=\"fill banner-link\"><\/div>            \n\n   <div id=\"text-box-538527412\" class=\"text-box banner-layer x50 md-x50 lg-x50 y50 md-y50 lg-y50 res-text\">\n                                <div class=\"text-box-content text dark\">\n              \n              <div class=\"text-inner text-center\">\n                  \n\n<h3>Der ultimative Spritzer Spa\u00df!<\/h3>\n<h1><strong>NEW Wasserrutschen<\/strong><\/h1>\n<p>Wer sagt, dass Baumh\u00e4user nur zum Ausruhen und Klettern geeignet sind? Eine NEUE Wasserrutsche wird Ihnen helfen, Ihr Outdoor-Abenteuer zu steigern. Der ultimative Nervenkitzel: Stellen Sie sich vor, Sie rutschen direkt von Ihrem Baumhaus in einen Schwall k\u00fchlen Wassers. Unsere Wasserrutschen sorgen f\u00fcr unz\u00e4hligen Spa\u00df und Nervenkitzel, ganz gleich, ob Sie mit Ihrer Familie ein Baumhaus bauen oder eine Spritzzone f\u00fcr Ihre Sommerveranstaltungen einrichten m\u00f6chten.<\/p>\n\n              <\/div>\n           <\/div>\n                            \n<style>\n#text-box-538527412 {\n  width: 84%;\n}\n#text-box-538527412 .text-box-content {\n  font-size: 100%;\n}\n<\/style>\n    <\/div>\n \n\n        <\/div>\n      <\/div>\n\n            \n<style>\n#banner-1848658997 {\n  padding-top: 668px;\n}\n#banner-1848658997 .overlay {\n  background-color: rgba(0,0,0,.5);\n}\n#banner-1848658997 .banner-bg img {\n  object-position: 57% 43%;\n}\n@media (min-width:550px) {\n  #banner-1848658997 {\n    padding-top: 800px;\n  }\n}\n<\/style>\n  <\/div>\n\n\n\n\t<section class=\"section\" id=\"section_783196637\">\n\t\t<div class=\"section-bg fill\" >\n\t\t\t\t\t\t\t\t\t\n\t\t\t\n\n\t\t<\/div>\n\n\t\t\n\n\t\t<div class=\"section-content relative\">\n\t\t\t\n\n<div class=\"row row-collapse align-middle\" style=\"max-width:1300px\" id=\"row-1252894738\">\n\n\n\t<div id=\"col-1592668508\" class=\"col small-12 large-12\"  >\n\t\t\t\t<div class=\"col-inner\" style=\"background-color:rgb(246, 246, 246);\" >\n\t\t\t\n\t\t\t\n\n<div class=\"row row-collapse align-middle\" style=\"max-width:1300px\" id=\"row-1717853242\">\n\n\n\t<div id=\"col-1733120140\" class=\"col medium-12 small-12 large-6\"  >\n\t\t\t\t<div class=\"col-inner\"  >\n\t\t\t\n\t\t\t\n\n\n  <div class=\"banner has-hover\" id=\"banner-1923208694\">\n          <div class=\"banner-inner fill\">\n        <div class=\"banner-bg fill\" >\n            <img decoding=\"async\" width=\"1080\" height=\"1080\" src=\"https:\/\/treelofts.com\/wp-content\/uploads\/2025\/02\/NEW-Waterslides-4.jpg\" class=\"bg attachment-original size-original\" alt=\"\" title=\"\">                                    \n                    <\/div>\n\t\t\n        <div class=\"banner-layers container\">\n            <div class=\"fill banner-link\"><\/div>            \n\n   <div id=\"text-box-122278832\" class=\"text-box banner-layer x50 md-x50 lg-x50 y50 md-y50 lg-y50 res-text\">\n                                <div class=\"text-box-content text dark\">\n              \n              <div class=\"text-inner text-center\">\n                  \n\n\n              <\/div>\n           <\/div>\n                            \n<style>\n#text-box-122278832 {\n  width: 60%;\n}\n#text-box-122278832 .text-box-content {\n  font-size: 100%;\n}\n@media (min-width:550px) {\n  #text-box-122278832 {\n    width: 60%;\n  }\n}\n<\/style>\n    <\/div>\n \n\n        <\/div>\n      <\/div>\n\n            \n<style>\n#banner-1923208694 {\n  padding-top: 300px;\n  background-color: rgb(255,255,255);\n}\n#banner-1923208694 .banner-bg img {\n  object-position: 47% 41%;\n}\n@media (min-width:550px) {\n  #banner-1923208694 {\n    padding-top: 400px;\n  }\n}\n@media (min-width:850px) {\n  #banner-1923208694 {\n    padding-top: 500px;\n  }\n}\n<\/style>\n  <\/div>\n\n\n\n\t\t<\/div>\n\t\t\t\t\t<\/div>\n\n\t\n\n\t<div id=\"col-721803783\" class=\"col medium-12 small-12 large-6\"  >\n\t\t\t\t<div class=\"col-inner\" style=\"background-color:rgb(246, 246, 246);\" >\n\t\t\t\n\t\t\t\n\n\t<div id=\"text-2955809442\" class=\"text\">\n\t\t\n\n<h2 style=\"text-align: left;\" data-start=\"901\" data-end=\"952\"><strong data-start=\"905\" data-end=\"950\">Warum neue Wasserrutschen\uff1f<\/strong><\/h2>\n\t\t\n<style>\n#text-2955809442 {\n  font-size: 1.5rem;\n}\n<\/style>\n\t<\/div>\n\t\n<p>Ein Baumhaus ist bereits der ideale Ort zum Tr\u00e4umen, Faulenzen und Spielen, aber mit einer Wasserrutsche wird es zum Paradies f\u00fcr alle, die den Nervenkitzel suchen! Jeder mag die einzigartige Mischung aus Nervenkitzel und Erfrischung, die ein Wasserfall bietet. In den schw\u00fclen Sommermonaten sind sie eine gro\u00dfartige M\u00f6glichkeit, k\u00fchl und aktiv zu bleiben. Stellen Sie sich vor, Sie sausen in einen Pool oder eine weiche Landezone hinunter und in einer Minute steigen Sie in Ihr Baumhaus hinauf. Diese Art von Abenteuer wird nie langweilig!<\/p>\n<a href=\"https:\/\/treelofts.com\/de\/kontaktieren-sie-uns\/\" class=\"button white is-outline\"  style=\"border-radius:10px;padding:10px 25px 10px 25px;\">\n\t\t<span>Beginnen Sie Ihre Baumhausreise noch heute<\/span>\n\t<\/a>\n\n\n\n\t\t<\/div>\n\t\t\t\t\n<style>\n#col-721803783 > .col-inner {\n  padding: 40px 30px 30px 30px;\n}\n@media (min-width:550px) {\n  #col-721803783 > .col-inner {\n    padding: 50px 75px 50px 75px;\n  }\n}\n@media (min-width:850px) {\n  #col-721803783 > .col-inner {\n    padding: 0px 75px 0px 75px;\n  }\n}\n<\/style>\n\t<\/div>\n\n\t\n\n<\/div>\n\n\t\t<\/div>\n\t\t\t\t\t<\/div>\n\n\t\n\n<\/div>\n\n\t\t<\/div>\n\n\t\t\n<style>\n#section_783196637 {\n  padding-top: 40px;\n  padding-bottom: 40px;\n}\n@media (min-width:550px) {\n  #section_783196637 {\n    padding-top: 60px;\n    padding-bottom: 60px;\n  }\n}\n<\/style>\n\t<\/section>\n\t\n\n\t<section class=\"section\" id=\"section_168629670\">\n\t\t<div class=\"section-bg fill\" >\n\t\t\t\t\t\t\t\t\t\n\t\t\t\n\n\t\t<\/div>\n\n\t\t\n\n\t\t<div class=\"section-content relative\">\n\t\t\t\n\n\t<div id=\"gap-250065364\" class=\"gap-element clearfix\" style=\"display:block; height:auto;\">\n\t\t\n<style>\n#gap-250065364 {\n  padding-top: 30px;\n}\n<\/style>\n\t<\/div>\n\t\n\n<div class=\"row align-center\"  id=\"row-523070019\">\n\n\n\t<div id=\"col-1154550206\" class=\"col medium-10 small-12 large-9\"  >\n\t\t\t\t<div class=\"col-inner text-center\"  >\n\t\t\t\n\t\t\t\n\n\t<div id=\"text-3435832102\" class=\"text\">\n\t\t\n\n<h2 data-start=\"1047\" data-end=\"1073\"><strong data-start=\"1047\" data-end=\"1073\">Unsere Wasserrutschen-Designs<\/strong><\/h2>\n\t\t\n<style>\n#text-3435832102 {\n  font-size: 1.5rem;\n}\n<\/style>\n\t<\/div>\n\t\n<p>Bei Wasserrutschen denken wir daran, etwas Besonderes und Anpassungsf\u00e4higes zu bieten, das zu Ihrer Umgebung, Ihrem Geschmack und Ihren Freizeitw\u00fcnschen passt. Jedes Baumhaus ist einzigartig, also sollte es auch jede Wasserrutsche sein. Wir haben alles, was Sie f\u00fcr ein kurvenreiches Abenteuer brauchen, bei dem Sie durch die Luft fliegen, oder eine glatte, traditionelle Rutsche, auf der Sie einfach gleiten k\u00f6nnen. Wir garantieren, dass Ihre Rutsche sicher und langlebig ist und jahrelang f\u00fcr spritzigen Spa\u00df sorgt, indem wir nur die besten, robusten Materialien verwenden.<\/p>\n<a href=\"https:\/\/treelofts.com\/de\/kontaktieren-sie-uns\/\" target=\"_blank\" class=\"button primary is-underline box-shadow-1-hover\" rel=\"noopener\"  >\n\t\t<span>kontaktieren Sie uns<\/span>\n\t<\/a>\n\n\n\n\t\t<\/div>\n\t\t\t\t\t<\/div>\n\n\t\n\n<\/div>\n\n\t\t<\/div>\n\n\t\t\n<style>\n#section_168629670 {\n  padding-top: 10px;\n  padding-bottom: 10px;\n}\n@media (min-width:550px) {\n  #section_168629670 {\n    padding-top: 30px;\n    padding-bottom: 30px;\n  }\n}\n<\/style>\n\t<\/section>\n\t\n\n\t<section class=\"section\" id=\"section_92022477\">\n\t\t<div class=\"section-bg fill\" >\n\t\t\t\t\t\t\t\t\t\n\t\t\t\n\n\t\t<\/div>\n\n\t\t\n\n\t\t<div class=\"section-content relative\">\n\t\t\t\n\n<div class=\"row row-large align-middle align-center\" style=\"max-width:1400px\" id=\"row-834070715\">\n\n\n\t<div id=\"col-1747034698\" class=\"col medium-9 small-12 large-6\"  >\n\t\t\t\t<div class=\"col-inner\"  >\n\t\t\t\n\t\t\t\n\n\n  <div class=\"banner has-hover\" id=\"banner-1470775727\">\n          <div class=\"banner-inner fill\">\n        <div class=\"banner-bg fill\" >\n            <img decoding=\"async\" width=\"1080\" height=\"1080\" src=\"https:\/\/treelofts.com\/wp-content\/uploads\/2025\/02\/NEW-Waterslides-2.jpg\" class=\"bg attachment-original size-original\" alt=\"\" title=\"\">                                    \n                    <\/div>\n\t\t\n        <div class=\"banner-layers container\">\n            <div class=\"fill banner-link\"><\/div>            \n\n   <div id=\"text-box-1043142428\" class=\"text-box banner-layer x50 md-x50 lg-x50 y50 md-y50 lg-y50 res-text\">\n                                <div class=\"text-box-content text dark\">\n              \n              <div class=\"text-inner text-center\">\n                  \n\n\n              <\/div>\n           <\/div>\n                            \n<style>\n#text-box-1043142428 {\n  width: 60%;\n}\n#text-box-1043142428 .text-box-content {\n  font-size: 100%;\n}\n@media (min-width:550px) {\n  #text-box-1043142428 {\n    width: 60%;\n  }\n}\n<\/style>\n    <\/div>\n \n\n        <\/div>\n      <\/div>\n\n            \n<style>\n#banner-1470775727 {\n  padding-top: 300px;\n}\n#banner-1470775727 .banner-bg img {\n  object-position: 47% 48%;\n}\n@media (min-width:850px) {\n  #banner-1470775727 {\n    padding-top: 70%;\n  }\n}\n<\/style>\n  <\/div>\n\n\n\n\t\t<\/div>\n\t\t\t\t\t<\/div>\n\n\t\n\n\t<div id=\"col-1064975978\" class=\"col medium-9 small-12 large-6\"  >\n\t\t\t\t<div class=\"col-inner text-left\"  >\n\t\t\t\n\t\t\t\n\n\t<div id=\"text-158630406\" class=\"text\">\n\t\t\n\n<h2 data-start=\"1565\" data-end=\"1618\"><strong data-start=\"1565\" data-end=\"1618\">Vorteile einer Wasserrutsche f\u00fcr Ihr Baumhaus<\/strong><\/h2>\n\t\t\n<style>\n#text-158630406 {\n  font-size: 1.5rem;\n}\n<\/style>\n\t<\/div>\n\t\n<p>Eine Wasserrutsche bietet nicht nur viele Vorteile, sondern verwandelt Ihr Baumhaus in etwas ganz anderes. Zun\u00e4chst einmal ist es ein schneller Zugang zum Wasserspa\u00df. Die Zeiten, in denen man an den Strand oder ins Schwimmbad fahren musste, sind vorbei; heute kommt der Spa\u00df! Wasserrutschen sind ein hervorragendes Mittel, um Kinder (und Erwachsene!) in Bewegung zu bringen und die frische Luft zu genie\u00dfen. Au\u00dferdem ist jedes Baumhaus ein idealer Ort f\u00fcr Familientreffen, Spielkameraden oder Feiern. Die Rutsche ist die Hauptattraktion und nicht nur eine Besonderheit!<\/p>\n<a href=\"https:\/\/treelofts.com\/de\/kontaktieren-sie-uns\/\" target=\"_blank\" class=\"button secondary is-link box-shadow-1-hover\" rel=\"noopener\"  >\n\t\t<span>Kontakt<\/span>\n\t<i class=\"icon-angle-right\" aria-hidden=\"true\" ><\/i><\/a>\n\n\n\n\t\t<\/div>\n\t\t\t\t\n<style>\n#col-1064975978 > .col-inner {\n  padding: 0px 0px 0px 0px;\n}\n@media (min-width:850px) {\n  #col-1064975978 > .col-inner {\n    padding: 0px 50px 0px 50px;\n  }\n}\n<\/style>\n\t<\/div>\n\n\t\n\n<\/div>\n<div class=\"row row-large align-middle align-center\" style=\"max-width:1400px\" id=\"row-1211912927\">\n\n\n\t<div id=\"col-1139940293\" class=\"col medium-9 small-12 large-6\"  >\n\t\t\t\t<div class=\"col-inner text-left\"  >\n\t\t\t\n\t\t\t\n\n\t<div id=\"text-3407451416\" class=\"text\">\n\t\t\n\n<h2 data-start=\"2162\" data-end=\"2192\"><strong data-start=\"2162\" data-end=\"2192\">Anpassungen und Funktionen<\/strong><\/h2>\n\t\t\n<style>\n#text-3407451416 {\n  font-size: 1.5rem;\n}\n<\/style>\n\t<\/div>\n\t\n<p>Unser Hauptaugenmerk liegt darauf, dass Ihre Wasserrutsche so unverwechselbar ist wie Ihr Baumhaus. Von der L\u00e4nge der Rutsche \u00fcber die Kurve bis hin zur Landung haben wir alles f\u00fcr Sie im Blick. Sie w\u00fcnschen sich eine sehr lange Rutsche, mit der Sie durch die Luft gleiten und auf dem Meer landen k\u00f6nnen. Oder vielleicht m\u00f6chten Sie eine sanfte Kurve, die sich ideal f\u00fcr eine gem\u00fctliche, entspannte Abfahrt eignet. Wir k\u00f6nnen Ihre Fantasie-Rutsche wahr werden lassen, wie auch immer sie aussehen mag.<\/p>\n<p>Auch der Landeplatz darf nicht vergessen werden. Wir werden mit Ihnen zusammenarbeiten, um den idealen Abschluss Ihrer Reise zu gestalten, egal ob es sich bei Ihrem Wunschpool um ein weiches Planschbecken oder sogar um einen Grashang handelt. Schlie\u00dflich ist das Pl\u00e4tschern die H\u00e4lfte des Unterhaltungswertes!<\/p>\n<a href=\"https:\/\/treelofts.com\/de\/kontaktieren-sie-uns\/\" target=\"_blank\" class=\"button secondary is-link box-shadow-1-hover\" rel=\"noopener\"  >\n\t\t<span>Kontakt<\/span>\n\t<i class=\"icon-angle-right\" aria-hidden=\"true\" ><\/i><\/a>\n\n\n\n\t\t<\/div>\n\t\t\t\t\n<style>\n#col-1139940293 > .col-inner {\n  padding: 0px 0px 0px 0px;\n}\n@media (min-width:850px) {\n  #col-1139940293 > .col-inner {\n    padding: 0px 50px 0px 50px;\n  }\n}\n<\/style>\n\t<\/div>\n\n\t\n\n\t<div id=\"col-2064307869\" class=\"col medium-9 small-12 large-6 medium-col-first\"  >\n\t\t\t\t<div class=\"col-inner\"  >\n\t\t\t\n\t\t\t\n\n\n  <div class=\"banner has-hover\" id=\"banner-1013714137\">\n          <div class=\"banner-inner fill\">\n        <div class=\"banner-bg fill\" >\n            <img decoding=\"async\" width=\"1080\" height=\"1080\" src=\"https:\/\/treelofts.com\/wp-content\/uploads\/2025\/02\/NEW-Waterslides-3.jpg\" class=\"bg attachment-original size-original\" alt=\"\" title=\"\">                                    \n                    <\/div>\n\t\t\n        <div class=\"banner-layers container\">\n            <div class=\"fill banner-link\"><\/div>            \n\n   <div id=\"text-box-24846634\" class=\"text-box banner-layer x50 md-x50 lg-x50 y50 md-y50 lg-y50 res-text\">\n                                <div class=\"text-box-content text dark\">\n              \n              <div class=\"text-inner text-center\">\n                  \n\n\n              <\/div>\n           <\/div>\n                            \n<style>\n#text-box-24846634 {\n  width: 60%;\n}\n#text-box-24846634 .text-box-content {\n  font-size: 100%;\n}\n@media (min-width:550px) {\n  #text-box-24846634 {\n    width: 60%;\n  }\n}\n<\/style>\n    <\/div>\n \n\n        <\/div>\n      <\/div>\n\n            \n<style>\n#banner-1013714137 {\n  padding-top: 300px;\n}\n#banner-1013714137 .banner-bg img {\n  object-position: 48% 68%;\n}\n@media (min-width:850px) {\n  #banner-1013714137 {\n    padding-top: 70%;\n  }\n}\n<\/style>\n  <\/div>\n\n\n\n\t\t<\/div>\n\t\t\t\t\t<\/div>\n\n\t\n\n<\/div>\n\n\t\t<\/div>\n\n\t\t\n<style>\n#section_92022477 {\n  padding-top: 0px;\n  padding-bottom: 0px;\n}\n<\/style>\n\t<\/section>\n\t\n\n\t<section class=\"section\" id=\"section_1967321219\">\n\t\t<div class=\"section-bg fill\" >\n\t\t\t\t\t\t\t\t\t\n\t\t\t\n\n\t\t<\/div>\n\n\t\t\n\n\t\t<div class=\"section-content relative\">\n\t\t\t\n\n<div class=\"row row-large align-middle align-center\" style=\"max-width:1400px\" id=\"row-1570906653\">\n\n\n\t<div id=\"col-1661127256\" class=\"col medium-9 small-12 large-6\"  >\n\t\t\t\t<div class=\"col-inner\"  >\n\t\t\t\n\t\t\t\n\n\n  <div class=\"banner has-hover\" id=\"banner-521597400\">\n          <div class=\"banner-inner fill\">\n        <div class=\"banner-bg fill\" >\n            <img decoding=\"async\" width=\"1080\" height=\"1080\" src=\"https:\/\/treelofts.com\/wp-content\/uploads\/2025\/02\/NEW-Waterslides-1.jpg\" class=\"bg attachment-original size-original\" alt=\"\" title=\"\">                                    \n                    <\/div>\n\t\t\n        <div class=\"banner-layers container\">\n            <div class=\"fill banner-link\"><\/div>            \n\n   <div id=\"text-box-901548590\" class=\"text-box banner-layer x50 md-x50 lg-x50 y50 md-y50 lg-y50 res-text\">\n                                <div class=\"text-box-content text dark\">\n              \n              <div class=\"text-inner text-center\">\n                  \n\n\n              <\/div>\n           <\/div>\n                            \n<style>\n#text-box-901548590 {\n  width: 60%;\n}\n#text-box-901548590 .text-box-content {\n  font-size: 100%;\n}\n@media (min-width:550px) {\n  #text-box-901548590 {\n    width: 60%;\n  }\n}\n<\/style>\n    <\/div>\n \n\n        <\/div>\n      <\/div>\n\n            \n<style>\n#banner-521597400 {\n  padding-top: 300px;\n}\n#banner-521597400 .banner-bg img {\n  object-position: 59% 50%;\n}\n@media (min-width:850px) {\n  #banner-521597400 {\n    padding-top: 70%;\n  }\n}\n<\/style>\n  <\/div>\n\n\n\n\t\t<\/div>\n\t\t\t\t\t<\/div>\n\n\t\n\n\t<div id=\"col-1822656931\" class=\"col medium-9 small-12 large-6\"  >\n\t\t\t\t<div class=\"col-inner text-left\"  >\n\t\t\t\n\t\t\t\n\n\t<div id=\"text-3034352970\" class=\"text\">\n\t\t\n\n<h2 data-start=\"2821\" data-end=\"2847\"><strong data-start=\"2821\" data-end=\"2847\">Der Nervenkitzel der Fahrt<\/strong><\/h2>\n\t\t\n<style>\n#text-3034352970 {\n  font-size: 1.5rem;\n}\n<\/style>\n\t<\/div>\n\t\n<p>Eine Wasserrutsche, die man einfach nicht nachmachen kann, ist ziemlich aufregend. Es geht um den aufregenden Moment, wenn man oben sitzt, den Wind in den Haaren und sich auf den Sturz vorbereitet. Und dann das Hochgef\u00fchl, wenn man in die Tiefe st\u00fcrzt und in den See platscht. Eine Wasserrutsche ist immer aufregend, sei es f\u00fcr Erwachsene, die ihre Kindheitserfahrungen machen, oder f\u00fcr Kinder, die die Fahrt immer wieder lieben.<\/p>\n<a href=\"https:\/\/treelofts.com\/de\/kontaktieren-sie-uns\/\" target=\"_blank\" class=\"button secondary is-link box-shadow-1-hover\" rel=\"noopener\"  >\n\t\t<span>Kontakt<\/span>\n\t<i class=\"icon-angle-right\" aria-hidden=\"true\" ><\/i><\/a>\n\n\n\n\t\t<\/div>\n\t\t\t\t\n<style>\n#col-1822656931 > .col-inner {\n  padding: 0px 0px 0px 0px;\n}\n@media (min-width:850px) {\n  #col-1822656931 > .col-inner {\n    padding: 0px 50px 0px 50px;\n  }\n}\n<\/style>\n\t<\/div>\n\n\t\n\n<\/div>\n\n\t\t<\/div>\n\n\t\t\n<style>\n#section_1967321219 {\n  padding-top: 0px;\n  padding-bottom: 0px;\n}\n<\/style>\n\t<\/section>\n\t\n<div class=\"row\"  id=\"row-232707562\">\n\n\n\t<div id=\"col-2011199356\" class=\"col small-12 large-12\"  >\n\t\t\t\t<div class=\"col-inner\"  >\n\t\t\t\n\t\t\t\n\n\t<div id=\"text-545552357\" class=\"text\">\n\t\t\n\n<h2 data-start=\"3273\" data-end=\"3317\"><strong data-start=\"3273\" data-end=\"3317\">Warum sollten Sie uns f\u00fcr Ihren Wasserrutschen-Bedarf w\u00e4hlen?<\/strong><\/h2>\n\t\t\n<style>\n#text-545552357 {\n  font-size: 1.5rem;\n  text-align: center;\n}\n<\/style>\n\t<\/div>\n\t\n\t<div id=\"text-3917028052\" class=\"text\">\n\t\t\n\n<p>Wenn Sie uns f\u00fcr Ihre Wasserrutsche w\u00e4hlen, garantieren wir Ihnen nicht nur eine Rutsche, sondern auch eine hochwertige, sichere und interessante Erg\u00e4nzung f\u00fcr Ihr Baumhaus. Jede von uns hergestellte Rutsche ist aus ausgezeichneten rostfreien, robusten und jahreszeitlich resistenten Materialien gefertigt. Wir ber\u00fccksichtigen auch Ihre spezielle Baumhausanordnung, damit die Rutsche genau zu Ihrer Konstruktion passt und einen zus\u00e4tzlichen Spa\u00dffaktor bietet.<\/p>\n<p>Wir haben auch erw\u00e4hnt, dass die Montage einer unserer Rutschen wirklich einfach ist. Sie brauchen keinen Vor-Ort-Service, da wir alle Werkzeuge und Anleitungen liefern, die Sie ben\u00f6tigen, um sie selbst zu installieren. Wir halten Ihnen bei jedem Schritt den R\u00fccken frei.<\/p>\n\t\t\n<style>\n#text-3917028052 {\n  text-align: center;\n}\n<\/style>\n\t<\/div>\n\t\n\t<div id=\"gap-1151226895\" class=\"gap-element clearfix\" style=\"display:block; height:auto;\">\n\t\t\n<style>\n#gap-1151226895 {\n  padding-top: 40px;\n}\n<\/style>\n\t<\/div>\n\t\n\n\t<div id=\"text-3949676867\" class=\"text\">\n\t\t\n\n<h2 data-start=\"3977\" data-end=\"4018\"><strong data-start=\"3977\" data-end=\"4018\">Bringen Sie den Wasserpark in Ihren Garten!<\/strong><\/h2>\n\t\t\n<style>\n#text-3949676867 {\n  font-size: 1.5rem;\n  text-align: center;\n}\n<\/style>\n\t<\/div>\n\t\n\t<div id=\"text-1495264975\" class=\"text\">\n\t\t\n\n<p>Lassen Sie sich das Vergn\u00fcgen einer privaten Wasserrutsche direkt an Ihrem Baumhaus nicht entgehen! Das ist die ideale L\u00f6sung, um Ihren Au\u00dfenbereich zu versch\u00f6nern und daf\u00fcr zu sorgen, dass Freunde und Verwandte Ihr Baumhaus immer als Treffpunkt w\u00e4hlen. Vom Nervenkitzel bis zum k\u00fchlen Pl\u00e4tschern bringen unsere Wasserrutschen das Vergn\u00fcgen eines Wasserparks direkt zu Ihnen nach Hause. Bereit f\u00fcr den Sprung ins k\u00fchle Nass? Ein Spritzer nach dem anderen - lassen Sie Ihre Baumhaus-Tr\u00e4ume wahr werden.<\/p>\n\t\t\n<style>\n#text-1495264975 {\n  text-align: center;\n}\n<\/style>\n\t<\/div>\n\t\n\n\t\t<\/div>\n\t\t\t\t\n<style>\n#col-2011199356 > .col-inner {\n  padding: 40px 0px 40px 0px;\n}\n<\/style>\n\t<\/div>\n\n\t\n\n<\/div>\n\n  <div class=\"banner has-hover\" id=\"banner-1198781718\">\n          <div class=\"banner-inner fill\">\n        <div class=\"banner-bg fill\" >\n            <img decoding=\"async\" width=\"1024\" height=\"683\" src=\"https:\/\/treelofts.com\/wp-content\/uploads\/2025\/02\/No-Tree-Treehouse-2.jpg\" class=\"bg attachment-original size-original\" alt=\"\" title=\"\">                        <div class=\"overlay\"><\/div>            \n                    <\/div>\n\t\t\n        <div class=\"banner-layers container\">\n            <div class=\"fill banner-link\"><\/div>            \n\n   <div id=\"text-box-2077082553\" class=\"text-box banner-layer x50 md-x50 lg-x50 y50 md-y50 lg-y50 res-text\">\n                                <div class=\"text-box-content text dark\">\n              \n              <div class=\"text-inner text-center\">\n                  \n\n<p>Lassen Sie uns Ihre Vision zum Leben erwecken<\/p>\n<h2><strong>Herstellung von Traum-Baumh\u00e4usern seit 2013<\/strong><\/h2>\n<a href=\"https:\/\/treelofts.com\/de\/kontaktieren-sie-uns\/\" class=\"button white is-outline\"  >\n\t\t<span>Beginnen Sie Ihre Baumhausreise noch heute<\/span>\n\t<\/a>\n\n\n\n              <\/div>\n           <\/div>\n                            \n<style>\n#text-box-2077082553 {\n  width: 60%;\n}\n#text-box-2077082553 .text-box-content {\n  font-size: 100%;\n}\n<\/style>\n    <\/div>\n \n\n        <\/div>\n      <\/div>\n\n            \n<style>\n#banner-1198781718 {\n  padding-top: 350px;\n}\n#banner-1198781718 .overlay {\n  background-color: rgba(0, 0, 0, 0.17);\n}\n#banner-1198781718 .banner-bg img {\n  object-position: 67% 37%;\n}\n<\/style>\n  <\/div>\n\n\n<div class=\"row\"  id=\"row-574510062\">\n\n\n\n<\/div>","protected":false},"excerpt":{"rendered":"","protected":false},"author":5,"featured_media":0,"parent":0,"menu_order":0,"comment_status":"closed","ping_status":"closed","template":"","meta":{"footnotes":""},"class_list":["post-1399","page","type-page","status-publish","hentry"],"_links":{"self":[{"href":"https:\/\/treelofts.com\/de\/wp-json\/wp\/v2\/pages\/1399","targetHints":{"allow":["GET"]}}],"collection":[{"href":"https:\/\/treelofts.com\/de\/wp-json\/wp\/v2\/pages"}],"about":[{"href":"https:\/\/treelofts.com\/de\/wp-json\/wp\/v2\/types\/page"}],"author":[{"embeddable":true,"href":"https:\/\/treelofts.com\/de\/wp-json\/wp\/v2\/users\/5"}],"replies":[{"embeddable":true,"href":"https:\/\/treelofts.com\/de\/wp-json\/wp\/v2\/comments?post=1399"}],"version-history":[{"count":0,"href":"https:\/\/treelofts.com\/de\/wp-json\/wp\/v2\/pages\/1399\/revisions"}],"wp:attachment":[{"href":"https:\/\/treelofts.com\/de\/wp-json\/wp\/v2\/media?parent=1399"}],"curies":[{"name":"wp","href":"https:\/\/api.w.org\/{rel}","templated":true}]}}