{"id":324,"date":"2024-04-16T04:50:24","date_gmt":"2024-04-16T03:50:24","guid":{"rendered":"https:\/\/azh5n13ivf.onrocket.site\/?page_id=324"},"modified":"2025-03-02T00:29:25","modified_gmt":"2025-03-02T08:29:25","slug":"schifffahrtspolitik","status":"publish","type":"page","link":"https:\/\/treelofts.com\/de\/schifffahrtspolitik\/","title":{"rendered":"Versandpolitik"},"content":{"rendered":"<p>Wir bei TreeLofts wissen, dass die Lieferung Ihres idealen Baumhauses genauso wichtig ist wie das Baumhaus selbst. Deshalb haben wir eine klare, verl\u00e4ssliche und offene Versandpolitik entwickelt, die Ihnen w\u00e4hrend des gesamten Liefervorgangs Sicherheit gibt. Ganz gleich, ob Sie einen einfachen Baumhausbausatz, ein luxuri\u00f6ses Baumhaus oder eine unserer Sonderanfertigungen bestellen, wir sorgen daf\u00fcr, dass Ihre Ware sicher, p\u00fcnktlich und in perfektem Zustand ankommt.<\/p>\n\n\n\n<p>Von den Lieferfristen \u00fcber die Geb\u00fchren bis hin zur Nachverfolgung Ihrer Bestellung - hier finden Sie alles, was Sie \u00fcber unsere Versandabwicklung wissen m\u00fcssen.<\/p>\n\n\n\n<h2 class=\"wp-block-heading\"><strong>1. Unser Engagement f\u00fcr P\u00fcnktlichkeit und Sicherheit<\/strong><\/h2>\n\n\n\n<p>TreeLofts ist bestrebt, eine einwandfreie Lieferung zu gew\u00e4hrleisten, die garantiert, dass Ihr Baumhaus so ankommt, wie Sie es erwarten. Wir sind sehr zufrieden mit unserem herausragenden Kundenservice und unserer konsequenten Versandpolitik. Unsere Kunden sind begierig, ihre Abenteuer zu beginnen, daher gehen wir \u00fcber und dar\u00fcber hinaus, um sicherzustellen, dass Ihr Baumhaus ohne Verz\u00f6gerungen ankommt.<\/p>\n\n\n\n<p>Obwohl unser Hauptaugenmerk auf einer sicheren und schnellen Lieferung liegt, kann die Lieferzeit je nach Standort, Versandart und unvorhergesehenen Verz\u00f6gerungen (z. B. Wetter) variieren. Seien Sie jedoch versichert, dass wir Sie von der Auftragsabwicklung bis zum Liefertag auf dem Laufenden halten werden.<\/p>\n\n\n\n<h2 class=\"wp-block-heading\"><strong>2. Versandzeiten und Vorgehensweisen<\/strong><\/h2>\n\n\n\n<p>Wir bieten Seefrachttransporte an, um unsere Kunden \u00fcberall zu bedienen. Das ist die g\u00fcnstigste Art, unsere gro\u00dfen Baumhausbaus\u00e4tze und kundenspezifischen Geb\u00e4ude zu transportieren. Sowohl f\u00fcr inl\u00e4ndische als auch f\u00fcr ausl\u00e4ndische Kunden ist der Seetransport eine fantastische Wahl. Wir sorgen daf\u00fcr, dass unsere Waren w\u00e4hrend der Reise zu Ihnen fest verpackt werden, damit Ihr Baumhaus unbesch\u00e4digt bei Ihnen ankommt.<\/p>\n\n\n\n<p><strong>Zeitpl\u00e4ne f\u00fcr den Versand<br><\/strong>Ihr Standort und die von Ihnen gew\u00e4hlte Liefermethode bestimmen, wie schnell Ihr Baumhaus bei Ihnen eintrifft. Unsere voraussichtlichen Lieferzeiten sind unten aufgef\u00fchrt:<\/p>\n\n\n\n<ul class=\"wp-block-list\">\n<li><strong>Internationaler Versand (per Seefracht):<\/strong> Bei internationalen Bestellungen kann der Versand zwischen <strong>30-45 Tage<\/strong>abh\u00e4ngig von Ihrem Standort und den Zollverfahren. F\u00fcr bestimmte Regionen k\u00f6nnen sich die Lieferzeiten verl\u00e4ngern, aber wir werden Sie immer mit einer klaren <strong>voraussichtliches Ankunftsdatum<\/strong>.<\/li>\n\n\n\n<li><strong>Expeditiver Versand:<\/strong> In einigen F\u00e4llen bieten wir einen beschleunigten Seefrachtversand f\u00fcr eine schnellere Zustellung an, aber bitte beachten Sie, dass f\u00fcr den beschleunigten Versand eine zus\u00e4tzliche Geb\u00fchr anfallen kann.<\/li>\n<\/ul>\n\n\n\n<p><strong>Zoll und Gro\u00dfauftr\u00e4ge:<\/strong> <\/p>\n\n\n\n<p>Sonderbestellungen oder gro\u00dfe Baumhausbaus\u00e4tze k\u00f6nnen aufgrund ihrer Gr\u00f6\u00dfe und der Komplexit\u00e4t der Konstruktion zus\u00e4tzliche Versandzeiten erfordern. Wir informieren Sie fortlaufend \u00fcber den Versandstatus und bieten Ihnen eine Echtzeit-Verfolgung, so dass Sie Ihren Artikel \u00fcberpr\u00fcfen k\u00f6nnen, w\u00e4hrend er an Sie geliefert wird.<\/p>\n\n\n\n<h2 class=\"wp-block-heading\"><strong>3. Transport Preise<\/strong><\/h2>\n\n\n\n<p>Die Versandkosten h\u00e4ngen von Ihrem Standort, dem Gewicht und der Gr\u00f6\u00dfe der Bestellung, der gew\u00e4hlten Versandart sowie von anderen Faktoren ab. Wir erl\u00e4utern hier unseren Ansatz zur Berechnung der Versandkosten:<\/p>\n\n\n\n<ul class=\"wp-block-list\">\n<li>Standard-Versand: Basierend auf Ihrem Standort, haben die meisten unserer Produkte automatisch berechnet Versand. Wir sind bestrebt, die Lieferkosten so niedrig wie m\u00f6glich zu halten.<\/li>\n\n\n\n<li>Von Zeit zu Zeit bieten wir kostenlosen Versand f\u00fcr bestimmte Artikel oder zu besonderen Anl\u00e4ssen. Achten Sie auch auf laufende Versandaktionen.<\/li>\n\n\n\n<li>Bei gro\u00dfen Bestellungen ist der Versand Bei gro\u00dfen Artikeln - wie Gro\u00dfbestellungen oder ma\u00dfgefertigten Baumh\u00e4usern - bieten wir ein spezielles Versandangebot an. Diese Bestellungen k\u00f6nnten zus\u00e4tzliche Verpackungen, schweres Heben oder Platz auf Frachtschiffen erfordern - all dies w\u00fcrde besondere Transportprobleme mit sich bringen.<\/li>\n\n\n\n<li>Versandgeb\u00fchren in \u00dcbersee: Der Standort wirkt sich auf die Kosten aus, die Verbraucher in \u00dcbersee f\u00fcr den Versand zahlen m\u00fcssen. Obwohl der Versand auf dem Seeweg immer noch am g\u00fcnstigsten ist, k\u00f6nnen gr\u00f6\u00dfere, kompliziertere Sendungen extra kosten.<\/li>\n<\/ul>\n\n\n\n<h2 class=\"wp-block-heading\"><strong>4. Verwaltung und Bearbeitungszeiten<\/strong><\/h2>\n\n\n\n<p>Wir k\u00fcmmern uns erst um Ihren Baumhaus-Bausatz oder Ihre Sonderanfertigung, wenn Ihr Auftrag erteilt ist. Das sollte man erwarten:<\/p>\n\n\n\n<ul class=\"wp-block-list\">\n<li><strong>Auftragsabwicklung:<\/strong> Unsere Mitarbeiter machen sich sofort daran, Ihre Bestellung versandfertig zu machen. Die meisten Auftr\u00e4ge werden innerhalb von 10-15 Werktagen bearbeitet. Bei Sonderanfertigungen oder gr\u00f6\u00dferen Objekten kann die Bearbeitungszeit jedoch etwas l\u00e4nger sein.<\/li>\n\n\n\n<li><strong>Bearbeitungszeit f\u00fcr Bestellungen:<\/strong> Baumh\u00e4user ben\u00f6tigen zus\u00e4tzliche Zeit f\u00fcr die Produktion und Verpackung, in der Regel zwischen 2-4 Wochen je nach Komplexit\u00e4t. Wir werden es in K\u00fcrze f\u00fcr die Seefracht bereitstellen, sobald die Konstruktion abgeschlossen ist.<\/li>\n<\/ul>\n\n\n\n<p>Wir bem\u00fchen uns, alles sicher zu verpacken und abzudecken, um Sch\u00e4den w\u00e4hrend des Transports zu vermeiden. Es wird alles getan, damit Ihr Baumhaus sicher ankommt.<\/p>\n\n\n\n<h2 class=\"wp-block-heading\"><strong>5. Zustellungsorte<\/strong><\/h2>\n\n\n\n<p>TreeLofts freut sich, weltweiten Versand anbieten zu k\u00f6nnen! Obwohl unser Seefrachtversand fast \u00fcberall hinkommt, sollten Sie folgendes beachten:<\/p>\n\n\n\n<ul class=\"wp-block-list\">\n<li><strong>Internationaler Versand: <\/strong>Wir bieten auch den weltweiten Versand an eine Vielzahl von Orten in \u00dcbersee an. Die meisten unserer ausl\u00e4ndischen Kunden entscheiden sich f\u00fcr den Seefrachtversand, da dieser f\u00fcr gro\u00dfe Projekte wie Baumh\u00e4user schnell und preisg\u00fcnstig ist.<\/li>\n\n\n\n<li><strong>Ortsbestimmungen:<\/strong> Obwohl wir bestrebt sind, den Versand an jeden Ort anzubieten, k\u00f6nnen Zollbestimmungen oder andere logistische Schwierigkeiten zu Versandbeschr\u00e4nkungen f\u00fcr einige weit entfernte Gebiete oder einige L\u00e4nder f\u00fchren. Wenn Sie nicht sicher sind, ob wir Ihren Standort beliefern, nehmen Sie bitte Kontakt mit uns auf.<\/li>\n<\/ul>\n\n\n\n<h2 class=\"wp-block-heading\"><strong>6. \u00dcberwachung Ihrer Bestellung<\/strong><\/h2>\n\n\n\n<p>Sobald Ihr Artikel versandt wird, vergeben wir eine Tracking-Nummer, damit Sie den Verlauf der Sendung schnell \u00fcberpr\u00fcfen k\u00f6nnen. Wir versprechen Ihnen, dass Ihr Baumhaus-Bausatz dank vertrauensw\u00fcrdiger Versandpartner w\u00e4hrend des gesamten Versandvorgangs sorgf\u00e4ltig behandelt wird.<\/p>\n\n\n\n<p>Sie k\u00f6nnen Ihre Bestellung verfolgen, indem Sie auf der Website des Transportunternehmens Ihre Tracking-Nummer eingeben. Wir informieren Sie regelm\u00e4\u00dfig \u00fcber den Status Ihrer Bestellung, unter anderem dar\u00fcber, wann sie ausgeliefert wird und wann sie den n\u00e4chstgelegenen Hafen erreicht, damit Sie die letzte Lieferung vereinbaren k\u00f6nnen.<\/p>\n\n\n\n<h2 class=\"wp-block-heading\"><strong>7. Probleme bei der Lieferung<\/strong><\/h2>\n\n\n\n<p>Auch wenn es selten vorkommt, k\u00f6nnen Probleme wie Versp\u00e4tungen, Besch\u00e4digungen oder Fehllieferungen auftreten. Sollten Sie auf eines der folgenden Probleme sto\u00dfen, sollten Sie Folgendes tun:<\/p>\n\n\n\n<ul class=\"wp-block-list\">\n<li><strong>Besch\u00e4digte Waren: <\/strong>Bitte setzen Sie sich sofort mit uns in Verbindung, wenn Ihr Baumhaus in irgendeiner Weise besch\u00e4digt ankommt. Unsere Mitarbeiter werden Sie durch den Schadensprozess begleiten und Ihnen die erforderliche Unterst\u00fctzung garantieren.<\/li>\n\n\n\n<li><strong>Versp\u00e4tete Sendungen:<\/strong> Manchmal f\u00fchren Zollverfahren, das Wetter oder andere unvorhergesehene Ereignisse zu Verz\u00f6gerungen beim Versand. Sollte sich Ihre Sendung verz\u00f6gern, werden wir Sie mit aktualisierten neuen Lieferprognosen benachrichtigen.<\/li>\n\n\n\n<li><strong>Ungenaue Objekte:<\/strong> Sollten Sie ein fehlerhaftes Produkt erhalten, wenden Sie sich bitte an unseren Kundendienst. Wir k\u00f6nnen Ihnen bei der R\u00fcckerstattung oder dem Umtausch helfen, um das richtige Baumhaus oder den richtigen Bausatz f\u00fcr Sie zu finden.<\/li>\n<\/ul>\n\n\n\n<h2 class=\"wp-block-heading\"><strong>8. Austausche und Retorten<\/strong><\/h2>\n\n\n\n<p>Unsere ausdr\u00fccklichen R\u00fcckgabe- und Umtauschbestimmungen sollten befolgt werden, wenn Ihr Produkt besch\u00e4digt ankommt oder Sie nicht ganz zufrieden sind.<\/p>\n\n\n\n<p>R\u00fccksendungen werden akzeptiert; drei\u00dfig Tage nach dem Kauf, Ihr Baumhaus ist in brauchbarem Zustand. Die R\u00fccksendekosten k\u00f6nnen auch dann anfallen, wenn der Artikel besch\u00e4digt oder falsch war.<br>Wenn Sie Ihr Baumhaus gegen ein anderes Modell oder einen anderen Entwurf eintauschen m\u00f6chten, nehmen Sie bitte Kontakt mit uns auf, um den Prozess einzuleiten. Wir werden versuchen, Ihren Wunsch zu erf\u00fcllen.<\/p>\n\n\n\n<h2 class=\"wp-block-heading\"><strong>9. Danke, dass Sie TreeLofts gew\u00e4hlt haben<\/strong><\/h2>\n\n\n\n<p>TreeLofts ist bestrebt, eine perfekte und konsistente Versanderfahrung zu liefern, damit Sie Ihr Baumhaus sofort genie\u00dfen k\u00f6nnen. Wir \u00fcbertreffen alle Erwartungen, um Ihren Genuss zu gew\u00e4hrleisten, vom schnellen Versand bis zur sicheren Verpackung. Sollten Sie Fragen oder Probleme an irgendeinem Punkt des Verfahrens haben, <a href=\"https:\/\/treelofts.com\/de\/kontaktieren-sie-uns\/\" data-type=\"link\" data-id=\"https:\/\/treelofts.com\/contact-us\/\">unser freundlicher Kundendienst ist f\u00fcr Sie da.<\/a><\/p>\n\n\n\n<p>Wir freuen uns, dass Sie sich f\u00fcr TreeLofts entschieden haben, den Ausgangspunkt f\u00fcr Ihren perfekten Baumhausurlaub.<\/p>","protected":false},"excerpt":{"rendered":"<p>At TreeLofts, we know that having your ideal treehouse delivered to you is just as crucial as the treehouse. We have therefore created a clear, dependable, and open shipping policy meant to provide you piece of mind all through the delivery procedure. Whether your order is for a basic treehouse kit, a luxury treetop getaway, [&#8230;]","protected":false},"author":5,"featured_media":0,"parent":0,"menu_order":0,"comment_status":"closed","ping_status":"closed","template":"page-blank-title-center.php","meta":{"footnotes":""},"class_list":["post-324","page","type-page","status-publish","hentry"],"_links":{"self":[{"href":"https:\/\/treelofts.com\/de\/wp-json\/wp\/v2\/pages\/324","targetHints":{"allow":["GET"]}}],"collection":[{"href":"https:\/\/treelofts.com\/de\/wp-json\/wp\/v2\/pages"}],"about":[{"href":"https:\/\/treelofts.com\/de\/wp-json\/wp\/v2\/types\/page"}],"author":[{"embeddable":true,"href":"https:\/\/treelofts.com\/de\/wp-json\/wp\/v2\/users\/5"}],"replies":[{"embeddable":true,"href":"https:\/\/treelofts.com\/de\/wp-json\/wp\/v2\/comments?post=324"}],"version-history":[{"count":0,"href":"https:\/\/treelofts.com\/de\/wp-json\/wp\/v2\/pages\/324\/revisions"}],"wp:attachment":[{"href":"https:\/\/treelofts.com\/de\/wp-json\/wp\/v2\/media?parent=324"}],"curies":[{"name":"wp","href":"https:\/\/api.w.org\/{rel}","templated":true}]}}