{"id":862,"date":"2025-02-10T00:11:44","date_gmt":"2025-02-10T08:11:44","guid":{"rendered":"https:\/\/azh5n13ivf.onrocket.site\/?page_id=862"},"modified":"2025-02-12T23:44:08","modified_gmt":"2025-02-13T07:44:08","slug":"technik","status":"publish","type":"page","link":"https:\/\/treelofts.com\/de\/technik\/","title":{"rendered":"Technik"},"content":{"rendered":"<div class=\"banner has-hover\" id=\"banner-434782130\">\n          <div class=\"banner-inner fill\">\n        <div class=\"banner-bg fill\" >\n            <img decoding=\"async\" width=\"1024\" height=\"731\" src=\"https:\/\/treelofts.com\/wp-content\/uploads\/2025\/02\/Why-the-Garvan-Woodland-Gardens-Childrens-Garden-Treehouse-is-a-Model-for-Educational-Play-Spaces.jpg\" class=\"bg attachment-original size-original\" alt=\"\" title=\"\">                        <div class=\"overlay\"><\/div>            \n                    <\/div>\n\t\t\n        <div class=\"banner-layers container\">\n            <div class=\"fill banner-link\"><\/div>            \n\n   <div id=\"text-box-2010517289\" class=\"text-box banner-layer x50 md-x50 lg-x50 y50 md-y50 lg-y50 res-text\">\n                                <div class=\"text-box-content text dark\">\n              \n              <div class=\"text-inner text-center\">\n                  \n\n<h3>Die Treelofts-Erfahrung<\/h3>\n<h1 class=\"page-title\"><strong>Technik<\/strong><\/h1>\n<p>Wir entwickeln Baumh\u00e4user f\u00fcr Stabilit\u00e4t, Haltbarkeit und langfristige Sicherheit, anstatt sie nur zu entwerfen. Ein Baumhaus sollte mehr als nur ein Konzept sein; es sollte f\u00fcr jahrelange Abenteuer gebaut werden, strukturell robust sein und den Elementen trotzen k\u00f6nnen. Jeder unserer Entw\u00fcrfe wird daher mit exakter Technik, professionellen Berechnungen und fachkundiger Planung entwickelt, so dass Sie oder Ihr Bauherr ein Baumhaus bauen k\u00f6nnen, das sowohl sicher als auch beeindruckend ist.<\/p>\n\n              <\/div>\n           <\/div>\n                            \n<style>\n#text-box-2010517289 {\n  width: 79%;\n}\n#text-box-2010517289 .text-box-content {\n  font-size: 100%;\n}\n<\/style>\n    <\/div>\n \n\n        <\/div>\n      <\/div>\n\n            \n<style>\n#banner-434782130 {\n  padding-top: 800px;\n}\n#banner-434782130 .overlay {\n  background-color: rgba(0,0,0,.5);\n}\n#banner-434782130 .banner-bg img {\n  object-position: 36% 52%;\n}\n<\/style>\n  <\/div>\n\n\n<div class=\"row row-collapse row-full-width\"  id=\"row-1904983220\">\n\n\n\t<div id=\"col-584127234\" class=\"col medium-6 small-12 large-6\"  >\n\t\t\t\t<div class=\"col-inner\"  >\n\t\t\t\n\t\t\t\n\n\n  <div class=\"banner has-hover\" id=\"banner-1632873033\">\n          <div class=\"banner-inner fill\">\n        <div class=\"banner-bg fill\" >\n            <img decoding=\"async\" width=\"474\" height=\"474\" src=\"https:\/\/treelofts.com\/wp-content\/uploads\/2025\/02\/Treehouse-Designs.jpg\" class=\"bg attachment-original size-original\" alt=\"\" title=\"\">                                    \n                    <\/div>\n\t\t\n        <div class=\"banner-layers container\">\n            <div class=\"fill banner-link\"><\/div>            \n\n   <div id=\"text-box-542278280\" class=\"text-box banner-layer x50 md-x50 lg-x50 y50 md-y50 lg-y50 res-text\">\n                                <div class=\"text-box-content text dark\">\n              \n              <div class=\"text-inner text-center\">\n                  \n\n\n              <\/div>\n           <\/div>\n                            \n<style>\n#text-box-542278280 {\n  width: 60%;\n}\n#text-box-542278280 .text-box-content {\n  font-size: 100%;\n}\n<\/style>\n    <\/div>\n \n\n        <\/div>\n      <\/div>\n\n            \n<style>\n#banner-1632873033 {\n  padding-top: 300px;\n  background-color: rgba(255, 255, 255, 0);\n}\n@media (min-width:550px) {\n  #banner-1632873033 {\n    padding-top: 350px;\n  }\n}\n@media (min-width:850px) {\n  #banner-1632873033 {\n    padding-top: 752px;\n  }\n}\n<\/style>\n  <\/div>\n\n\n\n\t\t<\/div>\n\t\t\t\t\t<\/div>\n\n\t\n\n\t<div id=\"col-1514966342\" class=\"col medium-6 small-12 large-6\"  >\n\t\t\t\t<div class=\"col-inner\"  >\n\t\t\t\n\t\t\t\n\n\n\t<section class=\"section\" id=\"section_1259820541\">\n\t\t<div class=\"section-bg fill\" >\n\t\t\t\t\t\t\t\t\t\n\t\t\t\n\n\t\t<\/div>\n\n\t\t\n\n\t\t<div class=\"section-content relative\">\n\t\t\t\n\n<div class=\"row align-center\"  id=\"row-1291565572\">\n\n\n\t<div id=\"col-1169569137\" class=\"col medium-10 small-12 large-9\"  >\n\t\t\t\t<div class=\"col-inner text-center\"  >\n\t\t\t\n\t\t\t\n\n\t<div id=\"gap-57470802\" class=\"gap-element clearfix\" style=\"display:block; height:auto;\">\n\t\t\n<style>\n#gap-57470802 {\n  padding-top: 40px;\n}\n<\/style>\n\t<\/div>\n\t\n\n\t<div id=\"text-2491485277\" class=\"text\">\n\t\t\n\n<h2 style=\"text-align: left;\"><strong>Entwickelt f\u00fcr Stabilit\u00e4t und St\u00e4rke<\/strong><\/h2>\n\t\t\n<style>\n#text-2491485277 {\n  font-size: 1.5rem;\n}\n<\/style>\n\t<\/div>\n\t\n<p style=\"text-align: left;\">Ein Baumhaus ist nicht wie ein normales Haus - es muss auf B\u00e4umen balancieren, Gewichtsverlagerungen ausgleichen und Wind, Wetter und Bewegungen standhalten. Deshalb nehmen wir die Technik ernst und stellen sicher, dass jedes Design ber\u00fccksichtigt wird:<\/p>\n<ul>\n<li style=\"text-align: left;\"><strong>Richtige Gewichtsverteilung<\/strong> - So bleibt das Geb\u00e4ude ausgeglichen und sicher.<\/li>\n<li style=\"text-align: left;\"><strong>Wind- und Wetterfestigkeit<\/strong> - Um eine langfristige Best\u00e4ndigkeit gegen die<\/li>\n<li style=\"text-align: left;\"><strong>Elemente.sichere Tragf\u00e4higkeit<\/strong> - Sicherstellen, dass das Baumhaus f\u00fcr mehrere Personen, M\u00f6bel und zus\u00e4tzliche Funktionen geeignet ist.<\/li>\n<li style=\"text-align: left;\"><strong>Baumfreundliche Befestigungstechniken<\/strong> - Schutz der Gesundheit Ihrer B\u00e4ume und Sicherung einer soliden Grundlage.<\/li>\n<\/ul>\n<p style=\"text-align: left;\">Wir wollen alle Unsicherheiten beseitigen, damit Sie mit der Gewissheit bauen k\u00f6nnen, dass Ihr Baumhaus nicht nur wundersch\u00f6n, sondern auch sicher, langlebig und gut gebaut ist.<\/p>\n<a href=\"https:\/\/treelofts.com\/de\/kontaktieren-sie-uns\/\" class=\"button secondary\"  style=\"border-radius:99px;padding:5px 20px 5px 20px;\">\n\t\t<span>Kontakt<\/span>\n\t<\/a>\n\n\n\n\t\t<\/div>\n\t\t\t\t\t<\/div>\n\n\t\n\n<\/div>\n\n\t\t<\/div>\n\n\t\t\n<style>\n#section_1259820541 {\n  padding-top: 0px;\n  padding-bottom: 0px;\n  min-height: 300px;\n}\n@media (min-width:550px) {\n  #section_1259820541 {\n    min-height: 350px;\n  }\n}\n@media (min-width:850px) {\n  #section_1259820541 {\n    min-height: 425px;\n  }\n}\n<\/style>\n\t<\/section>\n\t\n\n\t\t<\/div>\n\t\t\t\t\t<\/div>\n\n\t\n\n<\/div>\n<div class=\"row row-collapse row-full-width\"  id=\"row-463304734\">\n\n\n\t<div id=\"col-998879992\" class=\"col medium-6 small-12 large-6\"  >\n\t\t\t\t<div class=\"col-inner\"  >\n\t\t\t\n\t\t\t\n\n\n\t<section class=\"section\" id=\"section_1040414736\">\n\t\t<div class=\"section-bg fill\" >\n\t\t\t\t\t\t\t\t\t\n\t\t\t\n\n\t\t<\/div>\n\n\t\t\n\n\t\t<div class=\"section-content relative\">\n\t\t\t\n\n<div class=\"row align-center\"  id=\"row-622088632\">\n\n\n\t<div id=\"col-148347667\" class=\"col medium-11 small-12 large-9\"  >\n\t\t\t\t<div class=\"col-inner text-center\"  >\n\t\t\t\n\t\t\t\n\n\t<div id=\"gap-411424349\" class=\"gap-element clearfix\" style=\"display:block; height:auto;\">\n\t\t\n<style>\n#gap-411424349 {\n  padding-top: 40px;\n}\n<\/style>\n\t<\/div>\n\t\n\n\t<div id=\"text-3524631078\" class=\"text\">\n\t\t\n\n<h2 style=\"text-align: left;\"><strong>Professionelle Baupl\u00e4ne, die das Bauen leicht machen<\/strong><\/h2>\n\t\t\n<style>\n#text-3524631078 {\n  font-size: 1.5rem;\n}\n<\/style>\n\t<\/div>\n\t\n<p style=\"text-align: left;\">Ein ausgezeichnetes Design ist ohne einen gut definierten Plan nutzlos. Jedes Treelofts-Baumhaus enth\u00e4lt daher professionell erstellte Baupl\u00e4ne, die garantieren, dass Ihr Bauunternehmer oder Bauherr \u00fcber alle erforderlichen Werkzeuge verf\u00fcgt, um eine sichere und ausgewogene Struktur zu bauen. Unsere Entw\u00fcrfe erfordern:<\/p>\n<ul>\n<li style=\"text-align: left;\">Detaillierte Entw\u00fcrfe f\u00fcr Rahmen und St\u00fctzen, um maximale Stabilit\u00e4t zu gew\u00e4hrleisten.<\/li>\n<li style=\"text-align: left;\">Befestigungsempfehlungen, die daf\u00fcr sorgen, dass Ihr Baumhaus sicher verankert ist, ohne die B\u00e4ume zu besch\u00e4digen.<\/li>\n<li style=\"text-align: left;\">Materialspezifikationen, die Ihnen helfen, die richtigen Komponenten f\u00fcr eine starke, dauerhafte Konstruktion zu finden.<\/li>\n<\/ul>\n<p style=\"text-align: left;\">Diese Entw\u00fcrfe garantieren, dass derjenige, der Ihr Baumhaus baut, methodisch und technisch vorgeht, auch wenn Sie selbst kein Baumeister sind. Das hilft, den Prozess zu kl\u00e4ren und zu kontrollieren.<\/p>\n<a href=\"https:\/\/treelofts.com\/de\/kontaktieren-sie-uns\/\" class=\"button secondary\"  style=\"border-radius:99px;padding:5px 20px 5px 20px;\">\n\t\t<span>Kontakt<\/span>\n\t<\/a>\n\n\n\n\t\t<\/div>\n\t\t\t\t\t<\/div>\n\n\t\n\n<\/div>\n\n\t\t<\/div>\n\n\t\t\n<style>\n#section_1040414736 {\n  padding-top: 0px;\n  padding-bottom: 0px;\n  min-height: 300px;\n}\n@media (min-width:550px) {\n  #section_1040414736 {\n    min-height: 350px;\n  }\n}\n@media (min-width:850px) {\n  #section_1040414736 {\n    min-height: 425px;\n  }\n}\n<\/style>\n\t<\/section>\n\t\n\n\t\t<\/div>\n\t\t\t\t\t<\/div>\n\n\t\n\n\t<div id=\"col-1529592659\" class=\"col medium-6 small-12 large-6 small-col-first\"  >\n\t\t\t\t<div class=\"col-inner\"  >\n\t\t\t\n\t\t\t\n\n\n  <div class=\"banner has-hover\" id=\"banner-1141619308\">\n          <div class=\"banner-inner fill\">\n        <div class=\"banner-bg fill\" >\n            <img decoding=\"async\" width=\"603\" height=\"800\" src=\"https:\/\/treelofts.com\/wp-content\/uploads\/2025\/02\/Treehouse-construction-2-603x800.webp\" class=\"bg attachment-large size-large\" alt=\"\" title=\"\">                                    \n                    <\/div>\n\t\t\n        <div class=\"banner-layers container\">\n            <div class=\"fill banner-link\"><\/div>            \n\n   <div id=\"text-box-137346260\" class=\"text-box banner-layer x50 md-x50 lg-x50 y50 md-y50 lg-y50 res-text\">\n                                <div class=\"text-box-content text dark\">\n              \n              <div class=\"text-inner text-center\">\n                  \n\n\n              <\/div>\n           <\/div>\n                            \n<style>\n#text-box-137346260 {\n  width: 60%;\n}\n#text-box-137346260 .text-box-content {\n  font-size: 100%;\n}\n<\/style>\n    <\/div>\n \n\n        <\/div>\n      <\/div>\n\n            \n<style>\n#banner-1141619308 {\n  padding-top: 300px;\n  background-color: rgba(255, 255, 255, 0);\n}\n#banner-1141619308 .banner-bg img {\n  object-position: 57% 69%;\n}\n@media (min-width:550px) {\n  #banner-1141619308 {\n    padding-top: 350px;\n  }\n}\n@media (min-width:850px) {\n  #banner-1141619308 {\n    padding-top: 691px;\n  }\n}\n<\/style>\n  <\/div>\n\n\n\n\t\t<\/div>\n\t\t\t\t\t<\/div>\n\n\t\n\n<\/div>\n<div class=\"row row-collapse row-full-width\"  id=\"row-1084878413\">\n\n\n\t<div id=\"col-1399897898\" class=\"col medium-6 small-12 large-6\"  >\n\t\t\t\t<div class=\"col-inner\"  >\n\t\t\t\n\t\t\t\n\n\n  <div class=\"banner has-hover\" id=\"banner-529537604\">\n          <div class=\"banner-inner fill\">\n        <div class=\"banner-bg fill\" >\n            <img decoding=\"async\" width=\"603\" height=\"800\" src=\"https:\/\/treelofts.com\/wp-content\/uploads\/2025\/02\/Why-Enchanted-Treehouses-Are-the-Hottest-Backyard-Trend-of-2024-4-603x800.webp\" class=\"bg attachment-large size-large\" alt=\"\" title=\"\">                                    \n                    <\/div>\n\t\t\n        <div class=\"banner-layers container\">\n            <div class=\"fill banner-link\"><\/div>            \n\n   <div id=\"text-box-1184777271\" class=\"text-box banner-layer x50 md-x50 lg-x50 y50 md-y50 lg-y50 res-text\">\n                                <div class=\"text-box-content text dark\">\n              \n              <div class=\"text-inner text-center\">\n                  \n\n\n              <\/div>\n           <\/div>\n                            \n<style>\n#text-box-1184777271 {\n  width: 60%;\n}\n#text-box-1184777271 .text-box-content {\n  font-size: 100%;\n}\n<\/style>\n    <\/div>\n \n\n        <\/div>\n      <\/div>\n\n            \n<style>\n#banner-529537604 {\n  padding-top: 300px;\n  background-color: rgba(255, 255, 255, 0);\n}\n#banner-529537604 .banner-bg img {\n  object-position: 51% 55%;\n}\n@media (min-width:550px) {\n  #banner-529537604 {\n    padding-top: 350px;\n  }\n}\n@media (min-width:850px) {\n  #banner-529537604 {\n    padding-top: 613px;\n  }\n}\n<\/style>\n  <\/div>\n\n\n\n\t\t<\/div>\n\t\t\t\t\t<\/div>\n\n\t\n\n\t<div id=\"col-1195340636\" class=\"col medium-6 small-12 large-6\"  >\n\t\t\t\t<div class=\"col-inner\"  >\n\t\t\t\n\t\t\t\n\n\n\t<section class=\"section\" id=\"section_118755169\">\n\t\t<div class=\"section-bg fill\" >\n\t\t\t\t\t\t\t\t\t\n\t\t\t\n\n\t\t<\/div>\n\n\t\t\n\n\t\t<div class=\"section-content relative\">\n\t\t\t\n\n<div class=\"row align-center\"  id=\"row-628478199\">\n\n\n\t<div id=\"col-1505030281\" class=\"col medium-10 small-12 large-9\"  >\n\t\t\t\t<div class=\"col-inner text-center\"  >\n\t\t\t\n\t\t\t\n\n\t<div id=\"gap-1046389935\" class=\"gap-element clearfix\" style=\"display:block; height:auto;\">\n\t\t\n<style>\n#gap-1046389935 {\n  padding-top: 40px;\n}\n<\/style>\n\t<\/div>\n\t\n\n\t<div id=\"text-1706773465\" class=\"text\">\n\t\t\n\n<h2 style=\"text-align: left;\"><strong>Individuelle L\u00f6sungen f\u00fcr jede Landschaft<\/strong><\/h2>\n\t\t\n<style>\n#text-1706773465 {\n  font-size: 1.5rem;\n}\n<\/style>\n\t<\/div>\n\t\n<p style=\"text-align: left;\">Das ist in Ordnung, denn jeder Standort f\u00fcr ein Baumhaus ist einzigartig. Unsere Entw\u00fcrfe bieten anpassungsf\u00e4hige technische L\u00f6sungen f\u00fcr verschiedene Terrassen und St\u00fctzsysteme, denn wir wissen, dass es B\u00e4ume in vielen Formen, Gr\u00f6\u00dfen und an vielen Orten gibt. Zu unseren technischen Feinheiten geh\u00f6ren:<\/p>\n<ul>\n<li style=\"text-align: left;\"><strong>Starr gest\u00fctzte Konstruktionen<\/strong> - Ideal f\u00fcr Gebiete mit unebenem Gel\u00e4nde oder begrenztem Baumbestand.<\/li>\n<li style=\"text-align: left;\"><strong>Mehrbaum-Verankerung<\/strong> - Die Verteilung der Last auf mehrere B\u00e4ume sorgt f\u00fcr zus\u00e4tzliche Stabilit\u00e4t.<\/li>\n<li style=\"text-align: left;\"><strong>Hybride Strukturen<\/strong> - Die Einbeziehung von B\u00e4umen und Bodenst\u00fctzen sorgt f\u00fcr zus\u00e4tzliche Stabilit\u00e4t.<\/li>\n<\/ul>\n<p style=\"text-align: left;\">Wenn Sie mit einer besonderen Umgebung zu tun haben, bieten unsere Entw\u00fcrfe professionelle Beratung, wie Sie Ihre Konstruktion an Ihre Umgebung anpassen k\u00f6nnen.<\/p>\n<a href=\"https:\/\/treelofts.com\/de\/kontaktieren-sie-uns\/\" class=\"button secondary\"  style=\"border-radius:99px;padding:5px 20px 5px 20px;\">\n\t\t<span>Kontakt<\/span>\n\t<\/a>\n\n\n\n\t\t<\/div>\n\t\t\t\t\t<\/div>\n\n\t\n\n<\/div>\n\n\t\t<\/div>\n\n\t\t\n<style>\n#section_118755169 {\n  padding-top: 0px;\n  padding-bottom: 0px;\n  min-height: 300px;\n}\n@media (min-width:550px) {\n  #section_118755169 {\n    min-height: 350px;\n  }\n}\n@media (min-width:850px) {\n  #section_118755169 {\n    min-height: 425px;\n  }\n}\n<\/style>\n\t<\/section>\n\t\n\n\t\t<\/div>\n\t\t\t\t\t<\/div>\n\n\t\n\n<\/div>\n<div class=\"row\"  id=\"row-420344925\">\n\n\n\t<div id=\"col-1230117557\" class=\"col small-12 large-12\"  >\n\t\t\t\t<div class=\"col-inner text-center\"  >\n\t\t\t\n\t\t\t\n\n\t<div id=\"text-923206138\" class=\"text\">\n\t\t\n\n<h2><strong>Entwickelt f\u00fcr ein ganzes Leben voller Erinnerungen<\/strong><\/h2>\n\t\t\n<style>\n#text-923206138 {\n  font-size: 1.5rem;\n  text-align: center;\n}\n<\/style>\n\t<\/div>\n\t\n<p>Ein gut gebautes Baumhaus ist mehr als nur ein Geb\u00e4ude, es ist ein Ort, an dem Familien zusammenkommen, Abenteuer erlebt werden und die Natur in den Alltag einflie\u00dft. Daher haben bei jedem Entwurf die strukturelle Integrit\u00e4t, die Sicherheit und der Nutzen oberste Priorit\u00e4t.<\/p>\n<p>Wenn Sie sich f\u00fcr ein von Treelofts geplantes Baumhaus entscheiden, erhalten Sie nicht nur eine Ideensammlung, sondern auch einen professionell erstellten Bauplan f\u00fcr ein Baumhaus, das jahrzehntelang halten wird.<\/p>\n<p><strong>M\u00f6chten Sie gleich mit dem Bau beginnen? W\u00e4hlen Sie einen unserer fein gearbeiteten Entw\u00fcrfe und beginnen Sie jetzt mit der Verwirklichung Ihres Traum-Baumhauses!<\/strong><\/p>\n<a href=\"https:\/\/treelofts.com\/de\/kontaktieren-sie-uns\/\" class=\"button primary is-underline\"  >\n\t\t<span>UNSER BAUMHAUS-PORTFOLIO ANSEHEN<\/span>\n\t<\/a>\n\n\n\n\t\t<\/div>\n\t\t\t\t\n<style>\n#col-1230117557 > .col-inner {\n  padding: 40px 0px 40px 0px;\n}\n@media (min-width:550px) {\n  #col-1230117557 > .col-inner {\n    padding: 60px 0px 40px 0px;\n  }\n}\n<\/style>\n\t<\/div>\n\n\t\n\n<\/div>\n\n  <div class=\"banner has-hover\" id=\"banner-2103876488\">\n          <div class=\"banner-inner fill\">\n        <div class=\"banner-bg fill\" >\n            <img decoding=\"async\" width=\"1024\" height=\"683\" src=\"https:\/\/treelofts.com\/wp-content\/uploads\/2025\/02\/Tree-House-11.jpg\" class=\"bg attachment-original size-original\" alt=\"\" title=\"\">                        <div class=\"overlay\"><\/div>            \n                    <\/div>\n\t\t\n        <div class=\"banner-layers container\">\n            <div class=\"fill banner-link\"><\/div>            \n\n   <div id=\"text-box-88646436\" class=\"text-box banner-layer x50 md-x50 lg-x50 y50 md-y50 lg-y50 res-text\">\n                                <div class=\"text-box-content text dark\">\n              \n              <div class=\"text-inner text-center\">\n                  \n\n<p>Lassen Sie uns Ihre Vision zum Leben erwecken<\/p>\n<h2><strong>Herstellung von Traum-Baumh\u00e4usern seit 2013<\/strong><\/h2>\n<a href=\"https:\/\/treelofts.com\/de\/kontaktieren-sie-uns\/\" class=\"button white is-outline\"  >\n\t\t<span>Beginnen Sie Ihre Baumhausreise noch heute<\/span>\n\t<\/a>\n\n\n\n              <\/div>\n           <\/div>\n                            \n<style>\n#text-box-88646436 {\n  width: 60%;\n}\n#text-box-88646436 .text-box-content {\n  font-size: 100%;\n}\n<\/style>\n    <\/div>\n \n\n        <\/div>\n      <\/div>\n\n            \n<style>\n#banner-2103876488 {\n  padding-top: 350px;\n}\n#banner-2103876488 .overlay {\n  background-color: rgba(0, 0, 0, 0.17);\n}\n#banner-2103876488 .banner-bg img {\n  object-position: 56% 64%;\n}\n<\/style>\n  <\/div>\n\n\n<div class=\"woocommerce columns-4\"><\/div>\n\n<div class=\"row\"  id=\"row-625095754\">\n\n\n\n<\/div>","protected":false},"excerpt":{"rendered":"","protected":false},"author":5,"featured_media":0,"parent":0,"menu_order":0,"comment_status":"closed","ping_status":"closed","template":"","meta":{"footnotes":""},"class_list":["post-862","page","type-page","status-publish","hentry"],"_links":{"self":[{"href":"https:\/\/treelofts.com\/de\/wp-json\/wp\/v2\/pages\/862","targetHints":{"allow":["GET"]}}],"collection":[{"href":"https:\/\/treelofts.com\/de\/wp-json\/wp\/v2\/pages"}],"about":[{"href":"https:\/\/treelofts.com\/de\/wp-json\/wp\/v2\/types\/page"}],"author":[{"embeddable":true,"href":"https:\/\/treelofts.com\/de\/wp-json\/wp\/v2\/users\/5"}],"replies":[{"embeddable":true,"href":"https:\/\/treelofts.com\/de\/wp-json\/wp\/v2\/comments?post=862"}],"version-history":[{"count":0,"href":"https:\/\/treelofts.com\/de\/wp-json\/wp\/v2\/pages\/862\/revisions"}],"wp:attachment":[{"href":"https:\/\/treelofts.com\/de\/wp-json\/wp\/v2\/media?parent=862"}],"curies":[{"name":"wp","href":"https:\/\/api.w.org\/{rel}","templated":true}]}}