{"id":879,"date":"2025-02-10T00:57:37","date_gmt":"2025-02-10T08:57:37","guid":{"rendered":"https:\/\/azh5n13ivf.onrocket.site\/?page_id=879"},"modified":"2025-02-12T23:45:28","modified_gmt":"2025-02-13T07:45:28","slug":"baumpfleger","status":"publish","type":"page","link":"https:\/\/treelofts.com\/de\/baumpfleger\/","title":{"rendered":"Baumpfleger"},"content":{"rendered":"<div class=\"banner has-hover\" id=\"banner-536922490\">\n          <div class=\"banner-inner fill\">\n        <div class=\"banner-bg fill\" >\n            <img decoding=\"async\" width=\"1024\" height=\"683\" src=\"https:\/\/treelofts.com\/wp-content\/uploads\/2025\/02\/Cool-Tree-Houses.jpg\" class=\"bg attachment-original size-original\" alt=\"\" title=\"\">                        <div class=\"overlay\"><\/div>            \n                    <\/div>\n\t\t\n        <div class=\"banner-layers container\">\n            <div class=\"fill banner-link\"><\/div>            \n\n   <div id=\"text-box-915959658\" class=\"text-box banner-layer x50 md-x50 lg-x50 y50 md-y50 lg-y50 res-text\">\n                                <div class=\"text-box-content text dark\">\n              \n              <div class=\"text-inner text-center\">\n                  \n\n<h3>Bauen mit B\u00e4umen, nicht nur in B\u00e4umen<\/h3>\n<h1 class=\"uppercase\"><strong>Baumpfleger <\/strong><\/h1>\n<p>Wir sind der Meinung, dass ein Baumhaus ein Teil der Umwelt selbst sein sollte, nicht nur eine Konstruktion in einem Baum. Beim Bau eines Baumhauses muss man mit und nicht gegen ein lebendes, sich entwickelndes Wesen arbeiten. Bei unseren Entw\u00fcrfen haben daher die Gesundheit der B\u00e4ume, die Stabilit\u00e4t und die langfristige Nachhaltigkeit Priorit\u00e4t. So stellen wir sicher, dass Ihr Baumhaus stark, sicher und langlebig ist, ohne die B\u00e4ume zu gef\u00e4hrden, die es tragen.<\/p>\n<a href=\"https:\/\/treelofts.com\/de\/kontaktieren-sie-uns\/\" class=\"button primary is-underline\"  >\n\t\t<span>Beginnen Sie Ihre Baumhausreise noch heute<\/span>\n\t<\/a>\n\n\n\n              <\/div>\n           <\/div>\n                            \n<style>\n#text-box-915959658 {\n  width: 82%;\n}\n#text-box-915959658 .text-box-content {\n  font-size: 100%;\n}\n<\/style>\n    <\/div>\n \n\n        <\/div>\n      <\/div>\n\n            \n<style>\n#banner-536922490 {\n  padding-top: 782px;\n}\n#banner-536922490 .overlay {\n  background-color: rgba(0,0,0,.5);\n}\n#banner-536922490 .banner-bg img {\n  object-position: 50% 48%;\n}\n<\/style>\n  <\/div>\n\n\n\n\t<section class=\"section\" id=\"section_846589507\">\n\t\t<div class=\"section-bg fill\" >\n\t\t\t\t\t\t\t\t\t\n\t\t\t\n\n\t\t<\/div>\n\n\t\t\n\n\t\t<div class=\"section-content relative\">\n\t\t\t\n\n<div class=\"row align-middle\" style=\"max-width:1300px\" id=\"row-1886520815\">\n\n\n\t<div id=\"col-133030964\" class=\"col medium-11 small-12 large-11\"  data-animate=\"fadeInUp\">\n\t\t\t\t<div class=\"col-inner\"  >\n\t\t\t\n\t\t\t\n\n\t<div id=\"text-3264914887\" class=\"text\">\n\t\t\n\n<h2><strong>Die Rolle eines Baumpflegers beim Bau eines Baumhauses<\/strong><\/h2>\n\t\t\n<style>\n#text-3264914887 {\n  font-size: 1.5rem;\n}\n<\/style>\n\t<\/div>\n\t\n<p>Viele Leute fragen sich, ob sie einen Baumpfleger hinzuziehen sollen. Auch wenn dies nicht immer erforderlich ist, kann die Beauftragung eines qualifizierten Baumpflegespezialisten eine kluge Entscheidung sein, insbesondere wenn Sie sich \u00fcber den Zustand Ihrer B\u00e4ume nicht sicher sind oder Hinweise zu sicheren Befestigungstechniken ben\u00f6tigen. Ein Baumpfleger kann Ihnen dabei helfen, sicherzustellen, dass Ihr Baumhaus das nat\u00fcrliche Wachstum nicht behindert, und er kann die St\u00e4rke der B\u00e4ume und m\u00f6gliche Gefahren beurteilen. M\u00f6glicherweise brauchen Sie keinen Baumpfleger, wenn Ihre B\u00e4ume ausgereift, gesund und gut positioniert sind; wenn Sie jedoch ein gr\u00f6\u00dferes, anspruchsvolleres Bauvorhaben planen, k\u00f6nnen Sie sich mit professioneller Hilfe beruhigen.<\/p>\n\t<div id=\"gap-1964317830\" class=\"gap-element clearfix\" style=\"display:block; height:auto;\">\n\t\t\n<style>\n#gap-1964317830 {\n  padding-top: 30px;\n}\n<\/style>\n\t<\/div>\n\t\n\n\t<div id=\"text-1639034486\" class=\"text\">\n\t\t\n\n<h2><strong>Sollte ich einen Baumpfleger beauftragen?<\/strong><\/h2>\n\t\t\n<style>\n#text-1639034486 {\n  font-size: 1.5rem;\n}\n<\/style>\n\t<\/div>\n\t\n<p>Obwohl nicht immer erforderlich, kann die Beauftragung eines Baumpflegers eine sinnvolle Investition sein, insbesondere wenn:<\/p>\n<ul>\n<li>Sie fragen sich, ob Ihre B\u00e4ume ein Baumhaus tragen k\u00f6nnten.<\/li>\n<li>Ihre B\u00e4ume weisen offensichtliche Sch\u00e4den oder Krankheiten auf; Sie brauchen eine professionelle Beurteilung.<\/li>\n<li>Sie wollen ein gro\u00dfes oder anspruchsvolles Baumhaus, bei dem die strukturelle Stabilit\u00e4t absolut entscheidend ist.<\/li>\n<li>Vor allem bei Anlagen mit mehreren B\u00e4umen wollen Sie die langfristige Gesundheit der B\u00e4ume gew\u00e4hrleisten.<\/li>\n<\/ul>\n<p>Sollten Sie sich daf\u00fcr entscheiden, einen Baumpfleger zu beauftragen, kann dieser Ihnen bei der Auswahl des Baumes und der Beurteilung der Befestigungspunkte helfen und Sie bei der Pflege Ihrer B\u00e4ume f\u00fcr die kommenden Jahre beraten.<\/p>\n\t<div id=\"gap-2092786530\" class=\"gap-element clearfix\" style=\"display:block; height:auto;\">\n\t\t\n<style>\n#gap-2092786530 {\n  padding-top: 30px;\n}\n<\/style>\n\t<\/div>\n\t\n\n<p>Eine gute Baumauswahl ist auch ohne Baumpfleger entscheidend. Die Auswahl geeigneter B\u00e4ume bedeutet, robuste, reife Exemplare mit einem soliden Wurzelsystem auszuw\u00e4hlen und ihre Wachstumsmuster zu kennen, um zu gew\u00e4hrleisten, dass Ihr Baumhaus \u00fcber viele Jahre hinweg stabil bleibt.\u00a0<\/p>\n\t<div id=\"gap-1789454614\" class=\"gap-element clearfix\" style=\"display:block; height:auto;\">\n\t\t\n<style>\n#gap-1789454614 {\n  padding-top: 30px;\n}\n<\/style>\n\t<\/div>\n\t\n\n\t<div id=\"text-832733865\" class=\"text\">\n\t\t\n\n<h2 data-start=\"2147\" data-end=\"2201\"><strong data-start=\"2151\" data-end=\"2199\">Baumberatung - die richtigen Entscheidungen treffen<\/strong><\/h2>\n\t\t\n<style>\n#text-832733865 {\n  font-size: 1.5rem;\n}\n<\/style>\n\t<\/div>\n\t\n<p>Sie sollten Ihre B\u00e4ume vor dem Bau sorgf\u00e4ltig begutachten, auch wenn Sie keinen Baumpfleger hinzuziehen. Dies sind einige wichtige \u00dcberlegungen:<\/p>\n<ul>\n<li><strong>St\u00e4rke und Gesundheit der B\u00e4ume<\/strong> - W\u00e4hlen Sie reife, robuste B\u00e4ume, die das Gewicht ohne Anzeichen von Krankheiten oder F\u00e4ulnis tragen k\u00f6nnen.<\/li>\n<li><strong>Baumart und Wachstumsmuster<\/strong> - Einige B\u00e4ume eignen sich aufgrund ihres Wurzelsystems, der Flexibilit\u00e4t ihres Stammes und ihrer Langlebigkeit besser f\u00fcr Baumh\u00e4user als andere.<\/li>\n<li><strong>Baumabst\u00e4nde und Lastverteilung<\/strong> - Wenn Sie mehrere B\u00e4ume verwenden, stellen Sie sicher, dass sie richtig positioniert sind, um das Gewicht der Struktur zu tragen.<\/li>\n<\/ul>\n<p>Unsere baumfreundlichen Entw\u00fcrfe garantieren, dass Ihr Baumhaus verantwortungsvoll und sicher gebaut wird, indem wir Sie bei der Auswahl des Baumes, der Befestigungstechnik und der Bauplanung beraten.<\/p>\n\t<div id=\"gap-2075478056\" class=\"gap-element clearfix\" style=\"display:block; height:auto;\">\n\t\t\n<style>\n#gap-2075478056 {\n  padding-top: 30px;\n}\n<\/style>\n\t<\/div>\n\t\n\n\t<div id=\"text-2263449996\" class=\"text\">\n\t\t\n\n<h2 data-start=\"3694\" data-end=\"3735\"><strong data-start=\"3698\" data-end=\"3733\">Bauen im Einklang mit der Natur<\/strong><\/h2>\n\t\t\n<style>\n#text-2263449996 {\n  font-size: 1.5rem;\n}\n<\/style>\n\t<\/div>\n\t\n<p>Ein gut geplantes Baumhaus sollte eine nat\u00fcrliche Erweiterung seiner Umgebung sein und mit den B\u00e4umen harmonieren, anstatt sie zu besch\u00e4digen. Unsere Baumhausentw\u00fcrfe haben daher oberste Priorit\u00e4t:<\/p>\n<ul>\n<li><strong>Minimale Auswirkungen auf die Umwelt<\/strong> garantiert, dass die B\u00e4ume vor, w\u00e4hrend und nach dem Bau gesund bleiben.<\/li>\n<li><strong>nachhaltige Bautechniken<\/strong> und Unterst\u00fctzung von umweltfreundlichen Produkten.<\/li>\n<li><strong>eine Mischung aus Bewahrung und Abenteuer<\/strong> damit Sie die Umgebung genie\u00dfen k\u00f6nnen, ohne sie zu gef\u00e4hrden.<\/li>\n<\/ul>\n<p>Wenn Sie sich an unsere professionellen Pl\u00e4ne halten und bei Bedarf einen Baumberater oder Baumpfleger hinzuziehen, k\u00f6nnen Sie ein sicheres, baumfreundliches Baumhaus f\u00fcr viele Jahre schaffen.<\/p>\n<p><strong>Starten Sie jetzt Ihr Baumhaus-Abenteuer mit Treelofts; erkunden Sie unsere professionellen Entw\u00fcrfe und erschaffen Sie ein Versteck in der Baumkrone, das der Umgebung wirklich Ehre macht!<\/strong><\/p>\n\n\t\t<\/div>\n\t\t\t\t\n<style>\n#col-133030964 > .col-inner {\n  padding: 0px 0 0px 0px;\n}\n@media (min-width:550px) {\n  #col-133030964 > .col-inner {\n    padding: 0px 70px 0px 0px;\n  }\n}\n<\/style>\n\t<\/div>\n\n\t\n\n\t<div id=\"col-1312134656\" class=\"col medium-12 small-12 large-1 medium-col-first\"  >\n\t\t\t\t<div class=\"col-inner\"  >\n\t\t\t\n\t\t\t\n\n\t\n  \n    <div class=\"row large-columns-2 medium-columns-2 small-columns-1 row-small slider row-slider slider-nav-simple slider-nav-push\"  data-flickity-options='{&quot;imagesLoaded&quot;: true, &quot;groupCells&quot;: &quot;100%&quot;, &quot;dragThreshold&quot; : 5, &quot;cellAlign&quot;: &quot;left&quot;,&quot;wrapAround&quot;: true,&quot;prevNextButtons&quot;: true,&quot;percentPosition&quot;: true,&quot;pageDots&quot;: false, &quot;rightToLeft&quot;: false, &quot;autoPlay&quot; : 4000}' >\n\n  <\/div>\n\n\n\t\t<\/div>\n\t\t\t\t\t<\/div>\n\n\t\n\n<\/div>\n\n\t\t<\/div>\n\n\t\t\n<style>\n#section_846589507 {\n  padding-top: 60px;\n  padding-bottom: 60px;\n}\n<\/style>\n\t<\/section>\n\t\n\n  <div class=\"banner has-hover\" id=\"banner-1859243282\">\n          <div class=\"banner-inner fill\">\n        <div class=\"banner-bg fill\" >\n            <img decoding=\"async\" width=\"1020\" height=\"680\" src=\"https:\/\/treelofts.com\/wp-content\/uploads\/2025\/02\/Tree-House-9.jpg\" class=\"bg attachment-large size-large\" alt=\"\" title=\"\">                        <div class=\"overlay\"><\/div>            \n                    <\/div>\n\t\t\n        <div class=\"banner-layers container\">\n            <div class=\"fill banner-link\"><\/div>            \n\n   <div id=\"text-box-1058683310\" class=\"text-box banner-layer x50 md-x50 lg-x50 y50 md-y50 lg-y50 res-text\">\n                                <div class=\"text-box-content text dark\">\n              \n              <div class=\"text-inner text-center\">\n                  \n\n<p>Lassen Sie uns Ihre Vision zum Leben erwecken<\/p>\n<h2><strong>Herstellung von Traum-Baumh\u00e4usern seit 2013<\/strong><\/h2>\n<a href=\"https:\/\/treelofts.com\/de\/kontaktieren-sie-uns\/\" class=\"button white is-outline\"  >\n\t\t<span>Beginnen Sie Ihre Baumhausreise noch heute<\/span>\n\t<\/a>\n\n\n\n              <\/div>\n           <\/div>\n                            \n<style>\n#text-box-1058683310 {\n  width: 60%;\n}\n#text-box-1058683310 .text-box-content {\n  font-size: 100%;\n}\n<\/style>\n    <\/div>\n \n\n        <\/div>\n      <\/div>\n\n            \n<style>\n#banner-1859243282 {\n  padding-top: 350px;\n}\n#banner-1859243282 .overlay {\n  background-color: rgba(0, 0, 0, 0.17);\n}\n#banner-1859243282 .banner-bg img {\n  object-position: 50% 21%;\n}\n<\/style>\n  <\/div>\n\n\n<div class=\"woocommerce columns-4\"><\/div>\n\n<div class=\"row\"  id=\"row-798473876\">\n\n\n\n<\/div>","protected":false},"excerpt":{"rendered":"","protected":false},"author":5,"featured_media":0,"parent":0,"menu_order":0,"comment_status":"closed","ping_status":"closed","template":"","meta":{"footnotes":""},"class_list":["post-879","page","type-page","status-publish","hentry"],"_links":{"self":[{"href":"https:\/\/treelofts.com\/de\/wp-json\/wp\/v2\/pages\/879","targetHints":{"allow":["GET"]}}],"collection":[{"href":"https:\/\/treelofts.com\/de\/wp-json\/wp\/v2\/pages"}],"about":[{"href":"https:\/\/treelofts.com\/de\/wp-json\/wp\/v2\/types\/page"}],"author":[{"embeddable":true,"href":"https:\/\/treelofts.com\/de\/wp-json\/wp\/v2\/users\/5"}],"replies":[{"embeddable":true,"href":"https:\/\/treelofts.com\/de\/wp-json\/wp\/v2\/comments?post=879"}],"version-history":[{"count":0,"href":"https:\/\/treelofts.com\/de\/wp-json\/wp\/v2\/pages\/879\/revisions"}],"wp:attachment":[{"href":"https:\/\/treelofts.com\/de\/wp-json\/wp\/v2\/media?parent=879"}],"curies":[{"name":"wp","href":"https:\/\/api.w.org\/{rel}","templated":true}]}}