{"id":895,"date":"2025-02-10T17:59:15","date_gmt":"2025-02-11T01:59:15","guid":{"rendered":"https:\/\/azh5n13ivf.onrocket.site\/?page_id=895"},"modified":"2025-02-12T23:49:51","modified_gmt":"2025-02-13T07:49:51","slug":"baugenehmigungen","status":"publish","type":"page","link":"https:\/\/treelofts.com\/de\/baugenehmigungen\/","title":{"rendered":"Baugenehmigungen"},"content":{"rendered":"<div class=\"banner has-hover\" id=\"banner-228966166\">\n          <div class=\"banner-inner fill\">\n        <div class=\"banner-bg fill\" >\n            <img decoding=\"async\" width=\"1024\" height=\"1366\" src=\"https:\/\/treelofts.com\/wp-content\/uploads\/2025\/02\/Scandinavian-style-tree-house-2.webp\" class=\"bg attachment-original size-original\" alt=\"\" title=\"\">                        <div class=\"overlay\"><\/div>            \n                    <\/div>\n\t\t\n        <div class=\"banner-layers container\">\n            <div class=\"fill banner-link\"><\/div>            \n\n   <div id=\"text-box-1700673062\" class=\"text-box banner-layer x50 md-x50 lg-x50 y50 md-y50 lg-y50 res-text\">\n                                <div class=\"text-box-content text dark\">\n              \n              <div class=\"text-inner text-center\">\n                  \n\n<h3>Was Sie wissen m\u00fcssen, bevor Sie bauen<\/h3>\n<h1 class=\"uppercase\"><strong>Baugenehmigungen<\/strong><\/h1>\n<p>Auch wenn der Bau eines Baumhauses ein interessantes Abenteuer ist, sollten Sie sich zun\u00e4chst vergewissern, ob f\u00fcr Ihr Projekt eine Baugenehmigung erforderlich ist. Auch wenn Baumh\u00e4user eine gro\u00dfartige M\u00f6glichkeit zu sein scheinen, dem Alltag zu entfliehen, k\u00f6nnen dennoch lokale Vorschriften gelten, und wenn Sie die Richtlinien im Voraus kennen, k\u00f6nnen Sie Probleme vermeiden.<\/p>\n<a href=\"https:\/\/treelofts.com\/de\/kontaktieren-sie-uns\/\" class=\"button primary is-underline\"  >\n\t\t<span>Beginnen Sie Ihre Baumhausreise noch heute<\/span>\n\t<\/a>\n\n\n\n              <\/div>\n           <\/div>\n                            \n<style>\n#text-box-1700673062 {\n  width: 77%;\n}\n#text-box-1700673062 .text-box-content {\n  font-size: 100%;\n}\n<\/style>\n    <\/div>\n \n\n        <\/div>\n      <\/div>\n\n            \n<style>\n#banner-228966166 {\n  padding-top: 691px;\n}\n#banner-228966166 .overlay {\n  background-color: rgba(0,0,0,.5);\n}\n#banner-228966166 .banner-bg img {\n  object-position: 46% 57%;\n}\n@media (min-width:550px) {\n  #banner-228966166 {\n    padding-top: 775px;\n  }\n}\n<\/style>\n  <\/div>\n\n\n\n\t<section class=\"section\" id=\"section_546660015\">\n\t\t<div class=\"section-bg fill\" >\n\t\t\t\t\t\t\t\t\t\n\t\t\t\n\n\t\t<\/div>\n\n\t\t\n\n\t\t<div class=\"section-content relative\">\n\t\t\t\n\n<div class=\"row\"  id=\"row-318530872\">\n\n\n\t<div id=\"col-881038389\" class=\"col medium-11 small-12 large-11\"  >\n\t\t\t\t<div class=\"col-inner\"  >\n\t\t\t\n\t\t\t\n\n\t<div id=\"text-3101282603\" class=\"text\">\n\t\t\n\n<h2><strong data-start=\"507\" data-end=\"551\">Brauchen Sie eine Genehmigung f\u00fcr Ihr Baumhaus?<\/strong><\/h2>\n\t\t\n<style>\n#text-3101282603 {\n  font-size: 1.5rem;\n}\n<\/style>\n\t<\/div>\n\t\n<p>Die kurze Antwort lautet: Das h\u00e4ngt von Ihrem Standort und dem, was Sie schaffen, ab. Jede Stadt oder jeder Landkreis hat seine eigenen Bauvorschriften und Zoneneinteilungen. In einigen Orten k\u00f6nnen Baumh\u00e4user frei errichtet werden, vor allem wenn sie bescheiden sind und als Spielger\u00e4te dienen, w\u00e4hrend in anderen eine Genehmigung erforderlich sein kann, wenn die Konstruktion gr\u00f6\u00dfer oder komplizierter ist oder Sanit\u00e4ranlagen, Elektrizit\u00e4t oder ein mehrst\u00f6ckiges Geb\u00e4ude umfasst.<\/p>\n<p>Ob eine Genehmigung erforderlich ist, h\u00e4ngt davon ab:<\/p>\n<ul>\n<li><strong>Die H\u00f6he und Gr\u00f6\u00dfe des Baumhauses<\/strong> - H\u00f6here und gr\u00f6\u00dfere Bauwerke sind eher genehmigungspflichtig.<\/li>\n<li><strong>Der Standort auf Ihrem Grundst\u00fcck<\/strong> - In einigen Gebieten gibt es Abstandsvorschriften, die festlegen, wie nah Sie an Grundst\u00fccksgrenzen oder Nachbarh\u00e4usern bauen d\u00fcrfen.<\/li>\n<li><strong>Umwelt- und Baumschutzgesetze<\/strong> - In einigen Regionen gibt es Vorschriften zum Schutz von B\u00e4umen und Wildtieren, insbesondere in Naturschutzgebieten.<\/li>\n<li><strong>Strukturelle Sicherheitsanforderungen<\/strong> - Einige \u00f6rtliche Beh\u00f6rden k\u00f6nnen den Nachweis verlangen, dass Ihr Baumhaus so gebaut ist, dass es den Wetterbedingungen standh\u00e4lt und das Gewicht sicher tr\u00e4gt.<\/li>\n<\/ul>\n<p data-start=\"1609\" data-end=\"1745\"><strong>Wie Sie das am besten herausfinden? Wenden Sie sich an Ihr \u00f6rtliches Bauamt und erkundigen Sie sich nach den f\u00fcr Ihr Gebiet geltenden Vorschriften.<\/strong><\/p>\n\t<div id=\"gap-2094892892\" class=\"gap-element clearfix\" style=\"display:block; height:auto;\">\n\t\t\n<style>\n#gap-2094892892 {\n  padding-top: 30px;\n}\n<\/style>\n\t<\/div>\n\t\n\n\t<div id=\"text-4008286350\" class=\"text\">\n\t\t\n\n<h2 data-start=\"1752\" data-end=\"1798\"><strong data-start=\"1756\" data-end=\"1796\">Wie Treelofts bei diesem Prozess hilft<\/strong><\/h2>\n\t\t\n<style>\n#text-4008286350 {\n  font-size: 1.5rem;\n}\n<\/style>\n\t<\/div>\n\t\n<p>Wir von Treelofts bieten professionell erstellte, strukturell solide Baumhausentw\u00fcrfe, die das Genehmigungsverfahren vereinfachen sollen. Obwohl wir die Genehmigungsantr\u00e4ge nicht pers\u00f6nlich bearbeiten, k\u00f6nnen den \u00f6rtlichen Beh\u00f6rden unsere sorgf\u00e4ltigen Baupl\u00e4ne und ingenieurm\u00e4\u00dfigen Entw\u00fcrfe vorgelegt werden, um nachzuweisen, dass Ihr Baumhaus die strukturellen und sicherheitstechnischen Kriterien erf\u00fcllt.<\/p>\n<p>Sollte in Ihrem Gebiet eine Genehmigung erforderlich sein, erh\u00f6ht eine gut dokumentierte Strategie Ihre Chancen auf eine Genehmigung erheblich. Detaillierte Lastberechnungen, Gewichtsverteilungspl\u00e4ne und professionelle Konstruktionsdetails - wie sie unsere Entw\u00fcrfe bieten - werden von vielen Bau\u00e4mtern gesch\u00e4tzt.<\/p>\n\t<div id=\"gap-401106006\" class=\"gap-element clearfix\" style=\"display:block; height:auto;\">\n\t\t\n<style>\n#gap-401106006 {\n  padding-top: 30px;\n}\n<\/style>\n\t<\/div>\n\t\n\n\t<div id=\"text-3872150738\" class=\"text\">\n\t\t\n\n<h2 data-start=\"2480\" data-end=\"2522\"><strong data-start=\"2484\" data-end=\"2520\">Was ist, wenn keine Genehmigung erforderlich ist?<\/strong><\/h2>\n\t\t\n<style>\n#text-3872150738 {\n  font-size: 1.5rem;\n}\n<\/style>\n\t<\/div>\n\t\n<p>Das ist fantastisch, wenn die kommunalen Vorschriften die Errichtung von Baumh\u00e4usern ohne Genehmigung zulassen! Sie k\u00f6nnen Ihr Projekt ohne zus\u00e4tzliche Unterlagen in Angriff nehmen. Dennoch ist es eine kluge Idee, die Nachbarn \u00fcber Ihr Vorhaben zu informieren, insbesondere wenn Ihr Baumhaus von ihrem Grundst\u00fcck aus zu sehen ist. Ein offener Kontakt garantiert einen reibungslosen Bauablauf und hilft, m\u00f6gliche Konflikte zu vermeiden.<\/p>\n\t<div id=\"gap-1311405189\" class=\"gap-element clearfix\" style=\"display:block; height:auto;\">\n\t\t\n<style>\n#gap-1311405189 {\n  padding-top: 30px;\n}\n<\/style>\n\t<\/div>\n\t\n\n\t<div id=\"text-4282649215\" class=\"text\">\n\t\t\n\n<h2 data-start=\"2925\" data-end=\"2971\"><strong data-start=\"2929\" data-end=\"2969\">Vorausschauend planen und mit Zuversicht bauen<\/strong><\/h2>\n\t\t\n<style>\n#text-4282649215 {\n  font-size: 1.5rem;\n}\n<\/style>\n\t<\/div>\n\t\n<p>Wenn Sie sich vor Baubeginn Zeit nehmen, um die Genehmigungsanforderungen zu pr\u00fcfen, k\u00f6nnen Sie sp\u00e4tere unvorhergesehene Schwierigkeiten vermeiden. Der ordnungsgem\u00e4\u00dfe und sichere Bau eines Baumhauses ist von entscheidender Bedeutung f\u00fcr eine Konstruktion, die jahrelang halten wird, auch wenn keine Genehmigung erforderlich ist.<\/p>\n<p>Ganz gleich, ob es sich bei Ihrem Baumhaus um einen einfachen Unterschlupf im Garten oder um ein komplexes Baumhaus handelt, die gut durchdachten Entw\u00fcrfe von Treelofts werden Sie dazu inspirieren, ein stabiles, sicheres und regulierungsfreundliches Baumhaus zu bauen.<\/p>\n<div class=\"flex max-w-full flex-col flex-grow\">\n<div class=\"min-h-8 text-message flex w-full flex-col items-end gap-2 whitespace-normal break-words text-start &#091;.text-message+&amp;&#093;:mt-5\" dir=\"auto\" data-message-author-role=\"assistant\" data-message-id=\"ecfe4b56-d246-4f87-b9d1-d507a343ad20\" data-message-model-slug=\"gpt-4o\">\n<div class=\"flex w-full flex-col gap-1 empty:hidden first:pt-&#091;3px&#093;\">\n<div class=\"markdown prose w-full break-words dark:prose-invert light\">\n<p data-start=\"3460\" data-end=\"3566\" data-is-last-node=\"\"><strong data-start=\"3460\" data-end=\"3566\" data-is-last-node=\"\">Entdecken Sie noch heute unsere Entw\u00fcrfe und beginnen Sie Ihre Baumhausreise auf die richtige Weise - gut vorbereitet und sorgenfrei!<\/strong><\/p>\n<\/div>\n<\/div>\n<\/div>\n<\/div>\n\n\t\t<\/div>\n\t\t\t\t\t<\/div>\n\n\t\n\n<\/div>\n\n\t\t<\/div>\n\n\t\t\n<style>\n#section_546660015 {\n  padding-top: 60px;\n  padding-bottom: 60px;\n}\n<\/style>\n\t<\/section>\n\t\n\n  <div class=\"banner has-hover\" id=\"banner-1123930504\">\n          <div class=\"banner-inner fill\">\n        <div class=\"banner-bg fill\" >\n            <img decoding=\"async\" width=\"683\" height=\"1024\" src=\"https:\/\/treelofts.com\/wp-content\/uploads\/2025\/02\/How-to-Build-a-Modern-Tree-House-Step-by-Step-Compliance-with-2024-Building-Codes-2.jpg\" class=\"bg attachment-original size-original\" alt=\"\" title=\"\">                        <div class=\"overlay\"><\/div>            \n                    <\/div>\n\t\t\n        <div class=\"banner-layers container\">\n            <div class=\"fill banner-link\"><\/div>            \n\n   <div id=\"text-box-960330805\" class=\"text-box banner-layer x50 md-x50 lg-x50 y50 md-y50 lg-y50 res-text\">\n                                <div class=\"text-box-content text dark\">\n              \n              <div class=\"text-inner text-center\">\n                  \n\n<p>Lassen Sie uns Ihre Vision zum Leben erwecken<\/p>\n<h2><strong>Herstellung von Traum-Baumh\u00e4usern seit 2013<\/strong><\/h2>\n<a href=\"https:\/\/treelofts.com\/de\/kontaktieren-sie-uns\/\" class=\"button white is-outline\"  >\n\t\t<span>Beginnen Sie Ihre Baumhausreise noch heute<\/span>\n\t<\/a>\n\n\n\n              <\/div>\n           <\/div>\n                            \n<style>\n#text-box-960330805 {\n  width: 60%;\n}\n#text-box-960330805 .text-box-content {\n  font-size: 100%;\n}\n<\/style>\n    <\/div>\n \n\n        <\/div>\n      <\/div>\n\n            \n<style>\n#banner-1123930504 {\n  padding-top: 350px;\n}\n#banner-1123930504 .overlay {\n  background-color: rgba(0, 0, 0, 0.17);\n}\n#banner-1123930504 .banner-bg img {\n  object-position: 57% 59%;\n}\n<\/style>\n  <\/div>\n\n\n<div class=\"woocommerce columns-4\"><\/div>\n\n<div class=\"row\"  id=\"row-1623429039\">\n\n\n\n<\/div>","protected":false},"excerpt":{"rendered":"","protected":false},"author":5,"featured_media":0,"parent":0,"menu_order":0,"comment_status":"closed","ping_status":"closed","template":"","meta":{"footnotes":""},"class_list":["post-895","page","type-page","status-publish","hentry"],"_links":{"self":[{"href":"https:\/\/treelofts.com\/de\/wp-json\/wp\/v2\/pages\/895","targetHints":{"allow":["GET"]}}],"collection":[{"href":"https:\/\/treelofts.com\/de\/wp-json\/wp\/v2\/pages"}],"about":[{"href":"https:\/\/treelofts.com\/de\/wp-json\/wp\/v2\/types\/page"}],"author":[{"embeddable":true,"href":"https:\/\/treelofts.com\/de\/wp-json\/wp\/v2\/users\/5"}],"replies":[{"embeddable":true,"href":"https:\/\/treelofts.com\/de\/wp-json\/wp\/v2\/comments?post=895"}],"version-history":[{"count":0,"href":"https:\/\/treelofts.com\/de\/wp-json\/wp\/v2\/pages\/895\/revisions"}],"wp:attachment":[{"href":"https:\/\/treelofts.com\/de\/wp-json\/wp\/v2\/media?parent=895"}],"curies":[{"name":"wp","href":"https:\/\/api.w.org\/{rel}","templated":true}]}}