{"id":907,"date":"2025-02-10T18:15:16","date_gmt":"2025-02-11T02:15:16","guid":{"rendered":"https:\/\/azh5n13ivf.onrocket.site\/?page_id=907"},"modified":"2025-02-12T23:47:55","modified_gmt":"2025-02-13T07:47:55","slug":"konstruktion","status":"publish","type":"page","link":"https:\/\/treelofts.com\/de\/konstruktion\/","title":{"rendered":"Bauwesen"},"content":{"rendered":"<div class=\"banner has-hover\" id=\"banner-39286704\">\n          <div class=\"banner-inner fill\">\n        <div class=\"banner-bg fill\" >\n            <img decoding=\"async\" width=\"906\" height=\"1207\" src=\"https:\/\/treelofts.com\/wp-content\/uploads\/2025\/02\/Dream-Treehouse-5.webp\" class=\"bg attachment-original size-original\" alt=\"Warum luxuri\u00f6se Baumhaus-Resorts der neue Reisetrend sind\" title=\"\">                        <div class=\"overlay\"><\/div>            \n                    <\/div>\n\t\t\n        <div class=\"banner-layers container\">\n            <div class=\"fill banner-link\"><\/div>            \n\n   <div id=\"text-box-766249741\" class=\"text-box banner-layer x50 md-x50 lg-x50 y50 md-y50 lg-y50 res-text\">\n                                <div class=\"text-box-content text dark\">\n              \n              <div class=\"text-inner text-center\">\n                  \n\n<h3>Bauen Sie Ihren Traum zwischen den B\u00e4umen<\/h3>\n<h1 class=\"page-title\"><strong>Bauwesen<\/strong><\/h1>\n<p>Ein Baumhaus ist einzigartig, denn es bietet einen R\u00fcckzugsort und nicht nur ein Geb\u00e4ude. Der Bau eines eigenen Baumhauses ist spannend, egal ob es sich um eine Fluchtm\u00f6glichkeit im Garten, einen fantastischen Spielplatz f\u00fcr Kinder oder einen ruhigen Unterschlupf in der Baumkrone handelt. Um ehrlich zu sein, ist der Bau eines Baumhauses nicht mit dem Bau eines normalen Geb\u00e4udes zu vergleichen. Er erfordert eine sorgf\u00e4ltige Planung, geeignete Materialien und Methoden, die sich der Natur anpassen, anstatt sie zu bek\u00e4mpfen.<\/p>\n<a href=\"https:\/\/treelofts.com\/de\/kontaktieren-sie-uns\/\" class=\"button primary is-underline\"  >\n\t\t<span>Beginnen Sie Ihre Baumhausreise noch heute<\/span>\n\t<\/a>\n\n\n\n              <\/div>\n           <\/div>\n                            \n<style>\n#text-box-766249741 {\n  width: 82%;\n}\n#text-box-766249741 .text-box-content {\n  font-size: 100%;\n}\n<\/style>\n    <\/div>\n \n\n        <\/div>\n      <\/div>\n\n            \n<style>\n#banner-39286704 {\n  padding-top: 665px;\n}\n#banner-39286704 .overlay {\n  background-color: rgba(0,0,0,.5);\n}\n#banner-39286704 .banner-bg img {\n  object-position: 61% 44%;\n}\n@media (min-width:550px) {\n  #banner-39286704 {\n    padding-top: 789px;\n  }\n}\n<\/style>\n  <\/div>\n\n\n<div class=\"row\"  id=\"row-1720709888\">\n\n\n\t<div id=\"col-450139744\" class=\"col small-12 large-12\"  >\n\t\t\t\t<div class=\"col-inner\"  >\n\t\t\t\n\t\t\t\n\n\t<div id=\"text-3852252522\" class=\"text\">\n\t\t\n\n<h2 data-start=\"826\" data-end=\"880\"><strong data-start=\"830\" data-end=\"878\">Bauen f\u00fcr St\u00e4rke, Stabilit\u00e4t und Sicherheit<\/strong><\/h2>\n\t\t\n<style>\n#text-3852252522 {\n  font-size: 1.5rem;\n}\n<\/style>\n\t<\/div>\n\t\n<p>Im Gegensatz zu H\u00e4usern, die auf festem Boden gebaut werden, erfordern Baumh\u00e4user eine besondere technische Sorgfalt. B\u00e4ume wandern mit dem Wind, ihre St\u00e4mme wachsen mit der Zeit und ihr Wurzelwerk muss ungest\u00f6rt bleiben. Um ein langlebiges und stabiles Baumhaus zu bauen, haben bei unseren Entw\u00fcrfen daher Gewichtsverteilung, sichere Befestigungssysteme und baumfreundliche Bauverfahren oberste Priorit\u00e4t.<\/p>\n<p data-start=\"1267\" data-end=\"1298\">Jedes unserer Designs umfasst:<\/p>\n<ul data-start=\"1299\" data-end=\"1677\">\n<li data-start=\"1299\" data-end=\"1400\"><strong data-start=\"1301\" data-end=\"1341\">Professionelle Baupl\u00e4ne<\/strong> - Schritt-f\u00fcr-Schritt-Anleitung f\u00fcr einen reibungslosen, problemlosen Aufbau.<\/li>\n<li data-start=\"1401\" data-end=\"1487\"><strong data-start=\"1403\" data-end=\"1439\">Baumfreundliche Befestigungsmethoden<\/strong> - Sichern Sie das Geb\u00e4ude, ohne die B\u00e4ume zu besch\u00e4digen.<\/li>\n<li data-start=\"1488\" data-end=\"1583\"><strong data-start=\"1490\" data-end=\"1522\">Gewichts- und Lastberechnungen<\/strong> - Gew\u00e4hrleistung von Gleichgewicht und Stabilit\u00e4t f\u00fcr eine lange Lebensdauer.<\/li>\n<li data-start=\"1584\" data-end=\"1677\"><strong data-start=\"1586\" data-end=\"1613\">Angaben zum Material<\/strong> - Wir helfen Ihnen bei der Auswahl des richtigen Holzes, der Befestigungsmittel und der Tr\u00e4ger.<\/li>\n<\/ul>\n<p>Mit diesen gut ausgearbeiteten Ideen k\u00f6nnen sich auch Baumhaus-Neulinge bei der Verwirklichung ihres Traumbaumhauses sicher f\u00fchlen.<\/p>\n\t<div id=\"gap-1341390044\" class=\"gap-element clearfix\" style=\"display:block; height:auto;\">\n\t\t\n<style>\n#gap-1341390044 {\n  padding-top: 30px;\n}\n<\/style>\n\t<\/div>\n\t\n\n\t<div id=\"text-1909851297\" class=\"text\">\n\t\t\n\n<h2 data-start=\"1820\" data-end=\"1854\"><strong data-start=\"1824\" data-end=\"1852\">Ihr Baumhaus, Ihre Art<\/strong><\/h2>\n\t\t\n<style>\n#text-1909851297 {\n  font-size: 1.5rem;\n}\n<\/style>\n\t<\/div>\n\t\n<p>Eine der am h\u00e4ufigsten gestellten Fragen ist: Soll ich einen Bauunternehmer beauftragen oder das Baumhaus selbst bauen? Die Antwort h\u00e4ngt von Ihrer Erfahrung, Ihrer Zeit und dem Grad der Komplexit\u00e4t der Konstruktion ab.<\/p>\n<p>Nach unseren sorgf\u00e4ltigen Entw\u00fcrfen und der Beschaffung eigener Werkzeuge und Materialien entscheiden sich einige unserer Kunden, ihr Baumhaus selbst zu bauen. Andere m\u00f6chten vielleicht mit einem Bauunternehmer zusammenarbeiten, der den Entwurf pr\u00e4zise umsetzen kann. F\u00fcr welchen Weg Sie sich auch immer entscheiden, unsere professionell erstellten Entw\u00fcrfe vereinfachen und erm\u00f6glichen den Prozess.<\/p>\n<p>Mark, einer unserer Kunden, wollte f\u00fcr seinen zehnj\u00e4hrigen Sohn Jake ein Baumhaus bauen. Der Gedanke, ganz von vorne anzufangen, \u00fcberforderte ihn ohne vorherige Bauerfahrung. Er entschied sich f\u00fcr eines unserer mittelgro\u00dfen Baumhausdesigns und baute es dann anhand unserer detaillierten Anleitung unter der Leitung eines Zimmermanns aus der N\u00e4he fertig. Mark erz\u00e4hlte uns:<br data-start=\"2803\" data-end=\"2806\" \/><em data-start=\"2806\" data-end=\"3047\">\"Dieses Baumhaus ist besser geworden, als ich es mir je vorgestellt habe! Der Bauplan war leicht zu befolgen, und ich hatte das gute Gef\u00fchl, dass alles sicherheitsgerecht konstruiert war. Und das Beste daran? Jakes strahlendes Gesicht zu sehen, als er sein neues Versteck in der Baumkrone sah!\"<\/em><\/p>\n<p><strong>wir lieben es zu sehen, wie unsere Entw\u00fcrfe Menschen helfen, ihre Baumhaustr\u00e4ume zu verwirklichen.<\/strong><\/p>\n\t<div id=\"gap-2036534951\" class=\"gap-element clearfix\" style=\"display:block; height:auto;\">\n\t\t\n<style>\n#gap-2036534951 {\n  padding-top: 30px;\n}\n<\/style>\n\t<\/div>\n\t\n\n\t<div id=\"text-4215704814\" class=\"text\">\n\t\t\n\n\n\t\t\n<style>\n#text-4215704814 {\n  font-size: 1.5rem;\n}\n<\/style>\n\t<\/div>\n\t\n<p>Beim Bau eines Baumhauses geht es darum, einen Ort f\u00fcr Abenteuer, Freizeit und lebenslange Erinnerungen zu schaffen - und nicht nur darum, N\u00e4gel und Holz zu schlagen. Ein gut gebautes Baumhaus bietet einen sicheren Zufluchtsort in der freien Natur und sollte sich wie eine nat\u00fcrliche Erweiterung der B\u00e4ume anf\u00fchlen.<\/p>\n<p>Die professionell erstellten Baupl\u00e4ne von Treelofts enthalten alles, was Sie brauchen, um ein stabiles, ausgewogenes und elegant integriertes Baumhaus zu bauen, das ein Leben lang h\u00e4lt. Ganz gleich, ob Ihre Idee ein einfaches Versteck im Garten oder eine mehrst\u00f6ckige Baumkrone ist, unsere Entw\u00fcrfe vereinfachen den Bauprozess und verhelfen Ihnen zum Erfolg.<\/p>\n<p><strong>Sehen Sie sich jetzt unsere Baumhaus-Designs an und beginnen Sie Ihren Weg zum idealen Versteck in der Baumkrone!<\/strong><\/p>\n\n\t\t<\/div>\n\t\t\t\t\t<\/div>\n\n\t\n\n\n<style>\n#row-1720709888 > .col > .col-inner {\n  padding: 50px 0px 50px 0px;\n}\n<\/style>\n<\/div>\n\n  <div class=\"banner has-hover\" id=\"banner-1033999759\">\n          <div class=\"banner-inner fill\">\n        <div class=\"banner-bg fill\" >\n            <img decoding=\"async\" width=\"916\" height=\"1221\" src=\"https:\/\/treelofts.com\/wp-content\/uploads\/2025\/02\/Dream-Treehouse-1.jpeg\" class=\"bg attachment-original size-original\" alt=\"\" title=\"\">                        <div class=\"overlay\"><\/div>            \n                    <\/div>\n\t\t\n        <div class=\"banner-layers container\">\n            <div class=\"fill banner-link\"><\/div>            \n\n   <div id=\"text-box-1681767962\" class=\"text-box banner-layer x50 md-x50 lg-x50 y50 md-y50 lg-y50 res-text\">\n                                <div class=\"text-box-content text dark\">\n              \n              <div class=\"text-inner text-center\">\n                  \n\n<p>Lassen Sie uns Ihre Vision zum Leben erwecken<\/p>\n<h2><strong>Herstellung von Traum-Baumh\u00e4usern seit 2013<\/strong><\/h2>\n<a href=\"https:\/\/treelofts.com\/de\/kontaktieren-sie-uns\/\" class=\"button white is-outline\"  >\n\t\t<span>Beginnen Sie Ihre Baumhausreise noch heute<\/span>\n\t<\/a>\n\n\n\n              <\/div>\n           <\/div>\n                            \n<style>\n#text-box-1681767962 {\n  width: 60%;\n}\n#text-box-1681767962 .text-box-content {\n  font-size: 100%;\n}\n<\/style>\n    <\/div>\n \n\n        <\/div>\n      <\/div>\n\n            \n<style>\n#banner-1033999759 {\n  padding-top: 350px;\n}\n#banner-1033999759 .overlay {\n  background-color: rgba(0, 0, 0, 0.17);\n}\n#banner-1033999759 .banner-bg img {\n  object-position: 65% 22%;\n}\n<\/style>\n  <\/div>\n\n\n<div class=\"woocommerce columns-4\"><\/div>\n\n<div class=\"row\"  id=\"row-1641397340\">\n\n\n\n<\/div>","protected":false},"excerpt":{"rendered":"","protected":false},"author":5,"featured_media":0,"parent":0,"menu_order":0,"comment_status":"closed","ping_status":"closed","template":"","meta":{"footnotes":""},"class_list":["post-907","page","type-page","status-publish","hentry"],"_links":{"self":[{"href":"https:\/\/treelofts.com\/de\/wp-json\/wp\/v2\/pages\/907","targetHints":{"allow":["GET"]}}],"collection":[{"href":"https:\/\/treelofts.com\/de\/wp-json\/wp\/v2\/pages"}],"about":[{"href":"https:\/\/treelofts.com\/de\/wp-json\/wp\/v2\/types\/page"}],"author":[{"embeddable":true,"href":"https:\/\/treelofts.com\/de\/wp-json\/wp\/v2\/users\/5"}],"replies":[{"embeddable":true,"href":"https:\/\/treelofts.com\/de\/wp-json\/wp\/v2\/comments?post=907"}],"version-history":[{"count":0,"href":"https:\/\/treelofts.com\/de\/wp-json\/wp\/v2\/pages\/907\/revisions"}],"wp:attachment":[{"href":"https:\/\/treelofts.com\/de\/wp-json\/wp\/v2\/media?parent=907"}],"curies":[{"name":"wp","href":"https:\/\/api.w.org\/{rel}","templated":true}]}}