{"id":924,"date":"2025-02-10T18:37:52","date_gmt":"2025-02-11T02:37:52","guid":{"rendered":"https:\/\/azh5n13ivf.onrocket.site\/?page_id=924"},"modified":"2025-02-12T23:53:36","modified_gmt":"2025-02-13T07:53:36","slug":"verbindungselemente","status":"publish","type":"page","link":"https:\/\/treelofts.com\/de\/verbindungselemente\/","title":{"rendered":"Befestigungselemente"},"content":{"rendered":"<div class=\"banner has-hover\" id=\"banner-281591349\">\n          <div class=\"banner-inner fill\">\n        <div class=\"banner-bg fill\" >\n            <img decoding=\"async\" width=\"899\" height=\"1199\" src=\"https:\/\/treelofts.com\/wp-content\/uploads\/2025\/02\/tree-house-1-1.jpeg\" class=\"bg attachment-original size-original\" alt=\"\" title=\"\">                        <div class=\"overlay\"><\/div>            \n                    <\/div>\n\t\t\n        <div class=\"banner-layers container\">\n            <div class=\"fill banner-link\"><\/div>            \n\n   <div id=\"text-box-304711240\" class=\"text-box banner-layer x50 md-x50 lg-x50 y50 md-y50 lg-y50 res-text\">\n                                <div class=\"text-box-content text dark\">\n              \n              <div class=\"text-inner text-center\">\n                  \n\n<h3>Der Schl\u00fcssel zu einem sicheren und stabilen Baumhaus<\/h3>\n<h1 class=\"uppercase\"><strong>Befestigungselemente<\/strong><\/h1>\n<p>Beim Bau eines Baumhauses konzentriert man sich in der Regel auf das Design, die Materialien und den Standort, doch ein kleines Detail - die Verschl\u00fcsse - ist absolut wichtig, um alles zusammenzuhalten. Ihr Baumhaus wird durch diese kleinen, aber m\u00e4chtigen Teile stabil, langlebig und sicher gehalten. Die richtigen Verbindungselemente sorgen daf\u00fcr, dass Ihre Konstruktion dem Gewicht standh\u00e4lt, den Umweltbedingungen widersteht und die Bewegung der B\u00e4ume erm\u00f6glicht, ohne dass diese besch\u00e4digt werden.<\/p>\n<a href=\"https:\/\/treelofts.com\/de\/kontaktieren-sie-uns\/\" class=\"button primary is-underline\"  >\n\t\t<span>Beginnen Sie Ihre Baumhausreise noch heute<\/span>\n\t<\/a>\n\n\n\n              <\/div>\n           <\/div>\n                            \n<style>\n#text-box-304711240 {\n  width: 88%;\n}\n#text-box-304711240 .text-box-content {\n  font-size: 100%;\n}\n<\/style>\n    <\/div>\n \n\n        <\/div>\n      <\/div>\n\n            \n<style>\n#banner-281591349 {\n  padding-top: 682px;\n}\n#banner-281591349 .overlay {\n  background-color: rgba(0,0,0,.5);\n}\n#banner-281591349 .banner-bg img {\n  object-position: 59% 47%;\n}\n@media (min-width:550px) {\n  #banner-281591349 {\n    padding-top: 789px;\n  }\n}\n<\/style>\n  <\/div>\n\n\n<div class=\"row\"  id=\"row-1639918821\">\n\n\n\t<div id=\"col-452548811\" class=\"col small-12 large-12\"  >\n\t\t\t\t<div class=\"col-inner\"  >\n\t\t\t\n\t\t\t\n\n\t<div id=\"text-1710855827\" class=\"text\">\n\t\t\n\n<h2 data-start=\"885\" data-end=\"941\"><strong data-start=\"889\" data-end=\"939\">Warum Befestigungselemente beim Bau eines Baumhauses wichtig sind<\/strong><\/h2>\n\t\t\n<style>\n#text-1710855827 {\n  font-size: 1.5rem;\n}\n<\/style>\n\t<\/div>\n\t\n<p>Die Errichtung eines Baumhauses ist nicht mit der Errichtung eines Geb\u00e4udes auf ebenem Boden zu vergleichen. B\u00e4ume wandern, entwickeln sich und dehnen sich aus, daher muss Ihr Baumhaus fest verankert, aber auch anpassungsf\u00e4hig genug sein, um nat\u00fcrliche Bewegungen zu erm\u00f6glichen. Die Verwendung falscher Befestigungsmittel kann zur Instabilit\u00e4t der Struktur, zu losen Befestigungen oder sogar zu Sch\u00e4den am Baum selbst f\u00fchren. Befestigungselemente spielen eine wichtige Rolle:<\/p>\n<ul data-start=\"1329\" data-end=\"1670\">\n<li data-start=\"1329\" data-end=\"1426\"><strong data-start=\"1331\" data-end=\"1386\">Sichere Befestigung der Konstruktion am Baum<\/strong> ohne \u00fcberm\u00e4\u00dfige Bohrungen oder Besch\u00e4digungen.<\/li>\n<li data-start=\"1427\" data-end=\"1510\"><strong data-start=\"1429\" data-end=\"1459\">Gleichm\u00e4\u00dfige Verteilung des Gewichts<\/strong>Dadurch wird die Belastung eines einzelnen Bereichs des Baumes verringert.<\/li>\n<li data-start=\"1511\" data-end=\"1587\"><strong data-start=\"1513\" data-end=\"1554\">Erm\u00f6glichung von Wachstum und Bewegung der B\u00e4ume<\/strong>und sorgt f\u00fcr langfristige Stabilit\u00e4t.<\/li>\n<li data-start=\"1588\" data-end=\"1670\"><strong data-start=\"1590\" data-end=\"1633\">Verhinderung von Korrosion und Verschlei\u00df im Laufe der Zeit<\/strong>besonders unter Au\u00dfenbedingungen.<\/li>\n<\/ul>\n\t<div id=\"gap-748324590\" class=\"gap-element clearfix\" style=\"display:block; height:auto;\">\n\t\t\n<style>\n#gap-748324590 {\n  padding-top: 30px;\n}\n<\/style>\n\t<\/div>\n\t\n\n\t<div id=\"text-2218993459\" class=\"text\">\n\t\t\n\n<h2 data-start=\"1817\" data-end=\"1874\"><strong data-start=\"1821\" data-end=\"1872\">Die Wahl der richtigen Befestigungselemente f\u00fcr Ihr Baumhaus<\/strong><\/h2>\n\t\t\n<style>\n#text-2218993459 {\n  font-size: 1.5rem;\n}\n<\/style>\n\t<\/div>\n\t\n<p>Nicht alle Befestigungsmittel sind gleich, daher ist die Auswahl der richtigen beim Bau eines Baumhauses sehr wichtig. Die Art der Befestigungsmittel, die Sie verwenden, wird sich im Laufe der Zeit auf den Zustand des Baumes und damit auf Ihr Baumhaus auswirken.<\/p>\n<p>Baumhausbefestigungsbolzen (TABS) geh\u00f6ren zu den besseren Entscheidungen f\u00fcr die Befestigung eines Baumhauses. Diese speziell f\u00fcr den Bau von Baumh\u00e4usern entwickelten Hochleistungsbolzen bieten eine hohe Festigkeit, ohne die Integrit\u00e4t des Baumes zu beeintr\u00e4chtigen. TABs lassen den Baum um sie herum heilen und bieten so einen sichereren und dauerhafteren Verbindungspunkt als gew\u00f6hnliche Schrauben oder N\u00e4gel, die schwere Wunden verursachen k\u00f6nnen, die den Baum schw\u00e4chen.<\/p>\n<p>Ein weiterer wichtiger Faktor sind Schrauben im Vergleich zu N\u00e4geln. Obwohl viele glauben, dass N\u00e4gel eine schnelle und einfache L\u00f6sung sind, eignen sie sich nicht f\u00fcr den Bau eines Baumhauses. Da der Baum schwankt, k\u00f6nnen sich N\u00e4gel mit der Zeit lockern; au\u00dferdem haben sie nicht die gleiche Haltekraft wie Schrauben. Da sie an Ort und Stelle bleiben, das Gewicht effizienter verteilen und langfristig weniger Wartungsprobleme verursachen, sind qualitativ hochwertige Zug- oder Strukturschrauben die weitaus bessere Wahl.<\/p>\n<p>Auch das Material der Befestigungselemente ist wichtig. Da Ihr Baumhaus im Freien stehen wird, sollten Sie Schrauben aus korrosionsbest\u00e4ndigen Materialien wie rostfreiem Stahl oder verzinktem Stahl verwenden. Diese Materialien garantieren, dass Ihre Befestigungselemente jahrelang stabil und sicher bleiben und nicht rosten. Qualitativ minderwertige Verbindungselemente k\u00f6nnen sich abnutzen und so Ihre Konstruktion mit der Zeit schw\u00e4chen.<\/p>\n\t<div id=\"gap-666958484\" class=\"gap-element clearfix\" style=\"display:block; height:auto;\">\n\t\t\n<style>\n#gap-666958484 {\n  padding-top: 30px;\n}\n<\/style>\n\t<\/div>\n\t\n\n\t<div id=\"text-2114569605\" class=\"text\">\n\t\t\n\n<h2 data-start=\"3446\" data-end=\"3511\"><strong data-start=\"3450\" data-end=\"3509\">Verbindungselemente und Baumbewegungen - Flexibilit\u00e4t bei der Planung<\/strong><\/h2>\n\t\t\n<style>\n#text-2114569605 {\n  font-size: 1.5rem;\n}\n<\/style>\n\t<\/div>\n\t\n<p>Die Bewegung von B\u00e4umen zu ignorieren, ist einer der gr\u00f6\u00dften Fehler bei der Planung eines Baumhauses. Baumh\u00e4user sind an lebende, wachsende B\u00e4ume gebunden, die im Wind schwingen, sich mit der Zeit ausdehnen und sich im Gegensatz zu herk\u00f6mmlichen Geb\u00e4uden mit den Jahreszeiten bewegen. Wenn die Befestigungselemente nicht flexibel genug sind, kann Ihr Baumhaus Spannungsbr\u00fcche erleiden, die Befestigung versagen oder sogar der Baum selbst besch\u00e4digt werden.<\/p>\n<p>Ein Baumhaus muss sicher, aber nicht starr sein, daher sind flexible Befestigungstechniken sehr wichtig. Unsere Entw\u00fcrfe garantieren, dass sich Ihr Baumhaus organisch mit den B\u00e4umen bewegen kann, indem wir schwimmende Halterungen, gleitende Befestigungssysteme und eine gezielte Lastverteilung einsetzen. Diese Methoden dienen dazu, die Belastung der B\u00e4ume und der Konstruktion zu verringern und so die Sicherheit und Haltbarkeit Ihres Baumhauses zu erh\u00f6hen.<\/p>\n\t<div id=\"gap-1110645301\" class=\"gap-element clearfix\" style=\"display:block; height:auto;\">\n\t\t\n<style>\n#gap-1110645301 {\n  padding-top: 30px;\n}\n<\/style>\n\t<\/div>\n\t\n\n\t<div id=\"text-1948731478\" class=\"text\">\n\t\t\n\n<h2 data-start=\"5352\" data-end=\"5412\"><strong data-start=\"5356\" data-end=\"5410\">Bauen mit Zuversicht - W\u00e4hlen Sie die richtigen Verbindungselemente<\/strong><\/h2>\n\t\t\n<style>\n#text-1948731478 {\n  font-size: 1.5rem;\n}\n<\/style>\n\t<\/div>\n\t\n<p>Die St\u00e4rke eines Baumhauses wird durch die Befestigungsmittel begrenzt, die es zusammenhalten. Ihre Konstruktion wird sicher und langlebig sein, wenn Sie witterungsbest\u00e4ndige Materialien und die richtigen Befestigungsbolzen und Schrauben w\u00e4hlen. Die Wahl hochwertiger Befestigungsmittel macht den Unterschied in der Stabilit\u00e4t, Lebensdauer und Sicherheit Ihres Baumhauses aus, egal ob Sie es selbst bauen oder einen Bauunternehmer beauftragen.<\/p>\n<p>Unsere sorgf\u00e4ltig ausgearbeiteten Entw\u00fcrfe bei Treelofts machen das R\u00e4tselraten bei der Wahl der Befestigungsmittel \u00fcberfl\u00fcssig und bieten Ihnen detaillierte Anweisungen und Empfehlungen, um sicherzustellen, dass Ihr Baumhaus korrekt gebaut wird.<\/p>\n<p><strong>Sehen Sie sich jetzt unsere Entw\u00fcrfe an und beginnen Sie Ihr Baumhaus-Abenteuer mit den besten Materialien f\u00fcr diese Aufgabe!<\/strong><\/p>\n\n\t\t<\/div>\n\t\t\t\t\t<\/div>\n\n\t\n\n\n<style>\n#row-1639918821 > .col > .col-inner {\n  padding: 60px 0px 60px 0px;\n}\n<\/style>\n<\/div>\n\n  <div class=\"banner has-hover\" id=\"banner-1567316960\">\n          <div class=\"banner-inner fill\">\n        <div class=\"banner-bg fill\" >\n            <img decoding=\"async\" width=\"1024\" height=\"683\" src=\"https:\/\/treelofts.com\/wp-content\/uploads\/2025\/02\/Tree-House-39.jpg\" class=\"bg attachment-original size-original\" alt=\"\" title=\"\">                        <div class=\"overlay\"><\/div>            \n                    <\/div>\n\t\t\n        <div class=\"banner-layers container\">\n            <div class=\"fill banner-link\"><\/div>            \n\n   <div id=\"text-box-322404901\" class=\"text-box banner-layer x50 md-x50 lg-x50 y50 md-y50 lg-y50 res-text\">\n                                <div class=\"text-box-content text dark\">\n              \n              <div class=\"text-inner text-center\">\n                  \n\n<p>Lassen Sie uns Ihre Vision zum Leben erwecken<\/p>\n<h2><strong>Herstellung von Traum-Baumh\u00e4usern seit 2013<\/strong><\/h2>\n<a href=\"https:\/\/treelofts.com\/de\/kontaktieren-sie-uns\/\" class=\"button white is-outline\"  >\n\t\t<span>Beginnen Sie Ihre Baumhausreise noch heute<\/span>\n\t<\/a>\n\n\n\n              <\/div>\n           <\/div>\n                            \n<style>\n#text-box-322404901 {\n  width: 60%;\n}\n#text-box-322404901 .text-box-content {\n  font-size: 100%;\n}\n<\/style>\n    <\/div>\n \n\n        <\/div>\n      <\/div>\n\n            \n<style>\n#banner-1567316960 {\n  padding-top: 350px;\n}\n#banner-1567316960 .overlay {\n  background-color: rgba(0, 0, 0, 0.17);\n}\n#banner-1567316960 .banner-bg img {\n  object-position: 47% 65%;\n}\n<\/style>\n  <\/div>\n\n\n<div class=\"woocommerce columns-4\"><\/div>\n\n<div class=\"row\"  id=\"row-962624705\">\n\n\n\n<\/div>","protected":false},"excerpt":{"rendered":"","protected":false},"author":5,"featured_media":0,"parent":0,"menu_order":0,"comment_status":"closed","ping_status":"closed","template":"","meta":{"footnotes":""},"class_list":["post-924","page","type-page","status-publish","hentry"],"_links":{"self":[{"href":"https:\/\/treelofts.com\/de\/wp-json\/wp\/v2\/pages\/924","targetHints":{"allow":["GET"]}}],"collection":[{"href":"https:\/\/treelofts.com\/de\/wp-json\/wp\/v2\/pages"}],"about":[{"href":"https:\/\/treelofts.com\/de\/wp-json\/wp\/v2\/types\/page"}],"author":[{"embeddable":true,"href":"https:\/\/treelofts.com\/de\/wp-json\/wp\/v2\/users\/5"}],"replies":[{"embeddable":true,"href":"https:\/\/treelofts.com\/de\/wp-json\/wp\/v2\/comments?post=924"}],"version-history":[{"count":0,"href":"https:\/\/treelofts.com\/de\/wp-json\/wp\/v2\/pages\/924\/revisions"}],"wp:attachment":[{"href":"https:\/\/treelofts.com\/de\/wp-json\/wp\/v2\/media?parent=924"}],"curies":[{"name":"wp","href":"https:\/\/api.w.org\/{rel}","templated":true}]}}