{"id":964,"date":"2025-02-10T19:03:58","date_gmt":"2025-02-11T03:03:58","guid":{"rendered":"https:\/\/azh5n13ivf.onrocket.site\/?page_id=964"},"modified":"2025-02-12T23:51:43","modified_gmt":"2025-02-13T07:51:43","slug":"teilerstellung","status":"publish","type":"page","link":"https:\/\/treelofts.com\/de\/teilerstellung\/","title":{"rendered":"Teilweiser Aufbau"},"content":{"rendered":"<div class=\"banner has-hover\" id=\"banner-246278599\">\n          <div class=\"banner-inner fill\">\n        <div class=\"banner-bg fill\" >\n            <img decoding=\"async\" width=\"1024\" height=\"683\" src=\"https:\/\/treelofts.com\/wp-content\/uploads\/2025\/02\/Tree-House-45.jpg\" class=\"bg attachment-original size-original\" alt=\"Wie man ein Baumhaus baut, das sicher, lustig und langlebig ist\" title=\"\">                        <div class=\"overlay\"><\/div>            \n                    <\/div>\n\t\t\n        <div class=\"banner-layers container\">\n            <div class=\"fill banner-link\"><\/div>            \n\n   <div id=\"text-box-26561269\" class=\"text-box banner-layer x50 md-x50 lg-x50 y50 md-y50 lg-y50 res-text\">\n                                <div class=\"text-box-content text dark\">\n              \n              <div class=\"text-inner text-center\">\n                  \n\n<h3>Wie man ein Baumhaus selbst baut<\/h3>\n<h1 class=\"uppercase\"><strong>Teilweiser Aufbau<\/strong><\/h1>\n<p>Sie haben sich schon immer nach einem Baumhaus gesehnt - Ihr eigenes kleines Refugium in den Wipfeln, ein Ort zum Entspannen, Spielen oder sogar Arbeiten. Doch dann kommt die Realit\u00e4t ins Spiel. Wie kann man ein solches wirklich bauen? Ist einer von euch ein Schreiner? Wird es ewig so weitergehen? K\u00f6nnen Sie es tats\u00e4chlich selbst machen?<\/p>\n\n              <\/div>\n           <\/div>\n                            \n<style>\n#text-box-26561269 {\n  width: 87%;\n}\n#text-box-26561269 .text-box-content {\n  font-size: 100%;\n}\n<\/style>\n    <\/div>\n \n\n        <\/div>\n      <\/div>\n\n            \n<style>\n#banner-246278599 {\n  padding-top: 763px;\n}\n#banner-246278599 .overlay {\n  background-color: rgba(0,0,0,.5);\n}\n#banner-246278599 .banner-bg img {\n  object-position: 37% 64%;\n}\n@media (min-width:550px) {\n  #banner-246278599 {\n    padding-top: 800px;\n  }\n}\n<\/style>\n  <\/div>\n\n\n\n\t<section class=\"section\" id=\"section_522548152\">\n\t\t<div class=\"section-bg fill\" >\n\t\t\t\t\t\t\t\t\t\n\t\t\t\n\n\t\t<\/div>\n\n\t\t\n\n\t\t<div class=\"section-content relative\">\n\t\t\t\n\n<div class=\"row row-collapse align-middle\" style=\"max-width:1300px\" id=\"row-404865098\">\n\n\n\t<div id=\"col-1371656384\" class=\"col small-12 large-12\"  >\n\t\t\t\t<div class=\"col-inner\" style=\"background-color:rgb(246, 246, 246);\" >\n\t\t\t\n\t\t\t\n\n<div class=\"row row-collapse align-middle\" style=\"max-width:1300px\" id=\"row-191442003\">\n\n\n\t<div id=\"col-1511018581\" class=\"col medium-12 small-12 large-6\"  >\n\t\t\t\t<div class=\"col-inner\"  >\n\t\t\t\n\t\t\t\n\n\n  <div class=\"banner has-hover\" id=\"banner-662586766\">\n          <div class=\"banner-inner fill\">\n        <div class=\"banner-bg fill\" >\n            <img decoding=\"async\" width=\"640\" height=\"800\" src=\"https:\/\/treelofts.com\/wp-content\/uploads\/2025\/02\/Tree-House-19-640x800.jpg\" class=\"bg attachment-large size-large\" alt=\"\" title=\"\">                                    \n                    <\/div>\n\t\t\n        <div class=\"banner-layers container\">\n            <div class=\"fill banner-link\"><\/div>            \n\n   <div id=\"text-box-429620273\" class=\"text-box banner-layer x50 md-x50 lg-x50 y50 md-y50 lg-y50 res-text\">\n                                <div class=\"text-box-content text dark\">\n              \n              <div class=\"text-inner text-center\">\n                  \n\n\n              <\/div>\n           <\/div>\n                            \n<style>\n#text-box-429620273 {\n  width: 60%;\n}\n#text-box-429620273 .text-box-content {\n  font-size: 100%;\n}\n@media (min-width:550px) {\n  #text-box-429620273 {\n    width: 60%;\n  }\n}\n<\/style>\n    <\/div>\n \n\n        <\/div>\n      <\/div>\n\n            \n<style>\n#banner-662586766 {\n  padding-top: 300px;\n  background-color: rgb(255,255,255);\n}\n@media (min-width:550px) {\n  #banner-662586766 {\n    padding-top: 400px;\n  }\n}\n@media (min-width:850px) {\n  #banner-662586766 {\n    padding-top: 500px;\n  }\n}\n<\/style>\n  <\/div>\n\n\n\n\t\t<\/div>\n\t\t\t\t\t<\/div>\n\n\t\n\n\t<div id=\"col-858038952\" class=\"col medium-12 small-12 large-6\"  >\n\t\t\t\t<div class=\"col-inner\" style=\"background-color:rgb(246, 246, 246);\" >\n\t\t\t\n\t\t\t\n\n<p>Die gute Nachricht ist, dass Sie bei der Gestaltung Ihres eigenen Baumhauses sehr frei sind. Der Bau eines Baumhauses kann zu den befriedigendsten Heimwerkeraufgaben geh\u00f6ren, die Sie je in Angriff nehmen werden - mit dem richtigen Entwurf, etwas Vorbereitung und ein wenig Geduld. Wir helfen Ihnen dabei, ganz gleich, ob Sie sich voll und ganz in das Projekt einbringen m\u00f6chten oder ob Sie nur bestimmte Bauaufgaben \u00fcbernehmen und f\u00fcr schwierigere Phasen professionelle Hilfe in Anspruch nehmen m\u00f6chten.<\/p>\n<p>Bei Treelofts bieten wir gut ausgearbeitete Baumhauspl\u00e4ne an, die das R\u00e4tselraten eliminieren. Obwohl wir keine Vor-Ort-Installation anbieten, stellen unsere detaillierten Anweisungen sicher, dass Sie (oder Ihr Bauunternehmer) alle erforderlichen Kenntnisse haben, um ein erstaunliches, starkes und sicheres Baumhaus zu bauen.<\/p>\n<a href=\"https:\/\/treelofts.com\/de\/kontaktieren-sie-uns\/\" class=\"button white is-outline\"  style=\"border-radius:10px;padding:10px 25px 10px 25px;\">\n\t\t<span>Beginnen Sie Ihre Baumhausreise noch heute<\/span>\n\t<\/a>\n\n\n\n\t\t<\/div>\n\t\t\t\t\n<style>\n#col-858038952 > .col-inner {\n  padding: 40px 30px 30px 30px;\n}\n@media (min-width:550px) {\n  #col-858038952 > .col-inner {\n    padding: 50px 75px 50px 75px;\n  }\n}\n@media (min-width:850px) {\n  #col-858038952 > .col-inner {\n    padding: 0px 75px 0px 75px;\n  }\n}\n<\/style>\n\t<\/div>\n\n\t\n\n<\/div>\n\n\t\t<\/div>\n\t\t\t\t\t<\/div>\n\n\t\n\n<\/div>\n\n\t\t<\/div>\n\n\t\t\n<style>\n#section_522548152 {\n  padding-top: 60px;\n  padding-bottom: 60px;\n}\n<\/style>\n\t<\/section>\n\t\n<div class=\"row row-collapse row-full-width\"  id=\"row-1021191170\">\n\n\n\t<div id=\"col-1806109929\" class=\"col medium-6 small-12 large-6\"  >\n\t\t\t\t<div class=\"col-inner\"  >\n\t\t\t\n\t\t\t\n\n\n  <div class=\"banner has-hover\" id=\"banner-1686978101\">\n          <div class=\"banner-inner fill\">\n        <div class=\"banner-bg fill\" >\n            <img decoding=\"async\" width=\"1024\" height=\"668\" src=\"https:\/\/treelofts.com\/wp-content\/uploads\/2025\/02\/Tree-House-113.jpg\" class=\"bg attachment-original size-original\" alt=\"\" title=\"\">                                    \n                    <\/div>\n\t\t\n        <div class=\"banner-layers container\">\n            <div class=\"fill banner-link\"><\/div>            \n\n   <div id=\"text-box-458833290\" class=\"text-box banner-layer x50 md-x50 lg-x50 y50 md-y50 lg-y50 res-text\">\n                                <div class=\"text-box-content text dark\">\n              \n              <div class=\"text-inner text-center\">\n                  \n\n\n              <\/div>\n           <\/div>\n                            \n<style>\n#text-box-458833290 {\n  width: 60%;\n}\n#text-box-458833290 .text-box-content {\n  font-size: 100%;\n}\n<\/style>\n    <\/div>\n \n\n        <\/div>\n      <\/div>\n\n            \n<style>\n#banner-1686978101 {\n  padding-top: 300px;\n  background-color: rgba(255, 255, 255, 0);\n}\n#banner-1686978101 .banner-bg img {\n  object-position: 54% 59%;\n}\n@media (min-width:550px) {\n  #banner-1686978101 {\n    padding-top: 350px;\n  }\n}\n@media (min-width:850px) {\n  #banner-1686978101 {\n    padding-top: 749px;\n  }\n}\n<\/style>\n  <\/div>\n\n\n\n\t\t<\/div>\n\t\t\t\t\t<\/div>\n\n\t\n\n\t<div id=\"col-1873975899\" class=\"col medium-6 small-12 large-6\"  >\n\t\t\t\t<div class=\"col-inner\"  >\n\t\t\t\n\t\t\t\n\n\n\t<section class=\"section\" id=\"section_960252131\">\n\t\t<div class=\"section-bg fill\" >\n\t\t\t\t\t\t\t\t\t\n\t\t\t\n\n\t\t<\/div>\n\n\t\t\n\n\t\t<div class=\"section-content relative\">\n\t\t\t\n\n<div class=\"row align-center\"  id=\"row-1570352306\">\n\n\n\t<div id=\"col-966357848\" class=\"col medium-10 small-12 large-9\"  >\n\t\t\t\t<div class=\"col-inner text-center\"  >\n\t\t\t\n\t\t\t\n\n\t<div id=\"gap-1627867456\" class=\"gap-element clearfix\" style=\"display:block; height:auto;\">\n\t\t\n<style>\n#gap-1627867456 {\n  padding-top: 40px;\n}\n<\/style>\n\t<\/div>\n\t\n\n\t<div id=\"text-3870626876\" class=\"text\">\n\t\t\n\n<h2 style=\"text-align: left;\" data-start=\"1070\" data-end=\"1114\"><strong data-start=\"1074\" data-end=\"1112\">Schritt 1: Planen Sie Ihren Bau wie ein Profi<\/strong><\/h2>\n\t\t\n<style>\n#text-3870626876 {\n  font-size: 1.5rem;\n}\n<\/style>\n\t<\/div>\n\t\n<p style=\"text-align: left;\">Bevor Sie anfangen, in B\u00e4ume zu bohren oder Holz zu f\u00e4llen, brauchen Sie einen klaren Plan. Das ist absolut unerl\u00e4sslich, denn es spart Ihnen Geld, Zeit und \u00c4rger im Nachhinein.<\/p>\n<p style=\"text-align: left;\">W\u00e4hlen Sie zun\u00e4chst den richtigen Baum. Nicht jeder Baum eignet sich f\u00fcr ein Baumhaus. Sie brauchen einen ausgewachsenen, robusten Baum mit soliden Wurzeln und einem starken Stamm. Vergewissern Sie sich, dass die B\u00e4ume, zwischen denen Sie bauen, dem Gewicht der Konstruktion standhalten und die richtigen Abst\u00e4nde haben.<\/p>\n<p style=\"text-align: left;\">W\u00e4hlen Sie dann das Design f\u00fcr Ihr Baumhaus. Unsere Sammlung professioneller Pl\u00e4ne reicht von Verstecken im Hinterhof bis hin zu mehrst\u00f6ckigen Baumkronen. W\u00e4hlen Sie ein Design, das zu Ihrem Budget, Ihren Bed\u00fcrfnissen und Ihren F\u00e4higkeiten als Heimwerker passt.<\/p>\n<p style=\"text-align: left;\">Sammeln Sie endlich Ihre Werkzeuge und Materialien. Ein Baumhaus braucht starkes, witterungsbest\u00e4ndiges Holz, geeignete Befestigungsmittel und speziell baumfreundliche Schrauben - wie die Treehouse Attachment Bolts (TABs). Die Pl\u00e4ne von Treelofts enthalten Materialvorschl\u00e4ge, die die Beschaffung vereinfachen sollen.<\/p>\n<a href=\"https:\/\/treelofts.com\/de\/kontaktieren-sie-uns\/\" class=\"button secondary\"  style=\"border-radius:99px;padding:5px 20px 5px 20px;\">\n\t\t<span>Kontakt<\/span>\n\t<\/a>\n\n\n\n\t\t<\/div>\n\t\t\t\t\t<\/div>\n\n\t\n\n<\/div>\n\n\t\t<\/div>\n\n\t\t\n<style>\n#section_960252131 {\n  padding-top: 0px;\n  padding-bottom: 0px;\n  min-height: 300px;\n}\n@media (min-width:550px) {\n  #section_960252131 {\n    min-height: 350px;\n  }\n}\n@media (min-width:850px) {\n  #section_960252131 {\n    min-height: 425px;\n  }\n}\n<\/style>\n\t<\/section>\n\t\n\n\t\t<\/div>\n\t\t\t\t\t<\/div>\n\n\t\n\n<\/div>\n<div class=\"row row-collapse row-full-width\"  id=\"row-1614653901\">\n\n\n\t<div id=\"col-506617181\" class=\"col medium-6 small-12 large-6\"  >\n\t\t\t\t<div class=\"col-inner\"  >\n\t\t\t\n\t\t\t\n\n\n\t<section class=\"section\" id=\"section_66423849\">\n\t\t<div class=\"section-bg fill\" >\n\t\t\t\t\t\t\t\t\t\n\t\t\t\n\n\t\t<\/div>\n\n\t\t\n\n\t\t<div class=\"section-content relative\">\n\t\t\t\n\n<div class=\"row align-center\"  id=\"row-1147851424\">\n\n\n\t<div id=\"col-287510076\" class=\"col medium-11 small-12 large-9\"  >\n\t\t\t\t<div class=\"col-inner text-center\"  >\n\t\t\t\n\t\t\t\n\n\t<div id=\"gap-1827311314\" class=\"gap-element clearfix\" style=\"display:block; height:auto;\">\n\t\t\n<style>\n#gap-1827311314 {\n  padding-top: 40px;\n}\n<\/style>\n\t<\/div>\n\t\n\n\t<div id=\"text-4019514350\" class=\"text\">\n\t\t\n\n<h2 style=\"text-align: left;\" data-start=\"2093\" data-end=\"2146\"><strong data-start=\"2097\" data-end=\"2144\">Schritt 2: Mit dem Bau beginnen <br \/>- Ein Schritt nach dem anderen<\/strong><\/h2>\n\t\t\n<style>\n#text-4019514350 {\n  font-size: 1.5rem;\n}\n<\/style>\n\t<\/div>\n\t\n<p style=\"text-align: left;\">Der interessante Teil ist jetzt der Bau! Wenn Sie unseren detaillierten Entw\u00fcrfen folgen, m\u00fcssen Sie kein professioneller Baumeister sein. Sie k\u00f6nnen Ihr Baumhaus in vern\u00fcnftigen Schritten wie folgt bauen:<\/p>\n<ul style=\"text-align: left;\">\n<li data-start=\"2325\" data-end=\"2539\"><strong data-start=\"2328\" data-end=\"2354\">Installieren Sie das Fundament<\/strong> - Bei der Befestigung an einem Baum, verwenden Sie <strong data-start=\"2385\" data-end=\"2414\">baumsichere Bolzen wie TABs<\/strong> anstelle von N\u00e4geln, die den Baum schw\u00e4chen k\u00f6nnen. Wenn Sie St\u00fctzen verwenden, stellen Sie sicher, dass diese fest im Boden verankert sind.<\/li>\n<li data-start=\"2540\" data-end=\"2667\"><strong data-start=\"2543\" data-end=\"2568\">Bauen Sie den Bodenrahmen<\/strong> - Dies ist Ihre Basis, also nehmen Sie sich Zeit! Verwenden Sie <strong data-start=\"2613\" data-end=\"2639\">starkes, behandeltes Holz<\/strong> und vergewissern Sie sich, dass es waagerecht ist.<\/li>\n<li data-start=\"2668\" data-end=\"2828\"><strong data-start=\"2671\" data-end=\"2702\">Montieren Sie die W\u00e4nde und das Dach<\/strong> - Montieren Sie die Wandpaneele auf dem Boden vor und heben Sie sie dann an ihren Platz. Verwenden Sie <strong data-start=\"2776\" data-end=\"2800\">wasserfeste Materialien<\/strong> um das Innere trocken zu halten.<\/li>\n<li data-start=\"2829\" data-end=\"2950\"><strong data-start=\"2832\" data-end=\"2853\">Den Spa\u00dffaktor hinzuf\u00fcgen<\/strong> - Treppen, Leitern, Sicherheitsgel\u00e4nder, Fenster, Fallt\u00fcren - hier ist Ihre Kreativit\u00e4t gefragt!<\/li>\n<\/ul>\n<p style=\"text-align: left;\">Wenn Sie selbstbewusst sind, k\u00f6nnen Sie den gesamten Bau selbst durchf\u00fchren. Wenn nicht, k\u00f6nnen Sie einige der technischen Aufgaben - wie das Aufstellen der W\u00e4nde oder das Anschlie\u00dfen des Haupttragsystems - selbst erledigen und f\u00fcr andere Aufgaben einen Fachmann hinzuziehen.<\/p>\n<a href=\"https:\/\/treelofts.com\/de\/kontaktieren-sie-uns\/\" class=\"button secondary\"  style=\"border-radius:99px;padding:5px 20px 5px 20px;\">\n\t\t<span>Kontakt<\/span>\n\t<\/a>\n\n\n\n\t\t<\/div>\n\t\t\t\t\t<\/div>\n\n\t\n\n<\/div>\n\n\t\t<\/div>\n\n\t\t\n<style>\n#section_66423849 {\n  padding-top: 0px;\n  padding-bottom: 0px;\n  min-height: 300px;\n}\n@media (min-width:550px) {\n  #section_66423849 {\n    min-height: 350px;\n  }\n}\n@media (min-width:850px) {\n  #section_66423849 {\n    min-height: 425px;\n  }\n}\n<\/style>\n\t<\/section>\n\t\n\n\t\t<\/div>\n\t\t\t\t\t<\/div>\n\n\t\n\n\t<div id=\"col-2115837514\" class=\"col medium-6 small-12 large-6 small-col-first\"  >\n\t\t\t\t<div class=\"col-inner\"  >\n\t\t\t\n\t\t\t\n\n\n  <div class=\"banner has-hover\" id=\"banner-1578148624\">\n          <div class=\"banner-inner fill\">\n        <div class=\"banner-bg fill\" >\n            <img decoding=\"async\" width=\"1024\" height=\"683\" src=\"https:\/\/treelofts.com\/wp-content\/uploads\/2025\/02\/Tree-House-119.jpg\" class=\"bg attachment-original size-original\" alt=\"\" title=\"\">                                    \n                    <\/div>\n\t\t\n        <div class=\"banner-layers container\">\n            <div class=\"fill banner-link\"><\/div>            \n\n   <div id=\"text-box-1146050\" class=\"text-box banner-layer x50 md-x50 lg-x50 y50 md-y50 lg-y50 res-text\">\n                                <div class=\"text-box-content text dark\">\n              \n              <div class=\"text-inner text-center\">\n                  \n\n\n              <\/div>\n           <\/div>\n                            \n<style>\n#text-box-1146050 {\n  width: 60%;\n}\n#text-box-1146050 .text-box-content {\n  font-size: 100%;\n}\n<\/style>\n    <\/div>\n \n\n        <\/div>\n      <\/div>\n\n            \n<style>\n#banner-1578148624 {\n  padding-top: 300px;\n  background-color: rgba(255, 255, 255, 0);\n}\n#banner-1578148624 .banner-bg img {\n  object-position: 84% 48%;\n}\n@media (min-width:550px) {\n  #banner-1578148624 {\n    padding-top: 350px;\n  }\n}\n@media (min-width:850px) {\n  #banner-1578148624 {\n    padding-top: 804px;\n  }\n}\n<\/style>\n  <\/div>\n\n\n\n\t\t<\/div>\n\t\t\t\t\t<\/div>\n\n\t\n\n<\/div>\n<div class=\"row row-collapse row-full-width\"  id=\"row-73936530\">\n\n\n\t<div id=\"col-1065283654\" class=\"col medium-6 small-12 large-6\"  >\n\t\t\t\t<div class=\"col-inner\"  >\n\t\t\t\n\t\t\t\n\n\n  <div class=\"banner has-hover\" id=\"banner-1065213253\">\n          <div class=\"banner-inner fill\">\n        <div class=\"banner-bg fill\" >\n            <img decoding=\"async\" width=\"1024\" height=\"678\" src=\"https:\/\/treelofts.com\/wp-content\/uploads\/2025\/02\/Tree-House-107.jpg\" class=\"bg attachment-original size-original\" alt=\"\" title=\"\">                                    \n                    <\/div>\n\t\t\n        <div class=\"banner-layers container\">\n            <div class=\"fill banner-link\"><\/div>            \n\n   <div id=\"text-box-1036512737\" class=\"text-box banner-layer x50 md-x50 lg-x50 y50 md-y50 lg-y50 res-text\">\n                                <div class=\"text-box-content text dark\">\n              \n              <div class=\"text-inner text-center\">\n                  \n\n\n              <\/div>\n           <\/div>\n                            \n<style>\n#text-box-1036512737 {\n  width: 60%;\n}\n#text-box-1036512737 .text-box-content {\n  font-size: 100%;\n}\n<\/style>\n    <\/div>\n \n\n        <\/div>\n      <\/div>\n\n            \n<style>\n#banner-1065213253 {\n  padding-top: 300px;\n  background-color: rgba(255, 255, 255, 0);\n}\n#banner-1065213253 .banner-bg img {\n  object-position: 52% 56%;\n}\n@media (min-width:550px) {\n  #banner-1065213253 {\n    padding-top: 350px;\n  }\n}\n@media (min-width:850px) {\n  #banner-1065213253 {\n    padding-top: 651px;\n  }\n}\n<\/style>\n  <\/div>\n\n\n\n\t\t<\/div>\n\t\t\t\t\t<\/div>\n\n\t\n\n\t<div id=\"col-1983542549\" class=\"col medium-6 small-12 large-6\"  >\n\t\t\t\t<div class=\"col-inner\"  >\n\t\t\t\n\t\t\t\n\n\n\t<section class=\"section\" id=\"section_1685352140\">\n\t\t<div class=\"section-bg fill\" >\n\t\t\t\t\t\t\t\t\t\n\t\t\t\n\n\t\t<\/div>\n\n\t\t\n\n\t\t<div class=\"section-content relative\">\n\t\t\t\n\n<div class=\"row align-center\"  id=\"row-1057196036\">\n\n\n\t<div id=\"col-175664205\" class=\"col medium-10 small-12 large-9\"  >\n\t\t\t\t<div class=\"col-inner text-center\"  >\n\t\t\t\n\t\t\t\n\n\t<div id=\"gap-378226375\" class=\"gap-element clearfix\" style=\"display:block; height:auto;\">\n\t\t\n<style>\n#gap-378226375 {\n  padding-top: 40px;\n}\n<\/style>\n\t<\/div>\n\t\n\n\t<div id=\"text-1719283495\" class=\"text\">\n\t\t\n\n<h2 style=\"text-align: left;\" data-start=\"3178\" data-end=\"3226\"><strong data-start=\"3182\" data-end=\"3224\">Schritt 3: Sicher und baumschonend<\/strong><\/h2>\n\t\t\n<style>\n#text-1719283495 {\n  font-size: 1.5rem;\n}\n<\/style>\n\t<\/div>\n\t\n<p style=\"text-align: left;\" data-start=\"3228\" data-end=\"3301\">So viel Spa\u00df Baumh\u00e4user auch machen m\u00f6gen, die Sicherheit sollte immer an erster Stelle stehen. Immer:<\/p>\n<ul style=\"text-align: left;\" data-start=\"3302\" data-end=\"3629\">\n<li data-start=\"3302\" data-end=\"3395\"><strong data-start=\"3304\" data-end=\"3334\">Verwenden Sie hochwertige Verbindungselemente<\/strong> die es dem Baum erm\u00f6glichen, sich nat\u00fcrlich zu bewegen, ohne ihn zu besch\u00e4digen.<\/li>\n<li data-start=\"3396\" data-end=\"3461\"><strong data-start=\"3398\" data-end=\"3428\">Das Gewicht richtig verteilen<\/strong> um Stress f\u00fcr den Baum zu vermeiden.<\/li>\n<li data-start=\"3462\" data-end=\"3544\"><strong data-start=\"3464\" data-end=\"3487\">Pr\u00fcfung der Stabilit\u00e4t<\/strong> bevor jemand hineinklettert - sch\u00fctteln Sie ihn gut durch!<\/li>\n<li data-start=\"3545\" data-end=\"3629\"><strong data-start=\"3547\" data-end=\"3587\">Hinzuf\u00fcgen von Gel\u00e4ndern und Sicherung von Zug\u00e4ngen<\/strong> um die Sicherheit aller zu gew\u00e4hrleisten, insbesondere der Kinder.<\/li>\n<\/ul>\n<p style=\"text-align: left;\">Denken Sie daran, dass sich B\u00e4ume mit der Zeit ver\u00e4ndern; achten Sie also darauf, dass Sie gen\u00fcgend Bewegungsfreiheit haben. Ein Baumhaus sollte eine logische Erweiterung des Baumes sein und nicht eine Belastung f\u00fcr ihn darstellen.<\/p>\n<a href=\"https:\/\/treelofts.com\/de\/kontaktieren-sie-uns\/\" class=\"button secondary\"  style=\"border-radius:99px;padding:5px 20px 5px 20px;\">\n\t\t<span>Kontakt<\/span>\n\t<\/a>\n\n\n\n\t\t<\/div>\n\t\t\t\t\t<\/div>\n\n\t\n\n<\/div>\n\n\t\t<\/div>\n\n\t\t\n<style>\n#section_1685352140 {\n  padding-top: 0px;\n  padding-bottom: 0px;\n  min-height: 300px;\n}\n@media (min-width:550px) {\n  #section_1685352140 {\n    min-height: 350px;\n  }\n}\n@media (min-width:850px) {\n  #section_1685352140 {\n    min-height: 425px;\n  }\n}\n<\/style>\n\t<\/section>\n\t\n\n\t\t<\/div>\n\t\t\t\t\t<\/div>\n\n\t\n\n<\/div>\n<div class=\"row\"  id=\"row-1262212444\">\n\n\n\t<div id=\"col-703554317\" class=\"col small-12 large-12\"  >\n\t\t\t\t<div class=\"col-inner\"  >\n\t\t\t\n\t\t\t\n\n<p>Der Bau eines eigenen Baumhauses ist ein einzigartiges Erlebnis. Das Geheimnis liegt in der richtigen Strategie und der richtigen Einstellung, ganz gleich, ob Sie bei einigen Aspekten selbst Hand anlegen oder die gesamte Arbeit \u00fcbernehmen wollen.<\/p>\n<p>Die fachm\u00e4nnisch ausgearbeiteten Pl\u00e4ne von Treelofts helfen Ihnen dabei, nicht alles selbst herausfinden zu m\u00fcssen. Unsere Entw\u00fcrfe machen das R\u00e4tselraten \u00fcberfl\u00fcssig und bieten Ihnen ein klares, einfaches und leicht zu befolgendes Handbuch f\u00fcr die Gestaltung Ihrer idealen Flucht aus der Baumkrone.<\/p>\n<p><strong>bereit, mit dem Bau zu beginnen? Entdecken Sie jetzt unsere Baumhaus-Ideen, um Ihre eigene DIY-Fantasie zu verwirklichen!<\/strong><\/p>\n\n\t\t<\/div>\n\t\t\t\t\n<style>\n#col-703554317 > .col-inner {\n  padding: 50px 0px 0px 0px;\n}\n<\/style>\n\t<\/div>\n\n\t\n\n<\/div>\n\n  <div class=\"banner has-hover\" id=\"banner-2058087782\">\n          <div class=\"banner-inner fill\">\n        <div class=\"banner-bg fill\" >\n            <img decoding=\"async\" width=\"1024\" height=\"845\" src=\"https:\/\/treelofts.com\/wp-content\/uploads\/2025\/02\/Tree-House-63.jpg\" class=\"bg attachment-original size-original\" alt=\"\" title=\"\">                        <div class=\"overlay\"><\/div>            \n                    <\/div>\n\t\t\n        <div class=\"banner-layers container\">\n            <div class=\"fill banner-link\"><\/div>            \n\n   <div id=\"text-box-555332027\" class=\"text-box banner-layer x50 md-x50 lg-x50 y50 md-y50 lg-y50 res-text\">\n                                <div class=\"text-box-content text dark\">\n              \n              <div class=\"text-inner text-center\">\n                  \n\n<p>Lassen Sie uns Ihre Vision zum Leben erwecken<\/p>\n<h2><strong>Herstellung von Traum-Baumh\u00e4usern seit 2013<\/strong><\/h2>\n<a href=\"https:\/\/treelofts.com\/de\/kontaktieren-sie-uns\/\" class=\"button white is-outline\"  >\n\t\t<span>Beginnen Sie Ihre Baumhausreise noch heute<\/span>\n\t<\/a>\n\n\n\n              <\/div>\n           <\/div>\n                            \n<style>\n#text-box-555332027 {\n  width: 60%;\n}\n#text-box-555332027 .text-box-content {\n  font-size: 100%;\n}\n<\/style>\n    <\/div>\n \n\n        <\/div>\n      <\/div>\n\n            \n<style>\n#banner-2058087782 {\n  padding-top: 350px;\n}\n#banner-2058087782 .overlay {\n  background-color: rgba(0, 0, 0, 0.17);\n}\n#banner-2058087782 .banner-bg img {\n  object-position: 62% 48%;\n}\n<\/style>\n  <\/div>\n\n\n<div class=\"woocommerce columns-4\"><\/div>\n\n<div class=\"row\"  id=\"row-120839681\">\n\n\n\n<\/div>","protected":false},"excerpt":{"rendered":"","protected":false},"author":5,"featured_media":0,"parent":0,"menu_order":0,"comment_status":"closed","ping_status":"closed","template":"","meta":{"footnotes":""},"class_list":["post-964","page","type-page","status-publish","hentry"],"_links":{"self":[{"href":"https:\/\/treelofts.com\/de\/wp-json\/wp\/v2\/pages\/964","targetHints":{"allow":["GET"]}}],"collection":[{"href":"https:\/\/treelofts.com\/de\/wp-json\/wp\/v2\/pages"}],"about":[{"href":"https:\/\/treelofts.com\/de\/wp-json\/wp\/v2\/types\/page"}],"author":[{"embeddable":true,"href":"https:\/\/treelofts.com\/de\/wp-json\/wp\/v2\/users\/5"}],"replies":[{"embeddable":true,"href":"https:\/\/treelofts.com\/de\/wp-json\/wp\/v2\/comments?post=964"}],"version-history":[{"count":0,"href":"https:\/\/treelofts.com\/de\/wp-json\/wp\/v2\/pages\/964\/revisions"}],"wp:attachment":[{"href":"https:\/\/treelofts.com\/de\/wp-json\/wp\/v2\/media?parent=964"}],"curies":[{"name":"wp","href":"https:\/\/api.w.org\/{rel}","templated":true}]}}