{"id":977,"date":"2025-02-10T19:35:43","date_gmt":"2025-02-11T03:35:43","guid":{"rendered":"https:\/\/azh5n13ivf.onrocket.site\/?page_id=977"},"modified":"2025-02-12T23:55:30","modified_gmt":"2025-02-13T07:55:30","slug":"baumhaus-reparatur","status":"publish","type":"page","link":"https:\/\/treelofts.com\/de\/baumhaus-reparatur\/","title":{"rendered":"Baumhaus-Reparatur"},"content":{"rendered":"<div class=\"banner has-hover\" id=\"banner-859683198\">\n          <div class=\"banner-inner fill\">\n        <div class=\"banner-bg fill\" >\n            <img decoding=\"async\" width=\"916\" height=\"1221\" src=\"https:\/\/treelofts.com\/wp-content\/uploads\/2025\/02\/tree-house-3.webp\" class=\"bg attachment-original size-original\" alt=\"\" title=\"\">                        <div class=\"overlay\"><\/div>            \n                    <\/div>\n\t\t\n        <div class=\"banner-layers container\">\n            <div class=\"fill banner-link\"><\/div>            \n\n   <div id=\"text-box-186254050\" class=\"text-box banner-layer x50 md-x50 lg-x50 y50 md-y50 lg-y50 res-text\">\n                                <div class=\"text-box-content text dark\">\n              \n              <div class=\"text-inner text-center\">\n                  \n\n<h3>Gemeinsame Probleme im Baumhaus beheben<\/h3>\n<h1><strong>Baumhaus-Reparatur<\/strong><\/h1>\n<p>Ihr Baumhaus hat schon einige Saisons - oder vielleicht viele Jahrzehnte - hinter sich und zeigt nun Abnutzungserscheinungen. Beruhigen Sie sich vor Panik. Wie jede andere Konstruktion ben\u00f6tigen auch Baumh\u00e4user eine gewisse Pflege, um sicher, robust und abenteuertauglich zu sein. Wir k\u00f6nnen Ihnen bei allem helfen, von wackeligen Dielen \u00fcber ein undichtes Dach bis hin zu einem einst perfekten Baumhaus, das sich um ein erschreckendes Ma\u00df neigt!<\/p>\n\n              <\/div>\n           <\/div>\n                            \n<style>\n#text-box-186254050 {\n  width: 83%;\n}\n#text-box-186254050 .text-box-content {\n  font-size: 100%;\n}\n<\/style>\n    <\/div>\n \n\n        <\/div>\n      <\/div>\n\n            \n<style>\n#banner-859683198 {\n  padding-top: 692px;\n}\n#banner-859683198 .overlay {\n  background-color: rgba(0,0,0,.5);\n}\n#banner-859683198 .banner-bg img {\n  object-position: 24% 48%;\n}\n@media (min-width:550px) {\n  #banner-859683198 {\n    padding-top: 800px;\n  }\n}\n<\/style>\n  <\/div>\n\n\n\n\t<section class=\"section\" id=\"section_1495431006\">\n\t\t<div class=\"section-bg fill\" >\n\t\t\t\t\t\t\t\t\t\n\t\t\t\n\n\t\t<\/div>\n\n\t\t\n\n\t\t<div class=\"section-content relative\">\n\t\t\t\n\n<div class=\"row row-collapse align-middle\" style=\"max-width:1300px\" id=\"row-619795155\">\n\n\n\t<div id=\"col-1791904746\" class=\"col small-12 large-12\"  >\n\t\t\t\t<div class=\"col-inner\" style=\"background-color:rgb(246, 246, 246);\" >\n\t\t\t\n\t\t\t\n\n<div class=\"row row-collapse align-middle\" style=\"max-width:1300px\" id=\"row-1992178076\">\n\n\n\t<div id=\"col-1365826206\" class=\"col medium-12 small-12 large-6\"  >\n\t\t\t\t<div class=\"col-inner\"  >\n\t\t\t\n\t\t\t\n\n\n  <div class=\"banner has-hover\" id=\"banner-1626550499\">\n          <div class=\"banner-inner fill\">\n        <div class=\"banner-bg fill\" >\n            <img decoding=\"async\" width=\"1020\" height=\"765\" src=\"https:\/\/treelofts.com\/wp-content\/uploads\/2025\/02\/Tree-House-59.jpg\" class=\"bg attachment-large size-large\" alt=\"\" title=\"\">                                    \n                    <\/div>\n\t\t\n        <div class=\"banner-layers container\">\n            <div class=\"fill banner-link\"><\/div>            \n\n   <div id=\"text-box-600020449\" class=\"text-box banner-layer x50 md-x50 lg-x50 y50 md-y50 lg-y50 res-text\">\n                                <div class=\"text-box-content text dark\">\n              \n              <div class=\"text-inner text-center\">\n                  \n\n\n              <\/div>\n           <\/div>\n                            \n<style>\n#text-box-600020449 {\n  width: 60%;\n}\n#text-box-600020449 .text-box-content {\n  font-size: 100%;\n}\n@media (min-width:550px) {\n  #text-box-600020449 {\n    width: 60%;\n  }\n}\n<\/style>\n    <\/div>\n \n\n        <\/div>\n      <\/div>\n\n            \n<style>\n#banner-1626550499 {\n  padding-top: 300px;\n  background-color: rgb(255,255,255);\n}\n#banner-1626550499 .banner-bg img {\n  object-position: 9% 92%;\n}\n@media (min-width:550px) {\n  #banner-1626550499 {\n    padding-top: 400px;\n  }\n}\n@media (min-width:850px) {\n  #banner-1626550499 {\n    padding-top: 614px;\n  }\n}\n<\/style>\n  <\/div>\n\n\n\n\t\t<\/div>\n\t\t\t\t\t<\/div>\n\n\t\n\n\t<div id=\"col-1939108429\" class=\"col medium-12 small-12 large-6\"  >\n\t\t\t\t<div class=\"col-inner\" style=\"background-color:rgb(246, 246, 246);\" >\n\t\t\t\n\t\t\t\n\n\t<div id=\"text-648705295\" class=\"text\">\n\t\t\n\n<h2 data-start=\"831\" data-end=\"872\"><strong data-start=\"835\" data-end=\"870\">Warum m\u00fcssen Baumh\u00e4user repariert werden?<\/strong><\/h2>\n\t\t\n<style>\n#text-648705295 {\n  font-size: 1.5rem;\n}\n<\/style>\n\t<\/div>\n\t\n<p>Im Gegensatz zu einem herk\u00f6mmlichen Gartenhaus ist ein Baumhaus nicht auf dem Boden gebaut, sondern mit einem lebenden, sich bewegenden Baum verbunden. Baumh\u00e4user sind daher den wechselnden Jahreszeiten, dem Wetter und dem nat\u00fcrlichen Wachstum der B\u00e4ume unter ihrem Dach ausgesetzt. Diese Elemente k\u00f6nnen dazu f\u00fchren, dass einige Teile Risse bekommen, sich lockern oder einfach abnutzen.<\/p>\n<p>Die gute Nachricht ist, dass sich die meisten Probleme mit einem Baumhaus durch ein paar einfache Reparaturen l\u00f6sen lassen. Durch routinem\u00e4\u00dfige Wartung bleibt Ihr Baumhaus \u00fcber Jahre hinweg robust, egal ob es sich um das Nachziehen von Befestigungselementen, das Ersetzen morscher Bretter oder das Abdichten von Lecks handelt.<\/p>\n<a href=\"https:\/\/treelofts.com\/de\/kontaktieren-sie-uns\/\" class=\"button white is-outline\"  style=\"border-radius:10px;padding:10px 25px 10px 25px;\">\n\t\t<span>Entdecken Sie noch heute unsere Baumhausdesigns<\/span>\n\t<\/a>\n\n\n\n\t\t<\/div>\n\t\t\t\t\n<style>\n#col-1939108429 > .col-inner {\n  padding: 40px 30px 30px 30px;\n}\n@media (min-width:550px) {\n  #col-1939108429 > .col-inner {\n    padding: 50px 75px 50px 75px;\n  }\n}\n@media (min-width:850px) {\n  #col-1939108429 > .col-inner {\n    padding: 50px 75px 50px 75px;\n  }\n}\n<\/style>\n\t<\/div>\n\n\t\n\n<\/div>\n\n\t\t<\/div>\n\t\t\t\t\t<\/div>\n\n\t\n\n<\/div>\n\t<div id=\"gap-647965255\" class=\"gap-element clearfix\" style=\"display:block; height:auto;\">\n\t\t\n<style>\n#gap-647965255 {\n  padding-top: 60px;\n}\n<\/style>\n\t<\/div>\n\t\n\n<div class=\"row\"  id=\"row-414727732\">\n\n\n\t<div id=\"col-444311178\" class=\"col small-12 large-12\"  >\n\t\t\t\t<div class=\"col-inner\"  >\n\t\t\t\n\t\t\t\n\n\t<div id=\"text-2616217752\" class=\"text\">\n\t\t\n\n<h2 data-start=\"1452\" data-end=\"1507\"><strong data-start=\"1456\" data-end=\"1505\">H\u00e4ufige Baumhausprobleme und ihre Behebung<\/strong><\/h2>\n\t\t\n<style>\n#text-2616217752 {\n  font-size: 1.5rem;\n}\n<\/style>\n\t<\/div>\n\t\n<h3 data-start=\"55\" data-end=\"96\"><strong data-start=\"59\" data-end=\"94\">Wackelige oder instabile Konstruktion<\/strong><\/h3>\n<p data-start=\"97\" data-end=\"286\">Wenn Ihr Baumhaus anf\u00e4ngt, st\u00e4rker zu schwingen, als es sollte, ist es an der Zeit, die Befestigungspunkte und das St\u00fctzsystem zu \u00fcberpr\u00fcfen. Eine gewisse Bewegung ist zwar nat\u00fcrlich, aber zu viel Bewegung k\u00f6nnte darauf hindeuten:<\/p>\n<ul data-start=\"288\" data-end=\"646\">\n<li data-start=\"288\" data-end=\"362\">Um die Stabilit\u00e4t wiederherzustellen, ziehen Sie verschlissene Schrauben und Befestigungselemente nach oder ersetzen sie.<\/li>\n<li data-start=\"363\" data-end=\"512\"><strong data-start=\"365\" data-end=\"393\">Beeintr\u00e4chtigung des Baumwachstums<\/strong>: Wenn der Baum um einen St\u00fctzbalken herumgewachsen ist, m\u00fcssen Sie m\u00f6glicherweise die Konstruktion \u00e4ndern oder schwimmende Verstrebungen verwenden.<\/li>\n<li data-start=\"513\" data-end=\"646\"><strong data-start=\"515\" data-end=\"541\">Instabilit\u00e4t der Stiftung<\/strong>: Vergewissern Sie sich, dass die in Ihrem Baumhaus verwendeten Bodenst\u00fctzen oder Stelzen richtig befestigt sind und sich nicht bewegt haben.<\/li>\n<\/ul>\n<h3 data-start=\"747\" data-end=\"781\"><strong data-start=\"751\" data-end=\"779\">Verrotteter oder loser Bodenbelag<\/strong><\/h3>\n<p data-start=\"782\" data-end=\"957\">Die Bewegungen der B\u00e4ume, das wechselnde Wetter und die Aktivit\u00e4t der F\u00fc\u00dfe beanspruchen den Boden Ihres Baumhauses stark. Dies kann mit der Zeit zu losen, gebrochenen oder sogar verrottenden Brettern f\u00fchren. Behoben durch:<\/p>\n<ul data-start=\"959\" data-end=\"1158\">\n<li data-start=\"959\" data-end=\"1016\">Sollten die Dielen lose sein, ziehen Sie sie fest oder ersetzen Sie sie.<\/li>\n<li data-start=\"1017\" data-end=\"1082\">Ersetzen Sie verrottendes Holz durch witterungsbest\u00e4ndiges Holz.<\/li>\n<li data-start=\"1083\" data-end=\"1158\">Versiegeln Sie das Holz mit einer wetterfesten Versiegelung gegen weitere Feuchtigkeitssch\u00e4den.<\/li>\n<\/ul>\n<h3 data-start=\"1264\" data-end=\"1300\"><strong data-start=\"1268\" data-end=\"1298\">Undichtes Dach oder Wasserschaden<\/strong><\/h3>\n<p data-start=\"1301\" data-end=\"1425\">Ein kleines Leck in einem Baumhaus kann schnell zu gro\u00dfen Problemen f\u00fchren. Wenn Sie ein Leck oder einen Wasserschaden entdecken, sollten Sie sofort reagieren:<\/p>\n<ul data-start=\"1427\" data-end=\"1660\">\n<li data-start=\"1427\" data-end=\"1498\">Suchen Sie nach kaputtem oder fehlendem Dachmaterial und ersetzen Sie es bei Bedarf.<\/li>\n<li data-start=\"1499\" data-end=\"1577\">Um das Dach zu verst\u00e4rken und k\u00fcnftige Lecks zu vermeiden, muss es wasserdicht abgedichtet werden.<\/li>\n<li data-start=\"1578\" data-end=\"1660\">\u00c4ndern Sie den Winkel des Daches, um die Entw\u00e4sserung zu verbessern, oder installieren Sie kleine Entw\u00e4sserungsrinnen.<\/li>\n<\/ul>\n<h3 data-start=\"1755\" data-end=\"1789\"><strong data-start=\"1759\" data-end=\"1787\">Rostige oder lockere Befestigungen<\/strong><\/h3>\n<p data-start=\"1790\" data-end=\"1962\">Befestigungselemente sind das R\u00fcckgrat Ihres Baumhauses und halten alles fest an seinem Platz. Durch Bewegungen des Baumes und Umwelteinfl\u00fcsse k\u00f6nnen Schrauben und Muttern im Laufe der Zeit korrodieren oder sich lockern.<\/p>\n<ul data-start=\"1964\" data-end=\"2275\">\n<li data-start=\"1964\" data-end=\"2046\">Verzinkte Befestigungselemente oder Edelstahl ersetzen korrodierte Bolzen oder Schrauben.<\/li>\n<li data-start=\"2047\" data-end=\"2126\">\u00dcberpr\u00fcfen Sie die Befestigungspunkte h\u00e4ufig, um sicherzustellen, dass sich nichts ver\u00e4ndert oder geschw\u00e4cht hat.<\/li>\n<li data-start=\"2127\" data-end=\"2275\">Um die Festigkeit und Flexibilit\u00e4t zu erh\u00f6hen, sollten Sie dar\u00fcber nachdenken, auf Befestigungselemente umzusteigen, die speziell f\u00fcr Baumh\u00e4user geeignet sind, z. B. Baumhausbefestigungsbolzen (TABS).<\/li>\n<\/ul>\n<h3 data-start=\"2349\" data-end=\"2385\"><strong data-start=\"2353\" data-end=\"2383\">Einfluss von B\u00e4umen auf die Entwicklung<\/strong><\/h3>\n<p data-start=\"2386\" data-end=\"2572\">Auch wenn ein Baumhaus an ihnen befestigt ist, h\u00f6ren B\u00e4ume nie auf zu wachsen! \u00c4ste k\u00f6nnten mit der Zeit gegen Ihr System rebellieren; St\u00e4mme k\u00f6nnten wachsen; fr\u00fchere Befestigungspunkte k\u00f6nnten zu eng werden.<\/p>\n<ul data-start=\"2574\" data-end=\"2815\">\n<li data-start=\"2574\" data-end=\"2635\">Wenn ein Baum um die Befestigungsstellen herum gewachsen ist, sollten Sie sie austauschen.<\/li>\n<li data-start=\"2636\" data-end=\"2701\">Um strukturelle Sch\u00e4den zu vermeiden, sollten Sie st\u00f6rende \u00c4ste vorsichtig zur\u00fcckschneiden.<\/li>\n<li data-start=\"2702\" data-end=\"2815\">Verwenden Sie flexible Befestigungen - gleitende St\u00fctzen - damit sich der Baum nat\u00fcrlich entwickeln kann, ohne Ihr Baumhaus zu gef\u00e4hrden.<\/li>\n<\/ul>\n\t<div id=\"gap-722874171\" class=\"gap-element clearfix\" style=\"display:block; height:auto;\">\n\t\t\n<style>\n#gap-722874171 {\n  padding-top: 30px;\n}\n<\/style>\n\t<\/div>\n\t\n\n\t<div id=\"text-846673804\" class=\"text\">\n\t\t\n\n<h2 data-start=\"4444\" data-end=\"4492\"><strong data-start=\"4448\" data-end=\"4490\">Schritt-f\u00fcr-Schritt-Anleitung zur Baumhausreparatur<\/strong><\/h2>\n\t\t\n<style>\n#text-846673804 {\n  font-size: 1.5rem;\n}\n<\/style>\n\t<\/div>\n\t\n<ol data-start=\"4494\" data-end=\"5086\">\n<li data-start=\"4494\" data-end=\"4597\"><strong data-start=\"4497\" data-end=\"4522\">Pr\u00fcfen Sie die Struktur<\/strong> - Achten Sie auf schwache Stellen, lose Bretter, Anzeichen von F\u00e4ulnis oder besch\u00e4digte Befestigungselemente.<\/li>\n<li data-start=\"4598\" data-end=\"4696\"><strong data-start=\"4601\" data-end=\"4623\">Priorit\u00e4ten f\u00fcr Reparaturen setzen<\/strong> - Beheben Sie zuerst dringende Probleme wie strukturelle Instabilit\u00e4t oder gr\u00f6\u00dfere Lecks.<\/li>\n<li data-start=\"4697\" data-end=\"4851\"><strong data-start=\"4700\" data-end=\"4740\">Besorgen Sie die richtigen Werkzeuge und Materialien<\/strong> - Verwendung <strong data-start=\"4747\" data-end=\"4825\">witterungsbest\u00e4ndiges Holz, korrosionssichere Verbindungselemente und wasserfeste Dichtstoffe<\/strong> f\u00fcr dauerhafte Fixierungen.<\/li>\n<li data-start=\"4852\" data-end=\"4970\"><strong data-start=\"4855\" data-end=\"4881\">Reparaturen in Phasen durchf\u00fchren<\/strong> - Beginnen Sie mit <strong data-start=\"4895\" data-end=\"4920\">Grundlagentr\u00e4ger<\/strong>Dann geht es weiter mit den Fu\u00dfb\u00f6den, den W\u00e4nden und dem Dach.<\/li>\n<li data-start=\"4971\" data-end=\"5086\"><strong data-start=\"4974\" data-end=\"5001\">Letzte Sicherheits\u00fcberpr\u00fcfung<\/strong> - Bevor Sie ins Innere klettern, sollten Sie die Struktur r\u00fctteln, um sicherzustellen, dass alles stabil ist.<\/li>\n<\/ol>\n\t<div id=\"gap-49100498\" class=\"gap-element clearfix\" style=\"display:block; height:auto;\">\n\t\t\n<style>\n#gap-49100498 {\n  padding-top: 30px;\n}\n<\/style>\n\t<\/div>\n\t\n\n<p>Ihr Baumhaus ist ein einzigartiger Ort voller Erinnerungen und Abenteuer, nicht nur ein Bauprojekt. Mit ein wenig Wartung, Pflege und richtigen Reparaturen kann es jahrzehntelang ein sicherer und interessanter Ort bleiben.<\/p>\n<p>Unsere fein gearbeiteten Baumhauskonstruktionen bei Treelofts zeichnen sich durch strukturelle Integrit\u00e4t und Empfehlungen f\u00fcr langfristige Haltbarkeit aus. Wir k\u00f6nnen Ihnen sowohl beim Neubau als auch bei der Reparatur Ihres alten Lieblings helfen. <strong>Sehen Sie sich jetzt unsere Baumhaus-Ideen an und verwirklichen Sie Ihre Flucht in die Baumkronen!<\/strong><\/p>\n\n\t\t<\/div>\n\t\t\t\t\t<\/div>\n\n\t\n\n<\/div>\n\n\t\t<\/div>\n\n\t\t\n<style>\n#section_1495431006 {\n  padding-top: 60px;\n  padding-bottom: 60px;\n}\n<\/style>\n\t<\/section>\n\t\n\n  <div class=\"banner has-hover\" id=\"banner-2116947485\">\n          <div class=\"banner-inner fill\">\n        <div class=\"banner-bg fill\" >\n            <img decoding=\"async\" width=\"683\" height=\"1024\" src=\"https:\/\/treelofts.com\/wp-content\/uploads\/2025\/02\/Tree-House-47.jpg\" class=\"bg attachment-original size-original\" alt=\"\" title=\"\">                        <div class=\"overlay\"><\/div>            \n                    <\/div>\n\t\t\n        <div class=\"banner-layers container\">\n            <div class=\"fill banner-link\"><\/div>            \n\n   <div id=\"text-box-304776759\" class=\"text-box banner-layer x50 md-x50 lg-x50 y50 md-y50 lg-y50 res-text\">\n                                <div class=\"text-box-content text dark\">\n              \n              <div class=\"text-inner text-center\">\n                  \n\n<p>Lassen Sie uns Ihre Vision zum Leben erwecken<\/p>\n<h2><strong>Herstellung von Traum-Baumh\u00e4usern seit 2013<\/strong><\/h2>\n<a href=\"https:\/\/treelofts.com\/de\/kontaktieren-sie-uns\/\" class=\"button white is-outline\"  >\n\t\t<span>Beginnen Sie Ihre Baumhausreise noch heute<\/span>\n\t<\/a>\n\n\n\n              <\/div>\n           <\/div>\n                            \n<style>\n#text-box-304776759 {\n  width: 60%;\n}\n#text-box-304776759 .text-box-content {\n  font-size: 100%;\n}\n<\/style>\n    <\/div>\n \n\n        <\/div>\n      <\/div>\n\n            \n<style>\n#banner-2116947485 {\n  padding-top: 350px;\n}\n#banner-2116947485 .overlay {\n  background-color: rgba(0, 0, 0, 0.17);\n}\n#banner-2116947485 .banner-bg img {\n  object-position: 47% 57%;\n}\n<\/style>\n  <\/div>\n\n\n<div class=\"woocommerce columns-4\"><\/div>\n\n<div class=\"row\"  id=\"row-674850192\">\n\n\n\n<\/div>","protected":false},"excerpt":{"rendered":"","protected":false},"author":5,"featured_media":0,"parent":0,"menu_order":0,"comment_status":"closed","ping_status":"closed","template":"","meta":{"footnotes":""},"class_list":["post-977","page","type-page","status-publish","hentry"],"_links":{"self":[{"href":"https:\/\/treelofts.com\/de\/wp-json\/wp\/v2\/pages\/977","targetHints":{"allow":["GET"]}}],"collection":[{"href":"https:\/\/treelofts.com\/de\/wp-json\/wp\/v2\/pages"}],"about":[{"href":"https:\/\/treelofts.com\/de\/wp-json\/wp\/v2\/types\/page"}],"author":[{"embeddable":true,"href":"https:\/\/treelofts.com\/de\/wp-json\/wp\/v2\/users\/5"}],"replies":[{"embeddable":true,"href":"https:\/\/treelofts.com\/de\/wp-json\/wp\/v2\/comments?post=977"}],"version-history":[{"count":0,"href":"https:\/\/treelofts.com\/de\/wp-json\/wp\/v2\/pages\/977\/revisions"}],"wp:attachment":[{"href":"https:\/\/treelofts.com\/de\/wp-json\/wp\/v2\/media?parent=977"}],"curies":[{"name":"wp","href":"https:\/\/api.w.org\/{rel}","templated":true}]}}