{"id":988,"date":"2025-02-10T19:56:25","date_gmt":"2025-02-11T03:56:25","guid":{"rendered":"https:\/\/azh5n13ivf.onrocket.site\/?page_id=988"},"modified":"2025-02-12T23:58:23","modified_gmt":"2025-02-13T07:58:23","slug":"beratungsleistungen","status":"publish","type":"page","link":"https:\/\/treelofts.com\/de\/beratungsleistungen\/","title":{"rendered":"Beratungsdienste"},"content":{"rendered":"<div class=\"banner has-hover\" id=\"banner-477153840\">\n          <div class=\"banner-inner fill\">\n        <div class=\"banner-bg fill\" >\n            <img decoding=\"async\" width=\"1000\" height=\"1500\" src=\"https:\/\/treelofts.com\/wp-content\/uploads\/2025\/02\/charles-deluvio-rRWiVQzLm7k-unsplash.jpg\" class=\"bg attachment-original size-original\" alt=\"\" title=\"\">                        <div class=\"overlay\"><\/div>            \n                    <\/div>\n\t\t\n        <div class=\"banner-layers container\">\n            <div class=\"fill banner-link\"><\/div>            \n\n   <div id=\"text-box-1696760167\" class=\"text-box banner-layer x50 md-x50 lg-x50 y50 md-y50 lg-y50 res-text\">\n                                <div class=\"text-box-content text dark\">\n              \n              <div class=\"text-inner text-center\">\n                  \n\n<h3>Fachkundige Beratung f\u00fcr Ihr Traum-Baumhaus<\/h3>\n<h1 class=\"uppercase\"><strong>Beratungsdienste<\/strong><\/h1>\n<p>Der Bau eines Baumhauses ist zwar ein aufregendes Abenteuer, aber seien wir ehrlich - es ist nicht so einfach, ein paar Bretter an einen Baum zu h\u00e4mmern und den Tag f\u00fcr beendet zu erkl\u00e4ren! Eine fachkundige Beratung kann den Unterschied ausmachen, egal ob Sie von Grund auf neu entwerfen, ein altes Geb\u00e4ude modernisieren oder einfach ein solides Konzept ben\u00f6tigen, bevor Sie beginnen. Wir sind hier, um Ihnen dabei zu helfen.<\/p>\n\n              <\/div>\n           <\/div>\n                            \n<style>\n#text-box-1696760167 {\n  width: 82%;\n}\n#text-box-1696760167 .text-box-content {\n  font-size: 100%;\n}\n<\/style>\n    <\/div>\n \n\n        <\/div>\n      <\/div>\n\n            \n<style>\n#banner-477153840 {\n  padding-top: 669px;\n}\n#banner-477153840 .overlay {\n  background-color: rgba(0,0,0,.5);\n}\n#banner-477153840 .banner-bg img {\n  object-position: 59% 55%;\n}\n@media (min-width:550px) {\n  #banner-477153840 {\n    padding-top: 800px;\n  }\n}\n<\/style>\n  <\/div>\n\n\n<div class=\"row\"  id=\"row-1122186116\">\n\n\n\t<div id=\"col-435155029\" class=\"col small-12 large-12\"  >\n\t\t\t\t<div class=\"col-inner\"  >\n\t\t\t\n\t\t\t\n\n\t<div id=\"text-1572969118\" class=\"text\">\n\t\t\n\n<h2 data-start=\"664\" data-end=\"708\"><strong data-start=\"668\" data-end=\"706\">Was unsere Beratungsleistungen umfassen<\/strong><\/h2>\n\t\t\n<style>\n#text-1572969118 {\n  font-size: 1.5rem;\n}\n<\/style>\n\t<\/div>\n\t\n<p>Sie bringen den Traum mit, wir bieten die wissensbasierten Werkzeuge. Um Sie auf den Erfolg vorzubereiten, behandeln unsere Beratungsdienste alle wichtigen Elemente des Baumhausbaus:<\/p>\n<p><strong>Baumhaus Design Planung<\/strong><br \/>Sie wissen nicht, wo Sie anfangen sollen. Wir helfen Ihnen, die ideale Gr\u00f6\u00dfe, das Design und die Konstruktion f\u00fcr Ihr Baumhaus zu bestimmen. Ganz gleich, ob Sie von einer mehrst\u00f6ckigen Baumkrone oder einem kleinen Gartenversteck tr\u00e4umen, wir sorgen daf\u00fcr, dass Ihre Visionen realisierbar sind.<\/p>\n<p><strong>Die Wahl des richtigen Baumes<\/strong><br \/>Die St\u00e4rke Ihres Baumhauses ist einfach die St\u00e4rke des Baumes, auf dem es errichtet wird. Wir helfen Ihnen bei der Auswahl eines robusten, gesunden Baums (oder mehrerer B\u00e4ume), der f\u00fcr Ihr Bauwerk \u00fcber Jahre hinweg geeignet ist.<\/p>\n<p><strong>Empfehlungen f\u00fcr Material und Befestigungsmittel<\/strong><br \/>Von baumfreundlichen Verbindungselementen bis hin zu witterungsbest\u00e4ndigem Holz - wir helfen Ihnen bei der Auswahl der idealen Komponenten, um die St\u00e4rke und Lebensdauer Ihres Baumhauses zu gew\u00e4hrleisten. Nur die richtigen Werkzeuge f\u00fcr die Aufgabe - kein R\u00e4tselraten mehr.<\/p>\n<p><strong>Installationsanleitung f\u00fcr Heimwerker<\/strong><br \/>Entscheiden Sie sich f\u00fcr den Do-it-yourself-Weg? Wir f\u00fchren Sie durch die wichtigsten Phasen des Baus eines Baumhauses und bieten Ihnen Ideen, die Ihnen Zeit, M\u00fche und unn\u00f6tige Fehler ersparen. Unsere Ratschl\u00e4ge garantieren Ihnen, dass Sie das Verfahren verstehen und kluge Entscheidungen treffen, auch wenn Sie einen Bauunternehmer beauftragen.<\/p>\n<p><strong>Sicherheit und strukturelle Beratung<\/strong><br \/>Ein Baumhaus sollte sowohl sicher als auch unterhaltsam sein. Wir helfen Ihnen, typische Fehler zu vermeiden, damit Ihre Konstruktion stabil, ausgewogen und wetterfest ist.<\/p>\n\n\t\t<\/div>\n\t\t\t\t\n<style>\n#col-435155029 > .col-inner {\n  padding: 50px 0px 0px 0px;\n}\n@media (min-width:550px) {\n  #col-435155029 > .col-inner {\n    padding: 50px 0px 0px 0px;\n  }\n}\n<\/style>\n\t<\/div>\n\n\t\n\n<\/div>\n\n\t<section class=\"section\" id=\"section_412889875\">\n\t\t<div class=\"section-bg fill\" >\n\t\t\t\t\t\t\t\t\t\n\t\t\t\n\n\t\t<\/div>\n\n\t\t\n\n\t\t<div class=\"section-content relative\">\n\t\t\t\n\n<div class=\"row row-collapse align-middle\" style=\"max-width:1300px\" id=\"row-770742376\">\n\n\n\t<div id=\"col-340966352\" class=\"col small-12 large-12\"  >\n\t\t\t\t<div class=\"col-inner\" style=\"background-color:rgb(246, 246, 246);\" >\n\t\t\t\n\t\t\t\n\n<div class=\"row row-collapse align-middle\" style=\"max-width:1300px\" id=\"row-2066493983\">\n\n\n\t<div id=\"col-134974536\" class=\"col medium-12 small-12 large-6\"  >\n\t\t\t\t<div class=\"col-inner\"  >\n\t\t\t\n\t\t\t\n\n\n  <div class=\"banner has-hover\" id=\"banner-340674264\">\n          <div class=\"banner-inner fill\">\n        <div class=\"banner-bg fill\" >\n            <img decoding=\"async\" width=\"913\" height=\"1217\" src=\"https:\/\/treelofts.com\/wp-content\/uploads\/2025\/02\/Dream-Treehouse-6.webp\" class=\"bg attachment-original size-original\" alt=\"\" title=\"\">                                    \n                    <\/div>\n\t\t\n        <div class=\"banner-layers container\">\n            <div class=\"fill banner-link\"><\/div>            \n\n   <div id=\"text-box-718652165\" class=\"text-box banner-layer x50 md-x50 lg-x50 y50 md-y50 lg-y50 res-text\">\n                                <div class=\"text-box-content text dark\">\n              \n              <div class=\"text-inner text-center\">\n                  \n\n\n              <\/div>\n           <\/div>\n                            \n<style>\n#text-box-718652165 {\n  width: 60%;\n}\n#text-box-718652165 .text-box-content {\n  font-size: 100%;\n}\n@media (min-width:550px) {\n  #text-box-718652165 {\n    width: 60%;\n  }\n}\n<\/style>\n    <\/div>\n \n\n        <\/div>\n      <\/div>\n\n            \n<style>\n#banner-340674264 {\n  padding-top: 300px;\n  background-color: rgb(255,255,255);\n}\n#banner-340674264 .banner-bg img {\n  object-position: 54% 49%;\n}\n@media (min-width:550px) {\n  #banner-340674264 {\n    padding-top: 400px;\n  }\n}\n@media (min-width:850px) {\n  #banner-340674264 {\n    padding-top: 684px;\n  }\n}\n<\/style>\n  <\/div>\n\n\n\n\t\t<\/div>\n\t\t\t\t\t<\/div>\n\n\t\n\n\t<div id=\"col-1878447636\" class=\"col medium-12 small-12 large-6\"  >\n\t\t\t\t<div class=\"col-inner\" style=\"background-color:rgb(246, 246, 246);\" >\n\t\t\t\n\t\t\t\n\n\t<div id=\"text-991788724\" class=\"text\">\n\t\t\n\n<h2 data-start=\"2232\" data-end=\"2287\"><strong data-start=\"2236\" data-end=\"2285\">Wer kann von unseren Beratungsleistungen profitieren?<\/strong><\/h2>\n\t\t\n<style>\n#text-991788724 {\n  font-size: 1.5rem;\n}\n<\/style>\n\t<\/div>\n\t\n<p>Wenn Sie ein Baumhaus planen, k\u00f6nnen Sie wahrscheinlich von einer professionellen Beratung profitieren! Unsere Beratungsdienste eignen sich sehr gut f\u00fcr:<\/p>\n<ul>\n<li><strong>DIY-Bauherren<\/strong> - Wenn Sie selbst an diesem Projekt arbeiten, aber etwas Anleitung ben\u00f6tigen, helfen wir Ihnen bei der richtigen Planung und dem sicheren Bau.<\/li>\n<li><strong>Hauseigent\u00fcmer w\u00e4hlen Bauunternehmer aus<\/strong> - Wenn Sie wissen, worauf Sie sich einstellen m\u00fcssen und wonach Sie fragen m\u00fcssen, ist das eine gro\u00dfe Hilfe, auch wenn jemand anderes die schwere Arbeit \u00fcbernimmt.<\/li>\n<li><strong>Baumhausbesitzer, die aufr\u00fcsten oder reparieren wollen<\/strong> - Haben Sie ein altes, instabiles Baumhaus? Wir helfen Ihnen, es zu bewerten, zu verst\u00e4rken und \u00fcber die bisherige Leistung hinaus zu verbessern!<\/li>\n<\/ul>\n<a href=\"https:\/\/treelofts.com\/de\/kontaktieren-sie-uns\/\" class=\"button white is-outline\"  style=\"border-radius:10px;padding:10px 25px 10px 25px;\">\n\t\t<span>Kontakt<\/span>\n\t<\/a>\n\n\n\n\t\t<\/div>\n\t\t\t\t\n<style>\n#col-1878447636 > .col-inner {\n  padding: 40px 30px 30px 30px;\n}\n@media (min-width:550px) {\n  #col-1878447636 > .col-inner {\n    padding: 50px 75px 50px 75px;\n  }\n}\n@media (min-width:850px) {\n  #col-1878447636 > .col-inner {\n    padding: 50px 75px 50px 75px;\n  }\n}\n<\/style>\n\t<\/div>\n\n\t\n\n<\/div>\n\n\t\t<\/div>\n\t\t\t\t\t<\/div>\n\n\t\n\n<\/div>\n\n\t\t<\/div>\n\n\t\t\n<style>\n#section_412889875 {\n  padding-top: 50px;\n  padding-bottom: 50px;\n}\n@media (min-width:550px) {\n  #section_412889875 {\n    padding-top: 60px;\n    padding-bottom: 60px;\n  }\n}\n<\/style>\n\t<\/section>\n\t\n\n  <div class=\"banner has-hover\" id=\"banner-47880980\">\n          <div class=\"banner-inner fill\">\n        <div class=\"banner-bg fill\" >\n            <img decoding=\"async\" width=\"1015\" height=\"1024\" src=\"https:\/\/treelofts.com\/wp-content\/uploads\/2025\/02\/Tree-House-17.jpg\" class=\"bg attachment-original size-original\" alt=\"\" title=\"\">                        <div class=\"overlay\"><\/div>            \n                    <\/div>\n\t\t\n        <div class=\"banner-layers container\">\n            <div class=\"fill banner-link\"><\/div>            \n\n   <div id=\"text-box-881049132\" class=\"text-box banner-layer x50 md-x50 lg-x50 y50 md-y50 lg-y50 res-text\">\n                                <div class=\"text-box-content text dark\">\n              \n              <div class=\"text-inner text-center\">\n                  \n\n<p>Lassen Sie uns Ihre Vision zum Leben erwecken<\/p>\n<h2><strong>Herstellung von Traum-Baumh\u00e4usern seit 2013<\/strong><\/h2>\n<a href=\"https:\/\/treelofts.com\/de\/kontaktieren-sie-uns\/\" class=\"button white is-outline\"  >\n\t\t<span>Beginnen Sie Ihre Baumhausreise noch heute<\/span>\n\t<\/a>\n\n\n\n              <\/div>\n           <\/div>\n                            \n<style>\n#text-box-881049132 {\n  width: 60%;\n}\n#text-box-881049132 .text-box-content {\n  font-size: 100%;\n}\n<\/style>\n    <\/div>\n \n\n        <\/div>\n      <\/div>\n\n            \n<style>\n#banner-47880980 {\n  padding-top: 350px;\n}\n#banner-47880980 .overlay {\n  background-color: rgba(0, 0, 0, 0.17);\n}\n#banner-47880980 .banner-bg img {\n  object-position: 61% 43%;\n}\n<\/style>\n  <\/div>\n\n\n<div class=\"woocommerce columns-4\"><\/div>\n\n<div class=\"row\"  id=\"row-2033344258\">\n\n\n\n<\/div>","protected":false},"excerpt":{"rendered":"","protected":false},"author":5,"featured_media":0,"parent":0,"menu_order":0,"comment_status":"closed","ping_status":"closed","template":"","meta":{"footnotes":""},"class_list":["post-988","page","type-page","status-publish","hentry"],"_links":{"self":[{"href":"https:\/\/treelofts.com\/de\/wp-json\/wp\/v2\/pages\/988","targetHints":{"allow":["GET"]}}],"collection":[{"href":"https:\/\/treelofts.com\/de\/wp-json\/wp\/v2\/pages"}],"about":[{"href":"https:\/\/treelofts.com\/de\/wp-json\/wp\/v2\/types\/page"}],"author":[{"embeddable":true,"href":"https:\/\/treelofts.com\/de\/wp-json\/wp\/v2\/users\/5"}],"replies":[{"embeddable":true,"href":"https:\/\/treelofts.com\/de\/wp-json\/wp\/v2\/comments?post=988"}],"version-history":[{"count":0,"href":"https:\/\/treelofts.com\/de\/wp-json\/wp\/v2\/pages\/988\/revisions"}],"wp:attachment":[{"href":"https:\/\/treelofts.com\/de\/wp-json\/wp\/v2\/media?parent=988"}],"curies":[{"name":"wp","href":"https:\/\/api.w.org\/{rel}","templated":true}]}}