{"id":996,"date":"2025-02-10T20:29:23","date_gmt":"2025-02-11T04:29:23","guid":{"rendered":"https:\/\/azh5n13ivf.onrocket.site\/?page_id=996"},"modified":"2025-02-13T00:02:21","modified_gmt":"2025-02-13T08:02:21","slug":"neue-folien","status":"publish","type":"page","link":"https:\/\/treelofts.com\/de\/neue-folien\/","title":{"rendered":"NEUE Rutschen"},"content":{"rendered":"<div class=\"banner has-hover\" id=\"banner-1804021599\">\n          <div class=\"banner-inner fill\">\n        <div class=\"banner-bg fill\" >\n            <img decoding=\"async\" width=\"1020\" height=\"584\" src=\"https:\/\/treelofts.com\/wp-content\/uploads\/2025\/02\/Tree-House-1.jpg\" class=\"bg attachment-large size-large\" alt=\"\" title=\"\">                        <div class=\"overlay\"><\/div>            \n                    <\/div>\n\t\t\n        <div class=\"banner-layers container\">\n            <div class=\"fill banner-link\"><\/div>            \n\n   <div id=\"text-box-813031494\" class=\"text-box banner-layer x50 md-x50 lg-x50 y50 md-y50 lg-y50 res-text\">\n                                <div class=\"text-box-content text dark\">\n              \n              <div class=\"text-inner text-center\">\n                  \n\n<h3>Bringen Sie eine Extraportion Spa\u00df in Ihr Baumhaus!<\/h3>\n<h1><strong>NEU <\/strong><strong data-start=\"681\" data-end=\"719\">SLIDE<\/strong><\/h1>\n<p>Ein Baumhaus ist bereits ein fantastischer Ort f\u00fcr Abenteuer, aber stellen Sie sich vor, Sie k\u00f6nnten sich die Stufen sparen und stattdessen hinunterrutschen! Egal, ob Sie eine schnelle und aufregende Fahrt oder eine angenehme, wirbelnde Abfahrt w\u00fcnschen, eine Rutsche in Ihrem Baumhaus ist die perfekte M\u00f6glichkeit, Ihr Outdoor-Vergn\u00fcgen zu steigern.<\/p>\n\n              <\/div>\n           <\/div>\n                            \n<style>\n#text-box-813031494 {\n  width: 85%;\n}\n#text-box-813031494 .text-box-content {\n  font-size: 100%;\n}\n<\/style>\n    <\/div>\n \n\n        <\/div>\n      <\/div>\n\n            \n<style>\n#banner-1804021599 {\n  padding-top: 679px;\n}\n#banner-1804021599 .overlay {\n  background-color: rgba(0,0,0,.5);\n}\n#banner-1804021599 .banner-bg img {\n  object-position: 76% 100%;\n}\n@media (min-width:550px) {\n  #banner-1804021599 {\n    padding-top: 800px;\n  }\n}\n<\/style>\n  <\/div>\n\n\n\n\t<section class=\"section\" id=\"section_2057787796\">\n\t\t<div class=\"section-bg fill\" >\n\t\t\t\t\t\t\t\t\t\n\t\t\t\n\n\t\t<\/div>\n\n\t\t\n\n\t\t<div class=\"section-content relative\">\n\t\t\t\n\n<div class=\"row row-collapse align-middle\" style=\"max-width:1300px\" id=\"row-1845866602\">\n\n\n\t<div id=\"col-596523807\" class=\"col small-12 large-12\"  >\n\t\t\t\t<div class=\"col-inner\" style=\"background-color:rgb(246, 246, 246);\" >\n\t\t\t\n\t\t\t\n\n<div class=\"row row-collapse align-middle\" style=\"max-width:1300px\" id=\"row-365199571\">\n\n\n\t<div id=\"col-1041397294\" class=\"col medium-12 small-12 large-6\"  >\n\t\t\t\t<div class=\"col-inner\"  >\n\t\t\t\n\t\t\t\n\n\n  <div class=\"banner has-hover\" id=\"banner-1935932580\">\n          <div class=\"banner-inner fill\">\n        <div class=\"banner-bg fill\" >\n            <img decoding=\"async\" width=\"1024\" height=\"683\" src=\"https:\/\/treelofts.com\/wp-content\/uploads\/2025\/02\/Tree-House-37.jpg\" class=\"bg attachment-original size-original\" alt=\"\" title=\"\">                                    \n                    <\/div>\n\t\t\n        <div class=\"banner-layers container\">\n            <div class=\"fill banner-link\"><\/div>            \n\n   <div id=\"text-box-96217632\" class=\"text-box banner-layer x50 md-x50 lg-x50 y50 md-y50 lg-y50 res-text\">\n                                <div class=\"text-box-content text dark\">\n              \n              <div class=\"text-inner text-center\">\n                  \n\n\n              <\/div>\n           <\/div>\n                            \n<style>\n#text-box-96217632 {\n  width: 60%;\n}\n#text-box-96217632 .text-box-content {\n  font-size: 100%;\n}\n@media (min-width:550px) {\n  #text-box-96217632 {\n    width: 60%;\n  }\n}\n<\/style>\n    <\/div>\n \n\n        <\/div>\n      <\/div>\n\n            \n<style>\n#banner-1935932580 {\n  padding-top: 300px;\n  background-color: rgb(255,255,255);\n}\n#banner-1935932580 .banner-bg img {\n  object-position: 50% 60%;\n}\n@media (min-width:550px) {\n  #banner-1935932580 {\n    padding-top: 400px;\n  }\n}\n@media (min-width:850px) {\n  #banner-1935932580 {\n    padding-top: 621px;\n  }\n}\n<\/style>\n  <\/div>\n\n\n\n\t\t<\/div>\n\t\t\t\t\t<\/div>\n\n\t\n\n\t<div id=\"col-526686128\" class=\"col medium-12 small-12 large-6\"  >\n\t\t\t\t<div class=\"col-inner\" style=\"background-color:rgb(246, 246, 246);\" >\n\t\t\t\n\t\t\t\n\n\t<div id=\"text-2697192209\" class=\"text\">\n\t\t\n\n<h2 data-start=\"677\" data-end=\"721\"><strong data-start=\"681\" data-end=\"719\">Warum eine Rutsche f\u00fcr Ihr Baumhaus?<\/strong><\/h2>\n\t\t\n<style>\n#text-2697192209 {\n  font-size: 1.5rem;\n}\n<\/style>\n\t<\/div>\n\t\n<ul>\n<li data-start=\"850\" data-end=\"940\"><strong data-start=\"852\" data-end=\"875\">Sofortiges Spa\u00df-Upgrade<\/strong> - Eine Treppe hinunterlaufen? Langweilig. Mit Stil hinunterrutschen? Erstaunlich!<\/li>\n<li data-start=\"941\" data-end=\"1055\"><strong data-start=\"943\" data-end=\"967\">Jedes Mal ein Abenteuer<\/strong> - Eine Rutsche sorgt daf\u00fcr, dass jeder Abstieg aus dem Baumhaus zu einer actiongeladenen Flucht wird.<\/li>\n<li data-start=\"1056\" data-end=\"1177\"><strong data-start=\"1058\" data-end=\"1076\">Sicherer f\u00fcr Kinder<\/strong> - Keine wackeligen Leitern mehr - Rutschen bieten einen sanften und sicheren Weg f\u00fcr die kleinen Abenteurer nach unten.<\/li>\n<li data-start=\"1178\" data-end=\"1301\"><strong data-start=\"1180\" data-end=\"1201\">Mehr Spieloptionen<\/strong> - Warum nur in deinem Baumhaus sitzen, wenn du klettern, erforschen und hinunterrutschen kannst, um endlosen Spa\u00df zu haben?<\/li>\n<\/ul>\n<p>Eine Rutsche sorgt f\u00fcr noch mehr Aufregung, egal ob Ihr Baumhaus zum fantasievollen Spielen, f\u00fcr die Freizeit oder f\u00fcr einen Ausflug in den Garten gedacht ist!<\/p>\n<a href=\"https:\/\/treelofts.com\/de\/kontaktieren-sie-uns\/\" class=\"button white is-outline\"  style=\"border-radius:10px;padding:10px 25px 10px 25px;\">\n\t\t<span>Beginnen Sie Ihre Baumhausreise noch heute<\/span>\n\t<\/a>\n\n\n\n\t\t<\/div>\n\t\t\t\t\n<style>\n#col-526686128 > .col-inner {\n  padding: 40px 30px 30px 30px;\n}\n@media (min-width:550px) {\n  #col-526686128 > .col-inner {\n    padding: 50px 75px 50px 75px;\n  }\n}\n@media (min-width:850px) {\n  #col-526686128 > .col-inner {\n    padding: 50px 75px 50px 75px;\n  }\n}\n<\/style>\n\t<\/div>\n\n\t\n\n<\/div>\n\n\t\t<\/div>\n\t\t\t\t\t<\/div>\n\n\t\n\n<\/div>\n\t<div id=\"gap-1490450928\" class=\"gap-element clearfix\" style=\"display:block; height:auto;\">\n\t\t\n<style>\n#gap-1490450928 {\n  padding-top: 60px;\n}\n<\/style>\n\t<\/div>\n\t\n\n<div class=\"row\"  id=\"row-1373443388\">\n\n\n\t<div id=\"col-1440479264\" class=\"col small-12 large-12\"  >\n\t\t\t\t<div class=\"col-inner\"  >\n\t\t\t\n\t\t\t\n\n\t<div id=\"text-3584688962\" class=\"text\">\n\t\t\n\n<h2 data-start=\"1449\" data-end=\"1502\"><strong data-start=\"1453\" data-end=\"1500\">Die Wahl der richtigen Rutsche f\u00fcr Ihr Baumhaus<\/strong><\/h2>\n\t\t\n<style>\n#text-3584688962 {\n  font-size: 1.5rem;\n}\n<\/style>\n\t<\/div>\n\t\n<p>Nicht jede Rutsche ist genau wie die andere gebaut! Die H\u00f6he des Baumhauses, der verf\u00fcgbare Platz und das gew\u00fcnschte Ma\u00df an Nervenkitzel bestimmen das richtige Modell. Hier sind einige Auswahlm\u00f6glichkeiten, \u00fcber die Sie nachdenken sollten:<\/p>\n<p><strong>1. Gerade Rutschen - einfach und schnell<\/strong><br \/>Eine traditionelle gerade Rutsche f\u00e4hrt schnell und kraftvoll. Sie ist ideal f\u00fcr h\u00f6here Baumh\u00e4user und l\u00e4sst Sie in Sekundenschnelle direkt auf den Boden gleiten.<\/p>\n<p><strong>2. Spiralrutschen - Drehen, Wenden und extra viel Spa\u00df<\/strong><br \/>M\u00f6chten Sie Ihrer Fahrt etwas mehr Schwung verleihen? Mit einer Spiralrutsche k\u00f6nnen Sie sich auf eine interessante, l\u00e4ngere Reise begeben. Perfekt f\u00fcr kleine Baumh\u00e4user und doch ein Riesenspa\u00df!<\/p>\n<p><strong>3. Wellenrutschen - sanft und spielerisch<\/strong><br \/>Eine Wellenrutsche sorgt f\u00fcr mehr Bewegung, ohne zu schnell zu sein, und f\u00fcr eine sanftere, rollende Abfahrt - perfekt f\u00fcr Kinder jeden Alters!<\/p>\n<p><strong>4. R\u00f6hrenrutschen - Geschlossen f\u00fcr extra Nervenkitzel<\/strong><br \/>Eine R\u00f6hrenrutsche sorgt f\u00fcr zus\u00e4tzlichen Nervenkitzel und eine kleine \u00dcberraschung, wenn Sie von Ihrem Baumhaus hinunter sausen, wenn Sie schnelle Rutschen in geschlossener Form m\u00f6gen.<\/p>\n<p><strong>5. DIY vs. vorgefertigte Folien<\/strong><br \/>Werden Sie handwerklich begabt? Erstellen Sie Ihre eigene Rutsche mit einer passgenauen Oberfl\u00e4che oder glatten Hartholzplatten. Sie brauchen eine schnelle und zuverl\u00e4ssige L\u00f6sung? W\u00e4hlen Sie aus vorgefertigten Rutschen aus Metall, Glasfaser oder wetterfestem Kunststoff.<\/p>\n\t<div id=\"gap-1718908299\" class=\"gap-element clearfix\" style=\"display:block; height:auto;\">\n\t\t\n<style>\n#gap-1718908299 {\n  padding-top: 30px;\n}\n<\/style>\n\t<\/div>\n\t\n\n\t<div id=\"text-2757107265\" class=\"text\">\n\t\t\n\n<h2 data-start=\"2804\" data-end=\"2838\"><strong data-start=\"2808\" data-end=\"2836\">Installation leicht gemacht<\/strong><\/h2>\n\t\t\n<style>\n#text-2757107265 {\n  font-size: 1.5rem;\n}\n<\/style>\n\t<\/div>\n\t\n<p>Wir beraten Sie, damit das Verfahren reibungslos und stressfrei abl\u00e4uft, auch wenn wir keine Installation vor Ort anbieten:<\/p>\n<ul>\n<li><strong>DIY-freundliche Designs<\/strong> - Mit dem richtigen Tr\u00e4gersystem sind viele Rutschen einfach zu montieren.<\/li>\n<li><strong>Pr\u00fcfen Sie das Gef\u00e4lle<\/strong> - Achten Sie darauf, dass Ihre Rutsche nicht zu steil oder zu flach ist - Sie wollen Geschwindigkeit, aber auch Kontrolle.<\/li>\n<li><strong>Sichern Sie die Basis<\/strong> - Eine weiche Landefl\u00e4che, Mulch oder Gras am Boden macht die Fahrt sicherer.<\/li>\n<li><strong>Erw\u00e4gen Sie ein Upgrade der Wasserrutsche<\/strong> - M\u00f6chten Sie noch mehr Spa\u00df haben? F\u00fcr ein k\u00fchles Sommererlebnis f\u00fcgen Sie einfach Wasser hinzu!<\/li>\n<\/ul>\n<p>Sollten Sie sich bei der Montage unsicher sein, k\u00f6nnen Sie sich jederzeit an einen \u00f6rtlichen Bauunternehmer wenden, der das Ger\u00e4t fest an Ihrem Baumhaus befestigt.<\/p>\n\t<div id=\"gap-2065186443\" class=\"gap-element clearfix\" style=\"display:block; height:auto;\">\n\t\t\n<style>\n#gap-2065186443 {\n  padding-top: 30px;\n}\n<\/style>\n\t<\/div>\n\t\n\n<p>Ein Baumhaus ist ein Universum der Fantasie, des Abenteuers und des Nervenkitzels, nicht nur eine physische Konstruktion. Mit einer Rutsche wird es zum besten R\u00fcckzugsort im Freien, den es gibt! Diese Verbesserung garantiert stundenlanges Vergn\u00fcgen, unabh\u00e4ngig von der Art der Rutsche - gerade, spiralf\u00f6rmig oder gewellt.<\/p>\n<p>Wir von Treelofts helfen Ihnen bei der Auswahl der idealen Rutsche f\u00fcr die H\u00f6he, das Design und den Grad des Abenteuers Ihres Baumhauses.<strong> Entdecken Sie jetzt unsere Vorschl\u00e4ge, um Ihr Baumhausvergn\u00fcgen buchst\u00e4blich auf ein noch nie dagewesenes Niveau zu bringen.<\/strong><\/p>\n\n\t\t<\/div>\n\t\t\t\t\t<\/div>\n\n\t\n\n<\/div>\n\n\t\t<\/div>\n\n\t\t\n<style>\n#section_2057787796 {\n  padding-top: 60px;\n  padding-bottom: 60px;\n}\n<\/style>\n\t<\/section>\n\t\n\n  <div class=\"banner has-hover\" id=\"banner-1701508488\">\n          <div class=\"banner-inner fill\">\n        <div class=\"banner-bg fill\" >\n            <img decoding=\"async\" width=\"1020\" height=\"728\" src=\"https:\/\/treelofts.com\/wp-content\/uploads\/2025\/02\/Tree-House-41.jpg\" class=\"bg attachment-large size-large\" alt=\"\" title=\"\">                        <div class=\"overlay\"><\/div>            \n                    <\/div>\n\t\t\n        <div class=\"banner-layers container\">\n            <div class=\"fill banner-link\"><\/div>            \n\n   <div id=\"text-box-1606059627\" class=\"text-box banner-layer x50 md-x50 lg-x50 y50 md-y50 lg-y50 res-text\">\n                                <div class=\"text-box-content text dark\">\n              \n              <div class=\"text-inner text-center\">\n                  \n\n<p>Lassen Sie uns Ihre Vision zum Leben erwecken<\/p>\n<h2><strong>Herstellung von Traum-Baumh\u00e4usern seit 2013<\/strong><\/h2>\n<a href=\"https:\/\/treelofts.com\/de\/kontaktieren-sie-uns\/\" class=\"button white is-outline\"  >\n\t\t<span>Beginnen Sie Ihre Baumhausreise noch heute<\/span>\n\t<\/a>\n\n\n\n              <\/div>\n           <\/div>\n                            \n<style>\n#text-box-1606059627 {\n  width: 60%;\n}\n#text-box-1606059627 .text-box-content {\n  font-size: 100%;\n}\n<\/style>\n    <\/div>\n \n\n        <\/div>\n      <\/div>\n\n            \n<style>\n#banner-1701508488 {\n  padding-top: 350px;\n}\n#banner-1701508488 .overlay {\n  background-color: rgba(0, 0, 0, 0.17);\n}\n#banner-1701508488 .banner-bg img {\n  object-position: 49% 53%;\n}\n<\/style>\n  <\/div>\n\n\n<div class=\"woocommerce columns-4\"><\/div>\n\n<div class=\"row\"  id=\"row-636349161\">\n\n\n\n<\/div>","protected":false},"excerpt":{"rendered":"","protected":false},"author":5,"featured_media":0,"parent":0,"menu_order":0,"comment_status":"closed","ping_status":"closed","template":"","meta":{"footnotes":""},"class_list":["post-996","page","type-page","status-publish","hentry"],"_links":{"self":[{"href":"https:\/\/treelofts.com\/de\/wp-json\/wp\/v2\/pages\/996","targetHints":{"allow":["GET"]}}],"collection":[{"href":"https:\/\/treelofts.com\/de\/wp-json\/wp\/v2\/pages"}],"about":[{"href":"https:\/\/treelofts.com\/de\/wp-json\/wp\/v2\/types\/page"}],"author":[{"embeddable":true,"href":"https:\/\/treelofts.com\/de\/wp-json\/wp\/v2\/users\/5"}],"replies":[{"embeddable":true,"href":"https:\/\/treelofts.com\/de\/wp-json\/wp\/v2\/comments?post=996"}],"version-history":[{"count":0,"href":"https:\/\/treelofts.com\/de\/wp-json\/wp\/v2\/pages\/996\/revisions"}],"wp:attachment":[{"href":"https:\/\/treelofts.com\/de\/wp-json\/wp\/v2\/media?parent=996"}],"curies":[{"name":"wp","href":"https:\/\/api.w.org\/{rel}","templated":true}]}}