{"id":1009,"date":"2025-02-10T22:31:03","date_gmt":"2025-02-11T06:31:03","guid":{"rendered":"https:\/\/azh5n13ivf.onrocket.site\/?page_id=1009"},"modified":"2025-02-13T18:07:43","modified_gmt":"2025-02-14T02:07:43","slug":"puentes","status":"publish","type":"page","link":"https:\/\/treelofts.com\/es\/puentes\/","title":{"rendered":"Puentes"},"content":{"rendered":"<div class=\"banner has-hover\" id=\"banner-1984649906\">\n          <div class=\"banner-inner fill\">\n        <div class=\"banner-bg fill\" >\n            <img decoding=\"async\" width=\"1080\" height=\"1080\" src=\"https:\/\/treelofts.com\/wp-content\/uploads\/2025\/02\/Bridges-4.jpg\" class=\"bg attachment-original size-original\" alt=\"\" title=\"\">                        <div class=\"overlay\"><\/div>            \n                    <\/div>\n\t\t\n        <div class=\"banner-layers container\">\n            <div class=\"fill banner-link\"><\/div>            \n\n   <div id=\"text-box-549314078\" class=\"text-box banner-layer x50 md-x50 lg-x50 y50 md-y50 lg-y50 res-text\">\n                                <div class=\"text-box-content text dark\">\n              \n              <div class=\"text-inner text-center\">\n                  \n\n<h3>\u00a1Conectar, explorar y elevar la aventura!<\/h3>\n<h1><strong>Puentes<\/strong><\/h1>\n<p>Aunque una casa en el \u00e1rbol ya es una escapada fant\u00e1stica, \u00bfy si pudieras dise\u00f1ar tu propio recorrido de aventura por las copas de los \u00e1rboles, enlazar varias plataformas y caminar por las alturas? Incluir un puente en la casa del \u00e1rbol transforma tu refugio del patio trasero de genial a muy magn\u00edfico. Un puente convierte su casa del \u00e1rbol en un aut\u00e9ntico patio de recreo a\u00e9reo, ya sea para conectar dos casas del \u00e1rbol, ampliar un mirador o simplemente a\u00f1adir un emocionante y atrevido paseo.<\/p>\n\n              <\/div>\n           <\/div>\n                            \n<style>\n#text-box-549314078 {\n  width: 89%;\n}\n#text-box-549314078 .text-box-content {\n  font-size: 100%;\n}\n<\/style>\n    <\/div>\n \n\n        <\/div>\n      <\/div>\n\n            \n<style>\n#banner-1984649906 {\n  padding-top: 658px;\n}\n#banner-1984649906 .overlay {\n  background-color: rgba(0,0,0,.5);\n}\n#banner-1984649906 .banner-bg img {\n  object-position: 47% 55%;\n}\n@media (min-width:550px) {\n  #banner-1984649906 {\n    padding-top: 800px;\n  }\n}\n<\/style>\n  <\/div>\n\n\n\n\t<section class=\"section\" id=\"section_78793966\">\n\t\t<div class=\"section-bg fill\" >\n\t\t\t\t\t\t\t\t\t\n\t\t\t\n\n\t\t<\/div>\n\n\t\t\n\n\t\t<div class=\"section-content relative\">\n\t\t\t\n\n<div class=\"row row-collapse align-middle\" style=\"max-width:1300px\" id=\"row-1575656275\">\n\n\n\t<div id=\"col-1047168545\" class=\"col small-12 large-12\"  >\n\t\t\t\t<div class=\"col-inner\" style=\"background-color:rgb(246, 246, 246);\" >\n\t\t\t\n\t\t\t\n\n<div class=\"row row-collapse align-middle\" style=\"max-width:1300px\" id=\"row-844794398\">\n\n\n\t<div id=\"col-378130829\" class=\"col medium-12 small-12 large-6\"  >\n\t\t\t\t<div class=\"col-inner\"  >\n\t\t\t\n\t\t\t\n\n\n  <div class=\"banner has-hover\" id=\"banner-2042005296\">\n          <div class=\"banner-inner fill\">\n        <div class=\"banner-bg fill\" >\n            <img decoding=\"async\" width=\"800\" height=\"800\" src=\"https:\/\/treelofts.com\/wp-content\/uploads\/2025\/02\/Bridges-5-800x800.jpg\" class=\"bg attachment-large size-large\" alt=\"\" title=\"\">                                    \n                    <\/div>\n\t\t\n        <div class=\"banner-layers container\">\n            <div class=\"fill banner-link\"><\/div>            \n\n   <div id=\"text-box-2016041435\" class=\"text-box banner-layer x50 md-x50 lg-x50 y50 md-y50 lg-y50 res-text\">\n                                <div class=\"text-box-content text dark\">\n              \n              <div class=\"text-inner text-center\">\n                  \n\n\n              <\/div>\n           <\/div>\n                            \n<style>\n#text-box-2016041435 {\n  width: 60%;\n}\n#text-box-2016041435 .text-box-content {\n  font-size: 100%;\n}\n@media (min-width:550px) {\n  #text-box-2016041435 {\n    width: 60%;\n  }\n}\n<\/style>\n    <\/div>\n \n\n        <\/div>\n      <\/div>\n\n            \n<style>\n#banner-2042005296 {\n  padding-top: 300px;\n  background-color: rgb(255,255,255);\n}\n#banner-2042005296 .banner-bg img {\n  object-position: 49% 59%;\n}\n@media (min-width:550px) {\n  #banner-2042005296 {\n    padding-top: 400px;\n  }\n}\n@media (min-width:850px) {\n  #banner-2042005296 {\n    padding-top: 898px;\n  }\n}\n<\/style>\n  <\/div>\n\n\n\n\t\t<\/div>\n\t\t\t\t\t<\/div>\n\n\t\n\n\t<div id=\"col-1868809798\" class=\"col medium-12 small-12 large-6\"  >\n\t\t\t\t<div class=\"col-inner\" style=\"background-color:rgb(246, 246, 246);\" >\n\t\t\t\n\t\t\t\n\n\t<div id=\"text-583820524\" class=\"text\">\n\t\t\n\n<h2 data-start=\"810\" data-end=\"855\"><strong data-start=\"814\" data-end=\"853\">\u00bfPor qu\u00e9 a\u00f1adir un puente a su casa del \u00e1rbol?<\/strong><\/h2>\n\t\t\n<style>\n#text-583820524 {\n  font-size: 1.5rem;\n}\n<\/style>\n\t<\/div>\n\t\n<p>Ampl\u00eda el alcance de tu casa del \u00e1rbol - En lugar de una sola casa del \u00e1rbol, \u00bfpor qu\u00e9 no creas una red de plataformas conectadas por puentes? Es como vivir en tu propia comunidad en la copa de un \u00e1rbol.<\/p>\n<ul>\n<li data-start=\"1196\" data-end=\"1373\"><strong data-start=\"1198\" data-end=\"1231\">Ampl\u00ede el alcance de su casa del \u00e1rbol<\/strong> - En lugar de una sola casa en el \u00e1rbol, \u00bfpor qu\u00e9 no crear una red de plataformas conectadas por puentes? Es como tener tu propio pueblo en la copa de un \u00e1rbol.<\/li>\n<li data-start=\"1374\" data-end=\"1544\"><strong data-start=\"1376\" data-end=\"1411\">Haga de cada viaje una aventura<\/strong> - Tanto si se trata de un tambaleante puente colgante como de una robusta pasarela de madera, cruzar un puente a\u00f1ade emoci\u00f3n a la experiencia.<\/li>\n<li data-start=\"1545\" data-end=\"1695\"><strong data-start=\"1547\" data-end=\"1571\">Aumente el factor sorpresa<\/strong> - Un puente bien colocado convierte tu casa del \u00e1rbol en una obra maestra del patio trasero, \u00a1algo sacado directamente de una pel\u00edcula de aventuras!<\/li>\n<li data-start=\"1696\" data-end=\"1847\"><strong data-start=\"1698\" data-end=\"1727\">Ideal para ni\u00f1os y adultos<\/strong> - A los ni\u00f1os les encantar\u00e1 el factor exploraci\u00f3n, y los adultos apreciar\u00e1n las vistas elevadas y la experiencia \u00fanica.<\/li>\n<\/ul>\n<p>Imag\u00ednese paseando de una casa del \u00e1rbol a otra, sintiendo el suave balanceo del puente bajo usted y contemplando el asombroso paisaje de las copas de los \u00e1rboles. Suena maravilloso, \u00bfverdad? Hag\u00e1moslo realidad.<\/p>\n<a href=\"https:\/\/treelofts.com\/es\/contacto\/\" class=\"button white is-outline\"  style=\"border-radius:10px;padding:10px 25px 10px 25px;\">\n\t\t<span>comience hoy mismo su viaje a la casa del \u00e1rbol<\/span>\n\t<\/a>\n\n\n\n\t\t<\/div>\n\t\t\t\t\n<style>\n#col-1868809798 > .col-inner {\n  padding: 40px 30px 30px 30px;\n}\n@media (min-width:550px) {\n  #col-1868809798 > .col-inner {\n    padding: 50px 75px 50px 75px;\n  }\n}\n@media (min-width:850px) {\n  #col-1868809798 > .col-inner {\n    padding: 50px 75px 50px 75px;\n  }\n}\n<\/style>\n\t<\/div>\n\n\t\n\n<\/div>\n\n\t\t<\/div>\n\t\t\t\t\t<\/div>\n\n\t\n\n<\/div>\n<div class=\"row\"  id=\"row-2042410090\">\n\n\n\t<div id=\"col-1966634446\" class=\"col small-12 large-12\"  >\n\t\t\t\t<div class=\"col-inner\"  >\n\t\t\t\n\t\t\t\n\n\t<div id=\"gap-1513520887\" class=\"gap-element clearfix\" style=\"display:block; height:auto;\">\n\t\t\n<style>\n#gap-1513520887 {\n  padding-top: 50px;\n}\n<\/style>\n\t<\/div>\n\t\n\n\t<div id=\"text-3747051318\" class=\"text\">\n\t\t\n\n<h2 data-start=\"2055\" data-end=\"2114\"><strong data-start=\"2059\" data-end=\"2112\">Tipos de puentes para casitas de \u00e1rbol: encuentre el que mejor se adapte a sus necesidades<\/strong><\/h2>\n\t\t\n<style>\n#text-3747051318 {\n  font-size: 1.5rem;\n}\n<\/style>\n\t<\/div>\n\t\n<p>No todos los puentes de las casas del \u00e1rbol son iguales; el mejor para usted depender\u00e1 del aspecto, la sensaci\u00f3n y el grado de aventura que desee incluir en su escapada a las copas de los \u00e1rboles. El tipo de puente que elijas determinar\u00e1 c\u00f3mo interactuar\u00e1 tu casa en el \u00e1rbol con el entorno y c\u00f3mo se sentir\u00e1n los visitantes al pasar de una plataforma a otra, tanto si tu objetivo es una conexi\u00f3n r\u00fastica de madera, un emocionante cruce al estilo selv\u00e1tico o un camino limpio y moderno.<\/p>\n<h3><strong>Puente cl\u00e1sico de tablones de madera: una opci\u00f3n intemporal y resistente<\/strong><\/h3>\n<p>Un puente b\u00e1sico de tablones de madera es ideal para las personas que disfrutan del atractivo convencional de una casa en el \u00e1rbol. Estos puentes garantizan que adultos y ni\u00f1os puedan viajar con seguridad ofreciendo un camino fiable, fuerte y r\u00fastico entre dos plataformas. Fabricados con madera resistente a la intemperie, estos puentes ofrecen una forma suave y de inspiraci\u00f3n natural que encaja muy bien con el entorno. Al ofrecer tanto durabilidad como un ambiente c\u00e1lido, son especialmente ideales para casas en los \u00e1rboles con un aspecto de caba\u00f1a cl\u00e1sica. Para los que buscan una alternativa \"h\u00e1galo usted mismo\", un puente de madera es tambi\u00e9n de los m\u00e1s f\u00e1ciles de construir.<\/p>\n<h3><strong>Puente colgante de cuerda: la experiencia de aventura definitiva<\/strong><\/h3>\n<p>Un puente colgante de cuerda proporciona a cualquier casa en un \u00e1rbol a\u00fan m\u00e1s emoci\u00f3n y aventura para esas personas. Estos puentes, que recuerdan a los que se ven en las excursiones por los bosques profundos, se balancean ligeramente bajo los pies para proporcionar un viaje emocionante. Cada paso parece una aventura porque la mezcla de robustas vallas de cuerda y tablones de madera dura proporciona un compromiso entre estabilidad y movimiento. Para las casas en los \u00e1rboles inspiradas en los exploradores, un puente colgante supone un reto y una sensaci\u00f3n de exploraci\u00f3n. Los tramos m\u00e1s largos entre plataformas son especialmente atractivos para ellos, ya que la flexibilidad inherente al sistema de suspensi\u00f3n y la sencillez de su instalaci\u00f3n permiten una mayor adaptaci\u00f3n. Este es su enlace si desea una casa en el \u00e1rbol similar a una aut\u00e9ntica base de expedici\u00f3n.<\/p>\n<h3><strong>Puente de red de cuerda - Un parque infantil en el cielo<\/strong><\/h3>\n<p>Un puente de red de cuerda es un gran complemento para cualquiera que desee dar a su casa del \u00e1rbol un toque interactivo y caprichoso. A los ni\u00f1os les encanta este tipo de puente, hecho completamente de cuerda gruesa, ya que proporciona una experiencia de cruce flexible, saltarina y divertida. Un puente de red de cuerda es un gran complemento para cualquier zona de juegos activos, a diferencia de los puentes de madera convencionales, que ofrecen un fuerte punto de apoyo; fomenta la escalada, el balanceo y la construcci\u00f3n del equilibrio. Los ni\u00f1os m\u00e1s peque\u00f1os que disfrutan trepando y explorando encontrar\u00e1n ideal este tipo de puente, ya que les permite poner a prueba su agilidad al pasar entre las plataformas de la casa del \u00e1rbol. Adem\u00e1s, es una opci\u00f3n visualmente espectacular y ligera que da a su escapada a la copa del \u00e1rbol una interesante impresi\u00f3n de gimnasio en la jungla.<\/p>\n<h3><strong>Pasarela de cristal: moderna, elegante y emocionante<\/strong><\/h3>\n<p>Un puente pasarela de cristal proporciona una sensaci\u00f3n de asombro sin parang\u00f3n para quienes buscan producir una experiencia inolvidable y espectacular. Construidos con paneles de vidrio de alta resistencia e inastillables, estos puentes permiten caminar directamente por la superficie y dan la impresi\u00f3n de flotar en el aire. Para las casas en los \u00e1rboles construidas a mayor altitud, donde los hu\u00e9spedes pueden disfrutar de impresionantes vistas del suelo del bosque, esta opci\u00f3n es ideal. La transparencia del puente confiere un aspecto elegante y futurista que contrasta exquisitamente con el duro entorno natural de los \u00e1rboles. Aunque puede que este tipo de puente no sea para los t\u00edmidos, es ideal para quienes deseen dar m\u00e1s emoci\u00f3n a su experiencia en la casa del \u00e1rbol. Si est\u00e1 construyendo una casa del \u00e1rbol que busca deslumbrar, un puente de cristal es un enfoque inigualable para aumentar tanto el estilo como la emoci\u00f3n.<\/p>\n<h3><strong>Puente mixto: lo mejor de dos mundos<\/strong><\/h3>\n<p>Si no puede elegir un solo estilo, \u00bfpor qu\u00e9 no mezclar varios componentes para construir un puente de casa de \u00e1rbol \u00fanico? En una sola traves\u00eda, un puente de estilo mixto puede combinar tablones de madera dura, barandillas de cuerda y partes de red para proporcionar aventura en un solo paso junto con estabilidad. Las configuraciones de casas de \u00e1rbol m\u00e1s grandes que conectan varias plataformas se benefician de este tipo de puente, que proporciona sensaciones distintas en varios lugares. Para una base s\u00f3lida, empiece con una pieza de madera maciza; luego, para un poco de aventura, pase a un puente de cuerda; por \u00faltimo, termine con un paso de red suspendido para disfrutar m\u00e1s. Las familias que quieran construir un entorno exterior flexible y din\u00e1mico encontrar\u00e1n este m\u00e9todo perfecto, ya que permite personalizar la casa del \u00e1rbol para adaptarla a distintos grupos de edad y gustos.<\/p>\n<p>\u00a0<\/p>\n<p><strong>Elegir el puente adecuado para su casa del \u00e1rbol no es s\u00f3lo cuesti\u00f3n de funcionalidad, sino de crear una experiencia. Cada estilo ofrece un enfoque diferente para relacionarse con el entorno: desde un puente de madera cl\u00e1sico para un atractivo r\u00fastico y s\u00f3lido hasta un puente colgante oscilante para un desaf\u00edo aventurero, pasando por un moderno puente de cristal para disfrutar de unas vistas incre\u00edbles. El puente de su casa en el \u00e1rbol puede convertirse en el centro de la emoci\u00f3n, la belleza y la utilidad con la elecci\u00f3n correcta, transformando as\u00ed cada traves\u00eda en un acontecimiento memorable.<\/strong><\/p>\n\n\t\t<\/div>\n\t\t\t\t\n<style>\n#col-1966634446 > .col-inner {\n  padding: 30px 0px 0px 0px;\n}\n<\/style>\n\t<\/div>\n\n\t\n\n<\/div>\n\n\t\t<\/div>\n\n\t\t\n<style>\n#section_78793966 {\n  padding-top: 60px;\n  padding-bottom: 60px;\n}\n<\/style>\n\t<\/section>\n\t\n\n  <div class=\"banner has-hover\" id=\"banner-2035506949\">\n          <div class=\"banner-inner fill\">\n        <div class=\"banner-bg fill\" >\n            <img decoding=\"async\" width=\"1080\" height=\"1080\" src=\"https:\/\/treelofts.com\/wp-content\/uploads\/2025\/02\/Bridges-3.jpg\" class=\"bg attachment-original size-original\" alt=\"\" title=\"\">                        <div class=\"overlay\"><\/div>            \n                    <\/div>\n\t\t\n        <div class=\"banner-layers container\">\n            <div class=\"fill banner-link\"><\/div>            \n\n   <div id=\"text-box-1140195753\" class=\"text-box banner-layer x50 md-x50 lg-x50 y50 md-y50 lg-y50 res-text\">\n                                <div class=\"text-box-content text dark\">\n              \n              <div class=\"text-inner text-center\">\n                  \n\n<p>Hagamos realidad su visi\u00f3n<\/p>\n<h2><strong>Creando casas en los \u00e1rboles de ensue\u00f1o desde 2013<\/strong><\/h2>\n<a href=\"https:\/\/treelofts.com\/es\/contacto\/\" class=\"button white is-outline\"  >\n\t\t<span>comience hoy mismo su viaje a la casa del \u00e1rbol<\/span>\n\t<\/a>\n\n\n\n              <\/div>\n           <\/div>\n                            \n<style>\n#text-box-1140195753 {\n  width: 60%;\n}\n#text-box-1140195753 .text-box-content {\n  font-size: 100%;\n}\n<\/style>\n    <\/div>\n \n\n        <\/div>\n      <\/div>\n\n            \n<style>\n#banner-2035506949 {\n  padding-top: 353px;\n}\n#banner-2035506949 .overlay {\n  background-color: rgba(0, 0, 0, 0.17);\n}\n#banner-2035506949 .banner-bg img {\n  object-position: 54% 48%;\n}\n<\/style>\n  <\/div>\n\n\n<div class=\"row\"  id=\"row-549464178\">\n\n\n\t<div id=\"col-2092309774\" class=\"col small-12 large-12\"  >\n\t\t\t\t<div class=\"col-inner\"  >\n\t\t\t\n\t\t\t\n\n\t<div id=\"text-2634690008\" class=\"text\">\n\t\t\n\n<h2 data-start=\"4499\" data-end=\"4558\"><strong data-start=\"4503\" data-end=\"4556\">\u00bfC\u00f3mo garantizar un puente seguro y duradero para la casa del \u00e1rbol?<\/strong><\/h2>\n\t\t\n<style>\n#text-2634690008 {\n  font-size: 1.5rem;\n}\n<\/style>\n\t<\/div>\n\t\n<p>Aunque la seguridad debe ser siempre lo primero, un puente en un \u00e1rbol es un espect\u00e1culo incre\u00edble. Estos elementos importantes deber\u00edan ayudarte a dise\u00f1ar tu puente:<\/p>\n<h3><strong>1. Utilice materiales fuertes y resistentes a la intemperie<\/strong><\/h3>\n<p>Su puente estar\u00e1 al aire libre, por lo que querr\u00e1 materiales que puedan soportar los cambios de temperatura. Elige materiales robustos y de primera calidad -madera, cuerda o cables de acero- que no se decoloren f\u00e1cilmente.<\/p>\n<h3><strong>2. Asegure los puntos de fijaci\u00f3n<\/strong><\/h3>\n<p>Tan importante como el puente en s\u00ed, es el m\u00e9todo de fijaci\u00f3n del suyo a la casa del \u00e1rbol. Una fijaci\u00f3n s\u00f3lida garantiza que, con el tiempo, el puente no se mueva ni se afloje. Para fijar correctamente el puente, utiliza siempre tornillos reforzados y fijaciones que no da\u00f1en los \u00e1rboles.<\/p>\n<h3><strong>3. Considerar la capacidad de peso<\/strong><\/h3>\n<p>Considere el uso simult\u00e1neo del puente entre muchas personas. Un puente bien hecho tiene que ser capaz de sostener f\u00e1cilmente a adultos y ni\u00f1os sin tensi\u00f3n.<\/p>\n<h3><strong>4. Dejar espacio para el crecimiento de los \u00e1rboles<\/strong><\/h3>\n<p>Su puente debe cambiar; los \u00e1rboles crecen y migran. Permita el movimiento natural de los \u00e1rboles sin tensiones estructurales utilizando conexiones flexibles y tirantes flotantes.<\/p>\n<h3><strong>5. Incluir elementos de seguridad<\/strong><\/h3>\n<p>En funci\u00f3n de su tipo de puente, tenga en cuenta lo siguiente:<\/p>\n<ul>\n<li>Apoyo adicional de pasamanos o barandillas de cuerda.<\/li>\n<li>Las superficies antideslizantes ayudan a evitar percances en entornos h\u00famedos.<\/li>\n<li>Un mecanismo de anclaje seguro para impedir un movimiento u oscilaci\u00f3n excesivos.<\/li>\n<\/ul>\n\t<div id=\"gap-1934786245\" class=\"gap-element clearfix\" style=\"display:block; height:auto;\">\n\t\t\n<style>\n#gap-1934786245 {\n  padding-top: 30px;\n}\n<\/style>\n\t<\/div>\n\t\n\n\t<div id=\"text-1327157283\" class=\"text\">\n\t\t\n\n\n\t\t\n<style>\n#text-1327157283 {\n  font-size: 1.5rem;\n}\n<\/style>\n\t<\/div>\n\t\n<p>Un puente en una casa del \u00e1rbol es una experiencia y no s\u00f3lo un elemento a\u00f1adido. Confiere a su casa del \u00e1rbol un car\u00e1cter m\u00e1s m\u00edstico, aventurero e interactivo. Un puente es el m\u00e9todo ideal para llevar su casa del \u00e1rbol al siguiente nivel, ya sea a\u00f1adiendo un mirador, uniendo varias plataformas o simplemente haciendo el viaje m\u00e1s interesante.<\/p>\n<p>Nuestra especialidad en Treelofts es guiarle para identificar el dise\u00f1o de puente de casa de \u00e1rbol ideal para su ubicaci\u00f3n. Aunque no podemos ofrecer la instalaci\u00f3n, nuestros consejos y recomendaciones profesionales de dise\u00f1o le ayudar\u00e1n a seleccionar los materiales, el estilo y la construcci\u00f3n correctos para hacer realidad su fantas\u00eda en la copa de un \u00e1rbol.<\/p>\n<p><strong>Vea ahora mismo nuestras ideas de puentes en casas en los \u00e1rboles para comenzar su viaje hacia las mejores vacaciones en las copas de los \u00e1rboles.<\/strong><\/p>\n\n\t\t<\/div>\n\t\t\t\t\n<style>\n#col-2092309774 > .col-inner {\n  padding: 50px 0px 50px 0px;\n}\n<\/style>\n\t<\/div>\n\n\t\n\n<\/div>\n<div class=\"woocommerce columns-4\"><\/div>\n\n<div class=\"row\"  id=\"row-1098058127\">\n\n\n\n<\/div>","protected":false},"excerpt":{"rendered":"","protected":false},"author":5,"featured_media":0,"parent":0,"menu_order":0,"comment_status":"closed","ping_status":"closed","template":"","meta":{"footnotes":""},"class_list":["post-1009","page","type-page","status-publish","hentry"],"_links":{"self":[{"href":"https:\/\/treelofts.com\/es\/wp-json\/wp\/v2\/pages\/1009","targetHints":{"allow":["GET"]}}],"collection":[{"href":"https:\/\/treelofts.com\/es\/wp-json\/wp\/v2\/pages"}],"about":[{"href":"https:\/\/treelofts.com\/es\/wp-json\/wp\/v2\/types\/page"}],"author":[{"embeddable":true,"href":"https:\/\/treelofts.com\/es\/wp-json\/wp\/v2\/users\/5"}],"replies":[{"embeddable":true,"href":"https:\/\/treelofts.com\/es\/wp-json\/wp\/v2\/comments?post=1009"}],"version-history":[{"count":0,"href":"https:\/\/treelofts.com\/es\/wp-json\/wp\/v2\/pages\/1009\/revisions"}],"wp:attachment":[{"href":"https:\/\/treelofts.com\/es\/wp-json\/wp\/v2\/media?parent=1009"}],"curies":[{"name":"wp","href":"https:\/\/api.w.org\/{rel}","templated":true}]}}