{"id":1020,"date":"2025-02-10T23:14:25","date_gmt":"2025-02-11T07:14:25","guid":{"rendered":"https:\/\/azh5n13ivf.onrocket.site\/?page_id=1020"},"modified":"2025-02-13T00:04:01","modified_gmt":"2025-02-13T08:04:01","slug":"columpios-de-cuerda","status":"publish","type":"page","link":"https:\/\/treelofts.com\/es\/columpios-de-cuerda\/","title":{"rendered":"Columpios de cuerda"},"content":{"rendered":"<div class=\"banner has-hover\" id=\"banner-1612279829\">\n          <div class=\"banner-inner fill\">\n        <div class=\"banner-bg fill\" >\n            <img decoding=\"async\" width=\"1024\" height=\"741\" src=\"https:\/\/treelofts.com\/wp-content\/uploads\/2025\/02\/Tree-House-21.jpg\" class=\"bg attachment-original size-original\" alt=\"\" title=\"\">                        <div class=\"overlay\"><\/div>            \n                    <\/div>\n\t\t\n        <div class=\"banner-layers container\">\n            <div class=\"fill banner-link\"><\/div>            \n\n   <div id=\"text-box-2116154859\" class=\"text-box banner-layer x50 md-x50 lg-x50 y50 md-y50 lg-y50 res-text\">\n                                <div class=\"text-box-content text dark\">\n              \n              <div class=\"text-inner text-center\">\n                  \n\n<h3>\u00a1A\u00f1ada un toque de aventura a su casa del \u00e1rbol!<\/h3>\n<h1><strong>Columpios de cuerda<\/strong><\/h1>\n<p>Volar alto en un columpio de cuerda, s\u00edmbolo de aventura, libertad y puro placer infantil, tiene cierto encanto. Incluir un columpio de cuerda en su casa del \u00e1rbol ofrece a j\u00f3venes y adultos por igual una gran alegr\u00eda, tanto si su columpio preferido es uno b\u00e1sico para relajarse tranquilamente como si se trata de una aventura de altos vuelos que pone a prueba su valent\u00eda.<\/p>\n\n              <\/div>\n           <\/div>\n                            \n<style>\n#text-box-2116154859 {\n  width: 85%;\n}\n#text-box-2116154859 .text-box-content {\n  font-size: 100%;\n}\n<\/style>\n    <\/div>\n \n\n        <\/div>\n      <\/div>\n\n            \n<style>\n#banner-1612279829 {\n  padding-top: 665px;\n}\n#banner-1612279829 .overlay {\n  background-color: rgba(0,0,0,.5);\n}\n#banner-1612279829 .banner-bg img {\n  object-position: 54% 61%;\n}\n@media (min-width:550px) {\n  #banner-1612279829 {\n    padding-top: 800px;\n  }\n}\n<\/style>\n  <\/div>\n\n\n\n\t<section class=\"section\" id=\"section_2111720814\">\n\t\t<div class=\"section-bg fill\" >\n\t\t\t\t\t\t\t\t\t\n\t\t\t\n\n\t\t<\/div>\n\n\t\t\n\n\t\t<div class=\"section-content relative\">\n\t\t\t\n\n<div class=\"row row-collapse align-middle\" style=\"max-width:1300px\" id=\"row-1357457335\">\n\n\n\t<div id=\"col-1492778380\" class=\"col small-12 large-12\"  >\n\t\t\t\t<div class=\"col-inner\" style=\"background-color:rgb(246, 246, 246);\" >\n\t\t\t\n\t\t\t\n\n<div class=\"row row-collapse align-middle\" style=\"max-width:1300px\" id=\"row-1367266159\">\n\n\n\t<div id=\"col-1311222907\" class=\"col medium-12 small-12 large-6\"  >\n\t\t\t\t<div class=\"col-inner\"  >\n\t\t\t\n\t\t\t\n\n\n  <div class=\"banner has-hover\" id=\"banner-1577236167\">\n          <div class=\"banner-inner fill\">\n        <div class=\"banner-bg fill\" >\n            <img decoding=\"async\" width=\"1024\" height=\"683\" src=\"https:\/\/treelofts.com\/wp-content\/uploads\/2025\/02\/Tree-House-39.jpg\" class=\"bg attachment-original size-original\" alt=\"\" title=\"\">                                    \n                    <\/div>\n\t\t\n        <div class=\"banner-layers container\">\n            <div class=\"fill banner-link\"><\/div>            \n\n   <div id=\"text-box-1475323\" class=\"text-box banner-layer x50 md-x50 lg-x50 y50 md-y50 lg-y50 res-text\">\n                                <div class=\"text-box-content text dark\">\n              \n              <div class=\"text-inner text-center\">\n                  \n\n\n              <\/div>\n           <\/div>\n                            \n<style>\n#text-box-1475323 {\n  width: 60%;\n}\n#text-box-1475323 .text-box-content {\n  font-size: 100%;\n}\n@media (min-width:550px) {\n  #text-box-1475323 {\n    width: 60%;\n  }\n}\n<\/style>\n    <\/div>\n \n\n        <\/div>\n      <\/div>\n\n            \n<style>\n#banner-1577236167 {\n  padding-top: 300px;\n  background-color: rgb(255,255,255);\n}\n#banner-1577236167 .banner-bg img {\n  object-position: 52% 53%;\n}\n@media (min-width:550px) {\n  #banner-1577236167 {\n    padding-top: 400px;\n  }\n}\n@media (min-width:850px) {\n  #banner-1577236167 {\n    padding-top: 807px;\n  }\n}\n<\/style>\n  <\/div>\n\n\n\n\t\t<\/div>\n\t\t\t\t\t<\/div>\n\n\t\n\n\t<div id=\"col-454085944\" class=\"col medium-12 small-12 large-6\"  >\n\t\t\t\t<div class=\"col-inner\" style=\"background-color:rgb(246, 246, 246);\" >\n\t\t\t\n\t\t\t\n\n\t<div id=\"text-1825862098\" class=\"text\">\n\t\t\n\n<h2 data-start=\"871\" data-end=\"920\"><strong data-start=\"875\" data-end=\"918\">\u00bfPor qu\u00e9 a\u00f1adir un columpio de cuerda a su casa del \u00e1rbol?<\/strong><\/h2>\n\t\t\n<style>\n#text-1825862098 {\n  font-size: 1.5rem;\n}\n<\/style>\n\t<\/div>\n\t\n<p>La sencillez de un columpio de cuerda es una de sus mejores caracter\u00edsticas; todo lo que necesitas es una cuerda fuerte, una rama de \u00e1rbol s\u00f3lida y una buena sensaci\u00f3n de aventura. Aun as\u00ed, \u00a1no se deje enga\u00f1ar por su sencillez! Una casa en el \u00e1rbol normal se convierte en una zona de aventuras al aire libre con un columpio bien colocado. He aqu\u00ed algunas razones m\u00e1s por las que deber\u00eda tener un columpio de cuerda:<\/p>\n<ul>\n<li data-start=\"1561\" data-end=\"1657\"><strong data-start=\"1563\" data-end=\"1594\">La m\u00e1xima emoci\u00f3n al aire libre<\/strong> - \u00a1No necesita escaleras! Desl\u00edzate con estilo desde tu casa del \u00e1rbol.<\/li>\n<li data-start=\"1658\" data-end=\"1820\"><strong data-start=\"1660\" data-end=\"1690\">Diversi\u00f3n sin igual para todas las edades<\/strong> - Tanto si eres un ni\u00f1o descubriendo el placer de columpiarse como si eres un adulto reviviendo recuerdos de la infancia, un columpio de cuerda nunca resulta aburrido.<\/li>\n<li data-start=\"1821\" data-end=\"1926\"><strong data-start=\"1823\" data-end=\"1861\">F\u00e1cil de instalar y muy emocionante<\/strong> - No requiere una instalaci\u00f3n complicada: \u00a1s\u00f3lo tienes que colocarlo, columpiarte y disfrutar!<\/li>\n<li data-start=\"1927\" data-end=\"2015\"><strong data-start=\"1929\" data-end=\"1956\">Fomenta el juego al aire libre<\/strong> - Mantiene a los ni\u00f1os activos, comprometidos y entretenidos durante horas.<\/li>\n<li data-start=\"2016\" data-end=\"2113\"><strong data-start=\"2018\" data-end=\"2043\">Una casa en el \u00e1rbol esencial<\/strong> - Simplemente <strong data-start=\"2054\" data-end=\"2069\">se siente bien<\/strong> \u00a1tener un columpio colgando de una casa del \u00e1rbol!<\/li>\n<\/ul>\n<a href=\"https:\/\/treelofts.com\/es\/contacto\/\" class=\"button white is-outline\"  style=\"border-radius:10px;padding:10px 25px 10px 25px;\">\n\t\t<span>comience hoy mismo su viaje a la casa del \u00e1rbol<\/span>\n\t<\/a>\n\n\n\n\t\t<\/div>\n\t\t\t\t\n<style>\n#col-454085944 > .col-inner {\n  padding: 40px 30px 30px 30px;\n}\n@media (min-width:550px) {\n  #col-454085944 > .col-inner {\n    padding: 50px 75px 50px 75px;\n  }\n}\n@media (min-width:850px) {\n  #col-454085944 > .col-inner {\n    padding: 50px 75px 50px 75px;\n  }\n}\n<\/style>\n\t<\/div>\n\n\t\n\n<\/div>\n\n\t\t<\/div>\n\t\t\t\t\t<\/div>\n\n\t\n\n<\/div>\n\n\t\t<\/div>\n\n\t\t\n<style>\n#section_2111720814 {\n  padding-top: 60px;\n  padding-bottom: 60px;\n}\n<\/style>\n\t<\/section>\n\t\n<div class=\"row\"  id=\"row-1354155688\">\n\n\n\t<div id=\"col-1313726537\" class=\"col small-12 large-12\"  >\n\t\t\t\t<div class=\"col-inner\"  >\n\t\t\t\n\t\t\t\n\n\t<div id=\"text-2045050436\" class=\"text\">\n\t\t\n\n<h2 data-start=\"2120\" data-end=\"2178\"><strong data-start=\"2124\" data-end=\"2176\">Elegir el oscilaci\u00f3n derecho de la cuerda para su Treehouse<\/strong><\/h2>\n\t\t\n<style>\n#text-2045050436 {\n  font-size: 1.5rem;\n}\n<\/style>\n\t<\/div>\n\t\n<p>Elegir el oscilaci\u00f3n derecho de la cuerda para su Treehouse<br \/>No todos los columpios de cuerda son iguales. Su zona, la altura de la casa del \u00e1rbol y el grado de emoci\u00f3n determinar\u00e1n el dise\u00f1o que desee. Cada tipo de columpio ofrece una experiencia y un estilo diferentes; por lo tanto, elige el que mejor se adapte a tu viaje a la casa del \u00e1rbol.<\/p>\n<h3><strong>Classic Single Rope Swing - El favorito de siempre<\/strong><\/h3>\n<p>Una opci\u00f3n b\u00e1sica pero emocionante es el cl\u00e1sico columpio de cuerda simple. En todos los cuentos de la infancia aparece este tipo de cuerda resistente con un asiento de madera o goma, listo para impulsarte hacia el cielo. Ya sea un peque\u00f1o salto desde la casa del \u00e1rbol o una ca\u00edda m\u00e1s larga y atrevida, este tipo de columpio es ideal para cualquier edad y rinde bien a muchas alturas. Proporciona diversi\u00f3n pura y dura, requiere pocos suministros y es f\u00e1cil de instalar.<\/p>\n<h3><strong>Tire Swing - Una experiencia social y acogedora<\/strong><\/h3>\n<p>Un columpio de neum\u00e1tico es la mejor elecci\u00f3n si desea un columpio con capacidad para varias personas. Perfectos para largas y l\u00e1nguidas tardes columpi\u00e1ndose bajo los \u00e1rboles, estos columpios proporcionan un entorno acogedor y cerrado para sentarse. Para los ni\u00f1os m\u00e1s peque\u00f1os que puedan necesitar un poco m\u00e1s de seguridad, un columpio de neum\u00e1ticos tambi\u00e9n es m\u00e1s estable que un columpio de una sola cuerda. Tambi\u00e9n es una forma fant\u00e1stica de convertir un viejo neum\u00e1tico en algo interesante y \u00fatil.<\/p>\n<h3><strong>Columpio de doble cuerda - Para mayor equilibrio y comodidad<\/strong><\/h3>\n<p>Un columpio de dos cuerdas es una gran opci\u00f3n si disfruta de la sensaci\u00f3n de un columpio pero desea algo m\u00e1s de estabilidad. Cuenta con dos cuerdas que sostienen un asiento plano en lugar de una cuerda, lo que minimiza las torsiones de lado a lado. Para los ni\u00f1os que est\u00e1n aprendiendo a columpiarse o para aquellos que buscan un paseo m\u00e1s suave y bajo control, esto lo convierte en una opci\u00f3n fant\u00e1stica.<\/p>\n<h3><strong>Columpio de cuerda de escalada - Para los peque\u00f1os temerarios<\/strong><\/h3>\n<p>Un columpio de cuerda de escalada mezcla la euforia de escalar con el placer de columpiarse para las personas a las que les gustan los retos. Estos columpios, que suelen incluir nudos, asas o peque\u00f1as plataformas a las que agarrarse, convierten el viaje en un ejercicio participativo de fuerza y agilidad. Los ni\u00f1os que disfrutan trepando, colg\u00e1ndose y desafiando sus propios talentos encontrar\u00edan en un columpio de cuerda el complemento ideal para una casa en el \u00e1rbol construida para la aventura.<\/p>\n<h3><strong>Columpio de cuerda extralarga - Para el vuelo definitivo<\/strong><\/h3>\n<p>Un columpio de cuerda extralarga es la mejor opci\u00f3n si desea una escapada de casa del \u00e1rbol de lo m\u00e1s emocionante. Este tipo de columpio le proporciona el m\u00e1ximo tiempo en el aire antes de devolverle suavemente al suelo. Su punto de partida es m\u00e1s alto y su arco es m\u00e1s largo y teatral. Para los que disfrutan volando por los aires, \u00e9sta es la elecci\u00f3n ideal. S\u00f3lo tienes que asegurarte de que dispones de una zona de aterrizaje suave y de espacio suficiente para balancearte con libertad.<\/p>\n\n\t\t<\/div>\n\t\t\t\t\t<\/div>\n\n\t\n\n<\/div>\n\n  <div class=\"banner has-hover\" id=\"banner-1574617753\">\n          <div class=\"banner-inner fill\">\n        <div class=\"banner-bg fill\" >\n            <img decoding=\"async\" width=\"1020\" height=\"680\" src=\"https:\/\/treelofts.com\/wp-content\/uploads\/2025\/02\/Tree-House-49.jpg\" class=\"bg attachment-large size-large\" alt=\"\" title=\"\">                        <div class=\"overlay\"><\/div>            \n                    <\/div>\n\t\t\n        <div class=\"banner-layers container\">\n            <div class=\"fill banner-link\"><\/div>            \n\n   <div id=\"text-box-626610643\" class=\"text-box banner-layer x50 md-x50 lg-x50 y50 md-y50 lg-y50 res-text\">\n                                <div class=\"text-box-content text dark\">\n              \n              <div class=\"text-inner text-center\">\n                  \n\n<p>Hagamos realidad su visi\u00f3n<\/p>\n<h2><strong>Creando casas en los \u00e1rboles de ensue\u00f1o desde 2013<\/strong><\/h2>\n<a href=\"https:\/\/treelofts.com\/es\/contacto\/\" class=\"button white is-outline\"  >\n\t\t<span>comience hoy mismo su viaje a la casa del \u00e1rbol<\/span>\n\t<\/a>\n\n\n\n              <\/div>\n           <\/div>\n                            \n<style>\n#text-box-626610643 {\n  width: 60%;\n}\n#text-box-626610643 .text-box-content {\n  font-size: 100%;\n}\n<\/style>\n    <\/div>\n \n\n        <\/div>\n      <\/div>\n\n            \n<style>\n#banner-1574617753 {\n  padding-top: 350px;\n}\n#banner-1574617753 .overlay {\n  background-color: rgba(0, 0, 0, 0.17);\n}\n#banner-1574617753 .banner-bg img {\n  object-position: 61% 49%;\n}\n<\/style>\n  <\/div>\n\n\n<div class=\"woocommerce columns-4\"><\/div>\n\n<div class=\"row\"  id=\"row-1975704417\">\n\n\n\t<div id=\"col-1500105004\" class=\"col small-12 large-12\"  >\n\t\t\t\t<div class=\"col-inner text-left\"  >\n\t\t\t\n\t\t\t\n\n\t<div id=\"text-2480512693\" class=\"text\">\n\t\t\n\n<h2 data-start=\"4954\" data-end=\"5001\"><strong data-start=\"4958\" data-end=\"4999\">C\u00f3mo instalar el columpio de cuerda de forma segura<\/strong><\/h2>\n\t\t\n<style>\n#text-2480512693 {\n  font-size: 1.5rem;\n}\n<\/style>\n\t<\/div>\n\t\n<p>Aunque un columpio de cuerda es sobre todo diversi\u00f3n, la seguridad es prioritaria. Elegir los materiales y la disposici\u00f3n correctos contribuir\u00e1 a proporcionar una experiencia segura y divertida desde un columpio mal colocado. He aqu\u00ed algunas cosas en las que deber\u00edas pensar:<\/p>\n<h3><strong>Selecciona un \u00e1rbol robusto y fuerte.<\/strong><\/h3>\n<p>La rama o viga del \u00e1rbol que sostiene el columpio debe ser robusta, sana y capaz de soportar un peso considerable. No deben utilizarse ramas d\u00e9biles, moribundas o rotas, ya que podr\u00edan romperse con la carga.<\/p>\n<h3><strong>Elija cuerdas y herrajes de primera calidad.<\/strong><\/h3>\n<p>La cuerda debe ser robusta y resistente a la intemperie. Las mejores opciones son las cuerdas de nailon, poli\u00e9ster o las de calidad marina. Si vas a sujetar la cuerda a una rama, piensa en a\u00f1adir una correa de seguridad para evitar que el \u00e1rbol se lesione.<\/p>\n<h3><strong>Aseg\u00farate de que la zona de aterrizaje es blanda.<\/strong><\/h3>\n<p>Tanto si un columpio de cuerda es divertido como si no, alguien acabar\u00e1 cay\u00e9ndose. Comprueba que no haya piedrecitas u otros peligros en el suelo; piensa en suavizar el aterrizaje con un caj\u00f3n de arena, mantillo o c\u00e9sped.<\/p>\n<h3><strong>Probar antes de usar<\/strong><\/h3>\n<p>Pruebe la configuraci\u00f3n por completo antes de dejar que nadie se balancee. Empieza con peque\u00f1os balanceos, luego aplica presi\u00f3n a la cuerda, comprueba que los nudos y los enganches est\u00e9n bien sujetos y, por \u00faltimo, l\u00e1nzate a toda potencia.<\/p>\n\t<div id=\"gap-708199406\" class=\"gap-element clearfix\" style=\"display:block; height:auto;\">\n\t\t\n<style>\n#gap-708199406 {\n  padding-top: 30px;\n}\n<\/style>\n\t<\/div>\n\t\n\n\t<div id=\"text-3215163359\" class=\"text\">\n\t\t\n\n<h2 data-start=\"6266\" data-end=\"6318\"><strong data-start=\"6270\" data-end=\"6316\">Convierta su casa del \u00e1rbol en un centro de aventuras<\/strong><\/h2>\n\t\t\n<style>\n#text-3215163359 {\n  font-size: 1.5rem;\n}\n<\/style>\n\t<\/div>\n\t\n\t<div id=\"text-299235654\" class=\"text\">\n\t\t\n\n<p>Un columpio de cuerda invita a la exploraci\u00f3n en lugar de servir \u00fanicamente como herramienta. Transforma su casa del \u00e1rbol en el mejor patio de recreo al a\u00f1adir movimiento, emoci\u00f3n y sensaci\u00f3n de independencia. Cada columpio que elija -desde un columpio b\u00e1sico de madera hasta una peligrosa cuerda para trepar o un emocionante columpio extralargo- a\u00f1ade una nueva diversi\u00f3n a su zona exterior.<\/p>\n<p>Para asegurarnos de que su casa en el \u00e1rbol es tan emocionante como segura, en Treelofts le ofrecemos asesoramiento profesional para seleccionar y organizar el columpio de cuerda ideal. Aunque no podemos ofrecer servicios de instalaci\u00f3n, le guiamos en la toma de decisiones para que pueda crear la mejor experiencia en la copa de un \u00e1rbol.<\/p>\n<p><strong>\u00bfPor qu\u00e9 entonces? Investiga ahora mismo tus opciones para dar a tu casa del \u00e1rbol la experiencia que se merece.<\/strong><\/p>\n\t\t\n<style>\n#text-299235654 {\n  text-align: left;\n}\n<\/style>\n\t<\/div>\n\t\n<div class=\"row\"  id=\"row-1927843236\">\n\n\n\t<div id=\"col-694337840\" class=\"col small-12 large-12\"  >\n\t\t\t\t<div class=\"col-inner text-center\"  >\n\t\t\t\n\t\t\t\n\n<a href=\"https:\/\/treelofts.com\/es\/contacto\/\" class=\"button primary\"  >\n\t\t<span>comience hoy mismo su viaje a la casa del \u00e1rbol<\/span>\n\t<\/a>\n\n\n\n\t\t<\/div>\n\t\t\t\t\t<\/div>\n\n\t\n\n<\/div>\n\n\t\t<\/div>\n\t\t\t\t\n<style>\n#col-1500105004 > .col-inner {\n  padding: 50px 0px 50px 0px;\n}\n<\/style>\n\t<\/div>\n\n\t\n\n<\/div>\n<div class=\"row\"  id=\"row-1205068329\">\n\n\n\n<\/div>","protected":false},"excerpt":{"rendered":"","protected":false},"author":5,"featured_media":0,"parent":0,"menu_order":0,"comment_status":"closed","ping_status":"closed","template":"","meta":{"footnotes":""},"class_list":["post-1020","page","type-page","status-publish","hentry"],"_links":{"self":[{"href":"https:\/\/treelofts.com\/es\/wp-json\/wp\/v2\/pages\/1020","targetHints":{"allow":["GET"]}}],"collection":[{"href":"https:\/\/treelofts.com\/es\/wp-json\/wp\/v2\/pages"}],"about":[{"href":"https:\/\/treelofts.com\/es\/wp-json\/wp\/v2\/types\/page"}],"author":[{"embeddable":true,"href":"https:\/\/treelofts.com\/es\/wp-json\/wp\/v2\/users\/5"}],"replies":[{"embeddable":true,"href":"https:\/\/treelofts.com\/es\/wp-json\/wp\/v2\/comments?post=1020"}],"version-history":[{"count":0,"href":"https:\/\/treelofts.com\/es\/wp-json\/wp\/v2\/pages\/1020\/revisions"}],"wp:attachment":[{"href":"https:\/\/treelofts.com\/es\/wp-json\/wp\/v2\/media?parent=1020"}],"curies":[{"name":"wp","href":"https:\/\/api.w.org\/{rel}","templated":true}]}}