{"id":1031,"date":"2025-02-10T23:40:11","date_gmt":"2025-02-11T07:40:11","guid":{"rendered":"https:\/\/azh5n13ivf.onrocket.site\/?page_id=1031"},"modified":"2025-02-13T00:05:43","modified_gmt":"2025-02-13T08:05:43","slug":"nido-de-cuervos","status":"publish","type":"page","link":"https:\/\/treelofts.com\/es\/nido-de-cuervos\/","title":{"rendered":"Nido de cuervo"},"content":{"rendered":"<div class=\"banner has-hover\" id=\"banner-2008912972\">\n          <div class=\"banner-inner fill\">\n        <div class=\"banner-bg fill\" >\n            <img decoding=\"async\" width=\"1020\" height=\"680\" src=\"https:\/\/treelofts.com\/wp-content\/uploads\/2025\/02\/Tree-House-79.jpg\" class=\"bg attachment-large size-large\" alt=\"\" title=\"\">                        <div class=\"overlay\"><\/div>            \n                    <\/div>\n\t\t\n        <div class=\"banner-layers container\">\n            <div class=\"fill banner-link\"><\/div>            \n\n   <div id=\"text-box-1708687317\" class=\"text-box banner-layer x50 md-x50 lg-x50 y50 md-y50 lg-y50 res-text\">\n                                <div class=\"text-box-content text dark\">\n              \n              <div class=\"text-inner text-center\">\n                  \n\n<h3>Mejore su experiencia en la casa del \u00e1rbol<\/h3>\n<h1><strong>Nido de cuervo<\/strong><\/h1>\n<p>Si alguna vez ha so\u00f1ado con situarse muy por encima de las copas de los \u00e1rboles, contemplando el campo con una vista ininterrumpida del mundo que le rodea, entonces ha llegado el momento de a\u00f1adir un nido de cuervo a su casa del \u00e1rbol. Esta elevada percha no es simplemente un elemento a\u00f1adido, es toda una experiencia. Tanto si quiere abrazar al pirata que lleva dentro, sentirse como un explorador del bosque o simplemente disfrutar de un refugio tranquilo sobre los \u00e1rboles, un nido de cuervo transforma su casa en el \u00e1rbol en algo absolutamente extraordinario.<\/p>\n\n              <\/div>\n           <\/div>\n                            \n<style>\n#text-box-1708687317 {\n  width: 81%;\n}\n#text-box-1708687317 .text-box-content {\n  font-size: 100%;\n}\n<\/style>\n    <\/div>\n \n\n        <\/div>\n      <\/div>\n\n            \n<style>\n#banner-2008912972 {\n  padding-top: 665px;\n}\n#banner-2008912972 .overlay {\n  background-color: rgba(0,0,0,.5);\n}\n#banner-2008912972 .banner-bg img {\n  object-position: 25% 48%;\n}\n@media (min-width:550px) {\n  #banner-2008912972 {\n    padding-top: 800px;\n  }\n}\n<\/style>\n  <\/div>\n\n\n\n\t<section class=\"section\" id=\"section_1493855332\">\n\t\t<div class=\"section-bg fill\" >\n\t\t\t\t\t\t\t\t\t\n\t\t\t\n\n\t\t<\/div>\n\n\t\t\n\n\t\t<div class=\"section-content relative\">\n\t\t\t\n\n<div class=\"row row-collapse align-middle\" style=\"max-width:1300px\" id=\"row-431757566\">\n\n\n\t<div id=\"col-1286285473\" class=\"col small-12 large-12\"  >\n\t\t\t\t<div class=\"col-inner\" style=\"background-color:rgb(246, 246, 246);\" >\n\t\t\t\n\t\t\t\n\n<div class=\"row row-collapse align-middle\" style=\"max-width:1300px\" id=\"row-1946822422\">\n\n\n\t<div id=\"col-584143951\" class=\"col medium-12 small-12 large-6\"  >\n\t\t\t\t<div class=\"col-inner\"  >\n\t\t\t\n\t\t\t\n\n\n  <div class=\"banner has-hover\" id=\"banner-1799716510\">\n          <div class=\"banner-inner fill\">\n        <div class=\"banner-bg fill\" >\n            <img decoding=\"async\" width=\"768\" height=\"1024\" src=\"https:\/\/treelofts.com\/wp-content\/uploads\/2025\/02\/Tree-House-61.jpg\" class=\"bg attachment-original size-original\" alt=\"\" title=\"\">                                    \n                    <\/div>\n\t\t\n        <div class=\"banner-layers container\">\n            <div class=\"fill banner-link\"><\/div>            \n\n   <div id=\"text-box-812300209\" class=\"text-box banner-layer x50 md-x50 lg-x50 y50 md-y50 lg-y50 res-text\">\n                                <div class=\"text-box-content text dark\">\n              \n              <div class=\"text-inner text-center\">\n                  \n\n\n              <\/div>\n           <\/div>\n                            \n<style>\n#text-box-812300209 {\n  width: 60%;\n}\n#text-box-812300209 .text-box-content {\n  font-size: 100%;\n}\n@media (min-width:550px) {\n  #text-box-812300209 {\n    width: 60%;\n  }\n}\n<\/style>\n    <\/div>\n \n\n        <\/div>\n      <\/div>\n\n            \n<style>\n#banner-1799716510 {\n  padding-top: 300px;\n  background-color: rgb(255,255,255);\n}\n#banner-1799716510 .banner-bg img {\n  object-position: 57% 13%;\n}\n@media (min-width:550px) {\n  #banner-1799716510 {\n    padding-top: 400px;\n  }\n}\n@media (min-width:850px) {\n  #banner-1799716510 {\n    padding-top: 1117px;\n  }\n}\n<\/style>\n  <\/div>\n\n\n\n\t\t<\/div>\n\t\t\t\t\t<\/div>\n\n\t\n\n\t<div id=\"col-1407340759\" class=\"col medium-12 small-12 large-6\"  >\n\t\t\t\t<div class=\"col-inner\" style=\"background-color:rgb(246, 246, 246);\" >\n\t\t\t\n\t\t\t\n\n\t<div id=\"text-2222223688\" class=\"text\">\n\t\t\n\n<h2 data-start=\"895\" data-end=\"945\"><strong data-start=\"899\" data-end=\"943\">\u00bfPor qu\u00e9 a\u00f1adir un nido de cuervo a su casa del \u00e1rbol?<\/strong><\/h2>\n\t\t\n<style>\n#text-2222223688 {\n  font-size: 1.5rem;\n}\n<\/style>\n\t<\/div>\n\t\n<p>Un nido de cuervos abre la aventura, el descubrimiento y la paz en lugar de ser s\u00f3lo una plataforma elevada. Cuanto m\u00e1s alto, mejor es la vista; la emoci\u00f3n es mayor y la sensaci\u00f3n de libertad es m\u00e1s fuerte. A continuaci\u00f3n se explica por qu\u00e9 una Crow's Nest es la mejor modificaci\u00f3n de una casa en el \u00e1rbol:<\/p>\n<p><strong>1. El punto de vista perfecto<\/strong><br \/>Crow's Nest ofrece una vista inigualable tanto si su b\u00fasqueda consiste en acercarse a barcos piratas, contemplar la puesta de sol o simplemente apreciar el esplendor de la naturaleza. Vea m\u00e1s lejos, si\u00e9ntase m\u00e1s libre y contemple el mundo desde otro \u00e1ngulo.<\/p>\n<p><strong>2. Doble aventura, doble diversi\u00f3n<\/strong><br \/>Crow's Nest ofrece a su experiencia en la casa del \u00e1rbol algo m\u00e1s que una plataforma de observaci\u00f3n. Imag\u00ednese desliz\u00e1ndose por un mirador secreto, ascendiendo por una escalera de cuerda o viendo el mundo desde un catalejo. Tanto para adultos como para ni\u00f1os, es una mejora instant\u00e1nea de la aventura.<\/p>\n<p><strong>3. Su retiro privado en Sky-High<\/strong><br \/>A veces simplemente necesitas un lugar tranquilo apartado del mundo exterior. El lugar ideal para relajarse, leer un libro o contemplar las nubes flotando junto a Crow's Nest. Perfecto para so\u00f1ar despierto, meditar o simplemente descansar, es tu propia escapada personal por encima del bosque.<\/p>\n<p><strong>4. Proporciona altura, estilo y un factor sorpresa.<\/strong><br \/>\u00bfQuiere que su casa en el \u00e1rbol sea inconfundible? Treelofts mejora instant\u00e1neamente (tanto literal como metaf\u00f3ricamente) el dise\u00f1o, aumentando as\u00ed su dinamismo e impacto. Construye capas y profundidad, convirtiendo su casa del \u00e1rbol de una construcci\u00f3n b\u00e1sica en una obra maestra de varios niveles.<\/p>\n<a href=\"https:\/\/treelofts.com\/es\/contacto\/\" class=\"button white is-outline\"  style=\"border-radius:10px;padding:10px 25px 10px 25px;\">\n\t\t<span>comience hoy mismo su viaje a la casa del \u00e1rbol<\/span>\n\t<\/a>\n\n\n\n\t\t<\/div>\n\t\t\t\t\n<style>\n#col-1407340759 > .col-inner {\n  padding: 40px 30px 30px 30px;\n}\n@media (min-width:550px) {\n  #col-1407340759 > .col-inner {\n    padding: 50px 75px 50px 75px;\n  }\n}\n@media (min-width:850px) {\n  #col-1407340759 > .col-inner {\n    padding: 50px 75px 50px 75px;\n  }\n}\n<\/style>\n\t<\/div>\n\n\t\n\n<\/div>\n\n\t\t<\/div>\n\t\t\t\t\t<\/div>\n\n\t\n\n<\/div>\n\n\t\t<\/div>\n\n\t\t\n<style>\n#section_1493855332 {\n  padding-top: 60px;\n  padding-bottom: 60px;\n}\n<\/style>\n\t<\/section>\n\t\n<div class=\"row row-collapse row-full-width\"  id=\"row-1005880636\">\n\n\n\t<div id=\"col-477782066\" class=\"col medium-6 small-12 large-6\"  >\n\t\t\t\t<div class=\"col-inner\"  >\n\t\t\t\n\t\t\t\n\n\n  <div class=\"banner has-hover\" id=\"banner-1689674396\">\n          <div class=\"banner-inner fill\">\n        <div class=\"banner-bg fill\" >\n            <img decoding=\"async\" width=\"969\" height=\"800\" src=\"https:\/\/treelofts.com\/wp-content\/uploads\/2025\/02\/Tree-House-63-969x800.jpg\" class=\"bg attachment-large size-large\" alt=\"\" title=\"\">                                    \n                    <\/div>\n\t\t\n        <div class=\"banner-layers container\">\n            <div class=\"fill banner-link\"><\/div>            \n\n   <div id=\"text-box-492224593\" class=\"text-box banner-layer x50 md-x50 lg-x50 y50 md-y50 lg-y50 res-text\">\n                                <div class=\"text-box-content text dark\">\n              \n              <div class=\"text-inner text-center\">\n                  \n\n\n              <\/div>\n           <\/div>\n                            \n<style>\n#text-box-492224593 {\n  width: 60%;\n}\n#text-box-492224593 .text-box-content {\n  font-size: 100%;\n}\n<\/style>\n    <\/div>\n \n\n        <\/div>\n      <\/div>\n\n            \n<style>\n#banner-1689674396 {\n  padding-top: 300px;\n  background-color: rgba(255, 255, 255, 0);\n}\n#banner-1689674396 .banner-bg img {\n  object-position: 55% 50%;\n}\n@media (min-width:550px) {\n  #banner-1689674396 {\n    padding-top: 350px;\n  }\n}\n@media (min-width:850px) {\n  #banner-1689674396 {\n    padding-top: 968px;\n  }\n}\n<\/style>\n  <\/div>\n\n\n\n\t\t<\/div>\n\t\t\t\t\t<\/div>\n\n\t\n\n\t<div id=\"col-1282528028\" class=\"col medium-6 small-12 large-6\"  >\n\t\t\t\t<div class=\"col-inner\"  >\n\t\t\t\n\t\t\t\n\n\n\t<section class=\"section\" id=\"section_918809031\">\n\t\t<div class=\"section-bg fill\" >\n\t\t\t\t\t\t\t\t\t\n\t\t\t\n\n\t\t<\/div>\n\n\t\t\n\n\t\t<div class=\"section-content relative\">\n\t\t\t\n\n<div class=\"row align-center\"  id=\"row-776103487\">\n\n\n\t<div id=\"col-2144691121\" class=\"col medium-10 small-12 large-9\"  >\n\t\t\t\t<div class=\"col-inner text-center\"  >\n\t\t\t\n\t\t\t\n\n\t<div id=\"gap-1928172697\" class=\"gap-element clearfix\" style=\"display:block; height:auto;\">\n\t\t\n<style>\n#gap-1928172697 {\n  padding-top: 40px;\n}\n<\/style>\n\t<\/div>\n\t\n\n\t<div id=\"text-3113942430\" class=\"text\">\n\t\t\n\n<h3 style=\"text-align: left;\" data-start=\"2526\" data-end=\"2573\"><strong data-start=\"2530\" data-end=\"2571\">Elegir el dise\u00f1o de nido de cuervo adecuado<\/strong><\/h3>\n\t\t\n<style>\n#text-3113942430 {\n  font-size: 1.5rem;\n}\n<\/style>\n\t<\/div>\n\t\n<p style=\"text-align: left;\">No todas las Crow's Nest son iguales. El dise\u00f1o de su casa en el \u00e1rbol, el espacio disponible y sus gustos personales le ayudar\u00e1n a elegir una vista que se ajuste a su visi\u00f3n. He aqu\u00ed algunas de las vistas m\u00e1s de moda sobre las que reflexionar:<\/p>\n<p style=\"text-align: left;\"><strong>1. El cl\u00e1sico mirador pirata<\/strong><br \/>Inspirado en las altas perchas de los veleros, este Nido de Cuervo es una peque\u00f1a plataforma circular con una barandilla protectora ideal para detectar los \"barcos enemigos\" que se aproximan, o simplemente para apreciar las vistas. Para los aventureros m\u00e1s j\u00f3venes que disfrutan con el juego imaginativo, proporciona un lugar seguro pero fascinante para vigilar su imperio.<\/p>\n<p style=\"text-align: left;\"><strong>2. El rinc\u00f3n de lectura oculto<\/strong><br \/>Si desea un remanso de paz, \u00bfpor qu\u00e9 no crear una c\u00f3moda zona de lectura por encima de los \u00e1rboles? En este nido de cuervos abundan los asientos c\u00f3modos, la sombra y el espacio suficiente para acurrucarse con un libro. Para los que prefieren el concepto de estar por encima del mundo y pasar un rato a solas, \u00e9sta es una escapada serena.<\/p>\n<p style=\"text-align: left;\"><strong>3. Cubierta panor\u00e1mica<\/strong><br \/>Si le gusta disfrutar de una vista panor\u00e1mica y sin obst\u00e1culos, deber\u00eda considerar una gran plataforma al aire libre. Perfecto para la astronom\u00eda nocturna o para ver el amanecer por la ma\u00f1ana, este estilo le permite obtener vistas de 360 grados del terreno circundante. A la vez que permite una sensaci\u00f3n de total apertura y brisa, una s\u00f3lida barandilla garantiza la seguridad.<\/p>\n<p style=\"text-align: left;\"><strong>4. La Torre de Acceso a la Aventura<\/strong><br \/>\u00bfLe gustar\u00eda incluir la visita al Nido del Cuervo en el disfrute? Piense en incluir una red de escalada, una escalera de cuerda o tal vez una peque\u00f1a tirolina que conecte su elevada percha. Este tipo de nido de cuervo transforma el viaje en un juego, un desaf\u00edo y una aventura todo incluido.<\/p>\n<a href=\"https:\/\/treelofts.com\/es\/contacto\/\" class=\"button secondary\"  style=\"border-radius:99px;padding:5px 20px 5px 20px;\">\n\t\t<span>Contacto<\/span>\n\t<\/a>\n\n\n\n\t\t<\/div>\n\t\t\t\t\t<\/div>\n\n\t\n\n<\/div>\n\n\t\t<\/div>\n\n\t\t\n<style>\n#section_918809031 {\n  padding-top: 0px;\n  padding-bottom: 0px;\n  min-height: 300px;\n}\n@media (min-width:550px) {\n  #section_918809031 {\n    min-height: 350px;\n  }\n}\n@media (min-width:850px) {\n  #section_918809031 {\n    min-height: 425px;\n  }\n}\n<\/style>\n\t<\/section>\n\t\n\n\t\t<\/div>\n\t\t\t\t\t<\/div>\n\n\t\n\n<\/div>\n<div class=\"row row-collapse row-full-width\"  id=\"row-1320805340\">\n\n\n\t<div id=\"col-1954559876\" class=\"col medium-6 small-12 large-6\"  >\n\t\t\t\t<div class=\"col-inner\"  >\n\t\t\t\n\t\t\t\n\n\n\t<section class=\"section\" id=\"section_819299871\">\n\t\t<div class=\"section-bg fill\" >\n\t\t\t\t\t\t\t\t\t\n\t\t\t\n\n\t\t<\/div>\n\n\t\t\n\n\t\t<div class=\"section-content relative\">\n\t\t\t\n\n<div class=\"row align-center\"  id=\"row-251473341\">\n\n\n\t<div id=\"col-2017799682\" class=\"col medium-11 small-12 large-9\"  >\n\t\t\t\t<div class=\"col-inner text-center\"  >\n\t\t\t\n\t\t\t\n\n\t<div id=\"gap-1267783586\" class=\"gap-element clearfix\" style=\"display:block; height:auto;\">\n\t\t\n<style>\n#gap-1267783586 {\n  padding-top: 40px;\n}\n<\/style>\n\t<\/div>\n\t\n\n\t<div id=\"text-2022738094\" class=\"text\">\n\t\t\n\n<h3 data-start=\"4263\" data-end=\"4307\"><strong data-start=\"4267\" data-end=\"4305\">C\u00f3mo garantizar la seguridad y la estabilidad<\/strong><\/h3>\n\t\t\n<style>\n#text-2022738094 {\n  font-size: 1.5rem;\n  text-align: left;\n}\n<\/style>\n\t<\/div>\n\t\n<p style=\"text-align: left;\">Dado que el Nido del Cuervo es uno de los puntos m\u00e1s altos de su casa en el \u00e1rbol, la durabilidad y la seguridad ocupan el primer plano. Un nido de cuervo bien hecho ofrecer\u00e1 una experiencia emocionante sin comprometer la seguridad. Lo siguiente deber\u00eda ayudarte a mantener la perspectiva:<\/p>\n<p style=\"text-align: left;\"><strong>1. Utilice materiales resistentes<\/strong><br \/>Elegir materiales de primera calidad y resistentes a la intemperie es crucial, ya que una percha alta expone m\u00e1s al viento, la lluvia y el movimiento. Para una mayor durabilidad, elige refuerzos met\u00e1licos o madera resistente y tratada.<\/p>\n<p style=\"text-align: left;\"><strong>2. Fijaci\u00f3n segura a la casa del \u00e1rbol<\/strong><br \/>Para evitar que se tambalee o se vuelva inestable, el nido de cuervo debe estar bien sujeto a la construcci\u00f3n principal de la casa del \u00e1rbol. Para reforzar la plataforma, piensa en incluir m\u00e1s armazones, puntales o vigas de soporte.<\/p>\n<p style=\"text-align: left;\"><strong>3. Instalar una barandilla protectora<\/strong><br \/>Dada la elevaci\u00f3n del Nido del Cuervo, es absolutamente esencial contar con una barandilla resistente. Esto garantiza que todo el mundo permanezca seguro y protegido, tanto si est\u00e1s jugando a una intensa lucha de piratas como si te asomas para disfrutar del paisaje.<\/p>\n<p style=\"text-align: left;\"><strong>4. Elija el m\u00e9todo de acceso adecuado<\/strong><br \/>Acercarse al Nido del Cuervo debe ser tan agradable como seguro. Piensa en varias opciones como:<\/p>\n<ul data-start=\"5511\" data-end=\"5836\">\n<li style=\"text-align: left;\" data-start=\"5511\" data-end=\"5586\"><strong data-start=\"5513\" data-end=\"5524\">Escaleras<\/strong> - Simple y cl\u00e1sica, una escalera de madera ofrece una subida f\u00e1cil.<\/li>\n<li style=\"text-align: left;\" data-start=\"5587\" data-end=\"5668\"><strong data-start=\"5589\" data-end=\"5605\">Escaleras de cuerda<\/strong> - A\u00f1ade un toque aventurero sin perder ligereza.<\/li>\n<li style=\"text-align: left;\" data-start=\"5669\" data-end=\"5748\"><strong data-start=\"5671\" data-end=\"5688\">Escaleras de caracol<\/strong> - Ideal para un acceso m\u00e1s f\u00e1cil y seguro sin dejar de ser divertido.<\/li>\n<li style=\"text-align: left;\" data-start=\"5749\" data-end=\"5836\"><strong data-start=\"5751\" data-end=\"5768\">Redes de escalada<\/strong> - \u00a1Ideal para los que quieren desafiarse a s\u00ed mismos en la subida!<\/li>\n<\/ul>\n<a href=\"https:\/\/treelofts.com\/es\/contacto\/\" class=\"button secondary\"  style=\"border-radius:99px;padding:5px 20px 5px 20px;\">\n\t\t<span>Contacto<\/span>\n\t<\/a>\n\n\n\n\t\t<\/div>\n\t\t\t\t\t<\/div>\n\n\t\n\n<\/div>\n\n\t\t<\/div>\n\n\t\t\n<style>\n#section_819299871 {\n  padding-top: 0px;\n  padding-bottom: 0px;\n  min-height: 300px;\n}\n@media (min-width:550px) {\n  #section_819299871 {\n    min-height: 350px;\n  }\n}\n@media (min-width:850px) {\n  #section_819299871 {\n    min-height: 425px;\n  }\n}\n<\/style>\n\t<\/section>\n\t\n\n\t\t<\/div>\n\t\t\t\t\t<\/div>\n\n\t\n\n\t<div id=\"col-107314428\" class=\"col medium-6 small-12 large-6 small-col-first\"  >\n\t\t\t\t<div class=\"col-inner\"  >\n\t\t\t\n\t\t\t\n\n\n  <div class=\"banner has-hover\" id=\"banner-1347073105\">\n          <div class=\"banner-inner fill\">\n        <div class=\"banner-bg fill\" >\n            <img decoding=\"async\" width=\"1020\" height=\"665\" src=\"https:\/\/treelofts.com\/wp-content\/uploads\/2025\/02\/Tree-House-113.jpg\" class=\"bg attachment-large size-large\" alt=\"\" title=\"\">                                    \n                    <\/div>\n\t\t\n        <div class=\"banner-layers container\">\n            <div class=\"fill banner-link\"><\/div>            \n\n   <div id=\"text-box-2016914895\" class=\"text-box banner-layer x50 md-x50 lg-x50 y50 md-y50 lg-y50 res-text\">\n                                <div class=\"text-box-content text dark\">\n              \n              <div class=\"text-inner text-center\">\n                  \n\n\n              <\/div>\n           <\/div>\n                            \n<style>\n#text-box-2016914895 {\n  width: 60%;\n}\n#text-box-2016914895 .text-box-content {\n  font-size: 100%;\n}\n<\/style>\n    <\/div>\n \n\n        <\/div>\n      <\/div>\n\n            \n<style>\n#banner-1347073105 {\n  padding-top: 300px;\n  background-color: rgba(255, 255, 255, 0);\n}\n#banner-1347073105 .banner-bg img {\n  object-position: 81% 22%;\n}\n@media (min-width:550px) {\n  #banner-1347073105 {\n    padding-top: 350px;\n  }\n}\n@media (min-width:850px) {\n  #banner-1347073105 {\n    padding-top: 994px;\n  }\n}\n<\/style>\n  <\/div>\n\n\n\n\t\t<\/div>\n\t\t\t\t\t<\/div>\n\n\t\n\n<\/div>\n<div class=\"row\"  id=\"row-1012610680\">\n\n\n\t<div id=\"col-1307650942\" class=\"col small-12 large-12\"  >\n\t\t\t\t<div class=\"col-inner\"  >\n\t\t\t\n\t\t\t\n\n\t<div id=\"text-4125513554\" class=\"text\">\n\t\t\n\n<h2 data-start=\"5843\" data-end=\"5899\"><strong data-start=\"5847\" data-end=\"5897\">Convierta su casa del \u00e1rbol en una aventura por las alturas.<\/strong><\/h2>\n\t\t\n<style>\n#text-4125513554 {\n  font-size: 1.5rem;\n}\n<\/style>\n\t<\/div>\n\t\n<p>Un nido de cuervo es una experiencia y no s\u00f3lo una caracter\u00edstica de una casa en el \u00e1rbol. Aporta a su casa del \u00e1rbol m\u00e1s vitalidad, disfrute y una perspectiva inolvidable, as\u00ed como profundidad y aventura. Un nido de cuervo es el m\u00e9todo ideal para elevar su casa del \u00e1rbol a nuevas alturas si su ideal es un refugio tranquilo, una cubierta de vista emocionante, o un mirador lleno de acci\u00f3n.<\/p>\n<p>Nuestra especialidad en Treelofts es ayudarle a crear la mejor experiencia en la copa de un \u00e1rbol. Aunque no ofrecemos servicios de instalaci\u00f3n, proporcionamos asesoramiento profesional para ayudarle a seleccionar el estilo de Crow's Nest, los materiales y las precauciones de seguridad adecuados.<\/p>\n<p><strong>\u00bfPor qu\u00e9 entonces su casa del \u00e1rbol debe seguir siendo de un solo nivel? \u00a1Mejore su viaje ahora mismo y cree una casa del \u00e1rbol de ensue\u00f1o muy legendaria!<\/strong><\/p>\n\n\t\t<\/div>\n\t\t\t\t\n<style>\n#col-1307650942 > .col-inner {\n  padding: 50px 0px 50px 0px;\n}\n<\/style>\n\t<\/div>\n\n\t\n\n<\/div>\n\n  <div class=\"banner has-hover\" id=\"banner-1681207777\">\n          <div class=\"banner-inner fill\">\n        <div class=\"banner-bg fill\" >\n            <img decoding=\"async\" width=\"1020\" height=\"765\" src=\"https:\/\/treelofts.com\/wp-content\/uploads\/2025\/02\/Tree-House-59.jpg\" class=\"bg attachment-large size-large\" alt=\"\" title=\"\">                        <div class=\"overlay\"><\/div>            \n                    <\/div>\n\t\t\n        <div class=\"banner-layers container\">\n            <div class=\"fill banner-link\"><\/div>            \n\n   <div id=\"text-box-1208162151\" class=\"text-box banner-layer x50 md-x50 lg-x50 y50 md-y50 lg-y50 res-text\">\n                                <div class=\"text-box-content text dark\">\n              \n              <div class=\"text-inner text-center\">\n                  \n\n<p>Hagamos realidad su visi\u00f3n<\/p>\n<h2><strong>Creando casas en los \u00e1rboles de ensue\u00f1o desde 2013<\/strong><\/h2>\n<a href=\"https:\/\/treelofts.com\/es\/contacto\/\" class=\"button white is-outline\"  >\n\t\t<span>comience hoy mismo su viaje a la casa del \u00e1rbol<\/span>\n\t<\/a>\n\n\n\n              <\/div>\n           <\/div>\n                            \n<style>\n#text-box-1208162151 {\n  width: 60%;\n}\n#text-box-1208162151 .text-box-content {\n  font-size: 100%;\n}\n<\/style>\n    <\/div>\n \n\n        <\/div>\n      <\/div>\n\n            \n<style>\n#banner-1681207777 {\n  padding-top: 350px;\n}\n#banner-1681207777 .overlay {\n  background-color: rgba(0, 0, 0, 0.17);\n}\n#banner-1681207777 .banner-bg img {\n  object-position: 39% 63%;\n}\n<\/style>\n  <\/div>\n\n\n<div class=\"woocommerce columns-4\"><\/div>\n\n<div class=\"row\"  id=\"row-1418381180\">\n\n\n\n<\/div>","protected":false},"excerpt":{"rendered":"","protected":false},"author":5,"featured_media":0,"parent":0,"menu_order":0,"comment_status":"closed","ping_status":"closed","template":"","meta":{"footnotes":""},"class_list":["post-1031","page","type-page","status-publish","hentry"],"_links":{"self":[{"href":"https:\/\/treelofts.com\/es\/wp-json\/wp\/v2\/pages\/1031","targetHints":{"allow":["GET"]}}],"collection":[{"href":"https:\/\/treelofts.com\/es\/wp-json\/wp\/v2\/pages"}],"about":[{"href":"https:\/\/treelofts.com\/es\/wp-json\/wp\/v2\/types\/page"}],"author":[{"embeddable":true,"href":"https:\/\/treelofts.com\/es\/wp-json\/wp\/v2\/users\/5"}],"replies":[{"embeddable":true,"href":"https:\/\/treelofts.com\/es\/wp-json\/wp\/v2\/comments?post=1031"}],"version-history":[{"count":0,"href":"https:\/\/treelofts.com\/es\/wp-json\/wp\/v2\/pages\/1031\/revisions"}],"wp:attachment":[{"href":"https:\/\/treelofts.com\/es\/wp-json\/wp\/v2\/media?parent=1031"}],"curies":[{"name":"wp","href":"https:\/\/api.w.org\/{rel}","templated":true}]}}