{"id":1046,"date":"2025-02-11T00:24:24","date_gmt":"2025-02-11T08:24:24","guid":{"rendered":"https:\/\/azh5n13ivf.onrocket.site\/?page_id=1046"},"modified":"2025-02-13T17:36:53","modified_gmt":"2025-02-14T01:36:53","slug":"casas-en-los-arboles-estilo-yurta","status":"publish","type":"page","link":"https:\/\/treelofts.com\/es\/casas-en-los-arboles-estilo-yurta\/","title":{"rendered":"Casas en los \u00e1rboles estilo yurta"},"content":{"rendered":"<div class=\"banner has-hover\" id=\"banner-2022089027\">\n          <div class=\"banner-inner fill\">\n        <div class=\"banner-bg fill\" >\n            <img decoding=\"async\" width=\"819\" height=\"1024\" src=\"https:\/\/treelofts.com\/wp-content\/uploads\/2025\/02\/Tree-House-19.jpg\" class=\"bg attachment-original size-original\" alt=\"\" title=\"\">                        <div class=\"overlay\"><\/div>            \n                    <\/div>\n\t\t\n        <div class=\"banner-layers container\">\n            <div class=\"fill banner-link\"><\/div>            \n\n   <div id=\"text-box-533425712\" class=\"text-box banner-layer x50 md-x50 lg-x50 y50 md-y50 lg-y50 res-text\">\n                                <div class=\"text-box-content text dark\">\n              \n              <div class=\"text-inner text-center\">\n                  \n\n<h3>Experimente el lujo acogedor, redondo y r\u00fastico<\/h3>\n<h1><strong>Casas en los \u00e1rboles estilo yurta<\/strong><\/h1>\n<p>Lorem ipsum dolor sit amet, consectetuer adipiscing elit, sed diam nonummy nibh euismod tincidunt ut laoreet dolore magna aliquam erat volutpat.<\/p>\n\n              <\/div>\n           <\/div>\n                            \n<style>\n#text-box-533425712 {\n  width: 60%;\n}\n#text-box-533425712 .text-box-content {\n  font-size: 100%;\n}\n<\/style>\n    <\/div>\n \n\n        <\/div>\n      <\/div>\n\n            \n<style>\n#banner-2022089027 {\n  padding-top: 698px;\n}\n#banner-2022089027 .overlay {\n  background-color: rgba(0,0,0,.5);\n}\n#banner-2022089027 .banner-bg img {\n  object-position: 56% 37%;\n}\n@media (min-width:550px) {\n  #banner-2022089027 {\n    padding-top: 800px;\n  }\n}\n<\/style>\n  <\/div>\n\n\n\n\t<section class=\"section\" id=\"section_1120687391\">\n\t\t<div class=\"section-bg fill\" >\n\t\t\t\t\t\t\t\t\t\n\t\t\t\n\n\t\t<\/div>\n\n\t\t\n\n\t\t<div class=\"section-content relative\">\n\t\t\t\n\n<div class=\"row row-collapse align-middle\" style=\"max-width:1300px\" id=\"row-153115970\">\n\n\n\t<div id=\"col-2043364549\" class=\"col small-12 large-12\"  >\n\t\t\t\t<div class=\"col-inner\" style=\"background-color:rgb(246, 246, 246);\" >\n\t\t\t\n\t\t\t\n\n<div class=\"row row-collapse align-middle\" style=\"max-width:1300px\" id=\"row-1637434812\">\n\n\n\t<div id=\"col-1983393745\" class=\"col medium-12 small-12 large-6\"  >\n\t\t\t\t<div class=\"col-inner\"  >\n\t\t\t\n\t\t\t\n\n\n  <div class=\"banner has-hover\" id=\"banner-1455806693\">\n          <div class=\"banner-inner fill\">\n        <div class=\"banner-bg fill\" >\n            <img decoding=\"async\" width=\"1020\" height=\"680\" src=\"https:\/\/treelofts.com\/wp-content\/uploads\/2025\/02\/How-to-Build-a-Modern-Tree-House-Step-by-Step-Compliance-with-2024-Building-Codes-3.jpg\" class=\"bg attachment-large size-large\" alt=\"\" title=\"\">                                    \n                    <\/div>\n\t\t\n        <div class=\"banner-layers container\">\n            <div class=\"fill banner-link\"><\/div>            \n\n   <div id=\"text-box-121886850\" class=\"text-box banner-layer x50 md-x50 lg-x50 y50 md-y50 lg-y50 res-text\">\n                                <div class=\"text-box-content text dark\">\n              \n              <div class=\"text-inner text-center\">\n                  \n\n\n              <\/div>\n           <\/div>\n                            \n<style>\n#text-box-121886850 {\n  width: 60%;\n}\n#text-box-121886850 .text-box-content {\n  font-size: 100%;\n}\n@media (min-width:550px) {\n  #text-box-121886850 {\n    width: 60%;\n  }\n}\n<\/style>\n    <\/div>\n \n\n        <\/div>\n      <\/div>\n\n            \n<style>\n#banner-1455806693 {\n  padding-top: 300px;\n  background-color: rgb(255,255,255);\n}\n@media (min-width:550px) {\n  #banner-1455806693 {\n    padding-top: 400px;\n  }\n}\n@media (min-width:850px) {\n  #banner-1455806693 {\n    padding-top: 500px;\n  }\n}\n<\/style>\n  <\/div>\n\n\n\n\t\t<\/div>\n\t\t\t\t\t<\/div>\n\n\t\n\n\t<div id=\"col-1334372512\" class=\"col medium-12 small-12 large-6\"  >\n\t\t\t\t<div class=\"col-inner\" style=\"background-color:rgb(246, 246, 246);\" >\n\t\t\t\n\t\t\t\n\n\t<div id=\"text-1758168837\" class=\"text\">\n\t\t\n\n<h2 data-start=\"1162\" data-end=\"1206\"><strong data-start=\"1166\" data-end=\"1204\">\u00bfPor qu\u00e9 elegir una casa en el \u00e1rbol estilo yurta?<\/strong><\/h2>\n\t\t\n<style>\n#text-1758168837 {\n  font-size: 1.5rem;\n}\n<\/style>\n\t<\/div>\n\t\n<p>Las casas de \u00e1rbol tipo yurta son muy \u00fatiles, adem\u00e1s de est\u00e9ticamente agradables. Gracias a su inteligente aprovechamiento del espacio, su ventilaci\u00f3n mejorada y su inusual conexi\u00f3n con la naturaleza -dif\u00edcilmente alcanzable con los dise\u00f1os rectangulares convencionales-, optimizan el espacio:<\/p>\n\n\t\t<\/div>\n\t\t\t\t\n<style>\n#col-1334372512 > .col-inner {\n  padding: 40px 30px 30px 30px;\n}\n@media (min-width:550px) {\n  #col-1334372512 > .col-inner {\n    padding: 50px 75px 50px 75px;\n  }\n}\n@media (min-width:850px) {\n  #col-1334372512 > .col-inner {\n    padding: 0px 75px 0px 75px;\n  }\n}\n<\/style>\n\t<\/div>\n\n\t\n\n<\/div>\n\n\t\t<\/div>\n\t\t\t\t\t<\/div>\n\n\t\n\n<\/div>\n\t<div id=\"gap-231529801\" class=\"gap-element clearfix\" style=\"display:block; height:auto;\">\n\t\t\n<style>\n#gap-231529801 {\n  padding-top: 60px;\n}\n<\/style>\n\t<\/div>\n\t\n\n<div class=\"row\"  id=\"row-1071647722\">\n\n\n\t<div id=\"col-263237620\" class=\"col small-12 large-12\"  >\n\t\t\t\t<div class=\"col-inner\"  >\n\t\t\t\n\t\t\t\n\n<h3><strong>1. Un dise\u00f1o \u00fanico y espacioso<\/strong><\/h3>\n<p>A diferencia de las casas de \u00e1rbol convencionales de la misma superficie, una casa de \u00e1rbol de estilo yurta parece m\u00e1s grande y acogedora por su disposici\u00f3n circular, que favorece la apertura y el movimiento. La zona parece arm\u00f3nica, fluida y natural, perfecta para el ocio, la creatividad y la conexi\u00f3n con el exterior sin bordes duros ni paredes separadoras.<\/p>\n<h3><strong>2. Una mezcla perfecta de confort y naturaleza<\/strong><\/h3>\n<p>Las casas en los \u00e1rboles de estilo yurta proporcionan un entorno de vida confortable a la vez que le envuelven en la naturaleza, a diferencia de las casas en los \u00e1rboles convencionales, que podr\u00edan parecer austeras o peque\u00f1as. Los grandes ventanales, las claraboyas y las terrazas envolventes permiten disfrutar de unas vistas incre\u00edbles sin renunciar a una temperatura interior agradable.<\/p>\n<h3><strong>3. Respetuoso con el medio ambiente y eficiente energ\u00e9ticamente<\/strong><\/h3>\n<p>La forma esf\u00e9rica de una casa en el \u00e1rbol de estilo yurta ayuda a controlar la temperatura de forma natural, reduciendo as\u00ed la demanda de calefacci\u00f3n o refrigeraci\u00f3n. La mejor ventilaci\u00f3n favorecida por la arquitectura ayuda a mantener el espacio m\u00e1s fr\u00edo en verano y m\u00e1s c\u00e1lido en invierno. Construidas con materiales sostenibles como madera reciclada y aislamiento ecol\u00f3gico, estas casas en los \u00e1rboles se transforman en un h\u00e1bitat natural que trabaja con el medio ambiente en lugar de contra \u00e9l.<\/p>\n<h3><strong>4. Vers\u00e1til y multifuncional<\/strong><\/h3>\n<p>Cualquiera puede dise\u00f1ar una casa en el \u00e1rbol al estilo yurta. Desde una caba\u00f1a para invitados hasta el estudio de un artista o incluso un lujoso alquiler de Airbnb, el dise\u00f1o flexible permite crear una gama de distribuciones \u00fanicas. Dividir el espacio en varias zonas funcionales -como una sala de estar, un dormitorio y un espacio de trabajo- dentro de una construcci\u00f3n exquisitamente unificada tambi\u00e9n resulta sencillo gracias a la forma circular.<\/p>\n\n\t\t<\/div>\n\t\t\t\t\t<\/div>\n\n\t\n\n<\/div>\n\n\t\t<\/div>\n\n\t\t\n<style>\n#section_1120687391 {\n  padding-top: 60px;\n  padding-bottom: 60px;\n}\n<\/style>\n\t<\/section>\n\t\n<div class=\"row row-collapse row-full-width\"  id=\"row-147107425\">\n\n\n\t<div id=\"col-504365278\" class=\"col medium-6 small-12 large-6\"  >\n\t\t\t\t<div class=\"col-inner\"  >\n\t\t\t\n\t\t\t\n\n\n  <div class=\"banner has-hover\" id=\"banner-1406862509\">\n          <div class=\"banner-inner fill\">\n        <div class=\"banner-bg fill\" >\n            <img decoding=\"async\" width=\"1080\" height=\"1080\" src=\"https:\/\/treelofts.com\/wp-content\/uploads\/2025\/02\/Yurt-Style-Treehouses-2.jpg\" class=\"bg attachment-original size-original\" alt=\"\" title=\"\">                                    \n                    <\/div>\n\t\t\n        <div class=\"banner-layers container\">\n            <div class=\"fill banner-link\"><\/div>            \n\n   <div id=\"text-box-814921792\" class=\"text-box banner-layer x50 md-x50 lg-x50 y50 md-y50 lg-y50 res-text\">\n                                <div class=\"text-box-content text dark\">\n              \n              <div class=\"text-inner text-center\">\n                  \n\n\n              <\/div>\n           <\/div>\n                            \n<style>\n#text-box-814921792 {\n  width: 60%;\n}\n#text-box-814921792 .text-box-content {\n  font-size: 100%;\n}\n<\/style>\n    <\/div>\n \n\n        <\/div>\n      <\/div>\n\n            \n<style>\n#banner-1406862509 {\n  padding-top: 300px;\n  background-color: rgba(255, 255, 255, 0);\n}\n#banner-1406862509 .banner-bg img {\n  object-position: 52% 41%;\n}\n@media (min-width:550px) {\n  #banner-1406862509 {\n    padding-top: 350px;\n  }\n}\n@media (min-width:850px) {\n  #banner-1406862509 {\n    padding-top: 1174px;\n  }\n}\n<\/style>\n  <\/div>\n\n\n\n\t\t<\/div>\n\t\t\t\t\t<\/div>\n\n\t\n\n\t<div id=\"col-1985181365\" class=\"col medium-6 small-12 large-6\"  >\n\t\t\t\t<div class=\"col-inner\"  >\n\t\t\t\n\t\t\t\n\n\n\t<section class=\"section\" id=\"section_522532919\">\n\t\t<div class=\"section-bg fill\" >\n\t\t\t\t\t\t\t\t\t\n\t\t\t\n\n\t\t<\/div>\n\n\t\t\n\n\t\t<div class=\"section-content relative\">\n\t\t\t\n\n<div class=\"row align-center\"  id=\"row-1097223902\">\n\n\n\t<div id=\"col-1689909614\" class=\"col medium-10 small-12 large-9\"  >\n\t\t\t\t<div class=\"col-inner text-center\"  >\n\t\t\t\n\t\t\t\n\n\t<div id=\"gap-634857548\" class=\"gap-element clearfix\" style=\"display:block; height:auto;\">\n\t\t\n<style>\n#gap-634857548 {\n  padding-top: 40px;\n}\n<\/style>\n\t<\/div>\n\t\n\n\t<div id=\"text-1802114651\" class=\"text\">\n\t\t\n\n<h2 style=\"text-align: left;\" data-start=\"3263\" data-end=\"3314\"><strong data-start=\"3267\" data-end=\"3312\">Elementos de dise\u00f1o de una casa en el \u00e1rbol estilo yurta<\/strong><\/h2>\n\t\t\n<style>\n#text-1802114651 {\n  font-size: 1.5rem;\n}\n<\/style>\n\t<\/div>\n\t\n<p style=\"text-align: left;\">Combinando elementos modernos con la belleza natural de una yurta cl\u00e1sica, las casas en los \u00e1rboles estilo yurta mezclan historia y creatividad. He aqu\u00ed algunos aspectos de dise\u00f1o importantes en los que pensar:<\/p>\n<p style=\"text-align: left;\"><strong>1. Marco de madera redondo para mayor resistencia y belleza<\/strong><br \/>Una caracter\u00edstica de las construcciones tipo yurta es su estructura circular de madera, que ofrece resistencia y flexibilidad. Esta forma, que mantiene un bello aspecto, permite que la casa resista mejor el viento y la lluvia que las construcciones cuadradas.<\/p>\n<p style=\"text-align: left;\"><strong>2. Claraboya o c\u00fapula para luz natural<\/strong><br \/>La claraboya situada en el centro de una casa en el \u00e1rbol de estilo yurta es uno de sus elementos m\u00e1s fascinantes; inunda el interior de iluminaci\u00f3n natural durante el d\u00eda y proporciona una asombrosa vista nocturna de las estrellas. Esta funci\u00f3n no s\u00f3lo aumenta el atractivo visual, sino que tambi\u00e9n favorece la ventilaci\u00f3n y el flujo de aire, dando as\u00ed al espacio una sensaci\u00f3n de luminosidad y ligereza.<\/p>\n<p style=\"text-align: left;\"><strong>3. Grandes ventanas para una experiencia panor\u00e1mica<\/strong><br \/>Una casa en el \u00e1rbol bien hecha deber\u00eda transportarte por completo al mundo natural. Las grandes ventanas envolventes o las puertas acristaladas dan la impresi\u00f3n de que vives en medio de las copas de los \u00e1rboles, ya que permiten disfrutar de vistas despejadas del bosque circundante.<\/p>\n<p style=\"text-align: left;\"><strong>4. Interior abierto para un ambiente acogedor<\/strong><br \/>La ausencia de esquinas duras en una casa de \u00e1rbol de estilo yurta crea un entorno m\u00e1s flexible y acogedor. Un espacio de concepto abierto puede tener una peque\u00f1a cocina, una acogedora zona de estar, un rinc\u00f3n para dormir e incluso una chimenea, todo ello conectado f\u00e1cilmente para acentuar la inmensidad.<\/p>\n<p style=\"text-align: left;\"><strong>5. Cubierta elevada para disfrutar del aire libre<\/strong><br \/>Sin una magn\u00edfica terraza que rodee la casa del \u00e1rbol yurta, no est\u00e1 completa. Una terraza elevada ampl\u00eda la zona de estar y proporciona el refugio ideal al aire libre para saborear el caf\u00e9 de la ma\u00f1ana, contemplar la puesta de sol o simplemente respirar el aire puro del bosque.<\/p>\n<a href=\"https:\/\/treelofts.com\/es\/contacto\/\" class=\"button secondary\"  style=\"border-radius:99px;padding:5px 20px 5px 20px;\">\n\t\t<span>Contacto<\/span>\n\t<\/a>\n\n\n\n\t\t<\/div>\n\t\t\t\t\t<\/div>\n\n\t\n\n<\/div>\n\n\t\t<\/div>\n\n\t\t\n<style>\n#section_522532919 {\n  padding-top: 0px;\n  padding-bottom: 0px;\n  min-height: 300px;\n}\n@media (min-width:550px) {\n  #section_522532919 {\n    min-height: 350px;\n  }\n}\n@media (min-width:850px) {\n  #section_522532919 {\n    min-height: 425px;\n  }\n}\n<\/style>\n\t<\/section>\n\t\n\n\t\t<\/div>\n\t\t\t\t\t<\/div>\n\n\t\n\n<\/div>\n<div class=\"row row-collapse row-full-width\"  id=\"row-584724817\">\n\n\n\t<div id=\"col-54996814\" class=\"col medium-6 small-12 large-6\"  >\n\t\t\t\t<div class=\"col-inner\"  >\n\t\t\t\n\t\t\t\n\n\n\t<section class=\"section\" id=\"section_807539783\">\n\t\t<div class=\"section-bg fill\" >\n\t\t\t\t\t\t\t\t\t\n\t\t\t\n\n\t\t<\/div>\n\n\t\t\n\n\t\t<div class=\"section-content relative\">\n\t\t\t\n\n<div class=\"row align-center\"  id=\"row-565864770\">\n\n\n\t<div id=\"col-1280813796\" class=\"col medium-11 small-12 large-9\"  >\n\t\t\t\t<div class=\"col-inner text-center\"  >\n\t\t\t\n\t\t\t\n\n\t<div id=\"gap-1671181656\" class=\"gap-element clearfix\" style=\"display:block; height:auto;\">\n\t\t\n<style>\n#gap-1671181656 {\n  padding-top: 40px;\n}\n<\/style>\n\t<\/div>\n\t\n\n\t<div id=\"text-3728512414\" class=\"text\">\n\t\t\n\n<h2 style=\"text-align: left;\" data-start=\"5283\" data-end=\"5328\"><strong data-start=\"5287\" data-end=\"5326\">C\u00f3mo construir una casa en el \u00e1rbol estilo yurta\uff1f<\/strong><\/h2>\n\t\t\n<style>\n#text-3728512414 {\n  font-size: 1.5rem;\n}\n<\/style>\n\t<\/div>\n\t\n<p style=\"text-align: left;\">Aunque una casa en el \u00e1rbol de estilo yurta requiere un dise\u00f1o y una planificaci\u00f3n cuidadosos, el resultado merece la pena. Esto es lo que deber\u00edas pensar para hacer realidad tu visi\u00f3n:<\/p>\n<p style=\"text-align: left;\"><strong>1. Elegir los \u00e1rboles adecuados<\/strong><br \/>Las casas de \u00e1rbol tipo yurta dependen de una base robusta, por lo que es absolutamente importante elegir los \u00e1rboles adecuados para el anclaje. Para sostener la construcci\u00f3n circular, necesitar\u00e1s \u00e1rboles maduros, robustos y bien espaciados.<\/p>\n<p style=\"text-align: left;\"><strong>2. Garantizar la resistencia a la intemperie<\/strong><br \/>La caracter\u00edstica forma de c\u00fapula de una casa de \u00e1rbol de estilo yurta hace que sea especialmente importante una adecuada protecci\u00f3n contra la intemperie. La casa del \u00e1rbol estar\u00e1 mejor protegida de la lluvia, el viento y las fluctuaciones de temperatura con materiales de primera calidad para el tejado, madera resistente al agua y paredes aisladas.<\/p>\n<p style=\"text-align: left;\"><strong>3. Selecci\u00f3n de una entrada que complemente el dise\u00f1o<\/strong><br \/>Una casa en el \u00e1rbol de estilo yurta requiere una entrada m\u00e1s fluida y natural que las casas en el \u00e1rbol convencionales con un escal\u00f3n que sube a una construcci\u00f3n encajonada. Para acentuar el aspecto circular, piensa en incluir un puente de cuerda colgante, una escalera curva o incluso una escalera de caracol.<\/p>\n<p style=\"text-align: left;\"><strong>4. Incorporaci\u00f3n de elementos ecol\u00f3gicos<\/strong><br \/>Utiliza productos naturales y respetuosos con el medio ambiente siempre que puedas para adoptar realmente las ideas de la vida sostenible. Las construcciones de bajo impacto y respetuosas con el medio ambiente pueden beneficiarse de los suelos de bamb\u00fa, los paneles de madera reutilizados y el aislamiento de bajo consumo.<\/p>\n<p style=\"text-align: left;\"><strong>5. Crear un interior acogedor y funcional<\/strong><br \/>Piense en c\u00f3mo podr\u00eda utilizar el espacio interior. \u00bfSer\u00e1 un escondite familiar, un refugio creativo o una escapada rom\u00e1ntica? Incluir una iluminaci\u00f3n c\u00e1lida, opciones de almacenamiento multiusos y muebles empotrados le ayudar\u00e1 a maximizar el espacio y, al mismo tiempo, a conservar un entorno c\u00f3modo y acogedor.<\/p>\n<a href=\"https:\/\/treelofts.com\/es\/contacto\/\" class=\"button secondary\"  style=\"border-radius:99px;padding:5px 20px 5px 20px;\">\n\t\t<span>Contacto<\/span>\n\t<\/a>\n\n\n\n\t\t<\/div>\n\t\t\t\t\t<\/div>\n\n\t\n\n<\/div>\n\n\t\t<\/div>\n\n\t\t\n<style>\n#section_807539783 {\n  padding-top: 0px;\n  padding-bottom: 0px;\n  min-height: 300px;\n}\n@media (min-width:550px) {\n  #section_807539783 {\n    min-height: 350px;\n  }\n}\n@media (min-width:850px) {\n  #section_807539783 {\n    min-height: 425px;\n  }\n}\n<\/style>\n\t<\/section>\n\t\n\n\t\t<\/div>\n\t\t\t\t\t<\/div>\n\n\t\n\n\t<div id=\"col-1224789138\" class=\"col medium-6 small-12 large-6 small-col-first\"  >\n\t\t\t\t<div class=\"col-inner\"  >\n\t\t\t\n\t\t\t\n\n\n  <div class=\"banner has-hover\" id=\"banner-401939427\">\n          <div class=\"banner-inner fill\">\n        <div class=\"banner-bg fill\" >\n            <img decoding=\"async\" width=\"819\" height=\"1024\" src=\"https:\/\/treelofts.com\/wp-content\/uploads\/2025\/02\/Tree-House-19.jpg\" class=\"bg attachment-original size-original\" alt=\"\" title=\"\">                                    \n                    <\/div>\n\t\t\n        <div class=\"banner-layers container\">\n            <div class=\"fill banner-link\"><\/div>            \n\n   <div id=\"text-box-1981510053\" class=\"text-box banner-layer x50 md-x50 lg-x50 y50 md-y50 lg-y50 res-text\">\n                                <div class=\"text-box-content text dark\">\n              \n              <div class=\"text-inner text-center\">\n                  \n\n\n              <\/div>\n           <\/div>\n                            \n<style>\n#text-box-1981510053 {\n  width: 60%;\n}\n#text-box-1981510053 .text-box-content {\n  font-size: 100%;\n}\n<\/style>\n    <\/div>\n \n\n        <\/div>\n      <\/div>\n\n            \n<style>\n#banner-401939427 {\n  padding-top: 300px;\n  background-color: rgba(255, 255, 255, 0);\n}\n#banner-401939427 .banner-bg img {\n  object-position: 81% 41%;\n}\n@media (min-width:550px) {\n  #banner-401939427 {\n    padding-top: 350px;\n  }\n}\n@media (min-width:850px) {\n  #banner-401939427 {\n    padding-top: 1194px;\n  }\n}\n<\/style>\n  <\/div>\n\n\n\n\t\t<\/div>\n\t\t\t\t\t<\/div>\n\n\t\n\n<\/div>\n<div class=\"row\"  id=\"row-1058440077\">\n\n\n\t<div id=\"col-943071426\" class=\"col small-12 large-12\"  >\n\t\t\t\t<div class=\"col-inner\"  >\n\t\t\t\n\t\t\t\n\n\t<div id=\"text-2928554934\" class=\"text\">\n\t\t\n\n<h2><strong data-start=\"7100\" data-end=\"7143\">\u00a1La casa del \u00e1rbol de sus sue\u00f1os le espera!<\/strong><\/h2>\n\t\t\n<style>\n#text-2928554934 {\n  font-size: 1.5rem;\n}\n<\/style>\n\t<\/div>\n\t\n<p>Una casa en el \u00e1rbol estilo yurta ofrece una experiencia m\u00e1s que un lugar donde alojarse. Se trata de apreciar la sencillez, volver a conectar con la naturaleza y ralentizar la vida. Esta peculiar forma de casa en el \u00e1rbol es el medio ideal para hacer realidad su fantas\u00eda de un refugio r\u00fastico en lo profundo del bosque, una suntuosa escapada a la copa de un \u00e1rbol o una escapada creativa rodeada de naturaleza.<\/p>\n<p>En Treelofts, le ofrecemos asesoramiento profesional en dise\u00f1o e ideas para que pueda dise\u00f1ar y construir la casa en el \u00e1rbol de estilo yurta ideal. Estamos aqu\u00ed para ayudarle a lo largo del proceso y garantizar que su casa del \u00e1rbol es hermosa, \u00fatil y construida para durar, aunque no ofrecemos servicios de instalaci\u00f3n.<\/p>\n<p><strong>\u00bfPor qu\u00e9 esperar? Empieza ya a planear tu casa del \u00e1rbol de fantas\u00eda, estilo yurta, para encantar tu zona exterior.<\/strong><\/p>\n\n\t\t<\/div>\n\t\t\t\t\n<style>\n#col-943071426 > .col-inner {\n  padding: 50px 0px 50px 0px;\n}\n<\/style>\n\t<\/div>\n\n\t\n\n<\/div>\n\n  <div class=\"banner has-hover\" id=\"banner-414040369\">\n          <div class=\"banner-inner fill\">\n        <div class=\"banner-bg fill\" >\n            <img decoding=\"async\" width=\"1020\" height=\"680\" src=\"https:\/\/treelofts.com\/wp-content\/uploads\/2025\/02\/How-to-Build-a-Modern-Tree-House-Step-by-Step-Compliance-with-2024-Building-Codes-3.jpg\" class=\"bg attachment-large size-large\" alt=\"\" title=\"\">                        <div class=\"overlay\"><\/div>            \n                    <\/div>\n\t\t\n        <div class=\"banner-layers container\">\n            <div class=\"fill banner-link\"><\/div>            \n\n   <div id=\"text-box-78871861\" class=\"text-box banner-layer x50 md-x50 lg-x50 y50 md-y50 lg-y50 res-text\">\n                                <div class=\"text-box-content text dark\">\n              \n              <div class=\"text-inner text-center\">\n                  \n\n<p>Hagamos realidad su visi\u00f3n<\/p>\n<h2><strong>Creando casas en los \u00e1rboles de ensue\u00f1o desde 2013<\/strong><\/h2>\n<a href=\"https:\/\/treelofts.com\/es\/contacto\/\" class=\"button white is-outline\"  >\n\t\t<span>comience hoy mismo su viaje a la casa del \u00e1rbol<\/span>\n\t<\/a>\n\n\n\n              <\/div>\n           <\/div>\n                            \n<style>\n#text-box-78871861 {\n  width: 60%;\n}\n#text-box-78871861 .text-box-content {\n  font-size: 100%;\n}\n<\/style>\n    <\/div>\n \n\n        <\/div>\n      <\/div>\n\n            \n<style>\n#banner-414040369 {\n  padding-top: 350px;\n}\n#banner-414040369 .overlay {\n  background-color: rgba(0, 0, 0, 0.17);\n}\n#banner-414040369 .banner-bg img {\n  object-position: 52% 70%;\n}\n<\/style>\n  <\/div>\n\n\n<div class=\"woocommerce columns-4\"><\/div>\n\n<div class=\"row\"  id=\"row-243404723\">\n\n\n\n<\/div>","protected":false},"excerpt":{"rendered":"","protected":false},"author":5,"featured_media":0,"parent":0,"menu_order":0,"comment_status":"closed","ping_status":"closed","template":"","meta":{"footnotes":""},"class_list":["post-1046","page","type-page","status-publish","hentry"],"_links":{"self":[{"href":"https:\/\/treelofts.com\/es\/wp-json\/wp\/v2\/pages\/1046","targetHints":{"allow":["GET"]}}],"collection":[{"href":"https:\/\/treelofts.com\/es\/wp-json\/wp\/v2\/pages"}],"about":[{"href":"https:\/\/treelofts.com\/es\/wp-json\/wp\/v2\/types\/page"}],"author":[{"embeddable":true,"href":"https:\/\/treelofts.com\/es\/wp-json\/wp\/v2\/users\/5"}],"replies":[{"embeddable":true,"href":"https:\/\/treelofts.com\/es\/wp-json\/wp\/v2\/comments?post=1046"}],"version-history":[{"count":0,"href":"https:\/\/treelofts.com\/es\/wp-json\/wp\/v2\/pages\/1046\/revisions"}],"wp:attachment":[{"href":"https:\/\/treelofts.com\/es\/wp-json\/wp\/v2\/media?parent=1046"}],"curies":[{"name":"wp","href":"https:\/\/api.w.org\/{rel}","templated":true}]}}