{"id":1053,"date":"2025-02-11T00:50:16","date_gmt":"2025-02-11T08:50:16","guid":{"rendered":"https:\/\/azh5n13ivf.onrocket.site\/?page_id=1053"},"modified":"2025-02-13T17:56:11","modified_gmt":"2025-02-14T01:56:11","slug":"trepador-de-arboles","status":"publish","type":"page","link":"https:\/\/treelofts.com\/es\/trepador-de-arboles\/","title":{"rendered":"Trepador de \u00e1rboles"},"content":{"rendered":"<div class=\"banner has-hover\" id=\"banner-2062400821\">\n          <div class=\"banner-inner fill\">\n        <div class=\"banner-bg fill\" >\n            <img decoding=\"async\" width=\"1080\" height=\"1080\" src=\"https:\/\/treelofts.com\/wp-content\/uploads\/2025\/02\/Tree-Climber-6.jpg\" class=\"bg attachment-original size-original\" alt=\"\" title=\"\">                        <div class=\"overlay\"><\/div>            \n                    <\/div>\n\t\t\n        <div class=\"banner-layers container\">\n            <div class=\"fill banner-link\"><\/div>            \n\n   <div id=\"text-box-1427412473\" class=\"text-box banner-layer x50 md-x50 lg-x50 y50 md-y50 lg-y50 res-text\">\n                                <div class=\"text-box-content text dark\">\n              \n              <div class=\"text-inner text-center\">\n                  \n\n<h3>\u00a1Lleve su aventura en la casa del \u00e1rbol a nuevas cotas!<\/h3>\n<h1><strong>Trepador de \u00e1rboles<\/strong><\/h1>\n<p>Aunque una casa en un \u00e1rbol es, obviamente, un lugar estupendo para jugar, relajarse y dejar volar la imaginaci\u00f3n, \u00bfqu\u00e9 pasar\u00eda si trepar por ella contara como parte de la aventura? Imagine ascender por una cuerda de escalada, retorcerse por una red de carga o superar una pared de roca montada en un \u00e1rbol en lugar de una escalera convencional. Un trepador de \u00e1rboles da a su casa en el \u00e1rbol un grado totalmente nuevo de aventura, desaf\u00edo y emoci\u00f3n, transform\u00e1ndola en un aut\u00e9ntico refugio para un verdadero aventurero.<\/p>\n\n              <\/div>\n           <\/div>\n                            \n<style>\n#text-box-1427412473 {\n  width: 84%;\n}\n#text-box-1427412473 .text-box-content {\n  font-size: 100%;\n}\n<\/style>\n    <\/div>\n \n\n        <\/div>\n      <\/div>\n\n            \n<style>\n#banner-2062400821 {\n  padding-top: 668px;\n}\n#banner-2062400821 .overlay {\n  background-color: rgba(0,0,0,.5);\n}\n#banner-2062400821 .banner-bg img {\n  object-position: 46% 60%;\n}\n@media (min-width:550px) {\n  #banner-2062400821 {\n    padding-top: 800px;\n  }\n}\n<\/style>\n  <\/div>\n\n\n\n\t<section class=\"section\" id=\"section_1322799645\">\n\t\t<div class=\"section-bg fill\" >\n\t\t\t\t\t\t\t\t\t\n\t\t\t\n\n\t\t<\/div>\n\n\t\t\n\n\t\t<div class=\"section-content relative\">\n\t\t\t\n\n<div class=\"row row-collapse align-middle\" style=\"max-width:1300px\" id=\"row-1146682948\">\n\n\n\t<div id=\"col-290479807\" class=\"col small-12 large-12\"  >\n\t\t\t\t<div class=\"col-inner\" style=\"background-color:rgb(246, 246, 246);\" >\n\t\t\t\n\t\t\t\n\n<div class=\"row row-collapse align-middle\" style=\"max-width:1300px\" id=\"row-59371827\">\n\n\n\t<div id=\"col-138015265\" class=\"col medium-12 small-12 large-6\"  >\n\t\t\t\t<div class=\"col-inner\"  >\n\t\t\t\n\t\t\t\n\n\n  <div class=\"banner has-hover\" id=\"banner-296646447\">\n          <div class=\"banner-inner fill\">\n        <div class=\"banner-bg fill\" >\n            <img decoding=\"async\" width=\"1080\" height=\"1080\" src=\"https:\/\/treelofts.com\/wp-content\/uploads\/2025\/02\/Tree-Climber-2.jpg\" class=\"bg attachment-original size-original\" alt=\"\" title=\"\">                                    \n                    <\/div>\n\t\t\n        <div class=\"banner-layers container\">\n            <div class=\"fill banner-link\"><\/div>            \n\n   <div id=\"text-box-1197394382\" class=\"text-box banner-layer x50 md-x50 lg-x50 y50 md-y50 lg-y50 res-text\">\n                                <div class=\"text-box-content text dark\">\n              \n              <div class=\"text-inner text-center\">\n                  \n\n\n              <\/div>\n           <\/div>\n                            \n<style>\n#text-box-1197394382 {\n  width: 60%;\n}\n#text-box-1197394382 .text-box-content {\n  font-size: 100%;\n}\n@media (min-width:550px) {\n  #text-box-1197394382 {\n    width: 60%;\n  }\n}\n<\/style>\n    <\/div>\n \n\n        <\/div>\n      <\/div>\n\n            \n<style>\n#banner-296646447 {\n  padding-top: 300px;\n  background-color: rgb(255,255,255);\n}\n#banner-296646447 .banner-bg img {\n  object-position: 47% 41%;\n}\n@media (min-width:550px) {\n  #banner-296646447 {\n    padding-top: 400px;\n  }\n}\n@media (min-width:850px) {\n  #banner-296646447 {\n    padding-top: 500px;\n  }\n}\n<\/style>\n  <\/div>\n\n\n\n\t\t<\/div>\n\t\t\t\t\t<\/div>\n\n\t\n\n\t<div id=\"col-1110619800\" class=\"col medium-12 small-12 large-6\"  >\n\t\t\t\t<div class=\"col-inner\" style=\"background-color:rgb(246, 246, 246);\" >\n\t\t\t\n\t\t\t\n\n\t<div id=\"text-884040118\" class=\"text\">\n\t\t\n\n<h2 style=\"text-align: left;\" data-start=\"901\" data-end=\"952\"><strong data-start=\"905\" data-end=\"950\">\u00bfPor qu\u00e9 a\u00f1adir un trepador a su casa del \u00e1rbol?<\/strong><\/h2>\n\t\t\n<style>\n#text-884040118 {\n  font-size: 1.5rem;\n}\n<\/style>\n\t<\/div>\n\t\n<p>Una casa en un \u00e1rbol no es s\u00f3lo el destino, sino el viaje. \u00bfY qu\u00e9 m\u00e1s podr\u00eda mejorar la experiencia que el hecho de que la propia escalada sea un viaje interesante? Cada visita a su refugio en la copa de un \u00e1rbol parece una expedici\u00f3n, ya que un escalador de \u00e1rboles convierte una tarea b\u00e1sica en un reto complicado.<\/p>\n<a href=\"https:\/\/treelofts.com\/es\/contacto\/\" class=\"button white is-outline\"  style=\"border-radius:10px;padding:10px 25px 10px 25px;\">\n\t\t<span>comience hoy mismo su viaje a la casa del \u00e1rbol<\/span>\n\t<\/a>\n\n\n\n\t\t<\/div>\n\t\t\t\t\n<style>\n#col-1110619800 > .col-inner {\n  padding: 40px 30px 30px 30px;\n}\n@media (min-width:550px) {\n  #col-1110619800 > .col-inner {\n    padding: 50px 75px 50px 75px;\n  }\n}\n@media (min-width:850px) {\n  #col-1110619800 > .col-inner {\n    padding: 0px 75px 0px 75px;\n  }\n}\n<\/style>\n\t<\/div>\n\n\t\n\n<\/div>\n\n\t\t<\/div>\n\t\t\t\t\t<\/div>\n\n\t\n\n<\/div>\n\t<div id=\"gap-1397677472\" class=\"gap-element clearfix\" style=\"display:block; height:auto;\">\n\t\t\n<style>\n#gap-1397677472 {\n  padding-top: 60px;\n}\n<\/style>\n\t<\/div>\n\t\n\n<div class=\"row\"  id=\"row-440081129\">\n\n\n\t<div id=\"col-1207805708\" class=\"col small-12 large-12\"  >\n\t\t\t\t<div class=\"col-inner\"  >\n\t\t\t\n\t\t\t\n\n<h3 style=\"text-align: left;\"><strong>1. Lleve la emoci\u00f3n de la aventura a su jard\u00edn<\/strong><\/h3>\n<p style=\"text-align: left;\">Olv\u00eddate de las feas escaleras; entrar en tu casa del \u00e1rbol deber\u00eda ser una aventura. Llegar a lo m\u00e1s alto de una trepadora es tan emocionante como pasear por la propia casa del \u00e1rbol. Cada escalada -desde un duro ascenso con clavijas de madera hasta una escalera de cuerda oscilante o un dif\u00edcil roc\u00f3dromo- da fuerza, confianza y regocijo.<\/p>\n<h3 style=\"text-align: left;\"><strong>2. Fomenta el juego activo<\/strong><\/h3>\n<p style=\"text-align: left;\">En un mundo en el que las pantallas dominan el entretenimiento, un trepador de \u00e1rboles motiva a los ni\u00f1os (\u00a1y a los adultos!) a salir al aire libre, correr y divertirse. La escalada pone a prueba el equilibrio, la coordinaci\u00f3n y la fuerza, transformando el juego al aire libre en un ejercicio en\u00e9rgico e interesante sin que parezca ejercicio.<\/p>\n<h3 style=\"text-align: left;\"><strong>3. A\u00f1ade un extra de diversi\u00f3n y creatividad<\/strong><\/h3>\n<p style=\"text-align: left;\">Una casa en un \u00e1rbol con una entrada para escalar parece la cofa de un pirata, un escondite secreto o el campamento base de un explorador. Tanto si los ni\u00f1os se ven entren\u00e1ndose para una aventura, escapando de los monstruos de la selva o conquistando una fortaleza junto a un acantilado, un trepador de \u00e1rboles inspira la imaginaci\u00f3n y da sentido y contexto a cada ascenso.<\/p>\n<h3 style=\"text-align: left;\"><strong>4. Alternativa a los puntos de acceso tradicionales<\/strong><\/h3>\n<p style=\"text-align: left;\">No todo el mundo quiere una escalera b\u00e1sica de madera para subir a su casa del \u00e1rbol. Un trepador de \u00e1rboles se siente como una parte real del entorno, ya que presenta un sustituto distintivo y a la moda que encaja perfectamente con el entorno natural.<\/p>\n<h3 style=\"text-align: left;\"><strong>5. Apto para todos los niveles<\/strong><\/h3>\n<p style=\"text-align: left;\">Las casas para trepar a los \u00e1rboles existen en una amplia gama de formas, por lo que todo el mundo puede encontrar una t\u00e9cnica adecuada, desde los j\u00f3venes principiantes hasta los aventureros m\u00e1s atrevidos. Cada dise\u00f1o de casa de \u00e1rbol tiene una red de escalada adecuada para los ni\u00f1os m\u00e1s peque\u00f1os o una pared de escalada m\u00e1s dif\u00edcil para los buscadores de emociones, dependiendo de su preferencia.<\/p>\n\n\t\t<\/div>\n\t\t\t\t\t<\/div>\n\n\t\n\n<\/div>\n\n\t\t<\/div>\n\n\t\t\n<style>\n#section_1322799645 {\n  padding-top: 60px;\n  padding-bottom: 60px;\n}\n<\/style>\n\t<\/section>\n\t\n<div class=\"row row-collapse row-full-width\"  id=\"row-1350583964\">\n\n\n\t<div id=\"col-239875609\" class=\"col medium-6 small-12 large-6\"  >\n\t\t\t\t<div class=\"col-inner\"  >\n\t\t\t\n\t\t\t\n\n\n  <div class=\"banner has-hover\" id=\"banner-1646411274\">\n          <div class=\"banner-inner fill\">\n        <div class=\"banner-bg fill\" >\n            <img decoding=\"async\" width=\"800\" height=\"800\" src=\"https:\/\/treelofts.com\/wp-content\/uploads\/2025\/02\/Tree-Climber-5-800x800.jpg\" class=\"bg attachment-large size-large\" alt=\"\" title=\"\">                                    \n                    <\/div>\n\t\t\n        <div class=\"banner-layers container\">\n            <div class=\"fill banner-link\"><\/div>            \n\n   <div id=\"text-box-425584335\" class=\"text-box banner-layer x50 md-x50 lg-x50 y50 md-y50 lg-y50 res-text\">\n                                <div class=\"text-box-content text dark\">\n              \n              <div class=\"text-inner text-center\">\n                  \n\n\n              <\/div>\n           <\/div>\n                            \n<style>\n#text-box-425584335 {\n  width: 60%;\n}\n#text-box-425584335 .text-box-content {\n  font-size: 100%;\n}\n<\/style>\n    <\/div>\n \n\n        <\/div>\n      <\/div>\n\n            \n<style>\n#banner-1646411274 {\n  padding-top: 300px;\n  background-color: rgba(255, 255, 255, 0);\n}\n#banner-1646411274 .banner-bg img {\n  object-position: 45% 57%;\n}\n@media (min-width:550px) {\n  #banner-1646411274 {\n    padding-top: 350px;\n  }\n}\n@media (min-width:850px) {\n  #banner-1646411274 {\n    padding-top: 615px;\n  }\n}\n<\/style>\n  <\/div>\n\n\n\n  <div class=\"banner has-hover\" id=\"banner-211379014\">\n          <div class=\"banner-inner fill\">\n        <div class=\"banner-bg fill\" >\n            <img decoding=\"async\" width=\"800\" height=\"800\" src=\"https:\/\/treelofts.com\/wp-content\/uploads\/2025\/02\/Tree-Climber-3-800x800.jpg\" class=\"bg attachment-large size-large\" alt=\"\" title=\"\">                                    \n                    <\/div>\n\t\t\n        <div class=\"banner-layers container\">\n            <div class=\"fill banner-link\"><\/div>            \n\n   <div id=\"text-box-1157030227\" class=\"text-box banner-layer x50 md-x50 lg-x50 y50 md-y50 lg-y50 res-text\">\n                                <div class=\"text-box-content text dark\">\n              \n              <div class=\"text-inner text-center\">\n                  \n\n\n              <\/div>\n           <\/div>\n                            \n<style>\n#text-box-1157030227 {\n  width: 60%;\n}\n#text-box-1157030227 .text-box-content {\n  font-size: 100%;\n}\n<\/style>\n    <\/div>\n \n\n        <\/div>\n      <\/div>\n\n            \n<style>\n#banner-211379014 {\n  padding-top: 300px;\n  background-color: rgba(255, 255, 255, 0);\n}\n#banner-211379014 .banner-bg img {\n  object-position: 49% 72%;\n}\n@media (min-width:550px) {\n  #banner-211379014 {\n    padding-top: 350px;\n  }\n}\n@media (min-width:850px) {\n  #banner-211379014 {\n    padding-top: 667px;\n  }\n}\n<\/style>\n  <\/div>\n\n\n\n\t\t<\/div>\n\t\t\t\t\t<\/div>\n\n\t\n\n\t<div id=\"col-2040425268\" class=\"col medium-6 small-12 large-6\"  >\n\t\t\t\t<div class=\"col-inner\"  >\n\t\t\t\n\t\t\t\n\n\n\t<section class=\"section\" id=\"section_376969885\">\n\t\t<div class=\"section-bg fill\" >\n\t\t\t\t\t\t\t\t\t\n\t\t\t\n\n\t\t<\/div>\n\n\t\t\n\n\t\t<div class=\"section-content relative\">\n\t\t\t\n\n<div class=\"row align-center\"  id=\"row-214502939\">\n\n\n\t<div id=\"col-211484637\" class=\"col medium-10 small-12 large-9\"  >\n\t\t\t\t<div class=\"col-inner text-center\"  >\n\t\t\t\n\t\t\t\n\n\t<div id=\"text-1977100723\" class=\"text\">\n\t\t\n\n<h2 style=\"text-align: left;\" data-start=\"3127\" data-end=\"3174\"><strong data-start=\"3131\" data-end=\"3172\">Tipos de trepadores para elegir<\/strong><\/h2>\n\t\t\n<style>\n#text-1977100723 {\n  font-size: 1.5rem;\n}\n<\/style>\n\t<\/div>\n\t\n<p style=\"text-align: left;\">La elecci\u00f3n del trepador adecuado depende de qui\u00e9n lo vaya a utilizar, de la altura de la casa y del grado de aventura que desee a\u00f1adir. Los trepadores de \u00e1rboles tienen diferentes formas, estilos y grados de dificultad.<\/p>\n<p style=\"text-align: left;\"><strong>1. Cuerda de escalada: la elecci\u00f3n cl\u00e1sica<\/strong><br \/>Sencilla pero \u00fatil, una cuerda para trepar da a cualquier casa del \u00e1rbol un aire de aventura a la antigua usanza. Tanto los ni\u00f1os como los adultos encontrar\u00e1n en una cuerda de escalada un reto estupendo, ya que es gruesa y fuerte y exige fuerza y coordinaci\u00f3n de la parte superior del cuerpo. Algunos tipos cuentan con asas o cuerdas anudadas, que simplifican la escalada para principiantes.<\/p>\n<p style=\"text-align: left;\"><strong>2. Red de carga - El desaf\u00edo definitivo del explorador<\/strong><br \/>Una red de carga dar\u00e1 a tu casa del \u00e1rbol un aspecto de gimnasio selv\u00e1tico. Para los escaladores de todas las edades, una red de carga -hecha con una resistente red o una cuerda gruesa- ofrece un mayor apoyo para los pies y un agarre m\u00e1s f\u00e1cil que una cuerda b\u00e1sica. Es adaptable, entretenida y ofrece ese emocionante ambiente de \"parque de aventuras\".<\/p>\n<p style=\"text-align: left;\"><strong>3. Roc\u00f3dromo - Convierte tu casa del \u00e1rbol en un mini gimnasio de roca<\/strong><br \/>Un roc\u00f3dromo en una casa en un \u00e1rbol es ideal para quienes buscan un ascenso m\u00e1s dif\u00edcil y basado en la destreza. Los escaladores pueden subir utilizando agarres y puntos de apoyo exactamente igual que en un aut\u00e9ntico roc\u00f3dromo. Los agarres m\u00e1s grandes y sencillos para los escaladores m\u00e1s j\u00f3venes o los m\u00e1s peque\u00f1os y exigentes para los ni\u00f1os mayores y los adultos le permitir\u00e1n cambiar el reto.<\/p>\n<p style=\"text-align: left;\"><strong>4. Escalera de madera con clavijas: un toque r\u00fastico y natural<\/strong><br \/>Los que desean un dise\u00f1o r\u00fastico y natural pueden encontrar el uso ideal para una escalera de clavijas de madera. Estas escaleras se fabrican con clavijas de madera que se sujetan directamente al tronco del \u00e1rbol, creando un camino de escalada resistente y discreto que acent\u00faa el entorno natural de la casa del \u00e1rbol.<\/p>\n<p style=\"text-align: left;\"><strong>5. Escalador combinado - Lo mejor de todos los mundos<\/strong><br \/>No estoy seguro de qu\u00e9 hacer. \u00bfPor qu\u00e9 no hacer una mezcla? Algunos propietarios de casas en los \u00e1rboles mezclan varios tipos de escalada: una red de carga por un lado, una cuerda por otro y una pared de roca para diversificar. As\u00ed, los escaladores pueden elegir su nivel de desaf\u00edo en funci\u00f3n de su estado de \u00e1nimo y su grado de experiencia.<\/p>\n<a href=\"https:\/\/treelofts.com\/es\/contacto\/\" class=\"button secondary\"  style=\"border-radius:99px;padding:5px 20px 5px 20px;\">\n\t\t<span>P\u00f3ngase en contacto con nosotros<\/span>\n\t<\/a>\n\n\n\n\t\t<\/div>\n\t\t\t\t\t<\/div>\n\n\t\n\n<\/div>\n\n\t\t<\/div>\n\n\t\t\n<style>\n#section_376969885 {\n  padding-top: 0px;\n  padding-bottom: 0px;\n  min-height: 300px;\n}\n@media (min-width:550px) {\n  #section_376969885 {\n    min-height: 350px;\n  }\n}\n@media (min-width:850px) {\n  #section_376969885 {\n    min-height: 425px;\n  }\n}\n<\/style>\n\t<\/section>\n\t\n\n\t\t<\/div>\n\t\t\t\t\t<\/div>\n\n\t\n\n<\/div>\n<div class=\"row row-collapse row-full-width\"  id=\"row-1152171455\">\n\n\n\t<div id=\"col-656263368\" class=\"col medium-6 small-12 large-6\"  >\n\t\t\t\t<div class=\"col-inner\"  >\n\t\t\t\n\t\t\t\n\n\n\t<section class=\"section\" id=\"section_1287080014\">\n\t\t<div class=\"section-bg fill\" >\n\t\t\t\t\t\t\t\t\t\n\t\t\t\n\n\t\t<\/div>\n\n\t\t\n\n\t\t<div class=\"section-content relative\">\n\t\t\t\n\n<div class=\"row align-center\"  id=\"row-1038980754\">\n\n\n\t<div id=\"col-1727561517\" class=\"col medium-11 small-12 large-9\"  >\n\t\t\t\t<div class=\"col-inner text-center\"  >\n\t\t\t\n\t\t\t\n\n\t<div id=\"gap-928884060\" class=\"gap-element clearfix\" style=\"display:block; height:auto;\">\n\t\t\n<style>\n#gap-928884060 {\n  padding-top: 40px;\n}\n<\/style>\n\t<\/div>\n\t\n\n\t<div id=\"text-3053510434\" class=\"text\">\n\t\t\n\n<h2 style=\"text-align: left;\" data-start=\"5303\" data-end=\"5347\"><strong data-start=\"5307\" data-end=\"5345\">C\u00f3mo garantizar la seguridad y la estabilidad<\/strong><\/h2>\n\t\t\n<style>\n#text-3053510434 {\n  font-size: 1.5rem;\n}\n<\/style>\n\t<\/div>\n\t\n<p style=\"text-align: left;\">La seguridad es siempre lo primero, aunque trepar a los \u00e1rboles sea muy divertido. Para evitar contratiempos, un trepador bien instalado debe ser fuerte, robusto y estar correctamente colocado. A continuaci\u00f3n te explicamos c\u00f3mo conseguir que tu trepador sea emocionante y seguro:<\/p>\n<p style=\"text-align: left;\"><strong>1. Elija materiales fuertes y resistentes a la intemperie<\/strong><br \/>Su escalador estar\u00e1 expuesto al sol, el viento y la lluvia, por lo que debe utilizar tejidos resistentes y de primera calidad que no se decoloren con el tiempo. Los herrajes de acero galvanizado, la madera tratada y las cuerdas de nailon son excelentes opciones para la longevidad.<\/p>\n<p style=\"text-align: left;\"><strong>2. Asegure el escalador a un punto de anclaje fuerte<\/strong><br \/>Tan seguro como su punto de fijaci\u00f3n es un escalador. Aseg\u00farate de que el anclaje es lo suficientemente robusto como para soportar a varios escaladores sin moverse ni aflojarse, tanto si lo sujetas a la casa del \u00e1rbol como si lo haces directamente a un \u00e1rbol robusto.<\/p>\n<p style=\"text-align: left;\"><strong>3. Compruebe la capacidad de peso<\/strong><br \/>Dado que los distintos tipos de escaladores tienen diferentes restricciones de peso, aseg\u00farese de elegir uno que soporte con seguridad a todos los posibles usuarios. Elija un dise\u00f1o de alta capacidad capaz de soportar m\u00e1s peso si tanto ni\u00f1os como adultos van a utilizar la escaladora.<\/p>\n<p style=\"text-align: left;\"><strong>4. Proporcionar una zona de aterrizaje suave<\/strong><br \/>Las ca\u00eddas pueden producirse independientemente del nivel de experiencia del escalador. Limpie el suelo bajo el escalador de rocas, ra\u00edces o superficies duras; despu\u00e9s, piense en a\u00f1adir una cubierta blanda -como mantillo, arena, alfombras de goma o hierba- para amortiguar cualquier ca\u00edda involuntaria.<\/p>\n<a href=\"https:\/\/treelofts.com\/es\/contacto\/\" class=\"button secondary\"  style=\"border-radius:99px;padding:5px 20px 5px 20px;\">\n\t\t<span>P\u00f3ngase en contacto con nosotros<\/span>\n\t<\/a>\n\n\n\n\t\t<\/div>\n\t\t\t\t\t<\/div>\n\n\t\n\n<\/div>\n\n\t\t<\/div>\n\n\t\t\n<style>\n#section_1287080014 {\n  padding-top: 0px;\n  padding-bottom: 0px;\n  min-height: 300px;\n}\n@media (min-width:550px) {\n  #section_1287080014 {\n    min-height: 350px;\n  }\n}\n@media (min-width:850px) {\n  #section_1287080014 {\n    min-height: 425px;\n  }\n}\n<\/style>\n\t<\/section>\n\t\n\n\t\t<\/div>\n\t\t\t\t\t<\/div>\n\n\t\n\n\t<div id=\"col-1813908186\" class=\"col medium-6 small-12 large-6 small-col-first\"  >\n\t\t\t\t<div class=\"col-inner\"  >\n\t\t\t\n\t\t\t\n\n\n  <div class=\"banner has-hover\" id=\"banner-681356197\">\n          <div class=\"banner-inner fill\">\n        <div class=\"banner-bg fill\" >\n            <img decoding=\"async\" width=\"1080\" height=\"1080\" src=\"https:\/\/treelofts.com\/wp-content\/uploads\/2025\/02\/Tree-Climber-7.jpg\" class=\"bg attachment-original size-original\" alt=\"\" title=\"\">                                    \n                    <\/div>\n\t\t\n        <div class=\"banner-layers container\">\n            <div class=\"fill banner-link\"><\/div>            \n\n   <div id=\"text-box-1555264489\" class=\"text-box banner-layer x50 md-x50 lg-x50 y50 md-y50 lg-y50 res-text\">\n                                <div class=\"text-box-content text dark\">\n              \n              <div class=\"text-inner text-center\">\n                  \n\n\n              <\/div>\n           <\/div>\n                            \n<style>\n#text-box-1555264489 {\n  width: 60%;\n}\n#text-box-1555264489 .text-box-content {\n  font-size: 100%;\n}\n<\/style>\n    <\/div>\n \n\n        <\/div>\n      <\/div>\n\n            \n<style>\n#banner-681356197 {\n  padding-top: 300px;\n  background-color: rgba(255, 255, 255, 0);\n}\n@media (min-width:550px) {\n  #banner-681356197 {\n    padding-top: 350px;\n  }\n}\n@media (min-width:850px) {\n  #banner-681356197 {\n    padding-top: 967px;\n  }\n}\n<\/style>\n  <\/div>\n\n\n\n\t\t<\/div>\n\t\t\t\t\t<\/div>\n\n\t\n\n<\/div>\n<div class=\"row\"  id=\"row-1926555589\">\n\n\n\t<div id=\"col-697166373\" class=\"col small-12 large-12\"  >\n\t\t\t\t<div class=\"col-inner\"  >\n\t\t\t\n\t\t\t\n\n<p>Una casa en el \u00e1rbol es una experiencia, no s\u00f3lo un punto de acceso. Con cada visita a la casa del \u00e1rbol se gana en aventura, emoci\u00f3n y desaf\u00edo, de modo que pasa de ser un lugar para pasar el rato a un sitio para la exploraci\u00f3n y la diversi\u00f3n. Incluir un trepador de \u00e1rboles en su casa del \u00e1rbol mejora toda la experiencia, tanto si prefiere una cuerda resistente como una atrevida pared de roca o una red de carga b\u00e1sica.<\/p>\n<p>En Treelofts encontrar\u00e1 ayuda experta para elegir el trepador ideal para su instalaci\u00f3n, garantizando as\u00ed que sea seguro, entretenido y duradero. Estamos aqu\u00ed para guiarle en la toma de decisiones sabias para que pueda dise\u00f1ar la mejor aventura en la copa del \u00e1rbol a pesar de que no ofrecemos servicios de instalaci\u00f3n.<\/p>\n<p><strong>\u00bfPor qu\u00e9, pues, aceptar una escalera convencional? \u00a1Modernice ahora su casa del \u00e1rbol para hacer de cada subida un viaje extraordinario!<\/strong><\/p>\n\n\t\t<\/div>\n\t\t\t\t\n<style>\n#col-697166373 > .col-inner {\n  padding: 50px 0px 50px 0px;\n}\n<\/style>\n\t<\/div>\n\n\t\n\n<\/div>\n\n  <div class=\"banner has-hover\" id=\"banner-1895412722\">\n          <div class=\"banner-inner fill\">\n        <div class=\"banner-bg fill\" >\n            <img decoding=\"async\" width=\"1080\" height=\"1080\" src=\"https:\/\/treelofts.com\/wp-content\/uploads\/2025\/02\/Tree-Climber-1.jpg\" class=\"bg attachment-original size-original\" alt=\"\" title=\"\">                        <div class=\"overlay\"><\/div>            \n                    <\/div>\n\t\t\n        <div class=\"banner-layers container\">\n            <div class=\"fill banner-link\"><\/div>            \n\n   <div id=\"text-box-1399507567\" class=\"text-box banner-layer x50 md-x50 lg-x50 y50 md-y50 lg-y50 res-text\">\n                                <div class=\"text-box-content text dark\">\n              \n              <div class=\"text-inner text-center\">\n                  \n\n<p>Hagamos realidad su visi\u00f3n<\/p>\n<h2><strong>Creando casas en los \u00e1rboles de ensue\u00f1o desde 2013<\/strong><\/h2>\n<a href=\"https:\/\/treelofts.com\/es\/contacto\/\" class=\"button white is-outline\"  >\n\t\t<span>comience hoy mismo su viaje a la casa del \u00e1rbol<\/span>\n\t<\/a>\n\n\n\n              <\/div>\n           <\/div>\n                            \n<style>\n#text-box-1399507567 {\n  width: 60%;\n}\n#text-box-1399507567 .text-box-content {\n  font-size: 100%;\n}\n<\/style>\n    <\/div>\n \n\n        <\/div>\n      <\/div>\n\n            \n<style>\n#banner-1895412722 {\n  padding-top: 350px;\n}\n#banner-1895412722 .overlay {\n  background-color: rgba(0, 0, 0, 0.17);\n}\n#banner-1895412722 .banner-bg img {\n  object-position: 9% 52%;\n}\n<\/style>\n  <\/div>\n\n\n<div class=\"woocommerce columns-4\"><\/div>\n\n<div class=\"row\"  id=\"row-926844222\">\n\n\n\n<\/div>","protected":false},"excerpt":{"rendered":"","protected":false},"author":5,"featured_media":0,"parent":0,"menu_order":0,"comment_status":"closed","ping_status":"closed","template":"","meta":{"footnotes":""},"class_list":["post-1053","page","type-page","status-publish","hentry"],"_links":{"self":[{"href":"https:\/\/treelofts.com\/es\/wp-json\/wp\/v2\/pages\/1053","targetHints":{"allow":["GET"]}}],"collection":[{"href":"https:\/\/treelofts.com\/es\/wp-json\/wp\/v2\/pages"}],"about":[{"href":"https:\/\/treelofts.com\/es\/wp-json\/wp\/v2\/types\/page"}],"author":[{"embeddable":true,"href":"https:\/\/treelofts.com\/es\/wp-json\/wp\/v2\/users\/5"}],"replies":[{"embeddable":true,"href":"https:\/\/treelofts.com\/es\/wp-json\/wp\/v2\/comments?post=1053"}],"version-history":[{"count":0,"href":"https:\/\/treelofts.com\/es\/wp-json\/wp\/v2\/pages\/1053\/revisions"}],"wp:attachment":[{"href":"https:\/\/treelofts.com\/es\/wp-json\/wp\/v2\/media?parent=1053"}],"curies":[{"name":"wp","href":"https:\/\/api.w.org\/{rel}","templated":true}]}}