{"id":1064,"date":"2025-02-11T01:04:55","date_gmt":"2025-02-11T09:04:55","guid":{"rendered":"https:\/\/azh5n13ivf.onrocket.site\/?page_id=1064"},"modified":"2025-02-13T17:52:41","modified_gmt":"2025-02-14T01:52:41","slug":"tirolinas","status":"publish","type":"page","link":"https:\/\/treelofts.com\/es\/tirolinas\/","title":{"rendered":"Tirolinas"},"content":{"rendered":"<div class=\"banner has-hover\" id=\"banner-418817597\">\n          <div class=\"banner-inner fill\">\n        <div class=\"banner-bg fill\" >\n            <img decoding=\"async\" width=\"1080\" height=\"1080\" src=\"https:\/\/treelofts.com\/wp-content\/uploads\/2025\/02\/Zip-Lines-2.jpg\" class=\"bg attachment-original size-original\" alt=\"\" title=\"\">                        <div class=\"overlay\"><\/div>            \n                    <\/div>\n\t\t\n        <div class=\"banner-layers container\">\n            <div class=\"fill banner-link\"><\/div>            \n\n   <div id=\"text-box-48528472\" class=\"text-box banner-layer x50 md-x50 lg-x50 y50 md-y50 lg-y50 res-text\">\n                                <div class=\"text-box-content text dark\">\n              \n              <div class=\"text-inner text-center\">\n                  \n\n<h3>La m\u00e1xima emoci\u00f3n para su casa del \u00e1rbol<\/h3>\n<h1 class=\"image-with-text__heading h1\"><strong>Tirolinas<\/strong><\/h1>\n<p>Imagina que tu coraz\u00f3n se acelera de emoci\u00f3n mientras est\u00e1s en el borde de tu casa en el \u00e1rbol agarrado al asa de una tirolina. Inspiras profundamente, te lanzas y ya est\u00e1s volando entre los \u00e1rboles, con el viento rugi\u00e9ndote en la cara y el suelo pasando a toda velocidad bajo tus pies. Es r\u00e1pido, emocionante y un viaje sin igual.<\/p>\n<p>Incluir una tirolina en su casa del \u00e1rbol transforma su patio trasero en un parque de aventuras en toda regla, en lugar de limitarse a proporcionar un recorrido de descenso diferente. Esta es una mejora que ofrece emoci\u00f3n sin parar para todas las edades, ya sea un paseo corto para los ni\u00f1os o una tirolina larga y de alta velocidad para los amantes de las emociones fuertes de la familia.<\/p>\n\n              <\/div>\n           <\/div>\n                            \n<style>\n#text-box-48528472 {\n  width: 86%;\n}\n#text-box-48528472 .text-box-content {\n  font-size: 100%;\n}\n<\/style>\n    <\/div>\n \n\n        <\/div>\n      <\/div>\n\n            \n<style>\n#banner-418817597 {\n  padding-top: 800px;\n}\n#banner-418817597 .overlay {\n  background-color: rgba(0,0,0,.5);\n}\n#banner-418817597 .banner-bg img {\n  object-position: 56% 66%;\n}\n<\/style>\n  <\/div>\n\n\n\t<div id=\"gap-1181248474\" class=\"gap-element clearfix\" style=\"display:block; height:auto;\">\n\t\t\n<style>\n#gap-1181248474 {\n  padding-top: 60px;\n}\n<\/style>\n\t<\/div>\n\t\n\n\n\t<section class=\"section\" id=\"section_1317255523\">\n\t\t<div class=\"section-bg fill\" >\n\t\t\t\t\t\t\t\t\t\n\t\t\t\n\n\t\t<\/div>\n\n\t\t\n\n\t\t<div class=\"section-content relative\">\n\t\t\t\n\n<div class=\"row row-collapse align-middle\" style=\"max-width:1300px\" id=\"row-1590492006\">\n\n\n\t<div id=\"col-1946079993\" class=\"col small-12 large-12\"  >\n\t\t\t\t<div class=\"col-inner\" style=\"background-color:rgb(246, 246, 246);\" >\n\t\t\t\n\t\t\t\n\n<div class=\"row row-collapse align-middle\" style=\"max-width:1300px\" id=\"row-1387490701\">\n\n\n\t<div id=\"col-1441590524\" class=\"col medium-12 small-12 large-6\"  >\n\t\t\t\t<div class=\"col-inner\"  >\n\t\t\t\n\t\t\t\n\n\n  <div class=\"banner has-hover\" id=\"banner-1158814170\">\n          <div class=\"banner-inner fill\">\n        <div class=\"banner-bg fill\" >\n            <img decoding=\"async\" width=\"753\" height=\"800\" src=\"https:\/\/treelofts.com\/wp-content\/uploads\/2025\/02\/Zip-Lines-1-753x800.jpg\" class=\"bg attachment-large size-large\" alt=\"\" title=\"\">                                    \n                    <\/div>\n\t\t\n        <div class=\"banner-layers container\">\n            <div class=\"fill banner-link\"><\/div>            \n\n   <div id=\"text-box-1101464041\" class=\"text-box banner-layer x50 md-x50 lg-x50 y50 md-y50 lg-y50 res-text\">\n                                <div class=\"text-box-content text dark\">\n              \n              <div class=\"text-inner text-center\">\n                  \n\n\n              <\/div>\n           <\/div>\n                            \n<style>\n#text-box-1101464041 {\n  width: 60%;\n}\n#text-box-1101464041 .text-box-content {\n  font-size: 100%;\n}\n@media (min-width:550px) {\n  #text-box-1101464041 {\n    width: 60%;\n  }\n}\n<\/style>\n    <\/div>\n \n\n        <\/div>\n      <\/div>\n\n            \n<style>\n#banner-1158814170 {\n  padding-top: 300px;\n  background-color: rgb(255,255,255);\n}\n#banner-1158814170 .banner-bg img {\n  object-position: 82% 0%;\n}\n@media (min-width:550px) {\n  #banner-1158814170 {\n    padding-top: 400px;\n  }\n}\n@media (min-width:850px) {\n  #banner-1158814170 {\n    padding-top: 500px;\n  }\n}\n<\/style>\n  <\/div>\n\n\n\n\t\t<\/div>\n\t\t\t\t\t<\/div>\n\n\t\n\n\t<div id=\"col-331375522\" class=\"col medium-12 small-12 large-6\"  >\n\t\t\t\t<div class=\"col-inner\" style=\"background-color:rgb(246, 246, 246);\" >\n\t\t\t\n\t\t\t\n\n\t<div id=\"text-2209118448\" class=\"text\">\n\t\t\n\n<h2><strong data-start=\"1112\" data-end=\"1153\">\u00bfPor qu\u00e9 a\u00f1adir una tirolina a su casa del \u00e1rbol?<\/strong><\/h2>\n\t\t\n<style>\n#text-2209118448 {\n  font-size: 1.5rem;\n}\n<\/style>\n\t<\/div>\n\t\n<p>Una tirolina transforma su casa del \u00e1rbol, no s\u00f3lo a\u00f1ade valor de entretenimiento. Una tirolina ofrece un descenso r\u00e1pido y estimulante, un recorrido de aventura en el patio trasero o un fant\u00e1stico paseo por el bosque. He aqu\u00ed la raz\u00f3n por la que toda casa del \u00e1rbol requiere una:<\/p>\n<a href=\"https:\/\/treelofts.com\/es\/contacto\/\" class=\"button white is-outline\"  style=\"border-radius:10px;padding:10px 25px 10px 25px;\">\n\t\t<span>comience hoy mismo su viaje a la casa del \u00e1rbol<\/span>\n\t<\/a>\n\n\n\n\t\t<\/div>\n\t\t\t\t\n<style>\n#col-331375522 > .col-inner {\n  padding: 40px 30px 30px 30px;\n}\n@media (min-width:550px) {\n  #col-331375522 > .col-inner {\n    padding: 50px 75px 50px 75px;\n  }\n}\n@media (min-width:850px) {\n  #col-331375522 > .col-inner {\n    padding: 0px 75px 0px 75px;\n  }\n}\n<\/style>\n\t<\/div>\n\n\t\n\n<\/div>\n\n\t\t<\/div>\n\t\t\t\t\t<\/div>\n\n\t\n\n<\/div>\n\t<div id=\"gap-704898355\" class=\"gap-element clearfix\" style=\"display:block; height:auto;\">\n\t\t\n<style>\n#gap-704898355 {\n  padding-top: 60px;\n}\n<\/style>\n\t<\/div>\n\t\n\n<div class=\"row\"  id=\"row-1798423689\">\n\n\n\t<div id=\"col-1573824240\" class=\"col small-12 large-12\"  >\n\t\t\t\t<div class=\"col-inner\"  >\n\t\t\t\n\t\t\t\n\n<h3><strong>1. Experimente la m\u00e1xima emoci\u00f3n<\/strong><\/h3>\n<p>Pr\u00e1ctico es descender de una casa en un \u00e1rbol; \u00a1descender en tirolina es incre\u00edble! Cada vez que se baja de la plataforma, una tirolina proporciona una oleada de euforia parecida a volar sobre la selva. Los ni\u00f1os gritan de alegr\u00eda y los mayores vuelven a sentirse como ni\u00f1os con tanta emoci\u00f3n.<\/p>\n<h3><strong>2. Una alternativa divertida y \u00fanica a escaleras y pelda\u00f1os<\/strong><\/h3>\n<p>Cuando puedes lanzarte t\u00fa mismo en un asombroso planeo, \u00bfpor qu\u00e9 seguir el camino convencional hacia abajo? Cada descenso por una tirolina -una forma r\u00e1pida, emocionante y participativa de salir de tu casa del \u00e1rbol- se siente como una aventura y no como una tarea.<\/p>\n<h3><strong>3. Ideal para todas las edades<\/strong><\/h3>\n<p>Los adultos adoran las tirolinas; \u00a1no son s\u00f3lo para ni\u00f1os! Hay una tirolina para cada edad y nivel de habilidad, ya sea una tirolina larga y r\u00e1pida para los que buscan emociones fuertes o una tirolina corta y suave para los j\u00f3venes aventureros.<\/p>\n<h3><strong>4. Fomenta el juego al aire libre y la aventura<\/strong><\/h3>\n<p>En un mundo en el que los dispositivos dominan el entretenimiento, una tirolina permite a los ni\u00f1os -y a los adultos- salir al aire libre y mantenerse activos. Es una forma estupenda de fomentar la forma f\u00edsica y el placer, ya que fomenta el juego f\u00edsico, el descubrimiento del exterior y la pasi\u00f3n por la aventura.<\/p>\n<h3><strong>5. F\u00e1cil de instalar, diversi\u00f3n sin fin<\/strong><\/h3>\n<p>Aunque construir una tirolina parece dif\u00edcil, con la configuraci\u00f3n y las medidas de seguridad adecuadas, es un complemento bastante sencillo para tu casa del \u00e1rbol que ofrece a\u00f1os de diversi\u00f3n.<\/p>\n\n\t\t<\/div>\n\t\t\t\t\t<\/div>\n\n\t\n\n<\/div>\n\n\t\t<\/div>\n\n\t\t\n<style>\n#section_1317255523 {\n  padding-top: 60px;\n  padding-bottom: 60px;\n}\n<\/style>\n\t<\/section>\n\t\n\n\t<section class=\"section\" id=\"section_509781261\">\n\t\t<div class=\"section-bg fill\" >\n\t\t\t\t\t\t\t\t\t\n\t\t\t\n\n\t\t<\/div>\n\n\t\t\n\n\t\t<div class=\"section-content relative\">\n\t\t\t\n\n<div class=\"row row-large align-middle align-center\" style=\"max-width:1400px\" id=\"row-1713335937\">\n\n\n\t<div id=\"col-1732672047\" class=\"col medium-9 small-12 large-6\"  >\n\t\t\t\t<div class=\"col-inner\"  >\n\t\t\t\n\t\t\t\n\n\n  <div class=\"banner has-hover\" id=\"banner-1059840166\">\n          <div class=\"banner-inner fill\">\n        <div class=\"banner-bg fill\" >\n            <img decoding=\"async\" width=\"510\" height=\"649\" src=\"https:\/\/treelofts.com\/wp-content\/uploads\/2025\/02\/Zip-Lines-3.jpg\" class=\"bg attachment-original size-original\" alt=\"\" title=\"\">                                    \n                    <\/div>\n\t\t\n        <div class=\"banner-layers container\">\n            <div class=\"fill banner-link\"><\/div>            \n\n   <div id=\"text-box-1771954488\" class=\"text-box banner-layer x50 md-x50 lg-x50 y50 md-y50 lg-y50 res-text\">\n                                <div class=\"text-box-content text dark\">\n              \n              <div class=\"text-inner text-center\">\n                  \n\n\n              <\/div>\n           <\/div>\n                            \n<style>\n#text-box-1771954488 {\n  width: 60%;\n}\n#text-box-1771954488 .text-box-content {\n  font-size: 100%;\n}\n@media (min-width:550px) {\n  #text-box-1771954488 {\n    width: 60%;\n  }\n}\n<\/style>\n    <\/div>\n \n\n        <\/div>\n      <\/div>\n\n            \n<style>\n#banner-1059840166 {\n  padding-top: 300px;\n}\n#banner-1059840166 .banner-bg img {\n  object-position: 55% 0%;\n}\n@media (min-width:850px) {\n  #banner-1059840166 {\n    padding-top: 102.98%;\n  }\n}\n<\/style>\n  <\/div>\n\n\n\n\t\t<\/div>\n\t\t\t\t\t<\/div>\n\n\t\n\n\t<div id=\"col-169025998\" class=\"col medium-9 small-12 large-6\"  >\n\t\t\t\t<div class=\"col-inner text-left\"  >\n\t\t\t\n\t\t\t\n\n\t<div id=\"text-1405031796\" class=\"text\">\n\t\t\n\n<h2 style=\"text-align: left;\"><strong data-start=\"2694\" data-end=\"2744\">C\u00f3mo elegir la tirolina adecuada para su casa del \u00e1rbol<\/strong><\/h2>\n\t\t\n<style>\n#text-1405031796 {\n  font-size: 1.5rem;\n}\n<\/style>\n\t<\/div>\n\t\n<p style=\"text-align: left;\">No todas las tirolinas son iguales. Dependiendo de la altura de su casa en el \u00e1rbol, el espacio disponible y el nivel de adrenalina deseado, puede elegir entre numerosos estilos para crear la experiencia perfecta.<\/p>\n<p style=\"text-align: left;\"><strong>1. Tirolinas de corta distancia - Perfectas para ni\u00f1os<\/strong><br \/>Si est\u00e1 iniciando a los ni\u00f1os peque\u00f1os en la tirolina, una tirolina de corta distancia (de 6 a 8 metros) es una alternativa maravillosa. Ofrece un paseo seguro, regulado y emocionante, garantizando que los ni\u00f1os puedan experimentar la emoci\u00f3n de volar sin demasiada altura ni velocidad. Estas tirolinas suelen contar con c\u00f3modos asientos o cinturones de seguridad para mayor seguridad.<\/p>\n<p style=\"text-align: left;\"><strong>2. Tirolinas de largo recorrido - Para disfrutar al m\u00e1ximo<\/strong><br \/>Para los que buscan una experiencia m\u00e1s estimulante, una tirolina de larga distancia (m\u00e1s de 15 metros) le permite elevarse por los aires durante un viaje m\u00e1s largo. Las tirolinas m\u00e1s largas ofrecen mayor velocidad, mayor tiempo de vuelo y una incre\u00edble sensaci\u00f3n de deslizamiento por los \u00e1rboles.<\/p>\n<p style=\"text-align: left;\"><strong>3. Tirolinas con asiento o arn\u00e9s: mayor comodidad y seguridad<\/strong><br \/>Algunas tirolinas llevan incorporado un asiento o arn\u00e9s, lo que hace que el paseo sea m\u00e1s c\u00f3modo y seguro, aunque algunas s\u00f3lo tengan un manillar al que agarrarse. Los m\u00e1s j\u00f3venes o los que prefieren un deslizamiento relajado en lugar de agarrarse con fuerza para toda la vida encontrar\u00e1n estas opciones perfectas.<\/p>\n<p style=\"text-align: left;\"><strong>4. Tirolinas de calidad profesional: para una aventura extrema<\/strong><br \/>Las tirolinas de calidad profesional, con cables de acero, modernos sistemas de poleas y mecanismos de freno para un recorrido m\u00e1s suave, r\u00e1pido y emocionante, ofrecen a quienes buscan una aut\u00e9ntica experiencia de parque de aventuras. Estas tirolinas dan el mejor subid\u00f3n de adrenalina, pero requieren un montaje m\u00e1s complicado.<\/p>\n<a href=\"https:\/\/treelofts.com\/es\/contacto\/\" target=\"_blank\" class=\"button secondary is-link box-shadow-1-hover\" rel=\"noopener\"  >\n\t\t<span>P\u00f3ngase en contacto con nosotros<\/span>\n\t<i class=\"icon-angle-right\" aria-hidden=\"true\" ><\/i><\/a>\n\n\n\n\t\t<\/div>\n\t\t\t\t\n<style>\n#col-169025998 > .col-inner {\n  padding: 0px 0px 0px 0px;\n}\n@media (min-width:850px) {\n  #col-169025998 > .col-inner {\n    padding: 0px 50px 0px 50px;\n  }\n}\n<\/style>\n\t<\/div>\n\n\t\n\n<\/div>\n<div class=\"row row-large align-middle align-center\" style=\"max-width:1400px\" id=\"row-1342350086\">\n\n\n\t<div id=\"col-1633986468\" class=\"col medium-9 small-12 large-6\"  >\n\t\t\t\t<div class=\"col-inner text-left\"  >\n\t\t\t\n\t\t\t\n\n\t<div id=\"text-798629844\" class=\"text\">\n\t\t\n\n<h2 style=\"text-align: left;\" data-start=\"4388\" data-end=\"4431\"><strong data-start=\"4391\" data-end=\"4429\">C\u00f3mo garantizar la seguridad y la estabilidad\uff1f<\/strong><\/h2>\n\t\t\n<style>\n#text-798629844 {\n  font-size: 1.5rem;\n}\n<\/style>\n\t<\/div>\n\t\n<p style=\"text-align: left;\" data-start=\"0\" data-end=\"176\"><strong>Aunque la seguridad debe ser siempre lo primero, las tirolinas son emocionantes. Una buena y segura experiencia depende de la correcta instalaci\u00f3n, el mantenimiento rutinario y la elecci\u00f3n del equipo.<\/strong><\/p>\n<h3 style=\"text-align: left;\" data-start=\"178\" data-end=\"218\"><strong data-start=\"182\" data-end=\"216\">1. Elegir puntos de anclaje fuertes<\/strong><\/h3>\n<p style=\"text-align: left;\" data-start=\"219\" data-end=\"514\">La tirolina debe sujetarse a un sistema de apoyo s\u00f3lido o a \u00e1rboles robustos y sanos. Los \u00e1rboles deben ser fuertes y maduros, sin signos de debilitamiento o podredumbre. Si se utilizan postes o vigas, deben estar bien clavados en el suelo para garantizar la estabilidad.<\/p>\n<h3 style=\"text-align: left;\" data-start=\"516\" data-end=\"555\"><strong data-start=\"520\" data-end=\"553\">2. Utilice equipos de alta calidad<\/strong><\/h3>\n<p style=\"text-align: left;\" data-start=\"556\" data-end=\"630\">No sacrifique nunca la seguridad Seleccione <strong data-start=\"589\" data-end=\"614\">kits de tirolina premium<\/strong> que incluyen:<\/p>\n<ul style=\"text-align: left;\" data-start=\"631\" data-end=\"909\">\n<li data-start=\"631\" data-end=\"702\"><strong data-start=\"633\" data-end=\"663\">Duradero y resistente al \u00f3xido<\/strong> cables de acero inoxidable o galvanizados<\/li>\n<li data-start=\"703\" data-end=\"772\"><strong data-start=\"705\" data-end=\"750\">Tensores, pernos y abrazaderas de alta resistencia<\/strong> para un montaje seguro<\/li>\n<li data-start=\"773\" data-end=\"837\"><strong data-start=\"775\" data-end=\"795\">Poleas potentes<\/strong> dise\u00f1ado para desplazamientos controlados y sin interrupciones<\/li>\n<li data-start=\"838\" data-end=\"909\"><strong data-start=\"840\" data-end=\"866\">Sistemas de freno opcionales<\/strong> para un mayor control al final del recorrido<\/li>\n<\/ul>\n<h3 style=\"text-align: left;\" data-start=\"911\" data-end=\"950\"><strong data-start=\"915\" data-end=\"948\">3. Garantizar una zona de aterrizaje segura<\/strong><\/h3>\n<p style=\"text-align: left;\" data-start=\"951\" data-end=\"1074\">El final de la tirolina debe tener un <strong data-start=\"987\" data-end=\"1015\">zona de aterrizaje despejada y segura<\/strong> libre de superficies duras, \u00e1rboles o rocas. Considera a\u00f1adir:<\/p>\n<ul style=\"text-align: left;\" data-start=\"1075\" data-end=\"1274\">\n<li data-start=\"1075\" data-end=\"1129\"><strong data-start=\"1077\" data-end=\"1108\">Esteras de goma, arena o mantillo<\/strong> para un aterrizaje suave<\/li>\n<li data-start=\"1130\" data-end=\"1188\"><strong data-start=\"1132\" data-end=\"1164\">Una plataforma o zona de ralentizaci\u00f3n<\/strong> para evitar paradas bruscas<\/li>\n<li data-start=\"1189\" data-end=\"1274\"><strong data-start=\"1191\" data-end=\"1214\">Un mecanismo de frenado<\/strong> (como una cuerda el\u00e1stica o un freno de muelle) para aterrizajes regulados.<\/li>\n<\/ul>\n<h3 style=\"text-align: left;\" data-start=\"1276\" data-end=\"1315\"><strong data-start=\"1280\" data-end=\"1313\">4. Revisiones peri\u00f3dicas de mantenimiento<\/strong><\/h3>\n<p style=\"text-align: left;\" data-start=\"1316\" data-end=\"1413\">Las inspecciones rutinarias ayudan a garantizar que las tirolinas se mantengan <strong data-start=\"1370\" data-end=\"1399\">seguro y totalmente funcional<\/strong>. Compru\u00e9balo:<\/p>\n<ul style=\"text-align: left;\" data-start=\"1414\" data-end=\"1582\">\n<li data-start=\"1414\" data-end=\"1447\">Pernos o conectores sueltos<\/li>\n<li data-start=\"1448\" data-end=\"1485\">Cables deshilachados o poleas desgastadas<\/li>\n<li data-start=\"1486\" data-end=\"1539\">Movimiento de \u00e1rboles o inestabilidad de los puntos de anclaje<\/li>\n<li data-start=\"1540\" data-end=\"1582\">Cualquier obst\u00e1culo en el recorrido de la tirolina<\/li>\n<\/ul>\n<h3 style=\"text-align: left;\" data-start=\"1584\" data-end=\"1628\"><strong data-start=\"1588\" data-end=\"1626\">5. Establecer normas claras para una conducci\u00f3n segura<\/strong><\/h3>\n<p style=\"text-align: left;\" data-start=\"1629\" data-end=\"1698\">Establecer <strong data-start=\"1639\" data-end=\"1669\">directrices expl\u00edcitas de seguridad<\/strong> para evitar accidentes:<\/p>\n<ul data-start=\"1699\" data-end=\"1911\">\n<li style=\"text-align: left;\" data-start=\"1699\" data-end=\"1757\">Si\u00e9ntate siempre correctamente o utiliza un arn\u00e9s para mantener la estabilidad.<\/li>\n<li style=\"text-align: left;\" data-start=\"1758\" data-end=\"1805\">Mantenga las manos y los pies alejados del cable<\/li>\n<li style=\"text-align: left;\" data-start=\"1806\" data-end=\"1859\">Espere a que la se\u00f1al de \"todo despejado\" antes de comenzar<\/li>\n<li style=\"text-align: left;\" data-start=\"1860\" data-end=\"1911\">No supere nunca la capacidad de carga de la tirolina<\/li>\n<\/ul>\n<a href=\"https:\/\/treelofts.com\/es\/contacto\/\" target=\"_blank\" class=\"button secondary is-link box-shadow-1-hover\" rel=\"noopener\"  >\n\t\t<span>P\u00f3ngase en contacto con nosotros<\/span>\n\t<i class=\"icon-angle-right\" aria-hidden=\"true\" ><\/i><\/a>\n\n\n\n\t\t<\/div>\n\t\t\t\t\n<style>\n#col-1633986468 > .col-inner {\n  padding: 0px 0px 0px 0px;\n}\n@media (min-width:850px) {\n  #col-1633986468 > .col-inner {\n    padding: 0px 50px 0px 50px;\n  }\n}\n<\/style>\n\t<\/div>\n\n\t\n\n\t<div id=\"col-288046581\" class=\"col medium-9 small-12 large-6 medium-col-first\"  >\n\t\t\t\t<div class=\"col-inner\"  >\n\t\t\t\n\t\t\t\n\n\n  <div class=\"banner has-hover\" id=\"banner-806221684\">\n          <div class=\"banner-inner fill\">\n        <div class=\"banner-bg fill\" >\n            <img decoding=\"async\" width=\"508\" height=\"648\" src=\"https:\/\/treelofts.com\/wp-content\/uploads\/2025\/02\/Zip-Lines-2-1.jpg\" class=\"bg attachment-original size-original\" alt=\"\" title=\"\">                                    \n                    <\/div>\n\t\t\n        <div class=\"banner-layers container\">\n            <div class=\"fill banner-link\"><\/div>            \n\n   <div id=\"text-box-434569696\" class=\"text-box banner-layer x50 md-x50 lg-x50 y50 md-y50 lg-y50 res-text\">\n                                <div class=\"text-box-content text dark\">\n              \n              <div class=\"text-inner text-center\">\n                  \n\n\n              <\/div>\n           <\/div>\n                            \n<style>\n#text-box-434569696 {\n  width: 60%;\n}\n#text-box-434569696 .text-box-content {\n  font-size: 100%;\n}\n@media (min-width:550px) {\n  #text-box-434569696 {\n    width: 60%;\n  }\n}\n<\/style>\n    <\/div>\n \n\n        <\/div>\n      <\/div>\n\n            \n<style>\n#banner-806221684 {\n  padding-top: 300px;\n}\n#banner-806221684 .banner-bg img {\n  object-position: 48% 68%;\n}\n@media (min-width:850px) {\n  #banner-806221684 {\n    padding-top: 126.23%;\n  }\n}\n<\/style>\n  <\/div>\n\n\n\n\t\t<\/div>\n\t\t\t\t\t<\/div>\n\n\t\n\n<\/div>\n\n\t\t<\/div>\n\n\t\t\n<style>\n#section_509781261 {\n  padding-top: 0px;\n  padding-bottom: 0px;\n}\n<\/style>\n\t<\/section>\n\t\n<div class=\"row\"  id=\"row-798723839\">\n\n\n\t<div id=\"col-912368556\" class=\"col small-12 large-12\"  >\n\t\t\t\t<div class=\"col-inner\"  >\n\t\t\t\n\t\t\t\n\n<p>Una tirolina ofrece una experiencia m\u00e1s que una simple caracter\u00edstica de su casa del \u00e1rbol. Una tirolina transforma cada viaje a la casa del \u00e1rbol en una aventura inolvidable, independientemente de si prefiere un deslizamiento r\u00e1pido y divertido o un estimulante paseo a alta velocidad. Es el enfoque ideal para proporcionar a su zona al aire libre alegr\u00eda, vitalidad y emoci\u00f3n.<\/p>\n<p>En Treelofts, podemos ayudarle a dise\u00f1ar una experiencia segura y emocionante ofreci\u00e9ndole recomendaciones profesionales para elegir la tirolina ideal. Aunque no proporcionamos servicios de instalaci\u00f3n, le guiaremos en la selecci\u00f3n de las herramientas adecuadas para que pueda configurar audazmente su aventura de tirolina en el patio trasero.<\/p>\n<p><strong>\u00bfPor qu\u00e9 aceptar entonces bajar por una escalera? Literalmente, ampl\u00ede su experiencia en la casa del \u00e1rbol al siguiente nivel y \u00a1que empiece la aventura!<\/strong><\/p>\n\n\t\t<\/div>\n\t\t\t\t\n<style>\n#col-912368556 > .col-inner {\n  padding: 20px 0px 20px 0px;\n}\n<\/style>\n\t<\/div>\n\n\t\n\n<\/div>\n\n  <div class=\"banner has-hover\" id=\"banner-977847133\">\n          <div class=\"banner-inner fill\">\n        <div class=\"banner-bg fill\" >\n            <img decoding=\"async\" width=\"1080\" height=\"1080\" src=\"https:\/\/treelofts.com\/wp-content\/uploads\/2025\/02\/Tree-Climber-7.jpg\" class=\"bg attachment-original size-original\" alt=\"\" title=\"\">                        <div class=\"overlay\"><\/div>            \n                    <\/div>\n\t\t\n        <div class=\"banner-layers container\">\n            <div class=\"fill banner-link\"><\/div>            \n\n   <div id=\"text-box-1324569569\" class=\"text-box banner-layer x50 md-x50 lg-x50 y50 md-y50 lg-y50 res-text\">\n                                <div class=\"text-box-content text dark\">\n              \n              <div class=\"text-inner text-center\">\n                  \n\n<p>Hagamos realidad su visi\u00f3n<\/p>\n<h2><strong>Creando casas en los \u00e1rboles de ensue\u00f1o desde 2013<\/strong><\/h2>\n<a href=\"https:\/\/treelofts.com\/es\/contacto\/\" class=\"button white is-outline\"  >\n\t\t<span>comience hoy mismo su viaje a la casa del \u00e1rbol<\/span>\n\t<\/a>\n\n\n\n              <\/div>\n           <\/div>\n                            \n<style>\n#text-box-1324569569 {\n  width: 60%;\n}\n#text-box-1324569569 .text-box-content {\n  font-size: 100%;\n}\n<\/style>\n    <\/div>\n \n\n        <\/div>\n      <\/div>\n\n            \n<style>\n#banner-977847133 {\n  padding-top: 350px;\n}\n#banner-977847133 .overlay {\n  background-color: rgba(0, 0, 0, 0.17);\n}\n#banner-977847133 .banner-bg img {\n  object-position: 48% 28%;\n}\n<\/style>\n  <\/div>\n\n\n<div class=\"woocommerce columns-4\"><\/div>\n\n<div class=\"row\"  id=\"row-462826773\">\n\n\n\n<\/div>","protected":false},"excerpt":{"rendered":"","protected":false},"author":5,"featured_media":0,"parent":0,"menu_order":0,"comment_status":"closed","ping_status":"closed","template":"","meta":{"footnotes":""},"class_list":["post-1064","page","type-page","status-publish","hentry"],"_links":{"self":[{"href":"https:\/\/treelofts.com\/es\/wp-json\/wp\/v2\/pages\/1064","targetHints":{"allow":["GET"]}}],"collection":[{"href":"https:\/\/treelofts.com\/es\/wp-json\/wp\/v2\/pages"}],"about":[{"href":"https:\/\/treelofts.com\/es\/wp-json\/wp\/v2\/types\/page"}],"author":[{"embeddable":true,"href":"https:\/\/treelofts.com\/es\/wp-json\/wp\/v2\/users\/5"}],"replies":[{"embeddable":true,"href":"https:\/\/treelofts.com\/es\/wp-json\/wp\/v2\/comments?post=1064"}],"version-history":[{"count":0,"href":"https:\/\/treelofts.com\/es\/wp-json\/wp\/v2\/pages\/1064\/revisions"}],"wp:attachment":[{"href":"https:\/\/treelofts.com\/es\/wp-json\/wp\/v2\/media?parent=1064"}],"curies":[{"name":"wp","href":"https:\/\/api.w.org\/{rel}","templated":true}]}}