{"id":1131,"date":"2025-02-11T20:22:20","date_gmt":"2025-02-12T04:22:20","guid":{"rendered":"https:\/\/azh5n13ivf.onrocket.site\/?page_id=1131"},"modified":"2025-02-13T19:29:52","modified_gmt":"2025-02-14T03:29:52","slug":"cartera-de-la-casa-del-arbol","status":"publish","type":"page","link":"https:\/\/treelofts.com\/es\/cartera-de-la-casa-del-arbol\/","title":{"rendered":"Ver la cartera"},"content":{"rendered":"<section class=\"section dark has-parallax\" id=\"section_767090000\">\n\t\t<div class=\"section-bg fill\" data-parallax-container=\".section\" data-parallax-background data-parallax=\"-7\">\n\t\t\t<img decoding=\"async\" width=\"1024\" height=\"683\" src=\"https:\/\/treelofts.com\/wp-content\/uploads\/2025\/02\/Enchanted-Treehouses-3.jpg\" class=\"bg attachment- size-\" alt=\"\" title=\"\">\t\t\t\t\t\t<div class=\"section-bg-overlay absolute fill\"><\/div>\n\t\t\t\n\n\t\t<\/div>\n\n\t\t\n\n\t\t<div class=\"section-content relative\">\n\t\t\t\n\n\t<div id=\"gap-1906123538\" class=\"gap-element clearfix\" style=\"display:block; height:auto;\">\n\t\t\n<style>\n#gap-1906123538 {\n  padding-top: 30px;\n}\n<\/style>\n\t<\/div>\n\t\n\n<div class=\"row align-center\"  id=\"row-412029412\">\n\n\n\t<div id=\"col-1707317320\" class=\"col medium-10 small-12 large-11\"  >\n\t\t\t\t<div class=\"col-inner text-center\"  >\n\t\t\t\n\t\t\t\n\n<h3>Explore nuestros proyectos de casas en \u00e1rboles m\u00e1s inspiradores<\/h3>\n\t<div id=\"text-314312773\" class=\"text\">\n\t\t\n\n<h1><strong>Cartera de Treehouse<\/strong><\/h1>\n\t\t\n<style>\n#text-314312773 {\n  font-size: 2rem;\n}\n<\/style>\n\t<\/div>\n\t\n<p>Las casas en los \u00e1rboles son escapadas encantadoras, refugios tranquilos y escondites atrevidos, no s\u00f3lo plataformas de madera en el bosque. No hay l\u00edmites a lo que una casa en un \u00e1rbol puede llegar a ser: \u00bfsue\u00f1a con un alquiler de alta gama en la copa de un \u00e1rbol, una casa club en el patio trasero para los ni\u00f1os o un interesante proyecto comercial de casa en un \u00e1rbol? Desde dise\u00f1os b\u00e1sicos y utilitarios hasta complejas obras maestras de varios niveles, nuestra galer\u00eda ofrece un amplio espectro de formas de casas en los \u00e1rboles.<\/p>\n<a href=\"https:\/\/treelofts.com\/es\/contacto\/\" class=\"button primary\"  style=\"border-radius:22px;padding:5px 25px 5px 25px;\">\n\t\t<span>comience hoy mismo su viaje a la casa del \u00e1rbol<\/span>\n\t<\/a>\n\n\n\n\t\t<\/div>\n\t\t\t\t\t<\/div>\n\n\t\n\n<\/div>\n\n\t\t<\/div>\n\n\t\t\n<style>\n#section_767090000 {\n  padding-top: 30px;\n  padding-bottom: 30px;\n  min-height: 500px;\n}\n#section_767090000 .section-bg-overlay {\n  background-color: rgba(0,0,0,.5);\n}\n#section_767090000 .section-bg img {\n  object-position: 47% 100%;\n}\n@media (min-width:550px) {\n  #section_767090000 {\n    min-height: 600px;\n  }\n  #section_767090000 .section-bg-overlay {\n    background-color: rgba(0, 0, 0, 0.09);\n  }\n}\n@media (min-width:850px) {\n  #section_767090000 .section-bg-overlay {\n    background-color: rgba(0,0,0,.5);\n  }\n}\n<\/style>\n\t<\/section>\n\t\n\n\t<section class=\"section\" id=\"section_747374404\">\n\t\t<div class=\"section-bg fill\" >\n\t\t\t\t\t\t\t\t\t\n\t\t\t\n\n\t\t<\/div>\n\n\t\t\n\n\t\t<div class=\"section-content relative\">\n\t\t\t\n\n\t<div id=\"gap-2128204814\" class=\"gap-element clearfix\" style=\"display:block; height:auto;\">\n\t\t\n<style>\n#gap-2128204814 {\n  padding-top: 30px;\n}\n<\/style>\n\t<\/div>\n\t\n\n<div class=\"row align-center\"  id=\"row-146611165\">\n\n\n\t<div id=\"col-345097881\" class=\"col medium-10 small-12 large-9\"  >\n\t\t\t\t<div class=\"col-inner text-center\"  >\n\t\t\t\n\t\t\t\n\n<p>En nuestra opini\u00f3n, cada casa en el \u00e1rbol debe reflejar el estilo y el objetivo individuales del propietario. Algunas est\u00e1n pensadas para el placer, otras para el ocio y otras para una empresa comercial a tiempo completo. Estos proyectos destacados te inspirar\u00e1n y har\u00e1n realidad tus ideas de casa en el \u00e1rbol, veas lo que veas.<\/p>\n\n\t\t<\/div>\n\t\t\t\t\t<\/div>\n\n\t\n\n<\/div>\n\n\t\t<\/div>\n\n\t\t\n<style>\n#section_747374404 {\n  padding-top: 20px;\n  padding-bottom: 20px;\n}\n@media (min-width:550px) {\n  #section_747374404 {\n    padding-top: 20px;\n    padding-bottom: 20px;\n  }\n}\n<\/style>\n\t<\/section>\n\t\n\n\t<section class=\"section\" id=\"section_668970437\">\n\t\t<div class=\"section-bg fill\" >\n\t\t\t\t\t\t\t\t\t\n\t\t\t\n\n\t\t<\/div>\n\n\t\t\n\n\t\t<div class=\"section-content relative\">\n\t\t\t\n\n<div class=\"row row-large\" style=\"max-width:1400px\" id=\"row-407569301\">\n\n\n\t<div id=\"col-1180771260\" class=\"col medium-6 small-12 large-6\"  >\n\t\t\t\t<div class=\"col-inner\"  >\n\t\t\t\n\t\t\t\n\n\t<div class=\"box has-hover   has-hover box-text-bottom\" >\n\n\t\t<div class=\"box-image\" >\n\t\t\t<a href=\"https:\/\/treelofts.com\/es\/la-casa-club-treehouses\/\" >\t\t\t<div class=\"image-zoom image-cover\" style=\"padding-top:56.25%;\">\n\t\t\t\t<img decoding=\"async\" width=\"683\" height=\"1024\" src=\"https:\/\/treelofts.com\/wp-content\/uploads\/2025\/02\/How-to-Build-a-Modern-Tree-House-Step-by-Step-Compliance-with-2024-Building-Codes-2.jpg\" class=\"attachment- size-\" alt=\"\" srcset=\"https:\/\/treelofts.com\/wp-content\/uploads\/2025\/02\/How-to-Build-a-Modern-Tree-House-Step-by-Step-Compliance-with-2024-Building-Codes-2.jpg 683w, https:\/\/treelofts.com\/wp-content\/uploads\/2025\/02\/How-to-Build-a-Modern-Tree-House-Step-by-Step-Compliance-with-2024-Building-Codes-2-267x400.jpg 267w, https:\/\/treelofts.com\/wp-content\/uploads\/2025\/02\/How-to-Build-a-Modern-Tree-House-Step-by-Step-Compliance-with-2024-Building-Codes-2-534x800.jpg 534w\" sizes=\"(max-width: 683px) 100vw, 683px\" title=\"\">\t\t\t\t\t\t\t\t\t\t\t<\/div>\n\t\t\t<\/a>\t\t<\/div>\n\n\t\t<div class=\"box-text text-center\" >\n\t\t\t<div class=\"box-text-inner\">\n\t\t\t\t\n\n<h6>Cl\u00e1sico y atemporal<\/h6>\n<h3><strong><span style=\"font-size: 150%;\">La Casa Club Treehouses<\/span><\/strong><\/h3>\n\t<div id=\"gap-883968487\" class=\"gap-element clearfix\" style=\"display:block; height:auto;\">\n\t\t\n<style>\n#gap-883968487 {\n  padding-top: 10px;\n}\n<\/style>\n\t<\/div>\n\t\n\n<p style=\"text-align: left;\">Una casa de \u00e1rbol cl\u00e1sica tiene una cualidad nost\u00e1lgica y \u00fanica. Construidas para la diversi\u00f3n, la aventura y las experiencias de toda una vida, estas casas en los \u00e1rboles son ideales para cualquier adici\u00f3n al patio trasero.<\/p>\n<p style=\"text-align: left;\">En las casas club para \u00e1rboles abundan las plataformas espaciosas, las entradas imaginativas y los elementos caprichosos, como escaleras de cuerda, toboganes y torres de observaci\u00f3n. Estas casas en los \u00e1rboles ofrecen una construcci\u00f3n s\u00f3lida y equilibrada y devuelven la emoci\u00f3n de la exploraci\u00f3n en la infancia, ya sean un lugar para que los ni\u00f1os pasen el rato o un c\u00f3modo escondite para reunirse en familia.<\/p>\n<a href=\"https:\/\/treelofts.com\/es\/la-casa-club-treehouses\/\" target=\"_blank\" class=\"button primary is-underline box-shadow-1-hover\" rel=\"noopener\"  >\n\t\t<span>ver m\u00e1s<\/span>\n\t<\/a>\n\n\n\n\t\t\t<\/div>\n\t\t<\/div>\n\t<\/div>\n\t\n\t<div class=\"box has-hover   has-hover box-text-bottom\" >\n\n\t\t<div class=\"box-image\" >\n\t\t\t<a href=\"https:\/\/treelofts.com\/es\/rental-and-retreat-treehouses\/\" >\t\t\t<div class=\"image-zoom image-cover\" style=\"padding-top:56.25%;\">\n\t\t\t\t<img decoding=\"async\" width=\"1242\" height=\"1656\" src=\"https:\/\/treelofts.com\/wp-content\/uploads\/2025\/02\/Tree-House-1.jpeg\" class=\"attachment- size-\" alt=\"\" srcset=\"https:\/\/treelofts.com\/wp-content\/uploads\/2025\/02\/Tree-House-1.jpeg 1242w, https:\/\/treelofts.com\/wp-content\/uploads\/2025\/02\/Tree-House-1-300x400.jpeg 300w, https:\/\/treelofts.com\/wp-content\/uploads\/2025\/02\/Tree-House-1-600x800.jpeg 600w, https:\/\/treelofts.com\/wp-content\/uploads\/2025\/02\/Tree-House-1-768x1024.jpeg 768w, https:\/\/treelofts.com\/wp-content\/uploads\/2025\/02\/Tree-House-1-1152x1536.jpeg 1152w, https:\/\/treelofts.com\/wp-content\/uploads\/2025\/02\/Tree-House-1-1000x1333.jpeg 1000w\" sizes=\"(max-width: 1242px) 100vw, 1242px\" title=\"\">\t\t\t\t\t\t\t\t\t\t\t<\/div>\n\t\t\t<\/a>\t\t<\/div>\n\n\t\t<div class=\"box-text text-center\" >\n\t\t\t<div class=\"box-text-inner\">\n\t\t\t\t\n\n<h6>Confort y naturaleza<\/h6>\n<h3><strong><span style=\"font-size: 150%;\">Casas en los \u00e1rboles estilo retiro<\/span><\/strong><\/h3>\n\t<div id=\"gap-1809687550\" class=\"gap-element clearfix\" style=\"display:block; height:auto;\">\n\t\t\n<style>\n#gap-1809687550 {\n  padding-top: 10px;\n}\n<\/style>\n\t<\/div>\n\t\n\n<p style=\"text-align: left;\">Imag\u00ednese que se despierta con una magn\u00edfica vista de la copa de un \u00e1rbol, los p\u00e1jaros p\u00edan a lo lejos y la luz del sol se cuela entre el follaje. Combinando el confort moderno con la aventura r\u00fastica, las casas en los \u00e1rboles de estilo retiro est\u00e1n pensadas para que los hu\u00e9spedes disfruten de un incre\u00edble viaje a la naturaleza.<\/p>\n<p style=\"text-align: left;\">Estas casas en los \u00e1rboles incluyen elementos de primer orden, como ventanas panor\u00e1micas, c\u00f3modas zonas interiores y amplias terrazas de recreo. Muchas de ellas cuentan con lujos como hamacas, fogones e incluso ba\u00f1eras privadas al aire libre. Tanto si se utilizan para glamping como para retiros ecol\u00f3gicos, estas casas en los \u00e1rboles atraen a visitantes que buscan algo diferente y envolvente.<\/p>\n<a href=\"https:\/\/treelofts.com\/es\/rental-and-retreat-treehouses\/\" target=\"_blank\" class=\"button primary is-underline box-shadow-1-hover\" rel=\"noopener\"  >\n\t\t<span>ver m\u00e1s<\/span>\n\t<\/a>\n\n\n\n\t\t\t<\/div>\n\t\t<\/div>\n\t<\/div>\n\t\n\t<div class=\"box has-hover   has-hover box-text-bottom\" >\n\n\t\t<div class=\"box-image\" >\n\t\t\t<a href=\"https:\/\/treelofts.com\/es\/alcorques-comerciales\/\" >\t\t\t<div class=\"image-zoom image-cover\" style=\"padding-top:56.25%;\">\n\t\t\t\t<img decoding=\"async\" width=\"1024\" height=\"683\" src=\"https:\/\/treelofts.com\/wp-content\/uploads\/2025\/02\/Tree-House-119.jpg\" class=\"attachment- size-\" alt=\"\" srcset=\"https:\/\/treelofts.com\/wp-content\/uploads\/2025\/02\/Tree-House-119.jpg 1024w, https:\/\/treelofts.com\/wp-content\/uploads\/2025\/02\/Tree-House-119-600x400.jpg 600w, https:\/\/treelofts.com\/wp-content\/uploads\/2025\/02\/Tree-House-119-768x512.jpg 768w, https:\/\/treelofts.com\/wp-content\/uploads\/2025\/02\/Tree-House-119-1000x667.jpg 1000w\" sizes=\"(max-width: 1024px) 100vw, 1024px\" title=\"\">\t\t\t\t\t\t\t\t\t\t\t<\/div>\n\t\t\t<\/a>\t\t<\/div>\n\n\t\t<div class=\"box-text text-center\" >\n\t\t\t<div class=\"box-text-inner\">\n\t\t\t\t\n\n<h6>Llevar los negocios a las copas de los \u00e1rboles<\/h6>\n<h3><strong><span style=\"font-size: 150%;\">Proyectos comerciales de casas en los \u00e1rboles<\/span><\/strong><\/h3>\n\t<div id=\"gap-706318913\" class=\"gap-element clearfix\" style=\"display:block; height:auto;\">\n\t\t\n<style>\n#gap-706318913 {\n  padding-top: 10px;\n}\n<\/style>\n\t<\/div>\n\t\n\n<p style=\"text-align: left;\">Las casas en los \u00e1rboles no son s\u00f3lo para uso personal, sino tambi\u00e9n una perspectiva comercial rentable. Nuestros proyectos comerciales de casas en \u00e1rboles, que ofrecen a los hu\u00e9spedes una experiencia natural incre\u00edble, est\u00e1n pensados para complejos tur\u00edsticos, parques de aventura, restaurantes y lugares para eventos.<\/p>\n<p style=\"text-align: left;\">La durabilidad, la accesibilidad y la comodidad de los visitantes son las principales preocupaciones a la hora de dise\u00f1ar estas grandes casas en los \u00e1rboles. Desde una caba\u00f1a con varias habitaciones a un comedor en el bosque, pasando por una suite de hotel de alta gama en la copa de un \u00e1rbol, estas casas en los \u00e1rboles combinan la brillantez de la ingenier\u00eda con un dise\u00f1o asombroso.<\/p>\n<p style=\"text-align: left;\">Perfectas para empresas que quieren crear un refugio \u00fanico en la naturaleza, muchas casas en los \u00e1rboles comerciales tambi\u00e9n ofrecen pasarelas, puentes giratorios y salones al aire libre.<\/p>\n<a href=\"https:\/\/treelofts.com\/es\/alcorques-comerciales\/\" target=\"_blank\" class=\"button primary is-underline box-shadow-1-hover\" rel=\"noopener\"  >\n\t\t<span>ver m\u00e1s<\/span>\n\t<\/a>\n\n\n\n\t\t\t<\/div>\n\t\t<\/div>\n\t<\/div>\n\t\n\n\t\t<\/div>\n\t\t\t\t\t<\/div>\n\n\t\n\n\t<div id=\"col-1944840881\" class=\"col medium-6 small-12 large-6\"  >\n\t\t\t\t<div class=\"col-inner\"  >\n\t\t\t\n\t\t\t\n\n\t<div class=\"box has-hover   has-hover box-text-bottom\" >\n\n\t\t<div class=\"box-image\" >\n\t\t\t<a href=\"https:\/\/treelofts.com\/es\/casas-de-arbol-basicas\/\" >\t\t\t<div class=\"image-zoom image-cover\" style=\"padding-top:56.25%;\">\n\t\t\t\t<img decoding=\"async\" width=\"1024\" height=\"683\" src=\"https:\/\/treelofts.com\/wp-content\/uploads\/2025\/02\/How-to-Build-a-Modern-Tree-House-Step-by-Step-Compliance-with-2024-Building-Codes-1.jpg\" class=\"attachment- size-\" alt=\"\" srcset=\"https:\/\/treelofts.com\/wp-content\/uploads\/2025\/02\/How-to-Build-a-Modern-Tree-House-Step-by-Step-Compliance-with-2024-Building-Codes-1.jpg 1024w, https:\/\/treelofts.com\/wp-content\/uploads\/2025\/02\/How-to-Build-a-Modern-Tree-House-Step-by-Step-Compliance-with-2024-Building-Codes-1-600x400.jpg 600w, https:\/\/treelofts.com\/wp-content\/uploads\/2025\/02\/How-to-Build-a-Modern-Tree-House-Step-by-Step-Compliance-with-2024-Building-Codes-1-768x512.jpg 768w, https:\/\/treelofts.com\/wp-content\/uploads\/2025\/02\/How-to-Build-a-Modern-Tree-House-Step-by-Step-Compliance-with-2024-Building-Codes-1-1000x667.jpg 1000w\" sizes=\"(max-width: 1024px) 100vw, 1024px\" title=\"\">\t\t\t\t\t\t\t\t\t\t\t<\/div>\n\t\t\t<\/a>\t\t<\/div>\n\n\t\t<div class=\"box-text text-center\" >\n\t\t\t<div class=\"box-text-inner\">\n\t\t\t\t\n\n<h6>Sencillo pero m\u00e1gico<\/h6>\n<h3><strong><span style=\"font-size: 150%;\">Casas del \u00e1rbol b\u00e1sicas personalizadas<\/span><\/strong><\/h3>\n\t<div id=\"gap-363614446\" class=\"gap-element clearfix\" style=\"display:block; height:auto;\">\n\t\t\n<style>\n#gap-363614446 {\n  padding-top: 10px;\n}\n<\/style>\n\t<\/div>\n\t\n\n<p style=\"text-align: left;\">No todas las casas de \u00e1rbol deben ser lujosas para ser notables. Las casas de \u00e1rbol b\u00e1sicas personalizadas destacan por su sencillez, robustez y atractivo cl\u00e1sico. Las familias que desean un lugar c\u00f3modo escondido en el bosque, as\u00ed como los constructores de bricolaje en busca de una empresa divertida y razonable encontrar\u00e1n estos ideales.<\/p>\n<p style=\"text-align: left;\">Estas casas en los \u00e1rboles, a menudo construidas con una sola plataforma y con materiales robustos y naturales que encajan con el entorno, ya est\u00e9n encaramadas en lo alto de los \u00e1rboles o justo sobre el suelo, demuestran que incluso los dise\u00f1os m\u00e1s b\u00e1sicos pueden hacernos muy felices.<\/p>\n<a href=\"https:\/\/treelofts.com\/es\/casas-de-arbol-basicas\/\" target=\"_blank\" class=\"button primary is-underline box-shadow-1-hover\" rel=\"noopener\"  >\n\t\t<span>ver m\u00e1s<\/span>\n\t<\/a>\n\n\n\n\t\t\t<\/div>\n\t\t<\/div>\n\t<\/div>\n\t\n\t<div class=\"box has-hover   has-hover box-text-bottom\" >\n\n\t\t<div class=\"box-image\" >\n\t\t\t<a href=\"https:\/\/treelofts.com\/es\/casas-en-los-arboles-residenciales-avanzadas\/\" >\t\t\t<div class=\"image-zoom image-cover\" style=\"padding-top:56.25%;\">\n\t\t\t\t<img decoding=\"async\" width=\"474\" height=\"474\" src=\"https:\/\/treelofts.com\/wp-content\/uploads\/2025\/02\/Treehouse-Designs.jpg\" class=\"attachment- size-\" alt=\"\" srcset=\"https:\/\/treelofts.com\/wp-content\/uploads\/2025\/02\/Treehouse-Designs.jpg 474w, https:\/\/treelofts.com\/wp-content\/uploads\/2025\/02\/Treehouse-Designs-400x400.jpg 400w, https:\/\/treelofts.com\/wp-content\/uploads\/2025\/02\/Treehouse-Designs-280x280.jpg 280w, https:\/\/treelofts.com\/wp-content\/uploads\/2025\/02\/Treehouse-Designs-100x100.jpg 100w\" sizes=\"(max-width: 474px) 100vw, 474px\" title=\"\">\t\t\t\t\t\t\t\t\t\t\t<\/div>\n\t\t\t<\/a>\t\t<\/div>\n\n\t\t<div class=\"box-text text-center\" >\n\t\t\t<div class=\"box-text-inner\">\n\t\t\t\t\n\n<h6>Dise\u00f1ado para impresionar<\/h6>\n<h3><strong><span style=\"font-size: 150%;\">Casas del \u00e1rbol avanzadas y personalizadas<\/span><\/strong><\/h3>\n\t<div id=\"gap-2035110418\" class=\"gap-element clearfix\" style=\"display:block; height:auto;\">\n\t\t\n<style>\n#gap-2035110418 {\n  padding-top: 10px;\n}\n<\/style>\n\t<\/div>\n\t\n\n<p style=\"text-align: left;\">Las avanzadas casas en los \u00e1rboles personalizadas llevan la vida en las copas de los \u00e1rboles a un nuevo nivel para quienes disfrutan con las grandes ideas y el ingenio audaz. Estas construcciones son \u00fanicas por sus elementos arquitect\u00f3nicos art\u00edsticos, sus complejas escaleras y sus plataformas multinivel que las hacen \u00fanicas.<\/p>\n<p>\u00a0<\/p>\n<p style=\"text-align: left;\">Estas casas en los \u00e1rboles, que van desde una sala de estar octogonal a un desv\u00e1n secreto para observar las estrellas o un puente flotante que une dos \u00e1rboles, se crean con un dise\u00f1o h\u00e1bil y una mano de obra exquisita. Cada proyecto ampl\u00eda los l\u00edmites de lo factible para producir piezas de arte asombrosas y \u00fatiles por encima de la tierra.<\/p>\n<a href=\"https:\/\/treelofts.com\/es\/casas-en-los-arboles-residenciales-avanzadas\/\" target=\"_blank\" class=\"button primary is-underline box-shadow-1-hover\" rel=\"noopener\"  >\n\t\t<span>ver m\u00e1s<\/span>\n\t<\/a>\n\n\n\n\t\t\t<\/div>\n\t\t<\/div>\n\t<\/div>\n\t\n\t<div class=\"box has-hover   has-hover box-text-bottom\" >\n\n\t\t<div class=\"box-image\" >\n\t\t\t<a href=\"https:\/\/treelofts.com\/es\/casas-en-los-arboles-playscape\/\" >\t\t\t<div class=\"image-zoom image-cover\" style=\"padding-top:56.25%;\">\n\t\t\t\t<img decoding=\"async\" width=\"1024\" height=\"586\" src=\"https:\/\/treelofts.com\/wp-content\/uploads\/2025\/02\/Tree-House-1.jpg\" class=\"attachment- size-\" alt=\"\" srcset=\"https:\/\/treelofts.com\/wp-content\/uploads\/2025\/02\/Tree-House-1.jpg 1024w, https:\/\/treelofts.com\/wp-content\/uploads\/2025\/02\/Tree-House-1-699x400.jpg 699w, https:\/\/treelofts.com\/wp-content\/uploads\/2025\/02\/Tree-House-1-768x440.jpg 768w, https:\/\/treelofts.com\/wp-content\/uploads\/2025\/02\/Tree-House-1-1000x572.jpg 1000w\" sizes=\"(max-width: 1024px) 100vw, 1024px\" title=\"\">\t\t\t\t\t\t\t\t\t\t\t<\/div>\n\t\t\t<\/a>\t\t<\/div>\n\n\t\t<div class=\"box-text text-center\" >\n\t\t\t<div class=\"box-text-inner\">\n\t\t\t\t\n\n<h6>Aventura para j\u00f3venes y j\u00f3venes de coraz\u00f3n<\/h6>\n<h3><strong><span style=\"font-size: 150%;\">Casitas de \u00e1rbol Playscape<\/span><\/strong><\/h3>\n\t<div id=\"gap-206323089\" class=\"gap-element clearfix\" style=\"display:block; height:auto;\">\n\t\t\n<style>\n#gap-206323089 {\n  padding-top: 10px;\n}\n<\/style>\n\t<\/div>\n\t\n\n<p style=\"text-align: left;\">Las casas en los \u00e1rboles Playscape son ideales para quienes piensan que las casas en los \u00e1rboles deben ser sin\u00f3nimo de diversi\u00f3n, emoci\u00f3n y descubrimiento. Dise\u00f1adas pensando en los ni\u00f1os (y en los adultos m\u00e1s atrevidos), convierten el patio trasero en una zona de aventuras repleta de acci\u00f3n.<\/p>\n<p style=\"text-align: left;\">Para fomentar el juego activo y la creatividad al aire libre, las casitas de \u00e1rbol de playscape suelen contar con puentes de cuerda, muros de escalada, toboganes, tirolinas y pasadizos secretos. La seguridad es lo primero; escaleras resistentes, plataformas reforzadas y barandillas seguras proporcionan muchas horas de diversi\u00f3n sin preocupaciones.<\/p>\n<p style=\"text-align: left;\">Una casa de \u00e1rbol playscape es una inversi\u00f3n en felicidad, imaginaci\u00f3n y aventura, ya sea la casa de juegos de sus sue\u00f1os para sus hijos o un espacio \u00fanico para actividades al aire libre.<\/p>\n<a href=\"https:\/\/treelofts.com\/es\/casas-en-los-arboles-playscape\/\" target=\"_blank\" class=\"button primary is-underline box-shadow-1-hover\" rel=\"noopener\"  >\n\t\t<span>ver m\u00e1s<\/span>\n\t<\/a>\n\n\n\n\t\t\t<\/div>\n\t\t<\/div>\n\t<\/div>\n\t\n\n\t\t<\/div>\n\t\t\t\t\t<\/div>\n\n\t\n\n\n<style>\n#row-407569301 > .col > .col-inner {\n  padding: 0px 0px 0px 0px;\n}\n<\/style>\n<\/div>\n\n\t\t<\/div>\n\n\t\t\n<style>\n#section_668970437 {\n  padding-top: 30px;\n  padding-bottom: 30px;\n}\n<\/style>\n\t<\/section>\n\t\n\n\t<section class=\"section dark has-parallax\" id=\"section_135721899\">\n\t\t<div class=\"section-bg fill\" data-parallax-container=\".section\" data-parallax-background data-parallax=\"-9\">\n\t\t\t<img decoding=\"async\" width=\"1024\" height=\"683\" src=\"https:\/\/treelofts.com\/wp-content\/uploads\/2025\/02\/Tree-House-109.jpg\" class=\"bg attachment- size-\" alt=\"\" title=\"\">\t\t\t\t\t\t<div class=\"section-bg-overlay absolute fill\"><\/div>\n\t\t\t\n\n\t\t<\/div>\n\n\t\t\n\n\t\t<div class=\"section-content relative\">\n\t\t\t\n\n\t<div id=\"gap-1524665429\" class=\"gap-element clearfix\" style=\"display:block; height:auto;\">\n\t\t\n<style>\n#gap-1524665429 {\n  padding-top: 30px;\n}\n<\/style>\n\t<\/div>\n\t\n\n<div class=\"row align-center\"  id=\"row-376026733\">\n\n\n\t<div id=\"col-11043622\" class=\"col medium-9 small-12 large-9\"  >\n\t\t\t\t<div class=\"col-inner text-center\"  >\n\t\t\t\n\t\t\t\n\n<p>Hagamos realidad su visi\u00f3n<\/p>\n\t<div id=\"text-3055318422\" class=\"text\">\n\t\t\n\n<h2><strong>Creando casas en los \u00e1rboles de ensue\u00f1o desde 2013<\/strong><\/h2>\n<p class=\"lead\">\u00a0<\/p>\n\t\t\n<style>\n#text-3055318422 {\n  font-size: 1.5rem;\n}\n<\/style>\n\t<\/div>\n\t\n<a href=\"https:\/\/treelofts.com\/es\/contacto\/\" class=\"button primary\"  style=\"border-radius:22px;\">\n\t\t<span>comience hoy mismo su viaje a la casa del \u00e1rbol<\/span>\n\t<\/a>\n\n\n\n\t\t<\/div>\n\t\t\t\t\t<\/div>\n\n\t\n\n<\/div>\n\n\t\t<\/div>\n\n\t\t\n<style>\n#section_135721899 {\n  padding-top: 30px;\n  padding-bottom: 30px;\n  min-height: 300px;\n  background-color: rgb(0, 0, 0);\n}\n#section_135721899 .section-bg-overlay {\n  background-color: rgba(0, 0, 0, 0.01);\n}\n#section_135721899 .section-bg img {\n  object-position: 59% 0%;\n}\n@media (min-width:550px) {\n  #section_135721899 {\n    min-height: 400px;\n  }\n}\n<\/style>\n\t<\/section>\n\t\n<div class=\"woocommerce columns-4\"><\/div>\n\n<div class=\"row\"  id=\"row-1763903815\">\n\n\n\n<\/div>","protected":false},"excerpt":{"rendered":"","protected":false},"author":5,"featured_media":0,"parent":0,"menu_order":0,"comment_status":"closed","ping_status":"closed","template":"","meta":{"footnotes":""},"class_list":["post-1131","page","type-page","status-publish","hentry"],"_links":{"self":[{"href":"https:\/\/treelofts.com\/es\/wp-json\/wp\/v2\/pages\/1131","targetHints":{"allow":["GET"]}}],"collection":[{"href":"https:\/\/treelofts.com\/es\/wp-json\/wp\/v2\/pages"}],"about":[{"href":"https:\/\/treelofts.com\/es\/wp-json\/wp\/v2\/types\/page"}],"author":[{"embeddable":true,"href":"https:\/\/treelofts.com\/es\/wp-json\/wp\/v2\/users\/5"}],"replies":[{"embeddable":true,"href":"https:\/\/treelofts.com\/es\/wp-json\/wp\/v2\/comments?post=1131"}],"version-history":[{"count":0,"href":"https:\/\/treelofts.com\/es\/wp-json\/wp\/v2\/pages\/1131\/revisions"}],"wp:attachment":[{"href":"https:\/\/treelofts.com\/es\/wp-json\/wp\/v2\/media?parent=1131"}],"curies":[{"name":"wp","href":"https:\/\/api.w.org\/{rel}","templated":true}]}}