{"id":1165,"date":"2025-02-11T23:11:14","date_gmt":"2025-02-12T07:11:14","guid":{"rendered":"https:\/\/azh5n13ivf.onrocket.site\/?page_id=1165"},"modified":"2025-02-13T00:00:49","modified_gmt":"2025-02-13T08:00:49","slug":"opciones","status":"publish","type":"page","link":"https:\/\/treelofts.com\/es\/opciones\/","title":{"rendered":"Opciones"},"content":{"rendered":"<div class=\"banner has-hover\" id=\"banner-2087751949\">\n          <div class=\"banner-inner fill\">\n        <div class=\"banner-bg fill\" >\n            <img decoding=\"async\" width=\"1245\" height=\"1659\" src=\"https:\/\/treelofts.com\/wp-content\/uploads\/2025\/02\/Tree-House-2-1.webp\" class=\"bg attachment-original size-original\" alt=\"Por qu\u00e9 los resorts de lujo en casitas de \u00e1rbol son la nueva tendencia en viajes\" title=\"\">                        <div class=\"overlay\"><\/div>            \n                    <\/div>\n\t\t\n        <div class=\"banner-layers container\">\n            <div class=\"fill banner-link\"><\/div>            \n\n   <div id=\"text-box-490144674\" class=\"text-box banner-layer x50 md-x50 lg-x50 y50 md-y50 lg-y50 res-text\">\n                                <div class=\"text-box-content text dark\">\n              \n              <div class=\"text-inner text-center\">\n                  \n\n<h3>Personalice la casa del \u00e1rbol de sus sue\u00f1os<\/h3>\n<h1><strong>Accesorios y opciones<\/strong><\/h1>\n<p>Una casa en el \u00e1rbol es una escapada, una aventura, un escondite o incluso un lujoso complejo tur\u00edstico, no s\u00f3lo una construcci\u00f3n en el bosque. Los accesorios adecuados transformar\u00e1n la casa del \u00e1rbol b\u00e1sica de su patio trasero de simple a asombrosa, tanto si su dise\u00f1o requiere una magn\u00edfica escapada a la copa de un \u00e1rbol. Imag\u00ednese incluir muros de escalada, c\u00f3modas hamacas, puentes colgantes e incluso trampillas secretas: cada aspecto convertir\u00e1 su casa del \u00e1rbol en un entorno \u00fanico. Con tantas opciones, puede crear un refugio en la copa de un \u00e1rbol que capte su creatividad, sus necesidades y su sentido de la diversi\u00f3n.<\/p>\n<a href=\"https:\/\/treelofts.com\/es\/contacto\/\" class=\"button primary is-underline\"  >\n\t\t<span>comience hoy mismo su viaje a la casa del \u00e1rbol<\/span>\n\t<\/a>\n\n\n\n              <\/div>\n           <\/div>\n                            \n<style>\n#text-box-490144674 {\n  width: 84%;\n}\n#text-box-490144674 .text-box-content {\n  font-size: 100%;\n}\n<\/style>\n    <\/div>\n \n\n        <\/div>\n      <\/div>\n\n            \n<style>\n#banner-2087751949 {\n  padding-top: 688px;\n}\n#banner-2087751949 .overlay {\n  background-color: rgba(0,0,0,.5);\n}\n#banner-2087751949 .banner-bg img {\n  object-position: 48% 58%;\n}\n@media (min-width:550px) {\n  #banner-2087751949 {\n    padding-top: 800px;\n  }\n}\n<\/style>\n  <\/div>\n\n\n\n\t<section class=\"section\" id=\"section_164381768\">\n\t\t<div class=\"section-bg fill\" >\n\t\t\t\t\t\t\t\t\t\n\t\t\t\n\n\t\t<\/div>\n\n\t\t\n\n\t\t<div class=\"section-content relative\">\n\t\t\t\n\n\t<div id=\"gap-1377538523\" class=\"gap-element clearfix\" style=\"display:block; height:auto;\">\n\t\t\n<style>\n#gap-1377538523 {\n  padding-top: 30px;\n}\n<\/style>\n\t<\/div>\n\t\n\n<div class=\"row align-center\"  id=\"row-1160130931\">\n\n\n\t<div id=\"col-176437353\" class=\"col medium-10 small-12 large-11\"  >\n\t\t\t\t<div class=\"col-inner text-center\"  >\n\t\t\t\n\t\t\t\n\n<h6>Juego y emoci\u00f3n en las copas de los \u00e1rboles<\/h6>\n<h2><strong><span style=\"font-size: 150%;\">Que sea una aventura<\/span><\/strong><\/h2>\n<p>Los complementos basados en la aventura son esenciales para todos los que piensan que las casas en los \u00e1rboles tienen que ser tan emocionantes como bellas. Los puentes de cuerda proporcionan movimiento y emoci\u00f3n, mejorando as\u00ed la aventura al estilo Indiana Jones que ofrece su casa del \u00e1rbol al caminar entre plataformas. Los muros de escalada y las redes de carga permiten a ni\u00f1os y adultos poner a prueba su agilidad y proporcionan un nuevo grado de diversi\u00f3n y desaf\u00edo. Instale un tobog\u00e1n o un poste de bombero para tener un enfoque \u00fanico de la salida de su casa del \u00e1rbol. Nada encarna mejor la aventura que descender con estilo desde las copas de los \u00e1rboles.<\/p>\n<p>Las tirolinas permiten deslizarse entre los \u00e1rboles o hasta la tierra con un subid\u00f3n de adrenalina, lo que aumenta la emoci\u00f3n de las casas en los \u00e1rboles. Ya sea un columpio de madera convencional, un enorme columpio de cuerda o un juguet\u00f3n columpio de neum\u00e1ticos suspendido de una fuerte rama, los columpios tambi\u00e9n son bastante sorprendentes. Incluir movimiento en su casa del \u00e1rbol le da m\u00e1s vida y combina ocio y diversi\u00f3n en uno.<\/p>\n<a href=\"https:\/\/treelofts.com\/es\/contacto\/\" target=\"_blank\" class=\"button primary is-underline box-shadow-1-hover\" rel=\"noopener\"  >\n\t\t<span>Contacto<\/span>\n\t<\/a>\n\n\n\n\t\t<\/div>\n\t\t\t\t\t<\/div>\n\n\t\n\n<\/div>\n\n\t\t<\/div>\n\n\t\t\n<style>\n#section_164381768 {\n  padding-top: 30px;\n  padding-bottom: 30px;\n}\n<\/style>\n\t<\/section>\n\t\n\n\t<section class=\"section\" id=\"section_1151743738\">\n\t\t<div class=\"section-bg fill\" >\n\t\t\t\t\t\t\t\t\t\n\t\t\t\n\n\t\t<\/div>\n\n\t\t\n\n\t\t<div class=\"section-content relative\">\n\t\t\t\n\n<div class=\"row row-large align-middle align-center\" style=\"max-width:1400px\" id=\"row-2068149918\">\n\n\n\t<div id=\"col-1461960167\" class=\"col medium-9 small-12 large-6\"  >\n\t\t\t\t<div class=\"col-inner\"  >\n\t\t\t\n\t\t\t\n\n\n  <div class=\"banner has-hover\" id=\"banner-2035043784\">\n          <div class=\"banner-inner fill\">\n        <div class=\"banner-bg fill\" >\n            <img decoding=\"async\" width=\"899\" height=\"1199\" src=\"https:\/\/treelofts.com\/wp-content\/uploads\/2025\/02\/tree-house-1-1.jpeg\" class=\"bg attachment-original size-original\" alt=\"\" title=\"\">                                    \n                    <\/div>\n\t\t\n        <div class=\"banner-layers container\">\n            <div class=\"fill banner-link\"><\/div>            \n\n   <div id=\"text-box-1949021614\" class=\"text-box banner-layer x50 md-x50 lg-x50 y50 md-y50 lg-y50 res-text\">\n                                <div class=\"text-box-content text dark\">\n              \n              <div class=\"text-inner text-center\">\n                  \n\n\n              <\/div>\n           <\/div>\n                            \n<style>\n#text-box-1949021614 {\n  width: 60%;\n}\n#text-box-1949021614 .text-box-content {\n  font-size: 100%;\n}\n@media (min-width:550px) {\n  #text-box-1949021614 {\n    width: 60%;\n  }\n}\n<\/style>\n    <\/div>\n \n\n        <\/div>\n      <\/div>\n\n            \n<style>\n#banner-2035043784 {\n  padding-top: 300px;\n}\n#banner-2035043784 .banner-bg img {\n  object-position: 49% 27%;\n}\n@media (min-width:850px) {\n  #banner-2035043784 {\n    padding-top: 70%;\n  }\n}\n<\/style>\n  <\/div>\n\n\n\n\t\t<\/div>\n\t\t\t\t\t<\/div>\n\n\t\n\n\t<div id=\"col-970249774\" class=\"col medium-9 small-12 large-6\"  >\n\t\t\t\t<div class=\"col-inner text-left\"  >\n\t\t\t\n\t\t\t\n\n<h6>Confort y habitabilidad<\/h6>\n<h3><strong><span style=\"font-size: 160%;\">Convi\u00e9rtelo en un refugio acogedor<\/span><\/strong><\/h3>\n<p>Una casa en el \u00e1rbol debe ser un lugar donde relajarse, descansar y disfrutar del entorno. Aunque ofrecen unas vistas incre\u00edbles de las copas de los \u00e1rboles o del cielo estrellado nocturno, las ventanas y claraboyas aportan luz natural y aire fresco. Perfectas para el caf\u00e9 matutino o el ocio nocturno, las terrazas y balcones exteriores permiten salir al aire libre y deleitarse con las vistas y los sonidos de la naturaleza. Si a\u00f1ade una hamaca o una silla colgante, crear\u00e1 al instante un refugio tranquilo y oscilante donde podr\u00e1 relajarse, echarse una siesta o simplemente saborear el momento.<\/p>\n<p>El aislamiento y la impermeabilizaci\u00f3n le ayudar\u00e1n a utilizar su casa del \u00e1rbol durante todo el a\u00f1o, manteniendo el calor en invierno y el frescor en verano. El aislamiento y las caracter\u00edsticas arquitect\u00f3nicas correctas har\u00e1n que su casa en el \u00e1rbol sea agradable en cualquier estaci\u00f3n, ya sea su refugio ideal para las noches fr\u00edas o un entorno al aire libre con brisa para los meses m\u00e1s c\u00e1lidos.<\/p>\n<a href=\"https:\/\/treelofts.com\/es\/contacto\/\" target=\"_blank\" class=\"button secondary is-link box-shadow-1-hover\" rel=\"noopener\"  >\n\t\t<span>Contacto<\/span>\n\t<i class=\"icon-angle-right\" aria-hidden=\"true\" ><\/i><\/a>\n\n\n\n\t\t<\/div>\n\t\t\t\t\n<style>\n#col-970249774 > .col-inner {\n  padding: 0px 0px 0px 0px;\n}\n@media (min-width:850px) {\n  #col-970249774 > .col-inner {\n    padding: 0px 50px 0px 50px;\n  }\n}\n<\/style>\n\t<\/div>\n\n\t\n\n<\/div>\n<div class=\"row row-large align-middle align-center\" style=\"max-width:1400px\" id=\"row-1483644928\">\n\n\n\t<div id=\"col-1002668571\" class=\"col medium-9 small-12 large-6\"  >\n\t\t\t\t<div class=\"col-inner text-left\"  >\n\t\t\t\n\t\t\t\n\n<h6>Complementos inteligentes para mayor comodidad<\/h6>\n<h3><strong><span style=\"font-size: 150%;\">Mejorar la funcionalidad<\/span><\/strong><\/h3>\n<p>Las casas en los \u00e1rboles deben ser \u00fatiles, aunque tambi\u00e9n pueden ser imaginativas y caprichosas. Un dise\u00f1o bien pensado incorpora elementos sensatos destinados a simplificar la vida. En lugar de trepar con las manos ocupadas, los sistemas de poleas y las cestas de cuerda permiten subir y bajar mercanc\u00edas, alimentos o incluso libros. Pr\u00e1ctico y entretenido, considere la delicia de recoger la comida de un picnic o bajar una cesta de juguetes para los ni\u00f1os que est\u00e1n abajo.<\/p>\n<p>Tras la puesta de sol, la iluminaci\u00f3n solar y las l\u00e1mparas a pilas mantienen la casa del \u00e1rbol bien iluminada, lo que aumenta su uso al anochecer. Una zona bien iluminada marca la diferencia tanto si vas a pasar la noche en la copa de un \u00e1rbol como si s\u00f3lo quieres disfrutar de la tranquilidad del atardecer. Tambi\u00e9n es crucial disponer de un acceso seguro y a la moda para llegar a tu casa del \u00e1rbol. Escaleras y pelda\u00f1os resistentes ofrecen un acceso seguro; las opciones van desde los tradicionales pelda\u00f1os de madera hasta escaleras de caracol o de cuerda para un ambiente m\u00e1s atrevido. En el interior, las ingeniosas opciones de almacenamiento y las sillas empotradas permiten mantener la organizaci\u00f3n sin sacrificar demasiado espacio.<\/p>\n<a href=\"https:\/\/treelofts.com\/es\/contacto\/\" target=\"_blank\" class=\"button secondary is-link box-shadow-1-hover\" rel=\"noopener\"  >\n\t\t<span>Contacto<\/span>\n\t<i class=\"icon-angle-right\" aria-hidden=\"true\" ><\/i><\/a>\n\n\n\n\t\t<\/div>\n\t\t\t\t\n<style>\n#col-1002668571 > .col-inner {\n  padding: 0px 0px 0px 0px;\n}\n@media (min-width:850px) {\n  #col-1002668571 > .col-inner {\n    padding: 0px 50px 0px 50px;\n  }\n}\n<\/style>\n\t<\/div>\n\n\t\n\n\t<div id=\"col-796280444\" class=\"col medium-9 small-12 large-6 medium-col-first\"  >\n\t\t\t\t<div class=\"col-inner\"  >\n\t\t\t\n\t\t\t\n\n\n  <div class=\"banner has-hover\" id=\"banner-190720766\">\n          <div class=\"banner-inner fill\">\n        <div class=\"banner-bg fill\" >\n            <img decoding=\"async\" width=\"1024\" height=\"1366\" src=\"https:\/\/treelofts.com\/wp-content\/uploads\/2025\/02\/Scandinavian-style-tree-house-3.webp\" class=\"bg attachment-original size-original\" alt=\"\" title=\"\">                                    \n                    <\/div>\n\t\t\n        <div class=\"banner-layers container\">\n            <div class=\"fill banner-link\"><\/div>            \n\n   <div id=\"text-box-1806399673\" class=\"text-box banner-layer x50 md-x50 lg-x50 y50 md-y50 lg-y50 res-text\">\n                                <div class=\"text-box-content text dark\">\n              \n              <div class=\"text-inner text-center\">\n                  \n\n\n              <\/div>\n           <\/div>\n                            \n<style>\n#text-box-1806399673 {\n  width: 60%;\n}\n#text-box-1806399673 .text-box-content {\n  font-size: 100%;\n}\n@media (min-width:550px) {\n  #text-box-1806399673 {\n    width: 60%;\n  }\n}\n<\/style>\n    <\/div>\n \n\n        <\/div>\n      <\/div>\n\n            \n<style>\n#banner-190720766 {\n  padding-top: 300px;\n}\n#banner-190720766 .banner-bg img {\n  object-position: 48% 68%;\n}\n@media (min-width:850px) {\n  #banner-190720766 {\n    padding-top: 83.28%;\n  }\n}\n<\/style>\n  <\/div>\n\n\n\n\t\t<\/div>\n\t\t\t\t\t<\/div>\n\n\t\n\n<\/div>\n\n\t\t<\/div>\n\n\t\t\n<style>\n#section_1151743738 {\n  padding-top: 0px;\n  padding-bottom: 0px;\n}\n<\/style>\n\t<\/section>\n\t\n\n\t<section class=\"section\" id=\"section_1705555858\">\n\t\t<div class=\"section-bg fill\" >\n\t\t\t\t\t\t\t\t\t\n\t\t\t\n\n\t\t<\/div>\n\n\t\t\n\n\t\t<div class=\"section-content relative\">\n\t\t\t\n\n<div class=\"row row-large align-middle align-center\" style=\"max-width:1400px\" id=\"row-1411227239\">\n\n\n\t<div id=\"col-539653812\" class=\"col medium-9 small-12 large-6\"  >\n\t\t\t\t<div class=\"col-inner\"  >\n\t\t\t\n\t\t\t\n\n\n  <div class=\"banner has-hover\" id=\"banner-93343872\">\n          <div class=\"banner-inner fill\">\n        <div class=\"banner-bg fill\" >\n            <img decoding=\"async\" width=\"1284\" height=\"1696\" src=\"https:\/\/treelofts.com\/wp-content\/uploads\/2025\/02\/Tree-House-Plans-6.webp\" class=\"bg attachment-original size-original\" alt=\"\" title=\"\">                                    \n                    <\/div>\n\t\t\n        <div class=\"banner-layers container\">\n            <div class=\"fill banner-link\"><\/div>            \n\n   <div id=\"text-box-193732892\" class=\"text-box banner-layer x50 md-x50 lg-x50 y50 md-y50 lg-y50 res-text\">\n                                <div class=\"text-box-content text dark\">\n              \n              <div class=\"text-inner text-center\">\n                  \n\n\n              <\/div>\n           <\/div>\n                            \n<style>\n#text-box-193732892 {\n  width: 60%;\n}\n#text-box-193732892 .text-box-content {\n  font-size: 100%;\n}\n@media (min-width:550px) {\n  #text-box-193732892 {\n    width: 60%;\n  }\n}\n<\/style>\n    <\/div>\n \n\n        <\/div>\n      <\/div>\n\n            \n<style>\n#banner-93343872 {\n  padding-top: 300px;\n}\n#banner-93343872 .banner-bg img {\n  object-position: 51% 0%;\n}\n@media (min-width:850px) {\n  #banner-93343872 {\n    padding-top: 68.7%;\n  }\n}\n<\/style>\n  <\/div>\n\n\n\n\t\t<\/div>\n\t\t\t\t\t<\/div>\n\n\t\n\n\t<div id=\"col-7999854\" class=\"col medium-9 small-12 large-6\"  >\n\t\t\t\t<div class=\"col-inner text-left\"  >\n\t\t\t\n\t\t\t\n\n<h6>Los peque\u00f1os detalles importan<\/h6>\n<h3><strong><span style=\"font-size: 150%;\">A\u00f1ada personalidad y toques \u00fanicos<\/span><\/strong><\/h3>\n<p>Una casa en el \u00e1rbol debe sentirse especialmente suya, y los toques innovadores y los elementos de personalizaci\u00f3n le ayudar\u00e1n a conseguirlo. Mientras que las molduras decorativas y las tallas de madera pueden aportar un aspecto r\u00fastico o extravagante, a\u00f1adir puertas y contraventanas a la casa del \u00e1rbol produce un encantador ambiente de caba\u00f1a. Tu casa del \u00e1rbol te sorprender\u00e1 con trampillas secretas, compartimentos secretos y acogedores espacios en el desv\u00e1n, con lo que aumentar\u00e1 su factor de emoci\u00f3n.<\/p>\n<p>Las decoraciones tem\u00e1ticas proporcionan a la habitaci\u00f3n m\u00e1s inspiraci\u00f3n creativa. Las posibilidades son innumerables: la casa del \u00e1rbol de un barco pirata con m\u00e1stil y barandillas de madera, una aldea de cuento de hadas con luces centelleantes y paredes cubiertas de hiedra, o un refugio en la selva con detalles de bamb\u00fa y enredaderas. Los r\u00f3tulos personalizados con nombres, citas o emblemas familiares aportan un \u00faltimo toque que distingue genuinamente la zona de las dem\u00e1s.<\/p>\n<a href=\"https:\/\/treelofts.com\/es\/contacto\/\" target=\"_blank\" class=\"button secondary is-link box-shadow-1-hover\" rel=\"noopener\"  >\n\t\t<span>Contacto<\/span>\n\t<i class=\"icon-angle-right\" aria-hidden=\"true\" ><\/i><\/a>\n\n\n\n\t\t<\/div>\n\t\t\t\t\n<style>\n#col-7999854 > .col-inner {\n  padding: 0px 0px 0px 0px;\n}\n@media (min-width:850px) {\n  #col-7999854 > .col-inner {\n    padding: 0px 50px 0px 50px;\n  }\n}\n<\/style>\n\t<\/div>\n\n\t\n\n<\/div>\n\n\t\t<\/div>\n\n\t\t\n<style>\n#section_1705555858 {\n  padding-top: 0px;\n  padding-bottom: 0px;\n}\n<\/style>\n\t<\/section>\n\t\n\n\t<section class=\"section\" id=\"section_1204504548\">\n\t\t<div class=\"section-bg fill\" >\n\t\t\t\t\t\t\t\t\t\n\t\t\t\n\n\t\t<\/div>\n\n\t\t\n\n\t\t<div class=\"section-content relative\">\n\t\t\t\n\n\t<div id=\"gap-1461289119\" class=\"gap-element clearfix\" style=\"display:block; height:auto;\">\n\t\t\n<style>\n#gap-1461289119 {\n  padding-top: 30px;\n}\n<\/style>\n\t<\/div>\n\t\n\n<div class=\"row align-center\"  id=\"row-1559813798\">\n\n\n\t<div id=\"col-1577794043\" class=\"col medium-10 small-12 large-11\"  >\n\t\t\t\t<div class=\"col-inner text-center\"  >\n\t\t\t\n\t\t\t\n\n\t<div id=\"text-3739262481\" class=\"text\">\n\t\t\n\n<h2 data-start=\"4591\" data-end=\"4624\"><strong data-start=\"4594\" data-end=\"4622\">Tu casa en el \u00e1rbol, a tu manera<\/strong><\/h2>\n\t\t\n<style>\n#text-3739262481 {\n  font-size: 1.63rem;\n}\n<\/style>\n\t<\/div>\n\t\n<p>Dos casas en un \u00e1rbol no deben ser exactamente iguales. Los accesorios y las decisiones de dise\u00f1o correctas pueden ayudarle a hacer realidad su idea, ya se trate de una escapada utilitaria al aire libre, un refugio tranquilo o un centro de aventuras lleno de acci\u00f3n. M\u00e1s que una simple construcci\u00f3n, una casa en el \u00e1rbol es una experiencia, unas vacaciones y una expresi\u00f3n creativa de lo que le produce placer. Empiece a dise\u00f1ar, investigue las opciones y cree una casa en el \u00e1rbol tan \u00fanica como su imaginaci\u00f3n.<\/p>\n<a href=\"https:\/\/treelofts.com\/es\/contacto\/\" target=\"_blank\" class=\"button primary is-underline box-shadow-1-hover\" rel=\"noopener\"  >\n\t\t<span>Contacto<\/span>\n\t<\/a>\n\n\n\n\t\t<\/div>\n\t\t\t\t\t<\/div>\n\n\t\n\n<\/div>\n\n\t\t<\/div>\n\n\t\t\n<style>\n#section_1204504548 {\n  padding-top: 30px;\n  padding-bottom: 30px;\n}\n<\/style>\n\t<\/section>\n\t\n\n  <div class=\"banner has-hover\" id=\"banner-888078381\">\n          <div class=\"banner-inner fill\">\n        <div class=\"banner-bg fill\" >\n            <img decoding=\"async\" width=\"1020\" height=\"681\" src=\"https:\/\/treelofts.com\/wp-content\/uploads\/2025\/02\/Build-the-perfect-treehouse-with-just-15K-budget-friendly-Treehouse-Kit-with-our-customer-examples-2.jpg\" class=\"bg attachment-large size-large\" alt=\"\" title=\"\">                        <div class=\"overlay\"><\/div>            \n                    <\/div>\n\t\t\n        <div class=\"banner-layers container\">\n            <div class=\"fill banner-link\"><\/div>            \n\n   <div id=\"text-box-402314414\" class=\"text-box banner-layer x50 md-x50 lg-x50 y50 md-y50 lg-y50 res-text\">\n                                <div class=\"text-box-content text dark\">\n              \n              <div class=\"text-inner text-center\">\n                  \n\n<p>Hagamos realidad su visi\u00f3n<\/p>\n<h2><strong>Creando casas en los \u00e1rboles de ensue\u00f1o desde 2013<\/strong><\/h2>\n<a href=\"https:\/\/treelofts.com\/es\/contacto\/\" class=\"button white is-outline\"  >\n\t\t<span>comience hoy mismo su viaje a la casa del \u00e1rbol<\/span>\n\t<\/a>\n\n\n\n              <\/div>\n           <\/div>\n                            \n<style>\n#text-box-402314414 {\n  width: 60%;\n}\n#text-box-402314414 .text-box-content {\n  font-size: 100%;\n}\n<\/style>\n    <\/div>\n \n\n        <\/div>\n      <\/div>\n\n            \n<style>\n#banner-888078381 {\n  padding-top: 350px;\n}\n#banner-888078381 .overlay {\n  background-color: rgba(0, 0, 0, 0.17);\n}\n#banner-888078381 .banner-bg img {\n  object-position: 51% 17%;\n}\n<\/style>\n  <\/div>\n\n\n<div class=\"woocommerce columns-4\"><\/div>\n\n<div class=\"row\"  id=\"row-1155266220\">\n\n\n\n<\/div>","protected":false},"excerpt":{"rendered":"","protected":false},"author":5,"featured_media":0,"parent":0,"menu_order":0,"comment_status":"closed","ping_status":"closed","template":"","meta":{"footnotes":""},"class_list":["post-1165","page","type-page","status-publish","hentry"],"_links":{"self":[{"href":"https:\/\/treelofts.com\/es\/wp-json\/wp\/v2\/pages\/1165","targetHints":{"allow":["GET"]}}],"collection":[{"href":"https:\/\/treelofts.com\/es\/wp-json\/wp\/v2\/pages"}],"about":[{"href":"https:\/\/treelofts.com\/es\/wp-json\/wp\/v2\/types\/page"}],"author":[{"embeddable":true,"href":"https:\/\/treelofts.com\/es\/wp-json\/wp\/v2\/users\/5"}],"replies":[{"embeddable":true,"href":"https:\/\/treelofts.com\/es\/wp-json\/wp\/v2\/comments?post=1165"}],"version-history":[{"count":0,"href":"https:\/\/treelofts.com\/es\/wp-json\/wp\/v2\/pages\/1165\/revisions"}],"wp:attachment":[{"href":"https:\/\/treelofts.com\/es\/wp-json\/wp\/v2\/media?parent=1165"}],"curies":[{"name":"wp","href":"https:\/\/api.w.org\/{rel}","templated":true}]}}