{"id":1220,"date":"2025-02-12T01:07:01","date_gmt":"2025-02-12T09:07:01","guid":{"rendered":"https:\/\/azh5n13ivf.onrocket.site\/?page_id=1220"},"modified":"2025-02-13T19:37:03","modified_gmt":"2025-02-14T03:37:03","slug":"la-casa-club-treehouses","status":"publish","type":"page","link":"https:\/\/treelofts.com\/es\/la-casa-club-treehouses\/","title":{"rendered":"La Casa Club Treehouses"},"content":{"rendered":"<section class=\"section\" id=\"section_1478883414\">\n\t\t<div class=\"section-bg fill\" >\n\t\t\t\t\t\t\t\t\t\n\t\t\t\n\n\t\t<\/div>\n\n\t\t\n\n\t\t<div class=\"section-content relative\">\n\t\t\t\n\n\t<div id=\"gap-948852415\" class=\"gap-element clearfix\" style=\"display:block; height:auto;\">\n\t\t\n<style>\n#gap-948852415 {\n  padding-top: 30px;\n}\n<\/style>\n\t<\/div>\n\t\n\n<div class=\"row align-center\"  id=\"row-1381059154\">\n\n\n\t<div id=\"col-723802748\" class=\"col medium-10 small-12 large-9\"  >\n\t\t\t\t<div class=\"col-inner text-center\"  >\n\t\t\t\n\t\t\t\n\n<h6>Construcciones reales que inspiran aventuras<\/h6>\n<h1><strong><span style=\"font-size: 150%;\">La Casa Club Treehouses<\/span><\/strong><\/h1>\n<p>Una casa club en un \u00e1rbol es lo que realmente despierta recuerdos de la infancia. Dise\u00f1adas para ofrecer diversi\u00f3n, aventura y recuerdos para toda la vida, estas casas en los \u00e1rboles van desde un refugio en el patio trasero a una escapada de fin de semana, pasando por una zona de juegos al aire libre totalmente funcional. Eche un vistazo a nuestras casas club en \u00e1rboles reales preferidas y obtenga ideas para su propia escapada a la copa de un \u00e1rbol.<\/p>\n<a href=\"https:\/\/treelofts.com\/es\/contacto\/\" target=\"_blank\" class=\"button primary is-underline box-shadow-1-hover\" rel=\"noopener\"  >\n\t\t<span>comience hoy mismo su viaje a la casa del \u00e1rbol<\/span>\n\t<\/a>\n\n\n\n\t\t<\/div>\n\t\t\t\t\t<\/div>\n\n\t\n\n<\/div>\n\n\t\t<\/div>\n\n\t\t\n<style>\n#section_1478883414 {\n  padding-top: 30px;\n  padding-bottom: 30px;\n}\n<\/style>\n\t<\/section>\n\t\n\n\t<section class=\"section\" id=\"section_1764001242\">\n\t\t<div class=\"section-bg fill\" >\n\t\t\t\t\t\t\t\t\t\n\t\t\t\n\n\t\t<\/div>\n\n\t\t\n\n\t\t<div class=\"section-content relative\">\n\t\t\t\n\n<div class=\"row row-large\" style=\"max-width:1400px\" id=\"row-479341115\">\n\n\n\t<div id=\"col-834580567\" class=\"col medium-4 small-12 large-4\"  >\n\t\t\t\t<div class=\"col-inner\"  >\n\t\t\t\n\t\t\t\n\n\t<div class=\"box has-hover   has-hover box-text-bottom\" >\n\n\t\t<div class=\"box-image\" >\n\t\t\t<a href=\"#\" >\t\t\t<div class=\"image-zoom image-cover\" style=\"padding-top:100%;\">\n\t\t\t\t<img decoding=\"async\" width=\"913\" height=\"1217\" src=\"https:\/\/treelofts.com\/wp-content\/uploads\/2025\/02\/Dream-Treehouse-6.webp\" class=\"attachment- size-\" alt=\"\" srcset=\"https:\/\/treelofts.com\/wp-content\/uploads\/2025\/02\/Dream-Treehouse-6.webp 913w, https:\/\/treelofts.com\/wp-content\/uploads\/2025\/02\/Dream-Treehouse-6-300x400.webp 300w, https:\/\/treelofts.com\/wp-content\/uploads\/2025\/02\/Dream-Treehouse-6-600x800.webp 600w, https:\/\/treelofts.com\/wp-content\/uploads\/2025\/02\/Dream-Treehouse-6-768x1024.webp 768w\" sizes=\"(max-width: 913px) 100vw, 913px\" title=\"\">\t\t\t\t\t\t\t\t\t\t\t<\/div>\n\t\t\t<\/a>\t\t<\/div>\n\n\t\t<div class=\"box-text text-center\" >\n\t\t\t<div class=\"box-text-inner\">\n\t\t\t\t\n\n<h6>El retiro de la secuoya<\/h6>\n<h3><strong><span style=\"font-size: 150%;\">1. Asheville, NC<\/span><\/strong><\/h3>\n\t<div id=\"gap-77319450\" class=\"gap-element clearfix\" style=\"display:block; height:auto;\">\n\t\t\n<style>\n#gap-77319450 {\n  padding-top: 10px;\n}\n<\/style>\n\t<\/div>\n\t\n\n<p><strong>Tipo de casa en el \u00e1rbol:<\/strong> Casa en un \u00e1rbol<\/p>\n<p><strong>A\u00f1o de construcci\u00f3n:\u00a0<\/strong>2019<\/p>\n<a href=\"https:\/\/treelofts.com\/es\/contacto\/\" target=\"_blank\" class=\"button primary is-underline box-shadow-1-hover\" rel=\"noopener\"  >\n\t\t<span>leer m\u00e1s<\/span>\n\t<\/a>\n\n\n\n\t\t\t<\/div>\n\t\t<\/div>\n\t<\/div>\n\t\n\n\t\t<\/div>\n\t\t\t\t\t<\/div>\n\n\t\n\n\t<div id=\"col-138609248\" class=\"col medium-4 small-12 large-4\"  >\n\t\t\t\t<div class=\"col-inner\"  >\n\t\t\t\n\t\t\t\n\n\t<div class=\"box has-hover   has-hover box-text-bottom\" >\n\n\t\t<div class=\"box-image\" >\n\t\t\t<a href=\"#\" >\t\t\t<div class=\"image-zoom image-cover\" style=\"padding-top:100%;\">\n\t\t\t\t<img decoding=\"async\" width=\"912\" height=\"1216\" src=\"https:\/\/treelofts.com\/wp-content\/uploads\/2025\/02\/Dream-Treehouse-1.webp\" class=\"attachment- size-\" alt=\"\" srcset=\"https:\/\/treelofts.com\/wp-content\/uploads\/2025\/02\/Dream-Treehouse-1.webp 912w, https:\/\/treelofts.com\/wp-content\/uploads\/2025\/02\/Dream-Treehouse-1-300x400.webp 300w, https:\/\/treelofts.com\/wp-content\/uploads\/2025\/02\/Dream-Treehouse-1-600x800.webp 600w, https:\/\/treelofts.com\/wp-content\/uploads\/2025\/02\/Dream-Treehouse-1-768x1024.webp 768w\" sizes=\"(max-width: 912px) 100vw, 912px\" title=\"\">\t\t\t\t\t\t\t\t\t\t\t<\/div>\n\t\t\t<\/a>\t\t<\/div>\n\n\t\t<div class=\"box-text text-center\" >\n\t\t\t<div class=\"box-text-inner\">\n\t\t\t\t\n\n<h6>Patio trasero<\/h6>\n<h3><strong><span style=\"font-size: 150%;\">2. Austin, TX<\/span><\/strong><\/h3>\n\t<div id=\"gap-1396812158\" class=\"gap-element clearfix\" style=\"display:block; height:auto;\">\n\t\t\n<style>\n#gap-1396812158 {\n  padding-top: 10px;\n}\n<\/style>\n\t<\/div>\n\t\n\n<p><strong>Tipo de casa en el \u00e1rbol:<\/strong> Casa en un \u00e1rbol<\/p>\n<p><strong>A\u00f1o de construcci\u00f3n:\u00a0<\/strong>2020<\/p>\n<a href=\"https:\/\/treelofts.com\/es\/contacto\/\" target=\"_blank\" class=\"button primary is-underline box-shadow-1-hover\" rel=\"noopener\"  >\n\t\t<span>leer m\u00e1s<\/span>\n\t<\/a>\n\n\n\n\t\t\t<\/div>\n\t\t<\/div>\n\t<\/div>\n\t\n\n\t\t<\/div>\n\t\t\t\t\t<\/div>\n\n\t\n\n\t<div id=\"col-184336030\" class=\"col medium-4 small-12 large-4\"  >\n\t\t\t\t<div class=\"col-inner\"  >\n\t\t\t\n\t\t\t\n\n\t<div class=\"box has-hover   has-hover box-text-bottom\" >\n\n\t\t<div class=\"box-image\" >\n\t\t\t<a href=\"#\" >\t\t\t<div class=\"image-zoom image-cover\" style=\"padding-top:100%;\">\n\t\t\t\t<img decoding=\"async\" width=\"1024\" height=\"1366\" src=\"https:\/\/treelofts.com\/wp-content\/uploads\/2025\/02\/Scandinavian-style-tree-house-3.webp\" class=\"attachment- size-\" alt=\"\" srcset=\"https:\/\/treelofts.com\/wp-content\/uploads\/2025\/02\/Scandinavian-style-tree-house-3.webp 1024w, https:\/\/treelofts.com\/wp-content\/uploads\/2025\/02\/Scandinavian-style-tree-house-3-300x400.webp 300w, https:\/\/treelofts.com\/wp-content\/uploads\/2025\/02\/Scandinavian-style-tree-house-3-600x800.webp 600w, https:\/\/treelofts.com\/wp-content\/uploads\/2025\/02\/Scandinavian-style-tree-house-3-768x1025.webp 768w, https:\/\/treelofts.com\/wp-content\/uploads\/2025\/02\/Scandinavian-style-tree-house-3-1000x1334.webp 1000w\" sizes=\"(max-width: 1024px) 100vw, 1024px\" title=\"\">\t\t\t\t\t\t\t\t\t\t\t<\/div>\n\t\t\t<\/a>\t\t<\/div>\n\n\t\t<div class=\"box-text text-center\" >\n\t\t\t<div class=\"box-text-inner\">\n\t\t\t\t\n\n<h6>El Lakeview Lodge<\/h6>\n<h3><strong><span style=\"font-size: 150%;\">3. Lake Tahoe, CA<\/span><\/strong><\/h3>\n\t<div id=\"gap-1881521889\" class=\"gap-element clearfix\" style=\"display:block; height:auto;\">\n\t\t\n<style>\n#gap-1881521889 {\n  padding-top: 10px;\n}\n<\/style>\n\t<\/div>\n\t\n\n<p><strong>Tipo de casa en el \u00e1rbol:<\/strong> Casa en un \u00e1rbol<\/p>\n<p><strong>A\u00f1o de construcci\u00f3n:\u00a0<\/strong>2022<\/p>\n<a href=\"https:\/\/treelofts.com\/es\/contacto\/\" target=\"_blank\" class=\"button primary is-underline box-shadow-1-hover\" rel=\"noopener\"  >\n\t\t<span>leer m\u00e1s<\/span>\n\t<\/a>\n\n\n\n\t\t\t<\/div>\n\t\t<\/div>\n\t<\/div>\n\t\n\n\t\t<\/div>\n\t\t\t\t\t<\/div>\n\n\t\n\n\n<style>\n#row-479341115 > .col > .col-inner {\n  padding: 0px 0px 0px 0px;\n}\n<\/style>\n<\/div>\n\n\t\t<\/div>\n\n\t\t\n<style>\n#section_1764001242 {\n  padding-top: 30px;\n  padding-bottom: 30px;\n}\n<\/style>\n\t<\/section>\n\t\n\n\t<section class=\"section\" id=\"section_319038341\">\n\t\t<div class=\"section-bg fill\" >\n\t\t\t\t\t\t\t\t\t\n\t\t\t\n\n\t\t<\/div>\n\n\t\t\n\n\t\t<div class=\"section-content relative\">\n\t\t\t\n\n<div class=\"row row-large\" style=\"max-width:1400px\" id=\"row-1960759324\">\n\n\n\t<div id=\"col-1634441637\" class=\"col medium-4 small-12 large-4\"  >\n\t\t\t\t<div class=\"col-inner\"  >\n\t\t\t\n\t\t\t\n\n\t<div class=\"box has-hover   has-hover box-text-bottom\" >\n\n\t\t<div class=\"box-image\" >\n\t\t\t<a href=\"#\" >\t\t\t<div class=\"image-zoom image-cover\" style=\"padding-top:100%;\">\n\t\t\t\t<img decoding=\"async\" width=\"928\" height=\"1232\" src=\"https:\/\/treelofts.com\/wp-content\/uploads\/2025\/02\/Why-Enchanted-Treehouses-Are-the-Hottest-Backyard-Trend-of-2024-2.webp\" class=\"attachment- size-\" alt=\"\" srcset=\"https:\/\/treelofts.com\/wp-content\/uploads\/2025\/02\/Why-Enchanted-Treehouses-Are-the-Hottest-Backyard-Trend-of-2024-2.webp 928w, https:\/\/treelofts.com\/wp-content\/uploads\/2025\/02\/Why-Enchanted-Treehouses-Are-the-Hottest-Backyard-Trend-of-2024-2-301x400.webp 301w, https:\/\/treelofts.com\/wp-content\/uploads\/2025\/02\/Why-Enchanted-Treehouses-Are-the-Hottest-Backyard-Trend-of-2024-2-603x800.webp 603w, https:\/\/treelofts.com\/wp-content\/uploads\/2025\/02\/Why-Enchanted-Treehouses-Are-the-Hottest-Backyard-Trend-of-2024-2-768x1020.webp 768w\" sizes=\"(max-width: 928px) 100vw, 928px\" title=\"\">\t\t\t\t\t\t\t\t\t\t\t<\/div>\n\t\t\t<\/a>\t\t<\/div>\n\n\t\t<div class=\"box-text text-center\" >\n\t\t\t<div class=\"box-text-inner\">\n\t\t\t\t\n\n<h6>La escapada urbana<\/h6>\n<h3><strong><span style=\"font-size: 150%;\">4.Brooklyn, NY<\/span><\/strong><\/h3>\n\t<div id=\"gap-1532209634\" class=\"gap-element clearfix\" style=\"display:block; height:auto;\">\n\t\t\n<style>\n#gap-1532209634 {\n  padding-top: 10px;\n}\n<\/style>\n\t<\/div>\n\t\n\n<p><strong>Tipo de casa en el \u00e1rbol:<\/strong>\u00a0Casa en 2 \u00e1rboles<\/p>\n<p><strong>A\u00f1o de construcci\u00f3n:\u00a0<\/strong>2021<\/p>\n<a href=\"https:\/\/treelofts.com\/es\/contacto\/\" target=\"_blank\" class=\"button primary is-underline box-shadow-1-hover\" rel=\"noopener\"  >\n\t\t<span>leer m\u00e1s<\/span>\n\t<\/a>\n\n\n\n\t\t\t<\/div>\n\t\t<\/div>\n\t<\/div>\n\t\n\n\t\t<\/div>\n\t\t\t\t\t<\/div>\n\n\t\n\n\t<div id=\"col-3699483\" class=\"col medium-4 small-12 large-4\"  >\n\t\t\t\t<div class=\"col-inner\"  >\n\t\t\t\n\t\t\t\n\n\t<div class=\"box has-hover   has-hover box-text-bottom\" >\n\n\t\t<div class=\"box-image\" >\n\t\t\t<a href=\"#\" >\t\t\t<div class=\"image-zoom image-cover\" style=\"padding-top:100%;\">\n\t\t\t\t<img decoding=\"async\" width=\"908\" height=\"1210\" src=\"https:\/\/treelofts.com\/wp-content\/uploads\/2025\/02\/Dream-Treehouse-4.webp\" class=\"attachment- size-\" alt=\"\" srcset=\"https:\/\/treelofts.com\/wp-content\/uploads\/2025\/02\/Dream-Treehouse-4.webp 908w, https:\/\/treelofts.com\/wp-content\/uploads\/2025\/02\/Dream-Treehouse-4-300x400.webp 300w, https:\/\/treelofts.com\/wp-content\/uploads\/2025\/02\/Dream-Treehouse-4-600x800.webp 600w, https:\/\/treelofts.com\/wp-content\/uploads\/2025\/02\/Dream-Treehouse-4-768x1023.webp 768w\" sizes=\"(max-width: 908px) 100vw, 908px\" title=\"\">\t\t\t\t\t\t\t\t\t\t\t<\/div>\n\t\t\t<\/a>\t\t<\/div>\n\n\t\t<div class=\"box-text text-center\" >\n\t\t\t<div class=\"box-text-inner\">\n\t\t\t\t\n\n<h6>El escondite del rancho<\/h6>\n<h3><strong><span style=\"font-size: 150%;\">5.Bozeman, MT<\/span><\/strong><\/h3>\n\t<div id=\"gap-287151738\" class=\"gap-element clearfix\" style=\"display:block; height:auto;\">\n\t\t\n<style>\n#gap-287151738 {\n  padding-top: 10px;\n}\n<\/style>\n\t<\/div>\n\t\n\n<p><strong>Tipo de casa en el \u00e1rbol:<\/strong> Casa en un \u00e1rbol<\/p>\n<p><strong>A\u00f1o de construcci\u00f3n:\u00a0<\/strong>2020<\/p>\n<a href=\"https:\/\/treelofts.com\/es\/contacto\/\" target=\"_blank\" class=\"button primary is-underline box-shadow-1-hover\" rel=\"noopener\"  >\n\t\t<span>leer m\u00e1s<\/span>\n\t<\/a>\n\n\n\n\t\t\t<\/div>\n\t\t<\/div>\n\t<\/div>\n\t\n\n\t\t<\/div>\n\t\t\t\t\t<\/div>\n\n\t\n\n\t<div id=\"col-854401823\" class=\"col medium-4 small-12 large-4\"  >\n\t\t\t\t<div class=\"col-inner\"  >\n\t\t\t\n\t\t\t\n\n\t<div class=\"box has-hover   has-hover box-text-bottom\" >\n\n\t\t<div class=\"box-image\" >\n\t\t\t<a href=\"#\" >\t\t\t<div class=\"image-zoom image-cover\" style=\"padding-top:100%;\">\n\t\t\t\t<img decoding=\"async\" width=\"474\" height=\"474\" src=\"https:\/\/treelofts.com\/wp-content\/uploads\/2025\/02\/Treehouse-Designs2.jpg\" class=\"attachment- size-\" alt=\"\" srcset=\"https:\/\/treelofts.com\/wp-content\/uploads\/2025\/02\/Treehouse-Designs2.jpg 474w, https:\/\/treelofts.com\/wp-content\/uploads\/2025\/02\/Treehouse-Designs2-400x400.jpg 400w, https:\/\/treelofts.com\/wp-content\/uploads\/2025\/02\/Treehouse-Designs2-280x280.jpg 280w, https:\/\/treelofts.com\/wp-content\/uploads\/2025\/02\/Treehouse-Designs2-100x100.jpg 100w\" sizes=\"(max-width: 474px) 100vw, 474px\" title=\"\">\t\t\t\t\t\t\t\t\t\t\t<\/div>\n\t\t\t<\/a>\t\t<\/div>\n\n\t\t<div class=\"box-text text-center\" >\n\t\t\t<div class=\"box-text-inner\">\n\t\t\t\t\n\n<h6>La casa del \u00e1rbol Jungle Gym<\/h6>\n<h3><strong><span style=\"font-size: 150%;\">6.Orlando, FL<\/span><\/strong><\/h3>\n\t<div id=\"gap-1580722670\" class=\"gap-element clearfix\" style=\"display:block; height:auto;\">\n\t\t\n<style>\n#gap-1580722670 {\n  padding-top: 10px;\n}\n<\/style>\n\t<\/div>\n\t\n\n<p><strong>Tipo de casa en el \u00e1rbol:<\/strong>\u00a0Casa en 2 \u00e1rboles<\/p>\n<p><strong>A\u00f1o de construcci\u00f3n:\u00a0<\/strong>2024<\/p>\n<a href=\"https:\/\/treelofts.com\/es\/contacto\/\" target=\"_blank\" class=\"button primary is-underline box-shadow-1-hover\" rel=\"noopener\"  >\n\t\t<span>leer m\u00e1s<\/span>\n\t<\/a>\n\n\n\n\t\t\t<\/div>\n\t\t<\/div>\n\t<\/div>\n\t\n\n\t\t<\/div>\n\t\t\t\t\t<\/div>\n\n\t\n\n\n<style>\n#row-1960759324 > .col > .col-inner {\n  padding: 0px 0px 0px 0px;\n}\n<\/style>\n<\/div>\n\n\t\t<\/div>\n\n\t\t\n<style>\n#section_319038341 {\n  padding-top: 30px;\n  padding-bottom: 30px;\n}\n<\/style>\n\t<\/section>\n\t\n\n\t<section class=\"section\" id=\"section_539698051\">\n\t\t<div class=\"section-bg fill\" >\n\t\t\t\t\t\t\t\t\t\n\t\t\t\n\n\t\t<\/div>\n\n\t\t\n\n\t\t<div class=\"section-content relative\">\n\t\t\t\n\n<div class=\"row row-collapse align-center\"  id=\"row-1515209079\">\n\n\n\t<div id=\"col-729646022\" class=\"col medium-8 small-10 large-9\"  >\n\t\t\t\t<div class=\"col-inner text-center\"  >\n\t\t\t\n\t\t\t\n\n<h2 data-start=\"4643\" data-end=\"4697\"><strong data-start=\"4647\" data-end=\"4695\">\u00bfListo para construir tu propia casa en el \u00e1rbol?<\/strong><\/h2>\n<p>\u00bfLe han inspirado estas incre\u00edbles ideas? Nuestros expertos constructores est\u00e1n aqu\u00ed para hacer realidad su casa del \u00e1rbol ideal, tanto si su visi\u00f3n es la de una emocionante fortaleza en la copa de un \u00e1rbol como la de un peque\u00f1o refugio en el patio trasero. P\u00f3ngase en contacto con nosotros para empezar a planificarla.<\/p>\n<a href=\"https:\/\/treelofts.com\/es\/contacto\/\" class=\"button primary\"  >\n\t\t<span>comience hoy mismo su viaje a la casa del \u00e1rbol<\/span>\n\t<\/a>\n\n\n\n\t\t<\/div>\n\t\t\t\t\t<\/div>\n\n\t\n\n<\/div>\n\n\t\t<\/div>\n\n\t\t\n<style>\n#section_539698051 {\n  padding-top: 0px;\n  padding-bottom: 0px;\n}\n@media (min-width:550px) {\n  #section_539698051 {\n    padding-top: 30px;\n    padding-bottom: 30px;\n  }\n}\n<\/style>\n\t<\/section>","protected":false},"excerpt":{"rendered":"","protected":false},"author":5,"featured_media":0,"parent":0,"menu_order":0,"comment_status":"closed","ping_status":"closed","template":"","meta":{"footnotes":""},"class_list":["post-1220","page","type-page","status-publish","hentry"],"_links":{"self":[{"href":"https:\/\/treelofts.com\/es\/wp-json\/wp\/v2\/pages\/1220","targetHints":{"allow":["GET"]}}],"collection":[{"href":"https:\/\/treelofts.com\/es\/wp-json\/wp\/v2\/pages"}],"about":[{"href":"https:\/\/treelofts.com\/es\/wp-json\/wp\/v2\/types\/page"}],"author":[{"embeddable":true,"href":"https:\/\/treelofts.com\/es\/wp-json\/wp\/v2\/users\/5"}],"replies":[{"embeddable":true,"href":"https:\/\/treelofts.com\/es\/wp-json\/wp\/v2\/comments?post=1220"}],"version-history":[{"count":0,"href":"https:\/\/treelofts.com\/es\/wp-json\/wp\/v2\/pages\/1220\/revisions"}],"wp:attachment":[{"href":"https:\/\/treelofts.com\/es\/wp-json\/wp\/v2\/media?parent=1220"}],"curies":[{"name":"wp","href":"https:\/\/api.w.org\/{rel}","templated":true}]}}