{"id":1232,"date":"2025-02-12T17:31:09","date_gmt":"2025-02-13T01:31:09","guid":{"rendered":"https:\/\/azh5n13ivf.onrocket.site\/?page_id=1232"},"modified":"2025-02-13T19:36:10","modified_gmt":"2025-02-14T03:36:10","slug":"casas-de-arbol-basicas","status":"publish","type":"page","link":"https:\/\/treelofts.com\/es\/casas-de-arbol-basicas\/","title":{"rendered":"Casas en los \u00e1rboles"},"content":{"rendered":"<section class=\"section\" id=\"section_1574374432\">\n\t\t<div class=\"section-bg fill\" >\n\t\t\t\t\t\t\t\t\t\n\t\t\t\n\n\t\t<\/div>\n\n\t\t\n\n\t\t<div class=\"section-content relative\">\n\t\t\t\n\n\t<div id=\"gap-2063233247\" class=\"gap-element clearfix\" style=\"display:block; height:auto;\">\n\t\t\n<style>\n#gap-2063233247 {\n  padding-top: 30px;\n}\n<\/style>\n\t<\/div>\n\t\n\n<div class=\"row align-center\"  id=\"row-889394892\">\n\n\n\t<div id=\"col-1742098361\" class=\"col medium-10 small-12 large-10\"  >\n\t\t\t\t<div class=\"col-inner text-center\"  >\n\t\t\t\n\t\t\t\n\n<h3>Construcciones funcionales para cualquier jard\u00edn<\/h3>\n\t<div id=\"text-2925601546\" class=\"text\">\n\t\t\n\n<h1 class=\"rich-text__heading h0\"><strong>Casas en los \u00e1rboles<\/strong><\/h1>\n\t\t\n<style>\n#text-2925601546 {\n  font-size: 1.5rem;\n}\n<\/style>\n\t<\/div>\n\t\n<p>Una casa en un \u00e1rbol tiene algo casi m\u00e1gico. Tal vez sea la sensaci\u00f3n de elevaci\u00f3n rodeado de naturaleza, o tal vez simplemente la libertad de dise\u00f1ar tu propio santuario entre los \u00e1rboles. M\u00e1s que un proyecto divertido, las casitas de \u00e1rbol son la fusi\u00f3n ideal de imaginaci\u00f3n, aventura e incluso una pizca de nostalgia. Una casa en el \u00e1rbol b\u00e1sica puede convertir tu zona exterior en un mundo de posibilidades, tanto si tu proyecto es un simple refugio para tus hijos, un refugio personal o si quieres aprovechar al m\u00e1ximo un patio peque\u00f1o.<\/p>\n<p>En este tutorial se incluyen diez ejemplos reales de casas de \u00e1rbol sencillas que demuestran que no hace falta pasarse de la raya para construir algo asombroso. Desde peque\u00f1os rincones hasta casitas de juegos para ni\u00f1os, estas casitas de \u00e1rbol son pr\u00e1cticas, tienen un precio razonable y est\u00e1n pensadas para aportar un poco de encanto a cualquier jard\u00edn. Exploremos estas encantadoras e imaginativas construcciones; \u00a1quiz\u00e1 te inspiren para crear tu propio escondite en la copa de un \u00e1rbol!<\/p>\n<a href=\"https:\/\/treelofts.com\/es\/contacto\/\" target=\"_blank\" class=\"button primary is-underline box-shadow-1-hover\" rel=\"noopener\"  >\n\t\t<span>comience hoy mismo su viaje a la casa del \u00e1rbol<\/span>\n\t<\/a>\n\n\n\n\t\t<\/div>\n\t\t\t\t\t<\/div>\n\n\t\n\n<\/div>\n\n\t\t<\/div>\n\n\t\t\n<style>\n#section_1574374432 {\n  padding-top: 30px;\n  padding-bottom: 30px;\n}\n<\/style>\n\t<\/section>\n\t\n\n\t<section class=\"section\" id=\"section_743524182\">\n\t\t<div class=\"section-bg fill\" >\n\t\t\t\t\t\t\t\t\t\n\t\t\t\n\n\t\t<\/div>\n\n\t\t\n\n\t\t<div class=\"section-content relative\">\n\t\t\t\n\n<div class=\"row row-large\" style=\"max-width:1400px\" id=\"row-999529945\">\n\n\n\t<div id=\"col-1980434388\" class=\"col medium-4 small-12 large-4\"  >\n\t\t\t\t<div class=\"col-inner\"  >\n\t\t\t\n\t\t\t\n\n\t<div class=\"box has-hover   has-hover box-text-bottom\" >\n\n\t\t<div class=\"box-image\" >\n\t\t\t<a href=\"#\" >\t\t\t<div class=\"image-zoom image-cover\" style=\"padding-top:100%;\">\n\t\t\t\t<img decoding=\"async\" width=\"683\" height=\"1024\" src=\"https:\/\/treelofts.com\/wp-content\/uploads\/2025\/02\/Tree-House-43.jpg\" class=\"attachment- size-\" alt=\"\" srcset=\"https:\/\/treelofts.com\/wp-content\/uploads\/2025\/02\/Tree-House-43.jpg 683w, https:\/\/treelofts.com\/wp-content\/uploads\/2025\/02\/Tree-House-43-267x400.jpg 267w, https:\/\/treelofts.com\/wp-content\/uploads\/2025\/02\/Tree-House-43-534x800.jpg 534w\" sizes=\"(max-width: 683px) 100vw, 683px\" title=\"\">\t\t\t\t\t\t\t\t\t\t\t<\/div>\n\t\t\t<\/a>\t\t<\/div>\n\n\t\t<div class=\"box-text text-center\" >\n\t\t\t<div class=\"box-text-inner\">\n\t\t\t\t\n\n<h6>El acogedor refugio<\/h6>\n<h3><strong><span style=\"font-size: 150%;\">1.Denver, CO<\/span><\/strong><\/h3>\n\t<div id=\"gap-1304941706\" class=\"gap-element clearfix\" style=\"display:block; height:auto;\">\n\t\t\n<style>\n#gap-1304941706 {\n  padding-top: 10px;\n}\n<\/style>\n\t<\/div>\n\t\n\n<p><strong>Tipo de casa en el \u00e1rbol:<\/strong>\u00a0Casa en 2 \u00e1rboles<\/p>\n<p><strong>A\u00f1o de construcci\u00f3n:\u00a0<\/strong>2023<\/p>\n<a href=\"https:\/\/treelofts.com\/es\/contacto\/\" target=\"_blank\" class=\"button primary is-underline box-shadow-1-hover\" rel=\"noopener\"  >\n\t\t<span>leer m\u00e1s<\/span>\n\t<\/a>\n\n\n\n\t\t\t<\/div>\n\t\t<\/div>\n\t<\/div>\n\t\n\n\t\t<\/div>\n\t\t\t\t\t<\/div>\n\n\t\n\n\t<div id=\"col-707950503\" class=\"col medium-4 small-12 large-4\"  >\n\t\t\t\t<div class=\"col-inner\"  >\n\t\t\t\n\t\t\t\n\n\t<div class=\"box has-hover   has-hover box-text-bottom\" >\n\n\t\t<div class=\"box-image\" >\n\t\t\t<a href=\"#\" >\t\t\t<div class=\"image-zoom image-cover\" style=\"padding-top:100%;\">\n\t\t\t\t<img decoding=\"async\" width=\"1024\" height=\"683\" src=\"https:\/\/treelofts.com\/wp-content\/uploads\/2025\/02\/Tree-House-11.jpg\" class=\"attachment- size-\" alt=\"\" srcset=\"https:\/\/treelofts.com\/wp-content\/uploads\/2025\/02\/Tree-House-11.jpg 1024w, https:\/\/treelofts.com\/wp-content\/uploads\/2025\/02\/Tree-House-11-600x400.jpg 600w, https:\/\/treelofts.com\/wp-content\/uploads\/2025\/02\/Tree-House-11-768x512.jpg 768w, https:\/\/treelofts.com\/wp-content\/uploads\/2025\/02\/Tree-House-11-1000x667.jpg 1000w\" sizes=\"(max-width: 1024px) 100vw, 1024px\" title=\"\">\t\t\t\t\t\t\t\t\t\t\t<\/div>\n\t\t\t<\/a>\t\t<\/div>\n\n\t\t<div class=\"box-text text-center\" >\n\t\t\t<div class=\"box-text-inner\">\n\t\t\t\t\n\n<h6>El teatro elevado<\/h6>\n<h3><strong><span style=\"font-size: 150%;\">2.Portland, OR<\/span><\/strong><\/h3>\n\t<div id=\"gap-207852226\" class=\"gap-element clearfix\" style=\"display:block; height:auto;\">\n\t\t\n<style>\n#gap-207852226 {\n  padding-top: 10px;\n}\n<\/style>\n\t<\/div>\n\t\n\n<p><strong>Tipo de casa en el \u00e1rbol:<\/strong> Casa en un \u00e1rbol<\/p>\n<p><strong>A\u00f1o de construcci\u00f3n:\u00a0<\/strong>2022<\/p>\n<a href=\"https:\/\/treelofts.com\/es\/contacto\/\" target=\"_blank\" class=\"button primary is-underline box-shadow-1-hover\" rel=\"noopener\"  >\n\t\t<span>leer m\u00e1s<\/span>\n\t<\/a>\n\n\n\n\t\t\t<\/div>\n\t\t<\/div>\n\t<\/div>\n\t\n\n\t\t<\/div>\n\t\t\t\t\t<\/div>\n\n\t\n\n\t<div id=\"col-469081355\" class=\"col medium-4 small-12 large-4\"  >\n\t\t\t\t<div class=\"col-inner\"  >\n\t\t\t\n\t\t\t\n\n\t<div class=\"box has-hover   has-hover box-text-bottom\" >\n\n\t\t<div class=\"box-image\" >\n\t\t\t<a href=\"#\" >\t\t\t<div class=\"image-zoom image-cover\" style=\"padding-top:100%;\">\n\t\t\t\t<img decoding=\"async\" width=\"1024\" height=\"684\" src=\"https:\/\/treelofts.com\/wp-content\/uploads\/2025\/02\/Tree-House-127.jpg\" class=\"attachment- size-\" alt=\"\" srcset=\"https:\/\/treelofts.com\/wp-content\/uploads\/2025\/02\/Tree-House-127.jpg 1024w, https:\/\/treelofts.com\/wp-content\/uploads\/2025\/02\/Tree-House-127-599x400.jpg 599w, https:\/\/treelofts.com\/wp-content\/uploads\/2025\/02\/Tree-House-127-768x513.jpg 768w, https:\/\/treelofts.com\/wp-content\/uploads\/2025\/02\/Tree-House-127-1000x668.jpg 1000w\" sizes=\"(max-width: 1024px) 100vw, 1024px\" title=\"\">\t\t\t\t\t\t\t\t\t\t\t<\/div>\n\t\t\t<\/a>\t\t<\/div>\n\n\t\t<div class=\"box-text text-center\" >\n\t\t\t<div class=\"box-text-inner\">\n\t\t\t\t\n\n<h6>La casa familiar del \u00e1rbol<\/h6>\n<h3><strong><span style=\"font-size: 150%;\">3.Atlanta, GA<\/span><\/strong><\/h3>\n\t<div id=\"gap-1064670777\" class=\"gap-element clearfix\" style=\"display:block; height:auto;\">\n\t\t\n<style>\n#gap-1064670777 {\n  padding-top: 10px;\n}\n<\/style>\n\t<\/div>\n\t\n\n<p><strong>Tipo de casa en el \u00e1rbol:<\/strong>\u00a0Casa en 2 \u00e1rboles<\/p>\n<p><strong>A\u00f1o de construcci\u00f3n:\u00a0<\/strong>2024<\/p>\n<a href=\"https:\/\/treelofts.com\/es\/contacto\/\" target=\"_blank\" class=\"button primary is-underline box-shadow-1-hover\" rel=\"noopener\"  >\n\t\t<span>leer m\u00e1s<\/span>\n\t<\/a>\n\n\n\n\t\t\t<\/div>\n\t\t<\/div>\n\t<\/div>\n\t\n\n\t\t<\/div>\n\t\t\t\t\t<\/div>\n\n\t\n\n\n<style>\n#row-999529945 > .col > .col-inner {\n  padding: 0px 0px 0px 0px;\n}\n<\/style>\n<\/div>\n\n\t\t<\/div>\n\n\t\t\n<style>\n#section_743524182 {\n  padding-top: 30px;\n  padding-bottom: 30px;\n}\n<\/style>\n\t<\/section>\n\t\n\n\t<section class=\"section\" id=\"section_1086880989\">\n\t\t<div class=\"section-bg fill\" >\n\t\t\t\t\t\t\t\t\t\n\t\t\t\n\n\t\t<\/div>\n\n\t\t\n\n\t\t<div class=\"section-content relative\">\n\t\t\t\n\n<div class=\"row row-large\" style=\"max-width:1400px\" id=\"row-1336447356\">\n\n\n\t<div id=\"col-722786323\" class=\"col medium-4 small-12 large-4\"  >\n\t\t\t\t<div class=\"col-inner\"  >\n\t\t\t\n\t\t\t\n\n\t<div class=\"box has-hover   has-hover box-text-bottom\" >\n\n\t\t<div class=\"box-image\" >\n\t\t\t<a href=\"#\" >\t\t\t<div class=\"image-zoom image-cover\" style=\"padding-top:100%;\">\n\t\t\t\t<img decoding=\"async\" width=\"916\" height=\"1221\" src=\"https:\/\/treelofts.com\/wp-content\/uploads\/2025\/02\/Dream-Treehouse-1.jpeg\" class=\"attachment- size-\" alt=\"\" srcset=\"https:\/\/treelofts.com\/wp-content\/uploads\/2025\/02\/Dream-Treehouse-1.jpeg 916w, https:\/\/treelofts.com\/wp-content\/uploads\/2025\/02\/Dream-Treehouse-1-300x400.jpeg 300w, https:\/\/treelofts.com\/wp-content\/uploads\/2025\/02\/Dream-Treehouse-1-600x800.jpeg 600w, https:\/\/treelofts.com\/wp-content\/uploads\/2025\/02\/Dream-Treehouse-1-768x1024.jpeg 768w\" sizes=\"(max-width: 916px) 100vw, 916px\" title=\"\">\t\t\t\t\t\t\t\t\t\t\t<\/div>\n\t\t\t<\/a>\t\t<\/div>\n\n\t\t<div class=\"box-text text-center\" >\n\t\t\t<div class=\"box-text-inner\">\n\t\t\t\t\n\n<h6>El acogedor rinc\u00f3n de lectura<\/h6>\n<h3><strong><span style=\"font-size: 150%;\">4.Diego, CA<\/span><\/strong><\/h3>\n\t<div id=\"gap-838433037\" class=\"gap-element clearfix\" style=\"display:block; height:auto;\">\n\t\t\n<style>\n#gap-838433037 {\n  padding-top: 10px;\n}\n<\/style>\n\t<\/div>\n\t\n\n<p><strong>Tipo de casa en el \u00e1rbol:<\/strong> Casa en un \u00e1rbol<\/p>\n<p><strong>A\u00f1o de construcci\u00f3n:\u00a0<\/strong>2024<\/p>\n<a href=\"https:\/\/treelofts.com\/es\/contacto\/\" target=\"_blank\" class=\"button primary is-underline box-shadow-1-hover\" rel=\"noopener\"  >\n\t\t<span>leer m\u00e1s<\/span>\n\t<\/a>\n\n\n\n\t\t\t<\/div>\n\t\t<\/div>\n\t<\/div>\n\t\n\n\t\t<\/div>\n\t\t\t\t\t<\/div>\n\n\t\n\n\t<div id=\"col-376717419\" class=\"col medium-4 small-12 large-4\"  >\n\t\t\t\t<div class=\"col-inner\"  >\n\t\t\t\n\t\t\t\n\n\t<div class=\"box has-hover   has-hover box-text-bottom\" >\n\n\t\t<div class=\"box-image\" >\n\t\t\t<a href=\"#\" >\t\t\t<div class=\"image-zoom image-cover\" style=\"padding-top:100%;\">\n\t\t\t\t<img decoding=\"async\" width=\"1024\" height=\"683\" src=\"https:\/\/treelofts.com\/wp-content\/uploads\/2025\/02\/Why-Cabins-in-Hot-Springs-AR-Are-the-Hottest-Trend-in-Real-Estate.jpg\" class=\"attachment- size-\" alt=\"\" srcset=\"https:\/\/treelofts.com\/wp-content\/uploads\/2025\/02\/Why-Cabins-in-Hot-Springs-AR-Are-the-Hottest-Trend-in-Real-Estate.jpg 1024w, https:\/\/treelofts.com\/wp-content\/uploads\/2025\/02\/Why-Cabins-in-Hot-Springs-AR-Are-the-Hottest-Trend-in-Real-Estate-600x400.jpg 600w, https:\/\/treelofts.com\/wp-content\/uploads\/2025\/02\/Why-Cabins-in-Hot-Springs-AR-Are-the-Hottest-Trend-in-Real-Estate-768x512.jpg 768w, https:\/\/treelofts.com\/wp-content\/uploads\/2025\/02\/Why-Cabins-in-Hot-Springs-AR-Are-the-Hottest-Trend-in-Real-Estate-1000x667.jpg 1000w\" sizes=\"(max-width: 1024px) 100vw, 1024px\" title=\"\">\t\t\t\t\t\t\t\t\t\t\t<\/div>\n\t\t\t<\/a>\t\t<\/div>\n\n\t\t<div class=\"box-text text-center\" >\n\t\t\t<div class=\"box-text-inner\">\n\t\t\t\t\n\n<h6>La percha del observador de la naturaleza<\/h6>\n<h3><strong><span style=\"font-size: 150%;\">5.Seattle, WA<\/span><\/strong><\/h3>\n\t<div id=\"gap-548747003\" class=\"gap-element clearfix\" style=\"display:block; height:auto;\">\n\t\t\n<style>\n#gap-548747003 {\n  padding-top: 10px;\n}\n<\/style>\n\t<\/div>\n\t\n\n<p><strong>Tipo de casa en el \u00e1rbol:<\/strong>\u00a0Casa en 2 \u00e1rboles<\/p>\n<p><strong>A\u00f1o de construcci\u00f3n:\u00a0<\/strong>2022<\/p>\n<a href=\"https:\/\/treelofts.com\/es\/contacto\/\" target=\"_blank\" class=\"button primary is-underline box-shadow-1-hover\" rel=\"noopener\"  >\n\t\t<span>leer m\u00e1s<\/span>\n\t<\/a>\n\n\n\n\t\t\t<\/div>\n\t\t<\/div>\n\t<\/div>\n\t\n\n\t\t<\/div>\n\t\t\t\t\t<\/div>\n\n\t\n\n\t<div id=\"col-1472882440\" class=\"col medium-4 small-12 large-4\"  >\n\t\t\t\t<div class=\"col-inner\"  >\n\t\t\t\n\t\t\t\n\n\t<div class=\"box has-hover   has-hover box-text-bottom\" >\n\n\t\t<div class=\"box-image\" >\n\t\t\t<a href=\"#\" >\t\t\t<div class=\"image-zoom image-cover\" style=\"padding-top:100%;\">\n\t\t\t\t<img decoding=\"async\" width=\"1024\" height=\"680\" src=\"https:\/\/treelofts.com\/wp-content\/uploads\/2025\/02\/Why-Cabins-in-Hot-Springs-AR-Are-the-Hottest-Trend-in-Real-Estate-2.jpg\" class=\"attachment- size-\" alt=\"\" srcset=\"https:\/\/treelofts.com\/wp-content\/uploads\/2025\/02\/Why-Cabins-in-Hot-Springs-AR-Are-the-Hottest-Trend-in-Real-Estate-2.jpg 1024w, https:\/\/treelofts.com\/wp-content\/uploads\/2025\/02\/Why-Cabins-in-Hot-Springs-AR-Are-the-Hottest-Trend-in-Real-Estate-2-602x400.jpg 602w, https:\/\/treelofts.com\/wp-content\/uploads\/2025\/02\/Why-Cabins-in-Hot-Springs-AR-Are-the-Hottest-Trend-in-Real-Estate-2-768x510.jpg 768w, https:\/\/treelofts.com\/wp-content\/uploads\/2025\/02\/Why-Cabins-in-Hot-Springs-AR-Are-the-Hottest-Trend-in-Real-Estate-2-1000x664.jpg 1000w\" sizes=\"(max-width: 1024px) 100vw, 1024px\" title=\"\">\t\t\t\t\t\t\t\t\t\t\t<\/div>\n\t\t\t<\/a>\t\t<\/div>\n\n\t\t<div class=\"box-text text-center\" >\n\t\t\t<div class=\"box-text-inner\">\n\t\t\t\t\n\n<h6>El Fuerte de los \u00c1rboles<\/h6>\n<h3><strong><span style=\"font-size: 150%;\">6.Chicago, IL<\/span><\/strong><\/h3>\n\t<div id=\"gap-752868587\" class=\"gap-element clearfix\" style=\"display:block; height:auto;\">\n\t\t\n<style>\n#gap-752868587 {\n  padding-top: 10px;\n}\n<\/style>\n\t<\/div>\n\t\n\n<p><strong>Tipo de casa en el \u00e1rbol:<\/strong> Casa en un \u00e1rbol<\/p>\n<p><strong>A\u00f1o de construcci\u00f3n:\u00a0<\/strong>2020<\/p>\n<a href=\"https:\/\/treelofts.com\/es\/contacto\/\" target=\"_blank\" class=\"button primary is-underline box-shadow-1-hover\" rel=\"noopener\"  >\n\t\t<span>leer m\u00e1s<\/span>\n\t<\/a>\n\n\n\n\t\t\t<\/div>\n\t\t<\/div>\n\t<\/div>\n\t\n\n\t\t<\/div>\n\t\t\t\t\t<\/div>\n\n\t\n\n\n<style>\n#row-1336447356 > .col > .col-inner {\n  padding: 0px 0px 0px 0px;\n}\n<\/style>\n<\/div>\n\n\t\t<\/div>\n\n\t\t\n<style>\n#section_1086880989 {\n  padding-top: 30px;\n  padding-bottom: 30px;\n}\n<\/style>\n\t<\/section>\n\t\n\n\t<section class=\"section\" id=\"section_2088585263\">\n\t\t<div class=\"section-bg fill\" >\n\t\t\t\t\t\t\t\t\t\n\t\t\t\n\n\t\t<\/div>\n\n\t\t\n\n\t\t<div class=\"section-content relative\">\n\t\t\t\n\n<div class=\"row row-collapse align-center\"  id=\"row-635520146\">\n\n\n\t<div id=\"col-153831456\" class=\"col medium-8 small-10 large-8\"  >\n\t\t\t\t<div class=\"col-inner text-center\"  >\n\t\t\t\n\t\t\t\n\n<h2 data-start=\"4861\" data-end=\"4914\"><strong data-start=\"4865\" data-end=\"4912\">\u00bfListo para construir tu propia casa en el \u00e1rbol?<\/strong><\/h2>\n<p>Un poco de imaginaci\u00f3n y unas sencillas herramientas de construcci\u00f3n te permitir\u00e1n crear desde emocionantes fortificaciones hasta c\u00f3modas zonas de lectura. Las casas en los \u00e1rboles del jard\u00edn pueden transformar tu zona exterior en un refugio interesante y pr\u00e1ctico, tanto si buscas un refugio b\u00e1sico como una casa de juegos completa. As\u00ed que re\u00fane tus herramientas, elige tu \u00e1rbol y \u00a1hoy empezaremos tu casa del \u00e1rbol de fantas\u00eda!<\/p>\n<a href=\"https:\/\/treelofts.com\/es\/contacto\/\" class=\"button primary\"  >\n\t\t<span>comience hoy mismo su viaje a la casa del \u00e1rbol<\/span>\n\t<\/a>\n\n\n\n\t\t<\/div>\n\t\t\t\t\t<\/div>\n\n\t\n\n<\/div>\n\n\t\t<\/div>\n\n\t\t\n<style>\n#section_2088585263 {\n  padding-top: 0px;\n  padding-bottom: 0px;\n}\n@media (min-width:550px) {\n  #section_2088585263 {\n    padding-top: 30px;\n    padding-bottom: 30px;\n  }\n}\n<\/style>\n\t<\/section>","protected":false},"excerpt":{"rendered":"","protected":false},"author":5,"featured_media":0,"parent":0,"menu_order":0,"comment_status":"closed","ping_status":"closed","template":"","meta":{"footnotes":""},"class_list":["post-1232","page","type-page","status-publish","hentry"],"_links":{"self":[{"href":"https:\/\/treelofts.com\/es\/wp-json\/wp\/v2\/pages\/1232","targetHints":{"allow":["GET"]}}],"collection":[{"href":"https:\/\/treelofts.com\/es\/wp-json\/wp\/v2\/pages"}],"about":[{"href":"https:\/\/treelofts.com\/es\/wp-json\/wp\/v2\/types\/page"}],"author":[{"embeddable":true,"href":"https:\/\/treelofts.com\/es\/wp-json\/wp\/v2\/users\/5"}],"replies":[{"embeddable":true,"href":"https:\/\/treelofts.com\/es\/wp-json\/wp\/v2\/comments?post=1232"}],"version-history":[{"count":0,"href":"https:\/\/treelofts.com\/es\/wp-json\/wp\/v2\/pages\/1232\/revisions"}],"wp:attachment":[{"href":"https:\/\/treelofts.com\/es\/wp-json\/wp\/v2\/media?parent=1232"}],"curies":[{"name":"wp","href":"https:\/\/api.w.org\/{rel}","templated":true}]}}