{"id":1269,"date":"2025-02-12T18:20:29","date_gmt":"2025-02-13T02:20:29","guid":{"rendered":"https:\/\/azh5n13ivf.onrocket.site\/?page_id=1269"},"modified":"2025-02-13T19:34:07","modified_gmt":"2025-02-14T03:34:07","slug":"casas-en-los-arboles-residenciales-avanzadas","status":"publish","type":"page","link":"https:\/\/treelofts.com\/es\/casas-en-los-arboles-residenciales-avanzadas\/","title":{"rendered":"Casas en los \u00e1rboles a medida para residencias avanzadas"},"content":{"rendered":"<section class=\"section\" id=\"section_1571287008\">\n\t\t<div class=\"section-bg fill\" >\n\t\t\t\t\t\t\t\t\t\n\t\t\t\n\n\t\t<\/div>\n\n\t\t\n\n\t\t<div class=\"section-content relative\">\n\t\t\t\n\n\t<div id=\"gap-729652080\" class=\"gap-element clearfix\" style=\"display:block; height:auto;\">\n\t\t\n<style>\n#gap-729652080 {\n  padding-top: 30px;\n}\n<\/style>\n\t<\/div>\n\t\n\n<div class=\"row align-center\"  id=\"row-513553764\">\n\n\n\t<div id=\"col-140964808\" class=\"col medium-10 small-12 large-10\"  >\n\t\t\t\t<div class=\"col-inner text-center\"  >\n\t\t\t\n\t\t\t\n\n<h6>Construcciones espectaculares que redefinen la vida de lujo<\/h6>\n<h2><strong><span style=\"font-size: 150%;\">Casas en los \u00e1rboles a medida para residencias avanzadas<\/span><\/strong><\/h2>\n<p>Las casas en los \u00e1rboles van m\u00e1s all\u00e1 de la infancia. Las casas en los \u00e1rboles modernas se han convertido en refugios de lujo totalmente funcionales gracias a su excelente acabado, materiales de primera calidad e ideas creativas. Una casa en el \u00e1rbol hecha a mano ofrece una experiencia de vida \u00fanica, tanto si buscas una casa de invitados en el bosque, un escondite en el patio trasero o incluso una casa principal en medio de la naturaleza.<\/p>\n<p>Imag\u00ednese tomando el caf\u00e9 de la ma\u00f1ana en una terraza en la copa de un \u00e1rbol, trabajando desde un luminoso altillo entre las ramas, o tal vez echando una cabezadita con el susurro de las hojas. Con el dise\u00f1o adecuado, las casas en los \u00e1rboles pueden ser tan acogedoras, \u00fatiles y modernas como cualquier casa en el suelo, pero tambi\u00e9n ofrecen un grado extra de aventura.<\/p>\n<a href=\"https:\/\/treelofts.com\/es\/contacto\/\" target=\"_blank\" class=\"button primary is-underline box-shadow-1-hover\" rel=\"noopener\"  >\n\t\t<span>comience hoy mismo su viaje a la casa del \u00e1rbol<\/span>\n\t<\/a>\n\n\n\n\t\t<\/div>\n\t\t\t\t\t<\/div>\n\n\t\n\n<\/div>\n\n\t\t<\/div>\n\n\t\t\n<style>\n#section_1571287008 {\n  padding-top: 30px;\n  padding-bottom: 30px;\n}\n<\/style>\n\t<\/section>\n\t\n\n\t<section class=\"section\" id=\"section_869437557\">\n\t\t<div class=\"section-bg fill\" >\n\t\t\t\t\t\t\t\t\t\n\t\t\t\n\n\t\t<\/div>\n\n\t\t\n\n\t\t<div class=\"section-content relative\">\n\t\t\t\n\n<div class=\"row row-large\" style=\"max-width:1400px\" id=\"row-2038117096\">\n\n\n\t<div id=\"col-904522793\" class=\"col medium-4 small-12 large-4\"  >\n\t\t\t\t<div class=\"col-inner\"  >\n\t\t\t\n\t\t\t\n\n\t<div class=\"box has-hover   has-hover box-text-bottom\" >\n\n\t\t<div class=\"box-image\" >\n\t\t\t<a href=\"#\" >\t\t\t<div class=\"image-zoom image-cover\" style=\"padding-top:100%;\">\n\t\t\t\t<img decoding=\"async\" width=\"920\" height=\"1224\" src=\"https:\/\/treelofts.com\/wp-content\/uploads\/2025\/02\/Tree-House-1-2.jpeg\" class=\"attachment- size-\" alt=\"\" srcset=\"https:\/\/treelofts.com\/wp-content\/uploads\/2025\/02\/Tree-House-1-2.jpeg 920w, https:\/\/treelofts.com\/wp-content\/uploads\/2025\/02\/Tree-House-1-2-301x400.jpeg 301w, https:\/\/treelofts.com\/wp-content\/uploads\/2025\/02\/Tree-House-1-2-601x800.jpeg 601w, https:\/\/treelofts.com\/wp-content\/uploads\/2025\/02\/Tree-House-1-2-768x1022.jpeg 768w\" sizes=\"(max-width: 920px) 100vw, 920px\" title=\"\">\t\t\t\t\t\t\t\t\t\t\t<\/div>\n\t\t\t<\/a>\t\t<\/div>\n\n\t\t<div class=\"box-text text-center\" >\n\t\t\t<div class=\"box-text-inner\">\n\t\t\t\t\n\n<h6>La caba\u00f1a Sky High<\/h6>\n<h3><strong><span style=\"font-size: 150%;\">1.Whitefish, MT<\/span><\/strong><\/h3>\n\t<div id=\"gap-1328077423\" class=\"gap-element clearfix\" style=\"display:block; height:auto;\">\n\t\t\n<style>\n#gap-1328077423 {\n  padding-top: 10px;\n}\n<\/style>\n\t<\/div>\n\t\n\n<p><strong>Tipo de casa en el \u00e1rbol:<\/strong> Casa en un \u00e1rbol<\/p>\n<p><strong>A\u00f1o de construcci\u00f3n:\u00a0<\/strong>2020<\/p>\n<a href=\"https:\/\/treelofts.com\/es\/contacto\/\" target=\"_blank\" class=\"button primary is-underline box-shadow-1-hover\" rel=\"noopener\"  >\n\t\t<span>leer m\u00e1s<\/span>\n\t<\/a>\n\n\n\n\t\t\t<\/div>\n\t\t<\/div>\n\t<\/div>\n\t\n\n\t\t<\/div>\n\t\t\t\t\t<\/div>\n\n\t\n\n\t<div id=\"col-1365206147\" class=\"col medium-4 small-12 large-4\"  >\n\t\t\t\t<div class=\"col-inner\"  >\n\t\t\t\n\t\t\t\n\n\t<div class=\"box has-hover   has-hover box-text-bottom\" >\n\n\t\t<div class=\"box-image\" >\n\t\t\t<a href=\"#\" >\t\t\t<div class=\"image-zoom image-cover\" style=\"padding-top:100%;\">\n\t\t\t\t<img decoding=\"async\" width=\"912\" height=\"1216\" src=\"https:\/\/treelofts.com\/wp-content\/uploads\/2025\/02\/Dream-Treehouses-2.webp\" class=\"attachment- size-\" alt=\"\" srcset=\"https:\/\/treelofts.com\/wp-content\/uploads\/2025\/02\/Dream-Treehouses-2.webp 912w, https:\/\/treelofts.com\/wp-content\/uploads\/2025\/02\/Dream-Treehouses-2-300x400.webp 300w, https:\/\/treelofts.com\/wp-content\/uploads\/2025\/02\/Dream-Treehouses-2-600x800.webp 600w, https:\/\/treelofts.com\/wp-content\/uploads\/2025\/02\/Dream-Treehouses-2-768x1024.webp 768w\" sizes=\"(max-width: 912px) 100vw, 912px\" title=\"\">\t\t\t\t\t\t\t\t\t\t\t<\/div>\n\t\t\t<\/a>\t\t<\/div>\n\n\t\t<div class=\"box-text text-center\" >\n\t\t\t<div class=\"box-text-inner\">\n\t\t\t\t\n\n<h6>La finca familiar en el \u00e1rbol<\/h6>\n<h3><strong><span style=\"font-size: 150%;\">2.Austin, TX<\/span><\/strong><\/h3>\n\t<div id=\"gap-1103146385\" class=\"gap-element clearfix\" style=\"display:block; height:auto;\">\n\t\t\n<style>\n#gap-1103146385 {\n  padding-top: 10px;\n}\n<\/style>\n\t<\/div>\n\t\n\n<p><strong>Tipo de casa en el \u00e1rbol:<\/strong>\u00a0Casa en 2 \u00e1rboles<\/p>\n<p><strong>A\u00f1o de construcci\u00f3n:\u00a0<\/strong>2023<\/p>\n<a href=\"https:\/\/treelofts.com\/es\/contacto\/\" target=\"_blank\" class=\"button primary is-underline box-shadow-1-hover\" rel=\"noopener\"  >\n\t\t<span>leer m\u00e1s<\/span>\n\t<\/a>\n\n\n\n\t\t\t<\/div>\n\t\t<\/div>\n\t<\/div>\n\t\n\n\t\t<\/div>\n\t\t\t\t\t<\/div>\n\n\t\n\n\t<div id=\"col-869858516\" class=\"col medium-4 small-12 large-4\"  >\n\t\t\t\t<div class=\"col-inner\"  >\n\t\t\t\n\t\t\t\n\n\t<div class=\"box has-hover   has-hover box-text-bottom\" >\n\n\t\t<div class=\"box-image\" >\n\t\t\t<a href=\"#\" >\t\t\t<div class=\"image-zoom image-cover\" style=\"padding-top:100%;\">\n\t\t\t\t<img decoding=\"async\" width=\"911\" height=\"1214\" src=\"https:\/\/treelofts.com\/wp-content\/uploads\/2025\/02\/10006.webp\" class=\"attachment- size-\" alt=\"\" srcset=\"https:\/\/treelofts.com\/wp-content\/uploads\/2025\/02\/10006.webp 911w, https:\/\/treelofts.com\/wp-content\/uploads\/2025\/02\/10006-300x400.webp 300w, https:\/\/treelofts.com\/wp-content\/uploads\/2025\/02\/10006-600x800.webp 600w, https:\/\/treelofts.com\/wp-content\/uploads\/2025\/02\/10006-768x1023.webp 768w\" sizes=\"(max-width: 911px) 100vw, 911px\" title=\"\">\t\t\t\t\t\t\t\t\t\t\t<\/div>\n\t\t\t<\/a>\t\t<\/div>\n\n\t\t<div class=\"box-text text-center\" >\n\t\t\t<div class=\"box-text-inner\">\n\t\t\t\t\n\n<h6>El moderno loft en la copa de un \u00e1rbol<\/h6>\n<h3><strong><span style=\"font-size: 150%;\">3.Seattle, WA<\/span><\/strong><\/h3>\n\t<div id=\"gap-724369171\" class=\"gap-element clearfix\" style=\"display:block; height:auto;\">\n\t\t\n<style>\n#gap-724369171 {\n  padding-top: 10px;\n}\n<\/style>\n\t<\/div>\n\t\n\n<p><strong>Tipo de casa en el \u00e1rbol:<\/strong> Casa en un \u00e1rbol<\/p>\n<p><strong>A\u00f1o de construcci\u00f3n:\u00a0<\/strong>2024<\/p>\n<a href=\"https:\/\/treelofts.com\/es\/contacto\/\" target=\"_blank\" class=\"button primary is-underline box-shadow-1-hover\" rel=\"noopener\"  >\n\t\t<span>leer m\u00e1s<\/span>\n\t<\/a>\n\n\n\n\t\t\t<\/div>\n\t\t<\/div>\n\t<\/div>\n\t\n\n\t\t<\/div>\n\t\t\t\t\t<\/div>\n\n\t\n\n\n<style>\n#row-2038117096 > .col > .col-inner {\n  padding: 0px 0px 0px 0px;\n}\n<\/style>\n<\/div>\n\n\t\t<\/div>\n\n\t\t\n<style>\n#section_869437557 {\n  padding-top: 30px;\n  padding-bottom: 30px;\n}\n<\/style>\n\t<\/section>\n\t\n\n\t<section class=\"section\" id=\"section_1251652102\">\n\t\t<div class=\"section-bg fill\" >\n\t\t\t\t\t\t\t\t\t\n\t\t\t\n\n\t\t<\/div>\n\n\t\t\n\n\t\t<div class=\"section-content relative\">\n\t\t\t\n\n<div class=\"row row-large\" style=\"max-width:1400px\" id=\"row-1614647772\">\n\n\n\t<div id=\"col-601914565\" class=\"col medium-4 small-12 large-4\"  >\n\t\t\t\t<div class=\"col-inner\"  >\n\t\t\t\n\t\t\t\n\n\t<div class=\"box has-hover   has-hover box-text-bottom\" >\n\n\t\t<div class=\"box-image\" >\n\t\t\t<a href=\"#\" >\t\t\t<div class=\"image-zoom image-cover\" style=\"padding-top:100%;\">\n\t\t\t\t<img decoding=\"async\" width=\"908\" height=\"1211\" src=\"https:\/\/treelofts.com\/wp-content\/uploads\/2025\/02\/tree-house-6.webp\" class=\"attachment- size-\" alt=\"\" srcset=\"https:\/\/treelofts.com\/wp-content\/uploads\/2025\/02\/tree-house-6.webp 908w, https:\/\/treelofts.com\/wp-content\/uploads\/2025\/02\/tree-house-6-300x400.webp 300w, https:\/\/treelofts.com\/wp-content\/uploads\/2025\/02\/tree-house-6-600x800.webp 600w, https:\/\/treelofts.com\/wp-content\/uploads\/2025\/02\/tree-house-6-768x1024.webp 768w\" sizes=\"(max-width: 908px) 100vw, 908px\" title=\"\">\t\t\t\t\t\t\t\t\t\t\t<\/div>\n\t\t\t<\/a>\t\t<\/div>\n\n\t\t<div class=\"box-text text-center\" >\n\t\t\t<div class=\"box-text-inner\">\n\t\t\t\t\n\n<h6>El espacio perfecto para relajarse y cuidarse<\/h6>\n<h3><strong><span style=\"font-size: 150%;\">4.Sedona, AZ<\/span><\/strong><\/h3>\n\t<div id=\"gap-1363292160\" class=\"gap-element clearfix\" style=\"display:block; height:auto;\">\n\t\t\n<style>\n#gap-1363292160 {\n  padding-top: 10px;\n}\n<\/style>\n\t<\/div>\n\t\n\n<p><strong>Tipo de casa en el \u00e1rbol:<\/strong> Casa en un \u00e1rbol<\/p>\n<p><strong>A\u00f1o de construcci\u00f3n:\u00a0<\/strong>2023<\/p>\n<a href=\"https:\/\/treelofts.com\/es\/contacto\/\" target=\"_blank\" class=\"button primary is-underline box-shadow-5-hover\" rel=\"noopener\"  >\n\t\t<span>leer m\u00e1s<\/span>\n\t<\/a>\n\n\n\n\t\t\t<\/div>\n\t\t<\/div>\n\t<\/div>\n\t\n\n\t\t<\/div>\n\t\t\t\t\t<\/div>\n\n\t\n\n\t<div id=\"col-204161800\" class=\"col medium-4 small-12 large-4\"  >\n\t\t\t\t<div class=\"col-inner\"  >\n\t\t\t\n\t\t\t\n\n\t<div class=\"box has-hover   has-hover box-text-bottom\" >\n\n\t\t<div class=\"box-image\" >\n\t\t\t<a href=\"#\" >\t\t\t<div class=\"image-zoom image-cover\" style=\"padding-top:100%;\">\n\t\t\t\t<img decoding=\"async\" width=\"1024\" height=\"1366\" src=\"https:\/\/treelofts.com\/wp-content\/uploads\/2025\/02\/Scandinavian-style-tree-house-3.webp\" class=\"attachment- size-\" alt=\"\" srcset=\"https:\/\/treelofts.com\/wp-content\/uploads\/2025\/02\/Scandinavian-style-tree-house-3.webp 1024w, https:\/\/treelofts.com\/wp-content\/uploads\/2025\/02\/Scandinavian-style-tree-house-3-300x400.webp 300w, https:\/\/treelofts.com\/wp-content\/uploads\/2025\/02\/Scandinavian-style-tree-house-3-600x800.webp 600w, https:\/\/treelofts.com\/wp-content\/uploads\/2025\/02\/Scandinavian-style-tree-house-3-768x1025.webp 768w, https:\/\/treelofts.com\/wp-content\/uploads\/2025\/02\/Scandinavian-style-tree-house-3-1000x1334.webp 1000w\" sizes=\"(max-width: 1024px) 100vw, 1024px\" title=\"\">\t\t\t\t\t\t\t\t\t\t\t<\/div>\n\t\t\t<\/a>\t\t<\/div>\n\n\t\t<div class=\"box-text text-center\" >\n\t\t\t<div class=\"box-text-inner\">\n\t\t\t\t\n\n<h6>Santuario de Lakeview<\/h6>\n<h3><strong><span style=\"font-size: 150%;\">5.Lake Tahoe, CA<\/span><\/strong><\/h3>\n\t<div id=\"gap-534567269\" class=\"gap-element clearfix\" style=\"display:block; height:auto;\">\n\t\t\n<style>\n#gap-534567269 {\n  padding-top: 10px;\n}\n<\/style>\n\t<\/div>\n\t\n\n<p><strong>Tipo de casa en el \u00e1rbol:<\/strong>\u00a0Casa en 2 \u00e1rboles<\/p>\n<p><strong>A\u00f1o de construcci\u00f3n:\u00a0<\/strong>2024<\/p>\n<a href=\"https:\/\/treelofts.com\/es\/contacto\/\" target=\"_blank\" class=\"button primary is-underline box-shadow-1-hover\" rel=\"noopener\"  >\n\t\t<span>leer m\u00e1s<\/span>\n\t<\/a>\n\n\n\n\t\t\t<\/div>\n\t\t<\/div>\n\t<\/div>\n\t\n\n\t\t<\/div>\n\t\t\t\t\t<\/div>\n\n\t\n\n\t<div id=\"col-1293115838\" class=\"col medium-4 small-12 large-4\"  >\n\t\t\t\t<div class=\"col-inner\"  >\n\t\t\t\n\t\t\t\n\n\t<div class=\"box has-hover   has-hover box-text-bottom\" >\n\n\t\t<div class=\"box-image\" >\n\t\t\t<a href=\"#\" >\t\t\t<div class=\"image-zoom image-cover\" style=\"padding-top:100%;\">\n\t\t\t\t<img decoding=\"async\" width=\"928\" height=\"1232\" src=\"https:\/\/treelofts.com\/wp-content\/uploads\/2025\/02\/Why-Enchanted-Treehouses-Are-the-Hottest-Backyard-Trend-of-2024-4.webp\" class=\"attachment- size-\" alt=\"\" srcset=\"https:\/\/treelofts.com\/wp-content\/uploads\/2025\/02\/Why-Enchanted-Treehouses-Are-the-Hottest-Backyard-Trend-of-2024-4.webp 928w, https:\/\/treelofts.com\/wp-content\/uploads\/2025\/02\/Why-Enchanted-Treehouses-Are-the-Hottest-Backyard-Trend-of-2024-4-301x400.webp 301w, https:\/\/treelofts.com\/wp-content\/uploads\/2025\/02\/Why-Enchanted-Treehouses-Are-the-Hottest-Backyard-Trend-of-2024-4-603x800.webp 603w, https:\/\/treelofts.com\/wp-content\/uploads\/2025\/02\/Why-Enchanted-Treehouses-Are-the-Hottest-Backyard-Trend-of-2024-4-768x1020.webp 768w\" sizes=\"(max-width: 928px) 100vw, 928px\" title=\"\">\t\t\t\t\t\t\t\t\t\t\t<\/div>\n\t\t\t<\/a>\t\t<\/div>\n\n\t\t<div class=\"box-text text-center\" >\n\t\t\t<div class=\"box-text-inner\">\n\t\t\t\t\n\n<h6>Retiro en el bosque<\/h6>\n<h3><strong><span style=\"font-size: 150%;\">6.Asheville, NC<\/span><\/strong><\/h3>\n\t<div id=\"gap-2063451083\" class=\"gap-element clearfix\" style=\"display:block; height:auto;\">\n\t\t\n<style>\n#gap-2063451083 {\n  padding-top: 10px;\n}\n<\/style>\n\t<\/div>\n\t\n\n<p><strong>Tipo de casa en el \u00e1rbol:<\/strong> Casa en un \u00e1rbol<\/p>\n<p><strong>A\u00f1o de construcci\u00f3n:\u00a0<\/strong>2021<\/p>\n<a href=\"https:\/\/treelofts.com\/es\/contacto\/\" target=\"_blank\" class=\"button primary is-underline box-shadow-1-hover\" rel=\"noopener\"  >\n\t\t<span>leer m\u00e1s<\/span>\n\t<\/a>\n\n\n\n\t\t\t<\/div>\n\t\t<\/div>\n\t<\/div>\n\t\n\n\t\t<\/div>\n\t\t\t\t\t<\/div>\n\n\t\n\n\n<style>\n#row-1614647772 > .col > .col-inner {\n  padding: 0px 0px 0px 0px;\n}\n<\/style>\n<\/div>\n\n\t\t<\/div>\n\n\t\t\n<style>\n#section_1251652102 {\n  padding-top: 30px;\n  padding-bottom: 30px;\n}\n<\/style>\n\t<\/section>\n\t\n\n\t<section class=\"section\" id=\"section_416556251\">\n\t\t<div class=\"section-bg fill\" >\n\t\t\t\t\t\t\t\t\t\n\t\t\t\n\n\t\t<\/div>\n\n\t\t\n\n\t\t<div class=\"section-content relative\">\n\t\t\t\n\n<div class=\"row row-collapse align-center\"  id=\"row-1499451919\">\n\n\n\t<div id=\"col-284384971\" class=\"col medium-8 small-10 large-7\"  >\n\t\t\t\t<div class=\"col-inner text-center\"  >\n\t\t\t\n\t\t\t\n\n<h2 data-start=\"5666\" data-end=\"5735\"><strong data-start=\"5669\" data-end=\"5733\">\u00bfSue\u00f1a con su propia casa en el \u00e1rbol? \u00a1Hag\u00e1moslo realidad!<\/strong><\/h2>\n<p>Desde sus modestos or\u00edgenes en el patio trasero, las casas en los \u00e1rboles han evolucionado mucho. Una casa en el \u00e1rbol dise\u00f1ada a medida puede ayudarte a hacer realidad tus ideas, tanto si buscas un refugio de lujo, una escapada tranquila o una casa en el bosque totalmente funcional.<\/p>\n<p>Nuestro personal est\u00e1 especializado en la construcci\u00f3n de casas en los \u00e1rboles \u00fanicas que combinan comodidad, utilidad y belleza natural. Tanto si su objetivo es una casa en el \u00e1rbol de varios niveles como un c\u00f3modo rinc\u00f3n de lectura, construimos con maestr\u00eda el dise\u00f1o de sus sue\u00f1os prestando gran atenci\u00f3n a los detalles.<\/p>\n<a href=\"https:\/\/treelofts.com\/es\/contacto\/\" class=\"button primary\"  >\n\t\t<span>comience hoy mismo su viaje a la casa del \u00e1rbol<\/span>\n\t<\/a>\n\n\n\n\t\t<\/div>\n\t\t\t\t\t<\/div>\n\n\t\n\n<\/div>\n\n\t\t<\/div>\n\n\t\t\n<style>\n#section_416556251 {\n  padding-top: 0px;\n  padding-bottom: 0px;\n}\n@media (min-width:550px) {\n  #section_416556251 {\n    padding-top: 30px;\n    padding-bottom: 30px;\n  }\n}\n<\/style>\n\t<\/section>","protected":false},"excerpt":{"rendered":"","protected":false},"author":5,"featured_media":0,"parent":0,"menu_order":0,"comment_status":"closed","ping_status":"closed","template":"","meta":{"footnotes":""},"class_list":["post-1269","page","type-page","status-publish","hentry"],"_links":{"self":[{"href":"https:\/\/treelofts.com\/es\/wp-json\/wp\/v2\/pages\/1269","targetHints":{"allow":["GET"]}}],"collection":[{"href":"https:\/\/treelofts.com\/es\/wp-json\/wp\/v2\/pages"}],"about":[{"href":"https:\/\/treelofts.com\/es\/wp-json\/wp\/v2\/types\/page"}],"author":[{"embeddable":true,"href":"https:\/\/treelofts.com\/es\/wp-json\/wp\/v2\/users\/5"}],"replies":[{"embeddable":true,"href":"https:\/\/treelofts.com\/es\/wp-json\/wp\/v2\/comments?post=1269"}],"version-history":[{"count":0,"href":"https:\/\/treelofts.com\/es\/wp-json\/wp\/v2\/pages\/1269\/revisions"}],"wp:attachment":[{"href":"https:\/\/treelofts.com\/es\/wp-json\/wp\/v2\/media?parent=1269"}],"curies":[{"name":"wp","href":"https:\/\/api.w.org\/{rel}","templated":true}]}}