{"id":1287,"date":"2025-02-12T18:45:02","date_gmt":"2025-02-13T02:45:02","guid":{"rendered":"https:\/\/azh5n13ivf.onrocket.site\/?page_id=1287"},"modified":"2025-02-13T19:33:17","modified_gmt":"2025-02-14T03:33:17","slug":"alcorques-comerciales","status":"publish","type":"page","link":"https:\/\/treelofts.com\/es\/alcorques-comerciales\/","title":{"rendered":"Casas en los \u00e1rboles comerciales"},"content":{"rendered":"<section class=\"section\" id=\"section_1442538462\">\n\t\t<div class=\"section-bg fill\" >\n\t\t\t\t\t\t\t\t\t\n\t\t\t\n\n\t\t<\/div>\n\n\t\t\n\n\t\t<div class=\"section-content relative\">\n\t\t\t\n\n\t<div id=\"gap-2123138859\" class=\"gap-element clearfix\" style=\"display:block; height:auto;\">\n\t\t\n<style>\n#gap-2123138859 {\n  padding-top: 30px;\n}\n<\/style>\n\t<\/div>\n\t\n\n<div class=\"row align-center\"  id=\"row-1292805748\">\n\n\n\t<div id=\"col-369581897\" class=\"col medium-10 small-12 large-10\"  >\n\t\t\t\t<div class=\"col-inner text-center\"  >\n\t\t\t\n\t\t\t\n\n<h3>Impresionantes construcciones que llevan el negocio a nuevas cotas<\/h3>\n<h2><strong><span style=\"font-size: 150%;\">Casas en los \u00e1rboles comerciales<\/span><\/strong><\/h2>\n<p>Las casas en los \u00e1rboles est\u00e1n transformando los entornos comerciales en lugar de limitarse a ofrecer un refugio para los ni\u00f1os o una escapada al patio trasero. Desde lujosos resorts ecol\u00f3gicos hasta restaurantes en las copas de los \u00e1rboles y parques de aventura, empresas de todo el mundo utilizan dise\u00f1os elevados para atraer clientes y ofrecer experiencias extraordinarias. Las casas en los \u00e1rboles comerciales ofrecen una mezcla especial de entorno, aventura y creatividad, ya se trate de un Airbnb en la copa de un \u00e1rbol, un lugar para bodas o una peque\u00f1a cafeter\u00eda.<\/p>\n<p>Las casas en los \u00e1rboles ya no son s\u00f3lo una fantas\u00eda de la infancia. Hoy en d\u00eda, son una audaz acci\u00f3n corporativa que ofrece una experiencia inmersiva al tiempo que apoya la innovaci\u00f3n y el ecologismo. <\/p>\n<a href=\"https:\/\/treelofts.com\/es\/contacto\/\" target=\"_blank\" class=\"button primary is-underline box-shadow-1-hover\" rel=\"noopener\"  >\n\t\t<span>comience hoy mismo su viaje a la casa del \u00e1rbol<\/span>\n\t<\/a>\n\n\n\n\t\t<\/div>\n\t\t\t\t\t<\/div>\n\n\t\n\n<\/div>\n\n\t\t<\/div>\n\n\t\t\n<style>\n#section_1442538462 {\n  padding-top: 30px;\n  padding-bottom: 30px;\n}\n<\/style>\n\t<\/section>\n\t\n\n\t<section class=\"section\" id=\"section_144641546\">\n\t\t<div class=\"section-bg fill\" >\n\t\t\t\t\t\t\t\t\t\n\t\t\t\n\n\t\t<\/div>\n\n\t\t\n\n\t\t<div class=\"section-content relative\">\n\t\t\t\n\n<div class=\"row row-large\" style=\"max-width:1400px\" id=\"row-593733612\">\n\n\n\t<div id=\"col-108354098\" class=\"col medium-4 small-12 large-4\"  >\n\t\t\t\t<div class=\"col-inner\"  >\n\t\t\t\n\t\t\t\n\n\t<div class=\"box has-hover   has-hover box-text-bottom\" >\n\n\t\t<div class=\"box-image\" >\n\t\t\t<a href=\"#\" >\t\t\t<div class=\"image-zoom image-cover\" style=\"padding-top:100%;\">\n\t\t\t\t<img decoding=\"async\" width=\"1024\" height=\"683\" src=\"https:\/\/treelofts.com\/wp-content\/uploads\/2025\/02\/Tree-House-119.jpg\" class=\"attachment- size-\" alt=\"\" srcset=\"https:\/\/treelofts.com\/wp-content\/uploads\/2025\/02\/Tree-House-119.jpg 1024w, https:\/\/treelofts.com\/wp-content\/uploads\/2025\/02\/Tree-House-119-600x400.jpg 600w, https:\/\/treelofts.com\/wp-content\/uploads\/2025\/02\/Tree-House-119-768x512.jpg 768w, https:\/\/treelofts.com\/wp-content\/uploads\/2025\/02\/Tree-House-119-1000x667.jpg 1000w\" sizes=\"(max-width: 1024px) 100vw, 1024px\" title=\"\">\t\t\t\t\t\t\t\t\t\t\t<\/div>\n\t\t\t<\/a>\t\t<\/div>\n\n\t\t<div class=\"box-text text-center\" >\n\t\t\t<div class=\"box-text-inner\">\n\t\t\t\t\n\n<h6>The Vineyard Treetop Resort<\/h6>\n<h3><strong><span style=\"font-size: 150%;\">1.Valle de Napa, CA<\/span><\/strong><\/h3>\n\t<div id=\"gap-218372046\" class=\"gap-element clearfix\" style=\"display:block; height:auto;\">\n\t\t\n<style>\n#gap-218372046 {\n  padding-top: 10px;\n}\n<\/style>\n\t<\/div>\n\t\n\n<p><strong>Tipo de casa en el \u00e1rbol:<\/strong> Casa en 3 \u00e1rboles<\/p>\n<p><strong>A\u00f1o de construcci\u00f3n:\u00a0<\/strong>2022<\/p>\n<a href=\"https:\/\/treelofts.com\/es\/contacto\/\" target=\"_blank\" class=\"button primary is-underline box-shadow-1-hover\" rel=\"noopener\"  >\n\t\t<span>leer m\u00e1s<\/span>\n\t<\/a>\n\n\n\n\t\t\t<\/div>\n\t\t<\/div>\n\t<\/div>\n\t\n\n\t\t<\/div>\n\t\t\t\t\t<\/div>\n\n\t\n\n\t<div id=\"col-1504936169\" class=\"col medium-4 small-12 large-4\"  >\n\t\t\t\t<div class=\"col-inner\"  >\n\t\t\t\n\t\t\t\n\n\t<div class=\"box has-hover   has-hover box-text-bottom\" >\n\n\t\t<div class=\"box-image\" >\n\t\t\t<a href=\"#\" >\t\t\t<div class=\"image-zoom image-cover\" style=\"padding-top:100%;\">\n\t\t\t\t<img decoding=\"async\" width=\"1015\" height=\"1024\" src=\"https:\/\/treelofts.com\/wp-content\/uploads\/2025\/02\/Tree-House-17.jpg\" class=\"attachment- size-\" alt=\"\" srcset=\"https:\/\/treelofts.com\/wp-content\/uploads\/2025\/02\/Tree-House-17.jpg 1015w, https:\/\/treelofts.com\/wp-content\/uploads\/2025\/02\/Tree-House-17-396x400.jpg 396w, https:\/\/treelofts.com\/wp-content\/uploads\/2025\/02\/Tree-House-17-793x800.jpg 793w, https:\/\/treelofts.com\/wp-content\/uploads\/2025\/02\/Tree-House-17-768x775.jpg 768w, https:\/\/treelofts.com\/wp-content\/uploads\/2025\/02\/Tree-House-17-1000x1009.jpg 1000w, https:\/\/treelofts.com\/wp-content\/uploads\/2025\/02\/Tree-House-17-100x100.jpg 100w\" sizes=\"(max-width: 1015px) 100vw, 1015px\" title=\"\">\t\t\t\t\t\t\t\t\t\t\t<\/div>\n\t\t\t<\/a>\t\t<\/div>\n\n\t\t<div class=\"box-text text-center\" >\n\t\t\t<div class=\"box-text-inner\">\n\t\t\t\t\n\n<h6>La casa del \u00e1rbol del huerto urbano<\/h6>\n<h3><strong><span style=\"font-size: 150%;\">2.Chicago, IL<\/span><\/strong><\/h3>\n\t<div id=\"gap-1430236053\" class=\"gap-element clearfix\" style=\"display:block; height:auto;\">\n\t\t\n<style>\n#gap-1430236053 {\n  padding-top: 10px;\n}\n<\/style>\n\t<\/div>\n\t\n\n<p><strong>Tipo de casa en el \u00e1rbol:<\/strong>\u00a0Casa en 2 \u00e1rboles<\/p>\n<p><strong>A\u00f1o de construcci\u00f3n:\u00a0<\/strong>2021<\/p>\n<a href=\"https:\/\/treelofts.com\/es\/contacto\/\" target=\"_blank\" class=\"button primary is-underline box-shadow-1-hover\" rel=\"noopener\"  >\n\t\t<span>leer m\u00e1s<\/span>\n\t<\/a>\n\n\n\n\t\t\t<\/div>\n\t\t<\/div>\n\t<\/div>\n\t\n\n\t\t<\/div>\n\t\t\t\t\t<\/div>\n\n\t\n\n\t<div id=\"col-1342807128\" class=\"col medium-4 small-12 large-4\"  >\n\t\t\t\t<div class=\"col-inner\"  >\n\t\t\t\n\t\t\t\n\n\t<div class=\"box has-hover   has-hover box-text-bottom\" >\n\n\t\t<div class=\"box-image\" >\n\t\t\t<a href=\"#\" >\t\t\t<div class=\"image-zoom image-cover\" style=\"padding-top:100%;\">\n\t\t\t\t<img decoding=\"async\" width=\"1242\" height=\"1656\" src=\"https:\/\/treelofts.com\/wp-content\/uploads\/2025\/02\/Tree-House-1.jpeg\" class=\"attachment- size-\" alt=\"\" srcset=\"https:\/\/treelofts.com\/wp-content\/uploads\/2025\/02\/Tree-House-1.jpeg 1242w, https:\/\/treelofts.com\/wp-content\/uploads\/2025\/02\/Tree-House-1-300x400.jpeg 300w, https:\/\/treelofts.com\/wp-content\/uploads\/2025\/02\/Tree-House-1-600x800.jpeg 600w, https:\/\/treelofts.com\/wp-content\/uploads\/2025\/02\/Tree-House-1-768x1024.jpeg 768w, https:\/\/treelofts.com\/wp-content\/uploads\/2025\/02\/Tree-House-1-1152x1536.jpeg 1152w, https:\/\/treelofts.com\/wp-content\/uploads\/2025\/02\/Tree-House-1-1000x1333.jpeg 1000w\" sizes=\"(max-width: 1242px) 100vw, 1242px\" title=\"\">\t\t\t\t\t\t\t\t\t\t\t<\/div>\n\t\t\t<\/a>\t\t<\/div>\n\n\t\t<div class=\"box-text text-center\" >\n\t\t\t<div class=\"box-text-inner\">\n\t\t\t\t\n\n<h6>Mirador de las Monta\u00f1as Humeantes<\/h6>\n<h3><strong><span style=\"font-size: 150%;\">3.Gatlinburg, TN<\/span><\/strong><\/h3>\n\t<div id=\"gap-1339586518\" class=\"gap-element clearfix\" style=\"display:block; height:auto;\">\n\t\t\n<style>\n#gap-1339586518 {\n  padding-top: 10px;\n}\n<\/style>\n\t<\/div>\n\t\n\n<p><strong>Tipo de casa en el \u00e1rbol:<\/strong>\u00a0Casa en 2 \u00e1rboles<\/p>\n<p><strong>A\u00f1o de construcci\u00f3n:\u00a0<\/strong>2023<\/p>\n<a href=\"https:\/\/treelofts.com\/es\/contacto\/\" target=\"_blank\" class=\"button primary is-underline box-shadow-1-hover\" rel=\"noopener\"  >\n\t\t<span>leer m\u00e1s<\/span>\n\t<\/a>\n\n\n\n\t\t\t<\/div>\n\t\t<\/div>\n\t<\/div>\n\t\n\n\t\t<\/div>\n\t\t\t\t\t<\/div>\n\n\t\n\n\n<style>\n#row-593733612 > .col > .col-inner {\n  padding: 0px 0px 0px 0px;\n}\n<\/style>\n<\/div>\n\n\t\t<\/div>\n\n\t\t\n<style>\n#section_144641546 {\n  padding-top: 30px;\n  padding-bottom: 30px;\n}\n<\/style>\n\t<\/section>\n\t\n\n\t<section class=\"section\" id=\"section_1460670148\">\n\t\t<div class=\"section-bg fill\" >\n\t\t\t\t\t\t\t\t\t\n\t\t\t\n\n\t\t<\/div>\n\n\t\t\n\n\t\t<div class=\"section-content relative\">\n\t\t\t\n\n<div class=\"row row-large\" style=\"max-width:1400px\" id=\"row-348041449\">\n\n\n\t<div id=\"col-255785510\" class=\"col medium-4 small-12 large-4\"  >\n\t\t\t\t<div class=\"col-inner\"  >\n\t\t\t\n\t\t\t\n\n\t<div class=\"box has-hover   has-hover box-text-bottom\" >\n\n\t\t<div class=\"box-image\" >\n\t\t\t<a href=\"#\" >\t\t\t<div class=\"image-zoom image-cover\" style=\"padding-top:100%;\">\n\t\t\t\t<img decoding=\"async\" width=\"1024\" height=\"683\" src=\"https:\/\/treelofts.com\/wp-content\/uploads\/2025\/02\/Tree-House-73.jpg\" class=\"attachment- size-\" alt=\"Las 7 mejores opciones de cubiertas para casitas de \u00e1rbol: Elija la cubierta perfecta\" srcset=\"https:\/\/treelofts.com\/wp-content\/uploads\/2025\/02\/Tree-House-73.jpg 1024w, https:\/\/treelofts.com\/wp-content\/uploads\/2025\/02\/Tree-House-73-600x400.jpg 600w, https:\/\/treelofts.com\/wp-content\/uploads\/2025\/02\/Tree-House-73-768x512.jpg 768w, https:\/\/treelofts.com\/wp-content\/uploads\/2025\/02\/Tree-House-73-1000x667.jpg 1000w\" sizes=\"(max-width: 1024px) 100vw, 1024px\" title=\"\">\t\t\t\t\t\t\t\t\t\t\t<\/div>\n\t\t\t<\/a>\t\t<\/div>\n\n\t\t<div class=\"box-text text-center\" >\n\t\t\t<div class=\"box-text-inner\">\n\t\t\t\t\n\n<h6>El Jungle Canopy Lodge<\/h6>\n<h3><strong><span style=\"font-size: 150%;\">4.Kerala, India<\/span><\/strong><\/h3>\n\t<div id=\"gap-1710414960\" class=\"gap-element clearfix\" style=\"display:block; height:auto;\">\n\t\t\n<style>\n#gap-1710414960 {\n  padding-top: 10px;\n}\n<\/style>\n\t<\/div>\n\t\n\n<p><strong>Tipo de casa en el \u00e1rbol:<\/strong>\u00a0Casa en 2 \u00e1rboles<\/p>\n<p><strong>A\u00f1o de construcci\u00f3n:\u00a0<\/strong>2024<\/p>\n<a href=\"https:\/\/treelofts.com\/es\/contacto\/\" target=\"_blank\" class=\"button primary is-underline box-shadow-1-hover\" rel=\"noopener\"  >\n\t\t<span>leer m\u00e1s<\/span>\n\t<\/a>\n\n\n\n\t\t\t<\/div>\n\t\t<\/div>\n\t<\/div>\n\t\n\n\t\t<\/div>\n\t\t\t\t\t<\/div>\n\n\t\n\n\t<div id=\"col-1463677847\" class=\"col medium-4 small-12 large-4\"  >\n\t\t\t\t<div class=\"col-inner\"  >\n\t\t\t\n\t\t\t\n\n\t<div class=\"box has-hover   has-hover box-text-bottom\" >\n\n\t\t<div class=\"box-image\" >\n\t\t\t<a href=\"#\" >\t\t\t<div class=\"image-zoom image-cover\" style=\"padding-top:100%;\">\n\t\t\t\t<img decoding=\"async\" width=\"1024\" height=\"683\" src=\"https:\/\/treelofts.com\/wp-content\/uploads\/2025\/02\/No-Tree-Treehouse.jpg\" class=\"attachment- size-\" alt=\"\" srcset=\"https:\/\/treelofts.com\/wp-content\/uploads\/2025\/02\/No-Tree-Treehouse.jpg 1024w, https:\/\/treelofts.com\/wp-content\/uploads\/2025\/02\/No-Tree-Treehouse-600x400.jpg 600w, https:\/\/treelofts.com\/wp-content\/uploads\/2025\/02\/No-Tree-Treehouse-768x512.jpg 768w, https:\/\/treelofts.com\/wp-content\/uploads\/2025\/02\/No-Tree-Treehouse-1000x667.jpg 1000w\" sizes=\"(max-width: 1024px) 100vw, 1024px\" title=\"\">\t\t\t\t\t\t\t\t\t\t\t<\/div>\n\t\t\t<\/a>\t\t<\/div>\n\n\t\t<div class=\"box-text text-center\" >\n\t\t\t<div class=\"box-text-inner\">\n\t\t\t\t\n\n<h6>Lakeside Playhouse<\/h6>\n<h3><strong><span style=\"font-size: 150%;\">5.Wisconsin<\/span><\/strong><\/h3>\n\t<div id=\"gap-1155241143\" class=\"gap-element clearfix\" style=\"display:block; height:auto;\">\n\t\t\n<style>\n#gap-1155241143 {\n  padding-top: 10px;\n}\n<\/style>\n\t<\/div>\n\t\n\n<p><strong>Tipo de casa en el \u00e1rbol:<\/strong> Casa en un \u00e1rbol<\/p>\n<p><strong>A\u00f1o de construcci\u00f3n:\u00a0<\/strong>2020<\/p>\n<a href=\"https:\/\/treelofts.com\/es\/contacto\/\" target=\"_blank\" class=\"button primary is-underline box-shadow-1-hover\" rel=\"noopener\"  >\n\t\t<span>leer m\u00e1s<\/span>\n\t<\/a>\n\n\n\n\t\t\t<\/div>\n\t\t<\/div>\n\t<\/div>\n\t\n\n\t\t<\/div>\n\t\t\t\t\t<\/div>\n\n\t\n\n\t<div id=\"col-800264405\" class=\"col medium-4 small-12 large-4\"  >\n\t\t\t\t<div class=\"col-inner\"  >\n\t\t\t\n\t\t\t\n\n\t<div class=\"box has-hover   has-hover box-text-bottom\" >\n\n\t\t<div class=\"box-image\" >\n\t\t\t<a href=\"#\" >\t\t\t<div class=\"image-zoom image-cover\" style=\"padding-top:100%;\">\n\t\t\t\t<img decoding=\"async\" width=\"1024\" height=\"683\" src=\"https:\/\/treelofts.com\/wp-content\/uploads\/2025\/02\/How-to-Build-a-Modern-Tree-House-Step-by-Step-Compliance-with-2024-Building-Codes-3.jpg\" class=\"attachment- size-\" alt=\"\" srcset=\"https:\/\/treelofts.com\/wp-content\/uploads\/2025\/02\/How-to-Build-a-Modern-Tree-House-Step-by-Step-Compliance-with-2024-Building-Codes-3.jpg 1024w, https:\/\/treelofts.com\/wp-content\/uploads\/2025\/02\/How-to-Build-a-Modern-Tree-House-Step-by-Step-Compliance-with-2024-Building-Codes-3-600x400.jpg 600w, https:\/\/treelofts.com\/wp-content\/uploads\/2025\/02\/How-to-Build-a-Modern-Tree-House-Step-by-Step-Compliance-with-2024-Building-Codes-3-768x512.jpg 768w, https:\/\/treelofts.com\/wp-content\/uploads\/2025\/02\/How-to-Build-a-Modern-Tree-House-Step-by-Step-Compliance-with-2024-Building-Codes-3-1000x667.jpg 1000w\" sizes=\"(max-width: 1024px) 100vw, 1024px\" title=\"\">\t\t\t\t\t\t\t\t\t\t\t<\/div>\n\t\t\t<\/a>\t\t<\/div>\n\n\t\t<div class=\"box-text text-center\" >\n\t\t\t<div class=\"box-text-inner\">\n\t\t\t\t\n\n<h6>La casa del \u00e1rbol de Forest Retreat<\/h6>\n<h3><strong><span style=\"font-size: 150%;\">6.Minnesota, EE.UU.<\/span><\/strong><\/h3>\n\t<div id=\"gap-725019418\" class=\"gap-element clearfix\" style=\"display:block; height:auto;\">\n\t\t\n<style>\n#gap-725019418 {\n  padding-top: 10px;\n}\n<\/style>\n\t<\/div>\n\t\n\n<p><strong>Tipo de casa en el \u00e1rbol:<\/strong> Casa en un \u00e1rbol<\/p>\n<p><strong>A\u00f1o de construcci\u00f3n:\u00a0<\/strong>2022<\/p>\n<a href=\"https:\/\/treelofts.com\/es\/contacto\/\" target=\"_blank\" class=\"button primary is-underline box-shadow-1-hover\" rel=\"noopener\"  >\n\t\t<span>leer m\u00e1s<\/span>\n\t<\/a>\n\n\n\n\t\t\t<\/div>\n\t\t<\/div>\n\t<\/div>\n\t\n\n\t\t<\/div>\n\t\t\t\t\t<\/div>\n\n\t\n\n\n<style>\n#row-348041449 > .col > .col-inner {\n  padding: 0px 0px 0px 0px;\n}\n<\/style>\n<\/div>\n\n\t\t<\/div>\n\n\t\t\n<style>\n#section_1460670148 {\n  padding-top: 30px;\n  padding-bottom: 30px;\n}\n<\/style>\n\t<\/section>\n\t\n\n\t<section class=\"section\" id=\"section_1280315401\">\n\t\t<div class=\"section-bg fill\" >\n\t\t\t\t\t\t\t\t\t\n\t\t\t\n\n\t\t<\/div>\n\n\t\t\n\n\t\t<div class=\"section-content relative\">\n\t\t\t\n\n<div class=\"row row-collapse align-center\"  id=\"row-973099112\">\n\n\n\t<div id=\"col-2088465644\" class=\"col medium-8 small-10 large-8\"  >\n\t\t\t\t<div class=\"col-inner text-center\"  >\n\t\t\t\n\t\t\t\n\n<h2 data-start=\"5890\" data-end=\"5934\"><strong data-start=\"5893\" data-end=\"5932\">Por qu\u00e9 su empresa necesita una casa en el \u00e1rbol<\/strong><\/h2>\n<p>Las casas en los \u00e1rboles no son s\u00f3lo un complemento divertido: pueden ser una inversi\u00f3n revolucionaria para las empresas que buscan ofrecer algo \u00fanico, sostenible e inolvidable. <br \/>Desde complejos tur\u00edsticos de lujo hasta peque\u00f1as empresas, una casa en el \u00e1rbol bien dise\u00f1ada puede diferenciarle y dar a su marca una nueva y emocionante identidad. Si est\u00e1 pensando en a\u00f1adir una casa en el \u00e1rbol comercial a su negocio, nuestro equipo de expertos est\u00e1 aqu\u00ed para ayudarle.<\/p>\n<a href=\"https:\/\/treelofts.com\/es\/contacto\/\" class=\"button primary\"  >\n\t\t<span>comience hoy mismo su viaje a la casa del \u00e1rbol<\/span>\n\t<\/a>\n\n\n\n\t\t<\/div>\n\t\t\t\t\t<\/div>\n\n\t\n\n<\/div>\n\n\t\t<\/div>\n\n\t\t\n<style>\n#section_1280315401 {\n  padding-top: 0px;\n  padding-bottom: 0px;\n}\n@media (min-width:550px) {\n  #section_1280315401 {\n    padding-top: 30px;\n    padding-bottom: 30px;\n  }\n}\n<\/style>\n\t<\/section>","protected":false},"excerpt":{"rendered":"","protected":false},"author":5,"featured_media":0,"parent":0,"menu_order":0,"comment_status":"closed","ping_status":"closed","template":"","meta":{"footnotes":""},"class_list":["post-1287","page","type-page","status-publish","hentry"],"_links":{"self":[{"href":"https:\/\/treelofts.com\/es\/wp-json\/wp\/v2\/pages\/1287","targetHints":{"allow":["GET"]}}],"collection":[{"href":"https:\/\/treelofts.com\/es\/wp-json\/wp\/v2\/pages"}],"about":[{"href":"https:\/\/treelofts.com\/es\/wp-json\/wp\/v2\/types\/page"}],"author":[{"embeddable":true,"href":"https:\/\/treelofts.com\/es\/wp-json\/wp\/v2\/users\/5"}],"replies":[{"embeddable":true,"href":"https:\/\/treelofts.com\/es\/wp-json\/wp\/v2\/comments?post=1287"}],"version-history":[{"count":0,"href":"https:\/\/treelofts.com\/es\/wp-json\/wp\/v2\/pages\/1287\/revisions"}],"wp:attachment":[{"href":"https:\/\/treelofts.com\/es\/wp-json\/wp\/v2\/media?parent=1287"}],"curies":[{"name":"wp","href":"https:\/\/api.w.org\/{rel}","templated":true}]}}