{"id":1399,"date":"2025-02-13T17:58:15","date_gmt":"2025-02-14T01:58:15","guid":{"rendered":"https:\/\/azh5n13ivf.onrocket.site\/?page_id=1399"},"modified":"2025-02-13T18:30:30","modified_gmt":"2025-02-14T02:30:30","slug":"nuevos-toboganes","status":"publish","type":"page","link":"https:\/\/treelofts.com\/es\/nuevos-toboganes\/","title":{"rendered":"NUEVOS toboganes"},"content":{"rendered":"<div class=\"banner has-hover\" id=\"banner-188244075\">\n          <div class=\"banner-inner fill\">\n        <div class=\"banner-bg fill\" >\n            <img decoding=\"async\" width=\"1080\" height=\"1080\" src=\"https:\/\/treelofts.com\/wp-content\/uploads\/2025\/02\/NEW-Waterslides-3.jpg\" class=\"bg attachment-original size-original\" alt=\"\" title=\"\">                        <div class=\"overlay\"><\/div>            \n                    <\/div>\n\t\t\n        <div class=\"banner-layers container\">\n            <div class=\"fill banner-link\"><\/div>            \n\n   <div id=\"text-box-1312209929\" class=\"text-box banner-layer x50 md-x50 lg-x50 y50 md-y50 lg-y50 res-text\">\n                                <div class=\"text-box-content text dark\">\n              \n              <div class=\"text-inner text-center\">\n                  \n\n<h3>Lo \u00faltimo en diversi\u00f3n<\/h3>\n<h1><strong>NUEVOS toboganes<\/strong><\/h1>\n<p>\u00bfQui\u00e9n dice que descansar y escalar son fines exclusivos de las casas en los \u00e1rboles? Un NUEVO tobog\u00e1n acu\u00e1tico le ayudar\u00e1 a nivelar su aventura al aire libre. Hablemos de la m\u00e1xima emoci\u00f3n: imag\u00ednese desliz\u00e1ndose desde su refugio en la copa de un \u00e1rbol hacia una r\u00e1faga de agua fr\u00eda. Nuestros toboganes acu\u00e1ticos est\u00e1n aqu\u00ed para ofrecerle un sinf\u00edn de delicias y emociones, tanto si su casa en el \u00e1rbol necesita diversi\u00f3n como si desea crear una zona de chapoteo para sus eventos de verano.<\/p>\n\n              <\/div>\n           <\/div>\n                            \n<style>\n#text-box-1312209929 {\n  width: 84%;\n}\n#text-box-1312209929 .text-box-content {\n  font-size: 100%;\n}\n<\/style>\n    <\/div>\n \n\n        <\/div>\n      <\/div>\n\n            \n<style>\n#banner-188244075 {\n  padding-top: 668px;\n}\n#banner-188244075 .overlay {\n  background-color: rgba(0,0,0,.5);\n}\n#banner-188244075 .banner-bg img {\n  object-position: 57% 43%;\n}\n@media (min-width:550px) {\n  #banner-188244075 {\n    padding-top: 800px;\n  }\n}\n<\/style>\n  <\/div>\n\n\n\n\t<section class=\"section\" id=\"section_927532868\">\n\t\t<div class=\"section-bg fill\" >\n\t\t\t\t\t\t\t\t\t\n\t\t\t\n\n\t\t<\/div>\n\n\t\t\n\n\t\t<div class=\"section-content relative\">\n\t\t\t\n\n<div class=\"row row-collapse align-middle\" style=\"max-width:1300px\" id=\"row-1599893498\">\n\n\n\t<div id=\"col-2068841912\" class=\"col small-12 large-12\"  >\n\t\t\t\t<div class=\"col-inner\" style=\"background-color:rgb(246, 246, 246);\" >\n\t\t\t\n\t\t\t\n\n<div class=\"row row-collapse align-middle\" style=\"max-width:1300px\" id=\"row-1371908526\">\n\n\n\t<div id=\"col-493797721\" class=\"col medium-12 small-12 large-6\"  >\n\t\t\t\t<div class=\"col-inner\"  >\n\t\t\t\n\t\t\t\n\n\n  <div class=\"banner has-hover\" id=\"banner-904360189\">\n          <div class=\"banner-inner fill\">\n        <div class=\"banner-bg fill\" >\n            <img decoding=\"async\" width=\"1080\" height=\"1080\" src=\"https:\/\/treelofts.com\/wp-content\/uploads\/2025\/02\/NEW-Waterslides-4.jpg\" class=\"bg attachment-original size-original\" alt=\"\" title=\"\">                                    \n                    <\/div>\n\t\t\n        <div class=\"banner-layers container\">\n            <div class=\"fill banner-link\"><\/div>            \n\n   <div id=\"text-box-339730042\" class=\"text-box banner-layer x50 md-x50 lg-x50 y50 md-y50 lg-y50 res-text\">\n                                <div class=\"text-box-content text dark\">\n              \n              <div class=\"text-inner text-center\">\n                  \n\n\n              <\/div>\n           <\/div>\n                            \n<style>\n#text-box-339730042 {\n  width: 60%;\n}\n#text-box-339730042 .text-box-content {\n  font-size: 100%;\n}\n@media (min-width:550px) {\n  #text-box-339730042 {\n    width: 60%;\n  }\n}\n<\/style>\n    <\/div>\n \n\n        <\/div>\n      <\/div>\n\n            \n<style>\n#banner-904360189 {\n  padding-top: 300px;\n  background-color: rgb(255,255,255);\n}\n#banner-904360189 .banner-bg img {\n  object-position: 47% 41%;\n}\n@media (min-width:550px) {\n  #banner-904360189 {\n    padding-top: 400px;\n  }\n}\n@media (min-width:850px) {\n  #banner-904360189 {\n    padding-top: 500px;\n  }\n}\n<\/style>\n  <\/div>\n\n\n\n\t\t<\/div>\n\t\t\t\t\t<\/div>\n\n\t\n\n\t<div id=\"col-845480243\" class=\"col medium-12 small-12 large-6\"  >\n\t\t\t\t<div class=\"col-inner\" style=\"background-color:rgb(246, 246, 246);\" >\n\t\t\t\n\t\t\t\n\n\t<div id=\"text-2622029520\" class=\"text\">\n\t\t\n\n<h2 style=\"text-align: left;\" data-start=\"901\" data-end=\"952\"><strong data-start=\"905\" data-end=\"950\">Por qu\u00e9 elegir nuevos toboganes acu\u00e1ticos\uff1f<\/strong><\/h2>\n\t\t\n<style>\n#text-2622029520 {\n  font-size: 1.5rem;\n}\n<\/style>\n\t<\/div>\n\t\n<p>Aunque una casa en el \u00e1rbol ya es el lugar ideal para so\u00f1ar despierto, descansar y jugar, a\u00f1adir un tobog\u00e1n de agua la convertir\u00e1 en el para\u00edso de los amantes de las emociones fuertes. A todo el mundo le gusta esa mezcla \u00fanica de euforia y refresco que proporcionan las cascadas. En los sofocantes meses de verano, son una forma estupenda de mantenerse fresco y activo. Imag\u00ednese descendiendo a toda velocidad por una piscina o una zona de aterrizaje suave y en un minuto estar\u00e1 ascendiendo por su casa del \u00e1rbol. \u00a1Este es el tipo de aventura que nunca aburre!<\/p>\n<a href=\"https:\/\/treelofts.com\/es\/contacto\/\" class=\"button white is-outline\"  style=\"border-radius:10px;padding:10px 25px 10px 25px;\">\n\t\t<span>comience hoy mismo su viaje a la casa del \u00e1rbol<\/span>\n\t<\/a>\n\n\n\n\t\t<\/div>\n\t\t\t\t\n<style>\n#col-845480243 > .col-inner {\n  padding: 40px 30px 30px 30px;\n}\n@media (min-width:550px) {\n  #col-845480243 > .col-inner {\n    padding: 50px 75px 50px 75px;\n  }\n}\n@media (min-width:850px) {\n  #col-845480243 > .col-inner {\n    padding: 0px 75px 0px 75px;\n  }\n}\n<\/style>\n\t<\/div>\n\n\t\n\n<\/div>\n\n\t\t<\/div>\n\t\t\t\t\t<\/div>\n\n\t\n\n<\/div>\n\n\t\t<\/div>\n\n\t\t\n<style>\n#section_927532868 {\n  padding-top: 40px;\n  padding-bottom: 40px;\n}\n@media (min-width:550px) {\n  #section_927532868 {\n    padding-top: 60px;\n    padding-bottom: 60px;\n  }\n}\n<\/style>\n\t<\/section>\n\t\n\n\t<section class=\"section\" id=\"section_1521247574\">\n\t\t<div class=\"section-bg fill\" >\n\t\t\t\t\t\t\t\t\t\n\t\t\t\n\n\t\t<\/div>\n\n\t\t\n\n\t\t<div class=\"section-content relative\">\n\t\t\t\n\n\t<div id=\"gap-1977061605\" class=\"gap-element clearfix\" style=\"display:block; height:auto;\">\n\t\t\n<style>\n#gap-1977061605 {\n  padding-top: 30px;\n}\n<\/style>\n\t<\/div>\n\t\n\n<div class=\"row align-center\"  id=\"row-533955471\">\n\n\n\t<div id=\"col-1155134512\" class=\"col medium-10 small-12 large-9\"  >\n\t\t\t\t<div class=\"col-inner text-center\"  >\n\t\t\t\n\t\t\t\n\n\t<div id=\"text-1362133670\" class=\"text\">\n\t\t\n\n<h2 data-start=\"1047\" data-end=\"1073\"><strong data-start=\"1047\" data-end=\"1073\">Nuestros dise\u00f1os<\/strong><\/h2>\n\t\t\n<style>\n#text-1362133670 {\n  font-size: 1.5rem;\n}\n<\/style>\n\t<\/div>\n\t\n<p>En cuanto a los toboganes acu\u00e1ticos, pensamos en ofrecer algo especial y adaptable a su zona, gusto y necesidades de ocio. Cada casa en el \u00e1rbol es \u00fanica; por lo tanto, cada tobog\u00e1n debe serlo tambi\u00e9n. Tenemos todo lo que necesita para una aventura retorcida y giratoria que le haga volar por los aires o un tobog\u00e1n liso y tradicional para deslizarse con facilidad. Garantizamos que su tobog\u00e1n es seguro, duradero y capaz de ofrecer a\u00f1os de diversi\u00f3n gracias al uso de los mejores y m\u00e1s resistentes materiales.<\/p>\n<a href=\"https:\/\/treelofts.com\/es\/contacto\/\" target=\"_blank\" class=\"button primary is-underline box-shadow-1-hover\" rel=\"noopener\"  >\n\t\t<span>Contacto<\/span>\n\t<\/a>\n\n\n\n\t\t<\/div>\n\t\t\t\t\t<\/div>\n\n\t\n\n<\/div>\n\n\t\t<\/div>\n\n\t\t\n<style>\n#section_1521247574 {\n  padding-top: 10px;\n  padding-bottom: 10px;\n}\n@media (min-width:550px) {\n  #section_1521247574 {\n    padding-top: 30px;\n    padding-bottom: 30px;\n  }\n}\n<\/style>\n\t<\/section>\n\t\n\n\t<section class=\"section\" id=\"section_1748219952\">\n\t\t<div class=\"section-bg fill\" >\n\t\t\t\t\t\t\t\t\t\n\t\t\t\n\n\t\t<\/div>\n\n\t\t\n\n\t\t<div class=\"section-content relative\">\n\t\t\t\n\n<div class=\"row row-large align-middle align-center\" style=\"max-width:1400px\" id=\"row-186200422\">\n\n\n\t<div id=\"col-187753925\" class=\"col medium-9 small-12 large-6\"  >\n\t\t\t\t<div class=\"col-inner\"  >\n\t\t\t\n\t\t\t\n\n\n  <div class=\"banner has-hover\" id=\"banner-110426049\">\n          <div class=\"banner-inner fill\">\n        <div class=\"banner-bg fill\" >\n            <img decoding=\"async\" width=\"1080\" height=\"1080\" src=\"https:\/\/treelofts.com\/wp-content\/uploads\/2025\/02\/NEW-Waterslides-2.jpg\" class=\"bg attachment-original size-original\" alt=\"\" title=\"\">                                    \n                    <\/div>\n\t\t\n        <div class=\"banner-layers container\">\n            <div class=\"fill banner-link\"><\/div>            \n\n   <div id=\"text-box-1292834986\" class=\"text-box banner-layer x50 md-x50 lg-x50 y50 md-y50 lg-y50 res-text\">\n                                <div class=\"text-box-content text dark\">\n              \n              <div class=\"text-inner text-center\">\n                  \n\n\n              <\/div>\n           <\/div>\n                            \n<style>\n#text-box-1292834986 {\n  width: 60%;\n}\n#text-box-1292834986 .text-box-content {\n  font-size: 100%;\n}\n@media (min-width:550px) {\n  #text-box-1292834986 {\n    width: 60%;\n  }\n}\n<\/style>\n    <\/div>\n \n\n        <\/div>\n      <\/div>\n\n            \n<style>\n#banner-110426049 {\n  padding-top: 300px;\n}\n#banner-110426049 .banner-bg img {\n  object-position: 47% 48%;\n}\n@media (min-width:850px) {\n  #banner-110426049 {\n    padding-top: 70%;\n  }\n}\n<\/style>\n  <\/div>\n\n\n\n\t\t<\/div>\n\t\t\t\t\t<\/div>\n\n\t\n\n\t<div id=\"col-1524418982\" class=\"col medium-9 small-12 large-6\"  >\n\t\t\t\t<div class=\"col-inner text-left\"  >\n\t\t\t\n\t\t\t\n\n\t<div id=\"text-2560006994\" class=\"text\">\n\t\t\n\n<h2 data-start=\"1565\" data-end=\"1618\"><strong data-start=\"1565\" data-end=\"1618\">Ventajas de a\u00f1adir un tobog\u00e1n acu\u00e1tico a su casa del \u00e1rbol<\/strong><\/h2>\n\t\t\n<style>\n#text-2560006994 {\n  font-size: 1.5rem;\n}\n<\/style>\n\t<\/div>\n\t\n<p>Adem\u00e1s de proporcionar muchas ventajas, un tobog\u00e1n de agua transforma su casa del \u00e1rbol en algo muy diferente. En primer lugar, es un acceso r\u00e1pido a la diversi\u00f3n acu\u00e1tica. Los d\u00edas de desplazarse hasta la playa o la piscina han quedado atr\u00e1s; \u00a1hoy llega la diversi\u00f3n! Una forma excelente de hacer que los j\u00f3venes (\u00a1y los adultos!) se muevan y disfruten del aire fresco es el juego al aire libre animado por los toboganes acu\u00e1ticos. Tambi\u00e9n convierte cualquier casa en el \u00e1rbol en un lugar ideal para reuniones familiares, citas de juego o celebraciones. El tobog\u00e1n es la atracci\u00f3n principal y no s\u00f3lo un elemento decorativo.<\/p>\n<a href=\"https:\/\/treelofts.com\/es\/contacto\/\" target=\"_blank\" class=\"button secondary is-link box-shadow-1-hover\" rel=\"noopener\"  >\n\t\t<span>P\u00f3ngase en contacto con nosotros<\/span>\n\t<i class=\"icon-angle-right\" aria-hidden=\"true\" ><\/i><\/a>\n\n\n\n\t\t<\/div>\n\t\t\t\t\n<style>\n#col-1524418982 > .col-inner {\n  padding: 0px 0px 0px 0px;\n}\n@media (min-width:850px) {\n  #col-1524418982 > .col-inner {\n    padding: 0px 50px 0px 50px;\n  }\n}\n<\/style>\n\t<\/div>\n\n\t\n\n<\/div>\n<div class=\"row row-large align-middle align-center\" style=\"max-width:1400px\" id=\"row-956625127\">\n\n\n\t<div id=\"col-1823019004\" class=\"col medium-9 small-12 large-6\"  >\n\t\t\t\t<div class=\"col-inner text-left\"  >\n\t\t\t\n\t\t\t\n\n\t<div id=\"text-3747649873\" class=\"text\">\n\t\t\n\n<h2 data-start=\"2162\" data-end=\"2192\"><strong data-start=\"2162\" data-end=\"2192\">Personalizaci\u00f3n y funciones<\/strong><\/h2>\n\t\t\n<style>\n#text-3747649873 {\n  font-size: 1.5rem;\n}\n<\/style>\n\t<\/div>\n\t\n<p>Nuestra principal preocupaci\u00f3n es asegurarnos de que su tobog\u00e1n acu\u00e1tico sea tan distintivo como su casa del \u00e1rbol. Lo tenemos todo cubierto, desde la longitud del tobog\u00e1n hasta las opciones de curva y aterrizaje. Desea un tobog\u00e1n muy largo que le permita deslizarse por el aire y aterrizar en el oc\u00e9ano. O tal vez prefiera una curva suave, ideal para un descenso pausado y sin prisas. Podemos hacer realidad su tobog\u00e1n de fantas\u00eda sea cual sea su aspecto.<\/p>\n<p>Tampoco hay que pasar por alto la zona de aterrizaje. Trabajaremos con usted para dise\u00f1ar el final ideal de su viaje, tanto si desea una piscina con suaves chapoteaderos como si prefiere una pendiente de hierba. Al fin y al cabo, \u00a1el chapoteo es la mitad del valor del entretenimiento!<\/p>\n<a href=\"https:\/\/treelofts.com\/es\/contacto\/\" target=\"_blank\" class=\"button secondary is-link box-shadow-1-hover\" rel=\"noopener\"  >\n\t\t<span>P\u00f3ngase en contacto con nosotros<\/span>\n\t<i class=\"icon-angle-right\" aria-hidden=\"true\" ><\/i><\/a>\n\n\n\n\t\t<\/div>\n\t\t\t\t\n<style>\n#col-1823019004 > .col-inner {\n  padding: 0px 0px 0px 0px;\n}\n@media (min-width:850px) {\n  #col-1823019004 > .col-inner {\n    padding: 0px 50px 0px 50px;\n  }\n}\n<\/style>\n\t<\/div>\n\n\t\n\n\t<div id=\"col-183684082\" class=\"col medium-9 small-12 large-6 medium-col-first\"  >\n\t\t\t\t<div class=\"col-inner\"  >\n\t\t\t\n\t\t\t\n\n\n  <div class=\"banner has-hover\" id=\"banner-1998216885\">\n          <div class=\"banner-inner fill\">\n        <div class=\"banner-bg fill\" >\n            <img decoding=\"async\" width=\"1080\" height=\"1080\" src=\"https:\/\/treelofts.com\/wp-content\/uploads\/2025\/02\/NEW-Waterslides-3.jpg\" class=\"bg attachment-original size-original\" alt=\"\" title=\"\">                                    \n                    <\/div>\n\t\t\n        <div class=\"banner-layers container\">\n            <div class=\"fill banner-link\"><\/div>            \n\n   <div id=\"text-box-490434257\" class=\"text-box banner-layer x50 md-x50 lg-x50 y50 md-y50 lg-y50 res-text\">\n                                <div class=\"text-box-content text dark\">\n              \n              <div class=\"text-inner text-center\">\n                  \n\n\n              <\/div>\n           <\/div>\n                            \n<style>\n#text-box-490434257 {\n  width: 60%;\n}\n#text-box-490434257 .text-box-content {\n  font-size: 100%;\n}\n@media (min-width:550px) {\n  #text-box-490434257 {\n    width: 60%;\n  }\n}\n<\/style>\n    <\/div>\n \n\n        <\/div>\n      <\/div>\n\n            \n<style>\n#banner-1998216885 {\n  padding-top: 300px;\n}\n#banner-1998216885 .banner-bg img {\n  object-position: 48% 68%;\n}\n@media (min-width:850px) {\n  #banner-1998216885 {\n    padding-top: 70%;\n  }\n}\n<\/style>\n  <\/div>\n\n\n\n\t\t<\/div>\n\t\t\t\t\t<\/div>\n\n\t\n\n<\/div>\n\n\t\t<\/div>\n\n\t\t\n<style>\n#section_1748219952 {\n  padding-top: 0px;\n  padding-bottom: 0px;\n}\n<\/style>\n\t<\/section>\n\t\n\n\t<section class=\"section\" id=\"section_2095252641\">\n\t\t<div class=\"section-bg fill\" >\n\t\t\t\t\t\t\t\t\t\n\t\t\t\n\n\t\t<\/div>\n\n\t\t\n\n\t\t<div class=\"section-content relative\">\n\t\t\t\n\n<div class=\"row row-large align-middle align-center\" style=\"max-width:1400px\" id=\"row-94080626\">\n\n\n\t<div id=\"col-1254154567\" class=\"col medium-9 small-12 large-6\"  >\n\t\t\t\t<div class=\"col-inner\"  >\n\t\t\t\n\t\t\t\n\n\n  <div class=\"banner has-hover\" id=\"banner-346027\">\n          <div class=\"banner-inner fill\">\n        <div class=\"banner-bg fill\" >\n            <img decoding=\"async\" width=\"1080\" height=\"1080\" src=\"https:\/\/treelofts.com\/wp-content\/uploads\/2025\/02\/NEW-Waterslides-1.jpg\" class=\"bg attachment-original size-original\" alt=\"\" title=\"\">                                    \n                    <\/div>\n\t\t\n        <div class=\"banner-layers container\">\n            <div class=\"fill banner-link\"><\/div>            \n\n   <div id=\"text-box-1912019097\" class=\"text-box banner-layer x50 md-x50 lg-x50 y50 md-y50 lg-y50 res-text\">\n                                <div class=\"text-box-content text dark\">\n              \n              <div class=\"text-inner text-center\">\n                  \n\n\n              <\/div>\n           <\/div>\n                            \n<style>\n#text-box-1912019097 {\n  width: 60%;\n}\n#text-box-1912019097 .text-box-content {\n  font-size: 100%;\n}\n@media (min-width:550px) {\n  #text-box-1912019097 {\n    width: 60%;\n  }\n}\n<\/style>\n    <\/div>\n \n\n        <\/div>\n      <\/div>\n\n            \n<style>\n#banner-346027 {\n  padding-top: 300px;\n}\n#banner-346027 .banner-bg img {\n  object-position: 59% 50%;\n}\n@media (min-width:850px) {\n  #banner-346027 {\n    padding-top: 70%;\n  }\n}\n<\/style>\n  <\/div>\n\n\n\n\t\t<\/div>\n\t\t\t\t\t<\/div>\n\n\t\n\n\t<div id=\"col-1651469749\" class=\"col medium-9 small-12 large-6\"  >\n\t\t\t\t<div class=\"col-inner text-left\"  >\n\t\t\t\n\t\t\t\n\n\t<div id=\"text-1705495710\" class=\"text\">\n\t\t\n\n<h2 data-start=\"2821\" data-end=\"2847\"><strong data-start=\"2821\" data-end=\"2847\">La emoci\u00f3n del viaje<\/strong><\/h2>\n\t\t\n<style>\n#text-1705495710 {\n  font-size: 1.5rem;\n}\n<\/style>\n\t<\/div>\n\t\n<p>Un tobog\u00e1n acu\u00e1tico que simplemente no se puede repetir es muy emocionante. Se trata de ese emocionante momento en el que te sientas en la cima, con el viento en el pelo, a punto de lanzarte. Luego, la oleada de j\u00fabilo al caer y salpicar el lago. Un tobog\u00e1n acu\u00e1tico siempre proporciona esa oleada de emoci\u00f3n, ya sea para los adultos que experimentan el deleite de la infancia o para los ni\u00f1os a los que les encanta el viaje repetidamente.<\/p>\n<a href=\"https:\/\/treelofts.com\/es\/contacto\/\" target=\"_blank\" class=\"button secondary is-link box-shadow-1-hover\" rel=\"noopener\"  >\n\t\t<span>P\u00f3ngase en contacto con nosotros<\/span>\n\t<i class=\"icon-angle-right\" aria-hidden=\"true\" ><\/i><\/a>\n\n\n\n\t\t<\/div>\n\t\t\t\t\n<style>\n#col-1651469749 > .col-inner {\n  padding: 0px 0px 0px 0px;\n}\n@media (min-width:850px) {\n  #col-1651469749 > .col-inner {\n    padding: 0px 50px 0px 50px;\n  }\n}\n<\/style>\n\t<\/div>\n\n\t\n\n<\/div>\n\n\t\t<\/div>\n\n\t\t\n<style>\n#section_2095252641 {\n  padding-top: 0px;\n  padding-bottom: 0px;\n}\n<\/style>\n\t<\/section>\n\t\n<div class=\"row\"  id=\"row-61884769\">\n\n\n\t<div id=\"col-21008670\" class=\"col small-12 large-12\"  >\n\t\t\t\t<div class=\"col-inner\"  >\n\t\t\t\n\t\t\t\n\n\t<div id=\"text-4114963757\" class=\"text\">\n\t\t\n\n<h2 data-start=\"3273\" data-end=\"3317\"><strong data-start=\"3273\" data-end=\"3317\">\u00bfPor qu\u00e9 elegirnos para sus necesidades de toboganes de agua?<\/strong><\/h2>\n\t\t\n<style>\n#text-4114963757 {\n  font-size: 1.5rem;\n  text-align: center;\n}\n<\/style>\n\t<\/div>\n\t\n\t<div id=\"text-3947465506\" class=\"text\">\n\t\t\n\n<p>Elegirnos para su tobog\u00e1n acu\u00e1tico le garantiza no s\u00f3lo un tobog\u00e1n, sino tambi\u00e9n un complemento de calidad, seguro e interesante para su casa del \u00e1rbol. Cada tobog\u00e1n que creamos est\u00e1 fabricado con excelentes materiales resistentes al \u00f3xido, robustos y resistentes a las estaciones. Tambi\u00e9n tenemos en cuenta la disposici\u00f3n particular de su casa en el \u00e1rbol para que el tobog\u00e1n se adapte exactamente a su construcci\u00f3n y ofrezca un grado adicional de diversi\u00f3n.<\/p>\n<p>Tambi\u00e9n mencionamos que montar una de nuestras gu\u00edas es realmente sencillo. No es necesario recurrir a servicios in situ, ya que suministramos todas las herramientas e instrucciones necesarias para que pueda instalarlo usted mismo. Le cubrimos las espaldas en cada paso.<\/p>\n\t\t\n<style>\n#text-3947465506 {\n  text-align: center;\n}\n<\/style>\n\t<\/div>\n\t\n\t<div id=\"gap-1024984745\" class=\"gap-element clearfix\" style=\"display:block; height:auto;\">\n\t\t\n<style>\n#gap-1024984745 {\n  padding-top: 40px;\n}\n<\/style>\n\t<\/div>\n\t\n\n\t<div id=\"text-2126557193\" class=\"text\">\n\t\t\n\n<h2 data-start=\"3977\" data-end=\"4018\"><strong data-start=\"3977\" data-end=\"4018\">Lleve el parque acu\u00e1tico a su jard\u00edn.<\/strong><\/h2>\n\t\t\n<style>\n#text-2126557193 {\n  font-size: 1.5rem;\n  text-align: center;\n}\n<\/style>\n\t<\/div>\n\t\n\t<div id=\"text-1114166364\" class=\"text\">\n\t\t\n\n<p>No se pierda la oportunidad de disfrutar de un tobog\u00e1n privado en su casa del \u00e1rbol. Es la soluci\u00f3n ideal para mejorar su zona exterior y conseguir que sus amigos y familiares elijan siempre su casa del \u00e1rbol como lugar de reuni\u00f3n. Nuestros toboganes le traer\u00e1n las delicias de un parque acu\u00e1tico directamente a su casa. \u00bfListo para saltar? De chapuz\u00f3n en chapuz\u00f3n, haga realidad sus sue\u00f1os en la casa del \u00e1rbol.<\/p>\n\t\t\n<style>\n#text-1114166364 {\n  text-align: center;\n}\n<\/style>\n\t<\/div>\n\t\n\n\t\t<\/div>\n\t\t\t\t\n<style>\n#col-21008670 > .col-inner {\n  padding: 40px 0px 40px 0px;\n}\n<\/style>\n\t<\/div>\n\n\t\n\n<\/div>\n\n  <div class=\"banner has-hover\" id=\"banner-747924062\">\n          <div class=\"banner-inner fill\">\n        <div class=\"banner-bg fill\" >\n            <img decoding=\"async\" width=\"1024\" height=\"683\" src=\"https:\/\/treelofts.com\/wp-content\/uploads\/2025\/02\/No-Tree-Treehouse-2.jpg\" class=\"bg attachment-original size-original\" alt=\"\" title=\"\">                        <div class=\"overlay\"><\/div>            \n                    <\/div>\n\t\t\n        <div class=\"banner-layers container\">\n            <div class=\"fill banner-link\"><\/div>            \n\n   <div id=\"text-box-378784449\" class=\"text-box banner-layer x50 md-x50 lg-x50 y50 md-y50 lg-y50 res-text\">\n                                <div class=\"text-box-content text dark\">\n              \n              <div class=\"text-inner text-center\">\n                  \n\n<p>Hagamos realidad su visi\u00f3n<\/p>\n<h2><strong>Creando casas en los \u00e1rboles de ensue\u00f1o desde 2013<\/strong><\/h2>\n<a href=\"https:\/\/treelofts.com\/es\/contacto\/\" class=\"button white is-outline\"  >\n\t\t<span>comience hoy mismo su viaje a la casa del \u00e1rbol<\/span>\n\t<\/a>\n\n\n\n              <\/div>\n           <\/div>\n                            \n<style>\n#text-box-378784449 {\n  width: 60%;\n}\n#text-box-378784449 .text-box-content {\n  font-size: 100%;\n}\n<\/style>\n    <\/div>\n \n\n        <\/div>\n      <\/div>\n\n            \n<style>\n#banner-747924062 {\n  padding-top: 350px;\n}\n#banner-747924062 .overlay {\n  background-color: rgba(0, 0, 0, 0.17);\n}\n#banner-747924062 .banner-bg img {\n  object-position: 67% 37%;\n}\n<\/style>\n  <\/div>\n\n\n<div class=\"row\"  id=\"row-2050503585\">\n\n\n\n<\/div>","protected":false},"excerpt":{"rendered":"","protected":false},"author":5,"featured_media":0,"parent":0,"menu_order":0,"comment_status":"closed","ping_status":"closed","template":"","meta":{"footnotes":""},"class_list":["post-1399","page","type-page","status-publish","hentry"],"_links":{"self":[{"href":"https:\/\/treelofts.com\/es\/wp-json\/wp\/v2\/pages\/1399","targetHints":{"allow":["GET"]}}],"collection":[{"href":"https:\/\/treelofts.com\/es\/wp-json\/wp\/v2\/pages"}],"about":[{"href":"https:\/\/treelofts.com\/es\/wp-json\/wp\/v2\/types\/page"}],"author":[{"embeddable":true,"href":"https:\/\/treelofts.com\/es\/wp-json\/wp\/v2\/users\/5"}],"replies":[{"embeddable":true,"href":"https:\/\/treelofts.com\/es\/wp-json\/wp\/v2\/comments?post=1399"}],"version-history":[{"count":0,"href":"https:\/\/treelofts.com\/es\/wp-json\/wp\/v2\/pages\/1399\/revisions"}],"wp:attachment":[{"href":"https:\/\/treelofts.com\/es\/wp-json\/wp\/v2\/media?parent=1399"}],"curies":[{"name":"wp","href":"https:\/\/api.w.org\/{rel}","templated":true}]}}