{"id":324,"date":"2024-04-16T04:50:24","date_gmt":"2024-04-16T03:50:24","guid":{"rendered":"https:\/\/azh5n13ivf.onrocket.site\/?page_id=324"},"modified":"2025-03-02T00:29:25","modified_gmt":"2025-03-02T08:29:25","slug":"politica-de-envios","status":"publish","type":"page","link":"https:\/\/treelofts.com\/es\/politica-de-envios\/","title":{"rendered":"Pol\u00edtica de env\u00edos"},"content":{"rendered":"<p>En TreeLofts, sabemos que la entrega de su casa en el \u00e1rbol ideal es tan importante como la propia casa. Por eso hemos creado una pol\u00edtica de env\u00edos clara, fiable y abierta, pensada para proporcionarle tranquilidad durante todo el proceso de entrega. Tanto si su pedido es de un kit b\u00e1sico para una casa en el \u00e1rbol, como de una lujosa escapada a la copa de un \u00e1rbol, uno de nuestros dise\u00f1os a medida o cualquier otro, nos comprometemos a asegurarnos de que sus productos lleguen sanos y salvos, en el plazo previsto y en perfecto estado.<\/p>\n\n\n\n<p>Desde los plazos de entrega hasta los gastos y el seguimiento de su pedido, aqu\u00ed tiene todo lo que necesita saber sobre nuestra gesti\u00f3n de los env\u00edos.<\/p>\n\n\n\n<h2 class=\"wp-block-heading\"><strong>1. Nuestra dedicaci\u00f3n a la puntualidad y la seguridad en la entrega<\/strong><\/h2>\n\n\n\n<p>TreeLofts se dedica a proporcionar una experiencia de entrega impecable que garantiza que su casa del \u00e1rbol llegue tal y como se esperaba. Estamos muy satisfechos con nuestro excelente servicio de atenci\u00f3n al cliente y nuestra pol\u00edtica de env\u00edos. Nuestros clientes est\u00e1n ansiosos por comenzar sus aventuras, por lo que vamos m\u00e1s all\u00e1 para asegurarnos de que su casa en el \u00e1rbol llegue sin ning\u00fan retraso.<\/p>\n\n\n\n<p>Aunque nuestro principal objetivo es que la entrega sea r\u00e1pida y segura, los plazos de entrega variar\u00e1n en funci\u00f3n de su ubicaci\u00f3n, el m\u00e9todo de env\u00edo y cualquier retraso imprevisto, como las condiciones meteorol\u00f3gicas. Tenga la seguridad de que le mantendremos informado desde la tramitaci\u00f3n del pedido hasta el d\u00eda de la entrega.<\/p>\n\n\n\n<h2 class=\"wp-block-heading\"><strong>2. Plazos y enfoques de env\u00edo<\/strong><\/h2>\n\n\n\n<p>Proporcionamos transporte mar\u00edtimo para servir a nuestros clientes de todo el mundo, la forma m\u00e1s asequible de trasladar nuestros grandes kits de casas de \u00e1rbol y construcciones a medida. Tanto para clientes nacionales como extranjeros, el transporte mar\u00edtimo es una opci\u00f3n fant\u00e1stica. Nos aseguramos de que nuestra mercanc\u00eda est\u00e9 bien envuelta durante el viaje hasta su casa para que su casa del \u00e1rbol aparezca entera y sin da\u00f1os.<\/p>\n\n\n\n<p><strong>Plazos de env\u00edo<br><\/strong>El lugar donde se encuentre y el m\u00e9todo de entrega que elija determinar\u00e1n el plazo de entrega de su casa del \u00e1rbol. Nuestros tiempos de env\u00edo esperados se desglosan a continuaci\u00f3n:<\/p>\n\n\n\n<ul class=\"wp-block-list\">\n<li><strong>Env\u00edo internacional (por v\u00eda mar\u00edtima):<\/strong> Para los pedidos internacionales, el env\u00edo puede tardar entre <strong>30-45 d\u00edas<\/strong>dependiendo de su ubicaci\u00f3n y de los procesos aduaneros. Para determinadas regiones, los plazos de entrega pueden prolongarse, pero siempre le proporcionaremos una clara <strong>fecha estimada de llegada<\/strong>.<\/li>\n\n\n\n<li><strong>Env\u00edo urgente:<\/strong> En algunos casos, ofrecemos el env\u00edo urgente por mar para una entrega m\u00e1s r\u00e1pida, pero tenga en cuenta que los servicios urgentes pueden tener un coste adicional.<\/li>\n<\/ul>\n\n\n\n<p><strong>Costumbres y Grandes \u00d3rdenes:<\/strong> <\/p>\n\n\n\n<p>Los pedidos personalizados o los kits de casas de \u00e1rbol grandes pueden requerir plazos de env\u00edo adicionales debido a su tama\u00f1o y a la complejidad de su construcci\u00f3n. Le informamos continuamente sobre el estado del env\u00edo y le proporcionamos un seguimiento en tiempo real para que pueda verificar su art\u00edculo mientras se lo entregamos.<\/p>\n\n\n\n<h2 class=\"wp-block-heading\"><strong>3. Precios del transporte<\/strong><\/h2>\n\n\n\n<p>Los gastos de env\u00edo dependen de su ubicaci\u00f3n, del peso y tama\u00f1o del pedido y del m\u00e9todo de entrega elegido, as\u00ed como de otros factores. Aqu\u00ed te explicamos c\u00f3mo calculamos los gastos de env\u00edo:<\/p>\n\n\n\n<ul class=\"wp-block-list\">\n<li>Env\u00edo est\u00e1ndar: En funci\u00f3n de su ubicaci\u00f3n, la mayor\u00eda de nuestros productos tienen el env\u00edo calculado autom\u00e1ticamente. Nuestro objetivo es que los gastos de env\u00edo sean razonables.<\/li>\n\n\n\n<li>Peri\u00f3dicamente, ofrecemos env\u00edos gratuitos en determinados art\u00edculos o durante eventos especiales. Busque tambi\u00e9n las ofertas de env\u00edo en curso.<\/li>\n\n\n\n<li>Para pedidos grandes, los gastos de env\u00edo son Para pedidos grandes -como pedidos a granel o casas de \u00e1rbol personalizadas- le ofreceremos un presupuesto de env\u00edo especial. Estos pedidos pueden requerir un embalaje adicional, cargas pesadas o espacio en buques de carga.<\/li>\n\n\n\n<li>Gastos de env\u00edo al extranjero: La ubicaci\u00f3n afectar\u00e1 al coste que pagan los consumidores en el extranjero por sus env\u00edos. Aunque los env\u00edos por mar siguen siendo la opci\u00f3n m\u00e1s asequible, los art\u00edculos m\u00e1s grandes y complicados podr\u00edan tener un coste adicional.<\/li>\n<\/ul>\n\n\n\n<h2 class=\"wp-block-heading\"><strong>4. Tiempos de gesti\u00f3n y tramitaci\u00f3n<\/strong><\/h2>\n\n\n\n<p>En primer lugar, nos encargamos de su kit de casa del \u00e1rbol o de la construcci\u00f3n a medida una vez realizado el pedido. Uno debe esperar esto:<\/p>\n\n\n\n<ul class=\"wp-block-list\">\n<li><strong>Tramitaci\u00f3n de pedidos:<\/strong> Nuestro personal se pone manos a la obra para preparar su pedido para el env\u00edo. La mayor\u00eda de los pedidos se tramitan en 10-15 d\u00edas laborables. Sin embargo, el tiempo de procesamiento puede ser un poco m\u00e1s largo para dise\u00f1os a medida u objetos m\u00e1s grandes.<\/li>\n\n\n\n<li><strong>Tiempo de tramitaci\u00f3n de los pedidos:<\/strong> Las casas en los \u00e1rboles requieren un tiempo adicional para su producci\u00f3n y embalaje, normalmente entre 2 y 4 semanas dependiendo de la complejidad. En breve la tendremos lista para el flete mar\u00edtimo una vez terminada la construcci\u00f3n.<\/li>\n<\/ul>\n\n\n\n<p>Hacemos un gran esfuerzo para garantizar que todo est\u00e1 bien embalado y cubierto para evitar cualquier da\u00f1o durante el viaje. Haremos todo lo posible para que su casa del \u00e1rbol llegue a su destino de forma segura.<\/p>\n\n\n\n<h2 class=\"wp-block-heading\"><strong>5. Sitios de entrega<\/strong><\/h2>\n\n\n\n<p>TreeLofts se complace en realizar env\u00edos a todo el mundo. Aunque nuestro env\u00edo de carga mar\u00edtima puede llegar a casi todas partes, recuerde lo siguiente:<\/p>\n\n\n\n<ul class=\"wp-block-list\">\n<li><strong>Env\u00edos internacionales: <\/strong>Tambi\u00e9n realizamos env\u00edos a una gran variedad de destinos en el extranjero. La mayor\u00eda de nuestros clientes extranjeros optan por el transporte mar\u00edtimo, ya que es r\u00e1pido y econ\u00f3mico para grandes proyectos, como las casas en los \u00e1rboles.<\/li>\n\n\n\n<li><strong>Reglamentaci\u00f3n del lugar:<\/strong> Aunque nuestro objetivo es ofrecer env\u00edos a todos los lugares, las normativas aduaneras u otras dificultades log\u00edsticas pueden provocar restricciones de env\u00edo para algunas zonas lejanas o algunos pa\u00edses. Si no est\u00e1 seguro de si prestamos servicio en su localidad, p\u00f3ngase en contacto con nosotros.<\/li>\n<\/ul>\n\n\n\n<h2 class=\"wp-block-heading\"><strong>6. Seguimiento de su pedido<\/strong><\/h2>\n\n\n\n<p>Una vez enviado su art\u00edculo, le asignamos un n\u00famero de seguimiento para que pueda comprobar r\u00e1pidamente su curso. Le prometemos que, gracias a nuestros socios de confianza, su kit de casa del \u00e1rbol se tratar\u00e1 con cuidado durante todo el proceso de env\u00edo.<\/p>\n\n\n\n<p>El seguimiento de su pedido es posible introduciendo su n\u00famero de seguimiento en el sitio web del transportista. Le enviaremos informaci\u00f3n peri\u00f3dica sobre el estado de su pedido, incluido cu\u00e1ndo sale para entrega y cu\u00e1ndo llega al puerto m\u00e1s cercano, para que pueda organizar la \u00faltima entrega.<\/p>\n\n\n\n<h2 class=\"wp-block-heading\"><strong>7. Problemas en la entrega<\/strong><\/h2>\n\n\n\n<p>Aunque es poco frecuente, pueden surgir problemas como retrasos, da\u00f1os o entregas err\u00f3neas. Si te encuentras con alguno de los siguientes, esto es lo que debes hacer:<\/p>\n\n\n\n<ul class=\"wp-block-list\">\n<li><strong>Bienes da\u00f1ados: <\/strong>P\u00f3ngase en contacto con nosotros de inmediato si su casa de \u00e1rbol sufre alg\u00fan tipo de da\u00f1o. Nuestro personal le guiar\u00e1 a trav\u00e9s del proceso de reclamaci\u00f3n y le garantizar\u00e1 la asistencia necesaria.<\/li>\n\n\n\n<li><strong>Retraso en los env\u00edos:<\/strong> En ocasiones, los procesos aduaneros, las condiciones meteorol\u00f3gicas u otros imprevistos provocan retrasos en los env\u00edos. Si su env\u00edo se retrasa, se lo notificaremos con nuevas previsiones de entrega actualizadas.<\/li>\n\n\n\n<li><strong>Objetos imprecisos:<\/strong> Si recibe un producto defectuoso, p\u00f3ngase en contacto con nuestro servicio de atenci\u00f3n al cliente. Podemos ayudarle con reembolsos o cambios para encontrar la casa del \u00e1rbol o kit correcto para usted.<\/li>\n<\/ul>\n\n\n\n<h2 class=\"wp-block-heading\"><strong>8. Intercambios y retornos<\/strong><\/h2>\n\n\n\n<p>En caso de que el producto llegue da\u00f1ado o no est\u00e9 totalmente satisfecho, deber\u00e1 seguir nuestra pol\u00edtica expl\u00edcita de cambios y devoluciones.<\/p>\n\n\n\n<p>Se aceptan devoluciones; treinta d\u00edas despu\u00e9s de la compra, su casa del \u00e1rbol est\u00e1 en condiciones de uso. Los gastos de env\u00edo de devoluci\u00f3n podr\u00edan aplicarse incluso si el art\u00edculo estaba da\u00f1ado o incorrecto.<br>Si prefiere cambiar su casa del \u00e1rbol por otro modelo o dise\u00f1o, p\u00f3ngase en contacto con nosotros para iniciar el proceso. Intentaremos satisfacer su deseo.<\/p>\n\n\n\n<h2 class=\"wp-block-heading\"><strong>9. Gracias por elegir TreeLofts<\/strong><\/h2>\n\n\n\n<p>TreeLofts se compromete a ofrecer una experiencia de env\u00edo perfecta y consistente para que pueda disfrutar inmediatamente de su casa del \u00e1rbol. Superamos todas las expectativas para garantizar su disfrute, desde un env\u00edo r\u00e1pido hasta un embalaje seguro. Si tiene preguntas o problemas en cualquier punto del procedimiento, <a href=\"https:\/\/treelofts.com\/es\/contacto\/\" data-type=\"link\" data-id=\"https:\/\/treelofts.com\/contact-us\/\">nuestro amable personal de atenci\u00f3n al cliente est\u00e1 a su disposici\u00f3n para ayudarle.<\/a><\/p>\n\n\n\n<p>Valoramos que haya elegido TreeLofts, el punto de partida para sus vacaciones perfectas en una casa del \u00e1rbol.<\/p>","protected":false},"excerpt":{"rendered":"<p>At TreeLofts, we know that having your ideal treehouse delivered to you is just as crucial as the treehouse. We have therefore created a clear, dependable, and open shipping policy meant to provide you piece of mind all through the delivery procedure. Whether your order is for a basic treehouse kit, a luxury treetop getaway, [&#8230;]","protected":false},"author":5,"featured_media":0,"parent":0,"menu_order":0,"comment_status":"closed","ping_status":"closed","template":"page-blank-title-center.php","meta":{"footnotes":""},"class_list":["post-324","page","type-page","status-publish","hentry"],"_links":{"self":[{"href":"https:\/\/treelofts.com\/es\/wp-json\/wp\/v2\/pages\/324","targetHints":{"allow":["GET"]}}],"collection":[{"href":"https:\/\/treelofts.com\/es\/wp-json\/wp\/v2\/pages"}],"about":[{"href":"https:\/\/treelofts.com\/es\/wp-json\/wp\/v2\/types\/page"}],"author":[{"embeddable":true,"href":"https:\/\/treelofts.com\/es\/wp-json\/wp\/v2\/users\/5"}],"replies":[{"embeddable":true,"href":"https:\/\/treelofts.com\/es\/wp-json\/wp\/v2\/comments?post=324"}],"version-history":[{"count":0,"href":"https:\/\/treelofts.com\/es\/wp-json\/wp\/v2\/pages\/324\/revisions"}],"wp:attachment":[{"href":"https:\/\/treelofts.com\/es\/wp-json\/wp\/v2\/media?parent=324"}],"curies":[{"name":"wp","href":"https:\/\/api.w.org\/{rel}","templated":true}]}}