{"id":862,"date":"2025-02-10T00:11:44","date_gmt":"2025-02-10T08:11:44","guid":{"rendered":"https:\/\/azh5n13ivf.onrocket.site\/?page_id=862"},"modified":"2025-02-12T23:44:08","modified_gmt":"2025-02-13T07:44:08","slug":"ingenieria","status":"publish","type":"page","link":"https:\/\/treelofts.com\/es\/ingenieria\/","title":{"rendered":"Ingenier\u00eda"},"content":{"rendered":"<div class=\"banner has-hover\" id=\"banner-1320073709\">\n          <div class=\"banner-inner fill\">\n        <div class=\"banner-bg fill\" >\n            <img decoding=\"async\" width=\"1024\" height=\"731\" src=\"https:\/\/treelofts.com\/wp-content\/uploads\/2025\/02\/Why-the-Garvan-Woodland-Gardens-Childrens-Garden-Treehouse-is-a-Model-for-Educational-Play-Spaces.jpg\" class=\"bg attachment-original size-original\" alt=\"\" title=\"\">                        <div class=\"overlay\"><\/div>            \n                    <\/div>\n\t\t\n        <div class=\"banner-layers container\">\n            <div class=\"fill banner-link\"><\/div>            \n\n   <div id=\"text-box-630561970\" class=\"text-box banner-layer x50 md-x50 lg-x50 y50 md-y50 lg-y50 res-text\">\n                                <div class=\"text-box-content text dark\">\n              \n              <div class=\"text-inner text-center\">\n                  \n\n<h3>La experiencia Treelofts<\/h3>\n<h1 class=\"page-title\"><strong>Ingenier\u00eda<\/strong><\/h1>\n<p>No nos limitamos a dise\u00f1ar casas en los \u00e1rboles, sino que las dise\u00f1amos para que sean estables, duraderas y seguras a largo plazo. Una casa en el \u00e1rbol debe ser algo m\u00e1s que un concepto; debe construirse para que dure a\u00f1os de aventuras, estructuralmente robusta, capaz de resistir las inclemencias del tiempo. Por ello, cada uno de nuestros dise\u00f1os se desarrolla con ingenier\u00eda exacta, c\u00e1lculos de calidad profesional y una planificaci\u00f3n experta, lo que le permite a usted o a su constructor construir una casa en el \u00e1rbol segura y sorprendente.<\/p>\n\n              <\/div>\n           <\/div>\n                            \n<style>\n#text-box-630561970 {\n  width: 79%;\n}\n#text-box-630561970 .text-box-content {\n  font-size: 100%;\n}\n<\/style>\n    <\/div>\n \n\n        <\/div>\n      <\/div>\n\n            \n<style>\n#banner-1320073709 {\n  padding-top: 800px;\n}\n#banner-1320073709 .overlay {\n  background-color: rgba(0,0,0,.5);\n}\n#banner-1320073709 .banner-bg img {\n  object-position: 36% 52%;\n}\n<\/style>\n  <\/div>\n\n\n<div class=\"row row-collapse row-full-width\"  id=\"row-631311998\">\n\n\n\t<div id=\"col-1280455058\" class=\"col medium-6 small-12 large-6\"  >\n\t\t\t\t<div class=\"col-inner\"  >\n\t\t\t\n\t\t\t\n\n\n  <div class=\"banner has-hover\" id=\"banner-513903566\">\n          <div class=\"banner-inner fill\">\n        <div class=\"banner-bg fill\" >\n            <img decoding=\"async\" width=\"474\" height=\"474\" src=\"https:\/\/treelofts.com\/wp-content\/uploads\/2025\/02\/Treehouse-Designs.jpg\" class=\"bg attachment-original size-original\" alt=\"\" title=\"\">                                    \n                    <\/div>\n\t\t\n        <div class=\"banner-layers container\">\n            <div class=\"fill banner-link\"><\/div>            \n\n   <div id=\"text-box-789899440\" class=\"text-box banner-layer x50 md-x50 lg-x50 y50 md-y50 lg-y50 res-text\">\n                                <div class=\"text-box-content text dark\">\n              \n              <div class=\"text-inner text-center\">\n                  \n\n\n              <\/div>\n           <\/div>\n                            \n<style>\n#text-box-789899440 {\n  width: 60%;\n}\n#text-box-789899440 .text-box-content {\n  font-size: 100%;\n}\n<\/style>\n    <\/div>\n \n\n        <\/div>\n      <\/div>\n\n            \n<style>\n#banner-513903566 {\n  padding-top: 300px;\n  background-color: rgba(255, 255, 255, 0);\n}\n@media (min-width:550px) {\n  #banner-513903566 {\n    padding-top: 350px;\n  }\n}\n@media (min-width:850px) {\n  #banner-513903566 {\n    padding-top: 752px;\n  }\n}\n<\/style>\n  <\/div>\n\n\n\n\t\t<\/div>\n\t\t\t\t\t<\/div>\n\n\t\n\n\t<div id=\"col-1417406914\" class=\"col medium-6 small-12 large-6\"  >\n\t\t\t\t<div class=\"col-inner\"  >\n\t\t\t\n\t\t\t\n\n\n\t<section class=\"section\" id=\"section_895924691\">\n\t\t<div class=\"section-bg fill\" >\n\t\t\t\t\t\t\t\t\t\n\t\t\t\n\n\t\t<\/div>\n\n\t\t\n\n\t\t<div class=\"section-content relative\">\n\t\t\t\n\n<div class=\"row align-center\"  id=\"row-631607712\">\n\n\n\t<div id=\"col-918281268\" class=\"col medium-10 small-12 large-9\"  >\n\t\t\t\t<div class=\"col-inner text-center\"  >\n\t\t\t\n\t\t\t\n\n\t<div id=\"gap-144708848\" class=\"gap-element clearfix\" style=\"display:block; height:auto;\">\n\t\t\n<style>\n#gap-144708848 {\n  padding-top: 40px;\n}\n<\/style>\n\t<\/div>\n\t\n\n\t<div id=\"text-2929404686\" class=\"text\">\n\t\t\n\n<h2 style=\"text-align: left;\"><strong>Dise\u00f1ado para ofrecer estabilidad y resistencia<\/strong><\/h2>\n\t\t\n<style>\n#text-2929404686 {\n  font-size: 1.5rem;\n}\n<\/style>\n\t<\/div>\n\t\n<p style=\"text-align: left;\">Una casa en un \u00e1rbol no es como una casa normal: tiene que mantenerse en equilibrio sobre los \u00e1rboles, adaptarse a los cambios de peso y resistir al viento, a la intemperie y al movimiento. Por eso nos tomamos en serio la ingenier\u00eda y nos aseguramos de que cada dise\u00f1o tenga en cuenta:<\/p>\n<ul>\n<li style=\"text-align: left;\"><strong>Distribuci\u00f3n adecuada del peso<\/strong> - As\u00ed, el edificio se mantiene equilibrado y seguro.<\/li>\n<li style=\"text-align: left;\"><strong>Resistencia al viento y a la intemperie<\/strong> - Para garantizar la durabilidad a largo plazo<\/li>\n<li style=\"text-align: left;\"><strong>Elementos.Capacidad de carga segura<\/strong> - Aseg\u00farate de que la casa del \u00e1rbol puede albergar a varias personas, muebles y cualquier elemento adicional.<\/li>\n<li style=\"text-align: left;\"><strong>T\u00e9cnicas de fijaci\u00f3n respetuosas con los \u00e1rboles<\/strong> - Protegiendo la salud de sus \u00e1rboles y asegurando al mismo tiempo unos cimientos s\u00f3lidos.<\/li>\n<\/ul>\n<p style=\"text-align: left;\">Queremos eliminar toda incertidumbre para que pueda construir con la seguridad de que su casa en el \u00e1rbol no s\u00f3lo es preciosa, sino tambi\u00e9n segura, duradera y bien construida.<\/p>\n<a href=\"https:\/\/treelofts.com\/es\/contacto\/\" class=\"button secondary\"  style=\"border-radius:99px;padding:5px 20px 5px 20px;\">\n\t\t<span>P\u00f3ngase en contacto con nosotros<\/span>\n\t<\/a>\n\n\n\n\t\t<\/div>\n\t\t\t\t\t<\/div>\n\n\t\n\n<\/div>\n\n\t\t<\/div>\n\n\t\t\n<style>\n#section_895924691 {\n  padding-top: 0px;\n  padding-bottom: 0px;\n  min-height: 300px;\n}\n@media (min-width:550px) {\n  #section_895924691 {\n    min-height: 350px;\n  }\n}\n@media (min-width:850px) {\n  #section_895924691 {\n    min-height: 425px;\n  }\n}\n<\/style>\n\t<\/section>\n\t\n\n\t\t<\/div>\n\t\t\t\t\t<\/div>\n\n\t\n\n<\/div>\n<div class=\"row row-collapse row-full-width\"  id=\"row-1842866243\">\n\n\n\t<div id=\"col-2000051890\" class=\"col medium-6 small-12 large-6\"  >\n\t\t\t\t<div class=\"col-inner\"  >\n\t\t\t\n\t\t\t\n\n\n\t<section class=\"section\" id=\"section_90261148\">\n\t\t<div class=\"section-bg fill\" >\n\t\t\t\t\t\t\t\t\t\n\t\t\t\n\n\t\t<\/div>\n\n\t\t\n\n\t\t<div class=\"section-content relative\">\n\t\t\t\n\n<div class=\"row align-center\"  id=\"row-1476833012\">\n\n\n\t<div id=\"col-200561807\" class=\"col medium-11 small-12 large-9\"  >\n\t\t\t\t<div class=\"col-inner text-center\"  >\n\t\t\t\n\t\t\t\n\n\t<div id=\"gap-395647995\" class=\"gap-element clearfix\" style=\"display:block; height:auto;\">\n\t\t\n<style>\n#gap-395647995 {\n  padding-top: 40px;\n}\n<\/style>\n\t<\/div>\n\t\n\n\t<div id=\"text-2332946672\" class=\"text\">\n\t\t\n\n<h2 style=\"text-align: left;\"><strong>Planos profesionales que facilitan la construcci\u00f3n<\/strong><\/h2>\n\t\t\n<style>\n#text-2332946672 {\n  font-size: 1.5rem;\n}\n<\/style>\n\t<\/div>\n\t\n<p style=\"text-align: left;\">Un dise\u00f1o excelente no sirve de nada sin un plano bien definido. Por ello, todas las casas de \u00e1rbol Treelofts incluyen planos creados por profesionales, que garantizan que su contratista o constructor disponga de todas las herramientas necesarias para construir una estructura segura y bien equilibrada. Nuestros dise\u00f1os requieren:<\/p>\n<ul>\n<li style=\"text-align: left;\">Dise\u00f1os detallados del armaz\u00f3n y los soportes para garantizar la m\u00e1xima estabilidad.<\/li>\n<li style=\"text-align: left;\">Recomendaciones de fijaci\u00f3n que mantienen tu casa del \u00e1rbol anclada de forma segura sin da\u00f1ar los \u00e1rboles.<\/li>\n<li style=\"text-align: left;\">Especificaciones de los materiales para ayudarle a encontrar los componentes adecuados para una construcci\u00f3n s\u00f3lida y duradera.<\/li>\n<\/ul>\n<p style=\"text-align: left;\">Estos dise\u00f1os garantizan que quien construya su casa del \u00e1rbol utilice un enfoque met\u00f3dico y de ingenier\u00eda, incluso si usted mismo no es constructor. Esto ayuda a clarificar y controlar el proceso.<\/p>\n<a href=\"https:\/\/treelofts.com\/es\/contacto\/\" class=\"button secondary\"  style=\"border-radius:99px;padding:5px 20px 5px 20px;\">\n\t\t<span>P\u00f3ngase en contacto con nosotros<\/span>\n\t<\/a>\n\n\n\n\t\t<\/div>\n\t\t\t\t\t<\/div>\n\n\t\n\n<\/div>\n\n\t\t<\/div>\n\n\t\t\n<style>\n#section_90261148 {\n  padding-top: 0px;\n  padding-bottom: 0px;\n  min-height: 300px;\n}\n@media (min-width:550px) {\n  #section_90261148 {\n    min-height: 350px;\n  }\n}\n@media (min-width:850px) {\n  #section_90261148 {\n    min-height: 425px;\n  }\n}\n<\/style>\n\t<\/section>\n\t\n\n\t\t<\/div>\n\t\t\t\t\t<\/div>\n\n\t\n\n\t<div id=\"col-697539713\" class=\"col medium-6 small-12 large-6 small-col-first\"  >\n\t\t\t\t<div class=\"col-inner\"  >\n\t\t\t\n\t\t\t\n\n\n  <div class=\"banner has-hover\" id=\"banner-1223675244\">\n          <div class=\"banner-inner fill\">\n        <div class=\"banner-bg fill\" >\n            <img decoding=\"async\" width=\"603\" height=\"800\" src=\"https:\/\/treelofts.com\/wp-content\/uploads\/2025\/02\/Treehouse-construction-2-603x800.webp\" class=\"bg attachment-large size-large\" alt=\"\" title=\"\">                                    \n                    <\/div>\n\t\t\n        <div class=\"banner-layers container\">\n            <div class=\"fill banner-link\"><\/div>            \n\n   <div id=\"text-box-1039151177\" class=\"text-box banner-layer x50 md-x50 lg-x50 y50 md-y50 lg-y50 res-text\">\n                                <div class=\"text-box-content text dark\">\n              \n              <div class=\"text-inner text-center\">\n                  \n\n\n              <\/div>\n           <\/div>\n                            \n<style>\n#text-box-1039151177 {\n  width: 60%;\n}\n#text-box-1039151177 .text-box-content {\n  font-size: 100%;\n}\n<\/style>\n    <\/div>\n \n\n        <\/div>\n      <\/div>\n\n            \n<style>\n#banner-1223675244 {\n  padding-top: 300px;\n  background-color: rgba(255, 255, 255, 0);\n}\n#banner-1223675244 .banner-bg img {\n  object-position: 57% 69%;\n}\n@media (min-width:550px) {\n  #banner-1223675244 {\n    padding-top: 350px;\n  }\n}\n@media (min-width:850px) {\n  #banner-1223675244 {\n    padding-top: 691px;\n  }\n}\n<\/style>\n  <\/div>\n\n\n\n\t\t<\/div>\n\t\t\t\t\t<\/div>\n\n\t\n\n<\/div>\n<div class=\"row row-collapse row-full-width\"  id=\"row-989019936\">\n\n\n\t<div id=\"col-253878007\" class=\"col medium-6 small-12 large-6\"  >\n\t\t\t\t<div class=\"col-inner\"  >\n\t\t\t\n\t\t\t\n\n\n  <div class=\"banner has-hover\" id=\"banner-1381801364\">\n          <div class=\"banner-inner fill\">\n        <div class=\"banner-bg fill\" >\n            <img decoding=\"async\" width=\"603\" height=\"800\" src=\"https:\/\/treelofts.com\/wp-content\/uploads\/2025\/02\/Why-Enchanted-Treehouses-Are-the-Hottest-Backyard-Trend-of-2024-4-603x800.webp\" class=\"bg attachment-large size-large\" alt=\"\" title=\"\">                                    \n                    <\/div>\n\t\t\n        <div class=\"banner-layers container\">\n            <div class=\"fill banner-link\"><\/div>            \n\n   <div id=\"text-box-1758847940\" class=\"text-box banner-layer x50 md-x50 lg-x50 y50 md-y50 lg-y50 res-text\">\n                                <div class=\"text-box-content text dark\">\n              \n              <div class=\"text-inner text-center\">\n                  \n\n\n              <\/div>\n           <\/div>\n                            \n<style>\n#text-box-1758847940 {\n  width: 60%;\n}\n#text-box-1758847940 .text-box-content {\n  font-size: 100%;\n}\n<\/style>\n    <\/div>\n \n\n        <\/div>\n      <\/div>\n\n            \n<style>\n#banner-1381801364 {\n  padding-top: 300px;\n  background-color: rgba(255, 255, 255, 0);\n}\n#banner-1381801364 .banner-bg img {\n  object-position: 51% 55%;\n}\n@media (min-width:550px) {\n  #banner-1381801364 {\n    padding-top: 350px;\n  }\n}\n@media (min-width:850px) {\n  #banner-1381801364 {\n    padding-top: 613px;\n  }\n}\n<\/style>\n  <\/div>\n\n\n\n\t\t<\/div>\n\t\t\t\t\t<\/div>\n\n\t\n\n\t<div id=\"col-1714775600\" class=\"col medium-6 small-12 large-6\"  >\n\t\t\t\t<div class=\"col-inner\"  >\n\t\t\t\n\t\t\t\n\n\n\t<section class=\"section\" id=\"section_831842342\">\n\t\t<div class=\"section-bg fill\" >\n\t\t\t\t\t\t\t\t\t\n\t\t\t\n\n\t\t<\/div>\n\n\t\t\n\n\t\t<div class=\"section-content relative\">\n\t\t\t\n\n<div class=\"row align-center\"  id=\"row-1019789917\">\n\n\n\t<div id=\"col-951686890\" class=\"col medium-10 small-12 large-9\"  >\n\t\t\t\t<div class=\"col-inner text-center\"  >\n\t\t\t\n\t\t\t\n\n\t<div id=\"gap-560404735\" class=\"gap-element clearfix\" style=\"display:block; height:auto;\">\n\t\t\n<style>\n#gap-560404735 {\n  padding-top: 40px;\n}\n<\/style>\n\t<\/div>\n\t\n\n\t<div id=\"text-3777161933\" class=\"text\">\n\t\t\n\n<h2 style=\"text-align: left;\"><strong>Soluciones personalizadas para cualquier paisaje<\/strong><\/h2>\n\t\t\n<style>\n#text-3777161933 {\n  font-size: 1.5rem;\n}\n<\/style>\n\t<\/div>\n\t\n<p style=\"text-align: left;\">No pasa nada, ya que cada emplazamiento para una casa en un \u00e1rbol es \u00fanico. Nuestros dise\u00f1os proporcionan soluciones de ingenier\u00eda adaptables para ajustarse a varias terrazas y sistemas de soporte, ya que sabemos que los \u00e1rboles tienen muchas formas, tama\u00f1os y lugares. Entre nuestros ajustes de ingenier\u00eda se encuentran:<\/p>\n<ul>\n<li style=\"text-align: left;\"><strong>Dise\u00f1os sobre pilotes<\/strong> - Perfecto para zonas con terreno irregular o soporte arb\u00f3reo limitado.<\/li>\n<li style=\"text-align: left;\"><strong>Anclaje multi\u00e1rbol<\/strong> - Repartir la carga entre varios \u00e1rboles para mayor estabilidad.<\/li>\n<li style=\"text-align: left;\"><strong>Estructuras h\u00edbridas<\/strong> - Incorpora tanto \u00e1rboles como soportes en el suelo para una mayor resistencia.<\/li>\n<\/ul>\n<p style=\"text-align: left;\">Si se trata de un entorno \u00fanico, nuestros dise\u00f1os ofrecen asesoramiento profesional sobre c\u00f3mo modificar su construcci\u00f3n para adaptarla a su entorno.<\/p>\n<a href=\"https:\/\/treelofts.com\/es\/contacto\/\" class=\"button secondary\"  style=\"border-radius:99px;padding:5px 20px 5px 20px;\">\n\t\t<span>P\u00f3ngase en contacto con nosotros<\/span>\n\t<\/a>\n\n\n\n\t\t<\/div>\n\t\t\t\t\t<\/div>\n\n\t\n\n<\/div>\n\n\t\t<\/div>\n\n\t\t\n<style>\n#section_831842342 {\n  padding-top: 0px;\n  padding-bottom: 0px;\n  min-height: 300px;\n}\n@media (min-width:550px) {\n  #section_831842342 {\n    min-height: 350px;\n  }\n}\n@media (min-width:850px) {\n  #section_831842342 {\n    min-height: 425px;\n  }\n}\n<\/style>\n\t<\/section>\n\t\n\n\t\t<\/div>\n\t\t\t\t\t<\/div>\n\n\t\n\n<\/div>\n<div class=\"row\"  id=\"row-1791018198\">\n\n\n\t<div id=\"col-1290625713\" class=\"col small-12 large-12\"  >\n\t\t\t\t<div class=\"col-inner text-center\"  >\n\t\t\t\n\t\t\t\n\n\t<div id=\"text-2807823822\" class=\"text\">\n\t\t\n\n<h2><strong>Dise\u00f1ado para toda una vida de recuerdos<\/strong><\/h2>\n\t\t\n<style>\n#text-2807823822 {\n  font-size: 1.5rem;\n  text-align: center;\n}\n<\/style>\n\t<\/div>\n\t\n<p>M\u00e1s que un edificio, una casa en el \u00e1rbol bien construida es un lugar donde se re\u00fanen las familias, se viven aventuras y la naturaleza impregna la vida cotidiana. Por eso, en cada dise\u00f1o damos prioridad a la integridad estructural, la seguridad y la utilidad.<\/p>\n<p>Elegir una casa en el \u00e1rbol dise\u00f1ada por Treelofts garantiza no s\u00f3lo una colecci\u00f3n de ideas, sino tambi\u00e9n un proyecto creado profesionalmente para una casa en el \u00e1rbol que durar\u00e1 d\u00e9cadas.<\/p>\n<p><strong>\u00bfListo para empezar a construir? Seleccione uno de nuestros dise\u00f1os y empiece ya a hacer realidad su casa del \u00e1rbol de fantas\u00eda.<\/strong><\/p>\n<a href=\"https:\/\/treelofts.com\/es\/contacto\/\" class=\"button primary is-underline\"  >\n\t\t<span>VER NUESTRA CARTERA DE CASAS EN LOS \u00c1RBOLES<\/span>\n\t<\/a>\n\n\n\n\t\t<\/div>\n\t\t\t\t\n<style>\n#col-1290625713 > .col-inner {\n  padding: 40px 0px 40px 0px;\n}\n@media (min-width:550px) {\n  #col-1290625713 > .col-inner {\n    padding: 60px 0px 40px 0px;\n  }\n}\n<\/style>\n\t<\/div>\n\n\t\n\n<\/div>\n\n  <div class=\"banner has-hover\" id=\"banner-950681418\">\n          <div class=\"banner-inner fill\">\n        <div class=\"banner-bg fill\" >\n            <img decoding=\"async\" width=\"1024\" height=\"683\" src=\"https:\/\/treelofts.com\/wp-content\/uploads\/2025\/02\/Tree-House-11.jpg\" class=\"bg attachment-original size-original\" alt=\"\" title=\"\">                        <div class=\"overlay\"><\/div>            \n                    <\/div>\n\t\t\n        <div class=\"banner-layers container\">\n            <div class=\"fill banner-link\"><\/div>            \n\n   <div id=\"text-box-1740792590\" class=\"text-box banner-layer x50 md-x50 lg-x50 y50 md-y50 lg-y50 res-text\">\n                                <div class=\"text-box-content text dark\">\n              \n              <div class=\"text-inner text-center\">\n                  \n\n<p>Hagamos realidad su visi\u00f3n<\/p>\n<h2><strong>Creando casas en los \u00e1rboles de ensue\u00f1o desde 2013<\/strong><\/h2>\n<a href=\"https:\/\/treelofts.com\/es\/contacto\/\" class=\"button white is-outline\"  >\n\t\t<span>Comience hoy mismo su viaje a la casa del \u00e1rbol<\/span>\n\t<\/a>\n\n\n\n              <\/div>\n           <\/div>\n                            \n<style>\n#text-box-1740792590 {\n  width: 60%;\n}\n#text-box-1740792590 .text-box-content {\n  font-size: 100%;\n}\n<\/style>\n    <\/div>\n \n\n        <\/div>\n      <\/div>\n\n            \n<style>\n#banner-950681418 {\n  padding-top: 350px;\n}\n#banner-950681418 .overlay {\n  background-color: rgba(0, 0, 0, 0.17);\n}\n#banner-950681418 .banner-bg img {\n  object-position: 56% 64%;\n}\n<\/style>\n  <\/div>\n\n\n<div class=\"woocommerce columns-4\"><\/div>\n\n<div class=\"row\"  id=\"row-1635979740\">\n\n\n\n<\/div>","protected":false},"excerpt":{"rendered":"","protected":false},"author":5,"featured_media":0,"parent":0,"menu_order":0,"comment_status":"closed","ping_status":"closed","template":"","meta":{"footnotes":""},"class_list":["post-862","page","type-page","status-publish","hentry"],"_links":{"self":[{"href":"https:\/\/treelofts.com\/es\/wp-json\/wp\/v2\/pages\/862","targetHints":{"allow":["GET"]}}],"collection":[{"href":"https:\/\/treelofts.com\/es\/wp-json\/wp\/v2\/pages"}],"about":[{"href":"https:\/\/treelofts.com\/es\/wp-json\/wp\/v2\/types\/page"}],"author":[{"embeddable":true,"href":"https:\/\/treelofts.com\/es\/wp-json\/wp\/v2\/users\/5"}],"replies":[{"embeddable":true,"href":"https:\/\/treelofts.com\/es\/wp-json\/wp\/v2\/comments?post=862"}],"version-history":[{"count":0,"href":"https:\/\/treelofts.com\/es\/wp-json\/wp\/v2\/pages\/862\/revisions"}],"wp:attachment":[{"href":"https:\/\/treelofts.com\/es\/wp-json\/wp\/v2\/media?parent=862"}],"curies":[{"name":"wp","href":"https:\/\/api.w.org\/{rel}","templated":true}]}}