{"id":879,"date":"2025-02-10T00:57:37","date_gmt":"2025-02-10T08:57:37","guid":{"rendered":"https:\/\/azh5n13ivf.onrocket.site\/?page_id=879"},"modified":"2025-02-12T23:45:28","modified_gmt":"2025-02-13T07:45:28","slug":"arbolista","status":"publish","type":"page","link":"https:\/\/treelofts.com\/es\/arbolista\/","title":{"rendered":"Arboricultor"},"content":{"rendered":"<div class=\"banner has-hover\" id=\"banner-1925640596\">\n          <div class=\"banner-inner fill\">\n        <div class=\"banner-bg fill\" >\n            <img decoding=\"async\" width=\"1024\" height=\"683\" src=\"https:\/\/treelofts.com\/wp-content\/uploads\/2025\/02\/Cool-Tree-Houses.jpg\" class=\"bg attachment-original size-original\" alt=\"\" title=\"\">                        <div class=\"overlay\"><\/div>            \n                    <\/div>\n\t\t\n        <div class=\"banner-layers container\">\n            <div class=\"fill banner-link\"><\/div>            \n\n   <div id=\"text-box-419687250\" class=\"text-box banner-layer x50 md-x50 lg-x50 y50 md-y50 lg-y50 res-text\">\n                                <div class=\"text-box-content text dark\">\n              \n              <div class=\"text-inner text-center\">\n                  \n\n<h3>Construir con los \u00e1rboles, no s\u00f3lo en ellos<\/h3>\n<h1 class=\"uppercase\"><strong>Arboricultor <\/strong><\/h1>\n<p>Creemos que una casa en un \u00e1rbol debe formar parte del propio entorno, no ser s\u00f3lo una construcci\u00f3n en un \u00e1rbol. Construir una casa en un \u00e1rbol requiere trabajar con una entidad viva y en desarrollo, no contra ella. Por eso, nuestros dise\u00f1os dan prioridad a la salud, la estabilidad y la sostenibilidad a largo plazo de los \u00e1rboles, para asegurarnos de que su casa sea fuerte, segura y duradera sin poner en peligro los \u00e1rboles que la sostienen.<\/p>\n<a href=\"https:\/\/treelofts.com\/es\/contacto\/\" class=\"button primary is-underline\"  >\n\t\t<span>Comience hoy mismo su viaje a la casa del \u00e1rbol<\/span>\n\t<\/a>\n\n\n\n              <\/div>\n           <\/div>\n                            \n<style>\n#text-box-419687250 {\n  width: 82%;\n}\n#text-box-419687250 .text-box-content {\n  font-size: 100%;\n}\n<\/style>\n    <\/div>\n \n\n        <\/div>\n      <\/div>\n\n            \n<style>\n#banner-1925640596 {\n  padding-top: 782px;\n}\n#banner-1925640596 .overlay {\n  background-color: rgba(0,0,0,.5);\n}\n#banner-1925640596 .banner-bg img {\n  object-position: 50% 48%;\n}\n<\/style>\n  <\/div>\n\n\n\n\t<section class=\"section\" id=\"section_521258835\">\n\t\t<div class=\"section-bg fill\" >\n\t\t\t\t\t\t\t\t\t\n\t\t\t\n\n\t\t<\/div>\n\n\t\t\n\n\t\t<div class=\"section-content relative\">\n\t\t\t\n\n<div class=\"row align-middle\" style=\"max-width:1300px\" id=\"row-1756315500\">\n\n\n\t<div id=\"col-1907488\" class=\"col medium-11 small-12 large-11\"  data-animate=\"fadeInUp\">\n\t\t\t\t<div class=\"col-inner\"  >\n\t\t\t\n\t\t\t\n\n\t<div id=\"text-3824935939\" class=\"text\">\n\t\t\n\n<h2><strong>El papel del arboricultor en la construcci\u00f3n de casas en los \u00e1rboles<\/strong><\/h2>\n\t\t\n<style>\n#text-3824935939 {\n  font-size: 1.5rem;\n}\n<\/style>\n\t<\/div>\n\t\n<p>Mucha gente se pregunta si deber\u00eda llamar a un arbolista. Aunque no siempre es necesario, contratar a un especialista cualificado en el cuidado de \u00e1rboles puede ser una buena elecci\u00f3n, sobre todo si no est\u00e1 seguro del estado de sus \u00e1rboles o necesita orientaci\u00f3n sobre t\u00e9cnicas de sujeci\u00f3n seguras. Un arboricultor puede ayudarle a asegurarse de que su casa en el \u00e1rbol no impide el crecimiento natural y a evaluar la resistencia del \u00e1rbol y los posibles peligros. Puede que no necesites un arbolista si tus \u00e1rboles son maduros, sanos y est\u00e1n bien situados; sin embargo, la ayuda de un profesional puede darte tranquilidad si est\u00e1s planeando una construcci\u00f3n m\u00e1s grande y sofisticada.<\/p>\n\t<div id=\"gap-1484117021\" class=\"gap-element clearfix\" style=\"display:block; height:auto;\">\n\t\t\n<style>\n#gap-1484117021 {\n  padding-top: 30px;\n}\n<\/style>\n\t<\/div>\n\t\n\n\t<div id=\"text-2756121402\" class=\"text\">\n\t\t\n\n<h2><strong>\u00bfDebo contratar a un arbolista?<\/strong><\/h2>\n\t\t\n<style>\n#text-2756121402 {\n  font-size: 1.5rem;\n}\n<\/style>\n\t<\/div>\n\t\n<p>Aunque no siempre es necesario, contratar a un arboricultor puede ser un gasto inteligente, sobre todo si:<\/p>\n<ul>\n<li>Te preguntas si tus \u00e1rboles podr\u00edan soportar una casa en el \u00e1rbol.<\/li>\n<li>Sus \u00e1rboles presentan da\u00f1os o enfermedades evidentes; necesita una evaluaci\u00f3n profesional.<\/li>\n<li>Quieres una casa del \u00e1rbol grande o sofisticada donde la estabilidad estructural es absolutamente vital.<\/li>\n<li>Sobre todo en el caso de los sistemas multi\u00e1rbol, hay que garantizar la salud de los \u00e1rboles a largo plazo.<\/li>\n<\/ul>\n<p>Si opta por contratar a un arboricultor, \u00e9ste le ayudar\u00e1 a seleccionar los \u00e1rboles, evaluar\u00e1 los puntos de anclaje y le aconsejar\u00e1 sobre c\u00f3mo mantenerlos en buen estado durante a\u00f1os.<\/p>\n\t<div id=\"gap-2107319959\" class=\"gap-element clearfix\" style=\"display:block; height:auto;\">\n\t\t\n<style>\n#gap-2107319959 {\n  padding-top: 30px;\n}\n<\/style>\n\t<\/div>\n\t\n\n<p>Una buena selecci\u00f3n de \u00e1rboles es crucial incluso sin contar con un arboricultor. Seleccionar los \u00e1rboles adecuados significa elegir ejemplares robustos y maduros con sistemas radiculares sustanciales y conocer sus patrones de crecimiento para garantizar que tu casa en el \u00e1rbol se mantenga firme durante muchos a\u00f1os.\u00a0<\/p>\n\t<div id=\"gap-1225811425\" class=\"gap-element clearfix\" style=\"display:block; height:auto;\">\n\t\t\n<style>\n#gap-1225811425 {\n  padding-top: 30px;\n}\n<\/style>\n\t<\/div>\n\t\n\n\t<div id=\"text-2057202114\" class=\"text\">\n\t\t\n\n<h2 data-start=\"2147\" data-end=\"2201\"><strong data-start=\"2151\" data-end=\"2199\">Consulta sobre \u00e1rboles: tomar las decisiones correctas<\/strong><\/h2>\n\t\t\n<style>\n#text-2057202114 {\n  font-size: 1.5rem;\n}\n<\/style>\n\t<\/div>\n\t\n<p>Debe evaluar cuidadosamente sus \u00e1rboles antes de la construcci\u00f3n aunque no llame a un arboricultor. Estas son algunas consideraciones importantes:<\/p>\n<ul>\n<li><strong>Fuerza y salud de los \u00e1rboles<\/strong> - Elija \u00e1rboles maduros y robustos que puedan soportar el peso sin signos de enfermedad o deterioro.<\/li>\n<li><strong>Tipo de \u00e1rbol y patrones de crecimiento<\/strong> - Algunos \u00e1rboles son m\u00e1s adecuados para las casas de \u00e1rbol que otros debido a su sistema radicular, la flexibilidad del tronco y su longevidad.<\/li>\n<li><strong>Distancia entre \u00e1rboles y distribuci\u00f3n de la carga<\/strong> - Si utiliza varios \u00e1rboles, aseg\u00farese de que est\u00e1n colocados correctamente para soportar el peso de la estructura.<\/li>\n<\/ul>\n<p>Nuestros dise\u00f1os respetuosos con los \u00e1rboles garantizan que su casa se construya de forma responsable y segura, ya que incluyen asesoramiento sobre la selecci\u00f3n de \u00e1rboles, t\u00e9cnicas de fijaci\u00f3n y planificaci\u00f3n estructural.<\/p>\n\t<div id=\"gap-1736390304\" class=\"gap-element clearfix\" style=\"display:block; height:auto;\">\n\t\t\n<style>\n#gap-1736390304 {\n  padding-top: 30px;\n}\n<\/style>\n\t<\/div>\n\t\n\n\t<div id=\"text-6731682\" class=\"text\">\n\t\t\n\n<h2 data-start=\"3694\" data-end=\"3735\"><strong data-start=\"3698\" data-end=\"3733\">Construir en armon\u00eda con la naturaleza<\/strong><\/h2>\n\t\t\n<style>\n#text-6731682 {\n  font-size: 1.5rem;\n}\n<\/style>\n\t<\/div>\n\t\n<p>Una casa en el \u00e1rbol bien dise\u00f1ada debe parecer una extensi\u00f3n natural de su entorno, armonizando con los \u00e1rboles en lugar de da\u00f1arlos. Por eso, nuestros dise\u00f1os de casas en los \u00e1rboles son prioritarios:<\/p>\n<ul>\n<li><strong>Impacto medioambiental m\u00ednimo<\/strong> garantiza que los \u00e1rboles se mantengan sanos antes, durante y despu\u00e9s de la construcci\u00f3n.<\/li>\n<li><strong>t\u00e9cnicas de construcci\u00f3n sostenible<\/strong> y apoyo a los productos respetuosos con el medio ambiente.<\/li>\n<li><strong>una mezcla entre conservaci\u00f3n y aventura<\/strong> para que puedas apreciar el entorno sin ponerlo en peligro.<\/li>\n<\/ul>\n<p>Seguir nuestros planes profesionales y, cuando sea necesario, pensar en un asesor de \u00e1rboles o un arboricultor puede ayudarle a crear una casa en el \u00e1rbol segura y respetuosa con los \u00e1rboles durante muchos a\u00f1os.<\/p>\n<p><strong>Empieza ahora tu aventura en una casa del \u00e1rbol con Treelofts; investiga nuestros dise\u00f1os profesionales y crea un escondite en la copa de un \u00e1rbol que realmente haga honor al entorno.<\/strong><\/p>\n\n\t\t<\/div>\n\t\t\t\t\n<style>\n#col-1907488 > .col-inner {\n  padding: 0px 0 0px 0px;\n}\n@media (min-width:550px) {\n  #col-1907488 > .col-inner {\n    padding: 0px 70px 0px 0px;\n  }\n}\n<\/style>\n\t<\/div>\n\n\t\n\n\t<div id=\"col-1777076305\" class=\"col medium-12 small-12 large-1 medium-col-first\"  >\n\t\t\t\t<div class=\"col-inner\"  >\n\t\t\t\n\t\t\t\n\n\t\n  \n    <div class=\"row large-columns-2 medium-columns-2 small-columns-1 row-small slider row-slider slider-nav-simple slider-nav-push\"  data-flickity-options='{&quot;imagesLoaded&quot;: true, &quot;groupCells&quot;: &quot;100%&quot;, &quot;dragThreshold&quot; : 5, &quot;cellAlign&quot;: &quot;left&quot;,&quot;wrapAround&quot;: true,&quot;prevNextButtons&quot;: true,&quot;percentPosition&quot;: true,&quot;pageDots&quot;: false, &quot;rightToLeft&quot;: false, &quot;autoPlay&quot; : 4000}' >\n\n  <\/div>\n\n\n\t\t<\/div>\n\t\t\t\t\t<\/div>\n\n\t\n\n<\/div>\n\n\t\t<\/div>\n\n\t\t\n<style>\n#section_521258835 {\n  padding-top: 60px;\n  padding-bottom: 60px;\n}\n<\/style>\n\t<\/section>\n\t\n\n  <div class=\"banner has-hover\" id=\"banner-1367695213\">\n          <div class=\"banner-inner fill\">\n        <div class=\"banner-bg fill\" >\n            <img decoding=\"async\" width=\"1020\" height=\"680\" src=\"https:\/\/treelofts.com\/wp-content\/uploads\/2025\/02\/Tree-House-9.jpg\" class=\"bg attachment-large size-large\" alt=\"\" title=\"\">                        <div class=\"overlay\"><\/div>            \n                    <\/div>\n\t\t\n        <div class=\"banner-layers container\">\n            <div class=\"fill banner-link\"><\/div>            \n\n   <div id=\"text-box-1106054176\" class=\"text-box banner-layer x50 md-x50 lg-x50 y50 md-y50 lg-y50 res-text\">\n                                <div class=\"text-box-content text dark\">\n              \n              <div class=\"text-inner text-center\">\n                  \n\n<p>Hagamos realidad su visi\u00f3n<\/p>\n<h2><strong>Creando casas en los \u00e1rboles de ensue\u00f1o desde 2013<\/strong><\/h2>\n<a href=\"https:\/\/treelofts.com\/es\/contacto\/\" class=\"button white is-outline\"  >\n\t\t<span>Comience hoy mismo su viaje a la casa del \u00e1rbol<\/span>\n\t<\/a>\n\n\n\n              <\/div>\n           <\/div>\n                            \n<style>\n#text-box-1106054176 {\n  width: 60%;\n}\n#text-box-1106054176 .text-box-content {\n  font-size: 100%;\n}\n<\/style>\n    <\/div>\n \n\n        <\/div>\n      <\/div>\n\n            \n<style>\n#banner-1367695213 {\n  padding-top: 350px;\n}\n#banner-1367695213 .overlay {\n  background-color: rgba(0, 0, 0, 0.17);\n}\n#banner-1367695213 .banner-bg img {\n  object-position: 50% 21%;\n}\n<\/style>\n  <\/div>\n\n\n<div class=\"woocommerce columns-4\"><\/div>\n\n<div class=\"row\"  id=\"row-1914335835\">\n\n\n\n<\/div>","protected":false},"excerpt":{"rendered":"","protected":false},"author":5,"featured_media":0,"parent":0,"menu_order":0,"comment_status":"closed","ping_status":"closed","template":"","meta":{"footnotes":""},"class_list":["post-879","page","type-page","status-publish","hentry"],"_links":{"self":[{"href":"https:\/\/treelofts.com\/es\/wp-json\/wp\/v2\/pages\/879","targetHints":{"allow":["GET"]}}],"collection":[{"href":"https:\/\/treelofts.com\/es\/wp-json\/wp\/v2\/pages"}],"about":[{"href":"https:\/\/treelofts.com\/es\/wp-json\/wp\/v2\/types\/page"}],"author":[{"embeddable":true,"href":"https:\/\/treelofts.com\/es\/wp-json\/wp\/v2\/users\/5"}],"replies":[{"embeddable":true,"href":"https:\/\/treelofts.com\/es\/wp-json\/wp\/v2\/comments?post=879"}],"version-history":[{"count":0,"href":"https:\/\/treelofts.com\/es\/wp-json\/wp\/v2\/pages\/879\/revisions"}],"wp:attachment":[{"href":"https:\/\/treelofts.com\/es\/wp-json\/wp\/v2\/media?parent=879"}],"curies":[{"name":"wp","href":"https:\/\/api.w.org\/{rel}","templated":true}]}}