{"id":895,"date":"2025-02-10T17:59:15","date_gmt":"2025-02-11T01:59:15","guid":{"rendered":"https:\/\/azh5n13ivf.onrocket.site\/?page_id=895"},"modified":"2025-02-12T23:49:51","modified_gmt":"2025-02-13T07:49:51","slug":"permisos-de-construccion","status":"publish","type":"page","link":"https:\/\/treelofts.com\/es\/permisos-de-construccion\/","title":{"rendered":"Permisos de obras"},"content":{"rendered":"<div class=\"banner has-hover\" id=\"banner-708967652\">\n          <div class=\"banner-inner fill\">\n        <div class=\"banner-bg fill\" >\n            <img decoding=\"async\" width=\"1024\" height=\"1366\" src=\"https:\/\/treelofts.com\/wp-content\/uploads\/2025\/02\/Scandinavian-style-tree-house-2.webp\" class=\"bg attachment-original size-original\" alt=\"\" title=\"\">                        <div class=\"overlay\"><\/div>            \n                    <\/div>\n\t\t\n        <div class=\"banner-layers container\">\n            <div class=\"fill banner-link\"><\/div>            \n\n   <div id=\"text-box-1529970169\" class=\"text-box banner-layer x50 md-x50 lg-x50 y50 md-y50 lg-y50 res-text\">\n                                <div class=\"text-box-content text dark\">\n              \n              <div class=\"text-inner text-center\">\n                  \n\n<h3>Lo que debe saber antes de construir<\/h3>\n<h1 class=\"uppercase\"><strong>Permisos de obras<\/strong><\/h1>\n<p>Aunque construir una casa en un \u00e1rbol es una aventura interesante, primero debe estar seguro de si su proyecto requiere un permiso de construcci\u00f3n. Aunque las casas en los \u00e1rboles parecen una forma estupenda de escapar de la rutina diaria, es posible que se apliquen normas locales, por lo que conocerlas de antemano te ayudar\u00e1 a evitar problemas en el futuro.<\/p>\n<a href=\"https:\/\/treelofts.com\/es\/contacto\/\" class=\"button primary is-underline\"  >\n\t\t<span>comience hoy mismo su viaje a la casa del \u00e1rbol<\/span>\n\t<\/a>\n\n\n\n              <\/div>\n           <\/div>\n                            \n<style>\n#text-box-1529970169 {\n  width: 77%;\n}\n#text-box-1529970169 .text-box-content {\n  font-size: 100%;\n}\n<\/style>\n    <\/div>\n \n\n        <\/div>\n      <\/div>\n\n            \n<style>\n#banner-708967652 {\n  padding-top: 691px;\n}\n#banner-708967652 .overlay {\n  background-color: rgba(0,0,0,.5);\n}\n#banner-708967652 .banner-bg img {\n  object-position: 46% 57%;\n}\n@media (min-width:550px) {\n  #banner-708967652 {\n    padding-top: 775px;\n  }\n}\n<\/style>\n  <\/div>\n\n\n\n\t<section class=\"section\" id=\"section_305156733\">\n\t\t<div class=\"section-bg fill\" >\n\t\t\t\t\t\t\t\t\t\n\t\t\t\n\n\t\t<\/div>\n\n\t\t\n\n\t\t<div class=\"section-content relative\">\n\t\t\t\n\n<div class=\"row\"  id=\"row-1620921066\">\n\n\n\t<div id=\"col-1688218857\" class=\"col medium-11 small-12 large-11\"  >\n\t\t\t\t<div class=\"col-inner\"  >\n\t\t\t\n\t\t\t\n\n\t<div id=\"text-2538316295\" class=\"text\">\n\t\t\n\n<h2><strong data-start=\"507\" data-end=\"551\">\u00bfNecesita permiso para su casa en el \u00e1rbol?<\/strong><\/h2>\n\t\t\n<style>\n#text-2538316295 {\n  font-size: 1.5rem;\n}\n<\/style>\n\t<\/div>\n\t\n<p>La respuesta breve es: tu ubicaci\u00f3n y lo que est\u00e1s creando lo determinar\u00e1n. Cada pueblo, ciudad o condado tiene sus propias normas de construcci\u00f3n y zonificaci\u00f3n. Mientras que algunas localidades permiten erigir casas en los \u00e1rboles libremente, sobre todo si son modestas y se utilizan como estructuras de juego, otras pueden necesitar permiso si el dise\u00f1o es m\u00e1s grande, m\u00e1s complicado o incorpora fontaner\u00eda, electricidad o una construcci\u00f3n de varios niveles.<\/p>\n<p>La necesidad de un permiso depende de:<\/p>\n<ul>\n<li><strong>La altura y el tama\u00f1o de la casa del \u00e1rbol<\/strong> - Las estructuras m\u00e1s altas y grandes tienen m\u00e1s probabilidades de requerir aprobaci\u00f3n.<\/li>\n<li><strong>La ubicaci\u00f3n en su propiedad<\/strong> - Algunas zonas tienen requisitos de retranqueo que restringen la distancia a la que se puede construir respecto a los l\u00edmites de la propiedad o las casas vecinas.<\/li>\n<li><strong>Legislaci\u00f3n medioambiental y de protecci\u00f3n de los \u00e1rboles<\/strong> - Algunas regiones tienen normativas para proteger los \u00e1rboles y la fauna, sobre todo en zonas protegidas.<\/li>\n<li><strong>Requisitos de seguridad estructural<\/strong> - Algunas autoridades locales pueden exigir pruebas de que tu casa en el \u00e1rbol est\u00e1 construida para resistir las condiciones meteorol\u00f3gicas y soportar peso con seguridad.<\/li>\n<\/ul>\n<p data-start=\"1609\" data-end=\"1745\"><strong>\u00bfLa mejor forma de averiguarlo? P\u00f3ngase en contacto con el departamento de construcci\u00f3n o la oficina de urbanismo de su localidad y pregunte por la normativa espec\u00edfica de su zona.<\/strong><\/p>\n\t<div id=\"gap-615385227\" class=\"gap-element clearfix\" style=\"display:block; height:auto;\">\n\t\t\n<style>\n#gap-615385227 {\n  padding-top: 30px;\n}\n<\/style>\n\t<\/div>\n\t\n\n\t<div id=\"text-2730656803\" class=\"text\">\n\t\t\n\n<h2 data-start=\"1752\" data-end=\"1798\"><strong data-start=\"1756\" data-end=\"1796\">C\u00f3mo ayuda Treelofts en el proceso<\/strong><\/h2>\n\t\t\n<style>\n#text-2730656803 {\n  font-size: 1.5rem;\n}\n<\/style>\n\t<\/div>\n\t\n<p>En Treelofts, ofrecemos dise\u00f1os de casas de \u00e1rbol profesionalmente creados y estructuralmente s\u00f3lidos, pensados para simplificar el proceso de obtenci\u00f3n de permisos. Aunque no nos ocupamos personalmente de las solicitudes de permiso, podemos mostrar a las autoridades locales nuestros exhaustivos planos de construcci\u00f3n y dise\u00f1os orientados a la ingenier\u00eda para demostrar que su casa en el \u00e1rbol satisface los criterios estructurales y de seguridad.<\/p>\n<p>En caso de que su zona exija un permiso, una estrategia bien documentada aumentar\u00e1 en gran medida sus posibilidades de aprobaci\u00f3n. Ver c\u00e1lculos de carga detallados, planos de distribuci\u00f3n del peso y detalles de construcci\u00f3n profesionales -que ofrecen nuestros dise\u00f1os- es algo que valoran muchos departamentos de construcci\u00f3n.<\/p>\n\t<div id=\"gap-1218196838\" class=\"gap-element clearfix\" style=\"display:block; height:auto;\">\n\t\t\n<style>\n#gap-1218196838 {\n  padding-top: 30px;\n}\n<\/style>\n\t<\/div>\n\t\n\n\t<div id=\"text-1668078812\" class=\"text\">\n\t\t\n\n<h2 data-start=\"2480\" data-end=\"2522\"><strong data-start=\"2484\" data-end=\"2520\">\u00bfY si no se necesita permiso?<\/strong><\/h2>\n\t\t\n<style>\n#text-1668078812 {\n  font-size: 1.5rem;\n}\n<\/style>\n\t<\/div>\n\t\n<p>Es fant\u00e1stico si las normas municipales permiten que existan casas en los \u00e1rboles sin licencia. Podr\u00edas empezar tu proyecto sin documentaci\u00f3n adicional. Aun as\u00ed, es una buena idea informar a los vecinos de tus intenciones, sobre todo si tu casa en el \u00e1rbol puede verse desde sus terrenos. Mantener abiertos los canales de contacto garantiza un proceso de construcci\u00f3n fluido y ayuda a evitar posibles conflictos.<\/p>\n\t<div id=\"gap-1996588754\" class=\"gap-element clearfix\" style=\"display:block; height:auto;\">\n\t\t\n<style>\n#gap-1996588754 {\n  padding-top: 30px;\n}\n<\/style>\n\t<\/div>\n\t\n\n\t<div id=\"text-3815162648\" class=\"text\">\n\t\t\n\n<h2 data-start=\"2925\" data-end=\"2971\"><strong data-start=\"2929\" data-end=\"2969\">Planificar con antelaci\u00f3n y construir con confianza<\/strong><\/h2>\n\t\t\n<style>\n#text-3815162648 {\n  font-size: 1.5rem;\n}\n<\/style>\n\t<\/div>\n\t\n<p>Invertir tiempo en revisar los requisitos de los permisos antes de empezar la construcci\u00f3n le ayudar\u00e1 a evitar dificultades imprevistas m\u00e1s adelante. Construir una casa en el \u00e1rbol de forma adecuada y segura es esencial para producir una construcci\u00f3n que durar\u00e1 muchos a\u00f1os, incluso si no se necesita un permiso.<\/p>\n<p>Tanto si su casa en el \u00e1rbol es un refugio b\u00e1sico en el patio trasero como una compleja escapada a la copa de un \u00e1rbol, los dise\u00f1os bien elaborados de Treelofts le inspirar\u00e1n para crear una casa en el \u00e1rbol resistente, segura y respetuosa con la normativa.<\/p>\n<div class=\"flex max-w-full flex-col flex-grow\">\n<div class=\"min-h-8 text-message flex w-full flex-col items-end gap-2 whitespace-normal break-words text-start &#091;.text-message+&amp;&#093;:mt-5\" dir=\"auto\" data-message-author-role=\"assistant\" data-message-id=\"ecfe4b56-d246-4f87-b9d1-d507a343ad20\" data-message-model-slug=\"gpt-4o\">\n<div class=\"flex w-full flex-col gap-1 empty:hidden first:pt-&#091;3px&#093;\">\n<div class=\"markdown prose w-full break-words dark:prose-invert light\">\n<p data-start=\"3460\" data-end=\"3566\" data-is-last-node=\"\"><strong data-start=\"3460\" data-end=\"3566\" data-is-last-node=\"\">Explore nuestros dise\u00f1os hoy mismo y comience su viaje a la casa del \u00e1rbol de la forma correcta: bien preparado y sin preocupaciones.<\/strong><\/p>\n<\/div>\n<\/div>\n<\/div>\n<\/div>\n\n\t\t<\/div>\n\t\t\t\t\t<\/div>\n\n\t\n\n<\/div>\n\n\t\t<\/div>\n\n\t\t\n<style>\n#section_305156733 {\n  padding-top: 60px;\n  padding-bottom: 60px;\n}\n<\/style>\n\t<\/section>\n\t\n\n  <div class=\"banner has-hover\" id=\"banner-1183290180\">\n          <div class=\"banner-inner fill\">\n        <div class=\"banner-bg fill\" >\n            <img decoding=\"async\" width=\"683\" height=\"1024\" src=\"https:\/\/treelofts.com\/wp-content\/uploads\/2025\/02\/How-to-Build-a-Modern-Tree-House-Step-by-Step-Compliance-with-2024-Building-Codes-2.jpg\" class=\"bg attachment-original size-original\" alt=\"\" title=\"\">                        <div class=\"overlay\"><\/div>            \n                    <\/div>\n\t\t\n        <div class=\"banner-layers container\">\n            <div class=\"fill banner-link\"><\/div>            \n\n   <div id=\"text-box-1426565074\" class=\"text-box banner-layer x50 md-x50 lg-x50 y50 md-y50 lg-y50 res-text\">\n                                <div class=\"text-box-content text dark\">\n              \n              <div class=\"text-inner text-center\">\n                  \n\n<p>Hagamos realidad su visi\u00f3n<\/p>\n<h2><strong>Creando casas en los \u00e1rboles de ensue\u00f1o desde 2013<\/strong><\/h2>\n<a href=\"https:\/\/treelofts.com\/es\/contacto\/\" class=\"button white is-outline\"  >\n\t\t<span>comience hoy mismo su viaje a la casa del \u00e1rbol<\/span>\n\t<\/a>\n\n\n\n              <\/div>\n           <\/div>\n                            \n<style>\n#text-box-1426565074 {\n  width: 60%;\n}\n#text-box-1426565074 .text-box-content {\n  font-size: 100%;\n}\n<\/style>\n    <\/div>\n \n\n        <\/div>\n      <\/div>\n\n            \n<style>\n#banner-1183290180 {\n  padding-top: 350px;\n}\n#banner-1183290180 .overlay {\n  background-color: rgba(0, 0, 0, 0.17);\n}\n#banner-1183290180 .banner-bg img {\n  object-position: 57% 59%;\n}\n<\/style>\n  <\/div>\n\n\n<div class=\"woocommerce columns-4\"><\/div>\n\n<div class=\"row\"  id=\"row-1405093792\">\n\n\n\n<\/div>","protected":false},"excerpt":{"rendered":"","protected":false},"author":5,"featured_media":0,"parent":0,"menu_order":0,"comment_status":"closed","ping_status":"closed","template":"","meta":{"footnotes":""},"class_list":["post-895","page","type-page","status-publish","hentry"],"_links":{"self":[{"href":"https:\/\/treelofts.com\/es\/wp-json\/wp\/v2\/pages\/895","targetHints":{"allow":["GET"]}}],"collection":[{"href":"https:\/\/treelofts.com\/es\/wp-json\/wp\/v2\/pages"}],"about":[{"href":"https:\/\/treelofts.com\/es\/wp-json\/wp\/v2\/types\/page"}],"author":[{"embeddable":true,"href":"https:\/\/treelofts.com\/es\/wp-json\/wp\/v2\/users\/5"}],"replies":[{"embeddable":true,"href":"https:\/\/treelofts.com\/es\/wp-json\/wp\/v2\/comments?post=895"}],"version-history":[{"count":0,"href":"https:\/\/treelofts.com\/es\/wp-json\/wp\/v2\/pages\/895\/revisions"}],"wp:attachment":[{"href":"https:\/\/treelofts.com\/es\/wp-json\/wp\/v2\/media?parent=895"}],"curies":[{"name":"wp","href":"https:\/\/api.w.org\/{rel}","templated":true}]}}