{"id":907,"date":"2025-02-10T18:15:16","date_gmt":"2025-02-11T02:15:16","guid":{"rendered":"https:\/\/azh5n13ivf.onrocket.site\/?page_id=907"},"modified":"2025-02-12T23:47:55","modified_gmt":"2025-02-13T07:47:55","slug":"construccion","status":"publish","type":"page","link":"https:\/\/treelofts.com\/es\/construccion\/","title":{"rendered":"Construcci\u00f3n"},"content":{"rendered":"<div class=\"banner has-hover\" id=\"banner-1077004126\">\n          <div class=\"banner-inner fill\">\n        <div class=\"banner-bg fill\" >\n            <img decoding=\"async\" width=\"906\" height=\"1207\" src=\"https:\/\/treelofts.com\/wp-content\/uploads\/2025\/02\/Dream-Treehouse-5.webp\" class=\"bg attachment-original size-original\" alt=\"Por qu\u00e9 los resorts de lujo en casitas de \u00e1rbol son la nueva tendencia en viajes\" title=\"\">                        <div class=\"overlay\"><\/div>            \n                    <\/div>\n\t\t\n        <div class=\"banner-layers container\">\n            <div class=\"fill banner-link\"><\/div>            \n\n   <div id=\"text-box-1299080156\" class=\"text-box banner-layer x50 md-x50 lg-x50 y50 md-y50 lg-y50 res-text\">\n                                <div class=\"text-box-content text dark\">\n              \n              <div class=\"text-inner text-center\">\n                  \n\n<h3>Construya su sue\u00f1o entre los \u00e1rboles<\/h3>\n<h1 class=\"page-title\"><strong>Construcci\u00f3n<\/strong><\/h1>\n<p>Una casa en el \u00e1rbol es \u00fanica, ya que ofrece un refugio en lugar de s\u00f3lo un edificio. Construir su propia casa en el \u00e1rbol le entusiasmar\u00e1, ya sea para una escapada al patio trasero, una fant\u00e1stica zona de juegos para los ni\u00f1os o un tranquilo escondite en la copa de un \u00e1rbol. Pero, para ser sinceros, construir una casa en un \u00e1rbol no es como levantar un edificio normal. Requiere un dise\u00f1o cuidadoso, materiales adecuados y m\u00e9todos que se adapten a la naturaleza en lugar de oponerse a ella.<\/p>\n<a href=\"https:\/\/treelofts.com\/es\/contacto\/\" class=\"button primary is-underline\"  >\n\t\t<span>comience hoy mismo su viaje a la casa del \u00e1rbol<\/span>\n\t<\/a>\n\n\n\n              <\/div>\n           <\/div>\n                            \n<style>\n#text-box-1299080156 {\n  width: 82%;\n}\n#text-box-1299080156 .text-box-content {\n  font-size: 100%;\n}\n<\/style>\n    <\/div>\n \n\n        <\/div>\n      <\/div>\n\n            \n<style>\n#banner-1077004126 {\n  padding-top: 665px;\n}\n#banner-1077004126 .overlay {\n  background-color: rgba(0,0,0,.5);\n}\n#banner-1077004126 .banner-bg img {\n  object-position: 61% 44%;\n}\n@media (min-width:550px) {\n  #banner-1077004126 {\n    padding-top: 789px;\n  }\n}\n<\/style>\n  <\/div>\n\n\n<div class=\"row\"  id=\"row-2067816157\">\n\n\n\t<div id=\"col-679247308\" class=\"col small-12 large-12\"  >\n\t\t\t\t<div class=\"col-inner\"  >\n\t\t\t\n\t\t\t\n\n\t<div id=\"text-640733233\" class=\"text\">\n\t\t\n\n<h2 data-start=\"826\" data-end=\"880\"><strong data-start=\"830\" data-end=\"878\">Construir para la fuerza, la estabilidad y la seguridad<\/strong><\/h2>\n\t\t\n<style>\n#text-640733233 {\n  font-size: 1.5rem;\n}\n<\/style>\n\t<\/div>\n\t\n<p>A diferencia de las casas construidas en suelo firme, las casas en los \u00e1rboles exigen un cuidado especial de ingenier\u00eda. Los \u00e1rboles se mueven con la brisa, sus troncos crecen con el tiempo y sus ra\u00edces deben permanecer intactas. Para construir una casa en el \u00e1rbol duradera y estructuralmente fuerte, nuestros dise\u00f1os dan prioridad a la distribuci\u00f3n del peso, los sistemas de fijaci\u00f3n seguros y los procedimientos de construcci\u00f3n respetuosos con los \u00e1rboles.<\/p>\n<p data-start=\"1267\" data-end=\"1298\">Cada uno de nuestros dise\u00f1os incluye:<\/p>\n<ul data-start=\"1299\" data-end=\"1677\">\n<li data-start=\"1299\" data-end=\"1400\"><strong data-start=\"1301\" data-end=\"1341\">Planos profesionales de construcci\u00f3n<\/strong> - Gu\u00eda paso a paso para una construcci\u00f3n sin complicaciones.<\/li>\n<li data-start=\"1401\" data-end=\"1487\"><strong data-start=\"1403\" data-end=\"1439\">M\u00e9todos de fijaci\u00f3n respetuosos con los \u00e1rboles<\/strong> - Asegurar el edificio sin da\u00f1ar los \u00e1rboles.<\/li>\n<li data-start=\"1488\" data-end=\"1583\"><strong data-start=\"1490\" data-end=\"1522\">C\u00e1lculos de peso y carga<\/strong> - Garantizar el equilibrio y la estabilidad para una durabilidad a largo plazo.<\/li>\n<li data-start=\"1584\" data-end=\"1677\"><strong data-start=\"1586\" data-end=\"1613\">Especificaciones materiales<\/strong> - Le ayudamos a elegir la madera, las fijaciones y los soportes adecuados.<\/li>\n<\/ul>\n<p>Estas ideas bien elaboradas permiten que incluso los nuevos constructores de casas en los \u00e1rboles se sientan seguros a la hora de hacer realidad la casa del \u00e1rbol de sus sue\u00f1os.<\/p>\n\t<div id=\"gap-442190130\" class=\"gap-element clearfix\" style=\"display:block; height:auto;\">\n\t\t\n<style>\n#gap-442190130 {\n  padding-top: 30px;\n}\n<\/style>\n\t<\/div>\n\t\n\n\t<div id=\"text-1431957912\" class=\"text\">\n\t\t\n\n<h2 data-start=\"1820\" data-end=\"1854\"><strong data-start=\"1824\" data-end=\"1852\">Tu casa en el \u00e1rbol, a tu manera<\/strong><\/h2>\n\t\t\n<style>\n#text-1431957912 {\n  font-size: 1.5rem;\n}\n<\/style>\n\t<\/div>\n\t\n<p>Una de las preguntas m\u00e1s frecuentes es: \u00bfDebo contratar a un contratista o construir yo mismo la casa del \u00e1rbol? La experiencia, el tiempo y el grado de complejidad del dise\u00f1o determinar\u00e1n la respuesta.<\/p>\n<p>Siguiendo nuestros minuciosos dise\u00f1os y reuniendo sus propias herramientas y suministros, algunos de nuestros clientes deciden construir su casa del \u00e1rbol in situ. Otros prefieren contratar a un contratista que pueda llevar a cabo el dise\u00f1o con precisi\u00f3n. Sea cual sea su decisi\u00f3n, nuestros dise\u00f1os profesionales simplifican y facilitan el proceso.<\/p>\n<p>Mark, uno de nuestros clientes, quer\u00eda crear una casa en un \u00e1rbol para su hijo Jake, de diez a\u00f1os. La idea de empezar desde cero le abrumaba al no tener experiencia previa en construcci\u00f3n. Seleccion\u00f3 uno de nuestros dise\u00f1os de casa en el \u00e1rbol de tama\u00f1o medio, y luego utiliz\u00f3 nuestras instrucciones detalladas para terminar la construcci\u00f3n bajo la direcci\u00f3n de un carpintero cercano. Mark nos lo cont\u00f3:<br data-start=\"2803\" data-end=\"2806\" \/><em data-start=\"2806\" data-end=\"3047\">\"Esta casa en el \u00e1rbol ha resultado mejor de lo que imaginaba. El plano era f\u00e1cil de seguir, y me sent\u00ed seguro sabiendo que todo estaba dise\u00f1ado para la seguridad. \u00bfY lo mejor? Ver c\u00f3mo se le iluminaba la cara a Jake cuando vio su nuevo escondite en la copa del \u00e1rbol\".<\/em><\/p>\n<p><strong>nos encanta ver c\u00f3mo nuestros dise\u00f1os ayudan a la gente a hacer realidad sus sue\u00f1os de casa en el \u00e1rbol.<\/strong><\/p>\n\t<div id=\"gap-1637253364\" class=\"gap-element clearfix\" style=\"display:block; height:auto;\">\n\t\t\n<style>\n#gap-1637253364 {\n  padding-top: 30px;\n}\n<\/style>\n\t<\/div>\n\t\n\n\t<div id=\"text-1691645164\" class=\"text\">\n\t\t\n\n\n\t\t\n<style>\n#text-1691645164 {\n  font-size: 1.5rem;\n}\n<\/style>\n\t<\/div>\n\t\n<p>Construir una casa en el \u00e1rbol es crear un lugar para la aventura, el ocio y los recuerdos para toda la vida, no s\u00f3lo para colocar clavos y madera. Al ofrecer un refugio seguro y protegido al aire libre, una casa en el \u00e1rbol bien construida debe parecer una extensi\u00f3n natural de los \u00e1rboles.<\/p>\n<p>Los planos profesionalmente elaborados de Treelofts tendr\u00e1n todo lo que necesita para crear una casa en el \u00e1rbol fuerte, bien equilibrada y elegantemente integrada que durar\u00e1 toda la vida. Tanto si su idea es un escondite b\u00e1sico en el patio trasero como una escapada de varios niveles en la copa de un \u00e1rbol, nuestros dise\u00f1os simplifican el proceso de construcci\u00f3n y le posicionan para el \u00e9xito.<\/p>\n<p><strong>Vea ahora mismo nuestros dise\u00f1os de casas en los \u00e1rboles y comience su camino hacia el refugio ideal en la copa de un \u00e1rbol.<\/strong><\/p>\n\n\t\t<\/div>\n\t\t\t\t\t<\/div>\n\n\t\n\n\n<style>\n#row-2067816157 > .col > .col-inner {\n  padding: 50px 0px 50px 0px;\n}\n<\/style>\n<\/div>\n\n  <div class=\"banner has-hover\" id=\"banner-1274025032\">\n          <div class=\"banner-inner fill\">\n        <div class=\"banner-bg fill\" >\n            <img decoding=\"async\" width=\"916\" height=\"1221\" src=\"https:\/\/treelofts.com\/wp-content\/uploads\/2025\/02\/Dream-Treehouse-1.jpeg\" class=\"bg attachment-original size-original\" alt=\"\" title=\"\">                        <div class=\"overlay\"><\/div>            \n                    <\/div>\n\t\t\n        <div class=\"banner-layers container\">\n            <div class=\"fill banner-link\"><\/div>            \n\n   <div id=\"text-box-1743391134\" class=\"text-box banner-layer x50 md-x50 lg-x50 y50 md-y50 lg-y50 res-text\">\n                                <div class=\"text-box-content text dark\">\n              \n              <div class=\"text-inner text-center\">\n                  \n\n<p>Hagamos realidad su visi\u00f3n<\/p>\n<h2><strong>Creando casas en los \u00e1rboles de ensue\u00f1o desde 2013<\/strong><\/h2>\n<a href=\"https:\/\/treelofts.com\/es\/contacto\/\" class=\"button white is-outline\"  >\n\t\t<span>comience hoy mismo su viaje a la casa del \u00e1rbol<\/span>\n\t<\/a>\n\n\n\n              <\/div>\n           <\/div>\n                            \n<style>\n#text-box-1743391134 {\n  width: 60%;\n}\n#text-box-1743391134 .text-box-content {\n  font-size: 100%;\n}\n<\/style>\n    <\/div>\n \n\n        <\/div>\n      <\/div>\n\n            \n<style>\n#banner-1274025032 {\n  padding-top: 350px;\n}\n#banner-1274025032 .overlay {\n  background-color: rgba(0, 0, 0, 0.17);\n}\n#banner-1274025032 .banner-bg img {\n  object-position: 65% 22%;\n}\n<\/style>\n  <\/div>\n\n\n<div class=\"woocommerce columns-4\"><\/div>\n\n<div class=\"row\"  id=\"row-1956375344\">\n\n\n\n<\/div>","protected":false},"excerpt":{"rendered":"","protected":false},"author":5,"featured_media":0,"parent":0,"menu_order":0,"comment_status":"closed","ping_status":"closed","template":"","meta":{"footnotes":""},"class_list":["post-907","page","type-page","status-publish","hentry"],"_links":{"self":[{"href":"https:\/\/treelofts.com\/es\/wp-json\/wp\/v2\/pages\/907","targetHints":{"allow":["GET"]}}],"collection":[{"href":"https:\/\/treelofts.com\/es\/wp-json\/wp\/v2\/pages"}],"about":[{"href":"https:\/\/treelofts.com\/es\/wp-json\/wp\/v2\/types\/page"}],"author":[{"embeddable":true,"href":"https:\/\/treelofts.com\/es\/wp-json\/wp\/v2\/users\/5"}],"replies":[{"embeddable":true,"href":"https:\/\/treelofts.com\/es\/wp-json\/wp\/v2\/comments?post=907"}],"version-history":[{"count":0,"href":"https:\/\/treelofts.com\/es\/wp-json\/wp\/v2\/pages\/907\/revisions"}],"wp:attachment":[{"href":"https:\/\/treelofts.com\/es\/wp-json\/wp\/v2\/media?parent=907"}],"curies":[{"name":"wp","href":"https:\/\/api.w.org\/{rel}","templated":true}]}}