{"id":924,"date":"2025-02-10T18:37:52","date_gmt":"2025-02-11T02:37:52","guid":{"rendered":"https:\/\/azh5n13ivf.onrocket.site\/?page_id=924"},"modified":"2025-02-12T23:53:36","modified_gmt":"2025-02-13T07:53:36","slug":"fijaciones","status":"publish","type":"page","link":"https:\/\/treelofts.com\/es\/fijaciones\/","title":{"rendered":"Fijaciones"},"content":{"rendered":"<div class=\"banner has-hover\" id=\"banner-1762402254\">\n          <div class=\"banner-inner fill\">\n        <div class=\"banner-bg fill\" >\n            <img decoding=\"async\" width=\"899\" height=\"1199\" src=\"https:\/\/treelofts.com\/wp-content\/uploads\/2025\/02\/tree-house-1-1.jpeg\" class=\"bg attachment-original size-original\" alt=\"\" title=\"\">                        <div class=\"overlay\"><\/div>            \n                    <\/div>\n\t\t\n        <div class=\"banner-layers container\">\n            <div class=\"fill banner-link\"><\/div>            \n\n   <div id=\"text-box-52840455\" class=\"text-box banner-layer x50 md-x50 lg-x50 y50 md-y50 lg-y50 res-text\">\n                                <div class=\"text-box-content text dark\">\n              \n              <div class=\"text-inner text-center\">\n                  \n\n<h3>La clave para una casa del \u00e1rbol segura y resistente<\/h3>\n<h1 class=\"uppercase\"><strong>Fijaciones<\/strong><\/h1>\n<p>Cuando se construye una casa en el \u00e1rbol, la gente suele concentrarse en el dise\u00f1o, los materiales y la ubicaci\u00f3n; sin embargo, hay un peque\u00f1o detalle -las sujeciones- que es absolutamente esencial para mantener todo unido. Gracias a estas peque\u00f1as pero poderosas piezas, tu casa del \u00e1rbol se mantendr\u00e1 robusta, duradera y segura. Las fijaciones correctas garantizan que la construcci\u00f3n soporte el peso, resista las condiciones ambientales y permita el movimiento de los \u00e1rboles sin da\u00f1arlos.<\/p>\n<a href=\"https:\/\/treelofts.com\/es\/contacto\/\" class=\"button primary is-underline\"  >\n\t\t<span>comience hoy mismo su viaje a la casa del \u00e1rbol<\/span>\n\t<\/a>\n\n\n\n              <\/div>\n           <\/div>\n                            \n<style>\n#text-box-52840455 {\n  width: 88%;\n}\n#text-box-52840455 .text-box-content {\n  font-size: 100%;\n}\n<\/style>\n    <\/div>\n \n\n        <\/div>\n      <\/div>\n\n            \n<style>\n#banner-1762402254 {\n  padding-top: 682px;\n}\n#banner-1762402254 .overlay {\n  background-color: rgba(0,0,0,.5);\n}\n#banner-1762402254 .banner-bg img {\n  object-position: 59% 47%;\n}\n@media (min-width:550px) {\n  #banner-1762402254 {\n    padding-top: 789px;\n  }\n}\n<\/style>\n  <\/div>\n\n\n<div class=\"row\"  id=\"row-502244778\">\n\n\n\t<div id=\"col-416883708\" class=\"col small-12 large-12\"  >\n\t\t\t\t<div class=\"col-inner\"  >\n\t\t\t\n\t\t\t\n\n\t<div id=\"text-1887627738\" class=\"text\">\n\t\t\n\n<h2 data-start=\"885\" data-end=\"941\"><strong data-start=\"889\" data-end=\"939\">Por qu\u00e9 son importantes las fijaciones en la construcci\u00f3n de casas en los \u00e1rboles<\/strong><\/h2>\n\t\t\n<style>\n#text-1887627738 {\n  font-size: 1.5rem;\n}\n<\/style>\n\t<\/div>\n\t\n<p>erigir una casa en un \u00e1rbol no es como erigir algo en un terreno llano. Los \u00e1rboles migran, se desarrollan y se expanden, por lo que su casa en el \u00e1rbol debe estar bien anclada, pero tambi\u00e9n debe ser lo suficientemente adaptable como para permitir el movimiento natural. El uso de elementos de fijaci\u00f3n incorrectos puede provocar inestabilidad en la estructura, fijaciones sueltas o incluso da\u00f1os en el \u00e1rbol. Las fijaciones desempe\u00f1an un papel fundamental:<\/p>\n<ul data-start=\"1329\" data-end=\"1670\">\n<li data-start=\"1329\" data-end=\"1426\"><strong data-start=\"1331\" data-end=\"1386\">Mantener la estructura bien sujeta al \u00e1rbol<\/strong> sin perforaciones ni da\u00f1os excesivos.<\/li>\n<li data-start=\"1427\" data-end=\"1510\"><strong data-start=\"1429\" data-end=\"1459\">Distribuci\u00f3n uniforme del peso<\/strong>reduciendo la tensi\u00f3n en una sola zona del \u00e1rbol.<\/li>\n<li data-start=\"1511\" data-end=\"1587\"><strong data-start=\"1513\" data-end=\"1554\">Permitir el crecimiento y el movimiento de los \u00e1rboles<\/strong>garantizando la estabilidad a largo plazo.<\/li>\n<li data-start=\"1588\" data-end=\"1670\"><strong data-start=\"1590\" data-end=\"1633\">Evitar la corrosi\u00f3n y el desgaste con el paso del tiempo<\/strong>especialmente en exteriores.<\/li>\n<\/ul>\n\t<div id=\"gap-1491635649\" class=\"gap-element clearfix\" style=\"display:block; height:auto;\">\n\t\t\n<style>\n#gap-1491635649 {\n  padding-top: 30px;\n}\n<\/style>\n\t<\/div>\n\t\n\n\t<div id=\"text-3269045861\" class=\"text\">\n\t\t\n\n<h2 data-start=\"1817\" data-end=\"1874\"><strong data-start=\"1821\" data-end=\"1872\">C\u00f3mo elegir las fijaciones adecuadas para su casa del \u00e1rbol<\/strong><\/h2>\n\t\t\n<style>\n#text-3269045861 {\n  font-size: 1.5rem;\n}\n<\/style>\n\t<\/div>\n\t\n<p>No todas las fijaciones son iguales, por lo que elegir las correctas es muy importante en la construcci\u00f3n de una casa en el \u00e1rbol. El tipo de fijaciones que emplees afectar\u00e1 al estado del \u00e1rbol con el paso del tiempo y, por tanto, influir\u00e1 en tu casa del \u00e1rbol.<\/p>\n<p>Los pernos de fijaci\u00f3n para casas de \u00e1rbol (TABS) son una de las mejores opciones para sujetar una casa de \u00e1rbol. Especialmente pensados para la construcci\u00f3n de casas en los \u00e1rboles, estos pernos de alta resistencia ofrecen una gran solidez sin comprometer la integridad del \u00e1rbol. Los TABS permiten que el \u00e1rbol cicatrice a su alrededor, proporcionando as\u00ed un punto de conexi\u00f3n m\u00e1s seguro y duradero que los tornillos o clavos ordinarios, que pueden infligir heridas graves que debiliten el \u00e1rbol.<\/p>\n<p>Otro factor importante son los tornillos frente a los clavos. Aunque muchos creen que los clavos son una soluci\u00f3n r\u00e1pida y sencilla, no son lo mejor para construir una casa en un \u00e1rbol. A medida que el \u00e1rbol se balancea, los clavos pueden aflojarse con el tiempo; adem\u00e1s, carecen de la misma fuerza de agarre que los tornillos. Dado que permanecen en su sitio, distribuyen el peso de forma m\u00e1s eficaz y ayudan a reducir los problemas de mantenimiento a largo plazo, los tirafondos o tornillos estructurales de alta calidad son una opci\u00f3n muy superior.<\/p>\n<p>El material de los tornillos tambi\u00e9n cuenta. Su casa estar\u00e1 en el exterior, por lo que debe utilizar tornillos fabricados con materiales resistentes a la corrosi\u00f3n, como el acero inoxidable o el acero galvanizado. Estos materiales garantizan que las fijaciones se mantengan fuertes y seguras durante a\u00f1os y ayudan a evitar la oxidaci\u00f3n. Las fijaciones de baja calidad pueden degradarse y debilitar la estructura con el tiempo.<\/p>\n\t<div id=\"gap-704216969\" class=\"gap-element clearfix\" style=\"display:block; height:auto;\">\n\t\t\n<style>\n#gap-704216969 {\n  padding-top: 30px;\n}\n<\/style>\n\t<\/div>\n\t\n\n\t<div id=\"text-100764720\" class=\"text\">\n\t\t\n\n<h2 data-start=\"3446\" data-end=\"3511\"><strong data-start=\"3450\" data-end=\"3509\">Sujeciones y movimiento de los \u00e1rboles: dise\u00f1o flexible<\/strong><\/h2>\n\t\t\n<style>\n#text-100764720 {\n  font-size: 1.5rem;\n}\n<\/style>\n\t<\/div>\n\t\n<p>Ignorar el movimiento de los \u00e1rboles es uno de los principales errores que se cometen al dise\u00f1ar una casa en un \u00e1rbol. A diferencia de las construcciones convencionales, las casas en los \u00e1rboles est\u00e1n sujetas a \u00e1rboles vivos en crecimiento que se mecen con el viento, se expanden con el tiempo y se mueven con las estaciones. Si las sujeciones no son flexibles, la casa puede sufrir fracturas por tensi\u00f3n, fallos de fijaci\u00f3n o incluso da\u00f1os en el propio \u00e1rbol.<\/p>\n<p>Una casa de \u00e1rbol debe ser segura pero no r\u00edgida, por lo que las t\u00e9cnicas de fijaci\u00f3n flexibles son muy importantes. Nuestros dise\u00f1os garantizan que su casa de \u00e1rbol pueda moverse org\u00e1nicamente con los \u00e1rboles incluyendo soportes flotantes, sistemas de fijaci\u00f3n deslizantes y una distribuci\u00f3n deliberada de la carga. Estos m\u00e9todos sirven para reducir la carga sobre los \u00e1rboles y la construcci\u00f3n, aumentando as\u00ed la seguridad y la durabilidad de la casa.<\/p>\n\t<div id=\"gap-517404737\" class=\"gap-element clearfix\" style=\"display:block; height:auto;\">\n\t\t\n<style>\n#gap-517404737 {\n  padding-top: 30px;\n}\n<\/style>\n\t<\/div>\n\t\n\n\t<div id=\"text-413803046\" class=\"text\">\n\t\t\n\n<h2 data-start=\"5352\" data-end=\"5412\"><strong data-start=\"5356\" data-end=\"5410\">Construya con confianza: elija las fijaciones adecuadas<\/strong><\/h2>\n\t\t\n<style>\n#text-413803046 {\n  font-size: 1.5rem;\n}\n<\/style>\n\t<\/div>\n\t\n<p>La resistencia de una casa de \u00e1rbol est\u00e1 limitada por los elementos de fijaci\u00f3n que la unen. Su construcci\u00f3n ser\u00e1 segura y duradera si elige materiales resistentes a la intemperie y tornillos y pernos de fijaci\u00f3n adecuados. La selecci\u00f3n de elementos de fijaci\u00f3n de primera calidad marcar\u00e1 la diferencia en la estabilidad, la vida \u00fatil y la seguridad de su casa del \u00e1rbol, tanto si la construye usted mismo como si contrata a un contratista.<\/p>\n<p>Nuestros dise\u00f1os cuidadosamente elaborados en Treelofts eliminan las conjeturas a la hora de elegir los elementos de fijaci\u00f3n, ofreci\u00e9ndole instrucciones y recomendaciones detalladas para garantizar que su casa en el \u00e1rbol se construye correctamente.<\/p>\n<p><strong>Vea nuestros dise\u00f1os ahora mismo para comenzar su aventura en una casa del \u00e1rbol utilizando los mejores materiales para la tarea.<\/strong><\/p>\n\n\t\t<\/div>\n\t\t\t\t\t<\/div>\n\n\t\n\n\n<style>\n#row-502244778 > .col > .col-inner {\n  padding: 60px 0px 60px 0px;\n}\n<\/style>\n<\/div>\n\n  <div class=\"banner has-hover\" id=\"banner-1087582752\">\n          <div class=\"banner-inner fill\">\n        <div class=\"banner-bg fill\" >\n            <img decoding=\"async\" width=\"1024\" height=\"683\" src=\"https:\/\/treelofts.com\/wp-content\/uploads\/2025\/02\/Tree-House-39.jpg\" class=\"bg attachment-original size-original\" alt=\"\" title=\"\">                        <div class=\"overlay\"><\/div>            \n                    <\/div>\n\t\t\n        <div class=\"banner-layers container\">\n            <div class=\"fill banner-link\"><\/div>            \n\n   <div id=\"text-box-1398200505\" class=\"text-box banner-layer x50 md-x50 lg-x50 y50 md-y50 lg-y50 res-text\">\n                                <div class=\"text-box-content text dark\">\n              \n              <div class=\"text-inner text-center\">\n                  \n\n<p>Hagamos realidad su visi\u00f3n<\/p>\n<h2><strong>Creando casas en los \u00e1rboles de ensue\u00f1o desde 2013<\/strong><\/h2>\n<a href=\"https:\/\/treelofts.com\/es\/contacto\/\" class=\"button white is-outline\"  >\n\t\t<span>comience hoy mismo su viaje a la casa del \u00e1rbol<\/span>\n\t<\/a>\n\n\n\n              <\/div>\n           <\/div>\n                            \n<style>\n#text-box-1398200505 {\n  width: 60%;\n}\n#text-box-1398200505 .text-box-content {\n  font-size: 100%;\n}\n<\/style>\n    <\/div>\n \n\n        <\/div>\n      <\/div>\n\n            \n<style>\n#banner-1087582752 {\n  padding-top: 350px;\n}\n#banner-1087582752 .overlay {\n  background-color: rgba(0, 0, 0, 0.17);\n}\n#banner-1087582752 .banner-bg img {\n  object-position: 47% 65%;\n}\n<\/style>\n  <\/div>\n\n\n<div class=\"woocommerce columns-4\"><\/div>\n\n<div class=\"row\"  id=\"row-2106251130\">\n\n\n\n<\/div>","protected":false},"excerpt":{"rendered":"","protected":false},"author":5,"featured_media":0,"parent":0,"menu_order":0,"comment_status":"closed","ping_status":"closed","template":"","meta":{"footnotes":""},"class_list":["post-924","page","type-page","status-publish","hentry"],"_links":{"self":[{"href":"https:\/\/treelofts.com\/es\/wp-json\/wp\/v2\/pages\/924","targetHints":{"allow":["GET"]}}],"collection":[{"href":"https:\/\/treelofts.com\/es\/wp-json\/wp\/v2\/pages"}],"about":[{"href":"https:\/\/treelofts.com\/es\/wp-json\/wp\/v2\/types\/page"}],"author":[{"embeddable":true,"href":"https:\/\/treelofts.com\/es\/wp-json\/wp\/v2\/users\/5"}],"replies":[{"embeddable":true,"href":"https:\/\/treelofts.com\/es\/wp-json\/wp\/v2\/comments?post=924"}],"version-history":[{"count":0,"href":"https:\/\/treelofts.com\/es\/wp-json\/wp\/v2\/pages\/924\/revisions"}],"wp:attachment":[{"href":"https:\/\/treelofts.com\/es\/wp-json\/wp\/v2\/media?parent=924"}],"curies":[{"name":"wp","href":"https:\/\/api.w.org\/{rel}","templated":true}]}}