{"id":964,"date":"2025-02-10T19:03:58","date_gmt":"2025-02-11T03:03:58","guid":{"rendered":"https:\/\/azh5n13ivf.onrocket.site\/?page_id=964"},"modified":"2025-02-12T23:51:43","modified_gmt":"2025-02-13T07:51:43","slug":"construccion-parcial","status":"publish","type":"page","link":"https:\/\/treelofts.com\/es\/construccion-parcial\/","title":{"rendered":"Construcci\u00f3n parcial"},"content":{"rendered":"<div class=\"banner has-hover\" id=\"banner-1701167042\">\n          <div class=\"banner-inner fill\">\n        <div class=\"banner-bg fill\" >\n            <img decoding=\"async\" width=\"1024\" height=\"683\" src=\"https:\/\/treelofts.com\/wp-content\/uploads\/2025\/02\/Tree-House-45.jpg\" class=\"bg attachment-original size-original\" alt=\"C\u00f3mo construir una casa en un \u00e1rbol segura, divertida y duradera\" title=\"\">                        <div class=\"overlay\"><\/div>            \n                    <\/div>\n\t\t\n        <div class=\"banner-layers container\">\n            <div class=\"fill banner-link\"><\/div>            \n\n   <div id=\"text-box-1584130914\" class=\"text-box banner-layer x50 md-x50 lg-x50 y50 md-y50 lg-y50 res-text\">\n                                <div class=\"text-box-content text dark\">\n              \n              <div class=\"text-inner text-center\">\n                  \n\n<h3>C\u00f3mo construir una casa en un \u00e1rbol<\/h3>\n<h1 class=\"uppercase\"><strong>Construcci\u00f3n parcial<\/strong><\/h1>\n<p>Siempre ha deseado tener una casa en el \u00e1rbol, un peque\u00f1o refugio escondido entre las copas de los \u00e1rboles, un lugar donde relajarse, jugar o incluso trabajar. Pero la realidad se impone. \u00bfC\u00f3mo se puede crear una? \u00bfAlguno de vosotros es carpintero? \u00bfSer\u00e1 eterno? \u00bfEres capaz de hacerlo t\u00fa mismo?<\/p>\n\n              <\/div>\n           <\/div>\n                            \n<style>\n#text-box-1584130914 {\n  width: 87%;\n}\n#text-box-1584130914 .text-box-content {\n  font-size: 100%;\n}\n<\/style>\n    <\/div>\n \n\n        <\/div>\n      <\/div>\n\n            \n<style>\n#banner-1701167042 {\n  padding-top: 763px;\n}\n#banner-1701167042 .overlay {\n  background-color: rgba(0,0,0,.5);\n}\n#banner-1701167042 .banner-bg img {\n  object-position: 37% 64%;\n}\n@media (min-width:550px) {\n  #banner-1701167042 {\n    padding-top: 800px;\n  }\n}\n<\/style>\n  <\/div>\n\n\n\n\t<section class=\"section\" id=\"section_1080601165\">\n\t\t<div class=\"section-bg fill\" >\n\t\t\t\t\t\t\t\t\t\n\t\t\t\n\n\t\t<\/div>\n\n\t\t\n\n\t\t<div class=\"section-content relative\">\n\t\t\t\n\n<div class=\"row row-collapse align-middle\" style=\"max-width:1300px\" id=\"row-910997368\">\n\n\n\t<div id=\"col-702595025\" class=\"col small-12 large-12\"  >\n\t\t\t\t<div class=\"col-inner\" style=\"background-color:rgb(246, 246, 246);\" >\n\t\t\t\n\t\t\t\n\n<div class=\"row row-collapse align-middle\" style=\"max-width:1300px\" id=\"row-579367326\">\n\n\n\t<div id=\"col-1383539458\" class=\"col medium-12 small-12 large-6\"  >\n\t\t\t\t<div class=\"col-inner\"  >\n\t\t\t\n\t\t\t\n\n\n  <div class=\"banner has-hover\" id=\"banner-2001961334\">\n          <div class=\"banner-inner fill\">\n        <div class=\"banner-bg fill\" >\n            <img decoding=\"async\" width=\"640\" height=\"800\" src=\"https:\/\/treelofts.com\/wp-content\/uploads\/2025\/02\/Tree-House-19-640x800.jpg\" class=\"bg attachment-large size-large\" alt=\"\" title=\"\">                                    \n                    <\/div>\n\t\t\n        <div class=\"banner-layers container\">\n            <div class=\"fill banner-link\"><\/div>            \n\n   <div id=\"text-box-40334494\" class=\"text-box banner-layer x50 md-x50 lg-x50 y50 md-y50 lg-y50 res-text\">\n                                <div class=\"text-box-content text dark\">\n              \n              <div class=\"text-inner text-center\">\n                  \n\n\n              <\/div>\n           <\/div>\n                            \n<style>\n#text-box-40334494 {\n  width: 60%;\n}\n#text-box-40334494 .text-box-content {\n  font-size: 100%;\n}\n@media (min-width:550px) {\n  #text-box-40334494 {\n    width: 60%;\n  }\n}\n<\/style>\n    <\/div>\n \n\n        <\/div>\n      <\/div>\n\n            \n<style>\n#banner-2001961334 {\n  padding-top: 300px;\n  background-color: rgb(255,255,255);\n}\n@media (min-width:550px) {\n  #banner-2001961334 {\n    padding-top: 400px;\n  }\n}\n@media (min-width:850px) {\n  #banner-2001961334 {\n    padding-top: 500px;\n  }\n}\n<\/style>\n  <\/div>\n\n\n\n\t\t<\/div>\n\t\t\t\t\t<\/div>\n\n\t\n\n\t<div id=\"col-2125901774\" class=\"col medium-12 small-12 large-6\"  >\n\t\t\t\t<div class=\"col-inner\" style=\"background-color:rgb(246, 246, 246);\" >\n\t\t\t\n\t\t\t\n\n<p>La buena noticia es que puedes dise\u00f1ar tu propia casa del \u00e1rbol con total libertad. Construir una casa en el \u00e1rbol puede ser una de las tareas de bricolaje m\u00e1s satisfactorias que emprenda con el dise\u00f1o adecuado, algo de preparaci\u00f3n y un poco de paciencia. Nosotros nos encargamos de todo, tanto si desea implicarse por completo en el proyecto como si prefiere limitarse a tareas de construcci\u00f3n espec\u00edficas y contar con la ayuda de un profesional en las fases m\u00e1s dif\u00edciles.<\/p>\n<p>En Treelofts, ofrecemos planos de casas de \u00e1rbol bien elaborados que eliminan las conjeturas del proceso. Aunque no ofrecemos instalaci\u00f3n in situ, nuestras instrucciones detalladas garantizan que usted (o su contratista) tenga todos los conocimientos necesarios para crear una casa en el \u00e1rbol incre\u00edble, fuerte y segura.<\/p>\n<a href=\"https:\/\/treelofts.com\/es\/contacto\/\" class=\"button white is-outline\"  style=\"border-radius:10px;padding:10px 25px 10px 25px;\">\n\t\t<span>comience hoy mismo su viaje a la casa del \u00e1rbol<\/span>\n\t<\/a>\n\n\n\n\t\t<\/div>\n\t\t\t\t\n<style>\n#col-2125901774 > .col-inner {\n  padding: 40px 30px 30px 30px;\n}\n@media (min-width:550px) {\n  #col-2125901774 > .col-inner {\n    padding: 50px 75px 50px 75px;\n  }\n}\n@media (min-width:850px) {\n  #col-2125901774 > .col-inner {\n    padding: 0px 75px 0px 75px;\n  }\n}\n<\/style>\n\t<\/div>\n\n\t\n\n<\/div>\n\n\t\t<\/div>\n\t\t\t\t\t<\/div>\n\n\t\n\n<\/div>\n\n\t\t<\/div>\n\n\t\t\n<style>\n#section_1080601165 {\n  padding-top: 60px;\n  padding-bottom: 60px;\n}\n<\/style>\n\t<\/section>\n\t\n<div class=\"row row-collapse row-full-width\"  id=\"row-204856938\">\n\n\n\t<div id=\"col-1882407791\" class=\"col medium-6 small-12 large-6\"  >\n\t\t\t\t<div class=\"col-inner\"  >\n\t\t\t\n\t\t\t\n\n\n  <div class=\"banner has-hover\" id=\"banner-1941266772\">\n          <div class=\"banner-inner fill\">\n        <div class=\"banner-bg fill\" >\n            <img decoding=\"async\" width=\"1024\" height=\"668\" src=\"https:\/\/treelofts.com\/wp-content\/uploads\/2025\/02\/Tree-House-113.jpg\" class=\"bg attachment-original size-original\" alt=\"\" title=\"\">                                    \n                    <\/div>\n\t\t\n        <div class=\"banner-layers container\">\n            <div class=\"fill banner-link\"><\/div>            \n\n   <div id=\"text-box-1445609535\" class=\"text-box banner-layer x50 md-x50 lg-x50 y50 md-y50 lg-y50 res-text\">\n                                <div class=\"text-box-content text dark\">\n              \n              <div class=\"text-inner text-center\">\n                  \n\n\n              <\/div>\n           <\/div>\n                            \n<style>\n#text-box-1445609535 {\n  width: 60%;\n}\n#text-box-1445609535 .text-box-content {\n  font-size: 100%;\n}\n<\/style>\n    <\/div>\n \n\n        <\/div>\n      <\/div>\n\n            \n<style>\n#banner-1941266772 {\n  padding-top: 300px;\n  background-color: rgba(255, 255, 255, 0);\n}\n#banner-1941266772 .banner-bg img {\n  object-position: 54% 59%;\n}\n@media (min-width:550px) {\n  #banner-1941266772 {\n    padding-top: 350px;\n  }\n}\n@media (min-width:850px) {\n  #banner-1941266772 {\n    padding-top: 749px;\n  }\n}\n<\/style>\n  <\/div>\n\n\n\n\t\t<\/div>\n\t\t\t\t\t<\/div>\n\n\t\n\n\t<div id=\"col-1048525315\" class=\"col medium-6 small-12 large-6\"  >\n\t\t\t\t<div class=\"col-inner\"  >\n\t\t\t\n\t\t\t\n\n\n\t<section class=\"section\" id=\"section_1766317356\">\n\t\t<div class=\"section-bg fill\" >\n\t\t\t\t\t\t\t\t\t\n\t\t\t\n\n\t\t<\/div>\n\n\t\t\n\n\t\t<div class=\"section-content relative\">\n\t\t\t\n\n<div class=\"row align-center\"  id=\"row-604577629\">\n\n\n\t<div id=\"col-1611046699\" class=\"col medium-10 small-12 large-9\"  >\n\t\t\t\t<div class=\"col-inner text-center\"  >\n\t\t\t\n\t\t\t\n\n\t<div id=\"gap-501012610\" class=\"gap-element clearfix\" style=\"display:block; height:auto;\">\n\t\t\n<style>\n#gap-501012610 {\n  padding-top: 40px;\n}\n<\/style>\n\t<\/div>\n\t\n\n\t<div id=\"text-56123032\" class=\"text\">\n\t\t\n\n<h2 style=\"text-align: left;\" data-start=\"1070\" data-end=\"1114\"><strong data-start=\"1074\" data-end=\"1112\">Paso 1: Planifique su construcci\u00f3n como un profesional<\/strong><\/h2>\n\t\t\n<style>\n#text-56123032 {\n  font-size: 1.5rem;\n}\n<\/style>\n\t<\/div>\n\t\n<p style=\"text-align: left;\">Necesita un plan claro antes de empezar a taladrar \u00e1rboles o cortar madera. Esto es absolutamente vital; le ahorrar\u00e1 dinero, tiempo y disgustos en el futuro.<\/p>\n<p style=\"text-align: left;\">Elige primero el \u00e1rbol adecuado. No todos los \u00e1rboles son adecuados para una casa en el \u00e1rbol. Lo mejor es un \u00e1rbol adulto y robusto, con ra\u00edces s\u00f3lidas y un tronco fuerte. Aseg\u00farate de que los \u00e1rboles entre los que construyes soportan el peso de la construcci\u00f3n y est\u00e1n espaciados adecuadamente.<\/p>\n<p style=\"text-align: left;\">A continuaci\u00f3n, elija el dise\u00f1o para su casa del \u00e1rbol. Nuestra colecci\u00f3n de planos profesionales abarca desde escondites en el jard\u00edn hasta santuarios de varios niveles en la copa de un \u00e1rbol. Elija un dise\u00f1o que se adapte a su presupuesto, necesidades y nivel de bricolaje.<\/p>\n<p style=\"text-align: left;\">Re\u00fana por fin sus herramientas y suministros. Una casa de \u00e1rbol necesita madera fuerte y resistente a la intemperie, elementos de fijaci\u00f3n adecuados y, en concreto, tornillos aptos para \u00e1rboles, como los tornillos de fijaci\u00f3n para casas de \u00e1rbol o TAB. Los planos de Treelofts contienen sugerencias de materiales destinadas a simplificar la adquisici\u00f3n.<\/p>\n<a href=\"https:\/\/treelofts.com\/es\/contacto\/\" class=\"button secondary\"  style=\"border-radius:99px;padding:5px 20px 5px 20px;\">\n\t\t<span>P\u00f3ngase en contacto con nosotros<\/span>\n\t<\/a>\n\n\n\n\t\t<\/div>\n\t\t\t\t\t<\/div>\n\n\t\n\n<\/div>\n\n\t\t<\/div>\n\n\t\t\n<style>\n#section_1766317356 {\n  padding-top: 0px;\n  padding-bottom: 0px;\n  min-height: 300px;\n}\n@media (min-width:550px) {\n  #section_1766317356 {\n    min-height: 350px;\n  }\n}\n@media (min-width:850px) {\n  #section_1766317356 {\n    min-height: 425px;\n  }\n}\n<\/style>\n\t<\/section>\n\t\n\n\t\t<\/div>\n\t\t\t\t\t<\/div>\n\n\t\n\n<\/div>\n<div class=\"row row-collapse row-full-width\"  id=\"row-1357979961\">\n\n\n\t<div id=\"col-1156938678\" class=\"col medium-6 small-12 large-6\"  >\n\t\t\t\t<div class=\"col-inner\"  >\n\t\t\t\n\t\t\t\n\n\n\t<section class=\"section\" id=\"section_1303162578\">\n\t\t<div class=\"section-bg fill\" >\n\t\t\t\t\t\t\t\t\t\n\t\t\t\n\n\t\t<\/div>\n\n\t\t\n\n\t\t<div class=\"section-content relative\">\n\t\t\t\n\n<div class=\"row align-center\"  id=\"row-867604552\">\n\n\n\t<div id=\"col-53972925\" class=\"col medium-11 small-12 large-9\"  >\n\t\t\t\t<div class=\"col-inner text-center\"  >\n\t\t\t\n\t\t\t\n\n\t<div id=\"gap-709467973\" class=\"gap-element clearfix\" style=\"display:block; height:auto;\">\n\t\t\n<style>\n#gap-709467973 {\n  padding-top: 40px;\n}\n<\/style>\n\t<\/div>\n\t\n\n\t<div id=\"text-931685964\" class=\"text\">\n\t\t\n\n<h2 style=\"text-align: left;\" data-start=\"2093\" data-end=\"2146\"><strong data-start=\"2097\" data-end=\"2144\">Paso 2: Empezar a construir <br \/>- Paso a paso<\/strong><\/h2>\n\t\t\n<style>\n#text-931685964 {\n  font-size: 1.5rem;\n}\n<\/style>\n\t<\/div>\n\t\n<p style=\"text-align: left;\">\u00a1Lo interesante ahora es la construcci\u00f3n! Seguir nuestros dise\u00f1os detallados no requiere que seas un constructor profesional. Usted puede hacer su casa del \u00e1rbol en etapas razonables como sigue:<\/p>\n<ul style=\"text-align: left;\">\n<li data-start=\"2325\" data-end=\"2539\"><strong data-start=\"2328\" data-end=\"2354\">Instalar los cimientos<\/strong> - Si se fija a un \u00e1rbol, utilice <strong data-start=\"2385\" data-end=\"2414\">tornillos seguros para los \u00e1rboles, como los TAB<\/strong> en lugar de clavos, que pueden debilitar el \u00e1rbol. Si utilizas zancos como soporte, aseg\u00farate de que est\u00e9n firmemente anclados al suelo.<\/li>\n<li data-start=\"2540\" data-end=\"2667\"><strong data-start=\"2543\" data-end=\"2568\">Construir el armaz\u00f3n del suelo<\/strong> - Esta es tu base, \u00a1as\u00ed que t\u00f3mate tu tiempo! Utiliza <strong data-start=\"2613\" data-end=\"2639\">madera fuerte y tratada<\/strong> y aseg\u00farate de que est\u00e1 nivelado.<\/li>\n<li data-start=\"2668\" data-end=\"2828\"><strong data-start=\"2671\" data-end=\"2702\">Montar las paredes y el techo<\/strong> - Premonte los paneles de pared en el suelo y, a continuaci\u00f3n, lev\u00e1ntelos para colocarlos en su sitio. Utilice <strong data-start=\"2776\" data-end=\"2800\">materiales impermeables<\/strong> para mantener seco el interior.<\/li>\n<li data-start=\"2829\" data-end=\"2950\"><strong data-start=\"2832\" data-end=\"2853\">A\u00f1ada la diversi\u00f3n<\/strong> - Escaleras, escaleras de mano, barandillas de seguridad, ventanas, trampillas... \u00a1aqu\u00ed es donde entra en juego tu creatividad!<\/li>\n<\/ul>\n<p style=\"text-align: left;\">Si tienes confianza en ti mismo, puedes encargarte de toda la construcci\u00f3n. Si no, puedes realizar t\u00fa mismo algunas de las tareas t\u00e9cnicas, como el entramado de las paredes o la conexi\u00f3n del sistema de soporte principal, y recurrir a un profesional para otras.<\/p>\n<a href=\"https:\/\/treelofts.com\/es\/contacto\/\" class=\"button secondary\"  style=\"border-radius:99px;padding:5px 20px 5px 20px;\">\n\t\t<span>P\u00f3ngase en contacto con nosotros<\/span>\n\t<\/a>\n\n\n\n\t\t<\/div>\n\t\t\t\t\t<\/div>\n\n\t\n\n<\/div>\n\n\t\t<\/div>\n\n\t\t\n<style>\n#section_1303162578 {\n  padding-top: 0px;\n  padding-bottom: 0px;\n  min-height: 300px;\n}\n@media (min-width:550px) {\n  #section_1303162578 {\n    min-height: 350px;\n  }\n}\n@media (min-width:850px) {\n  #section_1303162578 {\n    min-height: 425px;\n  }\n}\n<\/style>\n\t<\/section>\n\t\n\n\t\t<\/div>\n\t\t\t\t\t<\/div>\n\n\t\n\n\t<div id=\"col-1703753113\" class=\"col medium-6 small-12 large-6 small-col-first\"  >\n\t\t\t\t<div class=\"col-inner\"  >\n\t\t\t\n\t\t\t\n\n\n  <div class=\"banner has-hover\" id=\"banner-1791262439\">\n          <div class=\"banner-inner fill\">\n        <div class=\"banner-bg fill\" >\n            <img decoding=\"async\" width=\"1024\" height=\"683\" src=\"https:\/\/treelofts.com\/wp-content\/uploads\/2025\/02\/Tree-House-119.jpg\" class=\"bg attachment-original size-original\" alt=\"\" title=\"\">                                    \n                    <\/div>\n\t\t\n        <div class=\"banner-layers container\">\n            <div class=\"fill banner-link\"><\/div>            \n\n   <div id=\"text-box-1861596966\" class=\"text-box banner-layer x50 md-x50 lg-x50 y50 md-y50 lg-y50 res-text\">\n                                <div class=\"text-box-content text dark\">\n              \n              <div class=\"text-inner text-center\">\n                  \n\n\n              <\/div>\n           <\/div>\n                            \n<style>\n#text-box-1861596966 {\n  width: 60%;\n}\n#text-box-1861596966 .text-box-content {\n  font-size: 100%;\n}\n<\/style>\n    <\/div>\n \n\n        <\/div>\n      <\/div>\n\n            \n<style>\n#banner-1791262439 {\n  padding-top: 300px;\n  background-color: rgba(255, 255, 255, 0);\n}\n#banner-1791262439 .banner-bg img {\n  object-position: 84% 48%;\n}\n@media (min-width:550px) {\n  #banner-1791262439 {\n    padding-top: 350px;\n  }\n}\n@media (min-width:850px) {\n  #banner-1791262439 {\n    padding-top: 804px;\n  }\n}\n<\/style>\n  <\/div>\n\n\n\n\t\t<\/div>\n\t\t\t\t\t<\/div>\n\n\t\n\n<\/div>\n<div class=\"row row-collapse row-full-width\"  id=\"row-149807653\">\n\n\n\t<div id=\"col-1704931067\" class=\"col medium-6 small-12 large-6\"  >\n\t\t\t\t<div class=\"col-inner\"  >\n\t\t\t\n\t\t\t\n\n\n  <div class=\"banner has-hover\" id=\"banner-1708550798\">\n          <div class=\"banner-inner fill\">\n        <div class=\"banner-bg fill\" >\n            <img decoding=\"async\" width=\"1024\" height=\"678\" src=\"https:\/\/treelofts.com\/wp-content\/uploads\/2025\/02\/Tree-House-107.jpg\" class=\"bg attachment-original size-original\" alt=\"\" title=\"\">                                    \n                    <\/div>\n\t\t\n        <div class=\"banner-layers container\">\n            <div class=\"fill banner-link\"><\/div>            \n\n   <div id=\"text-box-904245883\" class=\"text-box banner-layer x50 md-x50 lg-x50 y50 md-y50 lg-y50 res-text\">\n                                <div class=\"text-box-content text dark\">\n              \n              <div class=\"text-inner text-center\">\n                  \n\n\n              <\/div>\n           <\/div>\n                            \n<style>\n#text-box-904245883 {\n  width: 60%;\n}\n#text-box-904245883 .text-box-content {\n  font-size: 100%;\n}\n<\/style>\n    <\/div>\n \n\n        <\/div>\n      <\/div>\n\n            \n<style>\n#banner-1708550798 {\n  padding-top: 300px;\n  background-color: rgba(255, 255, 255, 0);\n}\n#banner-1708550798 .banner-bg img {\n  object-position: 52% 56%;\n}\n@media (min-width:550px) {\n  #banner-1708550798 {\n    padding-top: 350px;\n  }\n}\n@media (min-width:850px) {\n  #banner-1708550798 {\n    padding-top: 651px;\n  }\n}\n<\/style>\n  <\/div>\n\n\n\n\t\t<\/div>\n\t\t\t\t\t<\/div>\n\n\t\n\n\t<div id=\"col-1453379979\" class=\"col medium-6 small-12 large-6\"  >\n\t\t\t\t<div class=\"col-inner\"  >\n\t\t\t\n\t\t\t\n\n\n\t<section class=\"section\" id=\"section_729685375\">\n\t\t<div class=\"section-bg fill\" >\n\t\t\t\t\t\t\t\t\t\n\t\t\t\n\n\t\t<\/div>\n\n\t\t\n\n\t\t<div class=\"section-content relative\">\n\t\t\t\n\n<div class=\"row align-center\"  id=\"row-1331873828\">\n\n\n\t<div id=\"col-2082138221\" class=\"col medium-10 small-12 large-9\"  >\n\t\t\t\t<div class=\"col-inner text-center\"  >\n\t\t\t\n\t\t\t\n\n\t<div id=\"gap-1658866950\" class=\"gap-element clearfix\" style=\"display:block; height:auto;\">\n\t\t\n<style>\n#gap-1658866950 {\n  padding-top: 40px;\n}\n<\/style>\n\t<\/div>\n\t\n\n\t<div id=\"text-3473925355\" class=\"text\">\n\t\t\n\n<h2 style=\"text-align: left;\" data-start=\"3178\" data-end=\"3226\"><strong data-start=\"3182\" data-end=\"3224\">Paso 3: Mantenlo seguro y respetuoso con los \u00e1rboles<\/strong><\/h2>\n\t\t\n<style>\n#text-3473925355 {\n  font-size: 1.5rem;\n}\n<\/style>\n\t<\/div>\n\t\n<p style=\"text-align: left;\" data-start=\"3228\" data-end=\"3301\">Por muy divertidas que sean las casas en los \u00e1rboles, la seguridad siempre debe ser lo primero. Siempre:<\/p>\n<ul style=\"text-align: left;\" data-start=\"3302\" data-end=\"3629\">\n<li data-start=\"3302\" data-end=\"3395\"><strong data-start=\"3304\" data-end=\"3334\">Utilice elementos de fijaci\u00f3n de alta calidad<\/strong> que permiten al \u00e1rbol moverse de forma natural sin da\u00f1arlo.<\/li>\n<li data-start=\"3396\" data-end=\"3461\"><strong data-start=\"3398\" data-end=\"3428\">Distribuir correctamente el peso<\/strong> para evitar el estr\u00e9s en el \u00e1rbol.<\/li>\n<li data-start=\"3462\" data-end=\"3544\"><strong data-start=\"3464\" data-end=\"3487\">Comprobar la estabilidad<\/strong> antes de que nadie se suba dentro, \u00a1haga una buena prueba de sacudida!<\/li>\n<li data-start=\"3545\" data-end=\"3629\"><strong data-start=\"3547\" data-end=\"3587\">A\u00f1ada barandillas y asegure los puntos de entrada<\/strong> para mantener a salvo a todos, especialmente a los ni\u00f1os.<\/li>\n<\/ul>\n<p style=\"text-align: left;\">Recuerda que los \u00e1rboles cambian con el tiempo, as\u00ed que aseg\u00farate de dejar espacio suficiente para que puedan moverse. La casa debe ser una prolongaci\u00f3n l\u00f3gica del \u00e1rbol, no una carga para \u00e9l.<\/p>\n<a href=\"https:\/\/treelofts.com\/es\/contacto\/\" class=\"button secondary\"  style=\"border-radius:99px;padding:5px 20px 5px 20px;\">\n\t\t<span>P\u00f3ngase en contacto con nosotros<\/span>\n\t<\/a>\n\n\n\n\t\t<\/div>\n\t\t\t\t\t<\/div>\n\n\t\n\n<\/div>\n\n\t\t<\/div>\n\n\t\t\n<style>\n#section_729685375 {\n  padding-top: 0px;\n  padding-bottom: 0px;\n  min-height: 300px;\n}\n@media (min-width:550px) {\n  #section_729685375 {\n    min-height: 350px;\n  }\n}\n@media (min-width:850px) {\n  #section_729685375 {\n    min-height: 425px;\n  }\n}\n<\/style>\n\t<\/section>\n\t\n\n\t\t<\/div>\n\t\t\t\t\t<\/div>\n\n\t\n\n<\/div>\n<div class=\"row\"  id=\"row-896396647\">\n\n\n\t<div id=\"col-1306720977\" class=\"col small-12 large-12\"  >\n\t\t\t\t<div class=\"col-inner\"  >\n\t\t\t\n\t\t\t\n\n<p>Crear tu propia casa en el \u00e1rbol es un acontecimiento sin igual. El secreto es tener la estrategia y la actitud correctas, tanto si tu objetivo es ocuparte de algunos aspectos como si quieres hacer todo el trabajo.<\/p>\n<p>Los planos elaborados por expertos de Treelofts le ayudan a no tener que resolver las cosas por su cuenta. Nuestros dise\u00f1os eliminan las conjeturas del proceso y le proporcionan un manual claro, sencillo y f\u00e1cil de seguir para crear su escapada ideal a la copa de un \u00e1rbol.<\/p>\n<p><strong>\u00bflisto para empezar la construcci\u00f3n? Descubre ahora mismo nuestras ideas de casas en \u00e1rboles para hacer realidad tu propia fantas\u00eda de bricolaje.<\/strong><\/p>\n\n\t\t<\/div>\n\t\t\t\t\n<style>\n#col-1306720977 > .col-inner {\n  padding: 50px 0px 0px 0px;\n}\n<\/style>\n\t<\/div>\n\n\t\n\n<\/div>\n\n  <div class=\"banner has-hover\" id=\"banner-397392729\">\n          <div class=\"banner-inner fill\">\n        <div class=\"banner-bg fill\" >\n            <img decoding=\"async\" width=\"1024\" height=\"845\" src=\"https:\/\/treelofts.com\/wp-content\/uploads\/2025\/02\/Tree-House-63.jpg\" class=\"bg attachment-original size-original\" alt=\"\" title=\"\">                        <div class=\"overlay\"><\/div>            \n                    <\/div>\n\t\t\n        <div class=\"banner-layers container\">\n            <div class=\"fill banner-link\"><\/div>            \n\n   <div id=\"text-box-953909484\" class=\"text-box banner-layer x50 md-x50 lg-x50 y50 md-y50 lg-y50 res-text\">\n                                <div class=\"text-box-content text dark\">\n              \n              <div class=\"text-inner text-center\">\n                  \n\n<p>Hagamos realidad su visi\u00f3n<\/p>\n<h2><strong>Creando casas en los \u00e1rboles de ensue\u00f1o desde 2013<\/strong><\/h2>\n<a href=\"https:\/\/treelofts.com\/es\/contacto\/\" class=\"button white is-outline\"  >\n\t\t<span>comience hoy mismo su viaje a la casa del \u00e1rbol<\/span>\n\t<\/a>\n\n\n\n              <\/div>\n           <\/div>\n                            \n<style>\n#text-box-953909484 {\n  width: 60%;\n}\n#text-box-953909484 .text-box-content {\n  font-size: 100%;\n}\n<\/style>\n    <\/div>\n \n\n        <\/div>\n      <\/div>\n\n            \n<style>\n#banner-397392729 {\n  padding-top: 350px;\n}\n#banner-397392729 .overlay {\n  background-color: rgba(0, 0, 0, 0.17);\n}\n#banner-397392729 .banner-bg img {\n  object-position: 62% 48%;\n}\n<\/style>\n  <\/div>\n\n\n<div class=\"woocommerce columns-4\"><\/div>\n\n<div class=\"row\"  id=\"row-226656123\">\n\n\n\n<\/div>","protected":false},"excerpt":{"rendered":"","protected":false},"author":5,"featured_media":0,"parent":0,"menu_order":0,"comment_status":"closed","ping_status":"closed","template":"","meta":{"footnotes":""},"class_list":["post-964","page","type-page","status-publish","hentry"],"_links":{"self":[{"href":"https:\/\/treelofts.com\/es\/wp-json\/wp\/v2\/pages\/964","targetHints":{"allow":["GET"]}}],"collection":[{"href":"https:\/\/treelofts.com\/es\/wp-json\/wp\/v2\/pages"}],"about":[{"href":"https:\/\/treelofts.com\/es\/wp-json\/wp\/v2\/types\/page"}],"author":[{"embeddable":true,"href":"https:\/\/treelofts.com\/es\/wp-json\/wp\/v2\/users\/5"}],"replies":[{"embeddable":true,"href":"https:\/\/treelofts.com\/es\/wp-json\/wp\/v2\/comments?post=964"}],"version-history":[{"count":0,"href":"https:\/\/treelofts.com\/es\/wp-json\/wp\/v2\/pages\/964\/revisions"}],"wp:attachment":[{"href":"https:\/\/treelofts.com\/es\/wp-json\/wp\/v2\/media?parent=964"}],"curies":[{"name":"wp","href":"https:\/\/api.w.org\/{rel}","templated":true}]}}