{"id":977,"date":"2025-02-10T19:35:43","date_gmt":"2025-02-11T03:35:43","guid":{"rendered":"https:\/\/azh5n13ivf.onrocket.site\/?page_id=977"},"modified":"2025-02-12T23:55:30","modified_gmt":"2025-02-13T07:55:30","slug":"reparacion-de-la-casa-del-arbol","status":"publish","type":"page","link":"https:\/\/treelofts.com\/es\/reparacion-de-la-casa-del-arbol\/","title":{"rendered":"Reparaci\u00f3n de la casa del \u00e1rbol"},"content":{"rendered":"<div class=\"banner has-hover\" id=\"banner-224839607\">\n          <div class=\"banner-inner fill\">\n        <div class=\"banner-bg fill\" >\n            <img decoding=\"async\" width=\"916\" height=\"1221\" src=\"https:\/\/treelofts.com\/wp-content\/uploads\/2025\/02\/tree-house-3.webp\" class=\"bg attachment-original size-original\" alt=\"\" title=\"\">                        <div class=\"overlay\"><\/div>            \n                    <\/div>\n\t\t\n        <div class=\"banner-layers container\">\n            <div class=\"fill banner-link\"><\/div>            \n\n   <div id=\"text-box-634373778\" class=\"text-box banner-layer x50 md-x50 lg-x50 y50 md-y50 lg-y50 res-text\">\n                                <div class=\"text-box-content text dark\">\n              \n              <div class=\"text-inner text-center\">\n                  \n\n<h3>C\u00f3mo solucionar los problemas m\u00e1s comunes<\/h3>\n<h1><strong>Reparaci\u00f3n de la casa del \u00e1rbol<\/strong><\/h1>\n<p>Su casa del \u00e1rbol ha visto unas cuantas temporadas -o quiz\u00e1s muchas d\u00e9cadas- y ahora muestra desgaste. No se deje llevar por el p\u00e1nico. Las casas en los \u00e1rboles requieren algunos cuidados para ser seguras, robustas y estar listas para la aventura, como cualquier otra construcci\u00f3n. Podemos ayudarle con cualquier problema, desde una tarima inestable hasta un tejado con goteras, pasando por una casa en el \u00e1rbol que en su d\u00eda fue perfecta y que se inclina de forma alarmante.<\/p>\n\n              <\/div>\n           <\/div>\n                            \n<style>\n#text-box-634373778 {\n  width: 83%;\n}\n#text-box-634373778 .text-box-content {\n  font-size: 100%;\n}\n<\/style>\n    <\/div>\n \n\n        <\/div>\n      <\/div>\n\n            \n<style>\n#banner-224839607 {\n  padding-top: 692px;\n}\n#banner-224839607 .overlay {\n  background-color: rgba(0,0,0,.5);\n}\n#banner-224839607 .banner-bg img {\n  object-position: 24% 48%;\n}\n@media (min-width:550px) {\n  #banner-224839607 {\n    padding-top: 800px;\n  }\n}\n<\/style>\n  <\/div>\n\n\n\n\t<section class=\"section\" id=\"section_723621238\">\n\t\t<div class=\"section-bg fill\" >\n\t\t\t\t\t\t\t\t\t\n\t\t\t\n\n\t\t<\/div>\n\n\t\t\n\n\t\t<div class=\"section-content relative\">\n\t\t\t\n\n<div class=\"row row-collapse align-middle\" style=\"max-width:1300px\" id=\"row-2006642804\">\n\n\n\t<div id=\"col-1923238248\" class=\"col small-12 large-12\"  >\n\t\t\t\t<div class=\"col-inner\" style=\"background-color:rgb(246, 246, 246);\" >\n\t\t\t\n\t\t\t\n\n<div class=\"row row-collapse align-middle\" style=\"max-width:1300px\" id=\"row-1623057717\">\n\n\n\t<div id=\"col-199088599\" class=\"col medium-12 small-12 large-6\"  >\n\t\t\t\t<div class=\"col-inner\"  >\n\t\t\t\n\t\t\t\n\n\n  <div class=\"banner has-hover\" id=\"banner-224916931\">\n          <div class=\"banner-inner fill\">\n        <div class=\"banner-bg fill\" >\n            <img decoding=\"async\" width=\"1020\" height=\"765\" src=\"https:\/\/treelofts.com\/wp-content\/uploads\/2025\/02\/Tree-House-59.jpg\" class=\"bg attachment-large size-large\" alt=\"\" title=\"\">                                    \n                    <\/div>\n\t\t\n        <div class=\"banner-layers container\">\n            <div class=\"fill banner-link\"><\/div>            \n\n   <div id=\"text-box-488281763\" class=\"text-box banner-layer x50 md-x50 lg-x50 y50 md-y50 lg-y50 res-text\">\n                                <div class=\"text-box-content text dark\">\n              \n              <div class=\"text-inner text-center\">\n                  \n\n\n              <\/div>\n           <\/div>\n                            \n<style>\n#text-box-488281763 {\n  width: 60%;\n}\n#text-box-488281763 .text-box-content {\n  font-size: 100%;\n}\n@media (min-width:550px) {\n  #text-box-488281763 {\n    width: 60%;\n  }\n}\n<\/style>\n    <\/div>\n \n\n        <\/div>\n      <\/div>\n\n            \n<style>\n#banner-224916931 {\n  padding-top: 300px;\n  background-color: rgb(255,255,255);\n}\n#banner-224916931 .banner-bg img {\n  object-position: 9% 92%;\n}\n@media (min-width:550px) {\n  #banner-224916931 {\n    padding-top: 400px;\n  }\n}\n@media (min-width:850px) {\n  #banner-224916931 {\n    padding-top: 614px;\n  }\n}\n<\/style>\n  <\/div>\n\n\n\n\t\t<\/div>\n\t\t\t\t\t<\/div>\n\n\t\n\n\t<div id=\"col-871320588\" class=\"col medium-12 small-12 large-6\"  >\n\t\t\t\t<div class=\"col-inner\" style=\"background-color:rgb(246, 246, 246);\" >\n\t\t\t\n\t\t\t\n\n\t<div id=\"text-929585605\" class=\"text\">\n\t\t\n\n<h2 data-start=\"831\" data-end=\"872\"><strong data-start=\"835\" data-end=\"870\">\u00bfPor qu\u00e9 hay que reparar las casas del \u00e1rbol?<\/strong><\/h2>\n\t\t\n<style>\n#text-929585605 {\n  font-size: 1.5rem;\n}\n<\/style>\n\t<\/div>\n\t\n<p>A diferencia de la construcci\u00f3n convencional de un patio trasero, una casa en un \u00e1rbol est\u00e1 unida a un \u00e1rbol vivo y en movimiento, en lugar de estar construida sobre el suelo. Por ello, las casas en los \u00e1rboles est\u00e1n sujetas a los cambios de estaci\u00f3n, al clima y al crecimiento natural de los \u00e1rboles. Estos elementos pueden hacer que algunas piezas se agrieten, se aflojen o simplemente se desgasten.<\/p>\n<p>La buena noticia es que unos cuantos arreglos b\u00e1sicos suelen resolver la mayor\u00eda de los problemas de una casa de \u00e1rbol. Un mantenimiento rutinario mantendr\u00e1 su casa del \u00e1rbol robusta durante a\u00f1os, ya sea apretando los cierres, sustituyendo las tablas deterioradas o sellando las fugas.<\/p>\n<a href=\"https:\/\/treelofts.com\/es\/contacto\/\" class=\"button white is-outline\"  style=\"border-radius:10px;padding:10px 25px 10px 25px;\">\n\t\t<span>Explore hoy mismo nuestros dise\u00f1os de casas en \u00e1rboles<\/span>\n\t<\/a>\n\n\n\n\t\t<\/div>\n\t\t\t\t\n<style>\n#col-871320588 > .col-inner {\n  padding: 40px 30px 30px 30px;\n}\n@media (min-width:550px) {\n  #col-871320588 > .col-inner {\n    padding: 50px 75px 50px 75px;\n  }\n}\n@media (min-width:850px) {\n  #col-871320588 > .col-inner {\n    padding: 50px 75px 50px 75px;\n  }\n}\n<\/style>\n\t<\/div>\n\n\t\n\n<\/div>\n\n\t\t<\/div>\n\t\t\t\t\t<\/div>\n\n\t\n\n<\/div>\n\t<div id=\"gap-1102109807\" class=\"gap-element clearfix\" style=\"display:block; height:auto;\">\n\t\t\n<style>\n#gap-1102109807 {\n  padding-top: 60px;\n}\n<\/style>\n\t<\/div>\n\t\n\n<div class=\"row\"  id=\"row-466010993\">\n\n\n\t<div id=\"col-766839243\" class=\"col small-12 large-12\"  >\n\t\t\t\t<div class=\"col-inner\"  >\n\t\t\t\n\t\t\t\n\n\t<div id=\"text-3091620842\" class=\"text\">\n\t\t\n\n<h2 data-start=\"1452\" data-end=\"1507\"><strong data-start=\"1456\" data-end=\"1505\">Problemas habituales en las casas del \u00e1rbol y c\u00f3mo solucionarlos<\/strong><\/h2>\n\t\t\n<style>\n#text-3091620842 {\n  font-size: 1.5rem;\n}\n<\/style>\n\t<\/div>\n\t\n<h3 data-start=\"55\" data-end=\"96\"><strong data-start=\"59\" data-end=\"94\">Construcci\u00f3n tambaleante o inestable<\/strong><\/h3>\n<p data-start=\"97\" data-end=\"286\">Es hora de investigar los puntos de sujeci\u00f3n y el sistema de apoyo si su casa de \u00e1rbol empieza a balancearse m\u00e1s de lo debido. Aunque cierto movimiento es natural, demasiado movimiento podr\u00eda indicar:<\/p>\n<ul data-start=\"288\" data-end=\"646\">\n<li data-start=\"288\" data-end=\"362\">Para restablecer la estabilidad, apriete o sustituya los pernos y tornillos desgastados.<\/li>\n<li data-start=\"363\" data-end=\"512\"><strong data-start=\"365\" data-end=\"393\">Interferencias en el crecimiento de los \u00e1rboles<\/strong>: Si el \u00e1rbol ha crecido alrededor de una viga de soporte, podr\u00eda tener que modificar la construcci\u00f3n o utilizar tirantes flotantes.<\/li>\n<li data-start=\"513\" data-end=\"646\"><strong data-start=\"515\" data-end=\"541\">Inestabilidad de los cimientos<\/strong>: Aseg\u00farese de que los soportes de tierra o los zancos utilizados en su casa del \u00e1rbol est\u00e1n correctamente fijados y no se han movido.<\/li>\n<\/ul>\n<h3 data-start=\"747\" data-end=\"781\"><strong data-start=\"751\" data-end=\"779\">Suelos podridos o sueltos<\/strong><\/h3>\n<p data-start=\"782\" data-end=\"957\">El movimiento de los \u00e1rboles, los cambios meteorol\u00f3gicos y la actividad de los pies desgastan mucho el suelo de su casa del \u00e1rbol. Esto puede causar tablas sueltas, fracturadas o incluso podridas con el tiempo. Arreglado por:<\/p>\n<ul data-start=\"959\" data-end=\"1158\">\n<li data-start=\"959\" data-end=\"1016\">Si las tablas del suelo est\u00e1n sueltas, apri\u00e9telas o sustit\u00fayalas.<\/li>\n<li data-start=\"1017\" data-end=\"1082\">Sustituya la madera podrida por otra que resista las inclemencias del tiempo.<\/li>\n<li data-start=\"1083\" data-end=\"1158\">Selle la madera para que no sufra m\u00e1s da\u00f1os por la humedad utilizando un sellador resistente a la intemperie.<\/li>\n<\/ul>\n<h3 data-start=\"1264\" data-end=\"1300\"><strong data-start=\"1268\" data-end=\"1298\">Goteras en el tejado o da\u00f1os por agua<\/strong><\/h3>\n<p data-start=\"1301\" data-end=\"1425\">Una peque\u00f1a fuga en una casa de \u00e1rbol puede causar pronto problemas mayores. Si ves goteos o da\u00f1os por agua en el interior, responde inmediatamente:<\/p>\n<ul data-start=\"1427\" data-end=\"1660\">\n<li data-start=\"1427\" data-end=\"1498\">Busque y sustituya los materiales del tejado rotos o que falten, seg\u00fan sea necesario.<\/li>\n<li data-start=\"1499\" data-end=\"1577\">Para reforzar el tejado y evitar filtraciones en el futuro, s\u00e9llelo de forma impermeable.<\/li>\n<li data-start=\"1578\" data-end=\"1660\">Cambia el \u00e1ngulo del tejado para mejorar el drenaje o instala peque\u00f1os canales de desag\u00fce.<\/li>\n<\/ul>\n<h3 data-start=\"1755\" data-end=\"1789\"><strong data-start=\"1759\" data-end=\"1787\">Fijaciones oxidadas o sueltas<\/strong><\/h3>\n<p data-start=\"1790\" data-end=\"1962\">La columna vertebral de su casa del \u00e1rbol, los sujetadores mantienen todo firmemente en su lugar. Con el tiempo, el movimiento del \u00e1rbol y la exposici\u00f3n ambiental hacen que los tornillos y las tuercas se corroan o se aflojen.<\/p>\n<ul data-start=\"1964\" data-end=\"2275\">\n<li data-start=\"1964\" data-end=\"2046\">Las fijaciones galvanizadas o de acero inoxidable sustituir\u00e1n a los pernos o tornillos corro\u00eddos.<\/li>\n<li data-start=\"2047\" data-end=\"2126\">Compruebe a menudo los puntos de fijaci\u00f3n para garantizar que nada haya cambiado o se haya debilitado.<\/li>\n<li data-start=\"2127\" data-end=\"2275\">Para una mayor resistencia y flexibilidad, piense en cambiar a elementos de fijaci\u00f3n adaptados a las casas de \u00e1rbol, incluidos los pernos de fijaci\u00f3n para casas de \u00e1rbol (TABS).<\/li>\n<\/ul>\n<h3 data-start=\"2349\" data-end=\"2385\"><strong data-start=\"2353\" data-end=\"2383\">Influencia del desarrollo arb\u00f3reo<\/strong><\/h3>\n<p data-start=\"2386\" data-end=\"2572\">Los \u00e1rboles nunca dejan de crecer, ni siquiera cuando tienen una casa en el \u00e1rbol. Con el tiempo, las ramas podr\u00edan rebelarse contra tu sistema; los troncos podr\u00edan crecer; los puntos de sujeci\u00f3n anteriores podr\u00edan quedar demasiado apretados.<\/p>\n<ul data-start=\"2574\" data-end=\"2815\">\n<li data-start=\"2574\" data-end=\"2635\">Si ha crecido un \u00e1rbol alrededor de los lugares de fijaci\u00f3n, c\u00e1mbielos.<\/li>\n<li data-start=\"2636\" data-end=\"2701\">Para detener los da\u00f1os estructurales, poda suavemente las ramas que interfieran.<\/li>\n<li data-start=\"2702\" data-end=\"2815\">Utilice sujeciones flexibles -soportes deslizantes- para dejar que el \u00e1rbol se desarrolle de forma natural sin poner en peligro su casa del \u00e1rbol.<\/li>\n<\/ul>\n\t<div id=\"gap-699982661\" class=\"gap-element clearfix\" style=\"display:block; height:auto;\">\n\t\t\n<style>\n#gap-699982661 {\n  padding-top: 30px;\n}\n<\/style>\n\t<\/div>\n\t\n\n\t<div id=\"text-2185515334\" class=\"text\">\n\t\t\n\n<h2 data-start=\"4444\" data-end=\"4492\"><strong data-start=\"4448\" data-end=\"4490\">Gu\u00eda paso a paso para reparar la casa del \u00e1rbol<\/strong><\/h2>\n\t\t\n<style>\n#text-2185515334 {\n  font-size: 1.5rem;\n}\n<\/style>\n\t<\/div>\n\t\n<ol data-start=\"4494\" data-end=\"5086\">\n<li data-start=\"4494\" data-end=\"4597\"><strong data-start=\"4497\" data-end=\"4522\">Inspeccionar la estructura<\/strong> - Busque puntos d\u00e9biles, tablas sueltas, signos de podredumbre o fijaciones da\u00f1adas.<\/li>\n<li data-start=\"4598\" data-end=\"4696\"><strong data-start=\"4601\" data-end=\"4623\">Priorizar las reparaciones<\/strong> - Arregle primero los problemas urgentes, como la inestabilidad estructural o las fugas importantes.<\/li>\n<li data-start=\"4697\" data-end=\"4851\"><strong data-start=\"4700\" data-end=\"4740\">Re\u00fana las herramientas y los materiales adecuados<\/strong> - Utilizaci\u00f3n <strong data-start=\"4747\" data-end=\"4825\">madera resistente a la intemperie, fijaciones anticorrosi\u00f3n y sellantes impermeables<\/strong> para fijaciones duraderas.<\/li>\n<li data-start=\"4852\" data-end=\"4970\"><strong data-start=\"4855\" data-end=\"4881\">Reparar por fases<\/strong> - Comience con <strong data-start=\"4895\" data-end=\"4920\">apoyos fundacionales<\/strong>Luego, el suelo, las paredes y el techo.<\/li>\n<li data-start=\"4971\" data-end=\"5086\"><strong data-start=\"4974\" data-end=\"5001\">Realice una \u00faltima comprobaci\u00f3n de seguridad<\/strong> - Antes de subir al interior, sacude la estructura para comprobar que todo es estable.<\/li>\n<\/ol>\n\t<div id=\"gap-1045571084\" class=\"gap-element clearfix\" style=\"display:block; height:auto;\">\n\t\t\n<style>\n#gap-1045571084 {\n  padding-top: 30px;\n}\n<\/style>\n\t<\/div>\n\t\n\n<p>Tu casa del \u00e1rbol es un lugar \u00fanico lleno de recuerdos y aventuras, no s\u00f3lo un proyecto de construcci\u00f3n. Puede seguir siendo un lugar seguro e interesante durante d\u00e9cadas con un poco de mantenimiento, cuidados y reparaciones correctas.<\/p>\n<p>Nuestros dise\u00f1os de casas de \u00e1rbol finamente elaborados en Treelofts cuentan con integridad estructural y recomendaciones de durabilidad a largo plazo. Podemos ayudarle tanto con la nueva construcci\u00f3n como con la reparaci\u00f3n de una antigua favorita. <strong>Vea ahora mismo nuestras ideas de casas en los \u00e1rboles y haga realidad su escapada a las copas de los \u00e1rboles.<\/strong><\/p>\n\n\t\t<\/div>\n\t\t\t\t\t<\/div>\n\n\t\n\n<\/div>\n\n\t\t<\/div>\n\n\t\t\n<style>\n#section_723621238 {\n  padding-top: 60px;\n  padding-bottom: 60px;\n}\n<\/style>\n\t<\/section>\n\t\n\n  <div class=\"banner has-hover\" id=\"banner-1703980952\">\n          <div class=\"banner-inner fill\">\n        <div class=\"banner-bg fill\" >\n            <img decoding=\"async\" width=\"683\" height=\"1024\" src=\"https:\/\/treelofts.com\/wp-content\/uploads\/2025\/02\/Tree-House-47.jpg\" class=\"bg attachment-original size-original\" alt=\"\" title=\"\">                        <div class=\"overlay\"><\/div>            \n                    <\/div>\n\t\t\n        <div class=\"banner-layers container\">\n            <div class=\"fill banner-link\"><\/div>            \n\n   <div id=\"text-box-1879197946\" class=\"text-box banner-layer x50 md-x50 lg-x50 y50 md-y50 lg-y50 res-text\">\n                                <div class=\"text-box-content text dark\">\n              \n              <div class=\"text-inner text-center\">\n                  \n\n<p>Hagamos realidad su visi\u00f3n<\/p>\n<h2><strong>Creando casas en los \u00e1rboles de ensue\u00f1o desde 2013<\/strong><\/h2>\n<a href=\"https:\/\/treelofts.com\/es\/contacto\/\" class=\"button white is-outline\"  >\n\t\t<span>comience hoy mismo su viaje a la casa del \u00e1rbol<\/span>\n\t<\/a>\n\n\n\n              <\/div>\n           <\/div>\n                            \n<style>\n#text-box-1879197946 {\n  width: 60%;\n}\n#text-box-1879197946 .text-box-content {\n  font-size: 100%;\n}\n<\/style>\n    <\/div>\n \n\n        <\/div>\n      <\/div>\n\n            \n<style>\n#banner-1703980952 {\n  padding-top: 350px;\n}\n#banner-1703980952 .overlay {\n  background-color: rgba(0, 0, 0, 0.17);\n}\n#banner-1703980952 .banner-bg img {\n  object-position: 47% 57%;\n}\n<\/style>\n  <\/div>\n\n\n<div class=\"woocommerce columns-4\"><\/div>\n\n<div class=\"row\"  id=\"row-68816308\">\n\n\n\n<\/div>","protected":false},"excerpt":{"rendered":"","protected":false},"author":5,"featured_media":0,"parent":0,"menu_order":0,"comment_status":"closed","ping_status":"closed","template":"","meta":{"footnotes":""},"class_list":["post-977","page","type-page","status-publish","hentry"],"_links":{"self":[{"href":"https:\/\/treelofts.com\/es\/wp-json\/wp\/v2\/pages\/977","targetHints":{"allow":["GET"]}}],"collection":[{"href":"https:\/\/treelofts.com\/es\/wp-json\/wp\/v2\/pages"}],"about":[{"href":"https:\/\/treelofts.com\/es\/wp-json\/wp\/v2\/types\/page"}],"author":[{"embeddable":true,"href":"https:\/\/treelofts.com\/es\/wp-json\/wp\/v2\/users\/5"}],"replies":[{"embeddable":true,"href":"https:\/\/treelofts.com\/es\/wp-json\/wp\/v2\/comments?post=977"}],"version-history":[{"count":0,"href":"https:\/\/treelofts.com\/es\/wp-json\/wp\/v2\/pages\/977\/revisions"}],"wp:attachment":[{"href":"https:\/\/treelofts.com\/es\/wp-json\/wp\/v2\/media?parent=977"}],"curies":[{"name":"wp","href":"https:\/\/api.w.org\/{rel}","templated":true}]}}