{"id":988,"date":"2025-02-10T19:56:25","date_gmt":"2025-02-11T03:56:25","guid":{"rendered":"https:\/\/azh5n13ivf.onrocket.site\/?page_id=988"},"modified":"2025-02-12T23:58:23","modified_gmt":"2025-02-13T07:58:23","slug":"servicios-de-consultoria","status":"publish","type":"page","link":"https:\/\/treelofts.com\/es\/servicios-de-consultoria\/","title":{"rendered":"Servicios de consultor\u00eda"},"content":{"rendered":"<div class=\"banner has-hover\" id=\"banner-1165435201\">\n          <div class=\"banner-inner fill\">\n        <div class=\"banner-bg fill\" >\n            <img decoding=\"async\" width=\"1000\" height=\"1500\" src=\"https:\/\/treelofts.com\/wp-content\/uploads\/2025\/02\/charles-deluvio-rRWiVQzLm7k-unsplash.jpg\" class=\"bg attachment-original size-original\" alt=\"\" title=\"\">                        <div class=\"overlay\"><\/div>            \n                    <\/div>\n\t\t\n        <div class=\"banner-layers container\">\n            <div class=\"fill banner-link\"><\/div>            \n\n   <div id=\"text-box-73886753\" class=\"text-box banner-layer x50 md-x50 lg-x50 y50 md-y50 lg-y50 res-text\">\n                                <div class=\"text-box-content text dark\">\n              \n              <div class=\"text-inner text-center\">\n                  \n\n<h3>Asesoramiento experto para la casa del \u00e1rbol de sus sue\u00f1os<\/h3>\n<h1 class=\"uppercase\"><strong>Servicios de consultor\u00eda<\/strong><\/h1>\n<p>Aunque construir una casa en un \u00e1rbol es una aventura apasionante, seamos sinceros: no es tan f\u00e1cil como clavar unas cuantas tablas en un \u00e1rbol y darse por vencido. El asesoramiento de un experto puede marcar la diferencia, tanto si el dise\u00f1o parte de cero como si se trata de actualizar una construcci\u00f3n antigua o, simplemente, se necesita un concepto s\u00f3lido antes de empezar. Estamos aqu\u00ed para ayudarle.<\/p>\n\n              <\/div>\n           <\/div>\n                            \n<style>\n#text-box-73886753 {\n  width: 82%;\n}\n#text-box-73886753 .text-box-content {\n  font-size: 100%;\n}\n<\/style>\n    <\/div>\n \n\n        <\/div>\n      <\/div>\n\n            \n<style>\n#banner-1165435201 {\n  padding-top: 669px;\n}\n#banner-1165435201 .overlay {\n  background-color: rgba(0,0,0,.5);\n}\n#banner-1165435201 .banner-bg img {\n  object-position: 59% 55%;\n}\n@media (min-width:550px) {\n  #banner-1165435201 {\n    padding-top: 800px;\n  }\n}\n<\/style>\n  <\/div>\n\n\n<div class=\"row\"  id=\"row-1540638547\">\n\n\n\t<div id=\"col-2104172963\" class=\"col small-12 large-12\"  >\n\t\t\t\t<div class=\"col-inner\"  >\n\t\t\t\n\t\t\t\n\n\t<div id=\"text-2162802731\" class=\"text\">\n\t\t\n\n<h2 data-start=\"664\" data-end=\"708\"><strong data-start=\"668\" data-end=\"706\">Qu\u00e9 cubren nuestros servicios de consultor\u00eda<\/strong><\/h2>\n\t\t\n<style>\n#text-2162802731 {\n  font-size: 1.5rem;\n}\n<\/style>\n\t<\/div>\n\t\n<p>Usted aporta el sue\u00f1o; nosotros, las herramientas basadas en el conocimiento. Para prepararle para el \u00e9xito, nuestros servicios de asesoramiento abordan todos los elementos importantes de la construcci\u00f3n de una casa en un \u00e1rbol:<\/p>\n<p><strong>Planificaci\u00f3n del dise\u00f1o de la casa del \u00e1rbol<\/strong><br \/>No est\u00e1 seguro de por d\u00f3nde empezar. Le ayudaremos a determinar el tama\u00f1o, el dise\u00f1o y la construcci\u00f3n ideales para su casa en el \u00e1rbol. Tanto si su sue\u00f1o es una escapada de varios niveles en la copa de un \u00e1rbol como un peque\u00f1o escondite en el jard\u00edn, nos aseguraremos de que su visi\u00f3n sea razonable y alcanzable.<\/p>\n<p><strong>Elegir el \u00e1rbol adecuado<\/strong><br \/>La fuerza de su casa en el \u00e1rbol es simplemente la del \u00e1rbol sobre el que est\u00e1 construida. Le ayudaremos a elegir un \u00e1rbol (o \u00e1rboles) robusto(s) y sano(s) que se adapte(n) a su estructura durante a\u00f1os.<\/p>\n<p><strong>Recomendaciones sobre materiales y torniller\u00eda<\/strong><br \/>Desde fijaciones respetuosas con los \u00e1rboles hasta madera resistente a la intemperie, le ayudaremos a seleccionar los componentes ideales para garantizar la resistencia y la vida \u00fatil de su casa del \u00e1rbol. S\u00f3lo las herramientas adecuadas para la tarea, no m\u00e1s conjeturas.<\/p>\n<p><strong>Gu\u00eda de instalaci\u00f3n para bricoladores<\/strong><br \/>\u00bfHa optado por el bricolaje? Le guiaremos a trav\u00e9s de las etapas clave de la construcci\u00f3n de una casa en el \u00e1rbol, ofreci\u00e9ndole ideas que le ahorrar\u00e1n tiempo, esfuerzo y errores innecesarios. Nuestros consejos le garantizan la comprensi\u00f3n del procedimiento y la toma de decisiones acertadas, incluso si contrata a un contratista.<\/p>\n<p><strong>Consejos de seguridad y estructurales<\/strong><br \/>Una casa en el \u00e1rbol debe ser a la vez segura y entretenida. Le guiaremos para evitar los errores t\u00edpicos, de modo que su construcci\u00f3n sea fuerte, equilibrada y resistente a la intemperie.<\/p>\n\n\t\t<\/div>\n\t\t\t\t\n<style>\n#col-2104172963 > .col-inner {\n  padding: 50px 0px 0px 0px;\n}\n@media (min-width:550px) {\n  #col-2104172963 > .col-inner {\n    padding: 50px 0px 0px 0px;\n  }\n}\n<\/style>\n\t<\/div>\n\n\t\n\n<\/div>\n\n\t<section class=\"section\" id=\"section_213932617\">\n\t\t<div class=\"section-bg fill\" >\n\t\t\t\t\t\t\t\t\t\n\t\t\t\n\n\t\t<\/div>\n\n\t\t\n\n\t\t<div class=\"section-content relative\">\n\t\t\t\n\n<div class=\"row row-collapse align-middle\" style=\"max-width:1300px\" id=\"row-1030848034\">\n\n\n\t<div id=\"col-1427165206\" class=\"col small-12 large-12\"  >\n\t\t\t\t<div class=\"col-inner\" style=\"background-color:rgb(246, 246, 246);\" >\n\t\t\t\n\t\t\t\n\n<div class=\"row row-collapse align-middle\" style=\"max-width:1300px\" id=\"row-889395394\">\n\n\n\t<div id=\"col-1181668154\" class=\"col medium-12 small-12 large-6\"  >\n\t\t\t\t<div class=\"col-inner\"  >\n\t\t\t\n\t\t\t\n\n\n  <div class=\"banner has-hover\" id=\"banner-1674313868\">\n          <div class=\"banner-inner fill\">\n        <div class=\"banner-bg fill\" >\n            <img decoding=\"async\" width=\"913\" height=\"1217\" src=\"https:\/\/treelofts.com\/wp-content\/uploads\/2025\/02\/Dream-Treehouse-6.webp\" class=\"bg attachment-original size-original\" alt=\"\" title=\"\">                                    \n                    <\/div>\n\t\t\n        <div class=\"banner-layers container\">\n            <div class=\"fill banner-link\"><\/div>            \n\n   <div id=\"text-box-74379980\" class=\"text-box banner-layer x50 md-x50 lg-x50 y50 md-y50 lg-y50 res-text\">\n                                <div class=\"text-box-content text dark\">\n              \n              <div class=\"text-inner text-center\">\n                  \n\n\n              <\/div>\n           <\/div>\n                            \n<style>\n#text-box-74379980 {\n  width: 60%;\n}\n#text-box-74379980 .text-box-content {\n  font-size: 100%;\n}\n@media (min-width:550px) {\n  #text-box-74379980 {\n    width: 60%;\n  }\n}\n<\/style>\n    <\/div>\n \n\n        <\/div>\n      <\/div>\n\n            \n<style>\n#banner-1674313868 {\n  padding-top: 300px;\n  background-color: rgb(255,255,255);\n}\n#banner-1674313868 .banner-bg img {\n  object-position: 54% 49%;\n}\n@media (min-width:550px) {\n  #banner-1674313868 {\n    padding-top: 400px;\n  }\n}\n@media (min-width:850px) {\n  #banner-1674313868 {\n    padding-top: 684px;\n  }\n}\n<\/style>\n  <\/div>\n\n\n\n\t\t<\/div>\n\t\t\t\t\t<\/div>\n\n\t\n\n\t<div id=\"col-107903950\" class=\"col medium-12 small-12 large-6\"  >\n\t\t\t\t<div class=\"col-inner\" style=\"background-color:rgb(246, 246, 246);\" >\n\t\t\t\n\t\t\t\n\n\t<div id=\"text-2541562468\" class=\"text\">\n\t\t\n\n<h2 data-start=\"2232\" data-end=\"2287\"><strong data-start=\"2236\" data-end=\"2285\">\u00bfQui\u00e9n puede beneficiarse de nuestros servicios de consultor\u00eda?<\/strong><\/h2>\n\t\t\n<style>\n#text-2541562468 {\n  font-size: 1.5rem;\n}\n<\/style>\n\t<\/div>\n\t\n<p>Teniendo en cuenta sus planes de construir una casa en el \u00e1rbol, \u00a1probablemente le vendr\u00eda bien una orientaci\u00f3n profesional! Nuestros servicios de asesoramiento se adaptan muy bien a:<\/p>\n<ul>\n<li><strong>Constructores de bricolaje<\/strong> - Si est\u00e1 trabajando en este proyecto personalmente pero necesita alguna orientaci\u00f3n, le ayudaremos a planificarlo adecuadamente y a construir con confianza.<\/li>\n<li><strong>Selecci\u00f3n de contratistas<\/strong> - Saber qu\u00e9 anticipar y qu\u00e9 pedir ser\u00e1 de gran ayuda incluso si otra persona se encarga del trabajo pesado.<\/li>\n<li><strong>Propietarios de casas en los \u00e1rboles que buscan mejorar o reparar<\/strong> - \u00bfTiene una casa en el \u00e1rbol vieja e inestable? Le ayudaremos a evaluarla, reforzarla y mejorar su rendimiento.<\/li>\n<\/ul>\n<a href=\"https:\/\/treelofts.com\/es\/contacto\/\" class=\"button white is-outline\"  style=\"border-radius:10px;padding:10px 25px 10px 25px;\">\n\t\t<span>P\u00f3ngase en contacto con nosotros<\/span>\n\t<\/a>\n\n\n\n\t\t<\/div>\n\t\t\t\t\n<style>\n#col-107903950 > .col-inner {\n  padding: 40px 30px 30px 30px;\n}\n@media (min-width:550px) {\n  #col-107903950 > .col-inner {\n    padding: 50px 75px 50px 75px;\n  }\n}\n@media (min-width:850px) {\n  #col-107903950 > .col-inner {\n    padding: 50px 75px 50px 75px;\n  }\n}\n<\/style>\n\t<\/div>\n\n\t\n\n<\/div>\n\n\t\t<\/div>\n\t\t\t\t\t<\/div>\n\n\t\n\n<\/div>\n\n\t\t<\/div>\n\n\t\t\n<style>\n#section_213932617 {\n  padding-top: 50px;\n  padding-bottom: 50px;\n}\n@media (min-width:550px) {\n  #section_213932617 {\n    padding-top: 60px;\n    padding-bottom: 60px;\n  }\n}\n<\/style>\n\t<\/section>\n\t\n\n  <div class=\"banner has-hover\" id=\"banner-382502901\">\n          <div class=\"banner-inner fill\">\n        <div class=\"banner-bg fill\" >\n            <img decoding=\"async\" width=\"1015\" height=\"1024\" src=\"https:\/\/treelofts.com\/wp-content\/uploads\/2025\/02\/Tree-House-17.jpg\" class=\"bg attachment-original size-original\" alt=\"\" title=\"\">                        <div class=\"overlay\"><\/div>            \n                    <\/div>\n\t\t\n        <div class=\"banner-layers container\">\n            <div class=\"fill banner-link\"><\/div>            \n\n   <div id=\"text-box-380003497\" class=\"text-box banner-layer x50 md-x50 lg-x50 y50 md-y50 lg-y50 res-text\">\n                                <div class=\"text-box-content text dark\">\n              \n              <div class=\"text-inner text-center\">\n                  \n\n<p>Hagamos realidad su visi\u00f3n<\/p>\n<h2><strong>Creando casas en los \u00e1rboles de ensue\u00f1o desde 2013<\/strong><\/h2>\n<a href=\"https:\/\/treelofts.com\/es\/contacto\/\" class=\"button white is-outline\"  >\n\t\t<span>comience hoy mismo su viaje a la casa del \u00e1rbol<\/span>\n\t<\/a>\n\n\n\n              <\/div>\n           <\/div>\n                            \n<style>\n#text-box-380003497 {\n  width: 60%;\n}\n#text-box-380003497 .text-box-content {\n  font-size: 100%;\n}\n<\/style>\n    <\/div>\n \n\n        <\/div>\n      <\/div>\n\n            \n<style>\n#banner-382502901 {\n  padding-top: 350px;\n}\n#banner-382502901 .overlay {\n  background-color: rgba(0, 0, 0, 0.17);\n}\n#banner-382502901 .banner-bg img {\n  object-position: 61% 43%;\n}\n<\/style>\n  <\/div>\n\n\n<div class=\"woocommerce columns-4\"><\/div>\n\n<div class=\"row\"  id=\"row-70664455\">\n\n\n\n<\/div>","protected":false},"excerpt":{"rendered":"","protected":false},"author":5,"featured_media":0,"parent":0,"menu_order":0,"comment_status":"closed","ping_status":"closed","template":"","meta":{"footnotes":""},"class_list":["post-988","page","type-page","status-publish","hentry"],"_links":{"self":[{"href":"https:\/\/treelofts.com\/es\/wp-json\/wp\/v2\/pages\/988","targetHints":{"allow":["GET"]}}],"collection":[{"href":"https:\/\/treelofts.com\/es\/wp-json\/wp\/v2\/pages"}],"about":[{"href":"https:\/\/treelofts.com\/es\/wp-json\/wp\/v2\/types\/page"}],"author":[{"embeddable":true,"href":"https:\/\/treelofts.com\/es\/wp-json\/wp\/v2\/users\/5"}],"replies":[{"embeddable":true,"href":"https:\/\/treelofts.com\/es\/wp-json\/wp\/v2\/comments?post=988"}],"version-history":[{"count":0,"href":"https:\/\/treelofts.com\/es\/wp-json\/wp\/v2\/pages\/988\/revisions"}],"wp:attachment":[{"href":"https:\/\/treelofts.com\/es\/wp-json\/wp\/v2\/media?parent=988"}],"curies":[{"name":"wp","href":"https:\/\/api.w.org\/{rel}","templated":true}]}}