{"id":996,"date":"2025-02-10T20:29:23","date_gmt":"2025-02-11T04:29:23","guid":{"rendered":"https:\/\/azh5n13ivf.onrocket.site\/?page_id=996"},"modified":"2025-02-13T00:02:21","modified_gmt":"2025-02-13T08:02:21","slug":"nuevas-diapositivas","status":"publish","type":"page","link":"https:\/\/treelofts.com\/es\/nuevas-diapositivas\/","title":{"rendered":"NUEVAS Diapositivas"},"content":{"rendered":"<div class=\"banner has-hover\" id=\"banner-923682624\">\n          <div class=\"banner-inner fill\">\n        <div class=\"banner-bg fill\" >\n            <img decoding=\"async\" width=\"1020\" height=\"584\" src=\"https:\/\/treelofts.com\/wp-content\/uploads\/2025\/02\/Tree-House-1.jpg\" class=\"bg attachment-large size-large\" alt=\"\" title=\"\">                        <div class=\"overlay\"><\/div>            \n                    <\/div>\n\t\t\n        <div class=\"banner-layers container\">\n            <div class=\"fill banner-link\"><\/div>            \n\n   <div id=\"text-box-1726002890\" class=\"text-box banner-layer x50 md-x50 lg-x50 y50 md-y50 lg-y50 res-text\">\n                                <div class=\"text-box-content text dark\">\n              \n              <div class=\"text-inner text-center\">\n                  \n\n<h3>\u00a1A\u00f1ada un toque extra de diversi\u00f3n a su casa del \u00e1rbol!<\/h3>\n<h1><strong>NUEVO <\/strong><strong data-start=\"681\" data-end=\"719\">P\u00c1GINA<\/strong><\/h1>\n<p>Una casa en el \u00e1rbol ya es una zona fant\u00e1stica para la aventura, pero imag\u00ednese que pudiera evitar los escalones y deslizarse hacia abajo. Tanto si quieres un recorrido r\u00e1pido y estimulante como una ca\u00edda agradable y en remolino, a\u00f1adir un tobog\u00e1n a tu casa del \u00e1rbol es la forma perfecta de aumentar el placer al aire libre.<\/p>\n\n              <\/div>\n           <\/div>\n                            \n<style>\n#text-box-1726002890 {\n  width: 85%;\n}\n#text-box-1726002890 .text-box-content {\n  font-size: 100%;\n}\n<\/style>\n    <\/div>\n \n\n        <\/div>\n      <\/div>\n\n            \n<style>\n#banner-923682624 {\n  padding-top: 679px;\n}\n#banner-923682624 .overlay {\n  background-color: rgba(0,0,0,.5);\n}\n#banner-923682624 .banner-bg img {\n  object-position: 76% 100%;\n}\n@media (min-width:550px) {\n  #banner-923682624 {\n    padding-top: 800px;\n  }\n}\n<\/style>\n  <\/div>\n\n\n\n\t<section class=\"section\" id=\"section_1355480961\">\n\t\t<div class=\"section-bg fill\" >\n\t\t\t\t\t\t\t\t\t\n\t\t\t\n\n\t\t<\/div>\n\n\t\t\n\n\t\t<div class=\"section-content relative\">\n\t\t\t\n\n<div class=\"row row-collapse align-middle\" style=\"max-width:1300px\" id=\"row-171177975\">\n\n\n\t<div id=\"col-1604474151\" class=\"col small-12 large-12\"  >\n\t\t\t\t<div class=\"col-inner\" style=\"background-color:rgb(246, 246, 246);\" >\n\t\t\t\n\t\t\t\n\n<div class=\"row row-collapse align-middle\" style=\"max-width:1300px\" id=\"row-323539923\">\n\n\n\t<div id=\"col-1706741282\" class=\"col medium-12 small-12 large-6\"  >\n\t\t\t\t<div class=\"col-inner\"  >\n\t\t\t\n\t\t\t\n\n\n  <div class=\"banner has-hover\" id=\"banner-968073850\">\n          <div class=\"banner-inner fill\">\n        <div class=\"banner-bg fill\" >\n            <img decoding=\"async\" width=\"1024\" height=\"683\" src=\"https:\/\/treelofts.com\/wp-content\/uploads\/2025\/02\/Tree-House-37.jpg\" class=\"bg attachment-original size-original\" alt=\"\" title=\"\">                                    \n                    <\/div>\n\t\t\n        <div class=\"banner-layers container\">\n            <div class=\"fill banner-link\"><\/div>            \n\n   <div id=\"text-box-30368283\" class=\"text-box banner-layer x50 md-x50 lg-x50 y50 md-y50 lg-y50 res-text\">\n                                <div class=\"text-box-content text dark\">\n              \n              <div class=\"text-inner text-center\">\n                  \n\n\n              <\/div>\n           <\/div>\n                            \n<style>\n#text-box-30368283 {\n  width: 60%;\n}\n#text-box-30368283 .text-box-content {\n  font-size: 100%;\n}\n@media (min-width:550px) {\n  #text-box-30368283 {\n    width: 60%;\n  }\n}\n<\/style>\n    <\/div>\n \n\n        <\/div>\n      <\/div>\n\n            \n<style>\n#banner-968073850 {\n  padding-top: 300px;\n  background-color: rgb(255,255,255);\n}\n#banner-968073850 .banner-bg img {\n  object-position: 50% 60%;\n}\n@media (min-width:550px) {\n  #banner-968073850 {\n    padding-top: 400px;\n  }\n}\n@media (min-width:850px) {\n  #banner-968073850 {\n    padding-top: 621px;\n  }\n}\n<\/style>\n  <\/div>\n\n\n\n\t\t<\/div>\n\t\t\t\t\t<\/div>\n\n\t\n\n\t<div id=\"col-1941663060\" class=\"col medium-12 small-12 large-6\"  >\n\t\t\t\t<div class=\"col-inner\" style=\"background-color:rgb(246, 246, 246);\" >\n\t\t\t\n\t\t\t\n\n\t<div id=\"text-2232273000\" class=\"text\">\n\t\t\n\n<h2 data-start=\"677\" data-end=\"721\"><strong data-start=\"681\" data-end=\"719\">\u00bfPor qu\u00e9 a\u00f1adir un tobog\u00e1n a su casa del \u00e1rbol?<\/strong><\/h2>\n\t\t\n<style>\n#text-2232273000 {\n  font-size: 1.5rem;\n}\n<\/style>\n\t<\/div>\n\t\n<ul>\n<li data-start=\"850\" data-end=\"940\"><strong data-start=\"852\" data-end=\"875\">Diversi\u00f3n instant\u00e1nea<\/strong> - \u00bfCorrer por las escaleras? Aburrido. \u00bfDeslizarse con estilo? Incre\u00edble.<\/li>\n<li data-start=\"941\" data-end=\"1055\"><strong data-start=\"943\" data-end=\"967\">Aventura en todo momento<\/strong> - Un tobog\u00e1n hace que cada bajada desde la casa del \u00e1rbol parezca una escapada llena de acci\u00f3n.<\/li>\n<li data-start=\"1056\" data-end=\"1177\"><strong data-start=\"1058\" data-end=\"1076\">M\u00e1s seguro para los ni\u00f1os<\/strong> - Se acabaron las escaleras tambaleantes: los toboganes ofrecen una forma suave y segura de bajar a los aventureros m\u00e1s j\u00f3venes.<\/li>\n<li data-start=\"1178\" data-end=\"1301\"><strong data-start=\"1180\" data-end=\"1201\">M\u00e1s opciones de juego<\/strong> - \u00bfPor qu\u00e9 limitarse a sentarse en su casa del \u00e1rbol cuando puede trepar, explorar y deslizarse para divertirse sin fin?<\/li>\n<\/ul>\n<p>\u00a1Un tobog\u00e1n a\u00f1ade a\u00fan m\u00e1s emoci\u00f3n si su casa del \u00e1rbol es para el juego imaginativo, el ocio, o una escapada al patio trasero!<\/p>\n<a href=\"https:\/\/treelofts.com\/es\/contacto\/\" class=\"button white is-outline\"  style=\"border-radius:10px;padding:10px 25px 10px 25px;\">\n\t\t<span>comience hoy mismo su viaje a la casa del \u00e1rbol<\/span>\n\t<\/a>\n\n\n\n\t\t<\/div>\n\t\t\t\t\n<style>\n#col-1941663060 > .col-inner {\n  padding: 40px 30px 30px 30px;\n}\n@media (min-width:550px) {\n  #col-1941663060 > .col-inner {\n    padding: 50px 75px 50px 75px;\n  }\n}\n@media (min-width:850px) {\n  #col-1941663060 > .col-inner {\n    padding: 50px 75px 50px 75px;\n  }\n}\n<\/style>\n\t<\/div>\n\n\t\n\n<\/div>\n\n\t\t<\/div>\n\t\t\t\t\t<\/div>\n\n\t\n\n<\/div>\n\t<div id=\"gap-1288072006\" class=\"gap-element clearfix\" style=\"display:block; height:auto;\">\n\t\t\n<style>\n#gap-1288072006 {\n  padding-top: 60px;\n}\n<\/style>\n\t<\/div>\n\t\n\n<div class=\"row\"  id=\"row-410932649\">\n\n\n\t<div id=\"col-1969248886\" class=\"col small-12 large-12\"  >\n\t\t\t\t<div class=\"col-inner\"  >\n\t\t\t\n\t\t\t\n\n\t<div id=\"text-3936701274\" class=\"text\">\n\t\t\n\n<h2 data-start=\"1449\" data-end=\"1502\"><strong data-start=\"1453\" data-end=\"1500\">C\u00f3mo elegir el tobog\u00e1n adecuado para su casa del \u00e1rbol<\/strong><\/h2>\n\t\t\n<style>\n#text-3936701274 {\n  font-size: 1.5rem;\n}\n<\/style>\n\t<\/div>\n\t\n<p>No todos los toboganes son iguales. La altura de la casa, el espacio disponible y el nivel de emoci\u00f3n deseado determinar\u00e1n el tobog\u00e1n adecuado. He aqu\u00ed algunas opciones para reflexionar:<\/p>\n<p><strong>1. Correderas rectas: sencillas y r\u00e1pidas<\/strong><br \/>Un tobog\u00e1n recto tradicional se desliza con rapidez y potencia. Ideal para las casas de \u00e1rbol m\u00e1s altas, este estilo permite deslizarse directamente hasta el suelo en segundos.<\/p>\n<p><strong>2. Toboganes en espiral: giros, vueltas y diversi\u00f3n extra<\/strong><br \/>\u00bfQuiere darle un poco de giro a su viaje? Un tobog\u00e1n en espiral le ayudar\u00e1 a dar vueltas en un viaje interesante y m\u00e1s largo. Perfecto para casas de \u00e1rbol peque\u00f1as, \u00a1pero muy divertido!<\/p>\n<p><strong>3. Toboganes ondulados - Suaves y juguetones<\/strong><br \/>Un tobog\u00e1n ondulado proporciona m\u00e1s movimiento sin demasiada velocidad para un descenso m\u00e1s suave y ondulante, \u00a1perfecto para ni\u00f1os de todas las edades!<\/p>\n<p><strong>4. Toboganes de tubo: cerrados para mayor emoci\u00f3n<\/strong><br \/>Un tobog\u00e1n tubular aporta una sensaci\u00f3n extra de emoci\u00f3n y una peque\u00f1a sorpresa al descender de la casa del \u00e1rbol, si le gustan los toboganes r\u00e1pidos en recintos cerrados.<\/p>\n<p><strong>5. DIY vs. Diapositivas prefabricadas<\/strong><br \/>\u00bfSe est\u00e1 volviendo manitas? Cree su propio tobog\u00e1n utilizando una superficie de ajuste a medida o paneles lisos de madera dura. \u00bfNecesita una soluci\u00f3n r\u00e1pida y fiable? Elija entre gu\u00edas prefabricadas de metal, fibra de vidrio o pl\u00e1stico resistente a la intemperie.<\/p>\n\t<div id=\"gap-480551640\" class=\"gap-element clearfix\" style=\"display:block; height:auto;\">\n\t\t\n<style>\n#gap-480551640 {\n  padding-top: 30px;\n}\n<\/style>\n\t<\/div>\n\t\n\n\t<div id=\"text-3917893677\" class=\"text\">\n\t\t\n\n<h2 data-start=\"2804\" data-end=\"2838\"><strong data-start=\"2808\" data-end=\"2836\">Instalaci\u00f3n sencilla<\/strong><\/h2>\n\t\t\n<style>\n#text-3917893677 {\n  font-size: 1.5rem;\n}\n<\/style>\n\t<\/div>\n\t\n<p>Disponemos de consejos para que el procedimiento se desarrolle sin problemas ni estr\u00e9s, aunque no realicemos la instalaci\u00f3n in situ:<\/p>\n<ul>\n<li><strong>Dise\u00f1os DIY<\/strong> - Con el sistema de soporte adecuado, muchas gu\u00edas son f\u00e1ciles de montar.<\/li>\n<li><strong>Compruebe la pendiente<\/strong> - Aseg\u00farate de que el tobog\u00e1n no sea demasiado empinado ni demasiado plano: quieres velocidad, pero tambi\u00e9n control.<\/li>\n<li><strong>Asegurar la base<\/strong> - Una plataforma de aterrizaje blanda, mantillo o hierba en la parte inferior hace que el paseo sea m\u00e1s seguro.<\/li>\n<li><strong>Considere la posibilidad de mejorar el tobog\u00e1n acu\u00e1tico<\/strong> - \u00bfQuieres disfrutar m\u00e1s? Para un refrescante chapuz\u00f3n veraniego, \u00a1a\u00f1ade agua!<\/li>\n<\/ul>\n<p>Si tienes dudas sobre la instalaci\u00f3n, siempre puedes consultar a un contratista local para que lo fije firmemente a tu casa del \u00e1rbol.<\/p>\n\t<div id=\"gap-1444206006\" class=\"gap-element clearfix\" style=\"display:block; height:auto;\">\n\t\t\n<style>\n#gap-1444206006 {\n  padding-top: 30px;\n}\n<\/style>\n\t<\/div>\n\t\n\n<p>Una casa en el \u00e1rbol es un universo de imaginaci\u00f3n, aventura y emoci\u00f3n, no s\u00f3lo una construcci\u00f3n f\u00edsica. Incluir un tobog\u00e1n la convierte en el mejor refugio al aire libre. Esta mejora garantiza horas de diversi\u00f3n sin parar, sea cual sea su tobog\u00e1n: recto, en espiral u ondulado.<\/p>\n<p>En Treelofts, le ayudamos a seleccionar el tobog\u00e1n ideal para la altura, el dise\u00f1o y el grado de aventura de su casa del \u00e1rbol.<strong> Descubra ahora mismo nuestras sugerencias para llevar literalmente su placer en la casa del \u00e1rbol a niveles sin precedentes.<\/strong><\/p>\n\n\t\t<\/div>\n\t\t\t\t\t<\/div>\n\n\t\n\n<\/div>\n\n\t\t<\/div>\n\n\t\t\n<style>\n#section_1355480961 {\n  padding-top: 60px;\n  padding-bottom: 60px;\n}\n<\/style>\n\t<\/section>\n\t\n\n  <div class=\"banner has-hover\" id=\"banner-1176987547\">\n          <div class=\"banner-inner fill\">\n        <div class=\"banner-bg fill\" >\n            <img decoding=\"async\" width=\"1020\" height=\"728\" src=\"https:\/\/treelofts.com\/wp-content\/uploads\/2025\/02\/Tree-House-41.jpg\" class=\"bg attachment-large size-large\" alt=\"\" title=\"\">                        <div class=\"overlay\"><\/div>            \n                    <\/div>\n\t\t\n        <div class=\"banner-layers container\">\n            <div class=\"fill banner-link\"><\/div>            \n\n   <div id=\"text-box-1635315195\" class=\"text-box banner-layer x50 md-x50 lg-x50 y50 md-y50 lg-y50 res-text\">\n                                <div class=\"text-box-content text dark\">\n              \n              <div class=\"text-inner text-center\">\n                  \n\n<p>Hagamos realidad su visi\u00f3n<\/p>\n<h2><strong>Creando casas en los \u00e1rboles de ensue\u00f1o desde 2013<\/strong><\/h2>\n<a href=\"https:\/\/treelofts.com\/es\/contacto\/\" class=\"button white is-outline\"  >\n\t\t<span>comience hoy mismo su viaje a la casa del \u00e1rbol<\/span>\n\t<\/a>\n\n\n\n              <\/div>\n           <\/div>\n                            \n<style>\n#text-box-1635315195 {\n  width: 60%;\n}\n#text-box-1635315195 .text-box-content {\n  font-size: 100%;\n}\n<\/style>\n    <\/div>\n \n\n        <\/div>\n      <\/div>\n\n            \n<style>\n#banner-1176987547 {\n  padding-top: 350px;\n}\n#banner-1176987547 .overlay {\n  background-color: rgba(0, 0, 0, 0.17);\n}\n#banner-1176987547 .banner-bg img {\n  object-position: 49% 53%;\n}\n<\/style>\n  <\/div>\n\n\n<div class=\"woocommerce columns-4\"><\/div>\n\n<div class=\"row\"  id=\"row-1566125713\">\n\n\n\n<\/div>","protected":false},"excerpt":{"rendered":"","protected":false},"author":5,"featured_media":0,"parent":0,"menu_order":0,"comment_status":"closed","ping_status":"closed","template":"","meta":{"footnotes":""},"class_list":["post-996","page","type-page","status-publish","hentry"],"_links":{"self":[{"href":"https:\/\/treelofts.com\/es\/wp-json\/wp\/v2\/pages\/996","targetHints":{"allow":["GET"]}}],"collection":[{"href":"https:\/\/treelofts.com\/es\/wp-json\/wp\/v2\/pages"}],"about":[{"href":"https:\/\/treelofts.com\/es\/wp-json\/wp\/v2\/types\/page"}],"author":[{"embeddable":true,"href":"https:\/\/treelofts.com\/es\/wp-json\/wp\/v2\/users\/5"}],"replies":[{"embeddable":true,"href":"https:\/\/treelofts.com\/es\/wp-json\/wp\/v2\/comments?post=996"}],"version-history":[{"count":0,"href":"https:\/\/treelofts.com\/es\/wp-json\/wp\/v2\/pages\/996\/revisions"}],"wp:attachment":[{"href":"https:\/\/treelofts.com\/es\/wp-json\/wp\/v2\/media?parent=996"}],"curies":[{"name":"wp","href":"https:\/\/api.w.org\/{rel}","templated":true}]}}