{"id":1009,"date":"2025-02-10T22:31:03","date_gmt":"2025-02-11T06:31:03","guid":{"rendered":"https:\/\/azh5n13ivf.onrocket.site\/?page_id=1009"},"modified":"2025-02-13T18:07:43","modified_gmt":"2025-02-14T02:07:43","slug":"ponts","status":"publish","type":"page","link":"https:\/\/treelofts.com\/fr\/ponts\/","title":{"rendered":"Ponts"},"content":{"rendered":"<div class=\"banner has-hover\" id=\"banner-1078833025\">\n          <div class=\"banner-inner fill\">\n        <div class=\"banner-bg fill\" >\n            <img decoding=\"async\" width=\"1080\" height=\"1080\" src=\"https:\/\/treelofts.com\/wp-content\/uploads\/2025\/02\/Bridges-4.jpg\" class=\"bg attachment-original size-original\" alt=\"\" title=\"\">                        <div class=\"overlay\"><\/div>            \n                    <\/div>\n\t\t\n        <div class=\"banner-layers container\">\n            <div class=\"fill banner-link\"><\/div>            \n\n   <div id=\"text-box-749253666\" class=\"text-box banner-layer x50 md-x50 lg-x50 y50 md-y50 lg-y50 res-text\">\n                                <div class=\"text-box-content text dark\">\n              \n              <div class=\"text-inner text-center\">\n                  \n\n<h3>Connectez-vous, explorez et faites monter l'aventure !<\/h3>\n<h1><strong>Ponts<\/strong><\/h1>\n<p>Bien qu'une cabane soit d\u00e9j\u00e0 une escapade fantastique, que se passerait-il si vous pouviez concevoir votre propre parcours d'aventure dans les arbres, relier plusieurs plates-formes, marcher tr\u00e8s haut au-dessus du sol ? L'ajout d'un pont de cabane transforme votre refuge de jardin de cool \u00e0 magnifique ! Un pont transforme votre cabane en un v\u00e9ritable terrain de jeu a\u00e9rien, qu'il s'agisse de relier deux cabanes, d'agrandir une plate-forme d'observation ou simplement d'ajouter une passerelle excitante et audacieuse.<\/p>\n\n              <\/div>\n           <\/div>\n                            \n<style>\n#text-box-749253666 {\n  width: 89%;\n}\n#text-box-749253666 .text-box-content {\n  font-size: 100%;\n}\n<\/style>\n    <\/div>\n \n\n        <\/div>\n      <\/div>\n\n            \n<style>\n#banner-1078833025 {\n  padding-top: 658px;\n}\n#banner-1078833025 .overlay {\n  background-color: rgba(0,0,0,.5);\n}\n#banner-1078833025 .banner-bg img {\n  object-position: 47% 55%;\n}\n@media (min-width:550px) {\n  #banner-1078833025 {\n    padding-top: 800px;\n  }\n}\n<\/style>\n  <\/div>\n\n\n\n\t<section class=\"section\" id=\"section_719073104\">\n\t\t<div class=\"section-bg fill\" >\n\t\t\t\t\t\t\t\t\t\n\t\t\t\n\n\t\t<\/div>\n\n\t\t\n\n\t\t<div class=\"section-content relative\">\n\t\t\t\n\n<div class=\"row row-collapse align-middle\" style=\"max-width:1300px\" id=\"row-21428609\">\n\n\n\t<div id=\"col-593316594\" class=\"col small-12 large-12\"  >\n\t\t\t\t<div class=\"col-inner\" style=\"background-color:rgb(246, 246, 246);\" >\n\t\t\t\n\t\t\t\n\n<div class=\"row row-collapse align-middle\" style=\"max-width:1300px\" id=\"row-1848617027\">\n\n\n\t<div id=\"col-1254990366\" class=\"col medium-12 small-12 large-6\"  >\n\t\t\t\t<div class=\"col-inner\"  >\n\t\t\t\n\t\t\t\n\n\n  <div class=\"banner has-hover\" id=\"banner-814308535\">\n          <div class=\"banner-inner fill\">\n        <div class=\"banner-bg fill\" >\n            <img decoding=\"async\" width=\"800\" height=\"800\" src=\"https:\/\/treelofts.com\/wp-content\/uploads\/2025\/02\/Bridges-5-800x800.jpg\" class=\"bg attachment-large size-large\" alt=\"\" title=\"\">                                    \n                    <\/div>\n\t\t\n        <div class=\"banner-layers container\">\n            <div class=\"fill banner-link\"><\/div>            \n\n   <div id=\"text-box-1923217456\" class=\"text-box banner-layer x50 md-x50 lg-x50 y50 md-y50 lg-y50 res-text\">\n                                <div class=\"text-box-content text dark\">\n              \n              <div class=\"text-inner text-center\">\n                  \n\n\n              <\/div>\n           <\/div>\n                            \n<style>\n#text-box-1923217456 {\n  width: 60%;\n}\n#text-box-1923217456 .text-box-content {\n  font-size: 100%;\n}\n@media (min-width:550px) {\n  #text-box-1923217456 {\n    width: 60%;\n  }\n}\n<\/style>\n    <\/div>\n \n\n        <\/div>\n      <\/div>\n\n            \n<style>\n#banner-814308535 {\n  padding-top: 300px;\n  background-color: rgb(255,255,255);\n}\n#banner-814308535 .banner-bg img {\n  object-position: 49% 59%;\n}\n@media (min-width:550px) {\n  #banner-814308535 {\n    padding-top: 400px;\n  }\n}\n@media (min-width:850px) {\n  #banner-814308535 {\n    padding-top: 898px;\n  }\n}\n<\/style>\n  <\/div>\n\n\n\n\t\t<\/div>\n\t\t\t\t\t<\/div>\n\n\t\n\n\t<div id=\"col-2039109510\" class=\"col medium-12 small-12 large-6\"  >\n\t\t\t\t<div class=\"col-inner\" style=\"background-color:rgb(246, 246, 246);\" >\n\t\t\t\n\t\t\t\n\n\t<div id=\"text-2388162217\" class=\"text\">\n\t\t\n\n<h2 data-start=\"810\" data-end=\"855\"><strong data-start=\"814\" data-end=\"853\">Pourquoi ajouter un pont \u00e0 votre cabane ?<\/strong><\/h2>\n\t\t\n<style>\n#text-2388162217 {\n  font-size: 1.5rem;\n}\n<\/style>\n\t<\/div>\n\t\n<p>\u00c9largissez la port\u00e9e de votre maison dans les arbres - Au lieu d'une seule maison dans les arbres, pourquoi ne pas cr\u00e9er un r\u00e9seau de plateformes reli\u00e9es par des ponts ? C'est comme si vous viviez dans votre propre communaut\u00e9 dans les arbres !<\/p>\n<ul>\n<li data-start=\"1196\" data-end=\"1373\"><strong data-start=\"1198\" data-end=\"1231\">\u00c9largissez la port\u00e9e de votre maison de l'arbre<\/strong> - Au lieu d'une seule cabane, pourquoi ne pas cr\u00e9er un r\u00e9seau de plates-formes reli\u00e9es par des ponts ? C'est comme si vous aviez votre propre village dans les arbres !<\/li>\n<li data-start=\"1374\" data-end=\"1544\"><strong data-start=\"1376\" data-end=\"1411\">Faire de chaque voyage une aventure<\/strong> - Qu'il s'agisse d'un pont suspendu branlant ou d'une solide passerelle en bois, la travers\u00e9e d'un pont ajoute de l'\u00e9motion \u00e0 l'exp\u00e9rience.<\/li>\n<li data-start=\"1545\" data-end=\"1695\"><strong data-start=\"1547\" data-end=\"1571\">Accro\u00eetre le facteur de s\u00e9duction<\/strong> - Un pont bien plac\u00e9 transforme votre cabane en un chef-d'\u0153uvre dans l'arri\u00e8re-cour, tout droit sorti d'un film d'aventure !<\/li>\n<li data-start=\"1696\" data-end=\"1847\"><strong data-start=\"1698\" data-end=\"1727\">Id\u00e9al pour les enfants et les adultes<\/strong> - Les enfants adoreront l'exploration, et les adultes appr\u00e9cieront les vues en hauteur et l'exp\u00e9rience unique.<\/li>\n<\/ul>\n<p>Imaginez que vous vous promeniez d'une cabane \u00e0 l'autre, que vous sentiez le doux balancement du pont sous vos pieds et que vous admiriez le magnifique paysage de la cime des arbres. Cela semble merveilleux, n'est-ce pas ? Faisons en sorte que cela devienne r\u00e9alit\u00e9.<\/p>\n<a href=\"https:\/\/treelofts.com\/fr\/nous-contacter\/\" class=\"button white is-outline\"  style=\"border-radius:10px;padding:10px 25px 10px 25px;\">\n\t\t<span>commencez votre voyage dans les arbres d\u00e8s aujourd'hui<\/span>\n\t<\/a>\n\n\n\n\t\t<\/div>\n\t\t\t\t\n<style>\n#col-2039109510 > .col-inner {\n  padding: 40px 30px 30px 30px;\n}\n@media (min-width:550px) {\n  #col-2039109510 > .col-inner {\n    padding: 50px 75px 50px 75px;\n  }\n}\n@media (min-width:850px) {\n  #col-2039109510 > .col-inner {\n    padding: 50px 75px 50px 75px;\n  }\n}\n<\/style>\n\t<\/div>\n\n\t\n\n<\/div>\n\n\t\t<\/div>\n\t\t\t\t\t<\/div>\n\n\t\n\n<\/div>\n<div class=\"row\"  id=\"row-1711367948\">\n\n\n\t<div id=\"col-1984802512\" class=\"col small-12 large-12\"  >\n\t\t\t\t<div class=\"col-inner\"  >\n\t\t\t\n\t\t\t\n\n\t<div id=\"gap-494113713\" class=\"gap-element clearfix\" style=\"display:block; height:auto;\">\n\t\t\n<style>\n#gap-494113713 {\n  padding-top: 50px;\n}\n<\/style>\n\t<\/div>\n\t\n\n\t<div id=\"text-3140547008\" class=\"text\">\n\t\t\n\n<h2 data-start=\"2055\" data-end=\"2114\"><strong data-start=\"2059\" data-end=\"2112\">Types de ponts pour cabanes - Trouvez la solution id\u00e9ale<\/strong><\/h2>\n\t\t\n<style>\n#text-3140547008 {\n  font-size: 1.5rem;\n}\n<\/style>\n\t<\/div>\n\t\n<p>Tous les ponts de cabanes ne sont pas \u00e9gaux ; le meilleur pour vous d\u00e9pendra de l'aspect, de la sensation et du degr\u00e9 d'aventure que vous souhaitez inclure dans votre escapade dans les arbres. Le type de pont que vous choisirez dictera la fa\u00e7on dont votre cabane interagira avec l'environnement et dont les visiteurs se sentiront transf\u00e9r\u00e9s d'une plate-forme \u00e0 l'autre, que votre objectif soit une connexion rustique en bois, une travers\u00e9e excitante dans la jungle ou un chemin propre et moderne.<\/p>\n<h3><strong>Pont classique en planches de bois - Un choix intemporel et robuste<\/strong><\/h3>\n<p>Un simple pont en planches de bois est id\u00e9al pour les personnes qui appr\u00e9cient l'attrait conventionnel d'une cabane dans les arbres. Ces ponts garantissent que les adultes et les enfants peuvent voyager en toute s\u00e9curit\u00e9 en offrant un chemin rustique, solide et fiable entre deux plates-formes. Fabriqu\u00e9s en bois r\u00e9sistant aux intemp\u00e9ries, ces ponts pr\u00e9sentent une forme lisse et naturelle qui s'int\u00e8gre parfaitement \u00e0 l'environnement. Offrant \u00e0 la fois durabilit\u00e9 et atmosph\u00e8re chaleureuse, ils sont particuli\u00e8rement adapt\u00e9s aux cabanes dans les arbres \u00e0 l'aspect classique. Pour ceux qui recherchent une solution de bricolage, un pont en bois est \u00e9galement l'un des plus faciles \u00e0 construire.<\/p>\n<h3><strong>Pont suspendu - L'exp\u00e9rience ultime de l'aventure<\/strong><\/h3>\n<p>Un pont suspendu en corde donne \u00e0 une cabane encore plus de sensations fortes et d'aventure. Rappelant ceux que l'on voit lors des excursions dans les for\u00eats profondes, ces ponts se balancent l\u00e9g\u00e8rement sous les pieds pour offrir un voyage palpitant. Chaque pas semble \u00eatre une aventure, car le m\u00e9lange de barri\u00e8res de corde solides et de planches de bois dur offre un compromis entre la stabilit\u00e9 et le mouvement. Pour les cabanes inspir\u00e9es par les explorateurs, un pont suspendu offre un d\u00e9fi et un sentiment d'exploration. Les longues port\u00e9es entre les plates-formes les int\u00e9ressent particuli\u00e8rement, car la flexibilit\u00e9 inh\u00e9rente au syst\u00e8me de suspension et la simplicit\u00e9 d'installation permettent une plus grande adaptation. Ce lien est fait pour vous si vous souhaitez une cabane dans les arbres qui ressemble \u00e0 une v\u00e9ritable base d'exp\u00e9dition.<\/p>\n<h3><strong>Pont en filet - Un terrain de jeu dans le ciel<\/strong><\/h3>\n<p>Un pont en filet de corde est un excellent compl\u00e9ment pour tous ceux qui souhaitent donner \u00e0 leur cabane une touche interactive et fantaisiste. Les enfants appr\u00e9cient particuli\u00e8rement ce type de pont, qui est enti\u00e8rement constitu\u00e9 d'une corde tiss\u00e9e \u00e9paisse, car il offre une exp\u00e9rience de travers\u00e9e souple, rebondissante et divertissante. Contrairement aux ponts en bois traditionnels, qui offrent un point d'appui solide, un pont en filet de corde est un excellent compl\u00e9ment \u00e0 toute aire de jeu active ; il favorise l'escalade, le balancement et l'acquisition de l'\u00e9quilibre. Les jeunes enfants qui aiment grimper et explorer trouveront ce type de pont id\u00e9al car il leur permet de tester leur agilit\u00e9 en passant d'une plate-forme de cabane \u00e0 l'autre. En outre, il s'agit d'un choix visuellement spectaculaire et l\u00e9ger qui donne \u00e0 votre escapade dans les arbres une impression int\u00e9ressante de gymnastique dans la jungle.<\/p>\n<h3><strong>Passerelle en verre - Moderne, \u00e9l\u00e9gante et captivante<\/strong><\/h3>\n<p>Les passerelles en verre procurent un sentiment d'\u00e9merveillement in\u00e9gal\u00e9 \u00e0 ceux qui cherchent \u00e0 cr\u00e9er une exp\u00e9rience inoubliable et spectaculaire. Construits \u00e0 partir de panneaux de verre tr\u00e8s r\u00e9sistants et incassables, ces ponts permettent de marcher directement \u00e0 travers la surface et donnent l'impression de flotter dans l'air. Ce choix est id\u00e9al pour les cabanes construites \u00e0 des altitudes plus \u00e9lev\u00e9es, o\u00f9 les clients peuvent profiter d'une vue \u00e0 couper le souffle sur le sol de la for\u00eat. La transparence du pont lui conf\u00e8re une allure \u00e9l\u00e9gante et futuriste qui contraste d\u00e9licieusement avec l'environnement naturel et robuste des arbres. Bien que ce type de pont ne convienne pas aux timides, il est id\u00e9al pour ceux qui souhaitent donner plus de piquant \u00e0 leur cabane. Si vous construisez une cabane qui cherche \u00e0 \u00e9blouir, un pont de verre est une approche in\u00e9gal\u00e9e pour augmenter \u00e0 la fois le style et l'excitation.<\/p>\n<h3><strong>Bridge mixte - Le meilleur des deux mondes<\/strong><\/h3>\n<p>Si vous ne pouvez pas choisir un seul style, pourquoi ne pas m\u00e9langer plusieurs \u00e9l\u00e9ments pour construire un pont de cabane unique ? Dans une seule travers\u00e9e, un pont de style mixte peut combiner des planches de bois dur, des garde-corps en corde et des portions de filet pour offrir l'aventure en un seul passage tout en assurant la stabilit\u00e9. Les configurations de cabanes plus grandes reliant plusieurs plates-formes b\u00e9n\u00e9ficient de ce type de pont, qui procure des sensations distinctes selon les endroits. Pour une base solide, commencez par une pi\u00e8ce en bois massif ; ensuite, pour plus d'aventure, passez \u00e0 un pont en corde ; enfin, terminez par une travers\u00e9e en filet suspendu pour plus de plaisir. Les familles qui cherchent \u00e0 construire un environnement ext\u00e9rieur flexible et dynamique trouveront cette m\u00e9thode parfaite, car elle permet de personnaliser la cabane en fonction de l'\u00e2ge et des go\u00fbts de chacun.<\/p>\n<p>\u00a0<\/p>\n<p><strong>Choisir le bon pont pour votre cabane n'est pas seulement une question de fonction - il s'agit de cr\u00e9er une exp\u00e9rience. Chaque style offre une approche diff\u00e9rente pour s'engager dans votre environnement - d'un pont en bois classique pour un attrait fort et rustique \u00e0 un pont suspendu oscillant pour un d\u00e9fi aventureux, en passant par un pont en verre moderne pour des vues incroyables. Le pont de votre cabane peut devenir le point central de l'excitation, de la beaut\u00e9 et de l'utilit\u00e9 avec le bon choix, transformant ainsi chaque travers\u00e9e en un \u00e9v\u00e9nement m\u00e9morable.<\/strong><\/p>\n\n\t\t<\/div>\n\t\t\t\t\n<style>\n#col-1984802512 > .col-inner {\n  padding: 30px 0px 0px 0px;\n}\n<\/style>\n\t<\/div>\n\n\t\n\n<\/div>\n\n\t\t<\/div>\n\n\t\t\n<style>\n#section_719073104 {\n  padding-top: 60px;\n  padding-bottom: 60px;\n}\n<\/style>\n\t<\/section>\n\t\n\n  <div class=\"banner has-hover\" id=\"banner-581319910\">\n          <div class=\"banner-inner fill\">\n        <div class=\"banner-bg fill\" >\n            <img decoding=\"async\" width=\"1080\" height=\"1080\" src=\"https:\/\/treelofts.com\/wp-content\/uploads\/2025\/02\/Bridges-3.jpg\" class=\"bg attachment-original size-original\" alt=\"\" title=\"\">                        <div class=\"overlay\"><\/div>            \n                    <\/div>\n\t\t\n        <div class=\"banner-layers container\">\n            <div class=\"fill banner-link\"><\/div>            \n\n   <div id=\"text-box-285611366\" class=\"text-box banner-layer x50 md-x50 lg-x50 y50 md-y50 lg-y50 res-text\">\n                                <div class=\"text-box-content text dark\">\n              \n              <div class=\"text-inner text-center\">\n                  \n\n<p>Donnons vie \u00e0 votre vision<\/p>\n<h2><strong>Fabriquer des cabanes de r\u00eave depuis 2013<\/strong><\/h2>\n<a href=\"https:\/\/treelofts.com\/fr\/nous-contacter\/\" class=\"button white is-outline\"  >\n\t\t<span>commencez votre voyage dans les arbres d\u00e8s aujourd'hui<\/span>\n\t<\/a>\n\n\n\n              <\/div>\n           <\/div>\n                            \n<style>\n#text-box-285611366 {\n  width: 60%;\n}\n#text-box-285611366 .text-box-content {\n  font-size: 100%;\n}\n<\/style>\n    <\/div>\n \n\n        <\/div>\n      <\/div>\n\n            \n<style>\n#banner-581319910 {\n  padding-top: 353px;\n}\n#banner-581319910 .overlay {\n  background-color: rgba(0, 0, 0, 0.17);\n}\n#banner-581319910 .banner-bg img {\n  object-position: 54% 48%;\n}\n<\/style>\n  <\/div>\n\n\n<div class=\"row\"  id=\"row-1287758788\">\n\n\n\t<div id=\"col-1836817271\" class=\"col small-12 large-12\"  >\n\t\t\t\t<div class=\"col-inner\"  >\n\t\t\t\n\t\t\t\n\n\t<div id=\"text-1814455056\" class=\"text\">\n\t\t\n\n<h2 data-start=\"4499\" data-end=\"4558\"><strong data-start=\"4503\" data-end=\"4556\">Comment garantir un pont de cabane s\u00fbr et durable ?<\/strong><\/h2>\n\t\t\n<style>\n#text-1814455056 {\n  font-size: 1.5rem;\n}\n<\/style>\n\t<\/div>\n\t\n<p>M\u00eame si la s\u00e9curit\u00e9 doit toujours primer, un pont en forme de cabane est un spectacle incroyable. Ces \u00e9l\u00e9ments importants devraient vous aider \u00e0 concevoir votre pont :<\/p>\n<h3><strong>1. Utiliser des mat\u00e9riaux solides et r\u00e9sistants aux intemp\u00e9ries<\/strong><\/h3>\n<p>Votre pont sera install\u00e9 \u00e0 l'ext\u00e9rieur, d'o\u00f9 la n\u00e9cessit\u00e9 de choisir des mat\u00e9riaux capables de r\u00e9sister aux variations de temp\u00e9rature. Choisissez des mat\u00e9riaux robustes et de qualit\u00e9 sup\u00e9rieure - bois, cordes ou c\u00e2bles en acier - qui ne se d\u00e9coloreront pas facilement.<\/p>\n<h3><strong>2. Fixer les points de fixation<\/strong><\/h3>\n<p>Tout autant que le pont lui-m\u00eame, c'est la fa\u00e7on dont il est fix\u00e9 \u00e0 la cabane qui compte. Une fixation solide garantit qu'au fil du temps, votre pont ne bougera pas et ne se desserrera pas. Pour fixer correctement le pont, utilisez toujours des boulons renforc\u00e9s et des fixations respectueuses des arbres.<\/p>\n<h3><strong>3. Tenir compte de la capacit\u00e9 de charge<\/strong><\/h3>\n<p>Pensez \u00e0 l'utilisation simultan\u00e9e du pont par de nombreuses personnes. Un pont bien con\u00e7u doit pouvoir supporter facilement des adultes et des enfants sans contrainte.<\/p>\n<h3><strong>4. Laisser de la place pour la croissance des arbres<\/strong><\/h3>\n<p>Votre pont doit \u00e9voluer ; les arbres poussent et migrent. Permettez aux arbres de se d\u00e9placer naturellement sans subir de contraintes structurelles en utilisant des connexions flexibles et des contreventements flottants.<\/p>\n<h3><strong>5. Inclure des dispositifs de s\u00e9curit\u00e9<\/strong><\/h3>\n<p>En fonction de votre type de pont, tenez compte des \u00e9l\u00e9ments suivants :<\/p>\n<ul>\n<li>Un soutien suppl\u00e9mentaire gr\u00e2ce \u00e0 des mains courantes ou des cordes.<\/li>\n<li>Les surfaces antid\u00e9rapantes permettent d'\u00e9viter les accidents dans les environnements humides.<\/li>\n<li>Un m\u00e9canisme d'ancrage s\u00fbr pour emp\u00eacher tout mouvement ou balancement excessif.<\/li>\n<\/ul>\n\t<div id=\"gap-1919467515\" class=\"gap-element clearfix\" style=\"display:block; height:auto;\">\n\t\t\n<style>\n#gap-1919467515 {\n  padding-top: 30px;\n}\n<\/style>\n\t<\/div>\n\t\n\n\t<div id=\"text-38419621\" class=\"text\">\n\t\t\n\n\n\t\t\n<style>\n#text-38419621 {\n  font-size: 1.5rem;\n}\n<\/style>\n\t<\/div>\n\t\n<p>Un pont de cabane est une exp\u00e9rience plut\u00f4t qu'un simple ajout de fonctionnalit\u00e9. Il donne \u00e0 votre cabane une qualit\u00e9 plus mystique, aventureuse et interactive. Un pont est l'approche id\u00e9ale pour faire passer votre cabane au niveau sup\u00e9rieur, qu'il s'agisse d'ajouter une terrasse d'observation, de relier plusieurs plates-formes ou simplement de rendre le voyage plus int\u00e9ressant.<\/p>\n<p>Chez Treelofts, notre sp\u00e9cialit\u00e9 est de vous aider \u00e0 identifier le mod\u00e8le de cabane id\u00e9al pour votre emplacement. Bien que nous ne puissions pas proposer l'installation, nos conseils et recommandations professionnels vous aideront \u00e0 s\u00e9lectionner les mat\u00e9riaux, le style et la construction appropri\u00e9s pour r\u00e9aliser votre r\u00eave de cabane.<\/p>\n<p><strong>Consultez d\u00e8s maintenant nos id\u00e9es de ponts dans les arbres pour commencer votre voyage vers les meilleures vacances dans les arbres !<\/strong><\/p>\n\n\t\t<\/div>\n\t\t\t\t\n<style>\n#col-1836817271 > .col-inner {\n  padding: 50px 0px 50px 0px;\n}\n<\/style>\n\t<\/div>\n\n\t\n\n<\/div>\n<div class=\"woocommerce columns-4\"><\/div>\n\n<div class=\"row\"  id=\"row-1630504245\">\n\n\n\n<\/div>","protected":false},"excerpt":{"rendered":"","protected":false},"author":5,"featured_media":0,"parent":0,"menu_order":0,"comment_status":"closed","ping_status":"closed","template":"","meta":{"footnotes":""},"class_list":["post-1009","page","type-page","status-publish","hentry"],"_links":{"self":[{"href":"https:\/\/treelofts.com\/fr\/wp-json\/wp\/v2\/pages\/1009","targetHints":{"allow":["GET"]}}],"collection":[{"href":"https:\/\/treelofts.com\/fr\/wp-json\/wp\/v2\/pages"}],"about":[{"href":"https:\/\/treelofts.com\/fr\/wp-json\/wp\/v2\/types\/page"}],"author":[{"embeddable":true,"href":"https:\/\/treelofts.com\/fr\/wp-json\/wp\/v2\/users\/5"}],"replies":[{"embeddable":true,"href":"https:\/\/treelofts.com\/fr\/wp-json\/wp\/v2\/comments?post=1009"}],"version-history":[{"count":0,"href":"https:\/\/treelofts.com\/fr\/wp-json\/wp\/v2\/pages\/1009\/revisions"}],"wp:attachment":[{"href":"https:\/\/treelofts.com\/fr\/wp-json\/wp\/v2\/media?parent=1009"}],"curies":[{"name":"wp","href":"https:\/\/api.w.org\/{rel}","templated":true}]}}