{"id":1020,"date":"2025-02-10T23:14:25","date_gmt":"2025-02-11T07:14:25","guid":{"rendered":"https:\/\/azh5n13ivf.onrocket.site\/?page_id=1020"},"modified":"2025-02-13T00:04:01","modified_gmt":"2025-02-13T08:04:01","slug":"balancoires-a-corde","status":"publish","type":"page","link":"https:\/\/treelofts.com\/fr\/balancoires-a-corde\/","title":{"rendered":"Balan\u00e7oires \u00e0 corde"},"content":{"rendered":"<div class=\"banner has-hover\" id=\"banner-292569109\">\n          <div class=\"banner-inner fill\">\n        <div class=\"banner-bg fill\" >\n            <img decoding=\"async\" width=\"1024\" height=\"741\" src=\"https:\/\/treelofts.com\/wp-content\/uploads\/2025\/02\/Tree-House-21.jpg\" class=\"bg attachment-original size-original\" alt=\"\" title=\"\">                        <div class=\"overlay\"><\/div>            \n                    <\/div>\n\t\t\n        <div class=\"banner-layers container\">\n            <div class=\"fill banner-link\"><\/div>            \n\n   <div id=\"text-box-600304085\" class=\"text-box banner-layer x50 md-x50 lg-x50 y50 md-y50 lg-y50 res-text\">\n                                <div class=\"text-box-content text dark\">\n              \n              <div class=\"text-inner text-center\">\n                  \n\n<h3>Ajoutez une touche d'aventure \u00e0 votre maison dans les arbres !<\/h3>\n<h1><strong>Balan\u00e7oires \u00e0 corde<\/strong><\/h1>\n<p>Voler en hauteur sur une balan\u00e7oire \u00e0 corde, symbole d'aventure, de libert\u00e9 et de pur plaisir enfantin, a un certain charme. L'ajout d'une balan\u00e7oire \u00e0 corde \u00e0 votre cabane offre aux jeunes et aux adultes un plaisir tout aussi grand, qu'il s'agisse d'une balan\u00e7oire de base pour une relaxation paisible ou d'une aventure de haut vol qui met \u00e0 l'\u00e9preuve votre bravoure.<\/p>\n\n              <\/div>\n           <\/div>\n                            \n<style>\n#text-box-600304085 {\n  width: 85%;\n}\n#text-box-600304085 .text-box-content {\n  font-size: 100%;\n}\n<\/style>\n    <\/div>\n \n\n        <\/div>\n      <\/div>\n\n            \n<style>\n#banner-292569109 {\n  padding-top: 665px;\n}\n#banner-292569109 .overlay {\n  background-color: rgba(0,0,0,.5);\n}\n#banner-292569109 .banner-bg img {\n  object-position: 54% 61%;\n}\n@media (min-width:550px) {\n  #banner-292569109 {\n    padding-top: 800px;\n  }\n}\n<\/style>\n  <\/div>\n\n\n\n\t<section class=\"section\" id=\"section_92364921\">\n\t\t<div class=\"section-bg fill\" >\n\t\t\t\t\t\t\t\t\t\n\t\t\t\n\n\t\t<\/div>\n\n\t\t\n\n\t\t<div class=\"section-content relative\">\n\t\t\t\n\n<div class=\"row row-collapse align-middle\" style=\"max-width:1300px\" id=\"row-1241435527\">\n\n\n\t<div id=\"col-58479679\" class=\"col small-12 large-12\"  >\n\t\t\t\t<div class=\"col-inner\" style=\"background-color:rgb(246, 246, 246);\" >\n\t\t\t\n\t\t\t\n\n<div class=\"row row-collapse align-middle\" style=\"max-width:1300px\" id=\"row-1299402776\">\n\n\n\t<div id=\"col-1902095111\" class=\"col medium-12 small-12 large-6\"  >\n\t\t\t\t<div class=\"col-inner\"  >\n\t\t\t\n\t\t\t\n\n\n  <div class=\"banner has-hover\" id=\"banner-701095014\">\n          <div class=\"banner-inner fill\">\n        <div class=\"banner-bg fill\" >\n            <img decoding=\"async\" width=\"1024\" height=\"683\" src=\"https:\/\/treelofts.com\/wp-content\/uploads\/2025\/02\/Tree-House-39.jpg\" class=\"bg attachment-original size-original\" alt=\"\" title=\"\">                                    \n                    <\/div>\n\t\t\n        <div class=\"banner-layers container\">\n            <div class=\"fill banner-link\"><\/div>            \n\n   <div id=\"text-box-956630440\" class=\"text-box banner-layer x50 md-x50 lg-x50 y50 md-y50 lg-y50 res-text\">\n                                <div class=\"text-box-content text dark\">\n              \n              <div class=\"text-inner text-center\">\n                  \n\n\n              <\/div>\n           <\/div>\n                            \n<style>\n#text-box-956630440 {\n  width: 60%;\n}\n#text-box-956630440 .text-box-content {\n  font-size: 100%;\n}\n@media (min-width:550px) {\n  #text-box-956630440 {\n    width: 60%;\n  }\n}\n<\/style>\n    <\/div>\n \n\n        <\/div>\n      <\/div>\n\n            \n<style>\n#banner-701095014 {\n  padding-top: 300px;\n  background-color: rgb(255,255,255);\n}\n#banner-701095014 .banner-bg img {\n  object-position: 52% 53%;\n}\n@media (min-width:550px) {\n  #banner-701095014 {\n    padding-top: 400px;\n  }\n}\n@media (min-width:850px) {\n  #banner-701095014 {\n    padding-top: 807px;\n  }\n}\n<\/style>\n  <\/div>\n\n\n\n\t\t<\/div>\n\t\t\t\t\t<\/div>\n\n\t\n\n\t<div id=\"col-524984206\" class=\"col medium-12 small-12 large-6\"  >\n\t\t\t\t<div class=\"col-inner\" style=\"background-color:rgb(246, 246, 246);\" >\n\t\t\t\n\t\t\t\n\n\t<div id=\"text-2538617681\" class=\"text\">\n\t\t\n\n<h2 data-start=\"871\" data-end=\"920\"><strong data-start=\"875\" data-end=\"918\">Pourquoi ajouter une balan\u00e7oire \u00e0 corde \u00e0 votre cabane ?<\/strong><\/h2>\n\t\t\n<style>\n#text-2538617681 {\n  font-size: 1.5rem;\n}\n<\/style>\n\t<\/div>\n\t\n<p>La simplicit\u00e9 de la balan\u00e7oire \u00e0 corde est l'une de ses meilleures caract\u00e9ristiques ; tout ce dont vous avez besoin, c'est d'une corde solide, d'une branche d'arbre solide et d'un certain sens de l'aventure. Mais cette simplicit\u00e9 ne doit pas vous induire en erreur ! Une cabane moyenne devient un espace d'aventure en plein air avec une balan\u00e7oire bien plac\u00e9e. Voici quelques autres raisons pour lesquelles vous devriez avoir une balan\u00e7oire \u00e0 corde :<\/p>\n<ul>\n<li data-start=\"1561\" data-end=\"1657\"><strong data-start=\"1563\" data-end=\"1594\">Le plaisir ultime en plein air<\/strong> - Pas besoin d'escalier ! Descendez de votre cabane avec style.<\/li>\n<li data-start=\"1658\" data-end=\"1820\"><strong data-start=\"1660\" data-end=\"1690\">Un plaisir in\u00e9gal\u00e9 pour tous les \u00e2ges<\/strong> - Que vous soyez un enfant d\u00e9couvrant les joies de la balan\u00e7oire ou un adulte revivant ses souvenirs d'enfance, une balan\u00e7oire \u00e0 corde ne s'ennuie jamais.<\/li>\n<li data-start=\"1821\" data-end=\"1926\"><strong data-start=\"1823\" data-end=\"1861\">Facile \u00e0 installer, tr\u00e8s excitant<\/strong> - Aucune installation compliqu\u00e9e n'est n\u00e9cessaire - il suffit de l'attacher, de se balancer et de s'amuser !<\/li>\n<li data-start=\"1927\" data-end=\"2015\"><strong data-start=\"1929\" data-end=\"1956\">Encourage le jeu en plein air<\/strong> - Les enfants restent actifs et se divertissent pendant des heures.<\/li>\n<li data-start=\"2016\" data-end=\"2113\"><strong data-start=\"2018\" data-end=\"2043\">Un indispensable de la maison de l'arbre<\/strong> - C'est juste <strong data-start=\"2054\" data-end=\"2069\">se sent bien<\/strong> d'avoir une balan\u00e7oire suspendue \u00e0 une cabane dans un arbre !<\/li>\n<\/ul>\n<a href=\"https:\/\/treelofts.com\/fr\/nous-contacter\/\" class=\"button white is-outline\"  style=\"border-radius:10px;padding:10px 25px 10px 25px;\">\n\t\t<span>commencez votre voyage dans les arbres d\u00e8s aujourd'hui<\/span>\n\t<\/a>\n\n\n\n\t\t<\/div>\n\t\t\t\t\n<style>\n#col-524984206 > .col-inner {\n  padding: 40px 30px 30px 30px;\n}\n@media (min-width:550px) {\n  #col-524984206 > .col-inner {\n    padding: 50px 75px 50px 75px;\n  }\n}\n@media (min-width:850px) {\n  #col-524984206 > .col-inner {\n    padding: 50px 75px 50px 75px;\n  }\n}\n<\/style>\n\t<\/div>\n\n\t\n\n<\/div>\n\n\t\t<\/div>\n\t\t\t\t\t<\/div>\n\n\t\n\n<\/div>\n\n\t\t<\/div>\n\n\t\t\n<style>\n#section_92364921 {\n  padding-top: 60px;\n  padding-bottom: 60px;\n}\n<\/style>\n\t<\/section>\n\t\n<div class=\"row\"  id=\"row-2085471038\">\n\n\n\t<div id=\"col-611388568\" class=\"col small-12 large-12\"  >\n\t\t\t\t<div class=\"col-inner\"  >\n\t\t\t\n\t\t\t\n\n\t<div id=\"text-447706954\" class=\"text\">\n\t\t\n\n<h2 data-start=\"2120\" data-end=\"2178\"><strong data-start=\"2124\" data-end=\"2176\">Choisir la bonne balan\u00e7oire pour votre cabane dans les arbres<\/strong><\/h2>\n\t\t\n<style>\n#text-447706954 {\n  font-size: 1.5rem;\n}\n<\/style>\n\t<\/div>\n\t\n<p>Choisir la bonne balan\u00e7oire pour votre cabane dans les arbres<br \/>Toutes les balan\u00e7oires \u00e0 cordes ne sont pas identiques ! Votre r\u00e9gion, la hauteur de votre cabane et le degr\u00e9 d'excitation que vous recherchez d\u00e9termineront le type de balan\u00e7oire que vous souhaitez. Chaque type de balan\u00e7oire offre une exp\u00e9rience et un style diff\u00e9rents ; choisissez donc celle qui convient le mieux \u00e0 votre voyage dans l'arbre.<\/p>\n<h3><strong>Balan\u00e7oire classique \u00e0 une corde - Le favori intemporel<\/strong><\/h3>\n<p>La balan\u00e7oire classique \u00e0 corde simple est un choix basique mais passionnant. Dans tous les livres de contes de notre enfance, on trouve ce type de corde solide avec un si\u00e8ge en bois ou en caoutchouc, pr\u00eat \u00e0 vous propulser vers le ciel. Qu'il s'agisse d'un petit saut depuis la cabane ou d'une chute plus longue et plus audacieuse, ce type de balan\u00e7oire est id\u00e9al \u00e0 tout \u00e2ge et convient \u00e0 de nombreuses hauteurs. Elle procure un plaisir pur et sans fard, n\u00e9cessite peu de mat\u00e9riel et est facile \u00e0 installer.<\/p>\n<h3><strong>Tire Swing - Une exp\u00e9rience conviviale et sociale<\/strong><\/h3>\n<p>La balan\u00e7oire \u00e0 pneu est le meilleur choix si vous souhaitez une balan\u00e7oire capable d'accueillir plusieurs personnes ! Parfaites pour de longues et langoureuses soir\u00e9es \u00e0 se balancer sous les arbres, ces balan\u00e7oires offrent un environnement douillet et clos pour s'asseoir. Pour les jeunes enfants qui ont besoin d'un peu plus de s\u00e9curit\u00e9, une balan\u00e7oire en pneu est \u00e9galement plus stable qu'une balan\u00e7oire \u00e0 corde simple. C'est aussi un moyen fantastique de transformer un vieux pneu en quelque chose d'int\u00e9ressant et d'utile !<\/p>\n<h3><strong>Balan\u00e7oire \u00e0 double corde - pour plus d'\u00e9quilibre et de confort<\/strong><\/h3>\n<p>Une balan\u00e7oire \u00e0 deux cordes est une excellente option si vous aimez la sensation d'une balan\u00e7oire mais que vous souhaitez un peu plus de stabilit\u00e9. Elle se compose de deux cordes qui soutiennent un si\u00e8ge plat au lieu d'une seule corde, ce qui minimise les torsions lat\u00e9rales. Pour les enfants qui apprennent \u00e0 se balancer ou pour ceux qui recherchent une balade plus douce et mieux ma\u00eetris\u00e9e, c'est un choix fantastique.<\/p>\n<h3><strong>Balan\u00e7oire \u00e0 corde - Pour les petits casse-cou<\/strong><\/h3>\n<p>Une balan\u00e7oire \u00e0 corde d'escalade combine l'exaltation de l'escalade et le plaisir de la balan\u00e7oire pour les personnes qui aiment relever des d\u00e9fis. Ces balan\u00e7oires, qui comportent g\u00e9n\u00e9ralement des n\u0153uds, des poign\u00e9es ou de petites plates-formes auxquelles s'accrocher, transforment le voyage en un exercice participatif de force et d'agilit\u00e9. Les enfants qui aiment grimper, se suspendre et d\u00e9fier leurs propres talents trouveront une balan\u00e7oire \u00e0 corde id\u00e9ale pour compl\u00e9ter une cabane construite pour l'aventure.<\/p>\n<h3><strong>Balan\u00e7oire \u00e0 corde extra-longue - pour un vol ultime<\/strong><\/h3>\n<p>Une balan\u00e7oire \u00e0 corde extra-longue est la meilleure approche si vous voulez une \u00e9vasion de cabane la plus excitante possible. Ce type de balan\u00e7oire vous donne un maximum d'air avant de vous ramener doucement au sol. Son point de d\u00e9part est plus \u00e9lev\u00e9 et son arc est plus long et plus th\u00e9\u00e2tral. Pour ceux qui aiment s'envoler vers le ciel, c'est le choix id\u00e9al. Veillez simplement \u00e0 disposer d'une zone d'atterrissage souple pour assurer votre s\u00e9curit\u00e9 et d'un espace suffisant pour vous balancer librement.<\/p>\n\n\t\t<\/div>\n\t\t\t\t\t<\/div>\n\n\t\n\n<\/div>\n\n  <div class=\"banner has-hover\" id=\"banner-1068964331\">\n          <div class=\"banner-inner fill\">\n        <div class=\"banner-bg fill\" >\n            <img decoding=\"async\" width=\"1020\" height=\"680\" src=\"https:\/\/treelofts.com\/wp-content\/uploads\/2025\/02\/Tree-House-49.jpg\" class=\"bg attachment-large size-large\" alt=\"\" title=\"\">                        <div class=\"overlay\"><\/div>            \n                    <\/div>\n\t\t\n        <div class=\"banner-layers container\">\n            <div class=\"fill banner-link\"><\/div>            \n\n   <div id=\"text-box-693127407\" class=\"text-box banner-layer x50 md-x50 lg-x50 y50 md-y50 lg-y50 res-text\">\n                                <div class=\"text-box-content text dark\">\n              \n              <div class=\"text-inner text-center\">\n                  \n\n<p>Donnons vie \u00e0 votre vision<\/p>\n<h2><strong>Fabriquer des cabanes de r\u00eave depuis 2013<\/strong><\/h2>\n<a href=\"https:\/\/treelofts.com\/fr\/nous-contacter\/\" class=\"button white is-outline\"  >\n\t\t<span>commencez votre voyage dans les arbres d\u00e8s aujourd'hui<\/span>\n\t<\/a>\n\n\n\n              <\/div>\n           <\/div>\n                            \n<style>\n#text-box-693127407 {\n  width: 60%;\n}\n#text-box-693127407 .text-box-content {\n  font-size: 100%;\n}\n<\/style>\n    <\/div>\n \n\n        <\/div>\n      <\/div>\n\n            \n<style>\n#banner-1068964331 {\n  padding-top: 350px;\n}\n#banner-1068964331 .overlay {\n  background-color: rgba(0, 0, 0, 0.17);\n}\n#banner-1068964331 .banner-bg img {\n  object-position: 61% 49%;\n}\n<\/style>\n  <\/div>\n\n\n<div class=\"woocommerce columns-4\"><\/div>\n\n<div class=\"row\"  id=\"row-79406870\">\n\n\n\t<div id=\"col-316039705\" class=\"col small-12 large-12\"  >\n\t\t\t\t<div class=\"col-inner text-left\"  >\n\t\t\t\n\t\t\t\n\n\t<div id=\"text-3586641219\" class=\"text\">\n\t\t\n\n<h2 data-start=\"4954\" data-end=\"5001\"><strong data-start=\"4958\" data-end=\"4999\">Comment installer votre balan\u00e7oire \u00e0 corde en toute s\u00e9curit\u00e9<\/strong><\/h2>\n\t\t\n<style>\n#text-3586641219 {\n  font-size: 1.5rem;\n}\n<\/style>\n\t<\/div>\n\t\n<p>Bien qu'une balan\u00e7oire \u00e0 corde soit avant tout un moyen de s'amuser, la s\u00e9curit\u00e9 est la premi\u00e8re priorit\u00e9. Le choix de mat\u00e9riaux et d'une disposition appropri\u00e9s permettra d'\u00e9viter qu'une balan\u00e7oire mal plac\u00e9e ne devienne une exp\u00e9rience s\u00fbre et amusante. Voici quelques points auxquels vous devriez r\u00e9fl\u00e9chir :<\/p>\n<h3><strong>Choisissez un arbre solide et robuste.<\/strong><\/h3>\n<p>La branche ou la poutre qui soutient votre balan\u00e7oire doit \u00eatre robuste, saine et capable de supporter un poids consid\u00e9rable. Les branches faibles, mourantes ou cass\u00e9es ne doivent pas \u00eatre utilis\u00e9es car elles risquent de se briser sous la charge.<\/p>\n<h3><strong>Choisissez des cordes et du mat\u00e9riel de qualit\u00e9 sup\u00e9rieure.<\/strong><\/h3>\n<p>Votre corde doit \u00eatre robuste, solide et r\u00e9sistante aux intemp\u00e9ries. Le nylon, le polyester ou les cordes de qualit\u00e9 marine sont d'excellents choix. Si vous attachez la corde \u00e0 une branche, pensez \u00e0 ajouter une sangle de s\u00e9curit\u00e9 pour \u00e9viter que l'arbre ne se blesse.<\/p>\n<h3><strong>Veillez \u00e0 ce que la zone d'atterrissage soit souple.<\/strong><\/h3>\n<p>Qu'une balan\u00e7oire \u00e0 corde soit agr\u00e9able ou non, quelqu'un finira par tomber. V\u00e9rifiez que le sol en dessous ne comporte pas de cailloux ou d'autres dangers. Pensez \u00e0 adoucir l'atterrissage avec un bac \u00e0 sable, du paillis ou de l'herbe.<\/p>\n<h3><strong>Test avant utilisation<\/strong><\/h3>\n<p>Testez compl\u00e8tement l'installation avant de laisser quelqu'un se balancer. Commencez par de petits balancements, puis exercez une pression sur la corde, v\u00e9rifiez que les n\u0153uds et les attaches sont bien fix\u00e9s et lancez-vous \u00e0 pleine puissance.<\/p>\n\t<div id=\"gap-1217399247\" class=\"gap-element clearfix\" style=\"display:block; height:auto;\">\n\t\t\n<style>\n#gap-1217399247 {\n  padding-top: 30px;\n}\n<\/style>\n\t<\/div>\n\t\n\n\t<div id=\"text-537415669\" class=\"text\">\n\t\t\n\n<h2 data-start=\"6266\" data-end=\"6318\"><strong data-start=\"6270\" data-end=\"6316\">Transformez votre cabane en centre d'aventure !<\/strong><\/h2>\n\t\t\n<style>\n#text-537415669 {\n  font-size: 1.5rem;\n}\n<\/style>\n\t<\/div>\n\t\n\t<div id=\"text-3555453278\" class=\"text\">\n\t\t\n\n<p>Une balan\u00e7oire \u00e0 corde invite \u00e0 l'exploration plut\u00f4t que de servir uniquement d'outil. Elle transforme votre cabane en la meilleure aire de jeux de votre jardin en y ajoutant du mouvement, des sensations fortes et un sentiment d'ind\u00e9pendance. Chaque balan\u00e7oire que vous choisissez, qu'il s'agisse d'une simple balan\u00e7oire en bois, d'une corde \u00e0 grimper dangereuse ou d'une balan\u00e7oire \u00e0 sensations extra-longue, apporte un nouveau plaisir \u00e0 votre espace ext\u00e9rieur.<\/p>\n<p>Pour que votre cabane soit aussi excitante que s\u00fbre, chez Treelofts nous offrons des conseils professionnels sur la s\u00e9lection et l'organisation de la balan\u00e7oire \u00e0 corde id\u00e9ale. Bien que nous ne puissions pas fournir de services d'installation, nous vous aidons \u00e0 prendre des d\u00e9cisions afin que vous puissiez cr\u00e9er la meilleure exp\u00e9rience au sommet de l'arbre.<\/p>\n<p><strong>Pourquoi alors ? Etudiez d\u00e8s maintenant les choix qui s'offrent \u00e0 vous pour donner \u00e0 votre cabane l'exp\u00e9rience qu'elle m\u00e9rite !<\/strong><\/p>\n\t\t\n<style>\n#text-3555453278 {\n  text-align: left;\n}\n<\/style>\n\t<\/div>\n\t\n<div class=\"row\"  id=\"row-1802998288\">\n\n\n\t<div id=\"col-959153716\" class=\"col small-12 large-12\"  >\n\t\t\t\t<div class=\"col-inner text-center\"  >\n\t\t\t\n\t\t\t\n\n<a href=\"https:\/\/treelofts.com\/fr\/nous-contacter\/\" class=\"button primary\"  >\n\t\t<span>commencez votre voyage dans les arbres d\u00e8s aujourd'hui<\/span>\n\t<\/a>\n\n\n\n\t\t<\/div>\n\t\t\t\t\t<\/div>\n\n\t\n\n<\/div>\n\n\t\t<\/div>\n\t\t\t\t\n<style>\n#col-316039705 > .col-inner {\n  padding: 50px 0px 50px 0px;\n}\n<\/style>\n\t<\/div>\n\n\t\n\n<\/div>\n<div class=\"row\"  id=\"row-1403457259\">\n\n\n\n<\/div>","protected":false},"excerpt":{"rendered":"","protected":false},"author":5,"featured_media":0,"parent":0,"menu_order":0,"comment_status":"closed","ping_status":"closed","template":"","meta":{"footnotes":""},"class_list":["post-1020","page","type-page","status-publish","hentry"],"_links":{"self":[{"href":"https:\/\/treelofts.com\/fr\/wp-json\/wp\/v2\/pages\/1020","targetHints":{"allow":["GET"]}}],"collection":[{"href":"https:\/\/treelofts.com\/fr\/wp-json\/wp\/v2\/pages"}],"about":[{"href":"https:\/\/treelofts.com\/fr\/wp-json\/wp\/v2\/types\/page"}],"author":[{"embeddable":true,"href":"https:\/\/treelofts.com\/fr\/wp-json\/wp\/v2\/users\/5"}],"replies":[{"embeddable":true,"href":"https:\/\/treelofts.com\/fr\/wp-json\/wp\/v2\/comments?post=1020"}],"version-history":[{"count":0,"href":"https:\/\/treelofts.com\/fr\/wp-json\/wp\/v2\/pages\/1020\/revisions"}],"wp:attachment":[{"href":"https:\/\/treelofts.com\/fr\/wp-json\/wp\/v2\/media?parent=1020"}],"curies":[{"name":"wp","href":"https:\/\/api.w.org\/{rel}","templated":true}]}}