{"id":1031,"date":"2025-02-10T23:40:11","date_gmt":"2025-02-11T07:40:11","guid":{"rendered":"https:\/\/azh5n13ivf.onrocket.site\/?page_id=1031"},"modified":"2025-02-13T00:05:43","modified_gmt":"2025-02-13T08:05:43","slug":"nid-de-corbeaux","status":"publish","type":"page","link":"https:\/\/treelofts.com\/fr\/nid-de-corbeaux\/","title":{"rendered":"Nid de pie"},"content":{"rendered":"<div class=\"banner has-hover\" id=\"banner-930282868\">\n          <div class=\"banner-inner fill\">\n        <div class=\"banner-bg fill\" >\n            <img decoding=\"async\" width=\"1020\" height=\"680\" src=\"https:\/\/treelofts.com\/wp-content\/uploads\/2025\/02\/Tree-House-79.jpg\" class=\"bg attachment-large size-large\" alt=\"\" title=\"\">                        <div class=\"overlay\"><\/div>            \n                    <\/div>\n\t\t\n        <div class=\"banner-layers container\">\n            <div class=\"fill banner-link\"><\/div>            \n\n   <div id=\"text-box-904818803\" class=\"text-box banner-layer x50 md-x50 lg-x50 y50 md-y50 lg-y50 res-text\">\n                                <div class=\"text-box-content text dark\">\n              \n              <div class=\"text-inner text-center\">\n                  \n\n<h3>Une exp\u00e9rience in\u00e9dite dans les arbres !<\/h3>\n<h1><strong>Nid de pie<\/strong><\/h1>\n<p>Si vous avez toujours r\u00eav\u00e9 de vous tenir loin au-dessus de la cime des arbres, de contempler la campagne avec une vue ininterrompue sur le monde qui vous entoure, alors il est temps d'ajouter un nid de pie \u00e0 votre maison dans les arbres ! Ce haut perchoir n'est pas seulement un \u00e9l\u00e9ment ajout\u00e9, c'est une exp\u00e9rience. Que vous souhaitiez faire ressortir le pirate qui sommeille en vous, vous sentir comme un explorateur de la for\u00eat ou simplement profiter d'un refuge calme au-dessus des arbres, un nid de pie transforme votre cabane en quelque chose d'absolument remarquable.<\/p>\n\n              <\/div>\n           <\/div>\n                            \n<style>\n#text-box-904818803 {\n  width: 81%;\n}\n#text-box-904818803 .text-box-content {\n  font-size: 100%;\n}\n<\/style>\n    <\/div>\n \n\n        <\/div>\n      <\/div>\n\n            \n<style>\n#banner-930282868 {\n  padding-top: 665px;\n}\n#banner-930282868 .overlay {\n  background-color: rgba(0,0,0,.5);\n}\n#banner-930282868 .banner-bg img {\n  object-position: 25% 48%;\n}\n@media (min-width:550px) {\n  #banner-930282868 {\n    padding-top: 800px;\n  }\n}\n<\/style>\n  <\/div>\n\n\n\n\t<section class=\"section\" id=\"section_1152798719\">\n\t\t<div class=\"section-bg fill\" >\n\t\t\t\t\t\t\t\t\t\n\t\t\t\n\n\t\t<\/div>\n\n\t\t\n\n\t\t<div class=\"section-content relative\">\n\t\t\t\n\n<div class=\"row row-collapse align-middle\" style=\"max-width:1300px\" id=\"row-1080572444\">\n\n\n\t<div id=\"col-677675619\" class=\"col small-12 large-12\"  >\n\t\t\t\t<div class=\"col-inner\" style=\"background-color:rgb(246, 246, 246);\" >\n\t\t\t\n\t\t\t\n\n<div class=\"row row-collapse align-middle\" style=\"max-width:1300px\" id=\"row-1323765847\">\n\n\n\t<div id=\"col-1825284866\" class=\"col medium-12 small-12 large-6\"  >\n\t\t\t\t<div class=\"col-inner\"  >\n\t\t\t\n\t\t\t\n\n\n  <div class=\"banner has-hover\" id=\"banner-808456447\">\n          <div class=\"banner-inner fill\">\n        <div class=\"banner-bg fill\" >\n            <img decoding=\"async\" width=\"768\" height=\"1024\" src=\"https:\/\/treelofts.com\/wp-content\/uploads\/2025\/02\/Tree-House-61.jpg\" class=\"bg attachment-original size-original\" alt=\"\" title=\"\">                                    \n                    <\/div>\n\t\t\n        <div class=\"banner-layers container\">\n            <div class=\"fill banner-link\"><\/div>            \n\n   <div id=\"text-box-1496038876\" class=\"text-box banner-layer x50 md-x50 lg-x50 y50 md-y50 lg-y50 res-text\">\n                                <div class=\"text-box-content text dark\">\n              \n              <div class=\"text-inner text-center\">\n                  \n\n\n              <\/div>\n           <\/div>\n                            \n<style>\n#text-box-1496038876 {\n  width: 60%;\n}\n#text-box-1496038876 .text-box-content {\n  font-size: 100%;\n}\n@media (min-width:550px) {\n  #text-box-1496038876 {\n    width: 60%;\n  }\n}\n<\/style>\n    <\/div>\n \n\n        <\/div>\n      <\/div>\n\n            \n<style>\n#banner-808456447 {\n  padding-top: 300px;\n  background-color: rgb(255,255,255);\n}\n#banner-808456447 .banner-bg img {\n  object-position: 57% 13%;\n}\n@media (min-width:550px) {\n  #banner-808456447 {\n    padding-top: 400px;\n  }\n}\n@media (min-width:850px) {\n  #banner-808456447 {\n    padding-top: 1117px;\n  }\n}\n<\/style>\n  <\/div>\n\n\n\n\t\t<\/div>\n\t\t\t\t\t<\/div>\n\n\t\n\n\t<div id=\"col-1790125826\" class=\"col medium-12 small-12 large-6\"  >\n\t\t\t\t<div class=\"col-inner\" style=\"background-color:rgb(246, 246, 246);\" >\n\t\t\t\n\t\t\t\n\n\t<div id=\"text-2098114342\" class=\"text\">\n\t\t\n\n<h2 data-start=\"895\" data-end=\"945\"><strong data-start=\"899\" data-end=\"943\">Pourquoi ajouter un nid de pie \u00e0 votre cabane ?<\/strong><\/h2>\n\t\t\n<style>\n#text-2098114342 {\n  font-size: 1.5rem;\n}\n<\/style>\n\t<\/div>\n\t\n<p>Un nid de pie ouvre la voie \u00e0 l'aventure, \u00e0 la d\u00e9couverte et \u00e0 la paix plut\u00f4t qu'\u00e0 une simple plate-forme en hauteur. Plus on monte, plus la vue est belle ; l'excitation est plus grande et le sentiment de libert\u00e9 plus fort. Ce qui suit explique pourquoi un nid de pie est la meilleure modification d'une cabane :<\/p>\n<p><strong>1. Le point de vue parfait<\/strong><br \/>Crow's Nest offre une vue in\u00e9gal\u00e9e, que vous cherchiez \u00e0 approcher des bateaux pirates, \u00e0 admirer le coucher du soleil ou simplement \u00e0 appr\u00e9cier la splendeur de la nature. Voyez plus loin, sentez-vous plus libre et voyez le monde sous un autre angle.<\/p>\n<p><strong>2. Deux fois plus d'aventure, deux fois plus de plaisir<\/strong><br \/>Crow's Nest offre \u00e0 votre exp\u00e9rience de la cabane plus qu'une simple plateforme d'observation. Imaginez que vous vous glissiez dans un point de vue secret, que vous montiez sur une \u00e9chelle de corde ou que vous voyiez le monde du haut d'une lorgnette. Pour les adultes comme pour les enfants, c'est une aventure instantan\u00e9ment am\u00e9lior\u00e9e !<\/p>\n<p><strong>3. Votre retraite priv\u00e9e \u00e0 Sky-High<\/strong><br \/>Vous avez parfois simplement besoin d'un endroit paisible, \u00e0 l'\u00e9cart du monde ext\u00e9rieur. C'est l'endroit id\u00e9al pour se d\u00e9tendre, lire un livre ou regarder les nuages flotter pr\u00e8s du Nid de Corbeau. Parfait pour la r\u00eaverie, la m\u00e9ditation ou tout simplement pour faire une pause, c'est votre escapade personnelle dans les bois.<\/p>\n<p><strong>4. Apporte de la hauteur, de l'\u00e9l\u00e9gance et un effet de surprise.<\/strong><br \/>Vous voulez que votre cabane se distingue ? Treelofts am\u00e9liore instantan\u00e9ment (litt\u00e9ralement et m\u00e9taphoriquement) la conception, augmentant ainsi sa puissance dynamique et son pouvoir d'impression. Il cr\u00e9e des couches et de la profondeur, transformant votre cabane d'une construction de base en un chef-d'\u0153uvre \u00e0 plusieurs niveaux.<\/p>\n<a href=\"https:\/\/treelofts.com\/fr\/nous-contacter\/\" class=\"button white is-outline\"  style=\"border-radius:10px;padding:10px 25px 10px 25px;\">\n\t\t<span>commencez votre voyage dans les arbres d\u00e8s aujourd'hui<\/span>\n\t<\/a>\n\n\n\n\t\t<\/div>\n\t\t\t\t\n<style>\n#col-1790125826 > .col-inner {\n  padding: 40px 30px 30px 30px;\n}\n@media (min-width:550px) {\n  #col-1790125826 > .col-inner {\n    padding: 50px 75px 50px 75px;\n  }\n}\n@media (min-width:850px) {\n  #col-1790125826 > .col-inner {\n    padding: 50px 75px 50px 75px;\n  }\n}\n<\/style>\n\t<\/div>\n\n\t\n\n<\/div>\n\n\t\t<\/div>\n\t\t\t\t\t<\/div>\n\n\t\n\n<\/div>\n\n\t\t<\/div>\n\n\t\t\n<style>\n#section_1152798719 {\n  padding-top: 60px;\n  padding-bottom: 60px;\n}\n<\/style>\n\t<\/section>\n\t\n<div class=\"row row-collapse row-full-width\"  id=\"row-1288753183\">\n\n\n\t<div id=\"col-702677924\" class=\"col medium-6 small-12 large-6\"  >\n\t\t\t\t<div class=\"col-inner\"  >\n\t\t\t\n\t\t\t\n\n\n  <div class=\"banner has-hover\" id=\"banner-600529237\">\n          <div class=\"banner-inner fill\">\n        <div class=\"banner-bg fill\" >\n            <img decoding=\"async\" width=\"969\" height=\"800\" src=\"https:\/\/treelofts.com\/wp-content\/uploads\/2025\/02\/Tree-House-63-969x800.jpg\" class=\"bg attachment-large size-large\" alt=\"\" title=\"\">                                    \n                    <\/div>\n\t\t\n        <div class=\"banner-layers container\">\n            <div class=\"fill banner-link\"><\/div>            \n\n   <div id=\"text-box-548768489\" class=\"text-box banner-layer x50 md-x50 lg-x50 y50 md-y50 lg-y50 res-text\">\n                                <div class=\"text-box-content text dark\">\n              \n              <div class=\"text-inner text-center\">\n                  \n\n\n              <\/div>\n           <\/div>\n                            \n<style>\n#text-box-548768489 {\n  width: 60%;\n}\n#text-box-548768489 .text-box-content {\n  font-size: 100%;\n}\n<\/style>\n    <\/div>\n \n\n        <\/div>\n      <\/div>\n\n            \n<style>\n#banner-600529237 {\n  padding-top: 300px;\n  background-color: rgba(255, 255, 255, 0);\n}\n#banner-600529237 .banner-bg img {\n  object-position: 55% 50%;\n}\n@media (min-width:550px) {\n  #banner-600529237 {\n    padding-top: 350px;\n  }\n}\n@media (min-width:850px) {\n  #banner-600529237 {\n    padding-top: 968px;\n  }\n}\n<\/style>\n  <\/div>\n\n\n\n\t\t<\/div>\n\t\t\t\t\t<\/div>\n\n\t\n\n\t<div id=\"col-216797483\" class=\"col medium-6 small-12 large-6\"  >\n\t\t\t\t<div class=\"col-inner\"  >\n\t\t\t\n\t\t\t\n\n\n\t<section class=\"section\" id=\"section_1990146849\">\n\t\t<div class=\"section-bg fill\" >\n\t\t\t\t\t\t\t\t\t\n\t\t\t\n\n\t\t<\/div>\n\n\t\t\n\n\t\t<div class=\"section-content relative\">\n\t\t\t\n\n<div class=\"row align-center\"  id=\"row-1467853823\">\n\n\n\t<div id=\"col-351784916\" class=\"col medium-10 small-12 large-9\"  >\n\t\t\t\t<div class=\"col-inner text-center\"  >\n\t\t\t\n\t\t\t\n\n\t<div id=\"gap-1953934033\" class=\"gap-element clearfix\" style=\"display:block; height:auto;\">\n\t\t\n<style>\n#gap-1953934033 {\n  padding-top: 40px;\n}\n<\/style>\n\t<\/div>\n\t\n\n\t<div id=\"text-3703809424\" class=\"text\">\n\t\t\n\n<h3 style=\"text-align: left;\" data-start=\"2526\" data-end=\"2573\"><strong data-start=\"2530\" data-end=\"2571\">Choisir la bonne conception du nid de pie<\/strong><\/h3>\n\t\t\n<style>\n#text-3703809424 {\n  font-size: 1.5rem;\n}\n<\/style>\n\t<\/div>\n\t\n<p style=\"text-align: left;\">Chaque Nid d'oiseau n'est pas exactement comme les autres ! La conception de votre cabane, l'espace disponible et vos go\u00fbts personnels vous aideront \u00e0 choisir une vue qui correspond \u00e0 votre vision. Voici quelques mod\u00e8les en vogue auxquels vous pouvez r\u00e9fl\u00e9chir :<\/p>\n<p style=\"text-align: left;\"><strong>1. La vigie classique du pirate<\/strong><br \/>Inspir\u00e9 des hauts perchoirs des voiliers, ce nid de pie est une petite plate-forme circulaire dot\u00e9e d'une rambarde protectrice, id\u00e9ale pour d\u00e9tecter les \"navires ennemis\" en approche, ou simplement pour appr\u00e9cier la vue. Pour les jeunes aventuriers qui aiment jouer avec leur imagination, il constitue un endroit s\u00fbr mais fascinant pour surveiller leur empire.<\/p>\n<p style=\"text-align: left;\"><strong>2. Le coin lecture cach\u00e9<\/strong><br \/>Si vous recherchez un havre de paix, pourquoi ne pas cr\u00e9er un espace de lecture confortable loin au-dessus des arbres ? Ce nid de pie offre une assise confortable, de l'ombre et juste assez d'espace pour se blottir contre un livre. Pour ceux qui pr\u00e9f\u00e8rent le concept d'\u00eatre au-dessus du monde et de passer du temps seul, c'est une \u00e9vasion sereine.<\/p>\n<p style=\"text-align: left;\"><strong>3. Le pont a\u00e9rien avec vue d\u00e9gag\u00e9e<\/strong><br \/>Si vous appr\u00e9ciez une vue panoramique et d\u00e9gag\u00e9e, vous devriez envisager une grande plate-forme en plein air. Parfaite pour l'astronomie nocturne ou l'observation du lever du soleil, ce type de plate-forme vous permet d'avoir une vue \u00e0 360 degr\u00e9s sur le terrain environnant. Tout en permettant une sensation d'ouverture et de brise, un solide garde-corps garantit la s\u00e9curit\u00e9.<\/p>\n<p style=\"text-align: left;\"><strong>4. La tour d'acc\u00e8s \u00e0 l'aventure<\/strong><br \/>Vous aimeriez profiter de votre s\u00e9jour pour visiter le nid de pie ? Pensez \u00e0 inclure un filet d'escalade, une \u00e9chelle de corde ou peut-\u00eatre une petite tyrolienne reliant votre haut perchoir ! Ce type de nid de pie transforme l'excursion en un jeu, un d\u00e9fi et une aventure tout compris.<\/p>\n<a href=\"https:\/\/treelofts.com\/fr\/nous-contacter\/\" class=\"button secondary\"  style=\"border-radius:99px;padding:5px 20px 5px 20px;\">\n\t\t<span>Contact US<\/span>\n\t<\/a>\n\n\n\n\t\t<\/div>\n\t\t\t\t\t<\/div>\n\n\t\n\n<\/div>\n\n\t\t<\/div>\n\n\t\t\n<style>\n#section_1990146849 {\n  padding-top: 0px;\n  padding-bottom: 0px;\n  min-height: 300px;\n}\n@media (min-width:550px) {\n  #section_1990146849 {\n    min-height: 350px;\n  }\n}\n@media (min-width:850px) {\n  #section_1990146849 {\n    min-height: 425px;\n  }\n}\n<\/style>\n\t<\/section>\n\t\n\n\t\t<\/div>\n\t\t\t\t\t<\/div>\n\n\t\n\n<\/div>\n<div class=\"row row-collapse row-full-width\"  id=\"row-424766547\">\n\n\n\t<div id=\"col-1588628813\" class=\"col medium-6 small-12 large-6\"  >\n\t\t\t\t<div class=\"col-inner\"  >\n\t\t\t\n\t\t\t\n\n\n\t<section class=\"section\" id=\"section_1433011622\">\n\t\t<div class=\"section-bg fill\" >\n\t\t\t\t\t\t\t\t\t\n\t\t\t\n\n\t\t<\/div>\n\n\t\t\n\n\t\t<div class=\"section-content relative\">\n\t\t\t\n\n<div class=\"row align-center\"  id=\"row-59357598\">\n\n\n\t<div id=\"col-1470916065\" class=\"col medium-11 small-12 large-9\"  >\n\t\t\t\t<div class=\"col-inner text-center\"  >\n\t\t\t\n\t\t\t\n\n\t<div id=\"gap-1101918063\" class=\"gap-element clearfix\" style=\"display:block; height:auto;\">\n\t\t\n<style>\n#gap-1101918063 {\n  padding-top: 40px;\n}\n<\/style>\n\t<\/div>\n\t\n\n\t<div id=\"text-717330927\" class=\"text\">\n\t\t\n\n<h3 data-start=\"4263\" data-end=\"4307\"><strong data-start=\"4267\" data-end=\"4305\">Comment assurer la s\u00e9curit\u00e9 et la stabilit\u00e9<\/strong><\/h3>\n\t\t\n<style>\n#text-717330927 {\n  font-size: 1.5rem;\n  text-align: left;\n}\n<\/style>\n\t<\/div>\n\t\n<p style=\"text-align: left;\">\u00c9tant donn\u00e9 que le nid de pie est l'un des points les plus \u00e9lev\u00e9s de votre cabane, la durabilit\u00e9 et la s\u00e9curit\u00e9 sont primordiales. Un nid de pie bien con\u00e7u offrira une exp\u00e9rience excitante sans compromettre la s\u00e9curit\u00e9. Les points suivants devraient vous aider \u00e0 garder le sens des proportions :<\/p>\n<p style=\"text-align: left;\"><strong>1. Utiliser des mat\u00e9riaux solides<\/strong><br \/>Il est essentiel de choisir des mat\u00e9riaux de qualit\u00e9 sup\u00e9rieure et r\u00e9sistants aux intemp\u00e9ries, car un perchoir \u00e9lev\u00e9 expose davantage au vent, \u00e0 la pluie et aux mouvements. Pour une durabilit\u00e9 \u00e0 long terme, optez pour des renforts m\u00e9talliques ou du bois robuste et trait\u00e9.<\/p>\n<p style=\"text-align: left;\"><strong>2. Fixation solide \u00e0 la cabane<\/strong><br \/>Pour \u00e9viter le vacillement ou l'instabilit\u00e9, le nid de pie doit \u00eatre solidement fix\u00e9 \u00e0 la construction principale de la cabane. Pour renforcer la plate-forme, pensez \u00e0 ajouter une charpente, des entretoises ou des poutres de soutien.<\/p>\n<p style=\"text-align: left;\"><strong>3. Installer un garde-corps de protection<\/strong><br \/>\u00c9tant donn\u00e9 que le Nid-de-Corbeau est sur\u00e9lev\u00e9, il est absolument essentiel de disposer d'une balustrade solide. Elle garantit la s\u00e9curit\u00e9 de tous, qu'il s'agisse d'un combat de pirates intense ou d'une pause pour admirer le paysage.<\/p>\n<p style=\"text-align: left;\"><strong>4. Choisir la bonne m\u00e9thode d'acc\u00e8s<\/strong><br \/>L'approche du Nid-de-Corbeau doit \u00eatre aussi agr\u00e9able que s\u00fbre. Pensez \u00e0 plusieurs choix, comme par exemple<\/p>\n<ul data-start=\"5511\" data-end=\"5836\">\n<li style=\"text-align: left;\" data-start=\"5511\" data-end=\"5586\"><strong data-start=\"5513\" data-end=\"5524\">\u00c9chelles<\/strong> - Simple et classique, l'\u00e9chelle en bois permet une ascension facile.<\/li>\n<li style=\"text-align: left;\" data-start=\"5587\" data-end=\"5668\"><strong data-start=\"5589\" data-end=\"5605\">\u00c9chelles de corde<\/strong> - Ajoute une touche d'aventure tout en restant l\u00e9ger.<\/li>\n<li style=\"text-align: left;\" data-start=\"5669\" data-end=\"5748\"><strong data-start=\"5671\" data-end=\"5688\">Escaliers en colima\u00e7on<\/strong> - Id\u00e9al pour un acc\u00e8s plus facile et plus s\u00fbr, tout en restant amusant.<\/li>\n<li style=\"text-align: left;\" data-start=\"5749\" data-end=\"5836\"><strong data-start=\"5751\" data-end=\"5768\">Filets \u00e0 grimper<\/strong> - Id\u00e9al pour ceux qui veulent se lancer un d\u00e9fi en montant !<\/li>\n<\/ul>\n<a href=\"https:\/\/treelofts.com\/fr\/nous-contacter\/\" class=\"button secondary\"  style=\"border-radius:99px;padding:5px 20px 5px 20px;\">\n\t\t<span>Contact US<\/span>\n\t<\/a>\n\n\n\n\t\t<\/div>\n\t\t\t\t\t<\/div>\n\n\t\n\n<\/div>\n\n\t\t<\/div>\n\n\t\t\n<style>\n#section_1433011622 {\n  padding-top: 0px;\n  padding-bottom: 0px;\n  min-height: 300px;\n}\n@media (min-width:550px) {\n  #section_1433011622 {\n    min-height: 350px;\n  }\n}\n@media (min-width:850px) {\n  #section_1433011622 {\n    min-height: 425px;\n  }\n}\n<\/style>\n\t<\/section>\n\t\n\n\t\t<\/div>\n\t\t\t\t\t<\/div>\n\n\t\n\n\t<div id=\"col-1657263967\" class=\"col medium-6 small-12 large-6 small-col-first\"  >\n\t\t\t\t<div class=\"col-inner\"  >\n\t\t\t\n\t\t\t\n\n\n  <div class=\"banner has-hover\" id=\"banner-318168604\">\n          <div class=\"banner-inner fill\">\n        <div class=\"banner-bg fill\" >\n            <img decoding=\"async\" width=\"1020\" height=\"665\" src=\"https:\/\/treelofts.com\/wp-content\/uploads\/2025\/02\/Tree-House-113.jpg\" class=\"bg attachment-large size-large\" alt=\"\" title=\"\">                                    \n                    <\/div>\n\t\t\n        <div class=\"banner-layers container\">\n            <div class=\"fill banner-link\"><\/div>            \n\n   <div id=\"text-box-69063813\" class=\"text-box banner-layer x50 md-x50 lg-x50 y50 md-y50 lg-y50 res-text\">\n                                <div class=\"text-box-content text dark\">\n              \n              <div class=\"text-inner text-center\">\n                  \n\n\n              <\/div>\n           <\/div>\n                            \n<style>\n#text-box-69063813 {\n  width: 60%;\n}\n#text-box-69063813 .text-box-content {\n  font-size: 100%;\n}\n<\/style>\n    <\/div>\n \n\n        <\/div>\n      <\/div>\n\n            \n<style>\n#banner-318168604 {\n  padding-top: 300px;\n  background-color: rgba(255, 255, 255, 0);\n}\n#banner-318168604 .banner-bg img {\n  object-position: 81% 22%;\n}\n@media (min-width:550px) {\n  #banner-318168604 {\n    padding-top: 350px;\n  }\n}\n@media (min-width:850px) {\n  #banner-318168604 {\n    padding-top: 994px;\n  }\n}\n<\/style>\n  <\/div>\n\n\n\n\t\t<\/div>\n\t\t\t\t\t<\/div>\n\n\t\n\n<\/div>\n<div class=\"row\"  id=\"row-707105443\">\n\n\n\t<div id=\"col-26019987\" class=\"col small-12 large-12\"  >\n\t\t\t\t<div class=\"col-inner\"  >\n\t\t\t\n\t\t\t\n\n\t<div id=\"text-62336075\" class=\"text\">\n\t\t\n\n<h2 data-start=\"5843\" data-end=\"5899\"><strong data-start=\"5847\" data-end=\"5897\">Transformez votre cabane en une aventure dans le ciel !<\/strong><\/h2>\n\t\t\n<style>\n#text-62336075 {\n  font-size: 1.5rem;\n}\n<\/style>\n\t<\/div>\n\t\n<p>Un nid de pie est une exp\u00e9rience plut\u00f4t qu'un simple \u00e9l\u00e9ment d'une cabane. Il donne \u00e0 votre cabane plus de vitalit\u00e9, de plaisir, de perspectives inoubliables, de profondeur et d'aventure. Un nid de pie est la m\u00e9thode id\u00e9ale pour \u00e9lever votre cabane \u00e0 de nouveaux sommets, que votre id\u00e9al soit un havre de paix, une terrasse panoramique passionnante ou un belv\u00e9d\u00e8re plein d'action.<\/p>\n<p>Notre domaine d'expertise chez Treelofts est de vous aider \u00e0 cr\u00e9er la meilleure exp\u00e9rience dans les arbres. Bien que nous ne proposions pas d'installation, nous fournissons des conseils professionnels pour vous aider \u00e0 choisir le style de nid d'oiseau, les mat\u00e9riaux et les mesures de s\u00e9curit\u00e9 appropri\u00e9s.<\/p>\n<p><strong>Pourquoi alors votre cabane devrait-elle rester de plain-pied ? Am\u00e9liorez votre voyage d\u00e8s maintenant et cr\u00e9ez une cabane de r\u00eave tout \u00e0 fait l\u00e9gendaire !<\/strong><\/p>\n\n\t\t<\/div>\n\t\t\t\t\n<style>\n#col-26019987 > .col-inner {\n  padding: 50px 0px 50px 0px;\n}\n<\/style>\n\t<\/div>\n\n\t\n\n<\/div>\n\n  <div class=\"banner has-hover\" id=\"banner-513148998\">\n          <div class=\"banner-inner fill\">\n        <div class=\"banner-bg fill\" >\n            <img decoding=\"async\" width=\"1020\" height=\"765\" src=\"https:\/\/treelofts.com\/wp-content\/uploads\/2025\/02\/Tree-House-59.jpg\" class=\"bg attachment-large size-large\" alt=\"\" title=\"\">                        <div class=\"overlay\"><\/div>            \n                    <\/div>\n\t\t\n        <div class=\"banner-layers container\">\n            <div class=\"fill banner-link\"><\/div>            \n\n   <div id=\"text-box-2009180061\" class=\"text-box banner-layer x50 md-x50 lg-x50 y50 md-y50 lg-y50 res-text\">\n                                <div class=\"text-box-content text dark\">\n              \n              <div class=\"text-inner text-center\">\n                  \n\n<p>Donnons vie \u00e0 votre vision<\/p>\n<h2><strong>Fabriquer des cabanes de r\u00eave depuis 2013<\/strong><\/h2>\n<a href=\"https:\/\/treelofts.com\/fr\/nous-contacter\/\" class=\"button white is-outline\"  >\n\t\t<span>commencez votre voyage dans les arbres d\u00e8s aujourd'hui<\/span>\n\t<\/a>\n\n\n\n              <\/div>\n           <\/div>\n                            \n<style>\n#text-box-2009180061 {\n  width: 60%;\n}\n#text-box-2009180061 .text-box-content {\n  font-size: 100%;\n}\n<\/style>\n    <\/div>\n \n\n        <\/div>\n      <\/div>\n\n            \n<style>\n#banner-513148998 {\n  padding-top: 350px;\n}\n#banner-513148998 .overlay {\n  background-color: rgba(0, 0, 0, 0.17);\n}\n#banner-513148998 .banner-bg img {\n  object-position: 39% 63%;\n}\n<\/style>\n  <\/div>\n\n\n<div class=\"woocommerce columns-4\"><\/div>\n\n<div class=\"row\"  id=\"row-1976451925\">\n\n\n\n<\/div>","protected":false},"excerpt":{"rendered":"","protected":false},"author":5,"featured_media":0,"parent":0,"menu_order":0,"comment_status":"closed","ping_status":"closed","template":"","meta":{"footnotes":""},"class_list":["post-1031","page","type-page","status-publish","hentry"],"_links":{"self":[{"href":"https:\/\/treelofts.com\/fr\/wp-json\/wp\/v2\/pages\/1031","targetHints":{"allow":["GET"]}}],"collection":[{"href":"https:\/\/treelofts.com\/fr\/wp-json\/wp\/v2\/pages"}],"about":[{"href":"https:\/\/treelofts.com\/fr\/wp-json\/wp\/v2\/types\/page"}],"author":[{"embeddable":true,"href":"https:\/\/treelofts.com\/fr\/wp-json\/wp\/v2\/users\/5"}],"replies":[{"embeddable":true,"href":"https:\/\/treelofts.com\/fr\/wp-json\/wp\/v2\/comments?post=1031"}],"version-history":[{"count":0,"href":"https:\/\/treelofts.com\/fr\/wp-json\/wp\/v2\/pages\/1031\/revisions"}],"wp:attachment":[{"href":"https:\/\/treelofts.com\/fr\/wp-json\/wp\/v2\/media?parent=1031"}],"curies":[{"name":"wp","href":"https:\/\/api.w.org\/{rel}","templated":true}]}}