{"id":1046,"date":"2025-02-11T00:24:24","date_gmt":"2025-02-11T08:24:24","guid":{"rendered":"https:\/\/azh5n13ivf.onrocket.site\/?page_id=1046"},"modified":"2025-02-13T17:36:53","modified_gmt":"2025-02-14T01:36:53","slug":"maisons-dans-les-arbres-de-type-yourte","status":"publish","type":"page","link":"https:\/\/treelofts.com\/fr\/maisons-dans-les-arbres-de-type-yourte\/","title":{"rendered":"Maison dans les arbres de type yourte"},"content":{"rendered":"<div class=\"banner has-hover\" id=\"banner-1918888421\">\n          <div class=\"banner-inner fill\">\n        <div class=\"banner-bg fill\" >\n            <img decoding=\"async\" width=\"819\" height=\"1024\" src=\"https:\/\/treelofts.com\/wp-content\/uploads\/2025\/02\/Tree-House-19.jpg\" class=\"bg attachment-original size-original\" alt=\"\" title=\"\">                        <div class=\"overlay\"><\/div>            \n                    <\/div>\n\t\t\n        <div class=\"banner-layers container\">\n            <div class=\"fill banner-link\"><\/div>            \n\n   <div id=\"text-box-948738602\" class=\"text-box banner-layer x50 md-x50 lg-x50 y50 md-y50 lg-y50 res-text\">\n                                <div class=\"text-box-content text dark\">\n              \n              <div class=\"text-inner text-center\">\n                  \n\n<h3>Faites l'exp\u00e9rience d'un luxe douillet, rond et rustique<\/h3>\n<h1><strong>Maison dans les arbres de type yourte<\/strong><\/h1>\n<p>Lorem ipsum dolor sit amet, consectetuer adipiscing elit, sed diam nonummy nibh euismod tincidunt ut laoreet dolore magna aliquam erat volutpat.<\/p>\n\n              <\/div>\n           <\/div>\n                            \n<style>\n#text-box-948738602 {\n  width: 60%;\n}\n#text-box-948738602 .text-box-content {\n  font-size: 100%;\n}\n<\/style>\n    <\/div>\n \n\n        <\/div>\n      <\/div>\n\n            \n<style>\n#banner-1918888421 {\n  padding-top: 698px;\n}\n#banner-1918888421 .overlay {\n  background-color: rgba(0,0,0,.5);\n}\n#banner-1918888421 .banner-bg img {\n  object-position: 56% 37%;\n}\n@media (min-width:550px) {\n  #banner-1918888421 {\n    padding-top: 800px;\n  }\n}\n<\/style>\n  <\/div>\n\n\n\n\t<section class=\"section\" id=\"section_1530837347\">\n\t\t<div class=\"section-bg fill\" >\n\t\t\t\t\t\t\t\t\t\n\t\t\t\n\n\t\t<\/div>\n\n\t\t\n\n\t\t<div class=\"section-content relative\">\n\t\t\t\n\n<div class=\"row row-collapse align-middle\" style=\"max-width:1300px\" id=\"row-1762736014\">\n\n\n\t<div id=\"col-1072787991\" class=\"col small-12 large-12\"  >\n\t\t\t\t<div class=\"col-inner\" style=\"background-color:rgb(246, 246, 246);\" >\n\t\t\t\n\t\t\t\n\n<div class=\"row row-collapse align-middle\" style=\"max-width:1300px\" id=\"row-923809239\">\n\n\n\t<div id=\"col-307136890\" class=\"col medium-12 small-12 large-6\"  >\n\t\t\t\t<div class=\"col-inner\"  >\n\t\t\t\n\t\t\t\n\n\n  <div class=\"banner has-hover\" id=\"banner-1891784865\">\n          <div class=\"banner-inner fill\">\n        <div class=\"banner-bg fill\" >\n            <img decoding=\"async\" width=\"1020\" height=\"680\" src=\"https:\/\/treelofts.com\/wp-content\/uploads\/2025\/02\/How-to-Build-a-Modern-Tree-House-Step-by-Step-Compliance-with-2024-Building-Codes-3.jpg\" class=\"bg attachment-large size-large\" alt=\"\" title=\"\">                                    \n                    <\/div>\n\t\t\n        <div class=\"banner-layers container\">\n            <div class=\"fill banner-link\"><\/div>            \n\n   <div id=\"text-box-1634439371\" class=\"text-box banner-layer x50 md-x50 lg-x50 y50 md-y50 lg-y50 res-text\">\n                                <div class=\"text-box-content text dark\">\n              \n              <div class=\"text-inner text-center\">\n                  \n\n\n              <\/div>\n           <\/div>\n                            \n<style>\n#text-box-1634439371 {\n  width: 60%;\n}\n#text-box-1634439371 .text-box-content {\n  font-size: 100%;\n}\n@media (min-width:550px) {\n  #text-box-1634439371 {\n    width: 60%;\n  }\n}\n<\/style>\n    <\/div>\n \n\n        <\/div>\n      <\/div>\n\n            \n<style>\n#banner-1891784865 {\n  padding-top: 300px;\n  background-color: rgb(255,255,255);\n}\n@media (min-width:550px) {\n  #banner-1891784865 {\n    padding-top: 400px;\n  }\n}\n@media (min-width:850px) {\n  #banner-1891784865 {\n    padding-top: 500px;\n  }\n}\n<\/style>\n  <\/div>\n\n\n\n\t\t<\/div>\n\t\t\t\t\t<\/div>\n\n\t\n\n\t<div id=\"col-942912194\" class=\"col medium-12 small-12 large-6\"  >\n\t\t\t\t<div class=\"col-inner\" style=\"background-color:rgb(246, 246, 246);\" >\n\t\t\t\n\t\t\t\n\n\t<div id=\"text-4100810569\" class=\"text\">\n\t\t\n\n<h2 data-start=\"1162\" data-end=\"1206\"><strong data-start=\"1166\" data-end=\"1204\">Pourquoi choisir une cabane de type yourte ?<\/strong><\/h2>\n\t\t\n<style>\n#text-4100810569 {\n  font-size: 1.5rem;\n}\n<\/style>\n\t<\/div>\n\t\n<p>Les cabanes de style yourte sont tr\u00e8s utiles en plus d'\u00eatre esth\u00e9tiques. Gr\u00e2ce \u00e0 une utilisation intelligente de l'espace, \u00e0 une meilleure ventilation et \u00e0 un lien inhabituel avec la nature - difficilement r\u00e9alisable avec les conceptions rectangulaires conventionnelles -, elles optimisent l'utilisation de l'espace. Voici les raisons pour lesquelles une cabane de style yourte pourrait \u00eatre id\u00e9ale pour vous :<\/p>\n\n\t\t<\/div>\n\t\t\t\t\n<style>\n#col-942912194 > .col-inner {\n  padding: 40px 30px 30px 30px;\n}\n@media (min-width:550px) {\n  #col-942912194 > .col-inner {\n    padding: 50px 75px 50px 75px;\n  }\n}\n@media (min-width:850px) {\n  #col-942912194 > .col-inner {\n    padding: 0px 75px 0px 75px;\n  }\n}\n<\/style>\n\t<\/div>\n\n\t\n\n<\/div>\n\n\t\t<\/div>\n\t\t\t\t\t<\/div>\n\n\t\n\n<\/div>\n\t<div id=\"gap-1848457622\" class=\"gap-element clearfix\" style=\"display:block; height:auto;\">\n\t\t\n<style>\n#gap-1848457622 {\n  padding-top: 60px;\n}\n<\/style>\n\t<\/div>\n\t\n\n<div class=\"row\"  id=\"row-916088200\">\n\n\n\t<div id=\"col-1174861642\" class=\"col small-12 large-12\"  >\n\t\t\t\t<div class=\"col-inner\"  >\n\t\t\t\n\t\t\t\n\n<h3><strong>1. Un design unique et spacieux<\/strong><\/h3>\n<p>Contrairement aux cabanes conventionnelles de m\u00eame superficie, une cabane de style yourte semble plus grande et plus accueillante en raison de sa disposition circulaire, qui favorise l'ouverture et le mouvement. L'espace semble harmonieux, fluide et naturel - parfait pour les loisirs, la cr\u00e9ativit\u00e9 et la connexion avec l'ext\u00e9rieur, sans bords abrupts ni murs de s\u00e9paration.<\/p>\n<h3><strong>2. Un m\u00e9lange parfait de confort et de nature<\/strong><\/h3>\n<p>Les cabanes dans les arbres de style yourte offrent un cadre de vie confortable tout en vous enveloppant dans la nature, contrairement aux cabanes dans les arbres conventionnelles qui peuvent sembler aust\u00e8res ou petites. Les grandes fen\u00eatres, les puits de lumi\u00e8re et les terrasses enveloppantes vous permettent de profiter d'une vue imprenable tout en conservant une temp\u00e9rature int\u00e9rieure agr\u00e9able.<\/p>\n<h3><strong>3. Respectueux de l'environnement et efficace sur le plan \u00e9nerg\u00e9tique<\/strong><\/h3>\n<p>La forme sph\u00e9rique d'une yourte aide naturellement \u00e0 contr\u00f4ler la temp\u00e9rature, r\u00e9duisant ainsi la demande de chauffage ou de climatisation. Une meilleure ventilation favoris\u00e9e par l'architecture permet de garder l'espace plus froid en \u00e9t\u00e9 et plus chaud en hiver. Construites \u00e0 l'aide de mat\u00e9riaux durables tels que le bois recycl\u00e9 et l'\u00e9co-isolation, ces cabanes se transforment en un habitat naturel qui fonctionne avec l'environnement plut\u00f4t que contre lui.<\/p>\n<h3><strong>4. Polyvalent et multifonctionnel<\/strong><\/h3>\n<p>Tout le monde peut concevoir une cabane de style yourte comme il l'entend. Qu'il s'agisse d'une cabane d'invit\u00e9s, d'un studio d'artiste ou m\u00eame d'une location Airbnb de luxe, la conception flexible vous permet de cr\u00e9er une gamme d'am\u00e9nagements uniques. La division de l'espace en plusieurs zones fonctionnelles, telles qu'un salon, une chambre \u00e0 coucher et un espace de travail, le tout au sein d'une construction d\u00e9licieusement unifi\u00e9e, est \u00e9galement facilit\u00e9e par la forme circulaire.<\/p>\n\n\t\t<\/div>\n\t\t\t\t\t<\/div>\n\n\t\n\n<\/div>\n\n\t\t<\/div>\n\n\t\t\n<style>\n#section_1530837347 {\n  padding-top: 60px;\n  padding-bottom: 60px;\n}\n<\/style>\n\t<\/section>\n\t\n<div class=\"row row-collapse row-full-width\"  id=\"row-520724254\">\n\n\n\t<div id=\"col-505787605\" class=\"col medium-6 small-12 large-6\"  >\n\t\t\t\t<div class=\"col-inner\"  >\n\t\t\t\n\t\t\t\n\n\n  <div class=\"banner has-hover\" id=\"banner-1721275757\">\n          <div class=\"banner-inner fill\">\n        <div class=\"banner-bg fill\" >\n            <img decoding=\"async\" width=\"1080\" height=\"1080\" src=\"https:\/\/treelofts.com\/wp-content\/uploads\/2025\/02\/Yurt-Style-Treehouses-2.jpg\" class=\"bg attachment-original size-original\" alt=\"\" title=\"\">                                    \n                    <\/div>\n\t\t\n        <div class=\"banner-layers container\">\n            <div class=\"fill banner-link\"><\/div>            \n\n   <div id=\"text-box-755653371\" class=\"text-box banner-layer x50 md-x50 lg-x50 y50 md-y50 lg-y50 res-text\">\n                                <div class=\"text-box-content text dark\">\n              \n              <div class=\"text-inner text-center\">\n                  \n\n\n              <\/div>\n           <\/div>\n                            \n<style>\n#text-box-755653371 {\n  width: 60%;\n}\n#text-box-755653371 .text-box-content {\n  font-size: 100%;\n}\n<\/style>\n    <\/div>\n \n\n        <\/div>\n      <\/div>\n\n            \n<style>\n#banner-1721275757 {\n  padding-top: 300px;\n  background-color: rgba(255, 255, 255, 0);\n}\n#banner-1721275757 .banner-bg img {\n  object-position: 52% 41%;\n}\n@media (min-width:550px) {\n  #banner-1721275757 {\n    padding-top: 350px;\n  }\n}\n@media (min-width:850px) {\n  #banner-1721275757 {\n    padding-top: 1174px;\n  }\n}\n<\/style>\n  <\/div>\n\n\n\n\t\t<\/div>\n\t\t\t\t\t<\/div>\n\n\t\n\n\t<div id=\"col-743404371\" class=\"col medium-6 small-12 large-6\"  >\n\t\t\t\t<div class=\"col-inner\"  >\n\t\t\t\n\t\t\t\n\n\n\t<section class=\"section\" id=\"section_1004823339\">\n\t\t<div class=\"section-bg fill\" >\n\t\t\t\t\t\t\t\t\t\n\t\t\t\n\n\t\t<\/div>\n\n\t\t\n\n\t\t<div class=\"section-content relative\">\n\t\t\t\n\n<div class=\"row align-center\"  id=\"row-543027563\">\n\n\n\t<div id=\"col-1351666581\" class=\"col medium-10 small-12 large-9\"  >\n\t\t\t\t<div class=\"col-inner text-center\"  >\n\t\t\t\n\t\t\t\n\n\t<div id=\"gap-1713197907\" class=\"gap-element clearfix\" style=\"display:block; height:auto;\">\n\t\t\n<style>\n#gap-1713197907 {\n  padding-top: 40px;\n}\n<\/style>\n\t<\/div>\n\t\n\n\t<div id=\"text-2651007113\" class=\"text\">\n\t\t\n\n<h2 style=\"text-align: left;\" data-start=\"3263\" data-end=\"3314\"><strong data-start=\"3267\" data-end=\"3312\">\u00c9l\u00e9ments de conception d'une cabane de style yourte<\/strong><\/h2>\n\t\t\n<style>\n#text-2651007113 {\n  font-size: 1.5rem;\n}\n<\/style>\n\t<\/div>\n\t\n<p style=\"text-align: left;\">Associant des \u00e9l\u00e9ments modernes \u00e0 la beaut\u00e9 naturelle d'une yourte classique, les cabanes dans les arbres de style yourte allient l'histoire \u00e0 la cr\u00e9ativit\u00e9. Voici quelques aspects importants de la conception \u00e0 prendre en compte :<\/p>\n<p style=\"text-align: left;\"><strong>1. Cadre rond en bois pour la solidit\u00e9 et la beaut\u00e9<\/strong><br \/>Les constructions de style yourte se caract\u00e9risent par leur ossature circulaire en bois, qui offre solidit\u00e9 et flexibilit\u00e9. Tout en conservant une belle apparence, cette forme permet \u00e0 la cabane de r\u00e9sister au vent et \u00e0 la pluie plus efficacement que les constructions carr\u00e9es.<\/p>\n<p style=\"text-align: left;\"><strong>2. Puits de lumi\u00e8re ou d\u00f4me pour la lumi\u00e8re naturelle<\/strong><br \/>La lucarne situ\u00e9e au milieu d'une yourte est l'un des \u00e9l\u00e9ments les plus fascinants de la maison : elle inonde l'int\u00e9rieur d'un \u00e9clairage naturel pendant la journ\u00e9e et offre une vue imprenable sur les \u00e9toiles pendant la nuit. Cette fonction n'augmente pas seulement l'attrait visuel, mais favorise \u00e9galement la ventilation et la circulation de l'air, donnant ainsi \u00e0 l'espace une sensation de l\u00e9g\u00e8ret\u00e9 et d'a\u00e9ration.<\/p>\n<p style=\"text-align: left;\"><strong>3. De grandes fen\u00eatres pour une exp\u00e9rience panoramique<\/strong><br \/>Une yourte bien con\u00e7ue doit vous transporter enti\u00e8rement dans la nature. De grandes fen\u00eatres ou portes vitr\u00e9es enveloppantes donnent l'impression que vous vivez au milieu de la cime des arbres en offrant une vue imprenable sur la for\u00eat environnante.<\/p>\n<p style=\"text-align: left;\"><strong>4. Un int\u00e9rieur ouvert pour une atmosph\u00e8re chaleureuse<\/strong><br \/>L'absence d'angles vifs dans une yourte permet de cr\u00e9er un environnement de vie plus souple et plus accueillant. Un espace ouvert peut comporter une minuscule kitchenette, un coin salon confortable, un coin nuit et m\u00eame une chemin\u00e9e, tous facilement reli\u00e9s entre eux pour accentuer l'immensit\u00e9 de l'espace.<\/p>\n<p style=\"text-align: left;\"><strong>5. Terrasse sur\u00e9lev\u00e9e pour profiter de l'ext\u00e9rieur<\/strong><br \/>Sans une magnifique terrasse entourant la yourte, celle-ci n'est pas compl\u00e8te. Une terrasse sur\u00e9lev\u00e9e prolonge votre espace de vie et constitue un havre de paix id\u00e9al pour savourer le caf\u00e9 du matin, admirer le coucher du soleil ou simplement respirer l'air pur de la for\u00eat.<\/p>\n<a href=\"https:\/\/treelofts.com\/fr\/nous-contacter\/\" class=\"button secondary\"  style=\"border-radius:99px;padding:5px 20px 5px 20px;\">\n\t\t<span>Contact US<\/span>\n\t<\/a>\n\n\n\n\t\t<\/div>\n\t\t\t\t\t<\/div>\n\n\t\n\n<\/div>\n\n\t\t<\/div>\n\n\t\t\n<style>\n#section_1004823339 {\n  padding-top: 0px;\n  padding-bottom: 0px;\n  min-height: 300px;\n}\n@media (min-width:550px) {\n  #section_1004823339 {\n    min-height: 350px;\n  }\n}\n@media (min-width:850px) {\n  #section_1004823339 {\n    min-height: 425px;\n  }\n}\n<\/style>\n\t<\/section>\n\t\n\n\t\t<\/div>\n\t\t\t\t\t<\/div>\n\n\t\n\n<\/div>\n<div class=\"row row-collapse row-full-width\"  id=\"row-1133469803\">\n\n\n\t<div id=\"col-532287718\" class=\"col medium-6 small-12 large-6\"  >\n\t\t\t\t<div class=\"col-inner\"  >\n\t\t\t\n\t\t\t\n\n\n\t<section class=\"section\" id=\"section_1210241178\">\n\t\t<div class=\"section-bg fill\" >\n\t\t\t\t\t\t\t\t\t\n\t\t\t\n\n\t\t<\/div>\n\n\t\t\n\n\t\t<div class=\"section-content relative\">\n\t\t\t\n\n<div class=\"row align-center\"  id=\"row-205065104\">\n\n\n\t<div id=\"col-1737357784\" class=\"col medium-11 small-12 large-9\"  >\n\t\t\t\t<div class=\"col-inner text-center\"  >\n\t\t\t\n\t\t\t\n\n\t<div id=\"gap-1639983218\" class=\"gap-element clearfix\" style=\"display:block; height:auto;\">\n\t\t\n<style>\n#gap-1639983218 {\n  padding-top: 40px;\n}\n<\/style>\n\t<\/div>\n\t\n\n\t<div id=\"text-1920379704\" class=\"text\">\n\t\t\n\n<h2 style=\"text-align: left;\" data-start=\"5283\" data-end=\"5328\"><strong data-start=\"5287\" data-end=\"5326\">Comment construire une cabane de style yourte\uff1f<\/strong><\/h2>\n\t\t\n<style>\n#text-1920379704 {\n  font-size: 1.5rem;\n}\n<\/style>\n\t<\/div>\n\t\n<p style=\"text-align: left;\">Bien qu'une conception et une planification minutieuses soient n\u00e9cessaires pour une cabane de style yourte, le r\u00e9sultat en vaut la peine ! Voici ce \u00e0 quoi vous devriez penser pour r\u00e9aliser votre projet :<\/p>\n<p style=\"text-align: left;\"><strong>1. Choisir les bons arbres pour le soutien<\/strong><br \/>Les cabanes de style yourte d\u00e9pendent d'une base solide, d'o\u00f9 l'importance de choisir les bons arbres pour l'ancrage. Pour soutenir la construction circulaire, vous aurez besoin d'arbres matures, robustes et bien espac\u00e9s.<\/p>\n<p style=\"text-align: left;\"><strong>2. Garantir la r\u00e9sistance aux intemp\u00e9ries<\/strong><br \/>La forme de d\u00f4me caract\u00e9ristique d'une cabane de style yourte rend particuli\u00e8rement importante une bonne protection contre les intemp\u00e9ries. La cabane sera mieux prot\u00e9g\u00e9e de la pluie, du vent et des fluctuations de temp\u00e9rature gr\u00e2ce \u00e0 des mat\u00e9riaux de toiture de qualit\u00e9 sup\u00e9rieure, du bois r\u00e9sistant \u00e0 l'eau et des murs isol\u00e9s.<\/p>\n<p style=\"text-align: left;\"><strong>3. Choisir une entr\u00e9e qui compl\u00e8te l'am\u00e9nagement<\/strong><br \/>Une cabane de style yourte demande une entr\u00e9e plus transparente et plus naturelle que les cabanes conventionnelles avec une marche menant \u00e0 une construction en forme de bo\u00eete. Pour accentuer l'aspect circulaire, pensez \u00e0 inclure un pont de corde suspendu, un escalier incurv\u00e9 ou m\u00eame une \u00e9chelle en spirale.<\/p>\n<p style=\"text-align: left;\"><strong>4. Int\u00e9grer des \u00e9l\u00e9ments respectueux de l'environnement<\/strong><br \/>Utilisez des produits naturels et respectueux de l'environnement chaque fois que vous le pouvez afin d'adh\u00e9rer r\u00e9ellement aux id\u00e9es de la vie durable. Les constructions \u00e0 faible impact et soucieuses de l'environnement peuvent b\u00e9n\u00e9ficier de rev\u00eatements de sol en bambou, de panneaux de bois r\u00e9utilis\u00e9s et d'une isolation \u00e0 haut rendement \u00e9nerg\u00e9tique.<\/p>\n<p style=\"text-align: left;\"><strong>5. Cr\u00e9er un int\u00e9rieur confortable et fonctionnel<\/strong><br \/>R\u00e9fl\u00e9chissez \u00e0 l'usage que vous ferez de l'espace int\u00e9rieur. S'agira-t-il d'une cachette pour la famille, d'un refuge cr\u00e9atif ou d'une escapade romantique ? Un \u00e9clairage chaleureux, des rangements polyvalents et des meubles encastr\u00e9s vous aideront \u00e0 maximiser l'espace tout en pr\u00e9servant un environnement confortable et accueillant.<\/p>\n<a href=\"https:\/\/treelofts.com\/fr\/nous-contacter\/\" class=\"button secondary\"  style=\"border-radius:99px;padding:5px 20px 5px 20px;\">\n\t\t<span>Contact US<\/span>\n\t<\/a>\n\n\n\n\t\t<\/div>\n\t\t\t\t\t<\/div>\n\n\t\n\n<\/div>\n\n\t\t<\/div>\n\n\t\t\n<style>\n#section_1210241178 {\n  padding-top: 0px;\n  padding-bottom: 0px;\n  min-height: 300px;\n}\n@media (min-width:550px) {\n  #section_1210241178 {\n    min-height: 350px;\n  }\n}\n@media (min-width:850px) {\n  #section_1210241178 {\n    min-height: 425px;\n  }\n}\n<\/style>\n\t<\/section>\n\t\n\n\t\t<\/div>\n\t\t\t\t\t<\/div>\n\n\t\n\n\t<div id=\"col-1153275349\" class=\"col medium-6 small-12 large-6 small-col-first\"  >\n\t\t\t\t<div class=\"col-inner\"  >\n\t\t\t\n\t\t\t\n\n\n  <div class=\"banner has-hover\" id=\"banner-1615914084\">\n          <div class=\"banner-inner fill\">\n        <div class=\"banner-bg fill\" >\n            <img decoding=\"async\" width=\"819\" height=\"1024\" src=\"https:\/\/treelofts.com\/wp-content\/uploads\/2025\/02\/Tree-House-19.jpg\" class=\"bg attachment-original size-original\" alt=\"\" title=\"\">                                    \n                    <\/div>\n\t\t\n        <div class=\"banner-layers container\">\n            <div class=\"fill banner-link\"><\/div>            \n\n   <div id=\"text-box-1896935161\" class=\"text-box banner-layer x50 md-x50 lg-x50 y50 md-y50 lg-y50 res-text\">\n                                <div class=\"text-box-content text dark\">\n              \n              <div class=\"text-inner text-center\">\n                  \n\n\n              <\/div>\n           <\/div>\n                            \n<style>\n#text-box-1896935161 {\n  width: 60%;\n}\n#text-box-1896935161 .text-box-content {\n  font-size: 100%;\n}\n<\/style>\n    <\/div>\n \n\n        <\/div>\n      <\/div>\n\n            \n<style>\n#banner-1615914084 {\n  padding-top: 300px;\n  background-color: rgba(255, 255, 255, 0);\n}\n#banner-1615914084 .banner-bg img {\n  object-position: 81% 41%;\n}\n@media (min-width:550px) {\n  #banner-1615914084 {\n    padding-top: 350px;\n  }\n}\n@media (min-width:850px) {\n  #banner-1615914084 {\n    padding-top: 1194px;\n  }\n}\n<\/style>\n  <\/div>\n\n\n\n\t\t<\/div>\n\t\t\t\t\t<\/div>\n\n\t\n\n<\/div>\n<div class=\"row\"  id=\"row-132706245\">\n\n\n\t<div id=\"col-989938556\" class=\"col small-12 large-12\"  >\n\t\t\t\t<div class=\"col-inner\"  >\n\t\t\t\n\t\t\t\n\n\t<div id=\"text-3115409261\" class=\"text\">\n\t\t\n\n<h2><strong data-start=\"7100\" data-end=\"7143\">La cabane de vos r\u00eaves, style yourte, vous attend !<\/strong><\/h2>\n\t\t\n<style>\n#text-3115409261 {\n  font-size: 1.5rem;\n}\n<\/style>\n\t<\/div>\n\t\n<p>Une cabane de style yourte offre une exp\u00e9rience plut\u00f4t qu'un lieu de s\u00e9jour. Il s'agit d'appr\u00e9cier la simplicit\u00e9, de se reconnecter \u00e0 la nature et de ralentir la vie. Cette forme particuli\u00e8re de cabane est le moyen id\u00e9al pour r\u00e9aliser votre r\u00eave d'un refuge rustique au c\u0153ur de la for\u00eat, d'une escapade somptueuse au sommet d'un arbre ou d'une \u00e9vasion cr\u00e9ative au c\u0153ur de l'environnement.<\/p>\n<p>Chez Treelofts, nous offrons des conseils et des id\u00e9es de conception professionnelle pour vous permettre de concevoir et de construire la cabane id\u00e9ale de style yourte. Nous sommes l\u00e0 pour vous aider tout au long du processus et garantir que votre cabane est magnifique, utile et construite pour durer, m\u00eame si nous ne fournissons pas de services d'installation.<\/p>\n<p><strong>Alors pourquoi attendre ? Commencez d\u00e8s maintenant \u00e0 planifier votre cabane fantaisiste de style yourte pour enchanter votre espace ext\u00e9rieur !<\/strong><\/p>\n\n\t\t<\/div>\n\t\t\t\t\n<style>\n#col-989938556 > .col-inner {\n  padding: 50px 0px 50px 0px;\n}\n<\/style>\n\t<\/div>\n\n\t\n\n<\/div>\n\n  <div class=\"banner has-hover\" id=\"banner-1642947644\">\n          <div class=\"banner-inner fill\">\n        <div class=\"banner-bg fill\" >\n            <img decoding=\"async\" width=\"1020\" height=\"680\" src=\"https:\/\/treelofts.com\/wp-content\/uploads\/2025\/02\/How-to-Build-a-Modern-Tree-House-Step-by-Step-Compliance-with-2024-Building-Codes-3.jpg\" class=\"bg attachment-large size-large\" alt=\"\" title=\"\">                        <div class=\"overlay\"><\/div>            \n                    <\/div>\n\t\t\n        <div class=\"banner-layers container\">\n            <div class=\"fill banner-link\"><\/div>            \n\n   <div id=\"text-box-1193773827\" class=\"text-box banner-layer x50 md-x50 lg-x50 y50 md-y50 lg-y50 res-text\">\n                                <div class=\"text-box-content text dark\">\n              \n              <div class=\"text-inner text-center\">\n                  \n\n<p>Donnons vie \u00e0 votre vision<\/p>\n<h2><strong>Fabriquer des cabanes de r\u00eave depuis 2013<\/strong><\/h2>\n<a href=\"https:\/\/treelofts.com\/fr\/nous-contacter\/\" class=\"button white is-outline\"  >\n\t\t<span>commencez votre voyage dans les arbres d\u00e8s aujourd'hui<\/span>\n\t<\/a>\n\n\n\n              <\/div>\n           <\/div>\n                            \n<style>\n#text-box-1193773827 {\n  width: 60%;\n}\n#text-box-1193773827 .text-box-content {\n  font-size: 100%;\n}\n<\/style>\n    <\/div>\n \n\n        <\/div>\n      <\/div>\n\n            \n<style>\n#banner-1642947644 {\n  padding-top: 350px;\n}\n#banner-1642947644 .overlay {\n  background-color: rgba(0, 0, 0, 0.17);\n}\n#banner-1642947644 .banner-bg img {\n  object-position: 52% 70%;\n}\n<\/style>\n  <\/div>\n\n\n<div class=\"woocommerce columns-4\"><\/div>\n\n<div class=\"row\"  id=\"row-782725264\">\n\n\n\n<\/div>","protected":false},"excerpt":{"rendered":"","protected":false},"author":5,"featured_media":0,"parent":0,"menu_order":0,"comment_status":"closed","ping_status":"closed","template":"","meta":{"footnotes":""},"class_list":["post-1046","page","type-page","status-publish","hentry"],"_links":{"self":[{"href":"https:\/\/treelofts.com\/fr\/wp-json\/wp\/v2\/pages\/1046","targetHints":{"allow":["GET"]}}],"collection":[{"href":"https:\/\/treelofts.com\/fr\/wp-json\/wp\/v2\/pages"}],"about":[{"href":"https:\/\/treelofts.com\/fr\/wp-json\/wp\/v2\/types\/page"}],"author":[{"embeddable":true,"href":"https:\/\/treelofts.com\/fr\/wp-json\/wp\/v2\/users\/5"}],"replies":[{"embeddable":true,"href":"https:\/\/treelofts.com\/fr\/wp-json\/wp\/v2\/comments?post=1046"}],"version-history":[{"count":0,"href":"https:\/\/treelofts.com\/fr\/wp-json\/wp\/v2\/pages\/1046\/revisions"}],"wp:attachment":[{"href":"https:\/\/treelofts.com\/fr\/wp-json\/wp\/v2\/media?parent=1046"}],"curies":[{"name":"wp","href":"https:\/\/api.w.org\/{rel}","templated":true}]}}