{"id":1053,"date":"2025-02-11T00:50:16","date_gmt":"2025-02-11T08:50:16","guid":{"rendered":"https:\/\/azh5n13ivf.onrocket.site\/?page_id=1053"},"modified":"2025-02-13T17:56:11","modified_gmt":"2025-02-14T01:56:11","slug":"grimpeur-darbre","status":"publish","type":"page","link":"https:\/\/treelofts.com\/fr\/grimpeur-darbre\/","title":{"rendered":"Grimpeur d'arbre"},"content":{"rendered":"<div class=\"banner has-hover\" id=\"banner-1865501632\">\n          <div class=\"banner-inner fill\">\n        <div class=\"banner-bg fill\" >\n            <img decoding=\"async\" width=\"1080\" height=\"1080\" src=\"https:\/\/treelofts.com\/wp-content\/uploads\/2025\/02\/Tree-Climber-6.jpg\" class=\"bg attachment-original size-original\" alt=\"\" title=\"\">                        <div class=\"overlay\"><\/div>            \n                    <\/div>\n\t\t\n        <div class=\"banner-layers container\">\n            <div class=\"fill banner-link\"><\/div>            \n\n   <div id=\"text-box-985367858\" class=\"text-box banner-layer x50 md-x50 lg-x50 y50 md-y50 lg-y50 res-text\">\n                                <div class=\"text-box-content text dark\">\n              \n              <div class=\"text-inner text-center\">\n                  \n\n<h3>L'aventure de la cabane dans les arbres atteint de nouveaux sommets !<\/h3>\n<h1><strong>Grimpeur d'arbre<\/strong><\/h1>\n<p>Bien qu'une cabane soit \u00e9videmment un endroit id\u00e9al pour jouer, se d\u00e9tendre et laisser libre cours \u00e0 son imagination, que se passerait-il si le fait d'y grimper comptait pour l'aventure ? Imaginez que vous montiez sur une corde \u00e0 grimper, que vous vous faufiliez dans un filet de transport ou que vous surmontiez une paroi rocheuse mont\u00e9e sur un arbre plut\u00f4t qu'une \u00e9chelle ou un escalier conventionnel. Un grimpeur d'arbre donne \u00e0 votre cabane un tout nouveau degr\u00e9 d'aventure, de d\u00e9fi et d'excitation, la transformant en un v\u00e9ritable refuge pour un v\u00e9ritable aventurier.<\/p>\n\n              <\/div>\n           <\/div>\n                            \n<style>\n#text-box-985367858 {\n  width: 84%;\n}\n#text-box-985367858 .text-box-content {\n  font-size: 100%;\n}\n<\/style>\n    <\/div>\n \n\n        <\/div>\n      <\/div>\n\n            \n<style>\n#banner-1865501632 {\n  padding-top: 668px;\n}\n#banner-1865501632 .overlay {\n  background-color: rgba(0,0,0,.5);\n}\n#banner-1865501632 .banner-bg img {\n  object-position: 46% 60%;\n}\n@media (min-width:550px) {\n  #banner-1865501632 {\n    padding-top: 800px;\n  }\n}\n<\/style>\n  <\/div>\n\n\n\n\t<section class=\"section\" id=\"section_600578875\">\n\t\t<div class=\"section-bg fill\" >\n\t\t\t\t\t\t\t\t\t\n\t\t\t\n\n\t\t<\/div>\n\n\t\t\n\n\t\t<div class=\"section-content relative\">\n\t\t\t\n\n<div class=\"row row-collapse align-middle\" style=\"max-width:1300px\" id=\"row-1303278110\">\n\n\n\t<div id=\"col-349252408\" class=\"col small-12 large-12\"  >\n\t\t\t\t<div class=\"col-inner\" style=\"background-color:rgb(246, 246, 246);\" >\n\t\t\t\n\t\t\t\n\n<div class=\"row row-collapse align-middle\" style=\"max-width:1300px\" id=\"row-1796571133\">\n\n\n\t<div id=\"col-312430562\" class=\"col medium-12 small-12 large-6\"  >\n\t\t\t\t<div class=\"col-inner\"  >\n\t\t\t\n\t\t\t\n\n\n  <div class=\"banner has-hover\" id=\"banner-1310787268\">\n          <div class=\"banner-inner fill\">\n        <div class=\"banner-bg fill\" >\n            <img decoding=\"async\" width=\"1080\" height=\"1080\" src=\"https:\/\/treelofts.com\/wp-content\/uploads\/2025\/02\/Tree-Climber-2.jpg\" class=\"bg attachment-original size-original\" alt=\"\" title=\"\">                                    \n                    <\/div>\n\t\t\n        <div class=\"banner-layers container\">\n            <div class=\"fill banner-link\"><\/div>            \n\n   <div id=\"text-box-1539033195\" class=\"text-box banner-layer x50 md-x50 lg-x50 y50 md-y50 lg-y50 res-text\">\n                                <div class=\"text-box-content text dark\">\n              \n              <div class=\"text-inner text-center\">\n                  \n\n\n              <\/div>\n           <\/div>\n                            \n<style>\n#text-box-1539033195 {\n  width: 60%;\n}\n#text-box-1539033195 .text-box-content {\n  font-size: 100%;\n}\n@media (min-width:550px) {\n  #text-box-1539033195 {\n    width: 60%;\n  }\n}\n<\/style>\n    <\/div>\n \n\n        <\/div>\n      <\/div>\n\n            \n<style>\n#banner-1310787268 {\n  padding-top: 300px;\n  background-color: rgb(255,255,255);\n}\n#banner-1310787268 .banner-bg img {\n  object-position: 47% 41%;\n}\n@media (min-width:550px) {\n  #banner-1310787268 {\n    padding-top: 400px;\n  }\n}\n@media (min-width:850px) {\n  #banner-1310787268 {\n    padding-top: 500px;\n  }\n}\n<\/style>\n  <\/div>\n\n\n\n\t\t<\/div>\n\t\t\t\t\t<\/div>\n\n\t\n\n\t<div id=\"col-50056834\" class=\"col medium-12 small-12 large-6\"  >\n\t\t\t\t<div class=\"col-inner\" style=\"background-color:rgb(246, 246, 246);\" >\n\t\t\t\n\t\t\t\n\n\t<div id=\"text-1644844440\" class=\"text\">\n\t\t\n\n<h2 style=\"text-align: left;\" data-start=\"901\" data-end=\"952\"><strong data-start=\"905\" data-end=\"950\">Pourquoi ajouter un grimpeur \u00e0 votre cabane ?<\/strong><\/h2>\n\t\t\n<style>\n#text-1644844440 {\n  font-size: 1.5rem;\n}\n<\/style>\n\t<\/div>\n\t\n<p>Une cabane, c'est le voyage et pas seulement la destination ! Et qu'est-ce qui am\u00e9liorerait l'exp\u00e9rience si l'ascension elle-m\u00eame \u00e9tait un voyage int\u00e9ressant ? Chaque visite \u00e0 votre refuge dans les arbres ressemble \u00e0 une exp\u00e9dition, car un grimpeur transforme une simple corv\u00e9e en un d\u00e9fi int\u00e9ressant.<\/p>\n<a href=\"https:\/\/treelofts.com\/fr\/nous-contacter\/\" class=\"button white is-outline\"  style=\"border-radius:10px;padding:10px 25px 10px 25px;\">\n\t\t<span>commencez votre voyage dans les arbres d\u00e8s aujourd'hui<\/span>\n\t<\/a>\n\n\n\n\t\t<\/div>\n\t\t\t\t\n<style>\n#col-50056834 > .col-inner {\n  padding: 40px 30px 30px 30px;\n}\n@media (min-width:550px) {\n  #col-50056834 > .col-inner {\n    padding: 50px 75px 50px 75px;\n  }\n}\n@media (min-width:850px) {\n  #col-50056834 > .col-inner {\n    padding: 0px 75px 0px 75px;\n  }\n}\n<\/style>\n\t<\/div>\n\n\t\n\n<\/div>\n\n\t\t<\/div>\n\t\t\t\t\t<\/div>\n\n\t\n\n<\/div>\n\t<div id=\"gap-201300025\" class=\"gap-element clearfix\" style=\"display:block; height:auto;\">\n\t\t\n<style>\n#gap-201300025 {\n  padding-top: 60px;\n}\n<\/style>\n\t<\/div>\n\t\n\n<div class=\"row\"  id=\"row-1035785873\">\n\n\n\t<div id=\"col-1306026770\" class=\"col small-12 large-12\"  >\n\t\t\t\t<div class=\"col-inner\"  >\n\t\t\t\n\t\t\t\n\n<h3 style=\"text-align: left;\"><strong>1. Faites entrer l'aventure dans votre jardin<\/strong><\/h3>\n<p style=\"text-align: left;\">Oubliez les vilaines \u00e9chelles ; entrer dans votre cabane doit \u00eatre une aventure. Atteindre le sommet d'un arbre grimpant est tout aussi excitant que de se pr\u00e9lasser dans la cabane elle-m\u00eame. Chaque escalade, qu'il s'agisse d'une difficile ascension sur des piquets de bois, d'une \u00e9chelle de corde oscillante ou d'un mur d'escalade difficile, donne de la force, de l'assurance et de l'exaltation.<\/p>\n<h3 style=\"text-align: left;\"><strong>2. Encourage le jeu actif<\/strong><\/h3>\n<p style=\"text-align: left;\">Dans un monde o\u00f9 les \u00e9crans r\u00e8gnent sur les loisirs, un grimpeur d'arbre motive les enfants (et les adultes !) \u00e0 sortir, \u00e0 courir et \u00e0 s'amuser. L'escalade met \u00e0 l'\u00e9preuve l'\u00e9quilibre, la coordination et la force, transformant ainsi le jeu en plein air en un entra\u00eenement \u00e9nergique et int\u00e9ressant, sans que l'on ait jamais l'impression de faire de l'exercice.<\/p>\n<h3 style=\"text-align: left;\"><strong>3. Ajoute une couche suppl\u00e9mentaire d'amusement et de cr\u00e9ativit\u00e9<\/strong><\/h3>\n<p style=\"text-align: left;\">Une cabane avec une entr\u00e9e pour grimper semble \u00eatre le nid de pie d'un pirate, une cachette secr\u00e8te ou le camp de base d'un explorateur. Que les enfants se voient en train de s'entra\u00eener pour une aventure, d'\u00e9chapper aux monstres de la jungle ou de conqu\u00e9rir une forteresse \u00e0 flanc de falaise, une entr\u00e9e pour grimper dans les arbres stimule l'imagination et donne \u00e0 chaque ascension un sens et un contexte.<\/p>\n<h3 style=\"text-align: left;\"><strong>4. Alternative aux points d'acc\u00e8s traditionnels<\/strong><\/h3>\n<p style=\"text-align: left;\">Tout le monde n'a pas envie d'une simple \u00e9chelle ou d'un escalier en bois pour acc\u00e9der \u00e0 sa cabane. Un grimpeur d'arbre donne l'impression de faire partie int\u00e9grante de l'environnement, car il pr\u00e9sente un substitut distinctif et \u00e0 la mode qui s'int\u00e8gre parfaitement \u00e0 l'environnement naturel.<\/p>\n<h3 style=\"text-align: left;\"><strong>5. Convient \u00e0 tous les niveaux de comp\u00e9tence<\/strong><\/h3>\n<p style=\"text-align: left;\">Les grimpeurs dans les arbres existent sous diff\u00e9rentes formes, ce qui permet \u00e0 chacun de trouver une technique adapt\u00e9e, des jeunes d\u00e9butants aux aventuriers audacieux. Chaque mod\u00e8le de cabane dispose d'un filet d'escalade pour les jeunes enfants ou d'un mur d'escalade plus difficile pour les amateurs de sensations fortes, selon vos pr\u00e9f\u00e9rences.<\/p>\n\n\t\t<\/div>\n\t\t\t\t\t<\/div>\n\n\t\n\n<\/div>\n\n\t\t<\/div>\n\n\t\t\n<style>\n#section_600578875 {\n  padding-top: 60px;\n  padding-bottom: 60px;\n}\n<\/style>\n\t<\/section>\n\t\n<div class=\"row row-collapse row-full-width\"  id=\"row-882560909\">\n\n\n\t<div id=\"col-1726592433\" class=\"col medium-6 small-12 large-6\"  >\n\t\t\t\t<div class=\"col-inner\"  >\n\t\t\t\n\t\t\t\n\n\n  <div class=\"banner has-hover\" id=\"banner-1973876372\">\n          <div class=\"banner-inner fill\">\n        <div class=\"banner-bg fill\" >\n            <img decoding=\"async\" width=\"800\" height=\"800\" src=\"https:\/\/treelofts.com\/wp-content\/uploads\/2025\/02\/Tree-Climber-5-800x800.jpg\" class=\"bg attachment-large size-large\" alt=\"\" title=\"\">                                    \n                    <\/div>\n\t\t\n        <div class=\"banner-layers container\">\n            <div class=\"fill banner-link\"><\/div>            \n\n   <div id=\"text-box-1455791321\" class=\"text-box banner-layer x50 md-x50 lg-x50 y50 md-y50 lg-y50 res-text\">\n                                <div class=\"text-box-content text dark\">\n              \n              <div class=\"text-inner text-center\">\n                  \n\n\n              <\/div>\n           <\/div>\n                            \n<style>\n#text-box-1455791321 {\n  width: 60%;\n}\n#text-box-1455791321 .text-box-content {\n  font-size: 100%;\n}\n<\/style>\n    <\/div>\n \n\n        <\/div>\n      <\/div>\n\n            \n<style>\n#banner-1973876372 {\n  padding-top: 300px;\n  background-color: rgba(255, 255, 255, 0);\n}\n#banner-1973876372 .banner-bg img {\n  object-position: 45% 57%;\n}\n@media (min-width:550px) {\n  #banner-1973876372 {\n    padding-top: 350px;\n  }\n}\n@media (min-width:850px) {\n  #banner-1973876372 {\n    padding-top: 615px;\n  }\n}\n<\/style>\n  <\/div>\n\n\n\n  <div class=\"banner has-hover\" id=\"banner-1078320367\">\n          <div class=\"banner-inner fill\">\n        <div class=\"banner-bg fill\" >\n            <img decoding=\"async\" width=\"800\" height=\"800\" src=\"https:\/\/treelofts.com\/wp-content\/uploads\/2025\/02\/Tree-Climber-3-800x800.jpg\" class=\"bg attachment-large size-large\" alt=\"\" title=\"\">                                    \n                    <\/div>\n\t\t\n        <div class=\"banner-layers container\">\n            <div class=\"fill banner-link\"><\/div>            \n\n   <div id=\"text-box-600099128\" class=\"text-box banner-layer x50 md-x50 lg-x50 y50 md-y50 lg-y50 res-text\">\n                                <div class=\"text-box-content text dark\">\n              \n              <div class=\"text-inner text-center\">\n                  \n\n\n              <\/div>\n           <\/div>\n                            \n<style>\n#text-box-600099128 {\n  width: 60%;\n}\n#text-box-600099128 .text-box-content {\n  font-size: 100%;\n}\n<\/style>\n    <\/div>\n \n\n        <\/div>\n      <\/div>\n\n            \n<style>\n#banner-1078320367 {\n  padding-top: 300px;\n  background-color: rgba(255, 255, 255, 0);\n}\n#banner-1078320367 .banner-bg img {\n  object-position: 49% 72%;\n}\n@media (min-width:550px) {\n  #banner-1078320367 {\n    padding-top: 350px;\n  }\n}\n@media (min-width:850px) {\n  #banner-1078320367 {\n    padding-top: 667px;\n  }\n}\n<\/style>\n  <\/div>\n\n\n\n\t\t<\/div>\n\t\t\t\t\t<\/div>\n\n\t\n\n\t<div id=\"col-128118971\" class=\"col medium-6 small-12 large-6\"  >\n\t\t\t\t<div class=\"col-inner\"  >\n\t\t\t\n\t\t\t\n\n\n\t<section class=\"section\" id=\"section_888947672\">\n\t\t<div class=\"section-bg fill\" >\n\t\t\t\t\t\t\t\t\t\n\t\t\t\n\n\t\t<\/div>\n\n\t\t\n\n\t\t<div class=\"section-content relative\">\n\t\t\t\n\n<div class=\"row align-center\"  id=\"row-2026785506\">\n\n\n\t<div id=\"col-1716377814\" class=\"col medium-10 small-12 large-9\"  >\n\t\t\t\t<div class=\"col-inner text-center\"  >\n\t\t\t\n\t\t\t\n\n\t<div id=\"text-579604399\" class=\"text\">\n\t\t\n\n<h2 style=\"text-align: left;\" data-start=\"3127\" data-end=\"3174\"><strong data-start=\"3131\" data-end=\"3172\">Types de plantes grimpantes \u00e0 choisir<\/strong><\/h2>\n\t\t\n<style>\n#text-579604399 {\n  font-size: 1.5rem;\n}\n<\/style>\n\t<\/div>\n\t\n<p style=\"text-align: left;\">Le choix du bon grimpeur d\u00e9pend de la personne qui l'utilisera, de la hauteur de votre cabane et du degr\u00e9 d'aventure que vous souhaitez y ajouter. Il existe diff\u00e9rentes formes, diff\u00e9rents styles et diff\u00e9rents degr\u00e9s de difficult\u00e9.<\/p>\n<p style=\"text-align: left;\"><strong>1. La corde \u00e0 grimper - Le choix classique<\/strong><br \/>Simple mais utile, une corde \u00e0 grimper donne \u00e0 toute cabane un air d'aventure \u00e0 l'ancienne. Les enfants comme les adultes trouveront que la corde \u00e0 grimper est un formidable d\u00e9fi, car elle est \u00e9paisse et solide et fait appel \u00e0 la force et \u00e0 la coordination du haut du corps. Certains mod\u00e8les sont \u00e9quip\u00e9s de poign\u00e9es ou de cordes \u00e0 n\u0153uds, ce qui simplifie l'apprentissage de l'escalade.<\/p>\n<p style=\"text-align: left;\"><strong>2. Filet \u00e0 cargaison - Le d\u00e9fi ultime de l'explorateur<\/strong><br \/>Votre cabane a l'air d'un gymnase de la jungle gr\u00e2ce \u00e0 un filet d'escalade. Pour les grimpeurs de tous \u00e2ges, un filet de cargaison - fabriqu\u00e9 \u00e0 partir d'une sangle solide ou d'une corde \u00e9paisse - offre un meilleur appui pour les pieds et une prise plus facile qu'une simple corde. Il est adaptable, divertissant et offre l'atmosph\u00e8re excitante d'un parc d'aventure !<\/p>\n<p style=\"text-align: left;\"><strong>3. Mur d'escalade - Transformez votre cabane en mini-salle d'escalade<\/strong><br \/>Un mur d'escalade dans un arbre est id\u00e9al pour les personnes qui recherchent une ascension plus difficile et bas\u00e9e sur les comp\u00e9tences. Les grimpeurs peuvent se frayer un chemin \u00e0 l'aide de poign\u00e9es et de prises de pied, exactement comme dans une v\u00e9ritable salle d'escalade. Des prises plus grandes et plus simples pour les jeunes grimpeurs ou des prises plus petites et plus exigeantes pour les enfants plus \u00e2g\u00e9s et les adultes vous permettront de modifier le d\u00e9fi.<\/p>\n<p style=\"text-align: left;\"><strong>4. \u00c9chelle \u00e0 chevilles en bois - Une touche rustique et naturelle<\/strong><br \/>Ceux qui recherchent un design rustique et naturel peuvent trouver une utilisation id\u00e9ale pour une \u00e9chelle \u00e0 chevilles en bois. Ces \u00e9chelles sont fabriqu\u00e9es \u00e0 partir de chevilles en bois fix\u00e9es directement au tronc de l'arbre, ce qui permet de cr\u00e9er un chemin d'escalade solide et discret qui met en valeur l'environnement naturel de la cabane.<\/p>\n<p style=\"text-align: left;\"><strong>5. Grimpeur combin\u00e9 - Le meilleur des mondes<\/strong><br \/>Je ne sais pas ce qu'il faut faire. Pourquoi ne pas m\u00e9langer les deux ? Certains propri\u00e9taires de cabanes m\u00e9langent plusieurs types d'escalade : un filet de chargement d'un c\u00f4t\u00e9, une corde de l'autre, et un mur de rochers pour la diversit\u00e9. Les grimpeurs peuvent ainsi choisir leur niveau de difficult\u00e9 en fonction de leur humeur et de leur degr\u00e9 d'exp\u00e9rience.<\/p>\n<a href=\"https:\/\/treelofts.com\/fr\/nous-contacter\/\" class=\"button secondary\"  style=\"border-radius:99px;padding:5px 20px 5px 20px;\">\n\t\t<span>Contactez nous<\/span>\n\t<\/a>\n\n\n\n\t\t<\/div>\n\t\t\t\t\t<\/div>\n\n\t\n\n<\/div>\n\n\t\t<\/div>\n\n\t\t\n<style>\n#section_888947672 {\n  padding-top: 0px;\n  padding-bottom: 0px;\n  min-height: 300px;\n}\n@media (min-width:550px) {\n  #section_888947672 {\n    min-height: 350px;\n  }\n}\n@media (min-width:850px) {\n  #section_888947672 {\n    min-height: 425px;\n  }\n}\n<\/style>\n\t<\/section>\n\t\n\n\t\t<\/div>\n\t\t\t\t\t<\/div>\n\n\t\n\n<\/div>\n<div class=\"row row-collapse row-full-width\"  id=\"row-1123850333\">\n\n\n\t<div id=\"col-7628847\" class=\"col medium-6 small-12 large-6\"  >\n\t\t\t\t<div class=\"col-inner\"  >\n\t\t\t\n\t\t\t\n\n\n\t<section class=\"section\" id=\"section_854763529\">\n\t\t<div class=\"section-bg fill\" >\n\t\t\t\t\t\t\t\t\t\n\t\t\t\n\n\t\t<\/div>\n\n\t\t\n\n\t\t<div class=\"section-content relative\">\n\t\t\t\n\n<div class=\"row align-center\"  id=\"row-1333472247\">\n\n\n\t<div id=\"col-988932766\" class=\"col medium-11 small-12 large-9\"  >\n\t\t\t\t<div class=\"col-inner text-center\"  >\n\t\t\t\n\t\t\t\n\n\t<div id=\"gap-1047320927\" class=\"gap-element clearfix\" style=\"display:block; height:auto;\">\n\t\t\n<style>\n#gap-1047320927 {\n  padding-top: 40px;\n}\n<\/style>\n\t<\/div>\n\t\n\n\t<div id=\"text-1353837647\" class=\"text\">\n\t\t\n\n<h2 style=\"text-align: left;\" data-start=\"5303\" data-end=\"5347\"><strong data-start=\"5307\" data-end=\"5345\">Comment assurer la s\u00e9curit\u00e9 et la stabilit\u00e9<\/strong><\/h2>\n\t\t\n<style>\n#text-1353837647 {\n  font-size: 1.5rem;\n}\n<\/style>\n\t<\/div>\n\t\n<p style=\"text-align: left;\">La s\u00e9curit\u00e9 passe toujours avant tout, m\u00eame si l'accrobranche est une activit\u00e9 tr\u00e8s amusante. Pour \u00e9viter les accidents, un grimpeur bien install\u00e9 doit \u00eatre solide, robuste et correctement positionn\u00e9. Voici comment faire en sorte que votre grimpe dans les arbres soit \u00e0 la fois excitante et s\u00fbre :<\/p>\n<p style=\"text-align: left;\"><strong>1. Choisir des mat\u00e9riaux solides et r\u00e9sistants aux intemp\u00e9ries<\/strong><br \/>Votre grimpette sera expos\u00e9e au soleil, au vent et \u00e0 la pluie, c'est pourquoi vous devez utiliser des tissus solides et de qualit\u00e9 sup\u00e9rieure qui ne se d\u00e9coloreront pas avec le temps. La quincaillerie en acier galvanis\u00e9, le bois trait\u00e9 et les cordes en nylon sont d'excellents choix pour la long\u00e9vit\u00e9.<\/p>\n<p style=\"text-align: left;\"><strong>2. Fixer le grimpeur \u00e0 un point d'ancrage solide<\/strong><br \/>La s\u00e9curit\u00e9 d'un point d'ancrage d\u00e9pend de celle d'un grimpeur. Assurez-vous que l'ancrage est suffisamment robuste pour supporter plusieurs grimpeurs sans bouger ou se desserrer, que vous le fixiez \u00e0 la cabane ou directement \u00e0 un arbre robuste.<\/p>\n<p style=\"text-align: left;\"><strong>3. V\u00e9rifier la capacit\u00e9 de charge<\/strong><br \/>Comme les restrictions de poids varient d'un appareil \u00e0 l'autre, veillez \u00e0 en choisir un qui supporte en toute s\u00e9curit\u00e9 tous les utilisateurs possibles. Choisissez un mod\u00e8le \u00e0 haute capacit\u00e9 capable de supporter plus de poids si des enfants et des adultes utilisent le grimpeur.<\/p>\n<p style=\"text-align: left;\"><strong>4. Fournir une zone d'atterrissage en douceur<\/strong><br \/>Les chutes peuvent survenir quel que soit le niveau d'exp\u00e9rience du grimpeur. D\u00e9barrassez le sol sous le grimpeur des rochers, des racines ou des surfaces dures. Pensez ensuite \u00e0 ajouter une couverture souple, comme du paillis, du sable, des tapis en caoutchouc ou de l'herbe, pour amortir les chutes involontaires.<\/p>\n<a href=\"https:\/\/treelofts.com\/fr\/nous-contacter\/\" class=\"button secondary\"  style=\"border-radius:99px;padding:5px 20px 5px 20px;\">\n\t\t<span>Contactez nous<\/span>\n\t<\/a>\n\n\n\n\t\t<\/div>\n\t\t\t\t\t<\/div>\n\n\t\n\n<\/div>\n\n\t\t<\/div>\n\n\t\t\n<style>\n#section_854763529 {\n  padding-top: 0px;\n  padding-bottom: 0px;\n  min-height: 300px;\n}\n@media (min-width:550px) {\n  #section_854763529 {\n    min-height: 350px;\n  }\n}\n@media (min-width:850px) {\n  #section_854763529 {\n    min-height: 425px;\n  }\n}\n<\/style>\n\t<\/section>\n\t\n\n\t\t<\/div>\n\t\t\t\t\t<\/div>\n\n\t\n\n\t<div id=\"col-1311873736\" class=\"col medium-6 small-12 large-6 small-col-first\"  >\n\t\t\t\t<div class=\"col-inner\"  >\n\t\t\t\n\t\t\t\n\n\n  <div class=\"banner has-hover\" id=\"banner-507665153\">\n          <div class=\"banner-inner fill\">\n        <div class=\"banner-bg fill\" >\n            <img decoding=\"async\" width=\"1080\" height=\"1080\" src=\"https:\/\/treelofts.com\/wp-content\/uploads\/2025\/02\/Tree-Climber-7.jpg\" class=\"bg attachment-original size-original\" alt=\"\" title=\"\">                                    \n                    <\/div>\n\t\t\n        <div class=\"banner-layers container\">\n            <div class=\"fill banner-link\"><\/div>            \n\n   <div id=\"text-box-1702390633\" class=\"text-box banner-layer x50 md-x50 lg-x50 y50 md-y50 lg-y50 res-text\">\n                                <div class=\"text-box-content text dark\">\n              \n              <div class=\"text-inner text-center\">\n                  \n\n\n              <\/div>\n           <\/div>\n                            \n<style>\n#text-box-1702390633 {\n  width: 60%;\n}\n#text-box-1702390633 .text-box-content {\n  font-size: 100%;\n}\n<\/style>\n    <\/div>\n \n\n        <\/div>\n      <\/div>\n\n            \n<style>\n#banner-507665153 {\n  padding-top: 300px;\n  background-color: rgba(255, 255, 255, 0);\n}\n@media (min-width:550px) {\n  #banner-507665153 {\n    padding-top: 350px;\n  }\n}\n@media (min-width:850px) {\n  #banner-507665153 {\n    padding-top: 967px;\n  }\n}\n<\/style>\n  <\/div>\n\n\n\n\t\t<\/div>\n\t\t\t\t\t<\/div>\n\n\t\n\n<\/div>\n<div class=\"row\"  id=\"row-1373647771\">\n\n\n\t<div id=\"col-946134967\" class=\"col small-12 large-12\"  >\n\t\t\t\t<div class=\"col-inner\"  >\n\t\t\t\n\t\t\t\n\n<p>Un grimpeur d'arbre est une exp\u00e9rience et pas seulement un point d'acc\u00e8s. Chaque visiteur de la cabane y gagne en aventure, en excitation et en d\u00e9fi, la transformant ainsi d'un lieu de d\u00e9tente en un site d'exploration et d'amusement. L'ajout d'un grimpeur \u00e0 votre cabane am\u00e9liore l'exp\u00e9rience dans son ensemble, que votre corde pr\u00e9f\u00e9r\u00e9e soit une corde solide, une paroi rocheuse audacieuse ou un simple filet de chargement.<\/p>\n<p>Chez Treelofts, vous pouvez b\u00e9n\u00e9ficier de l'aide d'un expert pour choisir l'accrobranche id\u00e9al pour votre installation, ce qui vous garantit qu'il est s\u00fbr, divertissant et durable. Nous sommes l\u00e0 pour vous aider \u00e0 prendre des d\u00e9cisions judicieuses afin que vous puissiez concevoir la meilleure aventure dans les arbres, m\u00eame si nous ne fournissons pas de services d'installation.<\/p>\n<p><strong>Pourquoi donc accepter une \u00e9chelle conventionnelle ? Modernisez votre cabane d\u00e8s maintenant pour faire de chaque ascension un voyage remarquable !<\/strong><\/p>\n\n\t\t<\/div>\n\t\t\t\t\n<style>\n#col-946134967 > .col-inner {\n  padding: 50px 0px 50px 0px;\n}\n<\/style>\n\t<\/div>\n\n\t\n\n<\/div>\n\n  <div class=\"banner has-hover\" id=\"banner-6798518\">\n          <div class=\"banner-inner fill\">\n        <div class=\"banner-bg fill\" >\n            <img decoding=\"async\" width=\"1080\" height=\"1080\" src=\"https:\/\/treelofts.com\/wp-content\/uploads\/2025\/02\/Tree-Climber-1.jpg\" class=\"bg attachment-original size-original\" alt=\"\" title=\"\">                        <div class=\"overlay\"><\/div>            \n                    <\/div>\n\t\t\n        <div class=\"banner-layers container\">\n            <div class=\"fill banner-link\"><\/div>            \n\n   <div id=\"text-box-1696822955\" class=\"text-box banner-layer x50 md-x50 lg-x50 y50 md-y50 lg-y50 res-text\">\n                                <div class=\"text-box-content text dark\">\n              \n              <div class=\"text-inner text-center\">\n                  \n\n<p>Donnons vie \u00e0 votre vision<\/p>\n<h2><strong>Fabriquer des cabanes de r\u00eave depuis 2013<\/strong><\/h2>\n<a href=\"https:\/\/treelofts.com\/fr\/nous-contacter\/\" class=\"button white is-outline\"  >\n\t\t<span>commencez votre voyage dans les arbres d\u00e8s aujourd'hui<\/span>\n\t<\/a>\n\n\n\n              <\/div>\n           <\/div>\n                            \n<style>\n#text-box-1696822955 {\n  width: 60%;\n}\n#text-box-1696822955 .text-box-content {\n  font-size: 100%;\n}\n<\/style>\n    <\/div>\n \n\n        <\/div>\n      <\/div>\n\n            \n<style>\n#banner-6798518 {\n  padding-top: 350px;\n}\n#banner-6798518 .overlay {\n  background-color: rgba(0, 0, 0, 0.17);\n}\n#banner-6798518 .banner-bg img {\n  object-position: 9% 52%;\n}\n<\/style>\n  <\/div>\n\n\n<div class=\"woocommerce columns-4\"><\/div>\n\n<div class=\"row\"  id=\"row-159097956\">\n\n\n\n<\/div>","protected":false},"excerpt":{"rendered":"","protected":false},"author":5,"featured_media":0,"parent":0,"menu_order":0,"comment_status":"closed","ping_status":"closed","template":"","meta":{"footnotes":""},"class_list":["post-1053","page","type-page","status-publish","hentry"],"_links":{"self":[{"href":"https:\/\/treelofts.com\/fr\/wp-json\/wp\/v2\/pages\/1053","targetHints":{"allow":["GET"]}}],"collection":[{"href":"https:\/\/treelofts.com\/fr\/wp-json\/wp\/v2\/pages"}],"about":[{"href":"https:\/\/treelofts.com\/fr\/wp-json\/wp\/v2\/types\/page"}],"author":[{"embeddable":true,"href":"https:\/\/treelofts.com\/fr\/wp-json\/wp\/v2\/users\/5"}],"replies":[{"embeddable":true,"href":"https:\/\/treelofts.com\/fr\/wp-json\/wp\/v2\/comments?post=1053"}],"version-history":[{"count":0,"href":"https:\/\/treelofts.com\/fr\/wp-json\/wp\/v2\/pages\/1053\/revisions"}],"wp:attachment":[{"href":"https:\/\/treelofts.com\/fr\/wp-json\/wp\/v2\/media?parent=1053"}],"curies":[{"name":"wp","href":"https:\/\/api.w.org\/{rel}","templated":true}]}}